{"id":9095,"date":"2019-11-12T19:19:38","date_gmt":"2019-11-12T19:19:38","guid":{"rendered":"https:\/\/internetaddictsanonymous.org\/?page_id=9095"},"modified":"2024-03-02T10:03:10","modified_gmt":"2024-03-02T15:03:10","slug":"uuden-kasvokkain-tapaamisen-aloittaminen","status":"publish","type":"page","link":"https:\/\/internetaddictsanonymous.org\/fi\/starting-a-new-face-to-face-meeting\/","title":{"rendered":"Uuden kokouksen aloittaminen"},"content":{"rendered":"<p>T\u00e4\u00e4lt\u00e4 l\u00f6yd\u00e4t vinkkej\u00e4 uuden tapaamisen aloittamiseen, olipa kyseess\u00e4 sitten verkossa tai kasvotusten tapaaminen alueellasi. Uuden tapaamisen aloittaminen on uskomaton palvelus, joka voi auttaa paitsi sinua, my\u00f6s muita alueellasi asuvia riippuvuuksista k\u00e4rsivi\u00e4.<\/p>\n\n\n\n<p>\u2022 Hyv\u00e4 uutinen on, ett\u00e4 uuden kokouksen aloittaminen on hyvin yksinkertaista! Kuka tahansa, miss\u00e4 tahansa, voi aloittaa ITAA-kokouksen \u2013 ei tarvitse pyyt\u00e4\u00e4 lupaa kenelt\u00e4k\u00e4\u00e4n. <\/p>\n\n\n\n<p>\u2022 Suosittelemme lukemaan \u201c<a href=\"https:\/\/www.aa.org\/assets\/en_US\/en_bigbook_chapt11.pdf\">Visio sinulle<\/a>\u201dAA:n isossa kirjassa\u201d. Luku on uskomattoman inspiroiva ja sis\u00e4lt\u00e4\u00e4 k\u00e4yt\u00e4nn\u00f6n neuvoja ja ohjeita niille, jotka haluavat aloittaa uusia kokouksia.<\/p>\n\n\n\n<p>\u2022 <a href=\"https:\/\/internetaddictsanonymous.org\/fi\/12-askelta-itaata\/\">ITAA:n kaksitoista perinnett\u00e4<\/a> ovat hy\u00f6dyllisi\u00e4 oppaita uuden kokouksen j\u00e4rjest\u00e4misess\u00e4.<\/p>\n\n\n\n<p>\u2022 Tarvitset vain kaksi internet- ja teknologiariippuvuudesta toipuvaa henkil\u00f6\u00e4 aloittaaksesi kokouksen.<\/p>\n\n\n\n<p>\u2022 Jos aloitat kasvokkain pidett\u00e4v\u00e4n tapaamisen, voi olla hyv\u00e4 idea katsoa paikkoja, joissa j\u00e4rjestet\u00e4\u00e4n muita 12-askeleen tapaamisia, ja kysy\u00e4, onko heill\u00e4 tilaa uuden ITAA-kokouksen aloittamiseen. Kun olet p\u00e4\u00e4tt\u00e4nyt paikan, voit kertoa meille tapaamispaikan, -ajan ja yhteystiedot, niin voimme listata ne kasvokkain pidett\u00e4v\u00e4t tapaamiset -sivulla. Voit my\u00f6s pyyt\u00e4\u00e4, ett\u00e4 ilmoitus lis\u00e4t\u00e4\u00e4n ilmoitustaululle.<\/p>\n\n\n\n<p>\u2022 Jos aloitat verkkokokouksen, l\u00e4het\u00e4 meille viesti verkkosivuston yhteydenottolomakkeen kautta, niin voimme lis\u00e4t\u00e4 sen kalenteriin ja halutessasi my\u00f6s ilmoitustaululle. Kirjoita viestiisi kokousp\u00e4iv\u00e4 ja -kellonaika, kokouksen nimi ja lyhyt kuvaus tapahtumasta. Ilmoita viestiss\u00e4si my\u00f6s, haluatko k\u00e4ytt\u00e4\u00e4 jompaakumpaa n\u00e4ist\u00e4 kahdesta vaihtoehdosta&nbsp;<a href=\"https:\/\/internetaddictsanonymous.org\/fi\/itaa-zoom-huoneet\/\">ITAA Zoom -linkit<\/a>&nbsp;(jota kuka tahansa ITAA:n j\u00e4sen voi k\u00e4ytt\u00e4\u00e4) tai vaihtoehtoisen kokouslinkin. Sinua kannustetaan my\u00f6s lukemaan <a href=\"https:\/\/internetaddictsanonymous.org\/fi\/itaa-kokousten-isantien-turvallisuusohjeet\/\">ITAA:n ehdotukset kokousturvallisuudesta<\/a>.<\/p>\n\n\n\n<p>\u2022 Pieniss\u00e4, muutaman hengen kokouksissa hy\u00f6dyllinen formaatti on lukea 12-askeleen kirjallisuutta. Voitte vuorotella lukemalla katkelmia ja jakamalla pohdintoja. Voitte my\u00f6s k\u00e4ytt\u00e4\u00e4 tai soveltaa <a href=\"https:\/\/internetaddictsanonymous.org\/fi\/verkkokokousaikataulu\/kokouskasikirjoitus\/\">muoto<\/a> k\u00e4yt\u00e4mme perinteisesti puhelinkokouksissa.<\/p>\n\n\n\n<p>\u2022 Kasvokkain tapahtuvia tapaamisia varten voit laittaa esille <a href=\"https:\/\/www.canva.com\/design\/DADrBuzE8Jo\/vhANeFLQMqW3fv3_ndWp0w\/edit?utm_content=DADrBuzE8Jo&amp;utm_campaign=designshare&amp;utm_medium=link2&amp;utm_source=sharebutton\" target=\"_blank\" rel=\"noreferrer noopener\">lentolehtisi\u00e4<\/a>; useimmissa 12-askeleen kerhotaloissa on paikka, johon voit j\u00e4tt\u00e4\u00e4 esitteen tai listata kokouksesi tiedot.\u00a0<\/p>\n\n\n\n<p>\u2022 Jos aloitat kasvokkain pidett\u00e4v\u00e4n tapaamisen, voit mietti\u00e4, miten voit varmistaa kaikkien kokoukseen osallistujien terveyden ja turvallisuuden. Sinua kannustetaan noudattamaan paikallisia lakeja, m\u00e4\u00e4r\u00e4yksi\u00e4 ja terveysk\u00e4yt\u00e4nt\u00f6j\u00e4. Voit my\u00f6s harkita tapaamista ulkotilassa.<\/p>\n\n\n\n<p>\u2022 Ole sinnik\u00e4s, k\u00e4rsiv\u00e4llinen ja luota korkeampaan voimaan.<\/p>\n\n\n\n<p><\/p>\n<!-- PMB print buttons is only displayed on a single post\/page URLs-->","protected":false},"excerpt":{"rendered":"<p>Here you can find some suggestions for how to start a new meeting, whether online or a face-to-face meeting in your area. Starting a new meeting is an incredible act of service which can help not only you, but also other struggling addicts in your area. \u2022 The good news is that starting a new &hellip; <a href=\"https:\/\/internetaddictsanonymous.org\/fi\/starting-a-new-face-to-face-meeting\/\" class=\"more-link\">Jatka lukemista <span class=\"screen-reader-text\">Uuden kokouksen aloittaminen<\/span><\/a><\/p>","protected":false},"author":35194237,"featured_media":0,"parent":0,"menu_order":0,"comment_status":"closed","ping_status":"closed","template":"full-width-page.php","meta":{"inline_featured_image":false,"_lmt_disableupdate":"no","_lmt_disable":"","footnotes":""},"tags":[],"class_list":["post-9095","page","type-page","status-publish","hentry"],"yoast_head":"<!-- This site is optimized with the Yoast SEO plugin v27.5 - https:\/\/yoast.com\/product\/yoast-seo-wordpress\/ -->\n<title>Starting a new meeting &#8211; Internet and Technology Addicts Anonymous<\/title>\n<meta name=\"robots\" content=\"index, follow, max-snippet:-1, max-image-preview:large, max-video-preview:-1\" \/>\n<link rel=\"canonical\" href=\"https:\/\/internetaddictsanonymous.org\/fi\/uuden-kasvokkain-tapaamisen-aloittaminen\/\" \/>\n<meta property=\"og:locale\" content=\"fi_FI\" \/>\n<meta property=\"og:type\" content=\"article\" \/>\n<meta property=\"og:title\" content=\"Starting a new meeting &#8211; Internet and Technology Addicts Anonymous\" \/>\n<meta property=\"og:description\" content=\"Here you can find some suggestions for how to start a new meeting, whether online or a face-to-face meeting in your area. Starting a new meeting is an incredible act of service which can help not only you, but also other struggling addicts in your area. \u2022 The good news is that starting a new &hellip; Continue reading Starting a new meeting\" \/>\n<meta property=\"og:url\" content=\"https:\/\/internetaddictsanonymous.org\/fi\/uuden-kasvokkain-tapaamisen-aloittaminen\/\" \/>\n<meta property=\"og:site_name\" content=\"Internet and Technology Addicts Anonymous\" \/>\n<meta property=\"article:modified_time\" content=\"2024-03-02T15:03:10+00:00\" \/>\n<meta name=\"twitter:card\" content=\"summary_large_image\" \/>\n<meta name=\"twitter:label1\" content=\"Arvioitu lukuaika\" \/>\n\t<meta name=\"twitter:data1\" content=\"2 minuuttia\" \/>\n<script type=\"application\/ld+json\" class=\"yoast-schema-graph\">{\"@context\":\"https:\\\/\\\/schema.org\",\"@graph\":[{\"@type\":\"WebPage\",\"@id\":\"https:\\\/\\\/internetaddictsanonymous.org\\\/starting-a-new-face-to-face-meeting\\\/\",\"url\":\"https:\\\/\\\/internetaddictsanonymous.org\\\/starting-a-new-face-to-face-meeting\\\/\",\"name\":\"Starting a new meeting &#8211; Internet and Technology Addicts Anonymous\",\"isPartOf\":{\"@id\":\"https:\\\/\\\/internetaddictsanonymous.org\\\/#website\"},\"datePublished\":\"2019-11-12T19:19:38+00:00\",\"dateModified\":\"2024-03-02T15:03:10+00:00\",\"breadcrumb\":{\"@id\":\"https:\\\/\\\/internetaddictsanonymous.org\\\/starting-a-new-face-to-face-meeting\\\/#breadcrumb\"},\"inLanguage\":\"fi\",\"potentialAction\":[{\"@type\":\"ReadAction\",\"target\":[\"https:\\\/\\\/internetaddictsanonymous.org\\\/starting-a-new-face-to-face-meeting\\\/\"]}]},{\"@type\":\"BreadcrumbList\",\"@id\":\"https:\\\/\\\/internetaddictsanonymous.org\\\/starting-a-new-face-to-face-meeting\\\/#breadcrumb\",\"itemListElement\":[{\"@type\":\"ListItem\",\"position\":1,\"name\":\"Home\",\"item\":\"https:\\\/\\\/internetaddictsanonymous.org\\\/\"},{\"@type\":\"ListItem\",\"position\":2,\"name\":\"Starting a new meeting\"}]},{\"@type\":\"WebSite\",\"@id\":\"https:\\\/\\\/internetaddictsanonymous.org\\\/#website\",\"url\":\"https:\\\/\\\/internetaddictsanonymous.org\\\/\",\"name\":\"Internet and Technology Addicts Anonymous\",\"description\":\"Worldwide 12-step Fellowship for Internet and Technology Addiction\",\"publisher\":{\"@id\":\"https:\\\/\\\/internetaddictsanonymous.org\\\/#organization\"},\"potentialAction\":[{\"@type\":\"SearchAction\",\"target\":{\"@type\":\"EntryPoint\",\"urlTemplate\":\"https:\\\/\\\/internetaddictsanonymous.org\\\/?s={search_term_string}\"},\"query-input\":{\"@type\":\"PropertyValueSpecification\",\"valueRequired\":true,\"valueName\":\"search_term_string\"}}],\"inLanguage\":\"fi\"},{\"@type\":\"Organization\",\"@id\":\"https:\\\/\\\/internetaddictsanonymous.org\\\/#organization\",\"name\":\"Internet and Technology Addicts Anonymous\",\"url\":\"https:\\\/\\\/internetaddictsanonymous.org\\\/\",\"logo\":{\"@type\":\"ImageObject\",\"inLanguage\":\"fi\",\"@id\":\"https:\\\/\\\/internetaddictsanonymous.org\\\/#\\\/schema\\\/logo\\\/image\\\/\",\"url\":\"https:\\\/\\\/internetaddictsanonymous.org\\\/wp-content\\\/uploads\\\/2023\\\/01\\\/cropped-ITAA-logo-480px.png\",\"contentUrl\":\"https:\\\/\\\/internetaddictsanonymous.org\\\/wp-content\\\/uploads\\\/2023\\\/01\\\/cropped-ITAA-logo-480px.png\",\"width\":480,\"height\":480,\"caption\":\"Internet and Technology Addicts Anonymous\"},\"image\":{\"@id\":\"https:\\\/\\\/internetaddictsanonymous.org\\\/#\\\/schema\\\/logo\\\/image\\\/\"}}]}<\/script>\n<!-- \/ Yoast SEO plugin. -->","yoast_head_json":{"title":"Uuden kokouksen aloittaminen \u2013 Internet- ja teknologiariippuvaiset Anonyymit","robots":{"index":"index","follow":"follow","max-snippet":"max-snippet:-1","max-image-preview":"max-image-preview:large","max-video-preview":"max-video-preview:-1"},"canonical":"https:\/\/internetaddictsanonymous.org\/fi\/uuden-kasvokkain-tapaamisen-aloittaminen\/","og_locale":"fi_FI","og_type":"article","og_title":"Starting a new meeting &#8211; Internet and Technology Addicts Anonymous","og_description":"Here you can find some suggestions for how to start a new meeting, whether online or a face-to-face meeting in your area. Starting a new meeting is an incredible act of service which can help not only you, but also other struggling addicts in your area. \u2022 The good news is that starting a new &hellip; Continue reading Starting a new meeting","og_url":"https:\/\/internetaddictsanonymous.org\/fi\/uuden-kasvokkain-tapaamisen-aloittaminen\/","og_site_name":"Internet and Technology Addicts Anonymous","article_modified_time":"2024-03-02T15:03:10+00:00","twitter_card":"summary_large_image","twitter_misc":{"Arvioitu lukuaika":"2 minuuttia"},"schema":{"@context":"https:\/\/schema.org","@graph":[{"@type":"WebPage","@id":"https:\/\/internetaddictsanonymous.org\/starting-a-new-face-to-face-meeting\/","url":"https:\/\/internetaddictsanonymous.org\/starting-a-new-face-to-face-meeting\/","name":"Uuden kokouksen aloittaminen \u2013 Internet- ja teknologiariippuvaiset Anonyymit","isPartOf":{"@id":"https:\/\/internetaddictsanonymous.org\/#website"},"datePublished":"2019-11-12T19:19:38+00:00","dateModified":"2024-03-02T15:03:10+00:00","breadcrumb":{"@id":"https:\/\/internetaddictsanonymous.org\/starting-a-new-face-to-face-meeting\/#breadcrumb"},"inLanguage":"fi","potentialAction":[{"@type":"ReadAction","target":["https:\/\/internetaddictsanonymous.org\/starting-a-new-face-to-face-meeting\/"]}]},{"@type":"BreadcrumbList","@id":"https:\/\/internetaddictsanonymous.org\/starting-a-new-face-to-face-meeting\/#breadcrumb","itemListElement":[{"@type":"ListItem","position":1,"name":"Home","item":"https:\/\/internetaddictsanonymous.org\/"},{"@type":"ListItem","position":2,"name":"Starting a new meeting"}]},{"@type":"WebSite","@id":"https:\/\/internetaddictsanonymous.org\/#website","url":"https:\/\/internetaddictsanonymous.org\/","name":"Nimett\u00f6m\u00e4t internetin ja teknologian ongelmak\u00e4ytt\u00e4j\u00e4t","description":"Maailmanlaajuinen 12 askeleen yhteis\u00f6 Internet- ja teknologiariippuvuutta varten","publisher":{"@id":"https:\/\/internetaddictsanonymous.org\/#organization"},"potentialAction":[{"@type":"SearchAction","target":{"@type":"EntryPoint","urlTemplate":"https:\/\/internetaddictsanonymous.org\/?s={search_term_string}"},"query-input":{"@type":"PropertyValueSpecification","valueRequired":true,"valueName":"search_term_string"}}],"inLanguage":"fi"},{"@type":"Organization","@id":"https:\/\/internetaddictsanonymous.org\/#organization","name":"Nimett\u00f6m\u00e4t internetin ja teknologian ongelmak\u00e4ytt\u00e4j\u00e4t","url":"https:\/\/internetaddictsanonymous.org\/","logo":{"@type":"ImageObject","inLanguage":"fi","@id":"https:\/\/internetaddictsanonymous.org\/#\/schema\/logo\/image\/","url":"https:\/\/internetaddictsanonymous.org\/wp-content\/uploads\/2023\/01\/cropped-ITAA-logo-480px.png","contentUrl":"https:\/\/internetaddictsanonymous.org\/wp-content\/uploads\/2023\/01\/cropped-ITAA-logo-480px.png","width":480,"height":480,"caption":"Internet and Technology Addicts Anonymous"},"image":{"@id":"https:\/\/internetaddictsanonymous.org\/#\/schema\/logo\/image\/"}}]}},"jetpack_sharing_enabled":true,"jetpack_shortlink":"https:\/\/wp.me\/P9Fwob-2mH","_links":{"self":[{"href":"https:\/\/internetaddictsanonymous.org\/fi\/wp-json\/wp\/v2\/pages\/9095","targetHints":{"allow":["GET"]}}],"collection":[{"href":"https:\/\/internetaddictsanonymous.org\/fi\/wp-json\/wp\/v2\/pages"}],"about":[{"href":"https:\/\/internetaddictsanonymous.org\/fi\/wp-json\/wp\/v2\/types\/page"}],"author":[{"embeddable":true,"href":"https:\/\/internetaddictsanonymous.org\/fi\/wp-json\/wp\/v2\/users\/35194237"}],"replies":[{"embeddable":true,"href":"https:\/\/internetaddictsanonymous.org\/fi\/wp-json\/wp\/v2\/comments?post=9095"}],"version-history":[{"count":18,"href":"https:\/\/internetaddictsanonymous.org\/fi\/wp-json\/wp\/v2\/pages\/9095\/revisions"}],"predecessor-version":[{"id":17641,"href":"https:\/\/internetaddictsanonymous.org\/fi\/wp-json\/wp\/v2\/pages\/9095\/revisions\/17641"}],"wp:attachment":[{"href":"https:\/\/internetaddictsanonymous.org\/fi\/wp-json\/wp\/v2\/media?parent=9095"}],"wp:term":[{"taxonomy":"post_tag","embeddable":true,"href":"https:\/\/internetaddictsanonymous.org\/fi\/wp-json\/wp\/v2\/tags?post=9095"}],"curies":[{"name":"wp","href":"https:\/\/api.w.org\/{rel}","templated":true}]}}