{"id":9457,"date":"2020-01-05T20:45:38","date_gmt":"2020-01-05T20:45:38","guid":{"rendered":"https:\/\/internetaddictsanonymous.org\/?page_id=9457"},"modified":"2026-01-18T11:11:47","modified_gmt":"2026-01-18T19:11:47","slug":"sponsorointi","status":"publish","type":"page","link":"https:\/\/internetaddictsanonymous.org\/fi\/sponsorship\/","title":{"rendered":"Sponsoroinnin merkitys"},"content":{"rendered":"<h4 class=\"wp-block-heading\"><strong>Mit\u00e4 on sponsorointi?<\/strong><\/h4>\n\n\n\n<p>Sponsoroinnilla on pitk\u00e4aikainen perinne 12 askeleen yhteis\u00f6iss\u00e4. Sponsori on kokeneempi j\u00e4sen, joka voi auttaa uudempaa j\u00e4sent\u00e4 12 askeleen l\u00e4pi ja kohti toipumista. Sponsori voi my\u00f6s auttaa m\u00e4\u00e4rittelem\u00e4\u00e4n huippu-, keski- ja pohjalukemat tai antaa ehdotuksia siit\u00e4, miten raittius saavutetaan tai palautetaan retkahduksen j\u00e4lkeen. T\u00e4ss\u00e4 ep\u00e4virallisessa ja vapaaehtoisessa suhteessa sponsori jakaa kokemuksiaan, voimaansa ja toivoaan. Sponsorin olemassaolo antaa sponsorille mahdollisuuden esitt\u00e4\u00e4 kysymyksi\u00e4 ja saada tukea ja vastuuta. Monet meist\u00e4 ovat huomanneet, ett\u00e4 toipumisemme vakiintui vasta sen j\u00e4lkeen, kun l\u00f6ysimme sponsorin ja ty\u00f6skentelimme h\u00e4nen kanssaan kahdentoista askeleen l\u00e4pi.<br><br> <\/p>\n\n\n\n<h4 class=\"wp-block-heading\"><strong>Miten l\u00f6yd\u00e4n sponsorin?<\/strong><\/h4>\n\n\n\n<p>Yksi parhaista tavoista olla yhteydess\u00e4 kummiin on k\u00e4yd\u00e4 l\u00e4pi evankeliumipuheluita muiden j\u00e4senten kanssa. Kokouksiin osallistuessamme kuuntelemme yksil\u00f6it\u00e4, joilla &quot;on se, mit\u00e4 haluamme&quot;, ja otamme heihin yhteytt\u00e4. Kysymme heilt\u00e4, kuinka kauan he ovat olleet yhteis\u00f6ss\u00e4, onko heill\u00e4 itsell\u00e4\u00e4n kummi ja ovatko he k\u00e4yneet l\u00e4pi vaiheet tai k\u00e4yv\u00e4tk\u00f6 he niit\u00e4 aktiivisesti l\u00e4pi. Tutustuttuamme heihin hieman evankeliumipuheluiden kautta saatamme p\u00e4\u00e4tt\u00e4\u00e4 kysy\u00e4 heilt\u00e4, ovatko he k\u00e4ytett\u00e4viss\u00e4 tukemaan meit\u00e4. Ohjelmassamme keskitymme edistymiseen, emme t\u00e4ydellisyyteen, emmek\u00e4 todenn\u00e4k\u00f6isesti koskaan l\u00f6yd\u00e4 &quot;t\u00e4ydellist\u00e4&quot; kummia. T\u00e4rke\u00e4\u00e4 on, ett\u00e4 potentiaalinen kummi on rehellinen omasta toipumisestaan ja on saavuttanut vakaan raittiuden.<\/p>\n\n\n\n<p>On t\u00e4rke\u00e4\u00e4, ett\u00e4 meill\u00e4 on hyv\u00e4t v\u00e4lit sponsoriimme, jotta avoimia ja rehellisi\u00e4 keskusteluja voi k\u00e4yd\u00e4. Eri ihmiset tarvitsevat sponsorisuhteelta erilaisia asioita \u2013 jotkut tarvitsevat lempe\u00e4mp\u00e4\u00e4 l\u00e4hestymistapaa, kun taas toiset tarvitsevat jonkun, joka voi kannustaa heit\u00e4. Jotkut yksil\u00f6t pit\u00e4v\u00e4t t\u00e4rke\u00e4n\u00e4, ett\u00e4 heid\u00e4n sponsorinsa k\u00e4ytt\u00e4\u00e4 IT-osaamistaan samalla tavalla. N\u00e4m\u00e4 tarpeet voivat muuttua ajan my\u00f6t\u00e4 ohjelman kasvaessa. Sek\u00e4 sponsorin ett\u00e4 sponsoroitavan odotusten tutkiminen on elint\u00e4rke\u00e4\u00e4 terveen suhteen kannalta. T\u00e4m\u00e4 on luottamuksellinen suhde, joka vaatii my\u00f6s vahvat rajat. On hyv\u00e4 tiet\u00e4\u00e4, ett\u00e4 muutaman tapaamisen j\u00e4lkeen, jos suhde ei tunnu sopivalta, molemmat voivat vapaasti sanoa siit\u00e4 ja erota sopuisasti.<\/p>\n\n\n\n<p>Koska ITAA:ssa ei viel\u00e4 ole paljon kummien, jotkut j\u00e4senet ovat l\u00f6yt\u00e4neet kummin muista 12-askeleen ohjelmista. N\u00e4iss\u00e4 tapauksissa on t\u00e4rke\u00e4\u00e4, ett\u00e4 kummi on avoin ajatukselle internet- ja teknologiariippuvuudesta. Monille meist\u00e4 ei ole usein mahdollista navigoida el\u00e4m\u00e4ss\u00e4 ilman jonkinlaista teknologian k\u00e4ytt\u00f6\u00e4, joten raittius ITAA:ssa ei yleens\u00e4 ole yht\u00e4 ehdotonta kuin alkoholin tai p\u00e4ihteiden kanssa. T\u00e4st\u00e4 syyst\u00e4 voi olla hy\u00f6dyllist\u00e4 etsi\u00e4 kummi, jolla on kokemusta toipumisesta riippuvuudesta, kuten ruoka-, seksi- tai rakkausriippuvuudesta. Monet ITAA:ssa k\u00e4ytt\u00e4m\u00e4mme ty\u00f6kalut ovat samanlaisia kuin n\u00e4iden ohjelmien ty\u00f6kalut.&nbsp;<\/p>\n\n\n\n<p>Historiallisesti 12-askeleen yhteis\u00f6iss\u00e4 on ehdotettu, ett\u00e4 j\u00e4senet kiinnitt\u00e4v\u00e4t huomiota sukupuoleen, seksuaaliseen suuntautumiseen ja mahdollisiin romanttisiin vetovoiman tunteisiin valitessaan sponsoria\/sponsoria. Esimerkiksi heteronainen saattaa v\u00e4ltt\u00e4\u00e4 heteromiehen sponsoroimista. Jos on pienikin mahdollisuus, ett\u00e4 meill\u00e4 saattaa kehitty\u00e4 tunteita toista osapuolta kohtaan, se on syy vakavasti harkita, kannattaako jatkaa.&nbsp;<br><br> <\/p>\n\n\n\n<h4 class=\"wp-block-heading\"><strong>Mit\u00e4 on yhteissponsorointi? Miten se toimii?<\/strong><\/h4>\n\n\n\n<p>Yhteiskummituksessa kaksi henkil\u00f6\u00e4 sponsoroi toisiaan vaiheiden ty\u00f6skentelyss\u00e4. Yleens\u00e4 on hy\u00f6dyllist\u00e4, jos toisella tai molemmilla on kokemusta kahdentoista vaiheen ty\u00f6skentelyst\u00e4 toisessa ohjelmassa. J\u00e4sen voi olla uusi ITAA:ssa, mutta h\u00e4nell\u00e4 voi olla vuosien raittius muissa kahdentoista vaiheen yhteis\u00f6iss\u00e4. N\u00e4ill\u00e4 j\u00e4senill\u00e4 on arvokasta kokemusta, voimaa ja toivoa jaettavaksi muiden kanssa ja tuotavaksi omaan ITAA-toipumiseensa.<br><br> <\/p>\n\n\n\n<h4 class=\"wp-block-heading\"><strong>Milloin olen valmis tukemaan jotakuta toista?<\/strong><\/h4>\n\n\n\n<p>On ihan ok aloittaa kummina toimiminen ennen kuin tunnemme olomme t\u00e4ysin valmiiksi. Se voi tuntua pelottavalta, ja joskus saatamme tuntea, ettemme tied\u00e4 tarpeeksi tai ett\u00e4 meill\u00e4 on edelleen vaikeuksia. Asiasta keskusteleminen kummin kanssa ennen muiden kummina toimimisen aloittamista voi auttaa selkeytt\u00e4m\u00e4\u00e4n asioita. Yleens\u00e4 annamme muiden kysy\u00e4 meilt\u00e4, olemmeko k\u00e4ytett\u00e4viss\u00e4 kummina toimimiseen, sen sijaan, ett\u00e4 ottaisimme yhteytt\u00e4 yksitt\u00e4isiin ihmisiin ja tarjoutuisimme itse vapaaehtoisiksi.&nbsp;<\/p>\n\n\n\n<p>Voimme yritt\u00e4\u00e4 toimia v\u00e4liaikaisena kummina jollekulle 1\u20133 kuukauden ajan n\u00e4hd\u00e4ksemme, milt\u00e4 se tuntuu. Kun aloitamme kummina toimimisen, avoin ja rehellinen keskustelu toipumisemme etenemisest\u00e4 ja kokemuksen puutteesta voi auttaa v\u00e4hent\u00e4m\u00e4\u00e4n painetta, jota saatamme kokea. Kummeina emme ole t\u00e4ydellisi\u00e4, ja on ihan ok, jos emme tied\u00e4 kaikkia vastauksia. Voimme aina k\u00e4\u00e4nty\u00e4 muiden j\u00e4senten puoleen, joilla on kokemusta kummina toimimisesta t\u00e4ss\u00e4 tai toisessa yhteis\u00f6ss\u00e4, ja pyyt\u00e4\u00e4 apua tai esitt\u00e4\u00e4 kysymyksi\u00e4. On t\u00e4rke\u00e4\u00e4, ett\u00e4 meill\u00e4 on vahva suhde kummin tai yhteiskummin kanssa ennen kuin aloitamme kummina toimimisen. Meid\u00e4n tulisi my\u00f6s olla riitt\u00e4v\u00e4n pitk\u00e4ll\u00e4 omassa askelty\u00f6ss\u00e4mme, jotta voimme auttaa ohjaamaan kummiamme askeleiden l\u00e4pi.<\/p>\n\n\n\n<p>Kun saamme enemm\u00e4n kokemusta muiden sponsoroinnista, tulemme itsevarmemmiksi ja herkemmiksi sille, mitk\u00e4 sponsorointitavat ovat meille luonnollisimpia. Ulkoistuspuheluihin vastaaminen, erityisesti uusien tulokkaiden kanssa, voi olla tapa alkaa oppia palvelemaan empaattisen kuuntelemisen ja omien kokemustemme jakamisen kautta.<br><br> <\/p>\n\n\n\n<h4 class=\"wp-block-heading\"><strong>Miksi sponsoroida?<\/strong><\/h4>\n\n\n\n<p>ITAA:n 12. askeleella pyrimme &quot;viem\u00e4\u00e4n t\u00e4m\u00e4n viestin internet- ja teknologiariippuvaisille&quot;. Sponsorointi vahvistaa omaa toipumistamme. T\u00e4m\u00e4 on todistettu kaikkien 12-askeleen ohjelmien sek\u00e4 ITAA:n historiassa. Toisten sponsoroinnissa tarkastelemme omaa ohjelmaamme, ja t\u00e4m\u00e4 pit\u00e4\u00e4 meid\u00e4t ty\u00f6skentelem\u00e4ss\u00e4 ja menem\u00e4ss\u00e4 eteenp\u00e4in. Vaikka se on sitoumus, kokemuksen palkinto on sen arvoinen!<br><br> <\/p>\n\n\n\n<h4 class=\"wp-block-heading\"><strong>Mit\u00e4 jos kummilapseni sairastuu uudelleen?<\/strong><\/h4>\n\n\n\n<p>On t\u00e4rke\u00e4\u00e4 muistaa, ettemme ole vastuussa kummimme henkil\u00f6n toipumisesta. Ainoa vastuumme kummina on tarjota ITAA-ohjelmaa sellaisena kuin me sen ymm\u00e4rr\u00e4mme ja jakaa omat kokemuksemme. On t\u00e4rke\u00e4\u00e4 p\u00e4\u00e4st\u00e4\u00e4 irti odotuksista ja olla valppaana riippuvuuden tai toisen ihmisen &quot;korjaamisen&quot; suhteen. Meid\u00e4n teht\u00e4v\u00e4mme ei ole kantaa kummiamme tai olla h\u00e4nen Korkeampi Voimansa. Heid\u00e4n toipumiskokemuksensa on heid\u00e4n omansa; voimme todistaa ja tukea heit\u00e4, mutta emme voi toipua heid\u00e4n puolestaan.<br><br> <\/p>\n\n\n\n<h4 class=\"wp-block-heading\"><strong>Mit\u00e4 jos alan kehitt\u00e4\u00e4 tunteita sponsoriani\/sponsorini kohdellen?&nbsp;<\/strong><\/h4>\n\n\n\n<p>Romanttinen vetovoima tai suhde kummin ja kummitettavan v\u00e4lill\u00e4 voi olla h\u00e4iritsev\u00e4\u00e4, h\u00e4mment\u00e4v\u00e4\u00e4, tuskallista ja jopa vahingollista. On t\u00e4rke\u00e4\u00e4 luoda ja yll\u00e4pit\u00e4\u00e4 vahvoja rajoja suhteessa vahingon tekemisen riskin minimoimiseksi. Jos joko kummi tai kummitettava huomaa romanttisen vetovoiman kehittyv\u00e4n, on suositeltavaa, ett\u00e4 he keskustelevat t\u00e4st\u00e4 luotettavan henkil\u00f6n kanssa. Usein t\u00e4llaisissa tapauksissa voi olla j\u00e4rkevint\u00e4 lopettaa kummisuhde sopuisasti ja tukevalla tavalla. Rehellinen keskustelu on t\u00e4rke\u00e4\u00e4, jotta n\u00e4hd\u00e4\u00e4n, miten t\u00e4m\u00e4 voidaan hoitaa h\u00e4iritsem\u00e4tt\u00e4 kummankaan osapuolen toipumista.<br><br> <\/p>\n\n\n\n<h4 class=\"wp-block-heading\"><strong>Mik\u00e4 on kolmastoista askel?\u00a0<\/strong><\/h4>\n\n\n\n<p id=\"block-f4cc2ef5-469a-47b7-9d20-bcd09a8478d0\">Kahdentoista askeleen ohjelmissa &quot;kolmastoista askel&quot; tarkoittaa toipuvan henkil\u00f6n, erityisesti tulokkaan tai kummitettavan, manipulointia seksuaaliseen tai romanttiseen suhteeseen. T\u00e4llainen k\u00e4yt\u00f6s on sopimatonta ja sit\u00e4 ei suositella t\u00e4ysin ITAA:ssa. Kannustamme tulokkaita v\u00e4ltt\u00e4m\u00e4\u00e4n ty\u00f6skentely\u00e4 kummien kanssa tai etsiv\u00e4\u00e4 yhteydenpitoa j\u00e4senten kanssa, joihin saatamme kehitt\u00e4\u00e4 seksuaalista tai romanttista vetovoimaa. Jos koet olevasi sopimattoman tai ei-toivotun seksuaalisen tai romanttisen huomion kohteena, keskustele siit\u00e4 luotettavan j\u00e4senen kanssa \u2013 anonymiteetti ja luottamuksellisuus eiv\u00e4t ole verukkeita sopimattomalle k\u00e4yt\u00f6kselle.<\/p>\n\n\n\n<p id=\"block-f4cc2ef5-469a-47b7-9d20-bcd09a8478d0\">Lis\u00e4tietoja sopimattomaan k\u00e4yt\u00f6kseen reagoimisesta saat tutustumalla <a href=\"https:\/\/internetaddictsanonymous.org\/fi\/turvallisuus-itaaassa\/\">ITAA:n turvallisuusopas<\/a>.<br><br><br><\/p>\n\n\n\n<h4 class=\"wp-block-heading\"><strong>Mill\u00e4 tavoin voin auttaa uusia tulokkaita, jos en tunne olevani viel\u00e4 valmis kummiksi?&nbsp;<\/strong><\/h4>\n\n\n\n<p>Palvelun tekeminen on 12-askeleen yhteis\u00f6jen keskeinen periaate. Halukkuus keskustella uusien tulokkaiden kanssa j\u00e4\u00e4m\u00e4ll\u00e4 kokouksen j\u00e4lkeen tai antamalla heille puhelinnumeromme lis\u00e4kysymyksi\u00e4 varten on loistava tapa palvella. Kuunteleminen, omien kokemusten jakaminen ja ehdotusten antaminen sen perusteella, mik\u00e4 on auttanut meit\u00e4, ovat kaikki eritt\u00e4in t\u00e4rkeit\u00e4 ITAA:n uudelle tulokkaalle. Se antaa my\u00f6s omalle ohjelmallemme ja toipumisvoimaa ja pit\u00e4\u00e4 sen tuoreena. ITAA:n verkkosivuilla on my\u00f6s luettelo avoimista palvelupaikoista. 12-askeleen huoneissa kuullaan usein: &quot;Pid\u00e4mme sen, mit\u00e4 meill\u00e4 on, vain antamalla sen pois!&quot;\u201c&nbsp;<\/p>\n\n\n\n<hr class=\"wp-block-separator has-alpha-channel-opacity\"\/>\n\n\n\n<p><em>T\u00e4m\u00e4n sivun on kirjoittanut ITAA:n verkkosis\u00e4lt\u00f6komitea. Jos haluat antaa palautetta tai osallistua ty\u00f6h\u00f6mme, kuulemme mielell\u00e4mme sinusta tai kutsumme sinut johonkin kokouksiimme. Lis\u00e4tietoja l\u00f6ytyy osoitteesta&nbsp;<a href=\"https:\/\/internetaddictsanonymous.org\/fi\/avoimet-palveluspaikat\/\">Palvelukomiteat<\/a>&nbsp;sivu.<\/em><\/p>\n<!-- PMB print buttons is only displayed on a single post\/page URLs-->","protected":false},"excerpt":{"rendered":"<p>What is sponsorship? Sponsorship has a long-standing tradition in 12-step fellowships. A sponsor is a more experienced member who can help guide a newer member through the 12 steps and towards recovery. A sponsor may also help define top, middle, and bottom lines or make suggestions about how to establish sobriety or reestablish it after &hellip; <a href=\"https:\/\/internetaddictsanonymous.org\/fi\/sponsorship\/\" class=\"more-link\">Jatka lukemista <span class=\"screen-reader-text\">Sponsoroinnin merkitys<\/span><\/a><\/p>","protected":false},"author":35194237,"featured_media":0,"parent":0,"menu_order":0,"comment_status":"closed","ping_status":"closed","template":"full-width-page.php","meta":{"inline_featured_image":false,"_lmt_disableupdate":"no","_lmt_disable":"","jetpack_post_was_ever_published":false,"footnotes":""},"tags":[],"class_list":["post-9457","page","type-page","status-publish","hentry"],"yoast_head":"<!-- This site is optimized with the Yoast SEO plugin v27.3 - https:\/\/yoast.com\/product\/yoast-seo-wordpress\/ -->\n<title>The Importance of Sponsorship &#8211; Internet and Technology Addicts Anonymous<\/title>\n<meta name=\"robots\" content=\"index, follow, max-snippet:-1, max-image-preview:large, max-video-preview:-1\" \/>\n<link rel=\"canonical\" href=\"https:\/\/internetaddictsanonymous.org\/fi\/sponsorointi\/\" \/>\n<meta property=\"og:locale\" content=\"fi_FI\" \/>\n<meta property=\"og:type\" content=\"article\" \/>\n<meta property=\"og:title\" content=\"The Importance of Sponsorship &#8211; Internet and Technology Addicts Anonymous\" \/>\n<meta property=\"og:description\" content=\"What is sponsorship? Sponsorship has a long-standing tradition in 12-step fellowships. A sponsor is a more experienced member who can help guide a newer member through the 12 steps and towards recovery. A sponsor may also help define top, middle, and bottom lines or make suggestions about how to establish sobriety or reestablish it after &hellip; Continue reading The Importance of Sponsorship\" \/>\n<meta property=\"og:url\" content=\"https:\/\/internetaddictsanonymous.org\/fi\/sponsorointi\/\" \/>\n<meta property=\"og:site_name\" content=\"Internet and Technology Addicts Anonymous\" \/>\n<meta property=\"article:modified_time\" content=\"2026-01-18T19:11:47+00:00\" \/>\n<meta name=\"twitter:card\" content=\"summary_large_image\" \/>\n<meta name=\"twitter:label1\" content=\"Arvioitu lukuaika\" \/>\n\t<meta name=\"twitter:data1\" content=\"7 minuuttia\" \/>\n<script type=\"application\/ld+json\" class=\"yoast-schema-graph\">{\"@context\":\"https:\\\/\\\/schema.org\",\"@graph\":[{\"@type\":\"WebPage\",\"@id\":\"https:\\\/\\\/internetaddictsanonymous.org\\\/sponsorship\\\/\",\"url\":\"https:\\\/\\\/internetaddictsanonymous.org\\\/sponsorship\\\/\",\"name\":\"The Importance of Sponsorship &#8211; Internet and Technology Addicts Anonymous\",\"isPartOf\":{\"@id\":\"https:\\\/\\\/internetaddictsanonymous.org\\\/#website\"},\"datePublished\":\"2020-01-05T20:45:38+00:00\",\"dateModified\":\"2026-01-18T19:11:47+00:00\",\"breadcrumb\":{\"@id\":\"https:\\\/\\\/internetaddictsanonymous.org\\\/sponsorship\\\/#breadcrumb\"},\"inLanguage\":\"fi\",\"potentialAction\":[{\"@type\":\"ReadAction\",\"target\":[\"https:\\\/\\\/internetaddictsanonymous.org\\\/sponsorship\\\/\"]}]},{\"@type\":\"BreadcrumbList\",\"@id\":\"https:\\\/\\\/internetaddictsanonymous.org\\\/sponsorship\\\/#breadcrumb\",\"itemListElement\":[{\"@type\":\"ListItem\",\"position\":1,\"name\":\"Home\",\"item\":\"https:\\\/\\\/internetaddictsanonymous.org\\\/\"},{\"@type\":\"ListItem\",\"position\":2,\"name\":\"The Importance of Sponsorship\"}]},{\"@type\":\"WebSite\",\"@id\":\"https:\\\/\\\/internetaddictsanonymous.org\\\/#website\",\"url\":\"https:\\\/\\\/internetaddictsanonymous.org\\\/\",\"name\":\"Internet and Technology Addicts Anonymous\",\"description\":\"Worldwide 12-step Fellowship for Internet and Technology Addiction\",\"publisher\":{\"@id\":\"https:\\\/\\\/internetaddictsanonymous.org\\\/#organization\"},\"potentialAction\":[{\"@type\":\"SearchAction\",\"target\":{\"@type\":\"EntryPoint\",\"urlTemplate\":\"https:\\\/\\\/internetaddictsanonymous.org\\\/?s={search_term_string}\"},\"query-input\":{\"@type\":\"PropertyValueSpecification\",\"valueRequired\":true,\"valueName\":\"search_term_string\"}}],\"inLanguage\":\"fi\"},{\"@type\":\"Organization\",\"@id\":\"https:\\\/\\\/internetaddictsanonymous.org\\\/#organization\",\"name\":\"Internet and Technology Addicts Anonymous\",\"url\":\"https:\\\/\\\/internetaddictsanonymous.org\\\/\",\"logo\":{\"@type\":\"ImageObject\",\"inLanguage\":\"fi\",\"@id\":\"https:\\\/\\\/internetaddictsanonymous.org\\\/#\\\/schema\\\/logo\\\/image\\\/\",\"url\":\"https:\\\/\\\/internetaddictsanonymous.org\\\/wp-content\\\/uploads\\\/2023\\\/01\\\/cropped-ITAA-logo-480px.png\",\"contentUrl\":\"https:\\\/\\\/internetaddictsanonymous.org\\\/wp-content\\\/uploads\\\/2023\\\/01\\\/cropped-ITAA-logo-480px.png\",\"width\":480,\"height\":480,\"caption\":\"Internet and Technology Addicts Anonymous\"},\"image\":{\"@id\":\"https:\\\/\\\/internetaddictsanonymous.org\\\/#\\\/schema\\\/logo\\\/image\\\/\"}}]}<\/script>\n<!-- \/ Yoast SEO plugin. -->","yoast_head_json":{"title":"Sponsoroinnin t\u00e4rkeys \u2013 Internet- ja teknologiariippuvaiset Anonyymit","robots":{"index":"index","follow":"follow","max-snippet":"max-snippet:-1","max-image-preview":"max-image-preview:large","max-video-preview":"max-video-preview:-1"},"canonical":"https:\/\/internetaddictsanonymous.org\/fi\/sponsorointi\/","og_locale":"fi_FI","og_type":"article","og_title":"The Importance of Sponsorship &#8211; Internet and Technology Addicts Anonymous","og_description":"What is sponsorship? Sponsorship has a long-standing tradition in 12-step fellowships. A sponsor is a more experienced member who can help guide a newer member through the 12 steps and towards recovery. A sponsor may also help define top, middle, and bottom lines or make suggestions about how to establish sobriety or reestablish it after &hellip; Continue reading The Importance of Sponsorship","og_url":"https:\/\/internetaddictsanonymous.org\/fi\/sponsorointi\/","og_site_name":"Internet and Technology Addicts Anonymous","article_modified_time":"2026-01-18T19:11:47+00:00","twitter_card":"summary_large_image","twitter_misc":{"Arvioitu lukuaika":"7 minuuttia"},"schema":{"@context":"https:\/\/schema.org","@graph":[{"@type":"WebPage","@id":"https:\/\/internetaddictsanonymous.org\/sponsorship\/","url":"https:\/\/internetaddictsanonymous.org\/sponsorship\/","name":"Sponsoroinnin t\u00e4rkeys \u2013 Internet- ja teknologiariippuvaiset Anonyymit","isPartOf":{"@id":"https:\/\/internetaddictsanonymous.org\/#website"},"datePublished":"2020-01-05T20:45:38+00:00","dateModified":"2026-01-18T19:11:47+00:00","breadcrumb":{"@id":"https:\/\/internetaddictsanonymous.org\/sponsorship\/#breadcrumb"},"inLanguage":"fi","potentialAction":[{"@type":"ReadAction","target":["https:\/\/internetaddictsanonymous.org\/sponsorship\/"]}]},{"@type":"BreadcrumbList","@id":"https:\/\/internetaddictsanonymous.org\/sponsorship\/#breadcrumb","itemListElement":[{"@type":"ListItem","position":1,"name":"Home","item":"https:\/\/internetaddictsanonymous.org\/"},{"@type":"ListItem","position":2,"name":"The Importance of Sponsorship"}]},{"@type":"WebSite","@id":"https:\/\/internetaddictsanonymous.org\/#website","url":"https:\/\/internetaddictsanonymous.org\/","name":"Nimett\u00f6m\u00e4t internetin ja teknologian ongelmak\u00e4ytt\u00e4j\u00e4t","description":"Maailmanlaajuinen 12 askeleen yhteis\u00f6 Internet- ja teknologiariippuvuutta varten","publisher":{"@id":"https:\/\/internetaddictsanonymous.org\/#organization"},"potentialAction":[{"@type":"SearchAction","target":{"@type":"EntryPoint","urlTemplate":"https:\/\/internetaddictsanonymous.org\/?s={search_term_string}"},"query-input":{"@type":"PropertyValueSpecification","valueRequired":true,"valueName":"search_term_string"}}],"inLanguage":"fi"},{"@type":"Organization","@id":"https:\/\/internetaddictsanonymous.org\/#organization","name":"Nimett\u00f6m\u00e4t internetin ja teknologian ongelmak\u00e4ytt\u00e4j\u00e4t","url":"https:\/\/internetaddictsanonymous.org\/","logo":{"@type":"ImageObject","inLanguage":"fi","@id":"https:\/\/internetaddictsanonymous.org\/#\/schema\/logo\/image\/","url":"https:\/\/internetaddictsanonymous.org\/wp-content\/uploads\/2023\/01\/cropped-ITAA-logo-480px.png","contentUrl":"https:\/\/internetaddictsanonymous.org\/wp-content\/uploads\/2023\/01\/cropped-ITAA-logo-480px.png","width":480,"height":480,"caption":"Internet and Technology Addicts Anonymous"},"image":{"@id":"https:\/\/internetaddictsanonymous.org\/#\/schema\/logo\/image\/"}}]}},"jetpack_sharing_enabled":true,"jetpack_shortlink":"https:\/\/wp.me\/P9Fwob-2sx","_links":{"self":[{"href":"https:\/\/internetaddictsanonymous.org\/fi\/wp-json\/wp\/v2\/pages\/9457","targetHints":{"allow":["GET"]}}],"collection":[{"href":"https:\/\/internetaddictsanonymous.org\/fi\/wp-json\/wp\/v2\/pages"}],"about":[{"href":"https:\/\/internetaddictsanonymous.org\/fi\/wp-json\/wp\/v2\/types\/page"}],"author":[{"embeddable":true,"href":"https:\/\/internetaddictsanonymous.org\/fi\/wp-json\/wp\/v2\/users\/35194237"}],"replies":[{"embeddable":true,"href":"https:\/\/internetaddictsanonymous.org\/fi\/wp-json\/wp\/v2\/comments?post=9457"}],"version-history":[{"count":46,"href":"https:\/\/internetaddictsanonymous.org\/fi\/wp-json\/wp\/v2\/pages\/9457\/revisions"}],"predecessor-version":[{"id":20908,"href":"https:\/\/internetaddictsanonymous.org\/fi\/wp-json\/wp\/v2\/pages\/9457\/revisions\/20908"}],"wp:attachment":[{"href":"https:\/\/internetaddictsanonymous.org\/fi\/wp-json\/wp\/v2\/media?parent=9457"}],"wp:term":[{"taxonomy":"post_tag","embeddable":true,"href":"https:\/\/internetaddictsanonymous.org\/fi\/wp-json\/wp\/v2\/tags?post=9457"}],"curies":[{"name":"wp","href":"https:\/\/api.w.org\/{rel}","templated":true}]}}