{"id":9655,"date":"2020-01-24T08:16:02","date_gmt":"2020-01-24T08:16:02","guid":{"rendered":"https:\/\/internetaddictsanonymous.org\/?page_id=9655"},"modified":"2026-02-27T13:57:57","modified_gmt":"2026-02-27T21:57:57","slug":"itaa-yleissopimukset","status":"publish","type":"page","link":"https:\/\/internetaddictsanonymous.org\/fi\/itaa-conventions\/","title":{"rendered":"ITAA-kokoontumiset"},"content":{"rendered":"<p><em>Kuka tahansa j\u00e4sen tai j\u00e4senryhm\u00e4 voi j\u00e4rjest\u00e4\u00e4 kokouksen. Jos haluatte suunnitella kokouksen alueellanne, tehk\u00e4\u00e4 niin!<\/em><\/p>\n\n\n\n<p><strong>ITAA:n Saksan konferenssi 2026<\/strong><\/p>\n\n\n\n<p>Kasselin l\u00e4hell\u00e4 Immenhausenissa j\u00e4rjestet\u00e4\u00e4n 19.\u201321. kes\u00e4kuuta 2026 saksankielinen ITAA-konferenssi, johon kuuluu kokouksia ja yhteisi\u00e4 ruoanlaittoaktiviteetteja.<br>Ilmoittautumista varten ota yhteytt\u00e4: <a href=\"mailto:itaa.treffen.immenhausen.2026@gmail.com\" target=\"_blank\" rel=\"noreferrer noopener\">itaa.treffen.immenhausen.2026@gmail.com<\/a><\/p>\n\n\n\n<p>19.-21. Kes\u00e4kuu 2026 findet eine deutschsprachige ITAA Convention in Immenhausen bei Kassel mit Meetings und gemeinsamem Kochen statt.<br>Ilmoittautumistiedot alla: <a href=\"mailto:itaa.treffen.immenhausen.2026@gmail.com\" target=\"_blank\" rel=\"noreferrer noopener\">itaa.treffen.immenhausen.2026@gmail.com<\/a><\/p>\n\n\n\n<p class=\"has-text-align-center\">-~-<\/p>\n\n\n\n<p><strong>ITAA:n Keski-Atlantin kokous \u2013 kev\u00e4t NYC<\/strong><\/p>\n\n\n\n<p>Mahdollisen ITAA Mid-Atlantic -tapahtuman suunnittelu t\u00e4n\u00e4 kev\u00e4\u00e4n\u00e4 New Yorkissa on virallisesti k\u00e4ynnistynyt uudelleen!<\/p>\n\n\n\n<p>Viime vuoden tapahtuma Washington D.C:ss\u00e4 toi yhteen j\u00e4seni\u00e4 Philadelphiasta, New Yorkista, Washington D.C:st\u00e4 ja muualta \u2013 ja se oli voimakas yhteyden ja toipumisen kokemus.<\/p>\n\n\n\n<p>Kartoitamme parhaillaan kiinnostusta kev\u00e4tkokousta varten New Yorkissa. Jos haluat osallistua tai auttaa suunnittelussa, ota yhteytt\u00e4 osoitteeseen itaa.macc@gmail.com.<\/p>\n\n\n\n<p>Lis\u00e4tietoja tulossa.<\/p>\n\n\n\n<p class=\"has-text-align-center\">-~-<\/p>\n\n\n\n<p><strong>ITAA Pohjois-Amerikan vuosikongressi 2026<\/strong><\/p>\n\n\n\n<p>Tule pois ruudulta ja tunne rauhaa! Kolmas ITAA:n Pohjois-Amerikan konferenssi j\u00e4rjestet\u00e4\u00e4n 19.\u201321. kes\u00e4kuuta 2026 Menucha Retreat and Conference Centeriss\u00e4 Portlandissa, Oregonissa. Kohokohtiin kuuluvat ravitsevat ateriat, mukaansatempaavat paneelikeskustelut, p\u00e4ivitt\u00e4iset tapaamiset eri puolilta maailmaa tulevien stipendiaattien kanssa ja (pahamaineinen) avoin mikrofoni.<\/p>\n\n\n\n<p>Saatavilla on jonkin verran taloudellista tukea. T\u00e4ysihintaiset liput vaihtelevat $275-750 v\u00e4lill\u00e4 huonetyypist\u00e4 riippuen. Ilmoittautuminen on nyt auki! Lis\u00e4tietoja ja ilmoittautuminen l\u00f6ytyv\u00e4t t\u00e4st\u00e4 linkist\u00e4:&nbsp;<a href=\"https:\/\/docs.google.com\/document\/d\/18E0DZBR4hg_FICBhGSVHA6cA6m6HEadJkjgzwnJYn-4\/edit?tab=t.0%E2%80%9D\" target=\"_blank\" rel=\"noreferrer noopener\">https:\/\/docs.google.com\/document\/d\/18E0DZBR4hg_FICBhGSVHA6cA6m6HEadJkjgzwnJYn-4\/edit?tab=t.0<\/a><\/p>\n\n\n\n<p>Jos olet kiinnostunut kuulemaan lis\u00e4\u00e4 kokouksesta tai haluat osallistua suunnitteluprosessiin, tule johonkin viikoittaisista suunnittelukokouksista! Verkkosuunnittelukokoukset l\u00f6ytyv\u00e4t kalenterista. Kokoukset pidet\u00e4\u00e4n sunnuntaisin klo 19.00 Yhdysvaltain it\u00e4ist\u00e4 aikaa.<\/p>\n\n\n\n<p>Ota rohkeasti yhteytt\u00e4 <a href=\"mailto:itaa.nacc@gmail.com\" target=\"_blank\" rel=\"noreferrer noopener\">itaa.nacc@gmail.com<\/a> lis\u00e4tietoja varten.<\/p>\n\n\n\n<p><\/p>\n\n\n\n<h2 class=\"wp-block-heading has-large-font-size\"><strong>Aiemmat ITAA-yleissopimukset<\/strong><\/h2>\n\n\n\n<p><strong>ITAA Kalifornian vuosikokous (CAC) 2025<\/strong><br><br>Ensimm\u00e4inen ITAA California Convention (CAC 1) j\u00e4rjestettiin 11.\u201313. lokakuuta 2025. Kuusi stipendiaattia eri puolilta osavaltiota vietti viikonlopun hieman kummittelevassa kartanossa viinitarhalla. Meill\u00e4 oli p\u00e4ivitt\u00e4isi\u00e4 kokouksia, merkityksellisi\u00e4 meditaatioita, nautimme auringosta rannalla, puhuimme tunteistamme ja pelasimme lautapelej\u00e4. Pysy kuulolla jatko-osasta \u2013 CAC 2 vuonna 2026!<\/p>\n\n\n\n<p class=\"has-text-align-center\">-~-<\/p>\n\n\n\n<p><strong>ITAA Mid-Atlantic Convention 2025<\/strong><br><br>Ilolla ilmoitamme, ett\u00e4 ilmoittautuminen ITAA Mid-Atlantic Convention 2025 -tapahtumaan on virallisesti avattu!<br>Tapahtuman p\u00e4iv\u00e4m\u00e4\u00e4r\u00e4: lauantai 27. syyskuuta 2025<br>Tapahtuma-aika: klo 10\u201318<br>Sijainti: Rock Creek Park, Washington, DC.<br>Jos haluat rekister\u00f6ity\u00e4, t\u00e4yt\u00e4 rekister\u00f6intilomake.<\/p>\n\n\n\n<p><a href=\"https:\/\/tinyurl.com\/34kxz2hk\" target=\"_blank\" rel=\"noreferrer noopener\">MAC-ITAA-rekister\u00f6intilomake<\/a><\/p>\n\n\n\n<p>Ja seuraa ohjeita ilmoittautumismaksun maksamiseksi. Ota rohkeasti yhteytt\u00e4, jos sinulla on kysytt\u00e4v\u00e4\u00e4. Odotamme innolla tapaamistamme pian!&nbsp;<a href=\"mailto:itaa.macc@gmail.com\" target=\"_blank\" rel=\"noreferrer noopener\">itaa.macc@gmail.com<\/a>.<\/p>\n\n\n\n<p class=\"has-text-align-center\">-~-<\/p>\n\n\n\n<p class=\"has-medium-font-size\"><strong>ITAA:n Saksan vuosikokous 2025<\/strong><\/p>\n\n\n\n<p class=\"has-medium-font-size\">Saksan ITAA-kongressi Immenhausenissa, Saksassa (l\u00e4hell\u00e4 Kasselia) on suunnitteilla 6.-8. kes\u00e4kuuta 2025. Tapahtuma pidet\u00e4\u00e4n saksaksi. Hinta on 50 \u20ac (+ matkakulut). Ilmoittaudu osallistumaan ottamalla meihin yhteytt\u00e4 osoitteessa: ITAA.Treffen.Immenhausen.2025@gmail.com. Ilmoittautumisen m\u00e4\u00e4r\u00e4aika on 4. huhtikuuta. Jos olet kiinnostunut kuulemaan lis\u00e4\u00e4 vuoden 2025 saksankielisest\u00e4 ITAA-kongressista Immenhausenissa, osallistu suunnittelukokoukseen, joka pidet\u00e4\u00e4n sunnuntaina 16. helmikuuta Saksan ITAA-kokouksen j\u00e4lkeen (klo 9.30-10.30 Suomen aikaa).<\/p>\n\n\n\n<p>Wir planen, im Juni (06.06.-08.06.2025) ein ITAA-Treffen in Immenhausen (in der N\u00e4he von Kassel) zu organisieren. Die Veranstaltung findet auf Deutsch statt. Die \u00dcbernachtungskosten werden sich voraussichtlich auf etwa 50 Euro belaufen (dazu kommen Verpflegungs- und Reisekosten).<br>Wenn ihr Interesse an einer Teilnahme habt, contactiert uns bitte at ITAA.Treffen.Immenhausen.2025@gmail.com<br>Anmeldeschluss ist der 4. huhtikuuta.<br>Wenn ihr mehr \u00fcber das deutschsprachige ITAA-Treffen 2025 in Immenhausen erfahren m\u00f6chtet, k\u00f6nnt ihr auch zum Planungstreffen kommen. Das n\u00e4chste Planungstreffen findet am 16.02. im Anschluss an das Deutsche ITAA Treffen am Sonntag (9:30-10:30 Uhr MEZ) statt.<\/p>\n\n\n\n<p class=\"has-text-align-center has-medium-font-size\">-~-<\/p>\n\n\n\n<p><strong>ITAA Pohjois-Amerikan vuosikongressi 2024<\/strong><\/p>\n\n\n\n<p>Toinen Pohjois-Amerikan vuosikokous (NAC) j\u00e4rjestettiin 27.\u201329. syyskuuta 2024 maaseudun retriittikeskuksessa Marylandissa \u2013 kauniilla maatilalla ja kokoontumispaikalla, jonka mantrana oli \u201cirrota yhteydest\u00e4\u201d. Yli 80 j\u00e4sent\u00e4 osallistui paikan p\u00e4\u00e4ll\u00e4 l\u00e4helt\u00e4 ja kaukaa, mukaan lukien Unkari, Iso-Britannia, Kanada, Arizona, Illinois, Ohio, Colorado, Pohjois-Carolina, Kalifornia, Washingtonin osavaltio, Washington DC ja kaikkialta Yhdysvaltojen koillisosasta.<br><br>Tapahtuma l\u00e4hes kaksinkertaisti osallistujam\u00e4\u00e4r\u00e4n viime vuonna, rikkoen ITAA:n historian suurimman fyysisesti l\u00e4sn\u00e4 olleen kokoontumisen enn\u00e4tyksen. Lis\u00e4ksi siihen osallistui laajalti virtuaalisesti nelj\u00e4n ITAA:n verkkosivuille l\u00e4hetetyn hybriditapahtuman aikana, joiden tallenteet l\u00f6ytyv\u00e4t osoitteesta&nbsp;<a href=\"https:\/\/internetaddictsanonymous.org\/fi\/toipumistarinoita\/\" target=\"_blank\" rel=\"noreferrer noopener\">Toipumistarinat<\/a>&nbsp;sivu. Nautimme kolmesta yhteis\u00f6llisest\u00e4 p\u00e4iv\u00e4st\u00e4, joihin sis\u00e4ltyi laaja valikoima tapahtumia, kuten puhujatapaamisia, paneelikeskusteluja ja ty\u00f6pajoja, joiden aiheet vaihtelivat ty\u00f6skentelyvaiheista taiteen k\u00e4ytt\u00f6\u00f6n raittiuden edist\u00e4miseksi, terveellisten henkil\u00f6kohtaisten tapaamisten luomiseen, avoimen mikrofonin iltaan ja ryhm\u00e4liikuntaan, mukaan lukien meditaatioon, kaksisuuntaiseen rukoukseen ja juoksuun liittyv\u00e4t kokoontumiset. Jaoimme ruokaa, naurua ja yst\u00e4vyytt\u00e4, luoden syvempi\u00e4 yhteyksi\u00e4, jotka ovat edelleen olennainen osa toipumismatkaamme pitk\u00e4\u00e4n viikonlopun sulkemisen j\u00e4lkeen.<\/p>\n\n\n\n<p class=\"has-text-align-center\">-~-<\/p>\n\n\n\n<p><strong>Tanskan ITAA-retriitti 2024<\/strong> <\/p>\n\n\n\n<p>Syyskuun 20.\u201324. p\u00e4iv\u00e4n\u00e4 2024 viisi ITAA:n j\u00e4sent\u00e4 nelj\u00e4st\u00e4 maasta piti retriitin maaseudulla Ringstedin ulkopuolella Tanskassa.<\/p>\n\n\n\n<p>Teimme joogaa ja qi-gongia yhdess\u00e4, laitoimme ruokaa ja s\u00f6imme yhdess\u00e4 ja k\u00e4vimme yhdess\u00e4 hiljaisella k\u00e4velyll\u00e4 mets\u00e4ss\u00e4. Pidimme paljon kokouksia ja pidimme paljon hauskaa. Lauantai-iltana sytytettiin sauna. Sunnuntain viimeinen kokous pidettiin lautalla pienell\u00e4 lammella tapahtumapaikan vieress\u00e4!<\/p>\n\n\n\n<p>Jos olet kiinnostunut liittym\u00e4\u00e4n tulevaan TINTNACiin, ota yhteytt\u00e4&nbsp;<a href=\"mailto:tintnac@itaa.dk\" target=\"_blank\" rel=\"noreferrer noopener\">tintnac@itaa.dk<\/a>.<\/p>\n\n\n\n<p class=\"has-text-align-center\">-~-<\/p>\n\n\n\n<p><strong>ITAA Pohjois-Amerikan vuosikongressi 2023<\/strong><\/p>\n\n\n\n<p>Ensimm\u00e4inen Pohjois-Amerikan konferenssi (NAC) pidettiin 4.-6. elokuuta 2023 San Ramonin laakson retriittikeskuksessa. Yli 50 j\u00e4sent\u00e4 osallistui kaikkialta maailmasta, mukaan lukien Dubai, Iso-Britannia, New York, Arizona, Washington DC ja Kalifornia.<\/p>\n\n\n\n<p>Se oli ITAA:n historian suurin fyysinen kokoontuminen. Ohjaavan teeman mukaisesti <em>Paluu kotiin ITAA:han<\/em>, osallistuimme monipuoliseen tapahtumatarjontaan \u2013 toipumiseen keskittyviin kokouksiin, paneelikeskusteluihin, ty\u00f6pajoihin, hiljaiseen tanssiin, kykykilpailuun ja ryhm\u00e4aktiviteetteihin. Nautimme yhteisist\u00e4 aterioista ja aidoista halauksista! Voit lukea lis\u00e4\u00e4 t\u00e4\u00e4lt\u00e4:<br><a href=\"https:\/\/drive.google.com\/file\/d\/1dY9NGsuFw19U-4qDMpAKvs3yRs7Mb58d\/view?usp=sharing\">NAC 2023 -kongressin uutiskirje<\/a><\/p>\n\n\n\n<p class=\"has-text-align-center\">-~-<\/p>\n\n\n\n<p><strong>ITAA:n kansainv\u00e4linen saksalaisten kielten konferenssi 2022<\/strong><\/p>\n\n\n\n<p>Kansainv\u00e4linen saksankielinen konferenssi pidettiin Kasselissa, Saksassa, 4.\u20136. marraskuuta 2022. Katso lis\u00e4tietoja alla olevista linkeist\u00e4:<br><a href=\"https:\/\/drive.google.com\/file\/d\/1nVc7ASAUNOWPfETdJYxi3Ca3OwUQDy9o\/view?usp=sharing\">Englanninkielinen uutiskirje<\/a><br><a href=\"https:\/\/drive.google.com\/file\/d\/19yIeiCZfQ4lzuJY466wLgGqS9uhI61dQ\/view?usp=sharing\">Saksankielinen uutiskirje<\/a><\/p>\n\n\n\n<p class=\"has-text-align-center\">-~-<\/p>\n\n\n\n<p><strong>ITAA:n ensimm\u00e4inen kansainv\u00e4linen kokoontuminen 2019<\/strong><\/p>\n\n\n\n<p>Ensimm\u00e4inen kansainv\u00e4linen ITAA-kokous pidettiin Berliiniss\u00e4, Saksassa 9. ja 10. marraskuuta 2019. Voit lukea kokouksesta ja j\u00e4senten tarinoista osoitteesta <a aria-label=\"m\u00e4\u00e4rittelem\u00e4t\u00f6n (avautuu uuteen v\u00e4lilehteen)\" href=\"https:\/\/drive.google.com\/file\/d\/1RKRxJW0WZVy2g_jvjCV2MLBDm35xtqIB\/view?usp=sharing\" target=\"_blank\" rel=\"noreferrer noopener\">uutiskirjeemme<\/a>.<\/p>\n<!-- PMB print buttons is only displayed on a single post\/page URLs-->","protected":false},"excerpt":{"rendered":"<p>Any member or group of members may organize a convention. If you would like to plan a convention in your area, please feel free to do so! ITAA German Convention 2026 From June 19\u201321, 2026, a German-speaking ITAA Convention will take place in Immenhausen near Kassel, featuring meetings and shared cooking activities.For Registration please contact: &hellip; <a href=\"https:\/\/internetaddictsanonymous.org\/fi\/itaa-conventions\/\" class=\"more-link\">Jatka lukemista <span class=\"screen-reader-text\">ITAA-kokoontumiset<\/span><\/a><\/p>","protected":false},"author":35194237,"featured_media":0,"parent":0,"menu_order":0,"comment_status":"closed","ping_status":"closed","template":"full-width-page.php","meta":{"inline_featured_image":false,"_lmt_disableupdate":"","_lmt_disable":"","jetpack_post_was_ever_published":false,"footnotes":""},"tags":[],"class_list":["post-9655","page","type-page","status-publish","hentry"],"yoast_head":"<!-- This site is optimized with the Yoast SEO plugin v27.3 - https:\/\/yoast.com\/product\/yoast-seo-wordpress\/ -->\n<title>ITAA Conventions &#8211; Internet and Technology Addicts Anonymous<\/title>\n<meta name=\"robots\" content=\"index, follow, max-snippet:-1, max-image-preview:large, max-video-preview:-1\" \/>\n<link rel=\"canonical\" href=\"https:\/\/internetaddictsanonymous.org\/fi\/itaa-yleissopimukset\/\" \/>\n<meta property=\"og:locale\" content=\"fi_FI\" \/>\n<meta property=\"og:type\" content=\"article\" \/>\n<meta property=\"og:title\" content=\"ITAA Conventions &#8211; Internet and Technology Addicts Anonymous\" \/>\n<meta property=\"og:description\" content=\"Any member or group of members may organize a convention. If you would like to plan a convention in your area, please feel free to do so! ITAA German Convention 2026 From June 19\u201321, 2026, a German-speaking ITAA Convention will take place in Immenhausen near Kassel, featuring meetings and shared cooking activities.For Registration please contact: &hellip; Continue reading ITAA Conventions\" \/>\n<meta property=\"og:url\" content=\"https:\/\/internetaddictsanonymous.org\/fi\/itaa-yleissopimukset\/\" \/>\n<meta property=\"og:site_name\" content=\"Internet and Technology Addicts Anonymous\" \/>\n<meta property=\"article:modified_time\" content=\"2026-02-27T21:57:57+00:00\" \/>\n<meta name=\"twitter:card\" content=\"summary_large_image\" \/>\n<meta name=\"twitter:label1\" content=\"Arvioitu lukuaika\" \/>\n\t<meta name=\"twitter:data1\" content=\"5 minuuttia\" \/>\n<script type=\"application\/ld+json\" class=\"yoast-schema-graph\">{\"@context\":\"https:\\\/\\\/schema.org\",\"@graph\":[{\"@type\":\"WebPage\",\"@id\":\"https:\\\/\\\/internetaddictsanonymous.org\\\/itaa-conventions\\\/\",\"url\":\"https:\\\/\\\/internetaddictsanonymous.org\\\/itaa-conventions\\\/\",\"name\":\"ITAA Conventions &#8211; Internet and Technology Addicts Anonymous\",\"isPartOf\":{\"@id\":\"https:\\\/\\\/internetaddictsanonymous.org\\\/#website\"},\"datePublished\":\"2020-01-24T08:16:02+00:00\",\"dateModified\":\"2026-02-27T21:57:57+00:00\",\"breadcrumb\":{\"@id\":\"https:\\\/\\\/internetaddictsanonymous.org\\\/itaa-conventions\\\/#breadcrumb\"},\"inLanguage\":\"fi\",\"potentialAction\":[{\"@type\":\"ReadAction\",\"target\":[\"https:\\\/\\\/internetaddictsanonymous.org\\\/itaa-conventions\\\/\"]}]},{\"@type\":\"BreadcrumbList\",\"@id\":\"https:\\\/\\\/internetaddictsanonymous.org\\\/itaa-conventions\\\/#breadcrumb\",\"itemListElement\":[{\"@type\":\"ListItem\",\"position\":1,\"name\":\"Home\",\"item\":\"https:\\\/\\\/internetaddictsanonymous.org\\\/\"},{\"@type\":\"ListItem\",\"position\":2,\"name\":\"ITAA Conventions\"}]},{\"@type\":\"WebSite\",\"@id\":\"https:\\\/\\\/internetaddictsanonymous.org\\\/#website\",\"url\":\"https:\\\/\\\/internetaddictsanonymous.org\\\/\",\"name\":\"Internet and Technology Addicts Anonymous\",\"description\":\"Worldwide 12-step Fellowship for Internet and Technology Addiction\",\"publisher\":{\"@id\":\"https:\\\/\\\/internetaddictsanonymous.org\\\/#organization\"},\"potentialAction\":[{\"@type\":\"SearchAction\",\"target\":{\"@type\":\"EntryPoint\",\"urlTemplate\":\"https:\\\/\\\/internetaddictsanonymous.org\\\/?s={search_term_string}\"},\"query-input\":{\"@type\":\"PropertyValueSpecification\",\"valueRequired\":true,\"valueName\":\"search_term_string\"}}],\"inLanguage\":\"fi\"},{\"@type\":\"Organization\",\"@id\":\"https:\\\/\\\/internetaddictsanonymous.org\\\/#organization\",\"name\":\"Internet and Technology Addicts Anonymous\",\"url\":\"https:\\\/\\\/internetaddictsanonymous.org\\\/\",\"logo\":{\"@type\":\"ImageObject\",\"inLanguage\":\"fi\",\"@id\":\"https:\\\/\\\/internetaddictsanonymous.org\\\/#\\\/schema\\\/logo\\\/image\\\/\",\"url\":\"https:\\\/\\\/internetaddictsanonymous.org\\\/wp-content\\\/uploads\\\/2023\\\/01\\\/cropped-ITAA-logo-480px.png\",\"contentUrl\":\"https:\\\/\\\/internetaddictsanonymous.org\\\/wp-content\\\/uploads\\\/2023\\\/01\\\/cropped-ITAA-logo-480px.png\",\"width\":480,\"height\":480,\"caption\":\"Internet and Technology Addicts Anonymous\"},\"image\":{\"@id\":\"https:\\\/\\\/internetaddictsanonymous.org\\\/#\\\/schema\\\/logo\\\/image\\\/\"}}]}<\/script>\n<!-- \/ Yoast SEO plugin. -->","yoast_head_json":{"title":"ITAA-konventit \u2013 Anonyymit internet- ja teknologiariippuvaiset","robots":{"index":"index","follow":"follow","max-snippet":"max-snippet:-1","max-image-preview":"max-image-preview:large","max-video-preview":"max-video-preview:-1"},"canonical":"https:\/\/internetaddictsanonymous.org\/fi\/itaa-yleissopimukset\/","og_locale":"fi_FI","og_type":"article","og_title":"ITAA Conventions &#8211; Internet and Technology Addicts Anonymous","og_description":"Any member or group of members may organize a convention. If you would like to plan a convention in your area, please feel free to do so! ITAA German Convention 2026 From June 19\u201321, 2026, a German-speaking ITAA Convention will take place in Immenhausen near Kassel, featuring meetings and shared cooking activities.For Registration please contact: &hellip; Continue reading ITAA Conventions","og_url":"https:\/\/internetaddictsanonymous.org\/fi\/itaa-yleissopimukset\/","og_site_name":"Internet and Technology Addicts Anonymous","article_modified_time":"2026-02-27T21:57:57+00:00","twitter_card":"summary_large_image","twitter_misc":{"Arvioitu lukuaika":"5 minuuttia"},"schema":{"@context":"https:\/\/schema.org","@graph":[{"@type":"WebPage","@id":"https:\/\/internetaddictsanonymous.org\/itaa-conventions\/","url":"https:\/\/internetaddictsanonymous.org\/itaa-conventions\/","name":"ITAA-konventit \u2013 Anonyymit internet- ja teknologiariippuvaiset","isPartOf":{"@id":"https:\/\/internetaddictsanonymous.org\/#website"},"datePublished":"2020-01-24T08:16:02+00:00","dateModified":"2026-02-27T21:57:57+00:00","breadcrumb":{"@id":"https:\/\/internetaddictsanonymous.org\/itaa-conventions\/#breadcrumb"},"inLanguage":"fi","potentialAction":[{"@type":"ReadAction","target":["https:\/\/internetaddictsanonymous.org\/itaa-conventions\/"]}]},{"@type":"BreadcrumbList","@id":"https:\/\/internetaddictsanonymous.org\/itaa-conventions\/#breadcrumb","itemListElement":[{"@type":"ListItem","position":1,"name":"Home","item":"https:\/\/internetaddictsanonymous.org\/"},{"@type":"ListItem","position":2,"name":"ITAA Conventions"}]},{"@type":"WebSite","@id":"https:\/\/internetaddictsanonymous.org\/#website","url":"https:\/\/internetaddictsanonymous.org\/","name":"Nimett\u00f6m\u00e4t internetin ja teknologian ongelmak\u00e4ytt\u00e4j\u00e4t","description":"Maailmanlaajuinen 12 askeleen yhteis\u00f6 Internet- ja teknologiariippuvuutta varten","publisher":{"@id":"https:\/\/internetaddictsanonymous.org\/#organization"},"potentialAction":[{"@type":"SearchAction","target":{"@type":"EntryPoint","urlTemplate":"https:\/\/internetaddictsanonymous.org\/?s={search_term_string}"},"query-input":{"@type":"PropertyValueSpecification","valueRequired":true,"valueName":"search_term_string"}}],"inLanguage":"fi"},{"@type":"Organization","@id":"https:\/\/internetaddictsanonymous.org\/#organization","name":"Nimett\u00f6m\u00e4t internetin ja teknologian ongelmak\u00e4ytt\u00e4j\u00e4t","url":"https:\/\/internetaddictsanonymous.org\/","logo":{"@type":"ImageObject","inLanguage":"fi","@id":"https:\/\/internetaddictsanonymous.org\/#\/schema\/logo\/image\/","url":"https:\/\/internetaddictsanonymous.org\/wp-content\/uploads\/2023\/01\/cropped-ITAA-logo-480px.png","contentUrl":"https:\/\/internetaddictsanonymous.org\/wp-content\/uploads\/2023\/01\/cropped-ITAA-logo-480px.png","width":480,"height":480,"caption":"Internet and Technology Addicts Anonymous"},"image":{"@id":"https:\/\/internetaddictsanonymous.org\/#\/schema\/logo\/image\/"}}]}},"jetpack_sharing_enabled":true,"jetpack_shortlink":"https:\/\/wp.me\/P9Fwob-2vJ","_links":{"self":[{"href":"https:\/\/internetaddictsanonymous.org\/fi\/wp-json\/wp\/v2\/pages\/9655","targetHints":{"allow":["GET"]}}],"collection":[{"href":"https:\/\/internetaddictsanonymous.org\/fi\/wp-json\/wp\/v2\/pages"}],"about":[{"href":"https:\/\/internetaddictsanonymous.org\/fi\/wp-json\/wp\/v2\/types\/page"}],"author":[{"embeddable":true,"href":"https:\/\/internetaddictsanonymous.org\/fi\/wp-json\/wp\/v2\/users\/35194237"}],"replies":[{"embeddable":true,"href":"https:\/\/internetaddictsanonymous.org\/fi\/wp-json\/wp\/v2\/comments?post=9655"}],"version-history":[{"count":68,"href":"https:\/\/internetaddictsanonymous.org\/fi\/wp-json\/wp\/v2\/pages\/9655\/revisions"}],"predecessor-version":[{"id":21079,"href":"https:\/\/internetaddictsanonymous.org\/fi\/wp-json\/wp\/v2\/pages\/9655\/revisions\/21079"}],"wp:attachment":[{"href":"https:\/\/internetaddictsanonymous.org\/fi\/wp-json\/wp\/v2\/media?parent=9655"}],"wp:term":[{"taxonomy":"post_tag","embeddable":true,"href":"https:\/\/internetaddictsanonymous.org\/fi\/wp-json\/wp\/v2\/tags?post=9655"}],"curies":[{"name":"wp","href":"https:\/\/api.w.org\/{rel}","templated":true}]}}