{"id":9835,"date":"2020-02-09T10:49:59","date_gmt":"2020-02-09T10:49:59","guid":{"rendered":"https:\/\/internetaddictsanonymous.org\/?page_id=9835"},"modified":"2026-02-05T16:46:53","modified_gmt":"2026-02-06T00:46:53","slug":"toipumistarinoita","status":"publish","type":"page","link":"https:\/\/internetaddictsanonymous.org\/fi\/toipumistarinoita\/","title":{"rendered":"Toipumistarinat"},"content":{"rendered":"<p>T\u00e4\u00e4ll\u00e4 jaamme ITAA:n j\u00e4senten kokemuksia, voimaa ja toivoa. Kerromme, millaista oli, mik\u00e4 muuttui ja millaista on nyt.<\/p>\n\n\n\n<h2 class=\"wp-block-heading\"><strong>Kaiutinnauhat<\/strong><\/h2>\n\n\n\n<p><strong><a href=\"https:\/\/drive.google.com\/file\/d\/14Z0m7jLQWqbiXN82BRfpmmQ3o88dbpYm\/view?usp=sharing\">Lauren VB \u2013 Nostettu henkisest\u00e4 pohjasta<\/a><\/strong> (35 min, 18. tammikuuta 2026)<br><strong><a href=\"https:\/\/drive.google.com\/file\/d\/1jtKX3Orob3tiuvE5J028RnUtzXD6bGk9\/view?usp=drive_link\" target=\"_blank\" rel=\"noreferrer noopener\">Lauren VB \u2013 ITAA:n kahdeksanvuotisjuhla<\/a><\/strong> (35 min, 23. kes\u00e4kuuta 2025)<br><strong><a href=\"https:\/\/drive.google.com\/file\/d\/1fG6-AaNMXeMEaMNH4i4cHYTHaF0hXfF4\/view?usp=drive_link\" target=\"_blank\" rel=\"noreferrer noopener\">Uma \u2013 ITAA:n kahdeksanvuotisjuhla<\/a> <\/strong>(30 min, 23. kes\u00e4kuuta 2025)<br><strong><a href=\"https:\/\/drive.google.com\/file\/d\/17LH5OXfKjhOkspc3pXuuOE6eWBP4J04_\/view?usp=sharing\">NAC 2024 Morgan S:n puhujan jako + kysymykset ja vastaukset<\/a><\/strong> (50 min, 29. syyskuuta 2024)<br><strong><a href=\"https:\/\/drive.google.com\/file\/d\/1Ukm5rzi2ed7DMDINAOVTK87vFVodcyfo\/view?usp=sharing\">NAC 2024 -apurahapaneelin tilannekatsaus<\/a><\/strong> (50 min, 28. syyskuuta 2024)<br><strong><a href=\"https:\/\/drive.google.com\/file\/d\/1FZd-1a2YhCCPkVzk8MVqn_Tu3LOqC3WX\/view?usp=sharing\">NAC 2024 Pitk\u00e4aikaisen raittiuden paneeli<\/a><\/strong> (50 min, 28. syyskuuta 2024)<br><a href=\"https:\/\/drive.google.com\/file\/d\/1ihnAwVmrrgTnYmBB-wX88qJOQUFwSv7B\/view?usp=drive_link\"><strong>NAC 2024 Willow L -puhujan jako + kysymyksi\u00e4 ja vastauksia<\/strong><\/a> (45 min, 27. syyskuuta 2024)<br><strong><a href=\"https:\/\/drive.google.com\/file\/d\/16Ah5V_UOiUQPGXzzJmJLuiHTwNTuXG7t\/view?usp=drive_link\">Minah - Reaction to Relapse<\/a><\/strong> (45 min, 22. joulukuuta 2023)<br><strong><a href=\"https:\/\/drive.google.com\/file\/d\/1bNy6hPMdGJAHStesnpytmstxlkYGHDkZ\/view?usp=sharing\" target=\"_blank\" rel=\"noreferrer noopener\">Chris C \u2013 ITAA:n seitsem\u00e4nvuotisjuhla<\/a><\/strong> (30 minuuttia, 23. kes\u00e4kuuta 2024)<br><strong><a href=\"https:\/\/drive.google.com\/file\/d\/1kbcKTp9HdIXwRCjlMxIu9jb4Yz8x04zh\/view?usp=sharing\" target=\"_blank\" rel=\"noreferrer noopener\">Tiffany Denise \u2013 ITAA:n seitsem\u00e4nvuotisjuhla<\/a><\/strong> (30 minuuttia, 23. kes\u00e4kuuta 2024)<br><strong><a href=\"https:\/\/drive.google.com\/file\/d\/160uYa46e3bDz2sq5k66l8RngNPrY5Mnh\/view?usp=drive_link\" target=\"_blank\" rel=\"noreferrer noopener\">Emmanuelle F \u2013 ITAA:n kuusivuotisjuhla<\/a><\/strong> (30 minuuttia, 23. kes\u00e4kuuta 2023)<br><strong><a href=\"https:\/\/drive.google.com\/file\/d\/1_SPXmKrrv7g0gaNE8Zq3nhJo_FBX3YqQ\/view?usp=share_link\" target=\"_blank\" rel=\"noreferrer noopener\">Ela B \u2013 Heilurin tanssi<\/a><\/strong> (40 minuuttia, 13. toukokuuta 2023)<br><strong><a href=\"https:\/\/drive.google.com\/file\/d\/1Hz8jBMVhDRyZQeo384JIA74i62lJucaG\/view?usp=share_link\" target=\"_blank\" rel=\"noreferrer noopener\">Stella D \u2013 Irti p\u00e4\u00e4st\u00e4misest\u00e4 irti<\/a><\/strong> (1 tunti, 5. tammikuuta 2023)<br><strong><a href=\"https:\/\/drive.google.com\/file\/d\/1ELehiaIGWL0G6tdjQzZOSzxjMtpwdDPF\/view?usp=share_link\" target=\"_blank\" rel=\"noreferrer noopener\">Tomas K \u2013 Rappeutunut maailma<\/a><\/strong> (1 tunti 20 minuuttia, 1. tammikuuta 2023)<br><strong><a href=\"https:\/\/drive.google.com\/file\/d\/1wzO2gD3G8qxPpW7gsBNPVc1WvofLpQOz\/view?usp=share_link\" target=\"_blank\" rel=\"noreferrer noopener\">Will C \u2013 Jatka paluuta<\/a><\/strong> (1 tunti, 31. joulukuuta 2022)<br><strong><a href=\"https:\/\/drive.google.com\/file\/d\/1-aNaRq73P-c0kivZhNgwl1uLu03fRuaH\/view?usp=share_link\" target=\"_blank\" rel=\"noreferrer noopener\">Marco V \u2013 Kuoleman ovelta vapauteen<\/a><\/strong> (40 minuuttia, 11. marraskuuta 2022)<br><strong><a href=\"https:\/\/drive.google.com\/file\/d\/1jw5N3Sk_wTtNcJJiCpTvsqz9adWXsRZO\/view?usp=sharing\" target=\"_blank\" rel=\"noreferrer noopener\">Nikki H \u2013 Vapauden l\u00f6yt\u00e4minen sosiaalisen median riippuvuudesta<\/a><\/strong> (30 minuuttia, 20. lokakuuta 2022)<br><strong><a href=\"https:\/\/drive.google.com\/file\/d\/1D3L0nGqAuYpQ4qN2Ojrc6QMkRQ9Pt9NV\/view?usp=sharing\" target=\"_blank\" rel=\"noreferrer noopener\">Emmanuelle F \u2013 18 kuukautta tekniikkaraittiutta<\/a><\/strong> (1 tunti, 1. lokakuuta 2022)<br><strong><a href=\"https:\/\/drive.google.com\/file\/d\/1q-OzQ_Ly-_PnZRbsAvyj8WyK354tkHVP\/view?usp=sharing\" target=\"_blank\" rel=\"noreferrer noopener\">Mary Kate \u2013 Luova polku toipumisen l\u00e4pi<\/a><\/strong> (15 minuuttia, 25. syyskuuta 2022)<br><a href=\"https:\/\/drive.google.com\/file\/d\/1DraCXbgf5KaRn7ZXRmoxbY_I9d8dwNmT\/view\" target=\"_blank\" rel=\"noreferrer noopener\"><strong>Tomas K \u2013 ITAA:n viisivuotisjuhla<\/strong><\/a> (30 minuuttia, 23. kes\u00e4kuuta 2022)<br><a href=\"https:\/\/drive.google.com\/file\/d\/1q9sgJlw2auWIMcc3Zz_J8KncNqgEGdKm\/view?usp=sharing\" target=\"_blank\" rel=\"noreferrer noopener\"><strong>Rebecca W \u2013 Haluamme sinut takaisin<\/strong><\/a> (25 minuuttia, 27. joulukuuta 2020)<br><a href=\"https:\/\/drive.google.com\/file\/d\/1Gt_5sgdXrLXts6atwDkeV7u6PH9U1vYX\/view?usp=sharing\" target=\"_blank\" rel=\"noreferrer noopener\"><strong>Tomas K \u2013 Odottamaton muutos<\/strong><\/a> (35 minuuttia, 26. huhtikuuta 2020)<br><br><\/p>\n\n\n\n<h2 class=\"wp-block-heading\"><strong>Kirjoitetut tarinat<\/strong><\/h2>\n\n\n\n<p><strong><a href=\"https:\/\/internetaddictsanonymous.org\/fi\/toipumistarinoita\/toimiva-ohjelma\/\">Toimiva ohjelma<\/a> (<a href=\"https:\/\/drive.google.com\/file\/d\/1H_0irFahW0c2bSYV7VJz1op0T9TQzr8n\/view?usp=drive_link\">PDF-tiedosto<\/a>)<\/strong><br><strong><a href=\"https:\/\/internetaddictsanonymous.org\/fi\/toipumistarinoita\/unelmointikelpoiseksi-tuleminen\/\">Kunto unelmoida<\/a> <a href=\"https:\/\/drive.google.com\/file\/d\/1sa9dBP0TMQeO_q1tzpWsT1CYh99mLj03\/view?usp=sharing\" target=\"_blank\" rel=\"noreferrer noopener\">(PDF-tiedosto)<\/a><\/strong><br><strong><a href=\"https:\/\/internetaddictsanonymous.org\/fi\/toipumistarinoita\/avoin-ikkuna\/\">Avaa ikkuna<\/a> <a href=\"https:\/\/drive.google.com\/file\/d\/189zj0x6rHfcaTaRND6HL--4DD4OXmVSi\/view?usp=share_link\" target=\"_blank\" rel=\"noreferrer noopener\">(PDF-tiedosto)<\/a><\/strong><br><strong><a href=\"https:\/\/internetaddictsanonymous.org\/fi\/toipumistarinoita\/toipuminen-on-mahdollista\/\">Toipuminen on mahdollista<\/a> <a href=\"https:\/\/drive.google.com\/file\/d\/1xeZ9Gkm-PFfm7CYuS_T2f8HbLL15bn1J\/view?usp=sharing\" target=\"_blank\" rel=\"noreferrer noopener\">(PDF-tiedosto)<\/a><\/strong><br><strong><a href=\"https:\/\/internetaddictsanonymous.org\/fi\/toipumistarinoita\/ainoa-asia-joka-toimi\/\">Ainoa asia joka toimi<\/a> <a href=\"https:\/\/drive.google.com\/file\/d\/1E_kQZogx9klLKGI27N1kDHhHvowuiDsN\/view?usp=sharing\" target=\"_blank\" rel=\"noreferrer noopener\">(PDF-tiedosto)<\/a><\/strong><\/p>\n\n\n\n<div style=\"height:75px\" aria-hidden=\"true\" id=\"working-program\" class=\"wp-block-spacer\"><\/div>\n<!-- PMB print buttons is only displayed on a single post\/page URLs-->","protected":false},"excerpt":{"rendered":"<p>Here we share the experience, strength and hope of ITAA members. We share about how it was, what changed, and how it is now. Speaker tapes Lauren VB &#8211; Lifted From a Spiritual Bottom (35min, Jan 18, 2026)Lauren VB &#8211; ITAA Eight Year Anniversary Celebration (35min, June 23 2025)Uma &#8211; ITAA Eight Year Anniversary Celebration &hellip; <a href=\"https:\/\/internetaddictsanonymous.org\/fi\/toipumistarinoita\/\" class=\"more-link\">Jatka lukemista <span class=\"screen-reader-text\">Toipumistarinat<\/span><\/a><\/p>","protected":false},"author":35194237,"featured_media":0,"parent":0,"menu_order":0,"comment_status":"closed","ping_status":"closed","template":"full-width-page.php","meta":{"inline_featured_image":false,"_lmt_disableupdate":"","_lmt_disable":"","jetpack_post_was_ever_published":false,"footnotes":""},"tags":[],"class_list":["post-9835","page","type-page","status-publish","hentry"],"yoast_head":"<!-- This site is optimized with the Yoast SEO plugin v27.0 - https:\/\/yoast.com\/product\/yoast-seo-wordpress\/ -->\n<title>Recovery Stories &#8211; Internet and Technology Addicts Anonymous<\/title>\n<meta name=\"robots\" content=\"index, follow, max-snippet:-1, max-image-preview:large, max-video-preview:-1\" \/>\n<link rel=\"canonical\" href=\"https:\/\/internetaddictsanonymous.org\/fi\/toipumistarinoita\/\" \/>\n<meta property=\"og:locale\" content=\"fi_FI\" \/>\n<meta property=\"og:type\" content=\"article\" \/>\n<meta property=\"og:title\" content=\"Recovery Stories &#8211; Internet and Technology Addicts Anonymous\" \/>\n<meta property=\"og:description\" content=\"Here we share the experience, strength and hope of ITAA members. We share about how it was, what changed, and how it is now. Speaker tapes Lauren VB &#8211; Lifted From a Spiritual Bottom (35min, Jan 18, 2026)Lauren VB &#8211; ITAA Eight Year Anniversary Celebration (35min, June 23 2025)Uma &#8211; ITAA Eight Year Anniversary Celebration &hellip; Continue reading Recovery Stories\" \/>\n<meta property=\"og:url\" content=\"https:\/\/internetaddictsanonymous.org\/fi\/toipumistarinoita\/\" \/>\n<meta property=\"og:site_name\" content=\"Internet and Technology Addicts Anonymous\" \/>\n<meta property=\"article:modified_time\" content=\"2026-02-06T00:46:53+00:00\" \/>\n<meta name=\"twitter:card\" content=\"summary_large_image\" \/>\n<meta name=\"twitter:label1\" content=\"Arvioitu lukuaika\" \/>\n\t<meta name=\"twitter:data1\" content=\"2 minuuttia\" \/>\n<script type=\"application\/ld+json\" class=\"yoast-schema-graph\">{\"@context\":\"https:\/\/schema.org\",\"@graph\":[{\"@type\":\"WebPage\",\"@id\":\"https:\/\/internetaddictsanonymous.org\/recovery-stories\/\",\"url\":\"https:\/\/internetaddictsanonymous.org\/recovery-stories\/\",\"name\":\"Recovery Stories &#8211; Internet and Technology Addicts Anonymous\",\"isPartOf\":{\"@id\":\"https:\/\/internetaddictsanonymous.org\/#website\"},\"datePublished\":\"2020-02-09T10:49:59+00:00\",\"dateModified\":\"2026-02-06T00:46:53+00:00\",\"breadcrumb\":{\"@id\":\"https:\/\/internetaddictsanonymous.org\/recovery-stories\/#breadcrumb\"},\"inLanguage\":\"fi\",\"potentialAction\":[{\"@type\":\"ReadAction\",\"target\":[\"https:\/\/internetaddictsanonymous.org\/recovery-stories\/\"]}]},{\"@type\":\"BreadcrumbList\",\"@id\":\"https:\/\/internetaddictsanonymous.org\/recovery-stories\/#breadcrumb\",\"itemListElement\":[{\"@type\":\"ListItem\",\"position\":1,\"name\":\"Home\",\"item\":\"https:\/\/internetaddictsanonymous.org\/\"},{\"@type\":\"ListItem\",\"position\":2,\"name\":\"Recovery Stories\"}]},{\"@type\":\"WebSite\",\"@id\":\"https:\/\/internetaddictsanonymous.org\/#website\",\"url\":\"https:\/\/internetaddictsanonymous.org\/\",\"name\":\"Internet and Technology Addicts Anonymous\",\"description\":\"Worldwide 12-step Fellowship for Internet and Technology Addiction\",\"publisher\":{\"@id\":\"https:\/\/internetaddictsanonymous.org\/#organization\"},\"potentialAction\":[{\"@type\":\"SearchAction\",\"target\":{\"@type\":\"EntryPoint\",\"urlTemplate\":\"https:\/\/internetaddictsanonymous.org\/?s={search_term_string}\"},\"query-input\":{\"@type\":\"PropertyValueSpecification\",\"valueRequired\":true,\"valueName\":\"search_term_string\"}}],\"inLanguage\":\"fi\"},{\"@type\":\"Organization\",\"@id\":\"https:\/\/internetaddictsanonymous.org\/#organization\",\"name\":\"Internet and Technology Addicts Anonymous\",\"url\":\"https:\/\/internetaddictsanonymous.org\/\",\"logo\":{\"@type\":\"ImageObject\",\"inLanguage\":\"fi\",\"@id\":\"https:\/\/internetaddictsanonymous.org\/#\/schema\/logo\/image\/\",\"url\":\"https:\/\/internetaddictsanonymous.org\/wp-content\/uploads\/2023\/01\/cropped-ITAA-logo-480px.png\",\"contentUrl\":\"https:\/\/internetaddictsanonymous.org\/wp-content\/uploads\/2023\/01\/cropped-ITAA-logo-480px.png\",\"width\":480,\"height\":480,\"caption\":\"Internet and Technology Addicts Anonymous\"},\"image\":{\"@id\":\"https:\/\/internetaddictsanonymous.org\/#\/schema\/logo\/image\/\"}}]}<\/script>\n<!-- \/ Yoast SEO plugin. -->","yoast_head_json":{"title":"Toipumistarinoita \u2013 Anonyymit internet- ja teknologiariippuvaiset","robots":{"index":"index","follow":"follow","max-snippet":"max-snippet:-1","max-image-preview":"max-image-preview:large","max-video-preview":"max-video-preview:-1"},"canonical":"https:\/\/internetaddictsanonymous.org\/fi\/toipumistarinoita\/","og_locale":"fi_FI","og_type":"article","og_title":"Recovery Stories &#8211; Internet and Technology Addicts Anonymous","og_description":"Here we share the experience, strength and hope of ITAA members. We share about how it was, what changed, and how it is now. Speaker tapes Lauren VB &#8211; Lifted From a Spiritual Bottom (35min, Jan 18, 2026)Lauren VB &#8211; ITAA Eight Year Anniversary Celebration (35min, June 23 2025)Uma &#8211; ITAA Eight Year Anniversary Celebration &hellip; Continue reading Recovery Stories","og_url":"https:\/\/internetaddictsanonymous.org\/fi\/toipumistarinoita\/","og_site_name":"Internet and Technology Addicts Anonymous","article_modified_time":"2026-02-06T00:46:53+00:00","twitter_card":"summary_large_image","twitter_misc":{"Arvioitu lukuaika":"2 minuuttia"},"schema":{"@context":"https:\/\/schema.org","@graph":[{"@type":"WebPage","@id":"https:\/\/internetaddictsanonymous.org\/recovery-stories\/","url":"https:\/\/internetaddictsanonymous.org\/recovery-stories\/","name":"Toipumistarinoita \u2013 Anonyymit internet- ja teknologiariippuvaiset","isPartOf":{"@id":"https:\/\/internetaddictsanonymous.org\/#website"},"datePublished":"2020-02-09T10:49:59+00:00","dateModified":"2026-02-06T00:46:53+00:00","breadcrumb":{"@id":"https:\/\/internetaddictsanonymous.org\/recovery-stories\/#breadcrumb"},"inLanguage":"fi","potentialAction":[{"@type":"ReadAction","target":["https:\/\/internetaddictsanonymous.org\/recovery-stories\/"]}]},{"@type":"BreadcrumbList","@id":"https:\/\/internetaddictsanonymous.org\/recovery-stories\/#breadcrumb","itemListElement":[{"@type":"ListItem","position":1,"name":"Home","item":"https:\/\/internetaddictsanonymous.org\/"},{"@type":"ListItem","position":2,"name":"Recovery Stories"}]},{"@type":"WebSite","@id":"https:\/\/internetaddictsanonymous.org\/#website","url":"https:\/\/internetaddictsanonymous.org\/","name":"Nimett\u00f6m\u00e4t internetin ja teknologian ongelmak\u00e4ytt\u00e4j\u00e4t","description":"Maailmanlaajuinen 12 askeleen yhteis\u00f6 Internet- ja teknologiariippuvuutta varten","publisher":{"@id":"https:\/\/internetaddictsanonymous.org\/#organization"},"potentialAction":[{"@type":"SearchAction","target":{"@type":"EntryPoint","urlTemplate":"https:\/\/internetaddictsanonymous.org\/?s={search_term_string}"},"query-input":{"@type":"PropertyValueSpecification","valueRequired":true,"valueName":"search_term_string"}}],"inLanguage":"fi"},{"@type":"Organization","@id":"https:\/\/internetaddictsanonymous.org\/#organization","name":"Nimett\u00f6m\u00e4t internetin ja teknologian ongelmak\u00e4ytt\u00e4j\u00e4t","url":"https:\/\/internetaddictsanonymous.org\/","logo":{"@type":"ImageObject","inLanguage":"fi","@id":"https:\/\/internetaddictsanonymous.org\/#\/schema\/logo\/image\/","url":"https:\/\/internetaddictsanonymous.org\/wp-content\/uploads\/2023\/01\/cropped-ITAA-logo-480px.png","contentUrl":"https:\/\/internetaddictsanonymous.org\/wp-content\/uploads\/2023\/01\/cropped-ITAA-logo-480px.png","width":480,"height":480,"caption":"Internet and Technology Addicts Anonymous"},"image":{"@id":"https:\/\/internetaddictsanonymous.org\/#\/schema\/logo\/image\/"}}]}},"jetpack_sharing_enabled":true,"jetpack_shortlink":"https:\/\/wp.me\/P9Fwob-2yD","_links":{"self":[{"href":"https:\/\/internetaddictsanonymous.org\/fi\/wp-json\/wp\/v2\/pages\/9835","targetHints":{"allow":["GET"]}}],"collection":[{"href":"https:\/\/internetaddictsanonymous.org\/fi\/wp-json\/wp\/v2\/pages"}],"about":[{"href":"https:\/\/internetaddictsanonymous.org\/fi\/wp-json\/wp\/v2\/types\/page"}],"author":[{"embeddable":true,"href":"https:\/\/internetaddictsanonymous.org\/fi\/wp-json\/wp\/v2\/users\/35194237"}],"replies":[{"embeddable":true,"href":"https:\/\/internetaddictsanonymous.org\/fi\/wp-json\/wp\/v2\/comments?post=9835"}],"version-history":[{"count":86,"href":"https:\/\/internetaddictsanonymous.org\/fi\/wp-json\/wp\/v2\/pages\/9835\/revisions"}],"predecessor-version":[{"id":20997,"href":"https:\/\/internetaddictsanonymous.org\/fi\/wp-json\/wp\/v2\/pages\/9835\/revisions\/20997"}],"wp:attachment":[{"href":"https:\/\/internetaddictsanonymous.org\/fi\/wp-json\/wp\/v2\/media?parent=9835"}],"wp:term":[{"taxonomy":"post_tag","embeddable":true,"href":"https:\/\/internetaddictsanonymous.org\/fi\/wp-json\/wp\/v2\/tags?post=9835"}],"curies":[{"name":"wp","href":"https:\/\/api.w.org\/{rel}","templated":true}]}}