{"id":10139,"date":"2020-03-05T21:40:58","date_gmt":"2020-03-05T21:40:58","guid":{"rendered":"https:\/\/internetaddictsanonymous.org\/?page_id=10139"},"modified":"2024-11-24T12:50:03","modified_gmt":"2024-11-24T20:50:03","slug":"faire-un-don","status":"publish","type":"page","link":"https:\/\/internetaddictsanonymous.org\/fr\/donate\/","title":{"rendered":"Faire une contribution"},"content":{"rendered":"<p>Conform\u00e9ment aux 7<sup>\u00e8me<\/sup>\u00a0L&#039;ITAA, fid\u00e8le \u00e0 sa tradition, est enti\u00e8rement autofinanc\u00e9e et repose exclusivement sur les dons de ses membres. Si l&#039;ITAA vous a \u00e9t\u00e9 utile dans votre r\u00e9tablissement, nous vous invitons \u00e0 envisager une contribution mensuelle r\u00e9guli\u00e8re afin de permettre \u00e0 notre association de poursuivre ses activit\u00e9s. Chaque don compte et nous vous sommes profond\u00e9ment reconnaissants de votre participation, qui nous permet de transmettre notre message aux personnes d\u00e9pendantes \u00e0 Internet et aux technologies qui souffrent encore. <\/p>\n\n\n\n<p>Vous pouvez faire un don par carte bancaire, virement bancaire, PayPal ou Venmo. Si vous souhaitez rester anonyme, il vous suffit d&#039;indiquer une initiale dans le champ \u201c\u00a0Nom de famille\u00a0\u201d et\/ou d&#039;utiliser une adresse courriel anonyme.<\/p>\n\n\n\n<script src=\"https:\/\/donorbox.org\/widget.js\" type=\"text\/javascript\"><\/script><iframe src=\"https:\/\/donorbox.org\/embed\/itaa\" width=\"100%\" style=\"max-width:500px; min-width:310px;\" seamless=\"seamless\" id=\"dbox-form-embed\" name=\"donorbox\" frameborder=\"0\" scrolling=\"no\" allowpaymentrequest><\/iframe>\n\n\n\n<p>L&#039;ITAA pratique la comptabilit\u00e9 en toute transparence. Vous pouvez consulter les rapports de notre tr\u00e9sorier des ann\u00e9es pr\u00e9c\u00e9dentes. <a href=\"https:\/\/drive.google.com\/drive\/folders\/116fSRg_xja1Fjo72RUP2-Cp3anwWK6LD?usp=sharing\" target=\"_blank\" rel=\"noreferrer noopener nofollow\">ici<\/a>. Nous sommes une organisation \u00e0 but non lucratif am\u00e9ricaine 501(c)(3) exon\u00e9r\u00e9e d&#039;imp\u00f4t f\u00e9d\u00e9ral, constitu\u00e9e dans l&#039;\u00c9tat du Colorado.<\/p>\n<!-- PMB print buttons is only displayed on a single post\/page URLs-->","protected":false},"excerpt":{"rendered":"<p>Conform\u00e9ment \u00e0 la 7e tradition, l&#039;ITAA est enti\u00e8rement autofinanc\u00e9e et repose exclusivement sur les dons de ses membres. Si l&#039;ITAA vous a \u00e9t\u00e9 utile dans votre r\u00e9tablissement, nous vous invitons \u00e0 envisager une contribution mensuelle r\u00e9guli\u00e8re afin de permettre \u00e0 notre association de continuer \u00e0 fonctionner efficacement. Chaque don compte et nous vous sommes profond\u00e9ment reconnaissants de votre participation. <a href=\"https:\/\/internetaddictsanonymous.org\/fr\/donate\/\" class=\"more-link\">Lire la suite de <span class=\"screen-reader-text\">Faire une contribution<\/span><\/a><\/p>","protected":false},"author":35194237,"featured_media":0,"parent":0,"menu_order":0,"comment_status":"closed","ping_status":"closed","template":"full-width-page.php","meta":{"inline_featured_image":false,"_lmt_disableupdate":"","_lmt_disable":"","footnotes":""},"tags":[],"class_list":["post-10139","page","type-page","status-publish","hentry"],"yoast_head":"<!-- This site is optimized with the Yoast SEO plugin v27.5 - https:\/\/yoast.com\/product\/yoast-seo-wordpress\/ -->\n<title>Make a Contribution &#8211; Internet and Technology Addicts Anonymous<\/title>\n<meta name=\"robots\" content=\"index, follow, max-snippet:-1, max-image-preview:large, max-video-preview:-1\" \/>\n<link rel=\"canonical\" href=\"https:\/\/internetaddictsanonymous.org\/fr\/faire-un-don\/\" \/>\n<meta property=\"og:locale\" content=\"fr_FR\" \/>\n<meta property=\"og:type\" content=\"article\" \/>\n<meta property=\"og:title\" content=\"Make a Contribution &#8211; Internet and Technology Addicts Anonymous\" \/>\n<meta property=\"og:description\" content=\"In keeping with the 7th\u00a0tradition, ITAA is fully self-supporting and relies entirely on donations from members. If you have found ITAA beneficial in your recovery, we ask that you consider setting up a recurring monthly contribution to help our fellowship continue to operate effectively. Any amount helps, and we are truly grateful for your participation &hellip; Lire la suite de Make a Contribution\" \/>\n<meta property=\"og:url\" content=\"https:\/\/internetaddictsanonymous.org\/fr\/faire-un-don\/\" \/>\n<meta property=\"og:site_name\" content=\"Internet and Technology Addicts Anonymous\" \/>\n<meta property=\"article:modified_time\" content=\"2024-11-24T20:50:03+00:00\" \/>\n<meta name=\"twitter:card\" content=\"summary_large_image\" \/>\n<meta name=\"twitter:label1\" content=\"Dur\u00e9e de lecture estim\u00e9e\" \/>\n\t<meta name=\"twitter:data1\" content=\"1 minute\" \/>\n<script type=\"application\/ld+json\" class=\"yoast-schema-graph\">{\"@context\":\"https:\\\/\\\/schema.org\",\"@graph\":[{\"@type\":\"WebPage\",\"@id\":\"https:\\\/\\\/internetaddictsanonymous.org\\\/donate\\\/\",\"url\":\"https:\\\/\\\/internetaddictsanonymous.org\\\/donate\\\/\",\"name\":\"Make a Contribution &#8211; Internet and Technology Addicts Anonymous\",\"isPartOf\":{\"@id\":\"https:\\\/\\\/internetaddictsanonymous.org\\\/#website\"},\"datePublished\":\"2020-03-05T21:40:58+00:00\",\"dateModified\":\"2024-11-24T20:50:03+00:00\",\"breadcrumb\":{\"@id\":\"https:\\\/\\\/internetaddictsanonymous.org\\\/donate\\\/#breadcrumb\"},\"inLanguage\":\"fr-FR\",\"potentialAction\":[{\"@type\":\"ReadAction\",\"target\":[\"https:\\\/\\\/internetaddictsanonymous.org\\\/donate\\\/\"]}]},{\"@type\":\"BreadcrumbList\",\"@id\":\"https:\\\/\\\/internetaddictsanonymous.org\\\/donate\\\/#breadcrumb\",\"itemListElement\":[{\"@type\":\"ListItem\",\"position\":1,\"name\":\"Home\",\"item\":\"https:\\\/\\\/internetaddictsanonymous.org\\\/\"},{\"@type\":\"ListItem\",\"position\":2,\"name\":\"Make a Contribution\"}]},{\"@type\":\"WebSite\",\"@id\":\"https:\\\/\\\/internetaddictsanonymous.org\\\/#website\",\"url\":\"https:\\\/\\\/internetaddictsanonymous.org\\\/\",\"name\":\"Internet and Technology Addicts Anonymous\",\"description\":\"Worldwide 12-step Fellowship for Internet and Technology Addiction\",\"publisher\":{\"@id\":\"https:\\\/\\\/internetaddictsanonymous.org\\\/#organization\"},\"potentialAction\":[{\"@type\":\"SearchAction\",\"target\":{\"@type\":\"EntryPoint\",\"urlTemplate\":\"https:\\\/\\\/internetaddictsanonymous.org\\\/?s={search_term_string}\"},\"query-input\":{\"@type\":\"PropertyValueSpecification\",\"valueRequired\":true,\"valueName\":\"search_term_string\"}}],\"inLanguage\":\"fr-FR\"},{\"@type\":\"Organization\",\"@id\":\"https:\\\/\\\/internetaddictsanonymous.org\\\/#organization\",\"name\":\"Internet and Technology Addicts Anonymous\",\"url\":\"https:\\\/\\\/internetaddictsanonymous.org\\\/\",\"logo\":{\"@type\":\"ImageObject\",\"inLanguage\":\"fr-FR\",\"@id\":\"https:\\\/\\\/internetaddictsanonymous.org\\\/#\\\/schema\\\/logo\\\/image\\\/\",\"url\":\"https:\\\/\\\/internetaddictsanonymous.org\\\/wp-content\\\/uploads\\\/2023\\\/01\\\/cropped-ITAA-logo-480px.png\",\"contentUrl\":\"https:\\\/\\\/internetaddictsanonymous.org\\\/wp-content\\\/uploads\\\/2023\\\/01\\\/cropped-ITAA-logo-480px.png\",\"width\":480,\"height\":480,\"caption\":\"Internet and Technology Addicts Anonymous\"},\"image\":{\"@id\":\"https:\\\/\\\/internetaddictsanonymous.org\\\/#\\\/schema\\\/logo\\\/image\\\/\"}}]}<\/script>\n<!-- \/ Yoast SEO plugin. -->","yoast_head_json":{"title":"Faire une contribution - Internet and Technology Addicts Anonymous","robots":{"index":"index","follow":"follow","max-snippet":"max-snippet:-1","max-image-preview":"max-image-preview:large","max-video-preview":"max-video-preview:-1"},"canonical":"https:\/\/internetaddictsanonymous.org\/fr\/faire-un-don\/","og_locale":"fr_FR","og_type":"article","og_title":"Make a Contribution &#8211; Internet and Technology Addicts Anonymous","og_description":"In keeping with the 7th\u00a0tradition, ITAA is fully self-supporting and relies entirely on donations from members. If you have found ITAA beneficial in your recovery, we ask that you consider setting up a recurring monthly contribution to help our fellowship continue to operate effectively. Any amount helps, and we are truly grateful for your participation &hellip; Lire la suite de Make a Contribution","og_url":"https:\/\/internetaddictsanonymous.org\/fr\/faire-un-don\/","og_site_name":"Internet and Technology Addicts Anonymous","article_modified_time":"2024-11-24T20:50:03+00:00","twitter_card":"summary_large_image","twitter_misc":{"Dur\u00e9e de lecture estim\u00e9e":"1 minute"},"schema":{"@context":"https:\/\/schema.org","@graph":[{"@type":"WebPage","@id":"https:\/\/internetaddictsanonymous.org\/donate\/","url":"https:\/\/internetaddictsanonymous.org\/donate\/","name":"Faire une contribution - Internet and Technology Addicts Anonymous","isPartOf":{"@id":"https:\/\/internetaddictsanonymous.org\/#website"},"datePublished":"2020-03-05T21:40:58+00:00","dateModified":"2024-11-24T20:50:03+00:00","breadcrumb":{"@id":"https:\/\/internetaddictsanonymous.org\/donate\/#breadcrumb"},"inLanguage":"fr-FR","potentialAction":[{"@type":"ReadAction","target":["https:\/\/internetaddictsanonymous.org\/donate\/"]}]},{"@type":"BreadcrumbList","@id":"https:\/\/internetaddictsanonymous.org\/donate\/#breadcrumb","itemListElement":[{"@type":"ListItem","position":1,"name":"Home","item":"https:\/\/internetaddictsanonymous.org\/"},{"@type":"ListItem","position":2,"name":"Make a Contribution"}]},{"@type":"WebSite","@id":"https:\/\/internetaddictsanonymous.org\/#website","url":"https:\/\/internetaddictsanonymous.org\/","name":"D\u00e9pendants \u00e0 Internet et aux technologies anonymes","description":"Communaut\u00e9 mondiale en 12 \u00e9tapes pour la d\u00e9pendance \u00e0 l'Internet et \u00e0 la technologie","publisher":{"@id":"https:\/\/internetaddictsanonymous.org\/#organization"},"potentialAction":[{"@type":"SearchAction","target":{"@type":"EntryPoint","urlTemplate":"https:\/\/internetaddictsanonymous.org\/?s={search_term_string}"},"query-input":{"@type":"PropertyValueSpecification","valueRequired":true,"valueName":"search_term_string"}}],"inLanguage":"fr-FR"},{"@type":"Organization","@id":"https:\/\/internetaddictsanonymous.org\/#organization","name":"D\u00e9pendants \u00e0 Internet et aux technologies anonymes","url":"https:\/\/internetaddictsanonymous.org\/","logo":{"@type":"ImageObject","inLanguage":"fr-FR","@id":"https:\/\/internetaddictsanonymous.org\/#\/schema\/logo\/image\/","url":"https:\/\/internetaddictsanonymous.org\/wp-content\/uploads\/2023\/01\/cropped-ITAA-logo-480px.png","contentUrl":"https:\/\/internetaddictsanonymous.org\/wp-content\/uploads\/2023\/01\/cropped-ITAA-logo-480px.png","width":480,"height":480,"caption":"Internet and Technology Addicts Anonymous"},"image":{"@id":"https:\/\/internetaddictsanonymous.org\/#\/schema\/logo\/image\/"}}]}},"jetpack_sharing_enabled":true,"jetpack_shortlink":"https:\/\/wp.me\/P9Fwob-2Dx","_links":{"self":[{"href":"https:\/\/internetaddictsanonymous.org\/fr\/wp-json\/wp\/v2\/pages\/10139","targetHints":{"allow":["GET"]}}],"collection":[{"href":"https:\/\/internetaddictsanonymous.org\/fr\/wp-json\/wp\/v2\/pages"}],"about":[{"href":"https:\/\/internetaddictsanonymous.org\/fr\/wp-json\/wp\/v2\/types\/page"}],"author":[{"embeddable":true,"href":"https:\/\/internetaddictsanonymous.org\/fr\/wp-json\/wp\/v2\/users\/35194237"}],"replies":[{"embeddable":true,"href":"https:\/\/internetaddictsanonymous.org\/fr\/wp-json\/wp\/v2\/comments?post=10139"}],"version-history":[{"count":36,"href":"https:\/\/internetaddictsanonymous.org\/fr\/wp-json\/wp\/v2\/pages\/10139\/revisions"}],"predecessor-version":[{"id":18966,"href":"https:\/\/internetaddictsanonymous.org\/fr\/wp-json\/wp\/v2\/pages\/10139\/revisions\/18966"}],"wp:attachment":[{"href":"https:\/\/internetaddictsanonymous.org\/fr\/wp-json\/wp\/v2\/media?parent=10139"}],"wp:term":[{"taxonomy":"post_tag","embeddable":true,"href":"https:\/\/internetaddictsanonymous.org\/fr\/wp-json\/wp\/v2\/tags?post=10139"}],"curies":[{"name":"wp","href":"https:\/\/api.w.org\/{rel}","templated":true}]}}