{"id":10858,"date":"2020-05-31T09:19:27","date_gmt":"2020-05-31T09:19:27","guid":{"rendered":"https:\/\/internetaddictsanonymous.org\/?page_id=10858"},"modified":"2026-03-10T09:02:56","modified_gmt":"2026-03-10T16:02:56","slug":"tableau-daffichage-des-annonces-et-des-services","status":"publish","type":"page","link":"https:\/\/internetaddictsanonymous.org\/fr\/announcements-and-service-bulletin-board\/","title":{"rendered":"Tableau d&#039;affichage des annonces"},"content":{"rendered":"<p>Il s&#039;agit d&#039;un tableau d&#039;affichage r\u00e9guli\u00e8rement mis \u00e0 jour avec des annonces relatives \u00e0 l&#039;ITAA dans son ensemble.<br><a href=\"https:\/\/internetaddictsanonymous.org\/fr\/annonces-archives\/\">Archives du babillard des annonces<\/a><\/p>\n\n\n\n<p><strong>Annonces<\/strong><\/p>\n\n\n\n<p>Le 8 mars, les \u00c9tats-Unis passeront \u00e0 l&#039;heure d&#039;\u00e9t\u00e9. Le calendrier de l&#039;ITAA s&#039;adapte \u00e0 ce changement\u00a0; par cons\u00e9quent, si vous ne r\u00e9sidez pas aux \u00c9tats-Unis, vos horaires de r\u00e9union pourraient \u00eatre modifi\u00e9s au cours des prochaines semaines.<\/p>\n\n\n\n<p class=\"has-text-align-center\">-~-<\/p>\n\n\n\n<p>Planning has started for a potential ITAA Mid-Atlantic gathering this spring in NYC. The Mid-Atlantic Convention Committee (MACC) will be holding its first planning meeting on March 19th and all are welcome to attend. If you\u2019d like to attend or help with early planning, please email itaa.macc@gmail.com<\/p>\n\n\n\n<p class=\"has-text-align-center\">-~-<\/p>\n\n\n\n<p>De nouvelles r\u00e9unions en pr\u00e9sentiel ont d\u00e9but\u00e9 \u00e0 Seattle, \u00c9dimbourg et Copenhague. Des demandes ont \u00e9t\u00e9 formul\u00e9es pour organiser des r\u00e9unions similaires \u00e0 Buffalo (New York) et \u00e0 Cleveland (Ohio). Consultez la page d\u00e9di\u00e9e aux r\u00e9unions en pr\u00e9sentiel sur notre site web pour plus d&#039;informations. Par ailleurs, les informations concernant les r\u00e9unions en pr\u00e9sentiel \u00e0 Cleveland, Toronto et Londres ont \u00e9t\u00e9 mises \u00e0 jour.<\/p>\n\n\n\n<p class=\"has-text-align-center\">-~-<\/p>\n\n\n\n<p class=\"has-text-align-center\"><\/p>\n\n\n\n<p class=\"has-text-align-center\"><\/p>\n\n\n\n<p><\/p>\n<!-- PMB print buttons is only displayed on a single post\/page URLs-->","protected":false},"excerpt":{"rendered":"<p>Ce tableau d&#039;affichage est r\u00e9guli\u00e8rement mis \u00e0 jour et contient des annonces concernant l&#039;ITAA dans son ensemble. Annonces Archives du tableau d&#039;affichage Annonces Le 8 mars, les \u00c9tats-Unis passeront \u00e0 l&#039;heure d&#039;\u00e9t\u00e9. Le calendrier de l&#039;ITAA s&#039;adapte \u00e0 ce changement\u00a0; par cons\u00e9quent, si vous n&#039;\u00eates pas aux \u00c9tats-Unis, les horaires de vos r\u00e9unions pourraient \u00eatre modifi\u00e9s au cours des prochaines semaines. -~- Planification\u2026 <a href=\"https:\/\/internetaddictsanonymous.org\/fr\/announcements-and-service-bulletin-board\/\" class=\"more-link\">Lire la suite de <span class=\"screen-reader-text\">Tableau d&#039;affichage des annonces<\/span><\/a><\/p>","protected":false},"author":35194237,"featured_media":0,"parent":0,"menu_order":0,"comment_status":"closed","ping_status":"closed","template":"full-width-page.php","meta":{"inline_featured_image":false,"_lmt_disableupdate":"no","_lmt_disable":"","jetpack_post_was_ever_published":false,"footnotes":""},"tags":[],"class_list":["post-10858","page","type-page","status-publish","hentry"],"yoast_head":"<!-- This site is optimized with the Yoast SEO plugin v27.1.1 - https:\/\/yoast.com\/product\/yoast-seo-wordpress\/ -->\n<title>Announcements Bulletin Board &#8211; Internet and Technology Addicts Anonymous<\/title>\n<meta name=\"robots\" content=\"index, follow, max-snippet:-1, max-image-preview:large, max-video-preview:-1\" \/>\n<link rel=\"canonical\" href=\"https:\/\/internetaddictsanonymous.org\/fr\/tableau-daffichage-des-annonces-et-des-services\/\" \/>\n<meta property=\"og:locale\" content=\"fr_FR\" \/>\n<meta property=\"og:type\" content=\"article\" \/>\n<meta property=\"og:title\" content=\"Announcements Bulletin Board &#8211; Internet and Technology Addicts Anonymous\" \/>\n<meta property=\"og:description\" content=\"This is a regularly updated bulletin board with announcements pertaining to ITAA as a whole.Announcements Bulletin Board Archive Announcements On March 8th, the US will enter Daylight Saving Time. The ITAA calendar follows this shift, so if you are not in the US, your meeting times may change over the next few weeks. -~- Planning &hellip; Lire la suite de Announcements Bulletin Board\" \/>\n<meta property=\"og:url\" content=\"https:\/\/internetaddictsanonymous.org\/fr\/tableau-daffichage-des-annonces-et-des-services\/\" \/>\n<meta property=\"og:site_name\" content=\"Internet and Technology Addicts Anonymous\" \/>\n<meta property=\"article:modified_time\" content=\"2026-03-10T16:02:56+00:00\" \/>\n<meta name=\"twitter:card\" content=\"summary_large_image\" \/>\n<meta name=\"twitter:label1\" content=\"Dur\u00e9e de lecture estim\u00e9e\" \/>\n\t<meta name=\"twitter:data1\" content=\"1 minute\" \/>\n<script type=\"application\/ld+json\" class=\"yoast-schema-graph\">{\"@context\":\"https:\/\/schema.org\",\"@graph\":[{\"@type\":\"WebPage\",\"@id\":\"https:\/\/internetaddictsanonymous.org\/announcements-and-service-bulletin-board\/\",\"url\":\"https:\/\/internetaddictsanonymous.org\/announcements-and-service-bulletin-board\/\",\"name\":\"Announcements Bulletin Board &#8211; Internet and Technology Addicts Anonymous\",\"isPartOf\":{\"@id\":\"https:\/\/internetaddictsanonymous.org\/#website\"},\"datePublished\":\"2020-05-31T09:19:27+00:00\",\"dateModified\":\"2026-03-10T16:02:56+00:00\",\"breadcrumb\":{\"@id\":\"https:\/\/internetaddictsanonymous.org\/announcements-and-service-bulletin-board\/#breadcrumb\"},\"inLanguage\":\"fr-FR\",\"potentialAction\":[{\"@type\":\"ReadAction\",\"target\":[\"https:\/\/internetaddictsanonymous.org\/announcements-and-service-bulletin-board\/\"]}]},{\"@type\":\"BreadcrumbList\",\"@id\":\"https:\/\/internetaddictsanonymous.org\/announcements-and-service-bulletin-board\/#breadcrumb\",\"itemListElement\":[{\"@type\":\"ListItem\",\"position\":1,\"name\":\"Home\",\"item\":\"https:\/\/internetaddictsanonymous.org\/\"},{\"@type\":\"ListItem\",\"position\":2,\"name\":\"Announcements Bulletin Board\"}]},{\"@type\":\"WebSite\",\"@id\":\"https:\/\/internetaddictsanonymous.org\/#website\",\"url\":\"https:\/\/internetaddictsanonymous.org\/\",\"name\":\"Internet and Technology Addicts Anonymous\",\"description\":\"Worldwide 12-step Fellowship for Internet and Technology Addiction\",\"publisher\":{\"@id\":\"https:\/\/internetaddictsanonymous.org\/#organization\"},\"potentialAction\":[{\"@type\":\"SearchAction\",\"target\":{\"@type\":\"EntryPoint\",\"urlTemplate\":\"https:\/\/internetaddictsanonymous.org\/?s={search_term_string}\"},\"query-input\":{\"@type\":\"PropertyValueSpecification\",\"valueRequired\":true,\"valueName\":\"search_term_string\"}}],\"inLanguage\":\"fr-FR\"},{\"@type\":\"Organization\",\"@id\":\"https:\/\/internetaddictsanonymous.org\/#organization\",\"name\":\"Internet and Technology Addicts Anonymous\",\"url\":\"https:\/\/internetaddictsanonymous.org\/\",\"logo\":{\"@type\":\"ImageObject\",\"inLanguage\":\"fr-FR\",\"@id\":\"https:\/\/internetaddictsanonymous.org\/#\/schema\/logo\/image\/\",\"url\":\"https:\/\/internetaddictsanonymous.org\/wp-content\/uploads\/2023\/01\/cropped-ITAA-logo-480px.png\",\"contentUrl\":\"https:\/\/internetaddictsanonymous.org\/wp-content\/uploads\/2023\/01\/cropped-ITAA-logo-480px.png\",\"width\":480,\"height\":480,\"caption\":\"Internet and Technology Addicts Anonymous\"},\"image\":{\"@id\":\"https:\/\/internetaddictsanonymous.org\/#\/schema\/logo\/image\/\"}}]}<\/script>\n<!-- \/ Yoast SEO plugin. -->","yoast_head_json":{"title":"Tableau d'affichage des annonces - Internet and Technology Addicts Anonymous","robots":{"index":"index","follow":"follow","max-snippet":"max-snippet:-1","max-image-preview":"max-image-preview:large","max-video-preview":"max-video-preview:-1"},"canonical":"https:\/\/internetaddictsanonymous.org\/fr\/tableau-daffichage-des-annonces-et-des-services\/","og_locale":"fr_FR","og_type":"article","og_title":"Announcements Bulletin Board &#8211; Internet and Technology Addicts Anonymous","og_description":"This is a regularly updated bulletin board with announcements pertaining to ITAA as a whole.Announcements Bulletin Board Archive Announcements On March 8th, the US will enter Daylight Saving Time. The ITAA calendar follows this shift, so if you are not in the US, your meeting times may change over the next few weeks. -~- Planning &hellip; Lire la suite de Announcements Bulletin Board","og_url":"https:\/\/internetaddictsanonymous.org\/fr\/tableau-daffichage-des-annonces-et-des-services\/","og_site_name":"Internet and Technology Addicts Anonymous","article_modified_time":"2026-03-10T16:02:56+00:00","twitter_card":"summary_large_image","twitter_misc":{"Dur\u00e9e de lecture estim\u00e9e":"1 minute"},"schema":{"@context":"https:\/\/schema.org","@graph":[{"@type":"WebPage","@id":"https:\/\/internetaddictsanonymous.org\/announcements-and-service-bulletin-board\/","url":"https:\/\/internetaddictsanonymous.org\/announcements-and-service-bulletin-board\/","name":"Tableau d'affichage des annonces - Internet and Technology Addicts Anonymous","isPartOf":{"@id":"https:\/\/internetaddictsanonymous.org\/#website"},"datePublished":"2020-05-31T09:19:27+00:00","dateModified":"2026-03-10T16:02:56+00:00","breadcrumb":{"@id":"https:\/\/internetaddictsanonymous.org\/announcements-and-service-bulletin-board\/#breadcrumb"},"inLanguage":"fr-FR","potentialAction":[{"@type":"ReadAction","target":["https:\/\/internetaddictsanonymous.org\/announcements-and-service-bulletin-board\/"]}]},{"@type":"BreadcrumbList","@id":"https:\/\/internetaddictsanonymous.org\/announcements-and-service-bulletin-board\/#breadcrumb","itemListElement":[{"@type":"ListItem","position":1,"name":"Home","item":"https:\/\/internetaddictsanonymous.org\/"},{"@type":"ListItem","position":2,"name":"Announcements Bulletin Board"}]},{"@type":"WebSite","@id":"https:\/\/internetaddictsanonymous.org\/#website","url":"https:\/\/internetaddictsanonymous.org\/","name":"D\u00e9pendants \u00e0 Internet et aux technologies anonymes","description":"Communaut\u00e9 mondiale en 12 \u00e9tapes pour la d\u00e9pendance \u00e0 l'Internet et \u00e0 la technologie","publisher":{"@id":"https:\/\/internetaddictsanonymous.org\/#organization"},"potentialAction":[{"@type":"SearchAction","target":{"@type":"EntryPoint","urlTemplate":"https:\/\/internetaddictsanonymous.org\/?s={search_term_string}"},"query-input":{"@type":"PropertyValueSpecification","valueRequired":true,"valueName":"search_term_string"}}],"inLanguage":"fr-FR"},{"@type":"Organization","@id":"https:\/\/internetaddictsanonymous.org\/#organization","name":"D\u00e9pendants \u00e0 Internet et aux technologies anonymes","url":"https:\/\/internetaddictsanonymous.org\/","logo":{"@type":"ImageObject","inLanguage":"fr-FR","@id":"https:\/\/internetaddictsanonymous.org\/#\/schema\/logo\/image\/","url":"https:\/\/internetaddictsanonymous.org\/wp-content\/uploads\/2023\/01\/cropped-ITAA-logo-480px.png","contentUrl":"https:\/\/internetaddictsanonymous.org\/wp-content\/uploads\/2023\/01\/cropped-ITAA-logo-480px.png","width":480,"height":480,"caption":"Internet and Technology Addicts Anonymous"},"image":{"@id":"https:\/\/internetaddictsanonymous.org\/#\/schema\/logo\/image\/"}}]}},"jetpack_sharing_enabled":true,"jetpack_shortlink":"https:\/\/wp.me\/P9Fwob-2P8","_links":{"self":[{"href":"https:\/\/internetaddictsanonymous.org\/fr\/wp-json\/wp\/v2\/pages\/10858","targetHints":{"allow":["GET"]}}],"collection":[{"href":"https:\/\/internetaddictsanonymous.org\/fr\/wp-json\/wp\/v2\/pages"}],"about":[{"href":"https:\/\/internetaddictsanonymous.org\/fr\/wp-json\/wp\/v2\/types\/page"}],"author":[{"embeddable":true,"href":"https:\/\/internetaddictsanonymous.org\/fr\/wp-json\/wp\/v2\/users\/35194237"}],"replies":[{"embeddable":true,"href":"https:\/\/internetaddictsanonymous.org\/fr\/wp-json\/wp\/v2\/comments?post=10858"}],"version-history":[{"count":100,"href":"https:\/\/internetaddictsanonymous.org\/fr\/wp-json\/wp\/v2\/pages\/10858\/revisions"}],"predecessor-version":[{"id":21111,"href":"https:\/\/internetaddictsanonymous.org\/fr\/wp-json\/wp\/v2\/pages\/10858\/revisions\/21111"}],"wp:attachment":[{"href":"https:\/\/internetaddictsanonymous.org\/fr\/wp-json\/wp\/v2\/media?parent=10858"}],"wp:term":[{"taxonomy":"post_tag","embeddable":true,"href":"https:\/\/internetaddictsanonymous.org\/fr\/wp-json\/wp\/v2\/tags?post=10858"}],"curies":[{"name":"wp","href":"https:\/\/api.w.org\/{rel}","templated":true}]}}