{"id":11139,"date":"2020-06-14T09:30:42","date_gmt":"2020-06-14T09:30:42","guid":{"rendered":"https:\/\/internetaddictsanonymous.org\/?page_id=11139"},"modified":"2024-04-21T11:01:29","modified_gmt":"2024-04-21T15:01:29","slug":"service-2","status":"publish","type":"page","link":"https:\/\/internetaddictsanonymous.org\/fr\/service-2\/","title":{"rendered":"Service"},"content":{"rendered":"<p>Le service est la contribution volontaire de notre temps et de notre \u00e9nergie pour aider d'autres membres de l'ITAA, tout comme nous avons \u00e9t\u00e9 aid\u00e9s par d'autres. C'est un outil puissant pour renforcer notre propre sobri\u00e9t\u00e9, et c'est un cadeau pour nous de pouvoir avoir un impact aussi significatif dans la vie d'une autre personne.<\/p>\n\n\n\n<p>Vous trouverez ci-dessous diverses ressources sur le fonctionnement du service au sein de l'ITAA et sur la mani\u00e8re dont vous pouvez vous impliquer :<\/p>\n\n\n\n<p><strong><a href=\"https:\/\/internetaddictsanonymous.org\/fr\/ism\/\">R\u00e9unions de service internationales<\/a><\/strong><br>D\u00e9tails et informations sur nos r\u00e9unions de service internationales (ISM), au cours desquelles nous discutons de questions importantes et \u00e9laborons des solutions pour renforcer la croissance de notre fraternit\u00e9. <\/p>\n\n\n\n<p><strong><a href=\"https:\/\/internetaddictsanonymous.org\/fr\/postes-de-service-ouverts\/\">Postes de service et comit\u00e9s<\/a><\/strong><br>D\u00e9tails et informations sur les r\u00e9unions de nos diff\u00e9rents comit\u00e9s de service, par le biais desquels nous r\u00e9digeons de la documentation, maintenons des services \u00e0 l'\u00e9chelle de la fraternit\u00e9 et travaillons ensemble pour continuer \u00e0 am\u00e9liorer l'ITAA.<\/p>\n\n\n\n<p><a href=\"https:\/\/internetaddictsanonymous.org\/fr\/leading-and-strengthening-meetings\/\"><strong>Fonctionnement des r\u00e9unions<\/strong><\/a><br>Un guide complet pour cr\u00e9er des r\u00e9unions fortes, saines et en pleine croissance.<\/p>\n\n\n\n<p><strong><a href=\"https:\/\/internetaddictsanonymous.org\/fr\/guide-des-groupes-de-conscience\/\">Un guide pour les consciences de groupe<\/a><\/strong><br>Un aper\u00e7u d\u00e9taill\u00e9 du processus de conscience de groupe par lequel nous prenons des d\u00e9cisions en groupe.<\/p>\n\n\n\n<p><strong><a href=\"https:\/\/internetaddictsanonymous.org\/fr\/parrainage\/\">L&#039;importance du parrainage<\/a><\/strong><br>Un aper\u00e7u du parrainage, dans lequel un membre sobre qui a travaill\u00e9 les Douze \u00c9tapes soutient un autre membre dans son r\u00e9tablissement.<\/p>\n\n\n\n<p><strong><a href=\"https:\/\/internetaddictsanonymous.org\/fr\/la-securite-dans-laita\/\">La s\u00e9curit\u00e9 au sein de DITA - D\u00e9pendants \u00e0 Internet et aux Technologies Anonymes<\/a><br><\/strong>Un guide pour r\u00e9agir \u00e0 un comportement dangereux ou inappropri\u00e9.<\/p>\n\n\n\n<p><strong><a href=\"https:\/\/internetaddictsanonymous.org\/fr\/gsr\/\">Qu&#039;est-ce qu&#039;un \u00ab\u00a0repr\u00e9sentant de service de groupe\u00a0\u00bb dans ITAA\u00a0?<\/a><\/strong><br>Un aper\u00e7u de ce que signifie \u00eatre un repr\u00e9sentant de service de groupe : un membre qui aide \u00e0 repr\u00e9senter un groupe ITAA particulier lors de nos ISM \u00e0 l'\u00e9chelle de la fraternit\u00e9.<\/p>\n<!-- PMB print buttons is only displayed on a single post\/page URLs-->","protected":false},"excerpt":{"rendered":"<p>Le service est la contribution volontaire de notre temps et de notre \u00e9nergie pour aider les autres membres de l&#039;ITAA, tout comme nous avons \u00e9t\u00e9 aid\u00e9s par d&#039;autres. C\u2019est un outil puissant pour renforcer notre propre sobri\u00e9t\u00e9, et nous avons trouv\u00e9 que c\u2019est un cadeau de pouvoir avoir un impact aussi significatif dans la vie d\u2019autrui\u2026 <a href=\"https:\/\/internetaddictsanonymous.org\/fr\/service-2\/\" class=\"more-link\">Lire la suite de <span class=\"screen-reader-text\">Service<\/span><\/a><\/p>","protected":false},"author":35194237,"featured_media":0,"parent":0,"menu_order":0,"comment_status":"closed","ping_status":"closed","template":"full-width-page.php","meta":{"inline_featured_image":false,"_lmt_disableupdate":"","_lmt_disable":"","jetpack_post_was_ever_published":false,"footnotes":""},"tags":[],"class_list":["post-11139","page","type-page","status-publish","hentry"],"yoast_head":"<!-- This site is optimized with the Yoast SEO plugin v27.3 - https:\/\/yoast.com\/product\/yoast-seo-wordpress\/ -->\n<title>Service &#8211; Internet and Technology Addicts Anonymous<\/title>\n<meta name=\"robots\" content=\"index, follow, max-snippet:-1, max-image-preview:large, max-video-preview:-1\" \/>\n<link rel=\"canonical\" href=\"https:\/\/internetaddictsanonymous.org\/fr\/service-2\/\" \/>\n<meta property=\"og:locale\" content=\"fr_FR\" \/>\n<meta property=\"og:type\" content=\"article\" \/>\n<meta property=\"og:title\" content=\"Service &#8211; Internet and Technology Addicts Anonymous\" \/>\n<meta property=\"og:description\" content=\"Service is the voluntary contribution of our time and energy to help other members of ITAA, just as we have been helped by others. It is a powerful tool in strengthening our own sobriety, and we have found it a gift to be able to make such a meaningful impact in the life of another &hellip; Lire la suite de Service\" \/>\n<meta property=\"og:url\" content=\"https:\/\/internetaddictsanonymous.org\/fr\/service-2\/\" \/>\n<meta property=\"og:site_name\" content=\"Internet and Technology Addicts Anonymous\" \/>\n<meta property=\"article:modified_time\" content=\"2024-04-21T15:01:29+00:00\" \/>\n<meta name=\"twitter:card\" content=\"summary_large_image\" \/>\n<meta name=\"twitter:label1\" content=\"Dur\u00e9e de lecture estim\u00e9e\" \/>\n\t<meta name=\"twitter:data1\" content=\"2 minutes\" \/>\n<script type=\"application\/ld+json\" class=\"yoast-schema-graph\">{\"@context\":\"https:\\\/\\\/schema.org\",\"@graph\":[{\"@type\":\"WebPage\",\"@id\":\"https:\\\/\\\/internetaddictsanonymous.org\\\/service-2\\\/\",\"url\":\"https:\\\/\\\/internetaddictsanonymous.org\\\/service-2\\\/\",\"name\":\"Service &#8211; Internet and Technology Addicts Anonymous\",\"isPartOf\":{\"@id\":\"https:\\\/\\\/internetaddictsanonymous.org\\\/#website\"},\"datePublished\":\"2020-06-14T09:30:42+00:00\",\"dateModified\":\"2024-04-21T15:01:29+00:00\",\"breadcrumb\":{\"@id\":\"https:\\\/\\\/internetaddictsanonymous.org\\\/service-2\\\/#breadcrumb\"},\"inLanguage\":\"fr-FR\",\"potentialAction\":[{\"@type\":\"ReadAction\",\"target\":[\"https:\\\/\\\/internetaddictsanonymous.org\\\/service-2\\\/\"]}]},{\"@type\":\"BreadcrumbList\",\"@id\":\"https:\\\/\\\/internetaddictsanonymous.org\\\/service-2\\\/#breadcrumb\",\"itemListElement\":[{\"@type\":\"ListItem\",\"position\":1,\"name\":\"Home\",\"item\":\"https:\\\/\\\/internetaddictsanonymous.org\\\/\"},{\"@type\":\"ListItem\",\"position\":2,\"name\":\"Service\"}]},{\"@type\":\"WebSite\",\"@id\":\"https:\\\/\\\/internetaddictsanonymous.org\\\/#website\",\"url\":\"https:\\\/\\\/internetaddictsanonymous.org\\\/\",\"name\":\"Internet and Technology Addicts Anonymous\",\"description\":\"Worldwide 12-step Fellowship for Internet and Technology Addiction\",\"publisher\":{\"@id\":\"https:\\\/\\\/internetaddictsanonymous.org\\\/#organization\"},\"potentialAction\":[{\"@type\":\"SearchAction\",\"target\":{\"@type\":\"EntryPoint\",\"urlTemplate\":\"https:\\\/\\\/internetaddictsanonymous.org\\\/?s={search_term_string}\"},\"query-input\":{\"@type\":\"PropertyValueSpecification\",\"valueRequired\":true,\"valueName\":\"search_term_string\"}}],\"inLanguage\":\"fr-FR\"},{\"@type\":\"Organization\",\"@id\":\"https:\\\/\\\/internetaddictsanonymous.org\\\/#organization\",\"name\":\"Internet and Technology Addicts Anonymous\",\"url\":\"https:\\\/\\\/internetaddictsanonymous.org\\\/\",\"logo\":{\"@type\":\"ImageObject\",\"inLanguage\":\"fr-FR\",\"@id\":\"https:\\\/\\\/internetaddictsanonymous.org\\\/#\\\/schema\\\/logo\\\/image\\\/\",\"url\":\"https:\\\/\\\/internetaddictsanonymous.org\\\/wp-content\\\/uploads\\\/2023\\\/01\\\/cropped-ITAA-logo-480px.png\",\"contentUrl\":\"https:\\\/\\\/internetaddictsanonymous.org\\\/wp-content\\\/uploads\\\/2023\\\/01\\\/cropped-ITAA-logo-480px.png\",\"width\":480,\"height\":480,\"caption\":\"Internet and Technology Addicts Anonymous\"},\"image\":{\"@id\":\"https:\\\/\\\/internetaddictsanonymous.org\\\/#\\\/schema\\\/logo\\\/image\\\/\"}}]}<\/script>\n<!-- \/ Yoast SEO plugin. -->","yoast_head_json":{"title":"Service - Addicts \u00e0 l'Internet et \u00e0 la technologie anonymes","robots":{"index":"index","follow":"follow","max-snippet":"max-snippet:-1","max-image-preview":"max-image-preview:large","max-video-preview":"max-video-preview:-1"},"canonical":"https:\/\/internetaddictsanonymous.org\/fr\/service-2\/","og_locale":"fr_FR","og_type":"article","og_title":"Service &#8211; Internet and Technology Addicts Anonymous","og_description":"Service is the voluntary contribution of our time and energy to help other members of ITAA, just as we have been helped by others. It is a powerful tool in strengthening our own sobriety, and we have found it a gift to be able to make such a meaningful impact in the life of another &hellip; Lire la suite de Service","og_url":"https:\/\/internetaddictsanonymous.org\/fr\/service-2\/","og_site_name":"Internet and Technology Addicts Anonymous","article_modified_time":"2024-04-21T15:01:29+00:00","twitter_card":"summary_large_image","twitter_misc":{"Dur\u00e9e de lecture estim\u00e9e":"2 minutes"},"schema":{"@context":"https:\/\/schema.org","@graph":[{"@type":"WebPage","@id":"https:\/\/internetaddictsanonymous.org\/service-2\/","url":"https:\/\/internetaddictsanonymous.org\/service-2\/","name":"Service - Addicts \u00e0 l'Internet et \u00e0 la technologie anonymes","isPartOf":{"@id":"https:\/\/internetaddictsanonymous.org\/#website"},"datePublished":"2020-06-14T09:30:42+00:00","dateModified":"2024-04-21T15:01:29+00:00","breadcrumb":{"@id":"https:\/\/internetaddictsanonymous.org\/service-2\/#breadcrumb"},"inLanguage":"fr-FR","potentialAction":[{"@type":"ReadAction","target":["https:\/\/internetaddictsanonymous.org\/service-2\/"]}]},{"@type":"BreadcrumbList","@id":"https:\/\/internetaddictsanonymous.org\/service-2\/#breadcrumb","itemListElement":[{"@type":"ListItem","position":1,"name":"Home","item":"https:\/\/internetaddictsanonymous.org\/"},{"@type":"ListItem","position":2,"name":"Service"}]},{"@type":"WebSite","@id":"https:\/\/internetaddictsanonymous.org\/#website","url":"https:\/\/internetaddictsanonymous.org\/","name":"D\u00e9pendants \u00e0 Internet et aux technologies anonymes","description":"Communaut\u00e9 mondiale en 12 \u00e9tapes pour la d\u00e9pendance \u00e0 l'Internet et \u00e0 la technologie","publisher":{"@id":"https:\/\/internetaddictsanonymous.org\/#organization"},"potentialAction":[{"@type":"SearchAction","target":{"@type":"EntryPoint","urlTemplate":"https:\/\/internetaddictsanonymous.org\/?s={search_term_string}"},"query-input":{"@type":"PropertyValueSpecification","valueRequired":true,"valueName":"search_term_string"}}],"inLanguage":"fr-FR"},{"@type":"Organization","@id":"https:\/\/internetaddictsanonymous.org\/#organization","name":"D\u00e9pendants \u00e0 Internet et aux technologies anonymes","url":"https:\/\/internetaddictsanonymous.org\/","logo":{"@type":"ImageObject","inLanguage":"fr-FR","@id":"https:\/\/internetaddictsanonymous.org\/#\/schema\/logo\/image\/","url":"https:\/\/internetaddictsanonymous.org\/wp-content\/uploads\/2023\/01\/cropped-ITAA-logo-480px.png","contentUrl":"https:\/\/internetaddictsanonymous.org\/wp-content\/uploads\/2023\/01\/cropped-ITAA-logo-480px.png","width":480,"height":480,"caption":"Internet and Technology Addicts Anonymous"},"image":{"@id":"https:\/\/internetaddictsanonymous.org\/#\/schema\/logo\/image\/"}}]}},"jetpack_sharing_enabled":true,"jetpack_shortlink":"https:\/\/wp.me\/P9Fwob-2TF","_links":{"self":[{"href":"https:\/\/internetaddictsanonymous.org\/fr\/wp-json\/wp\/v2\/pages\/11139","targetHints":{"allow":["GET"]}}],"collection":[{"href":"https:\/\/internetaddictsanonymous.org\/fr\/wp-json\/wp\/v2\/pages"}],"about":[{"href":"https:\/\/internetaddictsanonymous.org\/fr\/wp-json\/wp\/v2\/types\/page"}],"author":[{"embeddable":true,"href":"https:\/\/internetaddictsanonymous.org\/fr\/wp-json\/wp\/v2\/users\/35194237"}],"replies":[{"embeddable":true,"href":"https:\/\/internetaddictsanonymous.org\/fr\/wp-json\/wp\/v2\/comments?post=11139"}],"version-history":[{"count":9,"href":"https:\/\/internetaddictsanonymous.org\/fr\/wp-json\/wp\/v2\/pages\/11139\/revisions"}],"predecessor-version":[{"id":17892,"href":"https:\/\/internetaddictsanonymous.org\/fr\/wp-json\/wp\/v2\/pages\/11139\/revisions\/17892"}],"wp:attachment":[{"href":"https:\/\/internetaddictsanonymous.org\/fr\/wp-json\/wp\/v2\/media?parent=11139"}],"wp:term":[{"taxonomy":"post_tag","embeddable":true,"href":"https:\/\/internetaddictsanonymous.org\/fr\/wp-json\/wp\/v2\/tags?post=11139"}],"curies":[{"name":"wp","href":"https:\/\/api.w.org\/{rel}","templated":true}]}}