{"id":11348,"date":"2020-07-12T07:06:35","date_gmt":"2020-07-12T07:06:35","guid":{"rendered":"https:\/\/internetaddictsanonymous.org\/?page_id=11348"},"modified":"2025-09-14T11:35:18","modified_gmt":"2025-09-14T18:35:18","slug":"postes-de-service-ouverts","status":"publish","type":"page","link":"https:\/\/internetaddictsanonymous.org\/fr\/open-service-positions\/","title":{"rendered":"Postes de service et comit\u00e9s"},"content":{"rendered":"<p>Nous vous remercions de l'int\u00e9r\u00eat que vous portez au service de la fraternit\u00e9 de l'ITAA ! Le service n'est pas seulement un outil inestimable pour notre propre r\u00e9tablissement, il aide \u00e9galement l'ensemble de la fraternit\u00e9 de l'ITAA - des nouveaux arrivants \u00e0 leur premi\u00e8re r\u00e9union, aux anciens, aux groupes et \u00e0 la fraternit\u00e9 dans son ensemble. Vous trouverez ci-dessous une liste de nos postes et comit\u00e9s de service internationaux.<\/p>\n\n\n\n<p><strong>Prochaines r\u00e9unions des comit\u00e9s de l'ITAA et r\u00e9unions de service international<\/strong><\/p>\n\n\n<p><iframe style=\"height: 600px; width: 100%;\" src=\"https:\/\/teamup.com\/ks4ag6i7z1xynrk5ra?view=m&amp;showHeader=0&amp;showLogo=0&amp;showTitle=0&amp;showSidepanel=0&amp;showViewSelector=1\" width=\"100%\" height=\"600\" frameborder=\"0\"><\/iframe><\/p>\n\n\n<h5 class=\"wp-block-heading\" id=\"fellowship-level\"><strong>Postes de service au niveau de la bourse <\/strong><\/h5>\n\n\n\n<ul class=\"wp-block-list\">\n<li><strong>Pr\u00e9sidents<\/strong>Deux copr\u00e9sidents, \u00e9lus pour un mandat d&#039;un an, animent les R\u00e9unions internationales de service (RIS). Chaque copr\u00e9sident g\u00e8re une RIS tous les deux mois. Leurs fonctions consistent \u00e0 pr\u00e9sider la RIS et \u00e0 mettre \u00e0 jour les directives \u00e9crites afin qu&#039;elles restent pertinentes. Ils collaborent avec les secr\u00e9taires pour finaliser l&#039;ordre du jour. <strong>Si vous souhaitez devenir copr\u00e9sident, veuillez envoyer un courriel \u00e0 secretaries.itaa@gmail.com ou assister \u00e0 une prochaine r\u00e9union de l'ISM.<\/strong><br><br><\/li>\n\n\n\n<li><strong>Secr\u00e9taires<\/strong>Il y a deux co-secr\u00e9taires pour les r\u00e9unions de service internationales, \u00e9lus pour un mandat d&#039;un an. Chaque co-secr\u00e9taire g\u00e8re une r\u00e9union de service internationale tous les deux mois. Les secr\u00e9taires r\u00e9digent le compte rendu et \u00e9tablissent l&#039;ordre du jour de la r\u00e9union. Ils collaborent avec les pr\u00e9sidents de s\u00e9ance pour finaliser cet ordre du jour. <strong>Si vous \u00eates int\u00e9ress\u00e9(e) par un poste de co-secr\u00e9taire, veuillez envoyer un courriel \u00e0 secretaries.itaa@gmail.com ou assister \u00e0 une prochaine r\u00e9union de l'ISM.<\/strong><br><br><\/li>\n\n\n\n<li><strong>Co-Webmestre<\/strong>: L'ITAA compte au moins 2 Co-Webmasters (mais il peut y en avoir plus de 2) qui peuvent \u00eatre \u00e9lus pour des mandats d'une dur\u00e9e maximale de 2 ans (des mandats plus courts sont \u00e9galement acceptables). Les co-webmasters maintiennent, mettent \u00e0 jour et modifient le site web de l'ITAA au service de la conscience du groupe de fraternit\u00e9. Les webmasters g\u00e8rent \u00e9galement les comptes Zoom, Google Ads et le calendrier des r\u00e9unions de l'ITAA. Les co-webmasters ont le pouvoir d'apporter des changements mineurs au site web qui sont dans l'esprit du site existant. Tout changement drastique, toute nouvelle section, ou tout d\u00e9saccord substantiel peut \u00eatre soumis \u00e0 l'ISM. <strong>Si vous souhaitez devenir co-webmaster, veuillez envoyer un e-mail \u00e0 webmaster.itaa@gmail.com.<\/strong><br><br> <\/li>\n\n\n\n<li><strong>Co-tr\u00e9sorier<\/strong>L&#039;association compte deux co-tr\u00e9soriers \u00e9lus pour un mandat de douze mois. Ils tiennent les comptes de l&#039;ITAA et enregistrent les d\u00e9penses et les dons. Ils pr\u00e9sentent g\u00e9n\u00e9ralement un rapport aux r\u00e9unions de service internationales le troisi\u00e8me week-end de chaque mois. Les tr\u00e9soriers n&#039;ont pas le pouvoir de prendre des d\u00e9cisions de d\u00e9penses de mani\u00e8re ind\u00e9pendante\u00a0; toute nouvelle d\u00e9pense doit \u00eatre d\u00e9cid\u00e9e par la r\u00e9union de service internationale. <strong>Si vous souhaitez devenir co-tr\u00e9sorier, veuillez envoyer un courriel \u00e0 itaa.business@gmail.com.<\/strong><br><br><\/li>\n\n\n\n<li><strong>R\u00e9pondeur e-mail<\/strong>Les personnes charg\u00e9es de r\u00e9pondre aux courriels sur le site web de l&#039;ITAA aident \u00e0 traiter les demandes d&#039;informations g\u00e9n\u00e9rales. Cela peut impliquer de fournir des renseignements sur l&#039;ITAA, le calendrier des r\u00e9unions, les ressources disponibles sur le site web, ou de rediriger les messages vers des personnes de confiance (par exemple, les secr\u00e9taires, les webmasters, un comit\u00e9 ou un groupe sp\u00e9cifique). En g\u00e9n\u00e9ral, chaque personne charg\u00e9e de r\u00e9pondre aux courriels consacre entre 15 et 30 minutes par semaine \u00e0 cette t\u00e2che. Elles doivent \u00eatre membres de l&#039;ITAA depuis au moins trois mois et peuvent choisir la dur\u00e9e de leur mandat, qui varie de trois mois \u00e0 deux ans. <strong>Si vous souhaitez \u00eatre un r\u00e9pondeur par e-mail, veuillez envoyer un e-mail \u00e0 internetandtechaa@gmail.com<span style=\"color: initial; font-family: -apple-system, BlinkMacSystemFont, &quot;Segoe UI&quot;, Roboto, Oxygen-Sans, Ubuntu, Cantarell, &quot;Helvetica Neue&quot;, sans-serif;\">.<\/span><\/strong><br><br><\/li>\n\n\n\n<li><strong>Repr\u00e9sentant du service de groupe (GSR)<\/strong>: Les GSR sont \u00e9lus par les groupes pour les repr\u00e9senter aux r\u00e9unions de service internationales de l'ITAA, et ils veillent \u00e0 ce que la voix de nos groupes soit entendue lors de la prise de d\u00e9cisions au niveau de la fraternit\u00e9. Les groupes sont encourag\u00e9s \u00e0 tenir des s\u00e9ances de conscience de groupe pour \u00e9lire les GSR et d\u00e9finir les exigences de service, les responsabilit\u00e9s et la dur\u00e9e des mandats. La ressource suivante contient plus d'informations sur les GSR :<br><a href=\"https:\/\/internetaddictsanonymous.org\/fr\/gsr\/\" target=\"_blank\" rel=\"noreferrer noopener\">Qu&#039;est-ce qu&#039;un \u00ab\u00a0repr\u00e9sentant de service de groupe\u00a0\u00bb dans ITAA\u00a0?<\/a><br><\/li>\n<\/ul>\n\n\n\n<h5 class=\"wp-block-heading\" id=\"fellowship-level\">Niveau bourse<strong> comit\u00e9s<\/strong><\/h5>\n\n\n\n<ul class=\"wp-block-list\">\n<li><strong>Commission juridique et financi\u00e8re<\/strong>Ce comit\u00e9 examine les questions juridiques et financi\u00e8res relatives \u00e0 l&#039;ensemble de l&#039;ITAA, \u00e9labore et propose des solutions \u00e0 ces questions pour examen par l&#039;ISM, collabore avec des avocats, des comptables et d&#039;autres professionnels comp\u00e9tents, et produit des documents et des ressources sur les questions juridiques et financi\u00e8res pouvant aider les groupes et les membres individuels. La participation est ouverte \u00e0 tous. <strong>Si vous souhaitez contribuer, veuillez envoyer un courriel \u00e0 legalaffairs.itaa@gmail.com.<\/strong><br><br><\/li>\n\n\n\n<li><strong>Comit\u00e9 Litt\u00e9rature<\/strong>: Le comit\u00e9 de litt\u00e9rature r\u00e9dige des documents longs et imprim\u00e9s afin de soutenir l'objectif principal de notre association. La participation est ouverte \u00e0 tous. Si vous ne pouvez pas assister \u00e0 la r\u00e9union pour des raisons de fuseau horaire, veuillez contacter la personne de contact. Nous \u00e9crivons actuellement notre premier livre sur l'ITAA et nous recherchons des r\u00e9cits de r\u00e9tablissement de membres ayant au moins 6 mois d'ITAA, une sobri\u00e9t\u00e9 stable telle qu'ils la con\u00e7oivent et qui suivent les \u00c9tapes. <a href=\"https:\/\/docs.google.com\/document\/d\/1WkjCP1kEapF_RhWaTpPk6nmuVHrNbohQVA2TJIpbDtQ\/edit?usp=sharing\">ici<\/a>. Tout membre de l&#039;ITAA peut \u00e9galement s&#039;inscrire comme lecteur-relecteur et donner son avis sur les versions pr\u00e9liminaires de notre ouvrage. Vous pouvez consulter la version actuelle du livre et vous inscrire pour recevoir des mises \u00e0 jour r\u00e9guli\u00e8res lors de la publication de nouveaux chapitres en remplissant le formulaire. <a href=\"https:\/\/forms.gle\/xUyrY5BUxropNELWA\">ce formulaire<\/a>. <strong>Pour toute question ou remarque, veuillez envoyer un courriel \u00e0 literature.itaa@gmail.com. <\/strong><br><br><\/li>\n\n\n\n<li><strong>Commission des relations publiques<\/strong>Ce comit\u00e9 propose deux r\u00f4les\u00a0: organisateur et personnes interview\u00e9es. Les organisateurs g\u00e8rent les demandes d\u2019interview, m\u00e8nent des actions de communication, r\u00e9digent et mettent \u00e0 jour les ressources destin\u00e9es aux journalistes, et tiennent \u00e0 jour le compte rendu de la R\u00e9union internationale de service. Tout membre est invit\u00e9 \u00e0 devenir organisateur et \u00e0 participer \u00e0 nos r\u00e9unions. Les personnes interview\u00e9es sont les membres qui sont avertis lorsqu\u2019un message est envoy\u00e9 via le site web pour demander une interview d\u2019un membre de l\u2019ITAA au sujet de notre groupe ou de notre programme de r\u00e9tablissement. Pour \u00eatre une personne interview\u00e9e, un membre doit \u00eatre membre de l\u2019ITAA depuis au moins cinq mois, assister r\u00e9guli\u00e8rement aux r\u00e9unions, suivre le programme des 12 \u00e9tapes et avoir atteint un certain niveau de sobri\u00e9t\u00e9, selon sa propre d\u00e9finition. Les membres du comit\u00e9 peuvent choisir l\u2019un ou l\u2019autre de ces r\u00f4les, voire les deux. <strong>Si vous souhaitez faire partie du Comit\u00e9 des relations publiques, veuillez envoyer un courriel \u00e0 inquiries.itaa@gmail.com.<\/strong> <strong>Nous recherchons davantage d&#039;organisateurs et de personnes \u00e0 interviewer. Si vous souhaitez mener des actions de sensibilisation dans votre r\u00e9gion, vous pouvez consulter notre [lien\/r\u00e9f\u00e9rence]. <a href=\"https:\/\/docs.google.com\/document\/d\/1aRALvNCgyFK4UUpQHtJfsWbFT4WthLxQqeuzJhA2bM0\/edit?usp=sharing\">Mod\u00e8le de communication d&#039;information publique<\/a>.<\/strong><br><\/li>\n<\/ul>\n\n\n\n<ul class=\"wp-block-list\">\n<li><strong>Sous-comit\u00e9 SEO \/ Google Ads<\/strong>: Ce sous-comit\u00e9 se concentre sur l'am\u00e9lioration de nos annonces Google et l'optimisation des moteurs de recherche pour aider \u00e0 assurer que notre fraternit\u00e9 est aussi accessible que possible \u00e0 ceux qui en ont besoin. Ce groupe est un sous-comit\u00e9 du comit\u00e9 du contenu Web. <strong>Pour toute question, veuillez envoyer un courriel \u00e0 tomask.itaa@gmail.com.<\/strong><br><\/li>\n<\/ul>\n\n\n\n<ul class=\"wp-block-list\">\n<li><strong>Comit\u00e9 du contenu Web<\/strong>Au sein de ce comit\u00e9, nous discutons, corrigeons et r\u00e9digeons le contenu de notre site web. Tous les membres sont invit\u00e9s \u00e0 participer, \u00e0 condition d&#039;avoir assist\u00e9 \u00e0 au moins six r\u00e9unions de l&#039;ITAA. Pour toute question, veuillez nous \u00e9crire \u00e0 webcontent.itaa@gmail.com.<br><br><\/li>\n\n\n\n<li><strong>Traduction de site Web<\/strong>: Si vous souhaitez traduire le site Web de l&#039;ITAA dans une autre langue, vous pouvez aider \u00e0 transmettre notre message aux d\u00e9pendants non anglophones. <strong>Si vous souhaitez aider \u00e0 traduire le site, veuillez envoyer un e-mail \u00e0 webmaster.itaa@gmail.com<\/strong><\/li>\n<\/ul>\n<!-- PMB print buttons is only displayed on a single post\/page URLs-->","protected":false},"excerpt":{"rendered":"<p>Merci de votre int\u00e9r\u00eat \u00e0 \u00eatre utile au niveau de la bourse \u00e0 l&#039;ITAA\u00a0! Le service n&#039;est pas seulement un outil inestimable pour notre propre r\u00e9tablissement, il aide \u00e9galement l&#039;ensemble de la fraternit\u00e9 de l&#039;ITAA \u2013 depuis les nouveaux venus lors de leur premi\u00e8re r\u00e9union, jusqu&#039;aux anciens, en passant par les groupes et la fraternit\u00e9 dans son ensemble. Vous trouverez ci-dessous une liste de nos\u2026 <a href=\"https:\/\/internetaddictsanonymous.org\/fr\/open-service-positions\/\" class=\"more-link\">Lire la suite de <span class=\"screen-reader-text\">Postes de service et comit\u00e9s<\/span><\/a><\/p>","protected":false},"author":35194237,"featured_media":0,"parent":0,"menu_order":0,"comment_status":"closed","ping_status":"closed","template":"full-width-page.php","meta":{"inline_featured_image":false,"_lmt_disableupdate":"no","_lmt_disable":"","footnotes":""},"tags":[],"class_list":["post-11348","page","type-page","status-publish","hentry"],"yoast_head":"<!-- This site is optimized with the Yoast SEO plugin v27.4 - https:\/\/yoast.com\/product\/yoast-seo-wordpress\/ -->\n<title>Service Positions and Committees &#8211; Internet and Technology Addicts Anonymous<\/title>\n<meta name=\"robots\" content=\"index, follow, max-snippet:-1, max-image-preview:large, max-video-preview:-1\" \/>\n<link rel=\"canonical\" href=\"https:\/\/internetaddictsanonymous.org\/fr\/postes-de-service-ouverts\/\" \/>\n<meta property=\"og:locale\" content=\"fr_FR\" \/>\n<meta property=\"og:type\" content=\"article\" \/>\n<meta property=\"og:title\" content=\"Service Positions and Committees &#8211; Internet and Technology Addicts Anonymous\" \/>\n<meta property=\"og:description\" content=\"Thank you for your interest in being of service at the fellowship level in ITAA! Service is not only an invaluable tool for our own recoveries, it also helps the entire ITAA fellowship\u2014from newcomers at their first meeting, to old-timers, to the groups, and the fellowship as a whole. Below is a list of our &hellip; Lire la suite de Service Positions and Committees\" \/>\n<meta property=\"og:url\" content=\"https:\/\/internetaddictsanonymous.org\/fr\/postes-de-service-ouverts\/\" \/>\n<meta property=\"og:site_name\" content=\"Internet and Technology Addicts Anonymous\" \/>\n<meta property=\"article:modified_time\" content=\"2025-09-14T18:35:18+00:00\" \/>\n<meta name=\"twitter:card\" content=\"summary_large_image\" \/>\n<meta name=\"twitter:label1\" content=\"Dur\u00e9e de lecture estim\u00e9e\" \/>\n\t<meta name=\"twitter:data1\" content=\"5 minutes\" \/>\n<script type=\"application\/ld+json\" class=\"yoast-schema-graph\">{\"@context\":\"https:\\\/\\\/schema.org\",\"@graph\":[{\"@type\":\"WebPage\",\"@id\":\"https:\\\/\\\/internetaddictsanonymous.org\\\/open-service-positions\\\/\",\"url\":\"https:\\\/\\\/internetaddictsanonymous.org\\\/open-service-positions\\\/\",\"name\":\"Service Positions and Committees &#8211; Internet and Technology Addicts Anonymous\",\"isPartOf\":{\"@id\":\"https:\\\/\\\/internetaddictsanonymous.org\\\/#website\"},\"datePublished\":\"2020-07-12T07:06:35+00:00\",\"dateModified\":\"2025-09-14T18:35:18+00:00\",\"breadcrumb\":{\"@id\":\"https:\\\/\\\/internetaddictsanonymous.org\\\/open-service-positions\\\/#breadcrumb\"},\"inLanguage\":\"fr-FR\",\"potentialAction\":[{\"@type\":\"ReadAction\",\"target\":[\"https:\\\/\\\/internetaddictsanonymous.org\\\/open-service-positions\\\/\"]}]},{\"@type\":\"BreadcrumbList\",\"@id\":\"https:\\\/\\\/internetaddictsanonymous.org\\\/open-service-positions\\\/#breadcrumb\",\"itemListElement\":[{\"@type\":\"ListItem\",\"position\":1,\"name\":\"Home\",\"item\":\"https:\\\/\\\/internetaddictsanonymous.org\\\/\"},{\"@type\":\"ListItem\",\"position\":2,\"name\":\"Service Positions and Committees\"}]},{\"@type\":\"WebSite\",\"@id\":\"https:\\\/\\\/internetaddictsanonymous.org\\\/#website\",\"url\":\"https:\\\/\\\/internetaddictsanonymous.org\\\/\",\"name\":\"Internet and Technology Addicts Anonymous\",\"description\":\"Worldwide 12-step Fellowship for Internet and Technology Addiction\",\"publisher\":{\"@id\":\"https:\\\/\\\/internetaddictsanonymous.org\\\/#organization\"},\"potentialAction\":[{\"@type\":\"SearchAction\",\"target\":{\"@type\":\"EntryPoint\",\"urlTemplate\":\"https:\\\/\\\/internetaddictsanonymous.org\\\/?s={search_term_string}\"},\"query-input\":{\"@type\":\"PropertyValueSpecification\",\"valueRequired\":true,\"valueName\":\"search_term_string\"}}],\"inLanguage\":\"fr-FR\"},{\"@type\":\"Organization\",\"@id\":\"https:\\\/\\\/internetaddictsanonymous.org\\\/#organization\",\"name\":\"Internet and Technology Addicts Anonymous\",\"url\":\"https:\\\/\\\/internetaddictsanonymous.org\\\/\",\"logo\":{\"@type\":\"ImageObject\",\"inLanguage\":\"fr-FR\",\"@id\":\"https:\\\/\\\/internetaddictsanonymous.org\\\/#\\\/schema\\\/logo\\\/image\\\/\",\"url\":\"https:\\\/\\\/internetaddictsanonymous.org\\\/wp-content\\\/uploads\\\/2023\\\/01\\\/cropped-ITAA-logo-480px.png\",\"contentUrl\":\"https:\\\/\\\/internetaddictsanonymous.org\\\/wp-content\\\/uploads\\\/2023\\\/01\\\/cropped-ITAA-logo-480px.png\",\"width\":480,\"height\":480,\"caption\":\"Internet and Technology Addicts Anonymous\"},\"image\":{\"@id\":\"https:\\\/\\\/internetaddictsanonymous.org\\\/#\\\/schema\\\/logo\\\/image\\\/\"}}]}<\/script>\n<!-- \/ Yoast SEO plugin. -->","yoast_head_json":{"title":"Postes de service et comit\u00e9s - Internet and Technology Addicts Anonymous","robots":{"index":"index","follow":"follow","max-snippet":"max-snippet:-1","max-image-preview":"max-image-preview:large","max-video-preview":"max-video-preview:-1"},"canonical":"https:\/\/internetaddictsanonymous.org\/fr\/postes-de-service-ouverts\/","og_locale":"fr_FR","og_type":"article","og_title":"Service Positions and Committees &#8211; Internet and Technology Addicts Anonymous","og_description":"Thank you for your interest in being of service at the fellowship level in ITAA! Service is not only an invaluable tool for our own recoveries, it also helps the entire ITAA fellowship\u2014from newcomers at their first meeting, to old-timers, to the groups, and the fellowship as a whole. Below is a list of our &hellip; Lire la suite de Service Positions and Committees","og_url":"https:\/\/internetaddictsanonymous.org\/fr\/postes-de-service-ouverts\/","og_site_name":"Internet and Technology Addicts Anonymous","article_modified_time":"2025-09-14T18:35:18+00:00","twitter_card":"summary_large_image","twitter_misc":{"Dur\u00e9e de lecture estim\u00e9e":"5 minutes"},"schema":{"@context":"https:\/\/schema.org","@graph":[{"@type":"WebPage","@id":"https:\/\/internetaddictsanonymous.org\/open-service-positions\/","url":"https:\/\/internetaddictsanonymous.org\/open-service-positions\/","name":"Postes de service et comit\u00e9s - Internet and Technology Addicts Anonymous","isPartOf":{"@id":"https:\/\/internetaddictsanonymous.org\/#website"},"datePublished":"2020-07-12T07:06:35+00:00","dateModified":"2025-09-14T18:35:18+00:00","breadcrumb":{"@id":"https:\/\/internetaddictsanonymous.org\/open-service-positions\/#breadcrumb"},"inLanguage":"fr-FR","potentialAction":[{"@type":"ReadAction","target":["https:\/\/internetaddictsanonymous.org\/open-service-positions\/"]}]},{"@type":"BreadcrumbList","@id":"https:\/\/internetaddictsanonymous.org\/open-service-positions\/#breadcrumb","itemListElement":[{"@type":"ListItem","position":1,"name":"Home","item":"https:\/\/internetaddictsanonymous.org\/"},{"@type":"ListItem","position":2,"name":"Service Positions and Committees"}]},{"@type":"WebSite","@id":"https:\/\/internetaddictsanonymous.org\/#website","url":"https:\/\/internetaddictsanonymous.org\/","name":"D\u00e9pendants \u00e0 Internet et aux technologies anonymes","description":"Communaut\u00e9 mondiale en 12 \u00e9tapes pour la d\u00e9pendance \u00e0 l'Internet et \u00e0 la technologie","publisher":{"@id":"https:\/\/internetaddictsanonymous.org\/#organization"},"potentialAction":[{"@type":"SearchAction","target":{"@type":"EntryPoint","urlTemplate":"https:\/\/internetaddictsanonymous.org\/?s={search_term_string}"},"query-input":{"@type":"PropertyValueSpecification","valueRequired":true,"valueName":"search_term_string"}}],"inLanguage":"fr-FR"},{"@type":"Organization","@id":"https:\/\/internetaddictsanonymous.org\/#organization","name":"D\u00e9pendants \u00e0 Internet et aux technologies anonymes","url":"https:\/\/internetaddictsanonymous.org\/","logo":{"@type":"ImageObject","inLanguage":"fr-FR","@id":"https:\/\/internetaddictsanonymous.org\/#\/schema\/logo\/image\/","url":"https:\/\/internetaddictsanonymous.org\/wp-content\/uploads\/2023\/01\/cropped-ITAA-logo-480px.png","contentUrl":"https:\/\/internetaddictsanonymous.org\/wp-content\/uploads\/2023\/01\/cropped-ITAA-logo-480px.png","width":480,"height":480,"caption":"Internet and Technology Addicts Anonymous"},"image":{"@id":"https:\/\/internetaddictsanonymous.org\/#\/schema\/logo\/image\/"}}]}},"jetpack_sharing_enabled":true,"jetpack_shortlink":"https:\/\/wp.me\/P9Fwob-2X2","_links":{"self":[{"href":"https:\/\/internetaddictsanonymous.org\/fr\/wp-json\/wp\/v2\/pages\/11348","targetHints":{"allow":["GET"]}}],"collection":[{"href":"https:\/\/internetaddictsanonymous.org\/fr\/wp-json\/wp\/v2\/pages"}],"about":[{"href":"https:\/\/internetaddictsanonymous.org\/fr\/wp-json\/wp\/v2\/types\/page"}],"author":[{"embeddable":true,"href":"https:\/\/internetaddictsanonymous.org\/fr\/wp-json\/wp\/v2\/users\/35194237"}],"replies":[{"embeddable":true,"href":"https:\/\/internetaddictsanonymous.org\/fr\/wp-json\/wp\/v2\/comments?post=11348"}],"version-history":[{"count":99,"href":"https:\/\/internetaddictsanonymous.org\/fr\/wp-json\/wp\/v2\/pages\/11348\/revisions"}],"predecessor-version":[{"id":20440,"href":"https:\/\/internetaddictsanonymous.org\/fr\/wp-json\/wp\/v2\/pages\/11348\/revisions\/20440"}],"wp:attachment":[{"href":"https:\/\/internetaddictsanonymous.org\/fr\/wp-json\/wp\/v2\/media?parent=11348"}],"wp:term":[{"taxonomy":"post_tag","embeddable":true,"href":"https:\/\/internetaddictsanonymous.org\/fr\/wp-json\/wp\/v2\/tags?post=11348"}],"curies":[{"name":"wp","href":"https:\/\/api.w.org\/{rel}","templated":true}]}}