{"id":11546,"date":"2020-08-09T09:08:29","date_gmt":"2020-08-09T09:08:29","guid":{"rendered":"https:\/\/internetaddictsanonymous.org\/?page_id=11546"},"modified":"2023-01-08T17:20:27","modified_gmt":"2023-01-08T22:20:27","slug":"laccessibilite","status":"publish","type":"page","link":"https:\/\/internetaddictsanonymous.org\/fr\/accessibility\/","title":{"rendered":"Accessibilit\u00e9"},"content":{"rendered":"<p>Notre troisi\u00e8me tradition stipule que notre seule condition d'adh\u00e9sion est le d\u00e9sir de cesser d'utiliser Internet et la technologie de mani\u00e8re compulsive, et DITA dans son ensemble accueille les d\u00e9pendants sourds qui ont besoin de notre programme. DITA encourage toute personne n\u00e9cessitant une interpr\u00e9tation en langue des signes \u00e0 assister \u00e0 des r\u00e9unions (ouvertes ou ferm\u00e9es) avec leur interpr\u00e8te. Avant le d\u00e9but de la r\u00e9union, vous pouvez v\u00e9rifier aupr\u00e8s du pr\u00e9sident de la r\u00e9union s'il y a des probl\u00e8mes concernant la pr\u00e9sence d'un interpr\u00e8te non membre \u00e0 la r\u00e9union. Le groupe devra peut-\u00eatre convenir que toutes les autres personnes pr\u00e9sentes se sentent en s\u00e9curit\u00e9 avec cela. <\/p>\n\n\n\n<p>Tout le monde peut d\u00e9marrer une r\u00e9union et nous soutenons la cr\u00e9ation d&#039;une nouvelle r\u00e9union en langue des signes. <\/p>\n\n\n\n<p>Si vous avez des questions concernant l&#039;accessibilit\u00e9, les r\u00e9unions ou le d\u00e9marrage d&#039;une nouvelle r\u00e9union, n&#039;h\u00e9sitez pas \u00e0 nous \u00e9crire via notre <a href=\"https:\/\/internetaddictsanonymous.org\/fr\/contact\/\">formulaire de contact<\/a>.<\/p>\n<!-- PMB print buttons is only displayed on a single post\/page URLs-->","protected":false},"excerpt":{"rendered":"<p>Notre troisi\u00e8me tradition stipule que notre seule condition d&#039;adh\u00e9sion est le d\u00e9sir d&#039;arr\u00eater d&#039;utiliser Internet et la technologie de mani\u00e8re compulsive, et l&#039;ITAA dans son ensemble accueille les accros \u00e0 Internet sourds qui ont besoin de notre programme. L&#039;ITAA encourage toute personne n\u00e9cessitant une interpr\u00e9tation en langue des signes \u00e0 assister aux r\u00e9unions (qu&#039;elles soient ouvertes ou ferm\u00e9es) avec son interpr\u00e8te. Avant le d\u00e9but de la r\u00e9union, \u2026 <a href=\"https:\/\/internetaddictsanonymous.org\/fr\/accessibility\/\" class=\"more-link\">Lire la suite de <span class=\"screen-reader-text\">Accessibilit\u00e9<\/span><\/a><\/p>","protected":false},"author":35194237,"featured_media":0,"parent":0,"menu_order":0,"comment_status":"closed","ping_status":"closed","template":"full-width-page.php","meta":{"inline_featured_image":false,"_lmt_disableupdate":"","_lmt_disable":"","jetpack_post_was_ever_published":false,"footnotes":""},"tags":[],"class_list":["post-11546","page","type-page","status-publish","hentry"],"yoast_head":"<!-- This site is optimized with the Yoast SEO plugin v27.3 - https:\/\/yoast.com\/product\/yoast-seo-wordpress\/ -->\n<title>Accessibility &#8211; Internet and Technology Addicts Anonymous<\/title>\n<meta name=\"robots\" content=\"index, follow, max-snippet:-1, max-image-preview:large, max-video-preview:-1\" \/>\n<link rel=\"canonical\" href=\"https:\/\/internetaddictsanonymous.org\/fr\/laccessibilite\/\" \/>\n<meta property=\"og:locale\" content=\"fr_FR\" \/>\n<meta property=\"og:type\" content=\"article\" \/>\n<meta property=\"og:title\" content=\"Accessibility &#8211; Internet and Technology Addicts Anonymous\" \/>\n<meta property=\"og:description\" content=\"Our third tradition states that our only requirement for membership is the desire to stop using internet and technology compulsively, and ITAA as a whole welcomes Deaf internet addicts who need our program. ITAA encourages anyone who requires sign language interpretation to attend meetings (whether open or closed) with their interpreter. Before the meeting starts, &hellip; Lire la suite de Accessibility\" \/>\n<meta property=\"og:url\" content=\"https:\/\/internetaddictsanonymous.org\/fr\/laccessibilite\/\" \/>\n<meta property=\"og:site_name\" content=\"Internet and Technology Addicts Anonymous\" \/>\n<meta property=\"article:modified_time\" content=\"2023-01-08T22:20:27+00:00\" \/>\n<meta name=\"twitter:card\" content=\"summary_large_image\" \/>\n<meta name=\"twitter:label1\" content=\"Dur\u00e9e de lecture estim\u00e9e\" \/>\n\t<meta name=\"twitter:data1\" content=\"1 minute\" \/>\n<script type=\"application\/ld+json\" class=\"yoast-schema-graph\">{\"@context\":\"https:\\\/\\\/schema.org\",\"@graph\":[{\"@type\":\"WebPage\",\"@id\":\"https:\\\/\\\/internetaddictsanonymous.org\\\/accessibility\\\/\",\"url\":\"https:\\\/\\\/internetaddictsanonymous.org\\\/accessibility\\\/\",\"name\":\"Accessibility &#8211; Internet and Technology Addicts Anonymous\",\"isPartOf\":{\"@id\":\"https:\\\/\\\/internetaddictsanonymous.org\\\/#website\"},\"datePublished\":\"2020-08-09T09:08:29+00:00\",\"dateModified\":\"2023-01-08T22:20:27+00:00\",\"breadcrumb\":{\"@id\":\"https:\\\/\\\/internetaddictsanonymous.org\\\/accessibility\\\/#breadcrumb\"},\"inLanguage\":\"fr-FR\",\"potentialAction\":[{\"@type\":\"ReadAction\",\"target\":[\"https:\\\/\\\/internetaddictsanonymous.org\\\/accessibility\\\/\"]}]},{\"@type\":\"BreadcrumbList\",\"@id\":\"https:\\\/\\\/internetaddictsanonymous.org\\\/accessibility\\\/#breadcrumb\",\"itemListElement\":[{\"@type\":\"ListItem\",\"position\":1,\"name\":\"Home\",\"item\":\"https:\\\/\\\/internetaddictsanonymous.org\\\/\"},{\"@type\":\"ListItem\",\"position\":2,\"name\":\"Accessibility\"}]},{\"@type\":\"WebSite\",\"@id\":\"https:\\\/\\\/internetaddictsanonymous.org\\\/#website\",\"url\":\"https:\\\/\\\/internetaddictsanonymous.org\\\/\",\"name\":\"Internet and Technology Addicts Anonymous\",\"description\":\"Worldwide 12-step Fellowship for Internet and Technology Addiction\",\"publisher\":{\"@id\":\"https:\\\/\\\/internetaddictsanonymous.org\\\/#organization\"},\"potentialAction\":[{\"@type\":\"SearchAction\",\"target\":{\"@type\":\"EntryPoint\",\"urlTemplate\":\"https:\\\/\\\/internetaddictsanonymous.org\\\/?s={search_term_string}\"},\"query-input\":{\"@type\":\"PropertyValueSpecification\",\"valueRequired\":true,\"valueName\":\"search_term_string\"}}],\"inLanguage\":\"fr-FR\"},{\"@type\":\"Organization\",\"@id\":\"https:\\\/\\\/internetaddictsanonymous.org\\\/#organization\",\"name\":\"Internet and Technology Addicts Anonymous\",\"url\":\"https:\\\/\\\/internetaddictsanonymous.org\\\/\",\"logo\":{\"@type\":\"ImageObject\",\"inLanguage\":\"fr-FR\",\"@id\":\"https:\\\/\\\/internetaddictsanonymous.org\\\/#\\\/schema\\\/logo\\\/image\\\/\",\"url\":\"https:\\\/\\\/internetaddictsanonymous.org\\\/wp-content\\\/uploads\\\/2023\\\/01\\\/cropped-ITAA-logo-480px.png\",\"contentUrl\":\"https:\\\/\\\/internetaddictsanonymous.org\\\/wp-content\\\/uploads\\\/2023\\\/01\\\/cropped-ITAA-logo-480px.png\",\"width\":480,\"height\":480,\"caption\":\"Internet and Technology Addicts Anonymous\"},\"image\":{\"@id\":\"https:\\\/\\\/internetaddictsanonymous.org\\\/#\\\/schema\\\/logo\\\/image\\\/\"}}]}<\/script>\n<!-- \/ Yoast SEO plugin. -->","yoast_head_json":{"title":"Accessibilit\u00e9 - Internet and Technology Addicts Anonymous","robots":{"index":"index","follow":"follow","max-snippet":"max-snippet:-1","max-image-preview":"max-image-preview:large","max-video-preview":"max-video-preview:-1"},"canonical":"https:\/\/internetaddictsanonymous.org\/fr\/laccessibilite\/","og_locale":"fr_FR","og_type":"article","og_title":"Accessibility &#8211; Internet and Technology Addicts Anonymous","og_description":"Our third tradition states that our only requirement for membership is the desire to stop using internet and technology compulsively, and ITAA as a whole welcomes Deaf internet addicts who need our program. ITAA encourages anyone who requires sign language interpretation to attend meetings (whether open or closed) with their interpreter. Before the meeting starts, &hellip; Lire la suite de Accessibility","og_url":"https:\/\/internetaddictsanonymous.org\/fr\/laccessibilite\/","og_site_name":"Internet and Technology Addicts Anonymous","article_modified_time":"2023-01-08T22:20:27+00:00","twitter_card":"summary_large_image","twitter_misc":{"Dur\u00e9e de lecture estim\u00e9e":"1 minute"},"schema":{"@context":"https:\/\/schema.org","@graph":[{"@type":"WebPage","@id":"https:\/\/internetaddictsanonymous.org\/accessibility\/","url":"https:\/\/internetaddictsanonymous.org\/accessibility\/","name":"Accessibilit\u00e9 - Internet and Technology Addicts Anonymous","isPartOf":{"@id":"https:\/\/internetaddictsanonymous.org\/#website"},"datePublished":"2020-08-09T09:08:29+00:00","dateModified":"2023-01-08T22:20:27+00:00","breadcrumb":{"@id":"https:\/\/internetaddictsanonymous.org\/accessibility\/#breadcrumb"},"inLanguage":"fr-FR","potentialAction":[{"@type":"ReadAction","target":["https:\/\/internetaddictsanonymous.org\/accessibility\/"]}]},{"@type":"BreadcrumbList","@id":"https:\/\/internetaddictsanonymous.org\/accessibility\/#breadcrumb","itemListElement":[{"@type":"ListItem","position":1,"name":"Home","item":"https:\/\/internetaddictsanonymous.org\/"},{"@type":"ListItem","position":2,"name":"Accessibility"}]},{"@type":"WebSite","@id":"https:\/\/internetaddictsanonymous.org\/#website","url":"https:\/\/internetaddictsanonymous.org\/","name":"D\u00e9pendants \u00e0 Internet et aux technologies anonymes","description":"Communaut\u00e9 mondiale en 12 \u00e9tapes pour la d\u00e9pendance \u00e0 l'Internet et \u00e0 la technologie","publisher":{"@id":"https:\/\/internetaddictsanonymous.org\/#organization"},"potentialAction":[{"@type":"SearchAction","target":{"@type":"EntryPoint","urlTemplate":"https:\/\/internetaddictsanonymous.org\/?s={search_term_string}"},"query-input":{"@type":"PropertyValueSpecification","valueRequired":true,"valueName":"search_term_string"}}],"inLanguage":"fr-FR"},{"@type":"Organization","@id":"https:\/\/internetaddictsanonymous.org\/#organization","name":"D\u00e9pendants \u00e0 Internet et aux technologies anonymes","url":"https:\/\/internetaddictsanonymous.org\/","logo":{"@type":"ImageObject","inLanguage":"fr-FR","@id":"https:\/\/internetaddictsanonymous.org\/#\/schema\/logo\/image\/","url":"https:\/\/internetaddictsanonymous.org\/wp-content\/uploads\/2023\/01\/cropped-ITAA-logo-480px.png","contentUrl":"https:\/\/internetaddictsanonymous.org\/wp-content\/uploads\/2023\/01\/cropped-ITAA-logo-480px.png","width":480,"height":480,"caption":"Internet and Technology Addicts Anonymous"},"image":{"@id":"https:\/\/internetaddictsanonymous.org\/#\/schema\/logo\/image\/"}}]}},"jetpack_sharing_enabled":true,"jetpack_shortlink":"https:\/\/wp.me\/P9Fwob-30e","_links":{"self":[{"href":"https:\/\/internetaddictsanonymous.org\/fr\/wp-json\/wp\/v2\/pages\/11546","targetHints":{"allow":["GET"]}}],"collection":[{"href":"https:\/\/internetaddictsanonymous.org\/fr\/wp-json\/wp\/v2\/pages"}],"about":[{"href":"https:\/\/internetaddictsanonymous.org\/fr\/wp-json\/wp\/v2\/types\/page"}],"author":[{"embeddable":true,"href":"https:\/\/internetaddictsanonymous.org\/fr\/wp-json\/wp\/v2\/users\/35194237"}],"replies":[{"embeddable":true,"href":"https:\/\/internetaddictsanonymous.org\/fr\/wp-json\/wp\/v2\/comments?post=11546"}],"version-history":[{"count":4,"href":"https:\/\/internetaddictsanonymous.org\/fr\/wp-json\/wp\/v2\/pages\/11546\/revisions"}],"predecessor-version":[{"id":12028,"href":"https:\/\/internetaddictsanonymous.org\/fr\/wp-json\/wp\/v2\/pages\/11546\/revisions\/12028"}],"wp:attachment":[{"href":"https:\/\/internetaddictsanonymous.org\/fr\/wp-json\/wp\/v2\/media?parent=11546"}],"wp:term":[{"taxonomy":"post_tag","embeddable":true,"href":"https:\/\/internetaddictsanonymous.org\/fr\/wp-json\/wp\/v2\/tags?post=11546"}],"curies":[{"name":"wp","href":"https:\/\/api.w.org\/{rel}","templated":true}]}}