{"id":128,"date":"2018-12-08T16:44:58","date_gmt":"2018-12-08T16:44:58","guid":{"rendered":"https:\/\/internetandtechaa.wordpress.com\/?page_id=128"},"modified":"2025-08-03T17:43:55","modified_gmt":"2025-08-04T00:43:55","slug":"litterature","status":"publish","type":"page","link":"https:\/\/internetaddictsanonymous.org\/fr\/resources\/how-to-work-the-steps\/","title":{"rendered":"Comment travailler les \u00e9tapes"},"content":{"rendered":"<p>Les Douze \u00c9tapes sont consid\u00e9r\u00e9es comme le noyau vital de notre programme de r\u00e9tablissement et notre voie vers la lib\u00e9ration \u00e0 long terme de nos compulsions. Mais que signifie \" suivre les \u00e9tapes \" ? Comment franchir les \u00e9tapes et les mettre en pratique dans notre vie ?<\/p>\n\n\n\n<p>Il y a autant de fa\u00e7ons de travailler les \u00e9tapes qu'il y a de personnes en r\u00e9tablissement. Lorsque nous suivons les \u00c9tapes, nous explorons une s\u00e9rie d'exercices spirituels qui nous conduisent \u00e0 une meilleure connaissance de nous-m\u00eames et \u00e0 une meilleure compr\u00e9hension de nos sch\u00e9mas compulsifs. Les \u00c9tapes nous guident \u00e9galement \u00e0 travers une s\u00e9rie d'actions pratiques qui nous aident \u00e0 construire un cadre plus sain pour faire face aux facteurs de stress de notre vie et gu\u00e9rir les blessures qui peuvent \u00eatre \u00e0 l'origine de notre d\u00e9pendance. Le travail par \u00e9tapes implique souvent des p\u00e9riodes de lecture, d'\u00e9criture et de partage avec d'autres. Il est essentiel de ne pas travailler seul sur les \u00e9tapes. Que nous travaillions avec un parrain, un ami dans le programme, un groupe de travail par \u00e9tapes ou m\u00eame quelqu'un dans un autre programme tel que les AA, travailler les \u00e9tapes avec quelqu'un d'autre qui peut t\u00e9moigner et donner un feed-back compatissant nous permet de rester ancr\u00e9s et soutenus dans notre cheminement vers le r\u00e9tablissement.<\/p>\n\n\n\n<p>Au sein de l'ITAA, de nombreux membres sont disponibles en tant que <a href=\"https:\/\/internetaddictsanonymous.org\/fr\/parrainage\/\">sponsors<\/a>. L'une des meilleures fa\u00e7ons d'entrer en contact avec un parrain potentiel est de prendre contact avec une personne dont le r\u00e9tablissement est stable et dont les actions r\u00e9sonnent avec vous, et de lui demander son num\u00e9ro de t\u00e9l\u00e9phone. Une fois que vous aurez fait plus ample connaissance au cours d'un appel t\u00e9l\u00e9phonique, vous pourrez lui demander s'il accepterait de vous parrainer. Un parrain peut vous sugg\u00e9rer diverses m\u00e9thodes pour franchir les \u00e9tapes.<\/p>\n\n\n\n<p>Notre association organise aussi r\u00e9guli\u00e8rement <a href=\"https:\/\/internetaddictsanonymous.org\/fr\/ateliers-etapes\/\">Ateliers Douze Etapes<\/a>Les ateliers sont des occasions structur\u00e9es de franchir les \u00e9tapes dans un cadre de groupe. Si vous n'\u00eates pas en mesure de participer aux ateliers, vous pouvez toujours lire les <a href=\"https:\/\/drive.google.com\/drive\/folders\/1SLvfAX3EbAwG0LMB7j8dXCfTt_0Y_b69?usp=sharing\">mat\u00e9riel d'atelier<\/a> et faites les exercices qui s'y trouvent.<\/p>\n\n\n\n<p>Les associations en douze \u00e9tapes existent depuis pr\u00e8s d'un si\u00e8cle. Nous disposons d'un immense tr\u00e9sor de sagesse au-del\u00e0 de l'ITAA, et nous n'avons pas besoin de r\u00e9inventer la roue. La lecture de la documentation d'autres programmes peut s'av\u00e9rer une exp\u00e9rience profond\u00e9ment instructive. Vous trouverez ci-dessous quelques-unes des nombreuses ressources disponibles pour comprendre et franchir les \u00e9tapes :&nbsp;<\/p>\n\n\n\n<ul class=\"wp-block-list\">\n<li><a href=\"https:\/\/www.aa.org\/pages\/en_US\/alcoholics-anonymous\">Le Grand Livre des AA<\/a><\/li>\n\n\n\n<li><a href=\"https:\/\/www.aa.org\/pages\/en_US\/twelve-steps-and-twelve-traditions\">Les douze \u00e9tapes et les douze traditions des AA<\/a><\/li>\n\n\n\n<li><a href=\"https:\/\/cwpascna.com\/wp-content\/uploads\/2020\/08\/na_swg_12.pdf\" target=\"_blank\" rel=\"noreferrer noopener\">Le guide de travail sur les Narcotiques Anonymes<\/a><\/li>\n\n\n\n<li><a href=\"http:\/\/bookstore.oa.org\/pc_product_detail.asp?key=4B992B35A6B141D1AC39EAF4CC0144FB\">Les douze \u00e9tapes et les douze traditions des mangeurs anonymes<\/a>&nbsp;<\/li>\n\n\n\n<li><a href=\"https:\/\/bookstore.oa.org\/pc_product_detail.asp?key=A8844F63049045A09067A421AFB3D33C\">Le cahier en douze \u00e9tapes des suralimenteurs anonymes<\/a><\/li>\n\n\n\n<li><a href=\"https:\/\/eatingdisordersanonymous.org\/wp-content\/uploads\/2023\/02\/EDA-Big-Book.pdf\">Le grand livre des troubles alimentaires anonymes<\/a><\/li>\n\n\n\n<li><a href=\"https:\/\/www.hazelden.org\/store\/item\/15848?A-Gentle-Path-through-the-Twelve-Steps-Updated-and-Expanded\">Un chemin doux \u00e0 travers les douze \u00e9tapes<\/a><\/li>\n\n\n\n<li><a href=\"https:\/\/www.hazelden.org\/store\/item\/2309?A-Womans-Way-through-the-Twelve-Steps\">Le chemin d'une femme \u00e0 travers les douze \u00e9tapes<\/a> (<a href=\"https:\/\/www.hazelden.org\/store\/item\/3875?A-Womans-Way-through-the-Twelve-Steps-Workbook\">Cahier d'exercices<\/a>)<\/li>\n\n\n\n<li><a href=\"https:\/\/www.penguinrandomhouse.com\/books\/625189\/trauma-and-the-12-steps-revised-and-expanded-by-jamie-marich\/\">Le traumatisme et les douze \u00e9tapes<\/a><\/li>\n<\/ul>\n\n\n\n<p>Il ne s'agit l\u00e0 que de quelques exemples parmi les dizaines de guides qui existent pour travailler sur les \u00e9tapes, et nous vous encourageons \u00e0 utiliser les ressources qui vous semblent les plus pertinentes et les plus utiles dans le cadre de votre propre parcours de r\u00e9tablissement.<\/p>\n\n\n\n<p><\/p>\n<!-- PMB print buttons is only displayed on a single post\/page URLs-->","protected":false},"excerpt":{"rendered":"<p>Les Douze \u00c9tapes sont consid\u00e9r\u00e9es comme le noyau essentiel de notre programme de r\u00e9tablissement et de notre chemin vers une lib\u00e9ration \u00e0 long terme de nos compulsions. Mais que signifie \u00ab\u00a0traverser les \u00c9tapes\u00a0\u00bb\u00a0? Comment pouvons-nous r\u00e9ellement franchir les \u00c9tapes et les mettre en pratique dans notre vie\u00a0? Il existe autant de fa\u00e7ons de travailler les \u00c9tapes qu\u2019il y a\u2026 <a href=\"https:\/\/internetaddictsanonymous.org\/fr\/resources\/how-to-work-the-steps\/\" class=\"more-link\">Lire la suite de <span class=\"screen-reader-text\">Comment travailler les \u00e9tapes<\/span><\/a><\/p>","protected":false},"author":35194237,"featured_media":0,"parent":42,"menu_order":0,"comment_status":"closed","ping_status":"closed","template":"full-width-page.php","meta":{"inline_featured_image":false,"_lmt_disableupdate":"","_lmt_disable":"","jetpack_post_was_ever_published":false,"footnotes":""},"tags":[],"class_list":["post-128","page","type-page","status-publish","hentry"],"yoast_head":"<!-- This site is optimized with the Yoast SEO plugin v27.3 - https:\/\/yoast.com\/product\/yoast-seo-wordpress\/ -->\n<title>How to Work the Steps &#8211; Internet and Technology Addicts Anonymous<\/title>\n<meta name=\"robots\" content=\"index, follow, max-snippet:-1, max-image-preview:large, max-video-preview:-1\" \/>\n<link rel=\"canonical\" href=\"https:\/\/internetaddictsanonymous.org\/fr\/ressources\/litterature\/\" \/>\n<meta property=\"og:locale\" content=\"fr_FR\" \/>\n<meta property=\"og:type\" content=\"article\" \/>\n<meta property=\"og:title\" content=\"How to Work the Steps &#8211; Internet and Technology Addicts Anonymous\" \/>\n<meta property=\"og:description\" content=\"The Twelve Steps are considered the vital core of our recovery program and our path towards long-term freedom from our compulsions. But what does it mean to \u201cwork the Steps\u201d? How do we actually move through the Steps and practice them in our lives? There are as many ways to work the Steps as there &hellip; Lire la suite de How to Work the Steps\" \/>\n<meta property=\"og:url\" content=\"https:\/\/internetaddictsanonymous.org\/fr\/ressources\/litterature\/\" \/>\n<meta property=\"og:site_name\" content=\"Internet and Technology Addicts Anonymous\" \/>\n<meta property=\"article:modified_time\" content=\"2025-08-04T00:43:55+00:00\" \/>\n<meta name=\"twitter:card\" content=\"summary_large_image\" \/>\n<meta name=\"twitter:label1\" content=\"Dur\u00e9e de lecture estim\u00e9e\" \/>\n\t<meta name=\"twitter:data1\" content=\"2 minutes\" \/>\n<script type=\"application\/ld+json\" class=\"yoast-schema-graph\">{\"@context\":\"https:\\\/\\\/schema.org\",\"@graph\":[{\"@type\":\"WebPage\",\"@id\":\"https:\\\/\\\/internetaddictsanonymous.org\\\/resources\\\/how-to-work-the-steps\\\/\",\"url\":\"https:\\\/\\\/internetaddictsanonymous.org\\\/resources\\\/how-to-work-the-steps\\\/\",\"name\":\"How to Work the Steps &#8211; Internet and Technology Addicts Anonymous\",\"isPartOf\":{\"@id\":\"https:\\\/\\\/internetaddictsanonymous.org\\\/#website\"},\"datePublished\":\"2018-12-08T16:44:58+00:00\",\"dateModified\":\"2025-08-04T00:43:55+00:00\",\"breadcrumb\":{\"@id\":\"https:\\\/\\\/internetaddictsanonymous.org\\\/resources\\\/how-to-work-the-steps\\\/#breadcrumb\"},\"inLanguage\":\"fr-FR\",\"potentialAction\":[{\"@type\":\"ReadAction\",\"target\":[\"https:\\\/\\\/internetaddictsanonymous.org\\\/resources\\\/how-to-work-the-steps\\\/\"]}]},{\"@type\":\"BreadcrumbList\",\"@id\":\"https:\\\/\\\/internetaddictsanonymous.org\\\/resources\\\/how-to-work-the-steps\\\/#breadcrumb\",\"itemListElement\":[{\"@type\":\"ListItem\",\"position\":1,\"name\":\"Home\",\"item\":\"https:\\\/\\\/internetaddictsanonymous.org\\\/\"},{\"@type\":\"ListItem\",\"position\":2,\"name\":\"Resources\",\"item\":\"https:\\\/\\\/internetaddictsanonymous.org\\\/resources\\\/\"},{\"@type\":\"ListItem\",\"position\":3,\"name\":\"How to Work the Steps\"}]},{\"@type\":\"WebSite\",\"@id\":\"https:\\\/\\\/internetaddictsanonymous.org\\\/#website\",\"url\":\"https:\\\/\\\/internetaddictsanonymous.org\\\/\",\"name\":\"Internet and Technology Addicts Anonymous\",\"description\":\"Worldwide 12-step Fellowship for Internet and Technology Addiction\",\"publisher\":{\"@id\":\"https:\\\/\\\/internetaddictsanonymous.org\\\/#organization\"},\"potentialAction\":[{\"@type\":\"SearchAction\",\"target\":{\"@type\":\"EntryPoint\",\"urlTemplate\":\"https:\\\/\\\/internetaddictsanonymous.org\\\/?s={search_term_string}\"},\"query-input\":{\"@type\":\"PropertyValueSpecification\",\"valueRequired\":true,\"valueName\":\"search_term_string\"}}],\"inLanguage\":\"fr-FR\"},{\"@type\":\"Organization\",\"@id\":\"https:\\\/\\\/internetaddictsanonymous.org\\\/#organization\",\"name\":\"Internet and Technology Addicts Anonymous\",\"url\":\"https:\\\/\\\/internetaddictsanonymous.org\\\/\",\"logo\":{\"@type\":\"ImageObject\",\"inLanguage\":\"fr-FR\",\"@id\":\"https:\\\/\\\/internetaddictsanonymous.org\\\/#\\\/schema\\\/logo\\\/image\\\/\",\"url\":\"https:\\\/\\\/internetaddictsanonymous.org\\\/wp-content\\\/uploads\\\/2023\\\/01\\\/cropped-ITAA-logo-480px.png\",\"contentUrl\":\"https:\\\/\\\/internetaddictsanonymous.org\\\/wp-content\\\/uploads\\\/2023\\\/01\\\/cropped-ITAA-logo-480px.png\",\"width\":480,\"height\":480,\"caption\":\"Internet and Technology Addicts Anonymous\"},\"image\":{\"@id\":\"https:\\\/\\\/internetaddictsanonymous.org\\\/#\\\/schema\\\/logo\\\/image\\\/\"}}]}<\/script>\n<!-- \/ Yoast SEO plugin. -->","yoast_head_json":{"title":"Comment suivre les \u00e9tapes - Internet and Technology Addicts Anonymous","robots":{"index":"index","follow":"follow","max-snippet":"max-snippet:-1","max-image-preview":"max-image-preview:large","max-video-preview":"max-video-preview:-1"},"canonical":"https:\/\/internetaddictsanonymous.org\/fr\/ressources\/litterature\/","og_locale":"fr_FR","og_type":"article","og_title":"How to Work the Steps &#8211; Internet and Technology Addicts Anonymous","og_description":"The Twelve Steps are considered the vital core of our recovery program and our path towards long-term freedom from our compulsions. But what does it mean to \u201cwork the Steps\u201d? How do we actually move through the Steps and practice them in our lives? There are as many ways to work the Steps as there &hellip; Lire la suite de How to Work the Steps","og_url":"https:\/\/internetaddictsanonymous.org\/fr\/ressources\/litterature\/","og_site_name":"Internet and Technology Addicts Anonymous","article_modified_time":"2025-08-04T00:43:55+00:00","twitter_card":"summary_large_image","twitter_misc":{"Dur\u00e9e de lecture estim\u00e9e":"2 minutes"},"schema":{"@context":"https:\/\/schema.org","@graph":[{"@type":"WebPage","@id":"https:\/\/internetaddictsanonymous.org\/resources\/how-to-work-the-steps\/","url":"https:\/\/internetaddictsanonymous.org\/resources\/how-to-work-the-steps\/","name":"Comment suivre les \u00e9tapes - Internet and Technology Addicts Anonymous","isPartOf":{"@id":"https:\/\/internetaddictsanonymous.org\/#website"},"datePublished":"2018-12-08T16:44:58+00:00","dateModified":"2025-08-04T00:43:55+00:00","breadcrumb":{"@id":"https:\/\/internetaddictsanonymous.org\/resources\/how-to-work-the-steps\/#breadcrumb"},"inLanguage":"fr-FR","potentialAction":[{"@type":"ReadAction","target":["https:\/\/internetaddictsanonymous.org\/resources\/how-to-work-the-steps\/"]}]},{"@type":"BreadcrumbList","@id":"https:\/\/internetaddictsanonymous.org\/resources\/how-to-work-the-steps\/#breadcrumb","itemListElement":[{"@type":"ListItem","position":1,"name":"Home","item":"https:\/\/internetaddictsanonymous.org\/"},{"@type":"ListItem","position":2,"name":"Resources","item":"https:\/\/internetaddictsanonymous.org\/resources\/"},{"@type":"ListItem","position":3,"name":"How to Work the Steps"}]},{"@type":"WebSite","@id":"https:\/\/internetaddictsanonymous.org\/#website","url":"https:\/\/internetaddictsanonymous.org\/","name":"D\u00e9pendants \u00e0 Internet et aux technologies anonymes","description":"Communaut\u00e9 mondiale en 12 \u00e9tapes pour la d\u00e9pendance \u00e0 l'Internet et \u00e0 la technologie","publisher":{"@id":"https:\/\/internetaddictsanonymous.org\/#organization"},"potentialAction":[{"@type":"SearchAction","target":{"@type":"EntryPoint","urlTemplate":"https:\/\/internetaddictsanonymous.org\/?s={search_term_string}"},"query-input":{"@type":"PropertyValueSpecification","valueRequired":true,"valueName":"search_term_string"}}],"inLanguage":"fr-FR"},{"@type":"Organization","@id":"https:\/\/internetaddictsanonymous.org\/#organization","name":"D\u00e9pendants \u00e0 Internet et aux technologies anonymes","url":"https:\/\/internetaddictsanonymous.org\/","logo":{"@type":"ImageObject","inLanguage":"fr-FR","@id":"https:\/\/internetaddictsanonymous.org\/#\/schema\/logo\/image\/","url":"https:\/\/internetaddictsanonymous.org\/wp-content\/uploads\/2023\/01\/cropped-ITAA-logo-480px.png","contentUrl":"https:\/\/internetaddictsanonymous.org\/wp-content\/uploads\/2023\/01\/cropped-ITAA-logo-480px.png","width":480,"height":480,"caption":"Internet and Technology Addicts Anonymous"},"image":{"@id":"https:\/\/internetaddictsanonymous.org\/#\/schema\/logo\/image\/"}}]}},"jetpack_sharing_enabled":true,"jetpack_shortlink":"https:\/\/wp.me\/P9Fwob-24","_links":{"self":[{"href":"https:\/\/internetaddictsanonymous.org\/fr\/wp-json\/wp\/v2\/pages\/128","targetHints":{"allow":["GET"]}}],"collection":[{"href":"https:\/\/internetaddictsanonymous.org\/fr\/wp-json\/wp\/v2\/pages"}],"about":[{"href":"https:\/\/internetaddictsanonymous.org\/fr\/wp-json\/wp\/v2\/types\/page"}],"author":[{"embeddable":true,"href":"https:\/\/internetaddictsanonymous.org\/fr\/wp-json\/wp\/v2\/users\/35194237"}],"replies":[{"embeddable":true,"href":"https:\/\/internetaddictsanonymous.org\/fr\/wp-json\/wp\/v2\/comments?post=128"}],"version-history":[{"count":31,"href":"https:\/\/internetaddictsanonymous.org\/fr\/wp-json\/wp\/v2\/pages\/128\/revisions"}],"predecessor-version":[{"id":20262,"href":"https:\/\/internetaddictsanonymous.org\/fr\/wp-json\/wp\/v2\/pages\/128\/revisions\/20262"}],"up":[{"embeddable":true,"href":"https:\/\/internetaddictsanonymous.org\/fr\/wp-json\/wp\/v2\/pages\/42"}],"wp:attachment":[{"href":"https:\/\/internetaddictsanonymous.org\/fr\/wp-json\/wp\/v2\/media?parent=128"}],"wp:term":[{"taxonomy":"post_tag","embeddable":true,"href":"https:\/\/internetaddictsanonymous.org\/fr\/wp-json\/wp\/v2\/tags?post=128"}],"curies":[{"name":"wp","href":"https:\/\/api.w.org\/{rel}","templated":true}]}}