{"id":13592,"date":"2022-03-24T00:02:20","date_gmt":"2022-03-24T00:02:20","guid":{"rendered":"https:\/\/internetaddictsanonymous.org\/?page_id=13592"},"modified":"2025-01-21T13:31:26","modified_gmt":"2025-01-21T21:31:26","slug":"gsr","status":"publish","type":"page","link":"https:\/\/internetaddictsanonymous.org\/fr\/gsr\/","title":{"rendered":"Qu&#039;est-ce qu&#039;un \u00ab\u00a0repr\u00e9sentant de service de groupe\u00a0\u00bb dans ITAA\u00a0?"},"content":{"rendered":"<p>Un \"Group Service Representative\" (GSR) est un membre de l'ITAA qui a \u00e9t\u00e9 \u00e9lu par un groupe ITAA particulier pour repr\u00e9senter ce groupe lors des r\u00e9unions de service internationales (ISM). La structure de service d'ITAA ressemble \u00e0 une pyramide invers\u00e9e, avec les groupes au sommet et les ISM \u00e0 la base. En d'autres termes, les r\u00e9unions de service internationales servent les int\u00e9r\u00eats des groupes. Cela signifie que la consid\u00e9ration la plus importante pour nos organes de service lorsqu'ils prennent des d\u00e9cisions au niveau de la fraternit\u00e9 est que les besoins et les perspectives de tous les groupes de l'ITAA soient bien repr\u00e9sent\u00e9s. Les RSG veillent \u00e0 ce que la voix de nos groupes soit entendue lors de la prise de d\u00e9cisions au niveau de la fraternit\u00e9.<\/p>\n\n\n\n<p>Si les GSR ont la responsabilit\u00e9 particuli\u00e8re de repr\u00e9senter les points de vue de leurs groupes, tous les membres de l'ITAA sont fortement encourag\u00e9s \u00e0 assister et \u00e0 voter \u00e0 l'ISM, car cela contribue \u00e0 am\u00e9liorer la diversit\u00e9 et la force des d\u00e9cisions de notre fraternit\u00e9.&nbsp;<\/p>\n\n\n\n<p>Chaque groupe est autonome et peut fixer ses propres exigences, dur\u00e9e de mandat et t\u00e2ches pour son ou ses GSR. Vous trouverez ci-dessous quelques suggestions sur la fa\u00e7on dont les groupes pourraient d\u00e9finir le r\u00f4le de service GSR pour leur r\u00e9union.<\/p>\n\n\n\n<h3 class=\"wp-block-heading\"><strong>Exigences sugg\u00e9r\u00e9es<\/strong><\/h3>\n\n\n\n<p>Chaque groupe peut d\u00e9terminer les exigences de son r\u00f4le de service GSR que la conscience de groupe juge prudentes. Voici quelques exemples d&#039;exigences\u00a0:<\/p>\n\n\n\n<ul class=\"wp-block-list\">\n<li>Volont\u00e9<\/li>\n\n\n\n<li>Avoir assist\u00e9 \u00e0 au moins 10 r\u00e9unions ITAA<\/li>\n\n\n\n<li>\u00catre \u00e0 l&#039;ITAA depuis 3 mois<\/li>\n\n\n\n<li>Assister r\u00e9guli\u00e8rement aux r\u00e9unions particuli\u00e8res du groupe que vous repr\u00e9senteriez<\/li>\n\n\n\n<li>Pouvoir assister \u00e0 la Conscience Collective du groupe que vous repr\u00e9senteriez\u00a0<\/li>\n\n\n\n<li>Assister r\u00e9guli\u00e8rement aux r\u00e9unions de l&#039;ITAA<\/li>\n\n\n\n<li>Travaille actuellement les \u00e9tapes<\/li>\n\n\n\n<li>Familiarit\u00e9 avec les traditions et les concepts<\/li>\n\n\n\n<li>Avoir une sobri\u00e9t\u00e9 stable telle que vous la d\u00e9finissez<\/li>\n\n\n\n<li>\u00catre en mesure d'assister \u00e0 l'un des deux horaires de rotation des r\u00e9unions de l'ISM.<\/li>\n\n\n\n<li>Pas d\u00e9j\u00e0 GSR pour un autre groupe<\/li>\n\n\n\n<li>Aucune exigence<\/li>\n<\/ul>\n\n\n\n<h3 class=\"wp-block-heading\"><strong>Dur\u00e9e sugg\u00e9r\u00e9e du mandat<\/strong><\/h3>\n\n\n\n<p>Chaque groupe est \u00e9galement habilit\u00e9 \u00e0 fixer la dur\u00e9e du mandat de ce r\u00f4le de service. La bourse internationale a sugg\u00e9r\u00e9 une dur\u00e9e maximale de 2 ans.<\/p>\n\n\n\n<h3 class=\"wp-block-heading\"><strong>Responsabilit\u00e9s sugg\u00e9r\u00e9es<\/strong><\/h3>\n\n\n\n<p>Les GSR font le lien entre la r\u00e9union de l'ISM et le groupe qu'ils repr\u00e9sentent. Chaque groupe peut d\u00e9cider des responsabilit\u00e9s de son\/ses GSR. \u00c0 cette fin, les GSR peuvent :<\/p>\n\n\n\n<ul class=\"wp-block-list\">\n<li>Participer aux r\u00e9unions de service international par le biais de discussions et de votes.<\/li>\n\n\n\n<li>Repr\u00e9senter les besoins et les perspectives de leur groupe lors des r\u00e9unions de service international.<\/li>\n\n\n\n<li>Informer leur groupe de toute d\u00e9cision ou information pertinente<\/li>\n\n\n\n<li>Pratiquez les 12 traditions de l&#039;ITAA gr\u00e2ce \u00e0 leur service<\/li>\n\n\n\n<li>Si n\u00e9cessaire, organiser des consciences de groupe dans leurs groupes d'origine concernant les points de l'ordre du jour \u00e0 discuter lors des r\u00e9unions de l'ISM, puis transmettre les r\u00e9sultats et les sentiments de la conscience de groupe \u00e0 l'ISM.<\/li>\n<\/ul>\n\n\n\n<p>Des groupes individuels peuvent \u00e9galement d\u00e9cider de responsabilit\u00e9s alternatives ou suppl\u00e9mentaires.<\/p>\n\n\n\n<h3 class=\"wp-block-heading\"><strong>Familiarit\u00e9 avec les Douze Traditions de l&#039;ITAA<\/strong><\/h3>\n\n\n\n<p>Tandis que nos Douze \u00c9tapes nous guident dans nos chemins individuels vers le r\u00e9tablissement, les Douze Traditions aident \u00e0 garder nos groupes et notre fraternit\u00e9 plus large sur une base spirituelle solide pendant que nous rendons service. En tant que serviteurs de confiance, les RSG devront avoir une compr\u00e9hension des traditions, ou une volont\u00e9 d&#039;apprendre \u00e0 les conna\u00eetre. Lire de la litt\u00e9rature sur les traditions sera tr\u00e8s utile. \u00c0 cette fin, il y a quelques ressources sugg\u00e9r\u00e9es \u00e0 la fin de ce document.&nbsp;<\/p>\n\n\n\n<p>Il peut y avoir des interpr\u00e9tations diff\u00e9rentes de certaines traditions, et en fin de compte, nous essayons de les appliquer et de les maintenir au mieux de nos capacit\u00e9s et de croire que la volont\u00e9 de notre Puissance Sup\u00e9rieure est r\u00e9v\u00e9l\u00e9e \u00e0 travers la conscience de groupe. Lorsque nous ne savons pas comment interpr\u00e9ter ou appliquer une certaine tradition, nous pouvons demander conseil \u00e0 nos compagnons de service.&nbsp;<\/p>\n\n\n\n<h3 class=\"wp-block-heading\"><strong>Sur l&#039;\u00e9lection de plusieurs RSG<\/strong><\/h3>\n\n\n\n<p>ITAA compte actuellement pr\u00e8s de 100 groupes (en ligne et en face \u00e0 face), avec des membres sur tous les continents. L'ITAA \u00e9tant une association internationale, nos r\u00e9unions de service internationales sont organis\u00e9es selon un calendrier tournant, afin de permettre aux membres situ\u00e9s dans diff\u00e9rents fuseaux horaires de participer. L'id\u00e9al serait qu'\u00e0 chaque ISM soient pr\u00e9sents des repr\u00e9sentants de nombreux groupes de l'ITAA, voire de tous. \u00c0 cette fin, les groupes peuvent d\u00e9cider d'\u00e9lire plusieurs RSG bas\u00e9s dans des fuseaux horaires diff\u00e9rents, afin d'envoyer un repr\u00e9sentant \u00e0 toutes les RSI.&nbsp;<\/p>\n\n\n\n<p>D&#039;autre part, les groupes peuvent souhaiter \u00e9viter d&#039;\u00e9lire un seul membre comme RSG de plusieurs groupes afin que davantage de membres aient l&#039;opportunit\u00e9 de rendre service et de participer \u00e0 nos consciences de groupe \u00e0 l&#039;\u00e9chelle de la fraternit\u00e9.<\/p>\n\n\n\n<h3 class=\"wp-block-heading\"><strong>Voter dans les r\u00e9unions de service international<\/strong><\/h3>\n\n\n\n<p>Dans l'ITAA, tout membre peut assister et voter aux r\u00e9unions de service internationales. Il n'est pas n\u00e9cessaire d'\u00eatre \u00e9lu RSG pour pouvoir assister et voter.<\/p>\n\n\n\n<h3 class=\"wp-block-heading\"><strong>Ressources sugg\u00e9r\u00e9es pour les RSG<\/strong><\/h3>\n\n\n\n<p>La mise en pratique des 12 Traditions est essentielle \u00e0 notre service en tant que RSG. En outre, le r\u00e8glement de Robert est une m\u00e9thode pour prendre la conscience du groupe et un processus pour faire avancer la discussion et le vote de mani\u00e8re \u00e0 ce que la voix de chacun puisse \u00eatre entendue. Nous utilisons les r\u00e8gles de Robert pour diriger les r\u00e9unions de service international. Nous recommandons aux RSG de se familiariser avec les ressources suivantes :<\/p>\n\n\n\n<ul class=\"wp-block-list\">\n<li><a href=\"https:\/\/internetaddictsanonymous.org\/fr\/12-etapes-de-litaa\/\">Les 12 traditions de l&#039;ITAA<\/a><\/li>\n\n\n\n<li><a href=\"https:\/\/drive.google.com\/file\/d\/13_d1quYWWJbjwdo9M9LPnczjkyfL1ypR\/view?usp=sharing\">Guide ITAA des r\u00e8gles de l&#039;ordre de Robert<\/a><\/li>\n<\/ul>\n\n\n\n<p>Beaucoup d&#039;entre nous ont \u00e9galement trouv\u00e9 des conseils pr\u00e9cieux dans la litt\u00e9rature d&#039;autres bourses en 12 \u00e9tapes, m\u00eame si tous les d\u00e9tails ne sont pas applicables \u00e0 l&#039;ITAA\u00a0:<\/p>\n\n\n\n<ul class=\"wp-block-list\">\n<li><a href=\"https:\/\/www.aa.org\/pages\/en_US\/twelve-steps-and-twelve-traditions\">AA 12 \u00e9tapes et 12 traditions<\/a><\/li>\n\n\n\n<li><a href=\"https:\/\/www.alcoholics-anonymous.org.uk\/download\/1\/Library\/Documents\/Literature%20Downloads\/3345%20Twelve%20Traditions%20Checklist.pdf\">Liste de v\u00e9rification des 12 traditions des AA<\/a><\/li>\n\n\n\n<li><a href=\"https:\/\/www.aa.org\/sites\/default\/files\/literature\/assets\/p-19_gsr.pdf\">Brochure RSG AA<\/a><\/li>\n\n\n\n<li><a href=\"https:\/\/al-anon.org\/pdf\/G11.pdf%20https:\/\/www.alcoholics-\">D\u00e9pliant RSG Al-Anon<\/a><\/li>\n\n\n\n<li><a href=\"http:\/\/www.alcoholics-anonymous.org.uk\/download\/1\/Library\/Documents\/Literature%20Downloads\/3300%20Twelve%20Concepts%20Illustrated.pdf\">AA 12 concepts illustr\u00e9s<\/a><\/li>\n\n\n\n<li><a href=\"http:\/\/www.alcoholics-anonymous.org.uk\/download\/1\/Library\/Documents\/Literature%20Downloads\/3346%20Twelve%20Concepts%20Checklist.pdf\">Liste de contr\u00f4le des concepts AA 12<\/a><\/li>\n\n\n\n<li><a href=\"http:\/\/aagb.silverink.ie\/download\/1\/Library\/Documents\/Handbooks\/AA%20Service%20Handbook%20for%20Great%20Britain%204th%20edition%202018.pdf\">Manuel de service des AA<\/a><\/li>\n<\/ul>\n<!-- PMB print buttons is only displayed on a single post\/page URLs-->","protected":false},"excerpt":{"rendered":"<p>Un \"repr\u00e9sentant de service de groupe\" (GSR) est un membre de l'ITAA qui a \u00e9t\u00e9 \u00e9lu par un groupe particulier de l'ITAA pour repr\u00e9senter ce groupe lors des r\u00e9unions de service internationales (ISM). La structure des services de l'ITAA ressemble \u00e0 une pyramide invers\u00e9e, avec les groupes au sommet et les ISM \u00e0 la base. En d'autres termes, les r\u00e9unions de service internationales ... <a href=\"https:\/\/internetaddictsanonymous.org\/fr\/gsr\/\" class=\"more-link\">Lire la suite de <span class=\"screen-reader-text\">Qu&#039;est-ce qu&#039;un \u00ab\u00a0repr\u00e9sentant de service de groupe\u00a0\u00bb dans ITAA\u00a0?<\/span><\/a><\/p>","protected":false},"author":35194255,"featured_media":0,"parent":0,"menu_order":0,"comment_status":"closed","ping_status":"closed","template":"full-width-page.php","meta":{"inline_featured_image":false,"_lmt_disableupdate":"","_lmt_disable":"","footnotes":""},"tags":[],"class_list":["post-13592","page","type-page","status-publish","hentry"],"yoast_head":"<!-- This site is optimized with the Yoast SEO plugin v27.4 - https:\/\/yoast.com\/product\/yoast-seo-wordpress\/ -->\n<title>What is a \u2018Group Service Representative\u2019 in ITAA? &#8211; Internet and Technology Addicts Anonymous<\/title>\n<meta name=\"robots\" content=\"index, follow, max-snippet:-1, max-image-preview:large, max-video-preview:-1\" \/>\n<link rel=\"canonical\" href=\"https:\/\/internetaddictsanonymous.org\/fr\/gsr\/\" \/>\n<meta property=\"og:locale\" content=\"fr_FR\" \/>\n<meta property=\"og:type\" content=\"article\" \/>\n<meta property=\"og:title\" content=\"What is a \u2018Group Service Representative\u2019 in ITAA? &#8211; Internet and Technology Addicts Anonymous\" \/>\n<meta property=\"og:description\" content=\"A \u2018Group Service Representative\u2019 (GSR) is a member of ITAA who has been elected by a particular ITAA group to represent that group at International Service Meetings (ISMs). ITAA\u2019s service structure resembles an inverted pyramid, with the groups at the top, and the ISM at the bottom. In other words, the International Service Meetings serves &hellip; Lire la suite de What is a \u2018Group Service Representative\u2019 in ITAA?\" \/>\n<meta property=\"og:url\" content=\"https:\/\/internetaddictsanonymous.org\/fr\/gsr\/\" \/>\n<meta property=\"og:site_name\" content=\"Internet and Technology Addicts Anonymous\" \/>\n<meta property=\"article:modified_time\" content=\"2025-01-21T21:31:26+00:00\" \/>\n<meta name=\"twitter:card\" content=\"summary_large_image\" \/>\n<meta name=\"twitter:label1\" content=\"Dur\u00e9e de lecture estim\u00e9e\" \/>\n\t<meta name=\"twitter:data1\" content=\"4 minutes\" \/>\n<script type=\"application\/ld+json\" class=\"yoast-schema-graph\">{\"@context\":\"https:\\\/\\\/schema.org\",\"@graph\":[{\"@type\":\"WebPage\",\"@id\":\"https:\\\/\\\/internetaddictsanonymous.org\\\/gsr\\\/\",\"url\":\"https:\\\/\\\/internetaddictsanonymous.org\\\/gsr\\\/\",\"name\":\"What is a \u2018Group Service Representative\u2019 in ITAA? &#8211; Internet and Technology Addicts Anonymous\",\"isPartOf\":{\"@id\":\"https:\\\/\\\/internetaddictsanonymous.org\\\/#website\"},\"datePublished\":\"2022-03-24T00:02:20+00:00\",\"dateModified\":\"2025-01-21T21:31:26+00:00\",\"breadcrumb\":{\"@id\":\"https:\\\/\\\/internetaddictsanonymous.org\\\/gsr\\\/#breadcrumb\"},\"inLanguage\":\"fr-FR\",\"potentialAction\":[{\"@type\":\"ReadAction\",\"target\":[\"https:\\\/\\\/internetaddictsanonymous.org\\\/gsr\\\/\"]}]},{\"@type\":\"BreadcrumbList\",\"@id\":\"https:\\\/\\\/internetaddictsanonymous.org\\\/gsr\\\/#breadcrumb\",\"itemListElement\":[{\"@type\":\"ListItem\",\"position\":1,\"name\":\"Home\",\"item\":\"https:\\\/\\\/internetaddictsanonymous.org\\\/\"},{\"@type\":\"ListItem\",\"position\":2,\"name\":\"What is a \u2018Group Service Representative\u2019 in ITAA?\"}]},{\"@type\":\"WebSite\",\"@id\":\"https:\\\/\\\/internetaddictsanonymous.org\\\/#website\",\"url\":\"https:\\\/\\\/internetaddictsanonymous.org\\\/\",\"name\":\"Internet and Technology Addicts Anonymous\",\"description\":\"Worldwide 12-step Fellowship for Internet and Technology Addiction\",\"publisher\":{\"@id\":\"https:\\\/\\\/internetaddictsanonymous.org\\\/#organization\"},\"potentialAction\":[{\"@type\":\"SearchAction\",\"target\":{\"@type\":\"EntryPoint\",\"urlTemplate\":\"https:\\\/\\\/internetaddictsanonymous.org\\\/?s={search_term_string}\"},\"query-input\":{\"@type\":\"PropertyValueSpecification\",\"valueRequired\":true,\"valueName\":\"search_term_string\"}}],\"inLanguage\":\"fr-FR\"},{\"@type\":\"Organization\",\"@id\":\"https:\\\/\\\/internetaddictsanonymous.org\\\/#organization\",\"name\":\"Internet and Technology Addicts Anonymous\",\"url\":\"https:\\\/\\\/internetaddictsanonymous.org\\\/\",\"logo\":{\"@type\":\"ImageObject\",\"inLanguage\":\"fr-FR\",\"@id\":\"https:\\\/\\\/internetaddictsanonymous.org\\\/#\\\/schema\\\/logo\\\/image\\\/\",\"url\":\"https:\\\/\\\/internetaddictsanonymous.org\\\/wp-content\\\/uploads\\\/2023\\\/01\\\/cropped-ITAA-logo-480px.png\",\"contentUrl\":\"https:\\\/\\\/internetaddictsanonymous.org\\\/wp-content\\\/uploads\\\/2023\\\/01\\\/cropped-ITAA-logo-480px.png\",\"width\":480,\"height\":480,\"caption\":\"Internet and Technology Addicts Anonymous\"},\"image\":{\"@id\":\"https:\\\/\\\/internetaddictsanonymous.org\\\/#\\\/schema\\\/logo\\\/image\\\/\"}}]}<\/script>\n<!-- \/ Yoast SEO plugin. -->","yoast_head_json":{"title":"Qu'est-ce qu'un \"repr\u00e9sentant de service de groupe\" \u00e0 l'ITAA ? - Les Accros de l'Internet et de la Technologie Anonymes","robots":{"index":"index","follow":"follow","max-snippet":"max-snippet:-1","max-image-preview":"max-image-preview:large","max-video-preview":"max-video-preview:-1"},"canonical":"https:\/\/internetaddictsanonymous.org\/fr\/gsr\/","og_locale":"fr_FR","og_type":"article","og_title":"What is a \u2018Group Service Representative\u2019 in ITAA? &#8211; Internet and Technology Addicts Anonymous","og_description":"A \u2018Group Service Representative\u2019 (GSR) is a member of ITAA who has been elected by a particular ITAA group to represent that group at International Service Meetings (ISMs). ITAA\u2019s service structure resembles an inverted pyramid, with the groups at the top, and the ISM at the bottom. In other words, the International Service Meetings serves &hellip; Lire la suite de What is a \u2018Group Service Representative\u2019 in ITAA?","og_url":"https:\/\/internetaddictsanonymous.org\/fr\/gsr\/","og_site_name":"Internet and Technology Addicts Anonymous","article_modified_time":"2025-01-21T21:31:26+00:00","twitter_card":"summary_large_image","twitter_misc":{"Dur\u00e9e de lecture estim\u00e9e":"4 minutes"},"schema":{"@context":"https:\/\/schema.org","@graph":[{"@type":"WebPage","@id":"https:\/\/internetaddictsanonymous.org\/gsr\/","url":"https:\/\/internetaddictsanonymous.org\/gsr\/","name":"Qu'est-ce qu'un \"repr\u00e9sentant de service de groupe\" \u00e0 l'ITAA ? - Les Accros de l'Internet et de la Technologie Anonymes","isPartOf":{"@id":"https:\/\/internetaddictsanonymous.org\/#website"},"datePublished":"2022-03-24T00:02:20+00:00","dateModified":"2025-01-21T21:31:26+00:00","breadcrumb":{"@id":"https:\/\/internetaddictsanonymous.org\/gsr\/#breadcrumb"},"inLanguage":"fr-FR","potentialAction":[{"@type":"ReadAction","target":["https:\/\/internetaddictsanonymous.org\/gsr\/"]}]},{"@type":"BreadcrumbList","@id":"https:\/\/internetaddictsanonymous.org\/gsr\/#breadcrumb","itemListElement":[{"@type":"ListItem","position":1,"name":"Home","item":"https:\/\/internetaddictsanonymous.org\/"},{"@type":"ListItem","position":2,"name":"What is a \u2018Group Service Representative\u2019 in ITAA?"}]},{"@type":"WebSite","@id":"https:\/\/internetaddictsanonymous.org\/#website","url":"https:\/\/internetaddictsanonymous.org\/","name":"D\u00e9pendants \u00e0 Internet et aux technologies anonymes","description":"Communaut\u00e9 mondiale en 12 \u00e9tapes pour la d\u00e9pendance \u00e0 l'Internet et \u00e0 la technologie","publisher":{"@id":"https:\/\/internetaddictsanonymous.org\/#organization"},"potentialAction":[{"@type":"SearchAction","target":{"@type":"EntryPoint","urlTemplate":"https:\/\/internetaddictsanonymous.org\/?s={search_term_string}"},"query-input":{"@type":"PropertyValueSpecification","valueRequired":true,"valueName":"search_term_string"}}],"inLanguage":"fr-FR"},{"@type":"Organization","@id":"https:\/\/internetaddictsanonymous.org\/#organization","name":"D\u00e9pendants \u00e0 Internet et aux technologies anonymes","url":"https:\/\/internetaddictsanonymous.org\/","logo":{"@type":"ImageObject","inLanguage":"fr-FR","@id":"https:\/\/internetaddictsanonymous.org\/#\/schema\/logo\/image\/","url":"https:\/\/internetaddictsanonymous.org\/wp-content\/uploads\/2023\/01\/cropped-ITAA-logo-480px.png","contentUrl":"https:\/\/internetaddictsanonymous.org\/wp-content\/uploads\/2023\/01\/cropped-ITAA-logo-480px.png","width":480,"height":480,"caption":"Internet and Technology Addicts Anonymous"},"image":{"@id":"https:\/\/internetaddictsanonymous.org\/#\/schema\/logo\/image\/"}}]}},"jetpack_sharing_enabled":true,"jetpack_shortlink":"https:\/\/wp.me\/P9Fwob-3xe","_links":{"self":[{"href":"https:\/\/internetaddictsanonymous.org\/fr\/wp-json\/wp\/v2\/pages\/13592","targetHints":{"allow":["GET"]}}],"collection":[{"href":"https:\/\/internetaddictsanonymous.org\/fr\/wp-json\/wp\/v2\/pages"}],"about":[{"href":"https:\/\/internetaddictsanonymous.org\/fr\/wp-json\/wp\/v2\/types\/page"}],"author":[{"embeddable":true,"href":"https:\/\/internetaddictsanonymous.org\/fr\/wp-json\/wp\/v2\/users\/35194255"}],"replies":[{"embeddable":true,"href":"https:\/\/internetaddictsanonymous.org\/fr\/wp-json\/wp\/v2\/comments?post=13592"}],"version-history":[{"count":9,"href":"https:\/\/internetaddictsanonymous.org\/fr\/wp-json\/wp\/v2\/pages\/13592\/revisions"}],"predecessor-version":[{"id":19241,"href":"https:\/\/internetaddictsanonymous.org\/fr\/wp-json\/wp\/v2\/pages\/13592\/revisions\/19241"}],"wp:attachment":[{"href":"https:\/\/internetaddictsanonymous.org\/fr\/wp-json\/wp\/v2\/media?parent=13592"}],"wp:term":[{"taxonomy":"post_tag","embeddable":true,"href":"https:\/\/internetaddictsanonymous.org\/fr\/wp-json\/wp\/v2\/tags?post=13592"}],"curies":[{"name":"wp","href":"https:\/\/api.w.org\/{rel}","templated":true}]}}