{"id":14154,"date":"2022-08-29T17:23:26","date_gmt":"2022-08-29T17:23:26","guid":{"rendered":"https:\/\/internetaddictsanonymous.org\/?page_id=14154"},"modified":"2024-06-16T20:37:33","modified_gmt":"2024-06-17T00:37:33","slug":"guides-et-ressources","status":"publish","type":"page","link":"https:\/\/internetaddictsanonymous.org\/fr\/literature-and-guides\/","title":{"rendered":"Litt\u00e9rature et guides"},"content":{"rendered":"<p>Vous trouverez ci-dessous une liste de ressources \u00e9crites sur la nature de notre d\u00e9pendance et sur la mani\u00e8re de nous orienter au mieux dans notre parcours de r\u00e9tablissement. Ces ressources ont \u00e9t\u00e9 r\u00e9dig\u00e9es par nos comit\u00e9s du contenu num\u00e9rique et de r\u00e9daction. Si vous souhaitez nous faire part de vos commentaires ou contribuer \u00e0 nos efforts, nous serions ravis de vous entendre ou de vous voir participer \u00e0 l'une de nos r\u00e9unions. De plus amples informations sont disponibles sur le site&nbsp;<a href=\"https:\/\/internetaddictsanonymous.org\/fr\/postes-de-service-ouverts\/\">Comit\u00e9s de service<\/a>&nbsp;.<\/p>\n\n\n\n<h2 class=\"wp-block-heading\">Pour commencer<\/h2>\n\n\n\n<div class=\"wp-block-columns is-layout-flex wp-container-core-columns-is-layout-9d6595d7 wp-block-columns-is-layout-flex\">\n<div class=\"wp-block-column is-layout-flow wp-block-column-is-layout-flow\">\n<p><strong><a href=\"https:\/\/internetaddictsanonymous.org\/fr\/guide-pour-les-nouveaux-arrivants\/\">Un guide pour les nouveaux arrivants<\/a><br><\/strong>Une liste de six suggestions simples pour d\u00e9marrer dans ITAA.<\/p>\n\n\n\n<p><strong><a href=\"https:\/\/internetaddictsanonymous.org\/fr\/ressources\/les-outils-de-la-relance\/\">Outils de r\u00e9tablissement<\/a><br><\/strong>Des outils et des strat\u00e9gies \u00e9prouv\u00e9s qui peuvent nous aider \u00e0 rester sobres.<\/p>\n\n\n\n<p><strong><a href=\"https:\/\/internetaddictsanonymous.org\/fr\/feuille-de-travail-sur-la-sobriete-une-introduction-a-la-guerison-de-la-dependance-par-internet\/\">Brochure  \"D\u00e9couvrir ce qu'est la sobri\u00e9t\u00e9 en ITAA\"<\/a><\/strong><br>Une feuille de travail con\u00e7ue pour nous aider \u00e0 \u00e9tablir nos lignes du haut, du milieu et du bas, gr\u00e2ce \u00e0 une s\u00e9rie de questions et de messages.<\/p>\n<\/div>\n\n\n\n<div class=\"wp-block-column is-layout-flow wp-block-column-is-layout-flow\">\n<p><strong><a href=\"https:\/\/internetaddictsanonymous.org\/fr\/recits-de-guerison\/\">Histoires de r\u00e9cup\u00e9ration<\/a><br><\/strong>Histoires enregistr\u00e9es ou \u00e9crites par des membres d'ITAA r\u00e9tablis.<\/p>\n\n\n\n<p><strong><a href=\"https:\/\/drive.google.com\/file\/d\/1y8ZgwLScawJeQq0LZ8vN3THEhiBk4YAv\/view\">Brochure de bienvenue de l'ITAA<\/a><\/strong><br>Une brochure imprimable qui donne une vue d'ensemble du programme ITAA (<a href=\"https:\/\/drive.google.com\/file\/d\/1fmIJRc_6SpHw75_1qrfd7NkuC-67Epxm\/view?usp=sharing\" target=\"_blank\" rel=\"noreferrer noopener\">A4<\/a>) (<a href=\"https:\/\/docs.google.com\/document\/d\/1SJDReYLLhs5hgC0I1hotkrCmZ3-6YZmxTNB7lb27KJM\/edit?usp=sharing\" target=\"_blank\" rel=\"noreferrer noopener\">instructions d'impression<\/a>).<\/p>\n\n\n\n<p><strong><a href=\"https:\/\/internetaddictsanonymous.org\/fr\/12-etapes-de-litaa\/\">Les douze \u00e9tapes et les douze traditions de DITA<\/a><br><\/strong>Les principes directeurs de notre programme.<\/p>\n<\/div>\n<\/div>\n\n\n\n<p><\/p>\n\n\n\n<h2 class=\"wp-block-heading\">Approfondir notre r\u00e9tablissement<\/h2>\n\n\n\n<div class=\"wp-block-columns is-layout-flex wp-container-core-columns-is-layout-9d6595d7 wp-block-columns-is-layout-flex\">\n<div class=\"wp-block-column is-layout-flow wp-block-column-is-layout-flow\">\n<p><a href=\"https:\/\/internetaddictsanonymous.org\/fr\/un-guide-de-retrait\/\"><strong>Naviguer la phase de sevrage<\/strong><\/a><br>Une description du processus de sevrage, ainsi que des r\u00e9cits de r\u00e9tablissement de quatre membres.<\/p>\n\n\n\n<p><a href=\"https:\/\/internetaddictsanonymous.org\/fr\/un-guide-pour-les-glissements-et-relapses-dans-la-itaa\/\"><strong>Comprendre la sobri\u00e9t\u00e9, les d\u00e9rapages et les rechutes<\/strong><\/a><br>Un aper\u00e7u de ce que signifie la sobri\u00e9t\u00e9 dans l&#039;ITAA, ainsi que la fa\u00e7on de pr\u00e9venir et de se d\u00e9velopper des glissades et des rechutes.<\/p>\n\n\n\n<p><strong><a href=\"https:\/\/internetaddictsanonymous.org\/fr\/a-guide-pour-atteindre-les-appels-dans-itaa\/\">Faire des appels de sensibilisation<\/a><br><\/strong>Un guide pour appeler d'autres membres en dehors des r\u00e9unions, un des outils vitaux de notre r\u00e9tablissement.<\/p>\n<\/div>\n\n\n\n<div class=\"wp-block-column is-layout-flow wp-block-column-is-layout-flow\">\n<p><a href=\"https:\/\/internetaddictsanonymous.org\/fr\/parrainage\/\"><strong>L&#039;importance du parrainage<\/strong><\/a><br>Le parrainage est une relation informelle dans laquelle un membre plus exp\u00e9riment\u00e9 de l&#039;ITAA aide \u00e0 nous guider tout au long du r\u00e9tablissement.<\/p>\n\n\n\n<p><a href=\"https:\/\/internetaddictsanonymous.org\/fr\/ressources\/litterature\/\"><strong>Comment travailler les \u00e9tapes<\/strong><br><\/a>Ressources que nous pouvons utiliser pour travailler sur les Douze \u00c9tapes.<\/p>\n\n\n\n<p><a href=\"https:\/\/internetaddictsanonymous.org\/fr\/the-doctors-opinion\/\"><strong>Les preuves scientifiques concernant la d\u00e9pendance \u00e0 Internet et \u00e0 la technologie<\/strong><\/a><br>Une vue d'ensemble des effets et des cons\u00e9quences de l'addiction \u00e0 l'internet et aux technologies.<\/p>\n<\/div>\n<\/div>\n\n\n\n<p><\/p>\n\n\n\n<h2 class=\"wp-block-heading\">\u00catre au service des autres<\/h2>\n\n\n\n<div class=\"wp-block-columns is-layout-flex wp-container-core-columns-is-layout-9d6595d7 wp-block-columns-is-layout-flex\">\n<div class=\"wp-block-column is-layout-flow wp-block-column-is-layout-flow\">\n<p><a href=\"https:\/\/internetaddictsanonymous.org\/fr\/leading-and-strengthening-meetings\/\"><strong>Fonctionnement des r\u00e9unions<\/strong><\/a><br>Un guide complet pour cr\u00e9er des r\u00e9unions fortes, saines et en pleine croissance.<\/p>\n\n\n\n<p><strong><a href=\"https:\/\/internetaddictsanonymous.org\/fr\/guide-des-groupes-de-conscience\/\">Un guide pour les consciences de groupe<\/a><\/strong><br>Un aper\u00e7u d\u00e9taill\u00e9 du processus de conscience de groupe par lequel nous prenons des d\u00e9cisions en groupe.<\/p>\n<\/div>\n\n\n\n<div class=\"wp-block-column is-layout-flow wp-block-column-is-layout-flow\">\n<p><strong><a href=\"https:\/\/internetaddictsanonymous.org\/fr\/la-securite-dans-laita\/\">La s\u00e9curit\u00e9 au sein de DITA - D\u00e9pendants \u00e0 Internet et aux Technologies Anonymes<\/a><br><\/strong>Un guide pour r\u00e9agir \u00e0 un comportement dangereux ou inappropri\u00e9.<\/p>\n\n\n\n<p><strong><a href=\"https:\/\/internetaddictsanonymous.org\/fr\/ressources\/etre-au-service-des-ressources\/principes-pour-les-groupes-de-discussion\/\">Principes des groupes de discussion<\/a><\/strong><br>Un guide sur la fa\u00e7on de garantir que les groupes de discussion ITAA sont des v\u00e9hicules sains pour transmettre le message de r\u00e9tablissement.<\/p>\n\n\n\n<p><strong><a href=\"https:\/\/internetaddictsanonymous.org\/fr\/gsr\/\">Repr\u00e9sentants des services collectifs<\/a><\/strong><br>Un RSG repr\u00e9sente un groupe individuel lors de nos r\u00e9unions de service internationales.<br><\/p>\n<\/div>\n<\/div>\n\n\n\n<p><\/p>\n<!-- PMB print buttons is only displayed on a single post\/page URLs-->","protected":false},"excerpt":{"rendered":"<p>Vous trouverez ci-dessous une liste de ressources \u00e9crites sur la nature de notre d\u00e9pendance et sur la meilleure fa\u00e7on de naviguer dans notre cheminement vers le r\u00e9tablissement. Ces ressources ont \u00e9t\u00e9 r\u00e9dig\u00e9es par notre comit\u00e9 de contenu Web et notre comit\u00e9 de litt\u00e9rature. Si vous souhaitez partager vos commentaires ou contribuer \u00e0 nos efforts, nous serions ravis d\u2019avoir de vos nouvelles\u2026 <a href=\"https:\/\/internetaddictsanonymous.org\/fr\/literature-and-guides\/\" class=\"more-link\">Lire la suite de <span class=\"screen-reader-text\">Litt\u00e9rature et guides<\/span><\/a><\/p>","protected":false},"author":35194237,"featured_media":0,"parent":0,"menu_order":0,"comment_status":"closed","ping_status":"closed","template":"full-width-page.php","meta":{"inline_featured_image":false,"_lmt_disableupdate":"","_lmt_disable":"","footnotes":""},"tags":[],"class_list":["post-14154","page","type-page","status-publish","hentry"],"yoast_head":"<!-- This site is optimized with the Yoast SEO plugin v27.5 - https:\/\/yoast.com\/product\/yoast-seo-wordpress\/ -->\n<title>Literature and Guides &#8211; Internet and Technology Addicts Anonymous<\/title>\n<meta name=\"robots\" content=\"index, follow, max-snippet:-1, max-image-preview:large, max-video-preview:-1\" \/>\n<link rel=\"canonical\" href=\"https:\/\/internetaddictsanonymous.org\/fr\/guides-et-ressources\/\" \/>\n<meta property=\"og:locale\" content=\"fr_FR\" \/>\n<meta property=\"og:type\" content=\"article\" \/>\n<meta property=\"og:title\" content=\"Literature and Guides &#8211; Internet and Technology Addicts Anonymous\" \/>\n<meta property=\"og:description\" content=\"Below is a list of written resources about the nature of our addiction and how we can best navigate our recovery journey. These resources have been written by our Web Content Committee and our Literature Committee. If you would like to share feedback or contribute to our efforts, we would love to hear from you &hellip; Lire la suite de Literature and Guides\" \/>\n<meta property=\"og:url\" content=\"https:\/\/internetaddictsanonymous.org\/fr\/guides-et-ressources\/\" \/>\n<meta property=\"og:site_name\" content=\"Internet and Technology Addicts Anonymous\" \/>\n<meta property=\"article:modified_time\" content=\"2024-06-17T00:37:33+00:00\" \/>\n<meta name=\"twitter:card\" content=\"summary_large_image\" \/>\n<meta name=\"twitter:label1\" content=\"Dur\u00e9e de lecture estim\u00e9e\" \/>\n\t<meta name=\"twitter:data1\" content=\"2 minutes\" \/>\n<script type=\"application\/ld+json\" class=\"yoast-schema-graph\">{\"@context\":\"https:\\\/\\\/schema.org\",\"@graph\":[{\"@type\":\"WebPage\",\"@id\":\"https:\\\/\\\/internetaddictsanonymous.org\\\/literature-and-guides\\\/\",\"url\":\"https:\\\/\\\/internetaddictsanonymous.org\\\/literature-and-guides\\\/\",\"name\":\"Literature and Guides &#8211; Internet and Technology Addicts Anonymous\",\"isPartOf\":{\"@id\":\"https:\\\/\\\/internetaddictsanonymous.org\\\/#website\"},\"datePublished\":\"2022-08-29T17:23:26+00:00\",\"dateModified\":\"2024-06-17T00:37:33+00:00\",\"breadcrumb\":{\"@id\":\"https:\\\/\\\/internetaddictsanonymous.org\\\/literature-and-guides\\\/#breadcrumb\"},\"inLanguage\":\"fr-FR\",\"potentialAction\":[{\"@type\":\"ReadAction\",\"target\":[\"https:\\\/\\\/internetaddictsanonymous.org\\\/literature-and-guides\\\/\"]}]},{\"@type\":\"BreadcrumbList\",\"@id\":\"https:\\\/\\\/internetaddictsanonymous.org\\\/literature-and-guides\\\/#breadcrumb\",\"itemListElement\":[{\"@type\":\"ListItem\",\"position\":1,\"name\":\"Home\",\"item\":\"https:\\\/\\\/internetaddictsanonymous.org\\\/\"},{\"@type\":\"ListItem\",\"position\":2,\"name\":\"Literature and Guides\"}]},{\"@type\":\"WebSite\",\"@id\":\"https:\\\/\\\/internetaddictsanonymous.org\\\/#website\",\"url\":\"https:\\\/\\\/internetaddictsanonymous.org\\\/\",\"name\":\"Internet and Technology Addicts Anonymous\",\"description\":\"Worldwide 12-step Fellowship for Internet and Technology Addiction\",\"publisher\":{\"@id\":\"https:\\\/\\\/internetaddictsanonymous.org\\\/#organization\"},\"potentialAction\":[{\"@type\":\"SearchAction\",\"target\":{\"@type\":\"EntryPoint\",\"urlTemplate\":\"https:\\\/\\\/internetaddictsanonymous.org\\\/?s={search_term_string}\"},\"query-input\":{\"@type\":\"PropertyValueSpecification\",\"valueRequired\":true,\"valueName\":\"search_term_string\"}}],\"inLanguage\":\"fr-FR\"},{\"@type\":\"Organization\",\"@id\":\"https:\\\/\\\/internetaddictsanonymous.org\\\/#organization\",\"name\":\"Internet and Technology Addicts Anonymous\",\"url\":\"https:\\\/\\\/internetaddictsanonymous.org\\\/\",\"logo\":{\"@type\":\"ImageObject\",\"inLanguage\":\"fr-FR\",\"@id\":\"https:\\\/\\\/internetaddictsanonymous.org\\\/#\\\/schema\\\/logo\\\/image\\\/\",\"url\":\"https:\\\/\\\/internetaddictsanonymous.org\\\/wp-content\\\/uploads\\\/2023\\\/01\\\/cropped-ITAA-logo-480px.png\",\"contentUrl\":\"https:\\\/\\\/internetaddictsanonymous.org\\\/wp-content\\\/uploads\\\/2023\\\/01\\\/cropped-ITAA-logo-480px.png\",\"width\":480,\"height\":480,\"caption\":\"Internet and Technology Addicts Anonymous\"},\"image\":{\"@id\":\"https:\\\/\\\/internetaddictsanonymous.org\\\/#\\\/schema\\\/logo\\\/image\\\/\"}}]}<\/script>\n<!-- \/ Yoast SEO plugin. -->","yoast_head_json":{"title":"Litt\u00e9rature et guides - Addicts anonymes \u00e0 l'Internet et \u00e0 la technologie","robots":{"index":"index","follow":"follow","max-snippet":"max-snippet:-1","max-image-preview":"max-image-preview:large","max-video-preview":"max-video-preview:-1"},"canonical":"https:\/\/internetaddictsanonymous.org\/fr\/guides-et-ressources\/","og_locale":"fr_FR","og_type":"article","og_title":"Literature and Guides &#8211; Internet and Technology Addicts Anonymous","og_description":"Below is a list of written resources about the nature of our addiction and how we can best navigate our recovery journey. These resources have been written by our Web Content Committee and our Literature Committee. If you would like to share feedback or contribute to our efforts, we would love to hear from you &hellip; Lire la suite de Literature and Guides","og_url":"https:\/\/internetaddictsanonymous.org\/fr\/guides-et-ressources\/","og_site_name":"Internet and Technology Addicts Anonymous","article_modified_time":"2024-06-17T00:37:33+00:00","twitter_card":"summary_large_image","twitter_misc":{"Dur\u00e9e de lecture estim\u00e9e":"2 minutes"},"schema":{"@context":"https:\/\/schema.org","@graph":[{"@type":"WebPage","@id":"https:\/\/internetaddictsanonymous.org\/literature-and-guides\/","url":"https:\/\/internetaddictsanonymous.org\/literature-and-guides\/","name":"Litt\u00e9rature et guides - Addicts anonymes \u00e0 l'Internet et \u00e0 la technologie","isPartOf":{"@id":"https:\/\/internetaddictsanonymous.org\/#website"},"datePublished":"2022-08-29T17:23:26+00:00","dateModified":"2024-06-17T00:37:33+00:00","breadcrumb":{"@id":"https:\/\/internetaddictsanonymous.org\/literature-and-guides\/#breadcrumb"},"inLanguage":"fr-FR","potentialAction":[{"@type":"ReadAction","target":["https:\/\/internetaddictsanonymous.org\/literature-and-guides\/"]}]},{"@type":"BreadcrumbList","@id":"https:\/\/internetaddictsanonymous.org\/literature-and-guides\/#breadcrumb","itemListElement":[{"@type":"ListItem","position":1,"name":"Home","item":"https:\/\/internetaddictsanonymous.org\/"},{"@type":"ListItem","position":2,"name":"Literature and Guides"}]},{"@type":"WebSite","@id":"https:\/\/internetaddictsanonymous.org\/#website","url":"https:\/\/internetaddictsanonymous.org\/","name":"D\u00e9pendants \u00e0 Internet et aux technologies anonymes","description":"Communaut\u00e9 mondiale en 12 \u00e9tapes pour la d\u00e9pendance \u00e0 l'Internet et \u00e0 la technologie","publisher":{"@id":"https:\/\/internetaddictsanonymous.org\/#organization"},"potentialAction":[{"@type":"SearchAction","target":{"@type":"EntryPoint","urlTemplate":"https:\/\/internetaddictsanonymous.org\/?s={search_term_string}"},"query-input":{"@type":"PropertyValueSpecification","valueRequired":true,"valueName":"search_term_string"}}],"inLanguage":"fr-FR"},{"@type":"Organization","@id":"https:\/\/internetaddictsanonymous.org\/#organization","name":"D\u00e9pendants \u00e0 Internet et aux technologies anonymes","url":"https:\/\/internetaddictsanonymous.org\/","logo":{"@type":"ImageObject","inLanguage":"fr-FR","@id":"https:\/\/internetaddictsanonymous.org\/#\/schema\/logo\/image\/","url":"https:\/\/internetaddictsanonymous.org\/wp-content\/uploads\/2023\/01\/cropped-ITAA-logo-480px.png","contentUrl":"https:\/\/internetaddictsanonymous.org\/wp-content\/uploads\/2023\/01\/cropped-ITAA-logo-480px.png","width":480,"height":480,"caption":"Internet and Technology Addicts Anonymous"},"image":{"@id":"https:\/\/internetaddictsanonymous.org\/#\/schema\/logo\/image\/"}}]}},"jetpack_sharing_enabled":true,"jetpack_shortlink":"https:\/\/wp.me\/P9Fwob-3Gi","_links":{"self":[{"href":"https:\/\/internetaddictsanonymous.org\/fr\/wp-json\/wp\/v2\/pages\/14154","targetHints":{"allow":["GET"]}}],"collection":[{"href":"https:\/\/internetaddictsanonymous.org\/fr\/wp-json\/wp\/v2\/pages"}],"about":[{"href":"https:\/\/internetaddictsanonymous.org\/fr\/wp-json\/wp\/v2\/types\/page"}],"author":[{"embeddable":true,"href":"https:\/\/internetaddictsanonymous.org\/fr\/wp-json\/wp\/v2\/users\/35194237"}],"replies":[{"embeddable":true,"href":"https:\/\/internetaddictsanonymous.org\/fr\/wp-json\/wp\/v2\/comments?post=14154"}],"version-history":[{"count":11,"href":"https:\/\/internetaddictsanonymous.org\/fr\/wp-json\/wp\/v2\/pages\/14154\/revisions"}],"predecessor-version":[{"id":18152,"href":"https:\/\/internetaddictsanonymous.org\/fr\/wp-json\/wp\/v2\/pages\/14154\/revisions\/18152"}],"wp:attachment":[{"href":"https:\/\/internetaddictsanonymous.org\/fr\/wp-json\/wp\/v2\/media?parent=14154"}],"wp:term":[{"taxonomy":"post_tag","embeddable":true,"href":"https:\/\/internetaddictsanonymous.org\/fr\/wp-json\/wp\/v2\/tags?post=14154"}],"curies":[{"name":"wp","href":"https:\/\/api.w.org\/{rel}","templated":true}]}}