{"id":14759,"date":"2023-01-09T14:03:10","date_gmt":"2023-01-09T19:03:10","guid":{"rendered":"https:\/\/internetaddictsanonymous.org\/?page_id=14759"},"modified":"2023-11-18T13:51:03","modified_gmt":"2023-11-18T18:51:03","slug":"a-propos-de","status":"publish","type":"page","link":"https:\/\/internetaddictsanonymous.org\/fr\/about\/","title":{"rendered":"\u00c0 propos de"},"content":{"rendered":"<p>Internet and Technology Addicts Anonymous est une association en douze \u00e9tapes bas\u00e9e sur les principes \u00e9tablis par les Alcooliques Anonymes. Notre association est enti\u00e8rement non professionnelle et autonome, et la seule condition d'adh\u00e9sion \u00e0 l'ITAA est le d\u00e9sir d'arr\u00eater d'utiliser Internet et la technologie de mani\u00e8re compulsive. Nous partageons notre exp\u00e9rience, notre force et notre espoir au travers de r\u00e9unions de groupe et de relations individuelles, et nous suivons un programme de r\u00e9tablissement bas\u00e9 sur les douze \u00e9tapes des Alcooliques Anonymes. Nous n'avons pas d'opinion sur des questions ext\u00e9rieures et nous ne condamnons ni n'approuvons aucune technologie particuli\u00e8re. Nous ne sommes affili\u00e9s \u00e0 aucun programme politique, mouvement religieux ou int\u00e9r\u00eat ext\u00e9rieur. Notre seul objectif est de nous abstenir d'utiliser l'internet et les technologies de mani\u00e8re compulsive et d'aider les autres \u00e0 se lib\u00e9rer de cette d\u00e9pendance.<\/p>\n\n\n\n<p>L'ITAA a \u00e9t\u00e9 cr\u00e9\u00e9e en juin 2017 apr\u00e8s que les membres initiaux se soient rencontr\u00e9s dans le cadre d'une autre association. Ils ont reconnu qu'ils avaient un grave probl\u00e8me d'utilisation compulsive de l'internet et de la technologie et ont d\u00e9cid\u00e9 de s'unir pour s'entraider. Comme ils vivaient dans diff\u00e9rentes parties du monde, les premi\u00e8res r\u00e9unions se sont tenues par t\u00e9l\u00e9phone. Au d\u00e9part, les membres ont adh\u00e9r\u00e9 par le bouche \u00e0 oreille jusqu'\u00e0 ce qu'un nouveau site web permette \u00e0 un plus grand nombre de personnes cherchant de l'aide de trouver la fraternit\u00e9. Au cours de la premi\u00e8re ann\u00e9e, il y a eu deux r\u00e9unions t\u00e9l\u00e9phoniques par semaine avec une poign\u00e9e de membres participants, ainsi qu'une r\u00e9union en personne \u00e0 Bellevue, Washington. Au cours de l'ann\u00e9e 2019, le nombre de r\u00e9unions est pass\u00e9 \u00e0 sept par semaine, y compris une autre r\u00e9union en personne \u00e0 Amsterdam, et la premi\u00e8re convention internationale s'est tenue \u00e0 Berlin en novembre. Suite \u00e0 cela, une r\u00e9union en personne a \u00e9t\u00e9 lanc\u00e9e \u00e0 Berlin, suivie peu apr\u00e8s par des r\u00e9unions \u00e0 New York et \u00e0 Moscou. La fraternit\u00e9 a commenc\u00e9 \u00e0 se d\u00e9velopper rapidement et aujourd'hui, il y a pr\u00e8s de 100 r\u00e9unions hebdomadaires en ligne et 30 r\u00e9unions en personne dans le monde entier. Nos membres viennent de plus de 80 pays et nos r\u00e9unions se d\u00e9roulent en anglais, en espagnol, en allemand, en russe, en fran\u00e7ais, en n\u00e9erlandais, en portugais, en h\u00e9breu et en polonais.<\/p>\n\n\n\n<p>L'ITAA est un organisme \u00e0 but non lucratif exon\u00e9r\u00e9 d'imp\u00f4t f\u00e9d\u00e9ral 501(c)(3), constitu\u00e9 dans l'\u00c9tat du Colorado.<\/p>\n<!-- PMB print buttons is only displayed on a single post\/page URLs-->","protected":false},"excerpt":{"rendered":"<p>Internet et Technology Addicts Anonymous est une bourse en douze \u00e9tapes bas\u00e9e sur les principes mis au point par les Alcooliques anonymes. Notre association est enti\u00e8rement non professionnelle et autonome, et la seule condition pour devenir membre de l&#039;ITAA est le d\u00e9sir de cesser d&#039;utiliser Internet et la technologie de mani\u00e8re compulsive. Nous partageons notre exp\u00e9rience, notre force et notre espoir les uns avec les autres \u00e0 travers des r\u00e9unions de groupe et\u2026 <a href=\"https:\/\/internetaddictsanonymous.org\/fr\/about\/\" class=\"more-link\">Lire la suite de <span class=\"screen-reader-text\">\u00c0 propos de<\/span><\/a><\/p>","protected":false},"author":35194237,"featured_media":0,"parent":0,"menu_order":0,"comment_status":"closed","ping_status":"closed","template":"full-width-page.php","meta":{"inline_featured_image":false,"_lmt_disableupdate":"","_lmt_disable":"","jetpack_post_was_ever_published":false,"footnotes":""},"tags":[],"class_list":["post-14759","page","type-page","status-publish","hentry"],"yoast_head":"<!-- This site is optimized with the Yoast SEO plugin v27.1.1 - https:\/\/yoast.com\/product\/yoast-seo-wordpress\/ -->\n<title>About &#8211; Internet and Technology Addicts Anonymous<\/title>\n<meta name=\"robots\" content=\"index, follow, max-snippet:-1, max-image-preview:large, max-video-preview:-1\" \/>\n<link rel=\"canonical\" href=\"https:\/\/internetaddictsanonymous.org\/fr\/a-propos-de\/\" \/>\n<meta property=\"og:locale\" content=\"fr_FR\" \/>\n<meta property=\"og:type\" content=\"article\" \/>\n<meta property=\"og:title\" content=\"About &#8211; Internet and Technology Addicts Anonymous\" \/>\n<meta property=\"og:description\" content=\"Internet and Technology Addicts Anonymous is a Twelve-Step fellowship based on the principles pioneered by Alcoholics Anonymous. Our fellowship is entirely nonprofessional and self-supporting, and the only requirement for ITAA membership is a desire to stop using internet and technology compulsively. We share our experience, strength, and hope with each other through group meetings and &hellip; Lire la suite de About\" \/>\n<meta property=\"og:url\" content=\"https:\/\/internetaddictsanonymous.org\/fr\/a-propos-de\/\" \/>\n<meta property=\"og:site_name\" content=\"Internet and Technology Addicts Anonymous\" \/>\n<meta property=\"article:modified_time\" content=\"2023-11-18T18:51:03+00:00\" \/>\n<meta name=\"twitter:card\" content=\"summary_large_image\" \/>\n<meta name=\"twitter:label1\" content=\"Dur\u00e9e de lecture estim\u00e9e\" \/>\n\t<meta name=\"twitter:data1\" content=\"2 minutes\" \/>\n<script type=\"application\/ld+json\" class=\"yoast-schema-graph\">{\"@context\":\"https:\/\/schema.org\",\"@graph\":[{\"@type\":\"WebPage\",\"@id\":\"https:\/\/internetaddictsanonymous.org\/about\/\",\"url\":\"https:\/\/internetaddictsanonymous.org\/about\/\",\"name\":\"About &#8211; Internet and Technology Addicts Anonymous\",\"isPartOf\":{\"@id\":\"https:\/\/internetaddictsanonymous.org\/#website\"},\"datePublished\":\"2023-01-09T19:03:10+00:00\",\"dateModified\":\"2023-11-18T18:51:03+00:00\",\"breadcrumb\":{\"@id\":\"https:\/\/internetaddictsanonymous.org\/about\/#breadcrumb\"},\"inLanguage\":\"fr-FR\",\"potentialAction\":[{\"@type\":\"ReadAction\",\"target\":[\"https:\/\/internetaddictsanonymous.org\/about\/\"]}]},{\"@type\":\"BreadcrumbList\",\"@id\":\"https:\/\/internetaddictsanonymous.org\/about\/#breadcrumb\",\"itemListElement\":[{\"@type\":\"ListItem\",\"position\":1,\"name\":\"Home\",\"item\":\"https:\/\/internetaddictsanonymous.org\/\"},{\"@type\":\"ListItem\",\"position\":2,\"name\":\"About\"}]},{\"@type\":\"WebSite\",\"@id\":\"https:\/\/internetaddictsanonymous.org\/#website\",\"url\":\"https:\/\/internetaddictsanonymous.org\/\",\"name\":\"Internet and Technology Addicts Anonymous\",\"description\":\"Worldwide 12-step Fellowship for Internet and Technology Addiction\",\"publisher\":{\"@id\":\"https:\/\/internetaddictsanonymous.org\/#organization\"},\"potentialAction\":[{\"@type\":\"SearchAction\",\"target\":{\"@type\":\"EntryPoint\",\"urlTemplate\":\"https:\/\/internetaddictsanonymous.org\/?s={search_term_string}\"},\"query-input\":{\"@type\":\"PropertyValueSpecification\",\"valueRequired\":true,\"valueName\":\"search_term_string\"}}],\"inLanguage\":\"fr-FR\"},{\"@type\":\"Organization\",\"@id\":\"https:\/\/internetaddictsanonymous.org\/#organization\",\"name\":\"Internet and Technology Addicts Anonymous\",\"url\":\"https:\/\/internetaddictsanonymous.org\/\",\"logo\":{\"@type\":\"ImageObject\",\"inLanguage\":\"fr-FR\",\"@id\":\"https:\/\/internetaddictsanonymous.org\/#\/schema\/logo\/image\/\",\"url\":\"https:\/\/internetaddictsanonymous.org\/wp-content\/uploads\/2023\/01\/cropped-ITAA-logo-480px.png\",\"contentUrl\":\"https:\/\/internetaddictsanonymous.org\/wp-content\/uploads\/2023\/01\/cropped-ITAA-logo-480px.png\",\"width\":480,\"height\":480,\"caption\":\"Internet and Technology Addicts Anonymous\"},\"image\":{\"@id\":\"https:\/\/internetaddictsanonymous.org\/#\/schema\/logo\/image\/\"}}]}<\/script>\n<!-- \/ Yoast SEO plugin. -->","yoast_head_json":{"title":"\u00c0 propos - Internet and Technology Addicts Anonymous (Addicts \u00e0 l'Internet et \u00e0 la technologie anonymes)","robots":{"index":"index","follow":"follow","max-snippet":"max-snippet:-1","max-image-preview":"max-image-preview:large","max-video-preview":"max-video-preview:-1"},"canonical":"https:\/\/internetaddictsanonymous.org\/fr\/a-propos-de\/","og_locale":"fr_FR","og_type":"article","og_title":"About &#8211; Internet and Technology Addicts Anonymous","og_description":"Internet and Technology Addicts Anonymous is a Twelve-Step fellowship based on the principles pioneered by Alcoholics Anonymous. Our fellowship is entirely nonprofessional and self-supporting, and the only requirement for ITAA membership is a desire to stop using internet and technology compulsively. We share our experience, strength, and hope with each other through group meetings and &hellip; Lire la suite de About","og_url":"https:\/\/internetaddictsanonymous.org\/fr\/a-propos-de\/","og_site_name":"Internet and Technology Addicts Anonymous","article_modified_time":"2023-11-18T18:51:03+00:00","twitter_card":"summary_large_image","twitter_misc":{"Dur\u00e9e de lecture estim\u00e9e":"2 minutes"},"schema":{"@context":"https:\/\/schema.org","@graph":[{"@type":"WebPage","@id":"https:\/\/internetaddictsanonymous.org\/about\/","url":"https:\/\/internetaddictsanonymous.org\/about\/","name":"\u00c0 propos - Internet and Technology Addicts Anonymous (Addicts \u00e0 l'Internet et \u00e0 la technologie anonymes)","isPartOf":{"@id":"https:\/\/internetaddictsanonymous.org\/#website"},"datePublished":"2023-01-09T19:03:10+00:00","dateModified":"2023-11-18T18:51:03+00:00","breadcrumb":{"@id":"https:\/\/internetaddictsanonymous.org\/about\/#breadcrumb"},"inLanguage":"fr-FR","potentialAction":[{"@type":"ReadAction","target":["https:\/\/internetaddictsanonymous.org\/about\/"]}]},{"@type":"BreadcrumbList","@id":"https:\/\/internetaddictsanonymous.org\/about\/#breadcrumb","itemListElement":[{"@type":"ListItem","position":1,"name":"Home","item":"https:\/\/internetaddictsanonymous.org\/"},{"@type":"ListItem","position":2,"name":"About"}]},{"@type":"WebSite","@id":"https:\/\/internetaddictsanonymous.org\/#website","url":"https:\/\/internetaddictsanonymous.org\/","name":"D\u00e9pendants \u00e0 Internet et aux technologies anonymes","description":"Communaut\u00e9 mondiale en 12 \u00e9tapes pour la d\u00e9pendance \u00e0 l'Internet et \u00e0 la technologie","publisher":{"@id":"https:\/\/internetaddictsanonymous.org\/#organization"},"potentialAction":[{"@type":"SearchAction","target":{"@type":"EntryPoint","urlTemplate":"https:\/\/internetaddictsanonymous.org\/?s={search_term_string}"},"query-input":{"@type":"PropertyValueSpecification","valueRequired":true,"valueName":"search_term_string"}}],"inLanguage":"fr-FR"},{"@type":"Organization","@id":"https:\/\/internetaddictsanonymous.org\/#organization","name":"D\u00e9pendants \u00e0 Internet et aux technologies anonymes","url":"https:\/\/internetaddictsanonymous.org\/","logo":{"@type":"ImageObject","inLanguage":"fr-FR","@id":"https:\/\/internetaddictsanonymous.org\/#\/schema\/logo\/image\/","url":"https:\/\/internetaddictsanonymous.org\/wp-content\/uploads\/2023\/01\/cropped-ITAA-logo-480px.png","contentUrl":"https:\/\/internetaddictsanonymous.org\/wp-content\/uploads\/2023\/01\/cropped-ITAA-logo-480px.png","width":480,"height":480,"caption":"Internet and Technology Addicts Anonymous"},"image":{"@id":"https:\/\/internetaddictsanonymous.org\/#\/schema\/logo\/image\/"}}]}},"jetpack_sharing_enabled":true,"jetpack_shortlink":"https:\/\/wp.me\/P9Fwob-3Q3","_links":{"self":[{"href":"https:\/\/internetaddictsanonymous.org\/fr\/wp-json\/wp\/v2\/pages\/14759","targetHints":{"allow":["GET"]}}],"collection":[{"href":"https:\/\/internetaddictsanonymous.org\/fr\/wp-json\/wp\/v2\/pages"}],"about":[{"href":"https:\/\/internetaddictsanonymous.org\/fr\/wp-json\/wp\/v2\/types\/page"}],"author":[{"embeddable":true,"href":"https:\/\/internetaddictsanonymous.org\/fr\/wp-json\/wp\/v2\/users\/35194237"}],"replies":[{"embeddable":true,"href":"https:\/\/internetaddictsanonymous.org\/fr\/wp-json\/wp\/v2\/comments?post=14759"}],"version-history":[{"count":6,"href":"https:\/\/internetaddictsanonymous.org\/fr\/wp-json\/wp\/v2\/pages\/14759\/revisions"}],"predecessor-version":[{"id":17173,"href":"https:\/\/internetaddictsanonymous.org\/fr\/wp-json\/wp\/v2\/pages\/14759\/revisions\/17173"}],"wp:attachment":[{"href":"https:\/\/internetaddictsanonymous.org\/fr\/wp-json\/wp\/v2\/media?parent=14759"}],"wp:term":[{"taxonomy":"post_tag","embeddable":true,"href":"https:\/\/internetaddictsanonymous.org\/fr\/wp-json\/wp\/v2\/tags?post=14759"}],"curies":[{"name":"wp","href":"https:\/\/api.w.org\/{rel}","templated":true}]}}