{"id":14942,"date":"2023-01-28T15:21:29","date_gmt":"2023-01-28T20:21:29","guid":{"rendered":"https:\/\/internetaddictsanonymous.org\/?page_id=14942"},"modified":"2023-01-28T15:21:31","modified_gmt":"2023-01-28T20:21:31","slug":"dependance-a-la-technologie","status":"publish","type":"page","link":"https:\/\/internetaddictsanonymous.org\/fr\/technology-addiction\/","title":{"rendered":"La d\u00e9pendance \u00e0 la technologie"},"content":{"rendered":"<p>Vous vous demandez peut-\u00eatre si vous \u00eates accro \u00e0 la technologie. Les questions suivantes peuvent vous donner mati\u00e8re \u00e0 r\u00e9flexion et vous servir de guide pour juger de votre situation. Si vous r\u00e9pondez par l'affirmative \u00e0 la plupart des questions suivantes, l'ITAA peut vous \u00eatre utile.<\/p>\n\n\n\n<ol class=\"wp-block-list\">\n<li>Cachez-vous ou mentez-vous \u00e0 propos de votre utilisation des technologies ?<\/li>\n\n\n\n<li>Vous sentez-vous \u00e9motionnellement absent lorsque vous n'utilisez pas la technologie ?<\/li>\n\n\n\n<li>Vous est-il d\u00e9j\u00e0 arriv\u00e9 de faire une pause dans l'utilisation de la technologie et de vous livrer \u00e0 une consommation incontr\u00f4l\u00e9e \u00e0 votre retour ?<\/li>\n\n\n\n<li>Lorsque vous \u00eates contrari\u00e9, vous calmez-vous avec la technologie ou pr\u00e9voyez-vous d'utiliser la technologie ?<\/li>\n\n\n\n<li>L'utilisation de la technologie est-elle la premi\u00e8re chose que vous faites au r\u00e9veil ?<\/li>\n\n\n\n<li>L'utilisation de la technologie est-elle la derni\u00e8re chose que vous faites avant d'aller vous coucher ?<\/li>\n\n\n\n<li>Fixez-vous des limites \u00e0 l'utilisation des technologies, puis ne les respectez-vous pas, en les utilisant plus longtemps que pr\u00e9vu ?<\/li>\n\n\n\n<li>Perdez-vous des heures de sommeil \u00e0 cause de l'utilisation de la technologie ?<\/li>\n\n\n\n<li>Vous est-il d\u00e9j\u00e0 arriv\u00e9 d'\u00eatre malade, d'arriver en retard au travail ou de s\u00e9cher des cours pour utiliser la technologie ?<\/li>\n\n\n\n<li>Vous est-il d\u00e9j\u00e0 arriv\u00e9 de renoncer \u00e0 un comportement technologique, de le d\u00e9sinstaller ou de le bloquer, puis d'y revenir ?<\/li>\n\n\n\n<li>Ressentez-vous de la culpabilit\u00e9 et de la honte par rapport \u00e0 votre utilisation de la technologie ?<\/li>\n\n\n\n<li>L'utilisation des technologies contribue-t-elle \u00e0 l'\u00e9vitement ou \u00e0 l'abandon des relations personnelles ?<\/li>\n\n\n\n<li>\u00cates-vous incapable de vous concentrer sur autre chose que la technologie ?<\/li>\n\n\n\n<li>Avez-vous souffert de probl\u00e8mes financiers ou professionnels dus \u00e0 une utilisation compulsive de la technologie ?<\/li>\n\n\n\n<li>Souhaiteriez-vous ne pas utiliser la technologie tout en ayant l'impression de ne pas pouvoir vous arr\u00eater ?<\/li>\n\n\n\n<li>Vous arrive-t-il de faire des exc\u00e8s technologiques qui durent toute la nuit ou plusieurs jours d'affil\u00e9e ?<\/li>\n\n\n\n<li>\u00c9vitez-vous les \u00e9v\u00e9nements sociaux pour utiliser la technologie ?<\/li>\n\n\n\n<li>Mangez-vous en utilisant la technologie ou oubliez-vous de manger en utilisant la technologie ?<\/li>\n\n\n\n<li>Ressentez-vous des \u00e9motions intenses (hauts, bas, col\u00e8re, peur) lorsque vous utilisez la technologie ?<\/li>\n\n\n\n<li>Utilisez-vous la technologie pour endormir vos sentiments ?<\/li>\n<\/ol>\n\n\n\n<p>La plupart de ceux d'entre nous qui se consid\u00e8rent aujourd'hui comme des accros \u00e0 la technologie r\u00e9pondent par l'affirmative \u00e0 un grand nombre de ces questions. Si vous avez r\u00e9pondu oui \u00e0 plusieurs d'entre elles, vous pourriez envisager de lire notre <a href=\"https:\/\/internetaddictsanonymous.org\/fr\/guide-pour-les-nouveaux-arrivants\/\">guide pour les nouveaux arrivants<\/a> pour commencer \u00e0 explorer les solutions pratiques que notre programme peut offrir.<\/p>\n\n\n\n<p>Voici quelques questions suppl\u00e9mentaires qui peuvent vous aider \u00e0 identifier d'autres comportements obsessionnels et compulsifs li\u00e9s \u00e0 l'utilisation de la technologie. Beaucoup d'entre nous ont r\u00e9pondu par l'affirmative \u00e0 ces questions.<\/p>\n\n\n\n<ul class=\"wp-block-list\">\n<li>Vous trouvez-vous en train de rechercher de mani\u00e8re obsessionnelle un sujet, un produit ou une d\u00e9cision en ligne, au-del\u00e0 de tout retour productif?<\/li>\n\n\n\n<li>Regardez-vous des vid\u00e9os, des films ou des \u00e9missions de t\u00e9l\u00e9vision en ligne sans pouvoir vous arr\u00eater?<\/li>\n\n\n\n<li>Vous arrive-t-il de vous laisser entra\u00eener dans des activit\u00e9s technologiques sans vous en rendre compte ?<\/li>\n\n\n\n<li>Utilisez-vous la technologie pour dispara\u00eetre du monde ?<\/li>\n\n\n\n<li>Vous vous gavez de technologie juste avant une \u00e9ch\u00e9ance importante ?<\/li>\n\n\n\n<li>N\u00e9gligez-vous votre hygi\u00e8ne personnelle lorsque vous utilisez la technologie ?<\/li>\n\n\n\n<li>Vous sentez-vous irritable et agit\u00e9 lorsque vous n'utilisez pas de technologie pendant quelques jours ou quelques heures ?<\/li>\n\n\n\n<li>Vous enviez les personnes qui savent utiliser la technologie avec mod\u00e9ration ?<\/li>\n\n\n\n<li>Sentez-vous que vous manquez constamment de temps?<\/li>\n\n\n\n<li>Avez-vous souffert de douleurs physiques dues \u00e0 une utilisation intensive de la technologie ?<\/li>\n\n\n\n<li>Quelqu'un dans votre entourage s'inqui\u00e8te-t-il de votre utilisation des technologies ?<\/li>\n<\/ul>\n\n\n\n<p>Si vous avez r\u00e9pondu oui \u00e0 ces questions, nous vous encourageons \u00e0 participer \u00e0 nos r\u00e9unions pour savoir si cette fraternit\u00e9 peut vous aider \u00e0 vous remettre de tout sch\u00e9ma probl\u00e9matique ou destructeur dont vous souffrez.<\/p>\n\n\n\n<div class=\"wp-block-buttons is-content-justification-left is-layout-flex wp-container-core-buttons-is-layout-fdcfc74e wp-block-buttons-is-layout-flex\">\n<div class=\"wp-block-button has-custom-width wp-block-button__width-50 has-custom-font-size is-style-fill\" style=\"font-size:25px;font-style:normal;font-weight:900\"><a class=\"wp-block-button__link has-white-color has-blue-background-color has-text-color has-background wp-element-button\" href=\"https:\/\/internetaddictsanonymous.org\/fr\/phone-online-meetings\/\" style=\"border-radius:100px\">Rejoindre une r\u00e9union<\/a><\/div>\n\n\n<\/div>\n<!-- PMB print buttons is only displayed on a single post\/page URLs-->","protected":false},"excerpt":{"rendered":"<p>Vous vous demandez peut-\u00eatre si vous \u00eates accro \u00e0 la technologie. Les questions suivantes peuvent vous donner mati\u00e8re \u00e0 r\u00e9flexion et vous servir de guide pour juger de votre situation. Si vous r\u00e9pondez oui \u00e0 la plupart des questions suivantes, l'ITAA peut vous \u00eatre utile. La plupart de ceux d'entre nous qui s'identifient aujourd'hui comme des accros \u00e0 la technologie r\u00e9pondent par l'affirmative ... <a href=\"https:\/\/internetaddictsanonymous.org\/fr\/technology-addiction\/\" class=\"more-link\">Lire la suite de <span class=\"screen-reader-text\">La d\u00e9pendance \u00e0 la technologie<\/span><\/a><\/p>","protected":false},"author":35194237,"featured_media":0,"parent":0,"menu_order":0,"comment_status":"closed","ping_status":"closed","template":"full-width-page.php","meta":{"inline_featured_image":false,"_lmt_disableupdate":"","_lmt_disable":"","jetpack_post_was_ever_published":false,"footnotes":""},"tags":[],"class_list":["post-14942","page","type-page","status-publish","hentry"],"yoast_head":"<!-- This site is optimized with the Yoast SEO plugin v27.3 - https:\/\/yoast.com\/product\/yoast-seo-wordpress\/ -->\n<title>Technology Addiction | Internet and Technology Addicts Anonymous<\/title>\n<meta name=\"description\" content=\"You may be wondering if you suffer from technology addiction. The following questions from ITAA could help you.\" \/>\n<meta name=\"robots\" content=\"index, follow, max-snippet:-1, max-image-preview:large, max-video-preview:-1\" \/>\n<link rel=\"canonical\" href=\"https:\/\/internetaddictsanonymous.org\/fr\/dependance-a-la-technologie\/\" \/>\n<meta property=\"og:locale\" content=\"fr_FR\" \/>\n<meta property=\"og:type\" content=\"article\" \/>\n<meta property=\"og:title\" content=\"Technology Addiction | Internet and Technology Addicts Anonymous\" \/>\n<meta property=\"og:description\" content=\"You may be wondering if you suffer from technology addiction. The following questions from ITAA could help you.\" \/>\n<meta property=\"og:url\" content=\"https:\/\/internetaddictsanonymous.org\/fr\/dependance-a-la-technologie\/\" \/>\n<meta property=\"og:site_name\" content=\"Internet and Technology Addicts Anonymous\" \/>\n<meta property=\"article:modified_time\" content=\"2023-01-28T20:21:31+00:00\" \/>\n<meta name=\"twitter:card\" content=\"summary_large_image\" \/>\n<meta name=\"twitter:label1\" content=\"Dur\u00e9e de lecture estim\u00e9e\" \/>\n\t<meta name=\"twitter:data1\" content=\"3 minutes\" \/>\n<script type=\"application\/ld+json\" class=\"yoast-schema-graph\">{\"@context\":\"https:\\\/\\\/schema.org\",\"@graph\":[{\"@type\":\"WebPage\",\"@id\":\"https:\\\/\\\/internetaddictsanonymous.org\\\/technology-addiction\\\/\",\"url\":\"https:\\\/\\\/internetaddictsanonymous.org\\\/technology-addiction\\\/\",\"name\":\"Technology Addiction | Internet and Technology Addicts Anonymous\",\"isPartOf\":{\"@id\":\"https:\\\/\\\/internetaddictsanonymous.org\\\/#website\"},\"datePublished\":\"2023-01-28T20:21:29+00:00\",\"dateModified\":\"2023-01-28T20:21:31+00:00\",\"description\":\"You may be wondering if you suffer from technology addiction. The following questions from ITAA could help you.\",\"breadcrumb\":{\"@id\":\"https:\\\/\\\/internetaddictsanonymous.org\\\/technology-addiction\\\/#breadcrumb\"},\"inLanguage\":\"fr-FR\",\"potentialAction\":[{\"@type\":\"ReadAction\",\"target\":[\"https:\\\/\\\/internetaddictsanonymous.org\\\/technology-addiction\\\/\"]}]},{\"@type\":\"BreadcrumbList\",\"@id\":\"https:\\\/\\\/internetaddictsanonymous.org\\\/technology-addiction\\\/#breadcrumb\",\"itemListElement\":[{\"@type\":\"ListItem\",\"position\":1,\"name\":\"Home\",\"item\":\"https:\\\/\\\/internetaddictsanonymous.org\\\/\"},{\"@type\":\"ListItem\",\"position\":2,\"name\":\"Technology Addiction\"}]},{\"@type\":\"WebSite\",\"@id\":\"https:\\\/\\\/internetaddictsanonymous.org\\\/#website\",\"url\":\"https:\\\/\\\/internetaddictsanonymous.org\\\/\",\"name\":\"Internet and Technology Addicts Anonymous\",\"description\":\"Worldwide 12-step Fellowship for Internet and Technology Addiction\",\"publisher\":{\"@id\":\"https:\\\/\\\/internetaddictsanonymous.org\\\/#organization\"},\"potentialAction\":[{\"@type\":\"SearchAction\",\"target\":{\"@type\":\"EntryPoint\",\"urlTemplate\":\"https:\\\/\\\/internetaddictsanonymous.org\\\/?s={search_term_string}\"},\"query-input\":{\"@type\":\"PropertyValueSpecification\",\"valueRequired\":true,\"valueName\":\"search_term_string\"}}],\"inLanguage\":\"fr-FR\"},{\"@type\":\"Organization\",\"@id\":\"https:\\\/\\\/internetaddictsanonymous.org\\\/#organization\",\"name\":\"Internet and Technology Addicts Anonymous\",\"url\":\"https:\\\/\\\/internetaddictsanonymous.org\\\/\",\"logo\":{\"@type\":\"ImageObject\",\"inLanguage\":\"fr-FR\",\"@id\":\"https:\\\/\\\/internetaddictsanonymous.org\\\/#\\\/schema\\\/logo\\\/image\\\/\",\"url\":\"https:\\\/\\\/internetaddictsanonymous.org\\\/wp-content\\\/uploads\\\/2023\\\/01\\\/cropped-ITAA-logo-480px.png\",\"contentUrl\":\"https:\\\/\\\/internetaddictsanonymous.org\\\/wp-content\\\/uploads\\\/2023\\\/01\\\/cropped-ITAA-logo-480px.png\",\"width\":480,\"height\":480,\"caption\":\"Internet and Technology Addicts Anonymous\"},\"image\":{\"@id\":\"https:\\\/\\\/internetaddictsanonymous.org\\\/#\\\/schema\\\/logo\\\/image\\\/\"}}]}<\/script>\n<!-- \/ Yoast SEO plugin. -->","yoast_head_json":{"title":"Addiction \u00e0 la technologie | Addicts \u00e0 l'Internet et \u00e0 la technologie anonymes","description":"Vous vous demandez peut-\u00eatre si vous souffrez d'une d\u00e9pendance technologique. Les questions suivantes de l'ITAA pourraient vous aider.","robots":{"index":"index","follow":"follow","max-snippet":"max-snippet:-1","max-image-preview":"max-image-preview:large","max-video-preview":"max-video-preview:-1"},"canonical":"https:\/\/internetaddictsanonymous.org\/fr\/dependance-a-la-technologie\/","og_locale":"fr_FR","og_type":"article","og_title":"Technology Addiction | Internet and Technology Addicts Anonymous","og_description":"You may be wondering if you suffer from technology addiction. The following questions from ITAA could help you.","og_url":"https:\/\/internetaddictsanonymous.org\/fr\/dependance-a-la-technologie\/","og_site_name":"Internet and Technology Addicts Anonymous","article_modified_time":"2023-01-28T20:21:31+00:00","twitter_card":"summary_large_image","twitter_misc":{"Dur\u00e9e de lecture estim\u00e9e":"3 minutes"},"schema":{"@context":"https:\/\/schema.org","@graph":[{"@type":"WebPage","@id":"https:\/\/internetaddictsanonymous.org\/technology-addiction\/","url":"https:\/\/internetaddictsanonymous.org\/technology-addiction\/","name":"Addiction \u00e0 la technologie | Addicts \u00e0 l'Internet et \u00e0 la technologie anonymes","isPartOf":{"@id":"https:\/\/internetaddictsanonymous.org\/#website"},"datePublished":"2023-01-28T20:21:29+00:00","dateModified":"2023-01-28T20:21:31+00:00","description":"Vous vous demandez peut-\u00eatre si vous souffrez d'une d\u00e9pendance technologique. Les questions suivantes de l'ITAA pourraient vous aider.","breadcrumb":{"@id":"https:\/\/internetaddictsanonymous.org\/technology-addiction\/#breadcrumb"},"inLanguage":"fr-FR","potentialAction":[{"@type":"ReadAction","target":["https:\/\/internetaddictsanonymous.org\/technology-addiction\/"]}]},{"@type":"BreadcrumbList","@id":"https:\/\/internetaddictsanonymous.org\/technology-addiction\/#breadcrumb","itemListElement":[{"@type":"ListItem","position":1,"name":"Home","item":"https:\/\/internetaddictsanonymous.org\/"},{"@type":"ListItem","position":2,"name":"Technology Addiction"}]},{"@type":"WebSite","@id":"https:\/\/internetaddictsanonymous.org\/#website","url":"https:\/\/internetaddictsanonymous.org\/","name":"D\u00e9pendants \u00e0 Internet et aux technologies anonymes","description":"Communaut\u00e9 mondiale en 12 \u00e9tapes pour la d\u00e9pendance \u00e0 l'Internet et \u00e0 la technologie","publisher":{"@id":"https:\/\/internetaddictsanonymous.org\/#organization"},"potentialAction":[{"@type":"SearchAction","target":{"@type":"EntryPoint","urlTemplate":"https:\/\/internetaddictsanonymous.org\/?s={search_term_string}"},"query-input":{"@type":"PropertyValueSpecification","valueRequired":true,"valueName":"search_term_string"}}],"inLanguage":"fr-FR"},{"@type":"Organization","@id":"https:\/\/internetaddictsanonymous.org\/#organization","name":"D\u00e9pendants \u00e0 Internet et aux technologies anonymes","url":"https:\/\/internetaddictsanonymous.org\/","logo":{"@type":"ImageObject","inLanguage":"fr-FR","@id":"https:\/\/internetaddictsanonymous.org\/#\/schema\/logo\/image\/","url":"https:\/\/internetaddictsanonymous.org\/wp-content\/uploads\/2023\/01\/cropped-ITAA-logo-480px.png","contentUrl":"https:\/\/internetaddictsanonymous.org\/wp-content\/uploads\/2023\/01\/cropped-ITAA-logo-480px.png","width":480,"height":480,"caption":"Internet and Technology Addicts Anonymous"},"image":{"@id":"https:\/\/internetaddictsanonymous.org\/#\/schema\/logo\/image\/"}}]}},"jetpack_sharing_enabled":true,"jetpack_shortlink":"https:\/\/wp.me\/P9Fwob-3T0","_links":{"self":[{"href":"https:\/\/internetaddictsanonymous.org\/fr\/wp-json\/wp\/v2\/pages\/14942","targetHints":{"allow":["GET"]}}],"collection":[{"href":"https:\/\/internetaddictsanonymous.org\/fr\/wp-json\/wp\/v2\/pages"}],"about":[{"href":"https:\/\/internetaddictsanonymous.org\/fr\/wp-json\/wp\/v2\/types\/page"}],"author":[{"embeddable":true,"href":"https:\/\/internetaddictsanonymous.org\/fr\/wp-json\/wp\/v2\/users\/35194237"}],"replies":[{"embeddable":true,"href":"https:\/\/internetaddictsanonymous.org\/fr\/wp-json\/wp\/v2\/comments?post=14942"}],"version-history":[{"count":1,"href":"https:\/\/internetaddictsanonymous.org\/fr\/wp-json\/wp\/v2\/pages\/14942\/revisions"}],"predecessor-version":[{"id":14943,"href":"https:\/\/internetaddictsanonymous.org\/fr\/wp-json\/wp\/v2\/pages\/14942\/revisions\/14943"}],"wp:attachment":[{"href":"https:\/\/internetaddictsanonymous.org\/fr\/wp-json\/wp\/v2\/media?parent=14942"}],"wp:term":[{"taxonomy":"post_tag","embeddable":true,"href":"https:\/\/internetaddictsanonymous.org\/fr\/wp-json\/wp\/v2\/tags?post=14942"}],"curies":[{"name":"wp","href":"https:\/\/api.w.org\/{rel}","templated":true}]}}