{"id":14947,"date":"2023-01-28T16:13:27","date_gmt":"2023-01-28T21:13:27","guid":{"rendered":"https:\/\/internetaddictsanonymous.org\/?page_id=14947"},"modified":"2023-02-26T17:51:46","modified_gmt":"2023-02-26T22:51:46","slug":"test-home","status":"publish","type":"page","link":"https:\/\/internetaddictsanonymous.org\/fr\/test-home\/","title":{"rendered":"Internet and Technology Addicts Anonymous | Aide et soutien gratuits"},"content":{"rendered":"<h1>D\u00e9pendants \u00e0 Internet et aux technologies anonymes<\/h1>\n<p>Nous cherchons \u00e0 nous lib\u00e9rer progressivement de l'utilisation compulsive de l'internet et de la technologie. Rejoignez-nous dans une <a href=\"https:\/\/internetaddictsanonymous.org\/fr\/reunions-en-ligne\/\">r\u00e9union en ligne<\/a> ou visitez notre <a href=\"https:\/\/internetaddictsanonymous.org\/fr\/guide-pour-les-nouveaux-arrivants\/\">Guide pour les nouveaux arrivants<\/a> pour en savoir plus.<\/p>\n<p>            <a href=\"https:\/\/internetaddictsanonymous.org\/fr\/reunions-en-ligne\/\" data-text=\"Join A Meeting\"><br \/>\n                    Rejoindre une r\u00e9union<br \/>\n\t                        <\/a><\/p>\n<h2>Calendrier des r\u00e9unions<\/h2>\n<p><iframe style=\"height:50vh;width: 100%;\" src=\"https:\/\/teamup.com\/ksahzu4xdr66wve679?view=d&amp;showHeader=0&amp;showLogo=0&amp;showTitle=1&amp;disableSidepanel=1&amp;showViewSelector=1\" width=\"100%\" frameborder=\"0\"><\/iframe><\/p>\n<h2>Recevoir de l'aide pour la d\u00e9pendance \u00e0 l'Internet et \u00e0 la technologie<\/h2>\n<p>Bienvenue \u00e0 Internet and Technology Addicts Anonymous ! Nous sommes heureux que vous nous ayez trouv\u00e9s et nous esp\u00e9rons que notre communaut\u00e9 vous sera aussi utile qu'elle l'a \u00e9t\u00e9 pour nous.&nbsp;<b>L'ITAA est une association en douze \u00e9tapes regroupant des personnes qui s'entraident pour se r\u00e9tablir de leur d\u00e9pendance \u00e0 l'internet et aux technologies.&nbsp;<\/b>Il s'agit notamment de <a href=\"https:\/\/internetaddictsanonymous.org\/fr\/dependance-a-linternet\/la-dependance-aux-medias-sociaux\/\">la d\u00e9pendance aux m\u00e9dias sociaux<\/a>, <a href=\"https:\/\/internetaddictsanonymous.org\/fr\/dependance-a-la-technologie\/dependance-aux-smartphones\/\">smartphones<\/a>, <a href=\"https:\/\/internetaddictsanonymous.org\/fr\/dependance-a-linternet\/dependance-au-streaming\/\">au streaming vid\u00e9o ou audio<\/a>Il peut s'agir de jeux, d'informations, de pornographie, d'applications de rencontres, de recherches en ligne, d'achats en ligne ou de toute autre activit\u00e9 num\u00e9rique qui devient compulsive et probl\u00e9matique.&nbsp;<\/p>\n<p>Quelle que soit l&#039;ampleur de votre probl\u00e8me, nous vous encourageons \u00e0 assister \u00e0 l&#039;une de nos r\u00e9unions quotidiennes. Ils sont gratuits et ouverts \u00e0 toute personne confront\u00e9e \u00e0 un usage compulsif d\u2019Internet. Nos r\u00e9unions sont s\u00fbres, s\u00e9curis\u00e9es et anonymes. En plus de l&#039;anglais, nous organisons \u00e9galement des r\u00e9unions en fran\u00e7ais, espagnol, russe, allemand, h\u00e9breu, arabe, polonais, portugais et cor\u00e9en. Vous pouvez \u00e9galement trouver un local, <a href=\"https:\/\/internetaddictsanonymous.org\/fr\/local-internet-addiction-meetings\/\" style=\"font-family: var( --e-global-typography-text-font-family ), Sans-serif; font-weight: var( --e-global-typography-text-font-weight ); background-color: rgb(255, 255, 255); font-size: 1.25rem;\">r\u00e9union en personne dans votre ville<\/a>.<\/p>\n<p>Bienvenue \u00e0 Internet and Technology Addicts Anonymous ! Nous sommes heureux que vous nous ayez trouv\u00e9s et nous esp\u00e9rons que notre communaut\u00e9 vous sera aussi utile qu'elle l'a \u00e9t\u00e9 pour nous. <br \/><b><br \/>L'ITAA est une association en douze \u00e9tapes regroupant des personnes qui s'entraident pour se r\u00e9tablir de leur d\u00e9pendance \u00e0 l'internet et aux technologies. <br \/><\/b><br \/>Il s'agit notamment de <a href=\"https:\/\/internetaddictsanonymous.org\/fr\/dependance-a-linternet\/la-dependance-aux-medias-sociaux\/\">la d\u00e9pendance aux m\u00e9dias sociaux<\/a>, <a href=\"https:\/\/internetaddictsanonymous.org\/fr\/dependance-a-la-technologie\/dependance-aux-smartphones\/\">smartphones<\/a>, <a href=\"https:\/\/internetaddictsanonymous.org\/fr\/dependance-a-linternet\/dependance-au-streaming\/\">au streaming vid\u00e9o ou audio<\/a>Il peut s'agir de jeux, d'informations, de pornographie, d'applications de rencontres, de recherches en ligne, d'achats en ligne ou de toute autre activit\u00e9 num\u00e9rique qui devient compulsive et probl\u00e9matique.\u00a0<\/p>\n<p>Quelle que soit l'ampleur de votre probl\u00e8me, nous vous encourageons \u00e0 participer \u00e0 l'une de nos r\u00e9unions quotidiennes. Elles sont gratuites et ouvertes \u00e0 tous ceux qui luttent contre l'utilisation compulsive d'Internet.<\/p>\n<p>Nos r\u00e9unions sont s\u00fbres, s\u00e9curis\u00e9es et anonymes. Outre l'anglais, nous proposons \u00e9galement des r\u00e9unions en fran\u00e7ais, espagnol, russe, allemand, h\u00e9breu, arabe, polonais, portugais et cor\u00e9en. Vous pouvez \u00e9galement trouver une r\u00e9union locale, <a href=\"https:\/\/internetaddictsanonymous.org\/fr\/local-internet-addiction-meetings\/\">r\u00e9union en personne dans votre ville<\/a>.<\/p>\n<h2>Des r\u00e9unions tous les jours<\/h2>\n<h2>Tu n&#039;es pas seul<\/h2>\n<p>Plusieurs r\u00e9unions en ligne sont organis\u00e9es chaque jour dans diff\u00e9rentes langues. Obtenez l'aide et le soutien dont vous avez besoin ! Nous organisons \u00e9galement des r\u00e9unions locales en personne dans certaines r\u00e9gions.<\/p>\n<p>            <a href=\"https:\/\/internetaddictsanonymous.org\/fr\/guide-pour-les-nouveaux-arrivants\/\" data-text=\"Join A Meeting\"><br \/>\n                    R\u00e9unions en ligne<br \/>\n\t                        <\/a><\/p>\n<h2>Ressources sur l'addiction \u00e0 Internet et \u00e0 la technologie<\/h2>\n<p>Si vous vous demandez si vous souffrez d'une d\u00e9pendance \u00e0 l'internet et \u00e0 la technologie, vous pouvez consulter nos questionnaires sur les sujets suivants <a href=\"https:\/\/internetaddictsanonymous.org\/fr\/dependance-a-linternet\/\">d\u00e9pendance \u00e0 l'internet<\/a>, <a href=\"https:\/\/internetaddictsanonymous.org\/fr\/dependance-a-linternet\/la-dependance-aux-medias-sociaux\/\">la d\u00e9pendance aux m\u00e9dias sociaux<\/a>, <a href=\"https:\/\/internetaddictsanonymous.org\/fr\/dependance-a-linternet\/dependance-au-streaming\/\">d\u00e9pendance au streaming<\/a>ou <a href=\"https:\/\/internetaddictsanonymous.org\/fr\/dependance-a-la-technologie\/dependance-aux-smartphones\/\">d\u00e9pendance aux smartphones<\/a>. Vous pouvez \u00e9galement en savoir plus sur l'ITAA en lisant nos <a href=\"https:\/\/internetaddictsanonymous.org\/fr\/guides-and-resources\/\">guide pour les nouveaux arrivants<\/a>en passant en revue notre <a href=\"https:\/\/internetaddictsanonymous.org\/fr\/ressources\/les-outils-de-la-relance\/\">les outils de la relance<\/a>ou en \u00e9coutant <a href=\"https:\/\/internetaddictsanonymous.org\/fr\/recits-de-guerison\/\">histoires de r\u00e9tablissement des membres<\/a>.<\/p>\n<p>L'ITAA n'est affili\u00e9e \u00e0 aucun programme politique, religion ou int\u00e9r\u00eats ext\u00e9rieurs. Nous sommes enti\u00e8rement autosuffisants et gratuits pour tous ceux qui en ont besoin. Notre seul objectif est de nous abstenir d'utiliser Internet et la technologie de mani\u00e8re compulsive et d'aider les autres \u00e0 se lib\u00e9rer de cette d\u00e9pendance.<\/p>\n<p>Encore une fois, bienvenue ! Nous esp\u00e9rons que cette communaut\u00e9 sera en mesure de vous apporter le soutien dont vous avez besoin pour vous r\u00e9tablir de votre d\u00e9pendance \u00e0 Internet et \u00e0 la technologie. N'h\u00e9sitez pas \u00e0 <a href=\"https:\/\/internetaddictsanonymous.org\/fr\/contact\/\">tendre la main<\/a> si vous avez des questions.<\/p>\n<!-- PMB print buttons is only displayed on a single post\/page URLs-->","protected":false},"excerpt":{"rendered":"<p>Internet and Technology Addicts Anonymous Nous cherchons \u00e0 nous lib\u00e9rer progressivement de l'utilisation compulsive d'Internet et de la technologie. Rejoignez-nous dans une r\u00e9union en ligne ou visitez notre Guide pour les nouveaux arrivants pour en savoir plus. Rejoindre une r\u00e9union Horaire des r\u00e9unions Recevoir de l'aide pour la d\u00e9pendance \u00e0 l'Internet et \u00e0 la technologie Bienvenue chez les Accros \u00e0 l'Internet et \u00e0 la technologie anonymes ! Nous sommes heureux que vous nous ayez trouv\u00e9s, et ... <a href=\"https:\/\/internetaddictsanonymous.org\/fr\/test-home\/\" class=\"more-link\">Lire la suite de <span class=\"screen-reader-text\">Internet and Technology Addicts Anonymous | Aide et soutien gratuits<\/span><\/a><\/p>","protected":false},"author":35194237,"featured_media":0,"parent":0,"menu_order":0,"comment_status":"closed","ping_status":"closed","template":"elementor_canvas","meta":{"inline_featured_image":false,"_lmt_disableupdate":"","_lmt_disable":"","jetpack_post_was_ever_published":false,"footnotes":""},"tags":[],"class_list":["post-14947","page","type-page","status-publish","hentry"],"yoast_head":"<!-- This site is optimized with the Yoast SEO plugin v27.3 - https:\/\/yoast.com\/product\/yoast-seo-wordpress\/ -->\n<title>Internet &amp; Technology Addicts Anonymous | Receive Free Help And Support<\/title>\n<meta name=\"description\" content=\"An active international 12-step fellowship for internet and technology addiction, with meetings every day. Join meetings by phone, computer, or in person.\" \/>\n<meta name=\"robots\" content=\"noindex, follow\" \/>\n<meta property=\"og:locale\" content=\"fr_FR\" \/>\n<meta property=\"og:type\" content=\"article\" \/>\n<meta property=\"og:title\" content=\"Internet &amp; Technology Addicts Anonymous | Receive Free Help And Support\" \/>\n<meta property=\"og:description\" content=\"An active international 12-step fellowship for internet and technology addiction, with meetings every day. Join meetings by phone, computer, or in person.\" \/>\n<meta property=\"og:url\" content=\"https:\/\/internetaddictsanonymous.org\/fr\/test-home\/\" \/>\n<meta property=\"og:site_name\" content=\"Internet and Technology Addicts Anonymous\" \/>\n<meta property=\"article:modified_time\" content=\"2023-02-26T22:51:46+00:00\" \/>\n<meta name=\"twitter:card\" content=\"summary_large_image\" \/>\n<meta name=\"twitter:label1\" content=\"Dur\u00e9e de lecture estim\u00e9e\" \/>\n\t<meta name=\"twitter:data1\" content=\"3 minutes\" \/>\n<script type=\"application\/ld+json\" class=\"yoast-schema-graph\">{\"@context\":\"https:\\\/\\\/schema.org\",\"@graph\":[{\"@type\":\"WebPage\",\"@id\":\"https:\\\/\\\/internetaddictsanonymous.org\\\/test-home\\\/\",\"url\":\"https:\\\/\\\/internetaddictsanonymous.org\\\/test-home\\\/\",\"name\":\"Internet & Technology Addicts Anonymous | Receive Free Help And Support\",\"isPartOf\":{\"@id\":\"https:\\\/\\\/internetaddictsanonymous.org\\\/#website\"},\"datePublished\":\"2023-01-28T21:13:27+00:00\",\"dateModified\":\"2023-02-26T22:51:46+00:00\",\"description\":\"An active international 12-step fellowship for internet and technology addiction, with meetings every day. Join meetings by phone, computer, or in person.\",\"breadcrumb\":{\"@id\":\"https:\\\/\\\/internetaddictsanonymous.org\\\/test-home\\\/#breadcrumb\"},\"inLanguage\":\"fr-FR\",\"potentialAction\":[{\"@type\":\"ReadAction\",\"target\":[\"https:\\\/\\\/internetaddictsanonymous.org\\\/test-home\\\/\"]}]},{\"@type\":\"BreadcrumbList\",\"@id\":\"https:\\\/\\\/internetaddictsanonymous.org\\\/test-home\\\/#breadcrumb\",\"itemListElement\":[{\"@type\":\"ListItem\",\"position\":1,\"name\":\"Home\",\"item\":\"https:\\\/\\\/internetaddictsanonymous.org\\\/\"},{\"@type\":\"ListItem\",\"position\":2,\"name\":\"Internet and Technology Addicts Anonymous | Free Help And Support\"}]},{\"@type\":\"WebSite\",\"@id\":\"https:\\\/\\\/internetaddictsanonymous.org\\\/#website\",\"url\":\"https:\\\/\\\/internetaddictsanonymous.org\\\/\",\"name\":\"Internet and Technology Addicts Anonymous\",\"description\":\"Worldwide 12-step Fellowship for Internet and Technology Addiction\",\"publisher\":{\"@id\":\"https:\\\/\\\/internetaddictsanonymous.org\\\/#organization\"},\"potentialAction\":[{\"@type\":\"SearchAction\",\"target\":{\"@type\":\"EntryPoint\",\"urlTemplate\":\"https:\\\/\\\/internetaddictsanonymous.org\\\/?s={search_term_string}\"},\"query-input\":{\"@type\":\"PropertyValueSpecification\",\"valueRequired\":true,\"valueName\":\"search_term_string\"}}],\"inLanguage\":\"fr-FR\"},{\"@type\":\"Organization\",\"@id\":\"https:\\\/\\\/internetaddictsanonymous.org\\\/#organization\",\"name\":\"Internet and Technology Addicts Anonymous\",\"url\":\"https:\\\/\\\/internetaddictsanonymous.org\\\/\",\"logo\":{\"@type\":\"ImageObject\",\"inLanguage\":\"fr-FR\",\"@id\":\"https:\\\/\\\/internetaddictsanonymous.org\\\/#\\\/schema\\\/logo\\\/image\\\/\",\"url\":\"https:\\\/\\\/internetaddictsanonymous.org\\\/wp-content\\\/uploads\\\/2023\\\/01\\\/cropped-ITAA-logo-480px.png\",\"contentUrl\":\"https:\\\/\\\/internetaddictsanonymous.org\\\/wp-content\\\/uploads\\\/2023\\\/01\\\/cropped-ITAA-logo-480px.png\",\"width\":480,\"height\":480,\"caption\":\"Internet and Technology Addicts Anonymous\"},\"image\":{\"@id\":\"https:\\\/\\\/internetaddictsanonymous.org\\\/#\\\/schema\\\/logo\\\/image\\\/\"}}]}<\/script>\n<!-- \/ Yoast SEO plugin. -->","yoast_head_json":{"title":"Internet &amp; Technology Addicts Anonymous - Recevoir de l'aide et du soutien gratuitement","description":"Une bourse internationale active en 12 \u00e9tapes pour la d\u00e9pendance \u00e0 Internet et \u00e0 la technologie, avec des r\u00e9unions tous les jours. Rejoignez les r\u00e9unions par t\u00e9l\u00e9phone, ordinateur ou en personne.","robots":{"index":"noindex","follow":"follow"},"og_locale":"fr_FR","og_type":"article","og_title":"Internet & Technology Addicts Anonymous | Receive Free Help And Support","og_description":"An active international 12-step fellowship for internet and technology addiction, with meetings every day. Join meetings by phone, computer, or in person.","og_url":"https:\/\/internetaddictsanonymous.org\/fr\/test-home\/","og_site_name":"Internet and Technology Addicts Anonymous","article_modified_time":"2023-02-26T22:51:46+00:00","twitter_card":"summary_large_image","twitter_misc":{"Dur\u00e9e de lecture estim\u00e9e":"3 minutes"},"schema":{"@context":"https:\/\/schema.org","@graph":[{"@type":"WebPage","@id":"https:\/\/internetaddictsanonymous.org\/test-home\/","url":"https:\/\/internetaddictsanonymous.org\/test-home\/","name":"Internet &amp; Technology Addicts Anonymous - Recevoir de l'aide et du soutien gratuitement","isPartOf":{"@id":"https:\/\/internetaddictsanonymous.org\/#website"},"datePublished":"2023-01-28T21:13:27+00:00","dateModified":"2023-02-26T22:51:46+00:00","description":"Une bourse internationale active en 12 \u00e9tapes pour la d\u00e9pendance \u00e0 Internet et \u00e0 la technologie, avec des r\u00e9unions tous les jours. Rejoignez les r\u00e9unions par t\u00e9l\u00e9phone, ordinateur ou en personne.","breadcrumb":{"@id":"https:\/\/internetaddictsanonymous.org\/test-home\/#breadcrumb"},"inLanguage":"fr-FR","potentialAction":[{"@type":"ReadAction","target":["https:\/\/internetaddictsanonymous.org\/test-home\/"]}]},{"@type":"BreadcrumbList","@id":"https:\/\/internetaddictsanonymous.org\/test-home\/#breadcrumb","itemListElement":[{"@type":"ListItem","position":1,"name":"Home","item":"https:\/\/internetaddictsanonymous.org\/"},{"@type":"ListItem","position":2,"name":"Internet and Technology Addicts Anonymous | Free Help And Support"}]},{"@type":"WebSite","@id":"https:\/\/internetaddictsanonymous.org\/#website","url":"https:\/\/internetaddictsanonymous.org\/","name":"D\u00e9pendants \u00e0 Internet et aux technologies anonymes","description":"Communaut\u00e9 mondiale en 12 \u00e9tapes pour la d\u00e9pendance \u00e0 l'Internet et \u00e0 la technologie","publisher":{"@id":"https:\/\/internetaddictsanonymous.org\/#organization"},"potentialAction":[{"@type":"SearchAction","target":{"@type":"EntryPoint","urlTemplate":"https:\/\/internetaddictsanonymous.org\/?s={search_term_string}"},"query-input":{"@type":"PropertyValueSpecification","valueRequired":true,"valueName":"search_term_string"}}],"inLanguage":"fr-FR"},{"@type":"Organization","@id":"https:\/\/internetaddictsanonymous.org\/#organization","name":"D\u00e9pendants \u00e0 Internet et aux technologies anonymes","url":"https:\/\/internetaddictsanonymous.org\/","logo":{"@type":"ImageObject","inLanguage":"fr-FR","@id":"https:\/\/internetaddictsanonymous.org\/#\/schema\/logo\/image\/","url":"https:\/\/internetaddictsanonymous.org\/wp-content\/uploads\/2023\/01\/cropped-ITAA-logo-480px.png","contentUrl":"https:\/\/internetaddictsanonymous.org\/wp-content\/uploads\/2023\/01\/cropped-ITAA-logo-480px.png","width":480,"height":480,"caption":"Internet and Technology Addicts Anonymous"},"image":{"@id":"https:\/\/internetaddictsanonymous.org\/#\/schema\/logo\/image\/"}}]}},"jetpack_sharing_enabled":true,"jetpack_shortlink":"https:\/\/wp.me\/P9Fwob-3T5","_links":{"self":[{"href":"https:\/\/internetaddictsanonymous.org\/fr\/wp-json\/wp\/v2\/pages\/14947","targetHints":{"allow":["GET"]}}],"collection":[{"href":"https:\/\/internetaddictsanonymous.org\/fr\/wp-json\/wp\/v2\/pages"}],"about":[{"href":"https:\/\/internetaddictsanonymous.org\/fr\/wp-json\/wp\/v2\/types\/page"}],"author":[{"embeddable":true,"href":"https:\/\/internetaddictsanonymous.org\/fr\/wp-json\/wp\/v2\/users\/35194237"}],"replies":[{"embeddable":true,"href":"https:\/\/internetaddictsanonymous.org\/fr\/wp-json\/wp\/v2\/comments?post=14947"}],"version-history":[{"count":100,"href":"https:\/\/internetaddictsanonymous.org\/fr\/wp-json\/wp\/v2\/pages\/14947\/revisions"}],"predecessor-version":[{"id":15446,"href":"https:\/\/internetaddictsanonymous.org\/fr\/wp-json\/wp\/v2\/pages\/14947\/revisions\/15446"}],"wp:attachment":[{"href":"https:\/\/internetaddictsanonymous.org\/fr\/wp-json\/wp\/v2\/media?parent=14947"}],"wp:term":[{"taxonomy":"post_tag","embeddable":true,"href":"https:\/\/internetaddictsanonymous.org\/fr\/wp-json\/wp\/v2\/tags?post=14947"}],"curies":[{"name":"wp","href":"https:\/\/api.w.org\/{rel}","templated":true}]}}