{"id":15697,"date":"2023-04-02T16:03:08","date_gmt":"2023-04-02T20:03:08","guid":{"rendered":"https:\/\/internetaddictsanonymous.org\/?page_id=15697"},"modified":"2024-10-02T19:43:14","modified_gmt":"2024-10-03T02:43:14","slug":"ateliers-etapes","status":"publish","type":"page","link":"https:\/\/internetaddictsanonymous.org\/fr\/step-workshops\/","title":{"rendered":"Ateliers d'\u00e9tapes \"Open Path\" (Voie Ouverte)"},"content":{"rendered":"<p>Cette page contient une liste des prochains ateliers d'\u00e9tapes Open Path, des cadres structur\u00e9s pour travailler en groupe sur les Douze \u00c9tapes de l'ITAA, avec un soutien int\u00e9gr\u00e9. Les r\u00e9unions sont organis\u00e9es de mani\u00e8re \u00e0 ce que tout le travail sur les \u00e9tapes puisse \u00eatre fait pendant les heures de r\u00e9union (bien qu'il y ait des exercices d'\u00e9criture suppl\u00e9mentaires facultatifs chaque semaine si vous souhaitez aller plus loin). Vous aurez \u00e9galement la possibilit\u00e9 de vous associer \u00e0 un partenaire afin de partager votre travail entre les r\u00e9unions, et un certain nombre de parrains du groupe seront disponibles pour des appels de proximit\u00e9 et un soutien suppl\u00e9mentaire.<\/p>\n\n\n\n<p>Il existe plusieurs ateliers qui se r\u00e9unissent \u00e0 des moments et selon des cycles diff\u00e9rents, avec de nouveaux ateliers commen\u00e7ant g\u00e9n\u00e9ralement tous les mois ou tous les deux mois. Afin de participer \u00e0 un prochain cycle d'ateliers, vous devez assister \u00e0 la premi\u00e8re r\u00e9union indiqu\u00e9e dans le calendrier ci-dessous. De cette mani\u00e8re, chaque atelier franchira les \u00c9tapes en tant que groupe intime, coh\u00e9rent et engag\u00e9. <mark style=\"background-color:rgba(0, 0, 0, 0);color:#000000\" class=\"has-inline-color\">Vous pouvez consulter les d\u00e9tails de l'atelier en cliquant sur le lien suivant <\/mark><mark style=\"background-color:rgba(0, 0, 0, 0);color:#a35555\" class=\"has-inline-color\">brun<\/mark><mark style=\"background-color:rgba(0, 0, 0, 0);color:#000000\" class=\"has-inline-color\"> titres. <\/mark><strong><mark style=\"background-color:rgba(0, 0, 0, 0)\" class=\"has-inline-color has-blue-color\">Veuillez noter que les ateliers n'appara\u00eetront sur le calendrier ci-dessous que quelques semaines avant leur d\u00e9but<\/mark><\/strong>et que les r\u00e9unions suivent les changements de fuseau horaire des \u00c9tats-Unis pendant l'heure d'\u00e9t\u00e9 en mars et en novembre.<\/p>\n\n\n\n<p><strong>Si vous souhaitez participer \u00e0 un atelier (ou aider \u00e0 en d\u00e9marrer un) et qu&#039;aucun des horaires d&#039;ateliers \u00e0 venir ne vous convient, veuillez remplir <a href=\"https:\/\/forms.gle\/HCqduhu715LUnaPs9\">ce formulaire d&#039;int\u00e9r\u00eat<\/a> <strong>\u2665<\/strong><\/strong><\/p>\n\n\n<p><iframe style=\"height: 500px; width: 100%;\" src=\"https:\/\/teamup.com\/ksnufp4vvpv65w7wno?view=a&amp;showHeader=0&amp;showLogo=0&amp;showTitle=0&amp;disableSidepanel=1&amp;showViewSelector=1\" width=\"100%\" height=\"500\" frameborder=\"0\"><\/iframe><\/p>\n\n\n<p>Il n'est pas n\u00e9cessaire de s'inscrire \u00e0 l'atelier, il suffit d'assister \u00e0 la premi\u00e8re r\u00e9union et toutes les informations compl\u00e9mentaires y seront fournies.<br><br> <\/p>\n\n\n\n<h3 class=\"wp-block-heading\"><strong>Que se passe-t-il si aucun atelier ne me convient ?<\/strong><\/h3>\n\n\n\n<p>Il se peut qu\u2019il n\u2019y ait pas d\u2019atelier \u00e0 venir \u00e0 un moment qui vous convient. Si vous souhaitez participer ou pr\u00e9sider un atelier avec un horaire de r\u00e9union hebdomadaire diff\u00e9rent, veuillez remplir <a href=\"https:\/\/forms.gle\/HCqduhu715LUnaPs9\">ce formulaire d&#039;int\u00e9r\u00eat<\/a>. De plus, si vous souhaitez simplement travailler sur le mat\u00e9riel avec votre sponsor ou un autre membre du programme, tous les scripts de l'atelier peuvent \u00eatre trouv\u00e9s <a href=\"https:\/\/drive.google.com\/drive\/folders\/1SLvfAX3EbAwG0LMB7j8dXCfTt_0Y_b69?usp=drive_link\">ici<\/a>. Vous pouvez \u00e9galement contacter openpathstepworkshop@gmail.com pour toute question et nous vous aiderons \u00e0 d\u00e9marrer.<br><br><\/p>\n\n\n\n<h3 class=\"wp-block-heading\"><strong>Puis-je participer si je ne parle pas anglais ?<\/strong><\/h3>\n\n\n\n<p>Oui, nous invitons tous ceux qui ne parlent pas anglais \u00e0 participer en activant les sous-titres traduits. Vous pouvez activer les sous-titres traduits dans votre langue en entrant dans la r\u00e9union, en cliquant sur le bouton \u00ab L\u00e9gendes \u00bb en bas de l'\u00e9cran, puis en activant la traduction. De plus, si vous souhaitez aider \u00e0 traduire les scripts de l'atelier, que ce soit pour votre propre b\u00e9n\u00e9fice ou pour d'autres qui parlent votre langue, nous avons un guide sur la fa\u00e7on de proc\u00e9der <a href=\"https:\/\/docs.google.com\/document\/d\/1OJ3uzB_MhSd5IrNQd430qMLXHy3vvqV1lu-dr8x7jsI\/edit?usp=drive_link\">ici<\/a>.<br><br><\/p>\n\n\n\n<h3 class=\"wp-block-heading\"><strong>Que se passe-t-il si je ne peux pas me rendre \u00e0 la premi\u00e8re r\u00e9union ?<\/strong><\/h3>\n\n\n\n<p>Dans ce cas, nous vous encourageons \u00e0 attendre le d\u00e9marrage du prochain cycle. Chaque r\u00e9union s&#039;appuie sur la pr\u00e9c\u00e9dente, il est donc important d&#039;\u00eatre pr\u00e9sent d\u00e8s le d\u00e9but. Si vous devez absolument manquer la premi\u00e8re r\u00e9union pour une raison in\u00e9vitable, veuillez contacter openpathstepworkshop@gmail.com le plus t\u00f4t possible.<br><br><\/p>\n\n\n\n<h3 class=\"wp-block-heading\"><strong>Que se passe-t-il si je dois manquer une r\u00e9union en cours de route ?<\/strong><\/h3>\n\n\n\n<p>Si vous devez manquer une session pour une raison in\u00e9vitable, nous vous demandons de lire les notes apr\u00e8s la session et de rattraper votre retard.&nbsp;<br><br> <\/p>\n\n\n\n<h3 class=\"wp-block-heading\"><strong>Ai-je besoin d'un sponsor pour participer ?<\/strong><\/h3>\n\n\n\n<p>Pas du tout - l'atelier est sp\u00e9cialement con\u00e7u pour donner aux gens l'occasion de travailler sur les \u00e9tapes m\u00eame s'ils n'ont pas de parrain ou de marraine. Dans le cadre de l'atelier, vous aurez l'occasion d'entrer en contact avec un ou plusieurs partenaires de partage avec lesquels vous pourrez partager votre travail d'\u00e9tape, et nous aurons \u00e9galement plusieurs parrains de groupe qui seront disponibles pour recevoir des appels et apporter un soutien suppl\u00e9mentaire. C'est \u00e9galement une bonne chose si vous avez d\u00e9j\u00e0 un parrain ou une marraine, et vous \u00eates invit\u00e9(e) \u00e0 partager votre travail d'\u00e9tape avec lui ou elle. Tous les participants sont les bienvenus.<br><br> <\/p>\n\n\n\n<h3 class=\"wp-block-heading\"><strong>Est-il possible de participer si je ne suis pas encore s\u00fbr de vouloir travailler aux Etapes ?<\/strong><\/h3>\n\n\n\n<p>Tout \u00e0 fait. Vous pouvez tout \u00e0 fait participer en tant qu'observateur si vous \u00eates curieux d'en savoir plus sur la nature et le fonctionnement des \u00e9tapes.<br><br> <\/p>\n\n\n\n<h3 class=\"wp-block-heading\"><strong>Puis-je contribuer \u00e0 l'atelier en assumant un r\u00f4le de service ?<\/strong><\/h3>\n\n\n\n<p>Le service est un excellent moyen de renforcer notre propre sobri\u00e9t\u00e9 et peut \u00e9galement nous aider \u00e0 nous rendre \u00e0 l'atelier et \u00e0 y rester engag\u00e9s. Lors de la r\u00e9union d'introduction, il sera possible de se porter volontaire pour des r\u00f4les de service.<br><br> <\/p>\n\n\n\n<h3 class=\"wp-block-heading\"><strong>Y a-t-il quelque chose que je puisse faire pour me pr\u00e9parer \u00e0 l'atelier avant qu'il ne commence ?<\/strong><\/h3>\n\n\n\n<p>Lors de notre premi\u00e8re r\u00e9union, nous vous proposerons plusieurs engagements \u00e0 mettre en pratique pendant la dur\u00e9e de l'atelier. Vous pouvez prendre de l'avance sur ces engagements si vous le souhaitez :<\/p>\n\n\n\n<ol class=\"wp-block-list\">\n<li>Assister \u00e0 90 r\u00e9unions en 90 jours (les r\u00e9unions de l'atelier comptent)<\/li>\n\n\n\n<li>Effectuer 90 appels de programme en 90 jours<\/li>\n\n\n\n<li>S'abstenir de toutes les lignes de fond<\/li>\n\n\n\n<li>S'entra\u00eener \u00e0 observer et\/ou \u00e0 renoncer \u00e0 l'utilisation inutile d'Internet et de la technologie.<\/li>\n<\/ol>\n\n\n\n<p>Pour la quatri\u00e8me suggestion, vous pouvez \u00e9galement trouver un mot autre que \"inutile\" qui conviendrait mieux, comme \"inconscient\", \"sans but\", \"malsain\", \"compulsif\", \"excessif\", etc. Notez qu'il ne s'agit que de suggestions et non d'exigences. Vous \u00eates libre de les utiliser, de les adapter ou de les mettre de c\u00f4t\u00e9.<\/p>\n\n\n\n<p>En plus de ces suggestions, vous pouvez r\u00e9diger un \"inventaire de la premi\u00e8re \u00e9tape\" d'une \u00e0 deux pages d\u00e9crivant l'histoire de votre d\u00e9pendance : quand elle a commenc\u00e9, comment elle a \u00e9volu\u00e9 au fil du temps et comment elle se pr\u00e9sente aujourd'hui. En particulier, vous pouvez pr\u00eater attention aux aspects de votre histoire o\u00f9 vous remarquez de l'impuissance ou de l'incapacit\u00e9 \u00e0 g\u00e9rer la situation.&nbsp;<br><br> <\/p>\n\n\n\n<h3 class=\"wp-block-heading\"><strong>Pour toute question compl\u00e9mentaire<\/strong><\/h3>\n\n\n\n<p>N'h\u00e9sitez pas \u00e0 contacter openpathstepworkshop@gmail.com.<\/p>\n\n\n\n<div style=\"height:100px\" aria-hidden=\"true\" class=\"wp-block-spacer\"><\/div>\n\n\n\n<hr class=\"wp-block-separator has-alpha-channel-opacity is-style-wide\"\/>\n<!-- PMB print buttons is only displayed on a single post\/page URLs-->","protected":false},"excerpt":{"rendered":"<p>Cette page contient une liste des prochains ateliers Open Path Step, des param\u00e8tres structur\u00e9s pour travailler \u00e0 travers les douze \u00e9tapes de l&#039;ITAA dans un groupe avec de nombreux supports int\u00e9gr\u00e9s. Les r\u00e9unions sont organis\u00e9es de mani\u00e8re \u00e0 ce que tous les travaux par \u00e9tapes puissent \u00eatre effectu\u00e9s pendant nos heures de r\u00e9union (bien qu&#039;il y ait des exercices d&#039;\u00e9criture suppl\u00e9mentaires facultatifs chaque semaine\u2026 <a href=\"https:\/\/internetaddictsanonymous.org\/fr\/step-workshops\/\" class=\"more-link\">Lire la suite de <span class=\"screen-reader-text\">Ateliers d'\u00e9tapes \"Open Path\" (Voie Ouverte)<\/span><\/a><\/p>","protected":false},"author":35194237,"featured_media":0,"parent":0,"menu_order":0,"comment_status":"closed","ping_status":"closed","template":"full-width-page.php","meta":{"inline_featured_image":false,"_lmt_disableupdate":"","_lmt_disable":"","jetpack_post_was_ever_published":false,"footnotes":""},"tags":[],"class_list":["post-15697","page","type-page","status-publish","hentry"],"yoast_head":"<!-- This site is optimized with the Yoast SEO plugin v27.3 - https:\/\/yoast.com\/product\/yoast-seo-wordpress\/ -->\n<title>Open Path Step Workshops &#8211; Internet and Technology Addicts Anonymous<\/title>\n<meta name=\"robots\" content=\"index, follow, max-snippet:-1, max-image-preview:large, max-video-preview:-1\" \/>\n<link rel=\"canonical\" href=\"https:\/\/internetaddictsanonymous.org\/fr\/ateliers-etapes\/\" \/>\n<meta property=\"og:locale\" content=\"fr_FR\" \/>\n<meta property=\"og:type\" content=\"article\" \/>\n<meta property=\"og:title\" content=\"Open Path Step Workshops &#8211; Internet and Technology Addicts Anonymous\" \/>\n<meta property=\"og:description\" content=\"This page contains a list of upcoming Open Path Step Workshops, structured settings for working through the Twelve Steps of ITAA in a group with lots of built in support. The meetings are set up so that all stepwork can be done within our meeting times (though there are optional additional writing exercises each week &hellip; Lire la suite de Open Path Step Workshops\" \/>\n<meta property=\"og:url\" content=\"https:\/\/internetaddictsanonymous.org\/fr\/ateliers-etapes\/\" \/>\n<meta property=\"og:site_name\" content=\"Internet and Technology Addicts Anonymous\" \/>\n<meta property=\"article:modified_time\" content=\"2024-10-03T02:43:14+00:00\" \/>\n<meta name=\"twitter:card\" content=\"summary_large_image\" \/>\n<meta name=\"twitter:label1\" content=\"Dur\u00e9e de lecture estim\u00e9e\" \/>\n\t<meta name=\"twitter:data1\" content=\"4 minutes\" \/>\n<script type=\"application\/ld+json\" class=\"yoast-schema-graph\">{\"@context\":\"https:\\\/\\\/schema.org\",\"@graph\":[{\"@type\":\"WebPage\",\"@id\":\"https:\\\/\\\/internetaddictsanonymous.org\\\/step-workshops\\\/\",\"url\":\"https:\\\/\\\/internetaddictsanonymous.org\\\/step-workshops\\\/\",\"name\":\"Open Path Step Workshops &#8211; Internet and Technology Addicts Anonymous\",\"isPartOf\":{\"@id\":\"https:\\\/\\\/internetaddictsanonymous.org\\\/#website\"},\"datePublished\":\"2023-04-02T20:03:08+00:00\",\"dateModified\":\"2024-10-03T02:43:14+00:00\",\"breadcrumb\":{\"@id\":\"https:\\\/\\\/internetaddictsanonymous.org\\\/step-workshops\\\/#breadcrumb\"},\"inLanguage\":\"fr-FR\",\"potentialAction\":[{\"@type\":\"ReadAction\",\"target\":[\"https:\\\/\\\/internetaddictsanonymous.org\\\/step-workshops\\\/\"]}]},{\"@type\":\"BreadcrumbList\",\"@id\":\"https:\\\/\\\/internetaddictsanonymous.org\\\/step-workshops\\\/#breadcrumb\",\"itemListElement\":[{\"@type\":\"ListItem\",\"position\":1,\"name\":\"Home\",\"item\":\"https:\\\/\\\/internetaddictsanonymous.org\\\/\"},{\"@type\":\"ListItem\",\"position\":2,\"name\":\"Open Path Step Workshops\"}]},{\"@type\":\"WebSite\",\"@id\":\"https:\\\/\\\/internetaddictsanonymous.org\\\/#website\",\"url\":\"https:\\\/\\\/internetaddictsanonymous.org\\\/\",\"name\":\"Internet and Technology Addicts Anonymous\",\"description\":\"Worldwide 12-step Fellowship for Internet and Technology Addiction\",\"publisher\":{\"@id\":\"https:\\\/\\\/internetaddictsanonymous.org\\\/#organization\"},\"potentialAction\":[{\"@type\":\"SearchAction\",\"target\":{\"@type\":\"EntryPoint\",\"urlTemplate\":\"https:\\\/\\\/internetaddictsanonymous.org\\\/?s={search_term_string}\"},\"query-input\":{\"@type\":\"PropertyValueSpecification\",\"valueRequired\":true,\"valueName\":\"search_term_string\"}}],\"inLanguage\":\"fr-FR\"},{\"@type\":\"Organization\",\"@id\":\"https:\\\/\\\/internetaddictsanonymous.org\\\/#organization\",\"name\":\"Internet and Technology Addicts Anonymous\",\"url\":\"https:\\\/\\\/internetaddictsanonymous.org\\\/\",\"logo\":{\"@type\":\"ImageObject\",\"inLanguage\":\"fr-FR\",\"@id\":\"https:\\\/\\\/internetaddictsanonymous.org\\\/#\\\/schema\\\/logo\\\/image\\\/\",\"url\":\"https:\\\/\\\/internetaddictsanonymous.org\\\/wp-content\\\/uploads\\\/2023\\\/01\\\/cropped-ITAA-logo-480px.png\",\"contentUrl\":\"https:\\\/\\\/internetaddictsanonymous.org\\\/wp-content\\\/uploads\\\/2023\\\/01\\\/cropped-ITAA-logo-480px.png\",\"width\":480,\"height\":480,\"caption\":\"Internet and Technology Addicts Anonymous\"},\"image\":{\"@id\":\"https:\\\/\\\/internetaddictsanonymous.org\\\/#\\\/schema\\\/logo\\\/image\\\/\"}}]}<\/script>\n<!-- \/ Yoast SEO plugin. -->","yoast_head_json":{"title":"Ateliers d'\u00e9tape Open Path - Internet and Technology Addicts Anonymous (Addicts \u00e0 l'Internet et \u00e0 la technologie anonymes)","robots":{"index":"index","follow":"follow","max-snippet":"max-snippet:-1","max-image-preview":"max-image-preview:large","max-video-preview":"max-video-preview:-1"},"canonical":"https:\/\/internetaddictsanonymous.org\/fr\/ateliers-etapes\/","og_locale":"fr_FR","og_type":"article","og_title":"Open Path Step Workshops &#8211; Internet and Technology Addicts Anonymous","og_description":"This page contains a list of upcoming Open Path Step Workshops, structured settings for working through the Twelve Steps of ITAA in a group with lots of built in support. The meetings are set up so that all stepwork can be done within our meeting times (though there are optional additional writing exercises each week &hellip; Lire la suite de Open Path Step Workshops","og_url":"https:\/\/internetaddictsanonymous.org\/fr\/ateliers-etapes\/","og_site_name":"Internet and Technology Addicts Anonymous","article_modified_time":"2024-10-03T02:43:14+00:00","twitter_card":"summary_large_image","twitter_misc":{"Dur\u00e9e de lecture estim\u00e9e":"4 minutes"},"schema":{"@context":"https:\/\/schema.org","@graph":[{"@type":"WebPage","@id":"https:\/\/internetaddictsanonymous.org\/step-workshops\/","url":"https:\/\/internetaddictsanonymous.org\/step-workshops\/","name":"Ateliers d'\u00e9tape Open Path - Internet and Technology Addicts Anonymous (Addicts \u00e0 l'Internet et \u00e0 la technologie anonymes)","isPartOf":{"@id":"https:\/\/internetaddictsanonymous.org\/#website"},"datePublished":"2023-04-02T20:03:08+00:00","dateModified":"2024-10-03T02:43:14+00:00","breadcrumb":{"@id":"https:\/\/internetaddictsanonymous.org\/step-workshops\/#breadcrumb"},"inLanguage":"fr-FR","potentialAction":[{"@type":"ReadAction","target":["https:\/\/internetaddictsanonymous.org\/step-workshops\/"]}]},{"@type":"BreadcrumbList","@id":"https:\/\/internetaddictsanonymous.org\/step-workshops\/#breadcrumb","itemListElement":[{"@type":"ListItem","position":1,"name":"Home","item":"https:\/\/internetaddictsanonymous.org\/"},{"@type":"ListItem","position":2,"name":"Open Path Step Workshops"}]},{"@type":"WebSite","@id":"https:\/\/internetaddictsanonymous.org\/#website","url":"https:\/\/internetaddictsanonymous.org\/","name":"D\u00e9pendants \u00e0 Internet et aux technologies anonymes","description":"Communaut\u00e9 mondiale en 12 \u00e9tapes pour la d\u00e9pendance \u00e0 l'Internet et \u00e0 la technologie","publisher":{"@id":"https:\/\/internetaddictsanonymous.org\/#organization"},"potentialAction":[{"@type":"SearchAction","target":{"@type":"EntryPoint","urlTemplate":"https:\/\/internetaddictsanonymous.org\/?s={search_term_string}"},"query-input":{"@type":"PropertyValueSpecification","valueRequired":true,"valueName":"search_term_string"}}],"inLanguage":"fr-FR"},{"@type":"Organization","@id":"https:\/\/internetaddictsanonymous.org\/#organization","name":"D\u00e9pendants \u00e0 Internet et aux technologies anonymes","url":"https:\/\/internetaddictsanonymous.org\/","logo":{"@type":"ImageObject","inLanguage":"fr-FR","@id":"https:\/\/internetaddictsanonymous.org\/#\/schema\/logo\/image\/","url":"https:\/\/internetaddictsanonymous.org\/wp-content\/uploads\/2023\/01\/cropped-ITAA-logo-480px.png","contentUrl":"https:\/\/internetaddictsanonymous.org\/wp-content\/uploads\/2023\/01\/cropped-ITAA-logo-480px.png","width":480,"height":480,"caption":"Internet and Technology Addicts Anonymous"},"image":{"@id":"https:\/\/internetaddictsanonymous.org\/#\/schema\/logo\/image\/"}}]}},"jetpack_sharing_enabled":true,"jetpack_shortlink":"https:\/\/wp.me\/P9Fwob-45b","_links":{"self":[{"href":"https:\/\/internetaddictsanonymous.org\/fr\/wp-json\/wp\/v2\/pages\/15697","targetHints":{"allow":["GET"]}}],"collection":[{"href":"https:\/\/internetaddictsanonymous.org\/fr\/wp-json\/wp\/v2\/pages"}],"about":[{"href":"https:\/\/internetaddictsanonymous.org\/fr\/wp-json\/wp\/v2\/types\/page"}],"author":[{"embeddable":true,"href":"https:\/\/internetaddictsanonymous.org\/fr\/wp-json\/wp\/v2\/users\/35194237"}],"replies":[{"embeddable":true,"href":"https:\/\/internetaddictsanonymous.org\/fr\/wp-json\/wp\/v2\/comments?post=15697"}],"version-history":[{"count":57,"href":"https:\/\/internetaddictsanonymous.org\/fr\/wp-json\/wp\/v2\/pages\/15697\/revisions"}],"predecessor-version":[{"id":18760,"href":"https:\/\/internetaddictsanonymous.org\/fr\/wp-json\/wp\/v2\/pages\/15697\/revisions\/18760"}],"wp:attachment":[{"href":"https:\/\/internetaddictsanonymous.org\/fr\/wp-json\/wp\/v2\/media?parent=15697"}],"wp:term":[{"taxonomy":"post_tag","embeddable":true,"href":"https:\/\/internetaddictsanonymous.org\/fr\/wp-json\/wp\/v2\/tags?post=15697"}],"curies":[{"name":"wp","href":"https:\/\/api.w.org\/{rel}","templated":true}]}}