{"id":16623,"date":"2023-08-19T13:56:19","date_gmt":"2023-08-19T17:56:19","guid":{"rendered":"https:\/\/internetaddictsanonymous.org\/?page_id=16623"},"modified":"2023-08-26T15:08:22","modified_gmt":"2023-08-26T19:08:22","slug":"outils-de-retablissement-formulaires-abreges","status":"publish","type":"page","link":"https:\/\/internetaddictsanonymous.org\/fr\/tools-of-recovery-short-forms\/","title":{"rendered":"Outils de r\u00e9cup\u00e9ration\u00a0: formulaires courts"},"content":{"rendered":"<p><em>Vous trouverez ci-dessous de courtes formes de notre <a href=\"https:\/\/internetaddictsanonymous.org\/fr\/ressources\/les-outils-de-la-relance\/\">les outils de la relance<\/a> que nous pouvons facilement r\u00e9f\u00e9rencer ou lire \u00e0 haute voix lors de nos r\u00e9unions. Diff\u00e9rents membres ont trouv\u00e9 diff\u00e9rents outils utiles, et souvent les outils que nous utilisons changent avec le temps.<\/em><\/p>\n\n\n\n<p><strong><mark style=\"background-color:rgba(0, 0, 0, 0)\" class=\"has-inline-color has-dark-gray-color\">Les douze \u00e9tapes<\/mark><\/strong><br>Les Douze \u00c9tapes de l\u2019ITAA constituent le noyau spirituel de notre programme et la base de notre r\u00e9tablissement \u00e0 long terme.&nbsp;<\/p>\n\n\n\n<p><strong><mark style=\"background-color:rgba(0, 0, 0, 0)\" class=\"has-inline-color has-dark-gray-color\">Parrainage<\/mark><\/strong><br>Nous recherchons un parrain exp\u00e9riment\u00e9 et sobre qui puisse nous soutenir dans la r\u00e9alisation des \u00c9tapes.&nbsp;<\/p>\n\n\n\n<p><strong><mark style=\"background-color:rgba(0, 0, 0, 0)\" class=\"has-inline-color has-dark-gray-color\">D\u00e9couvrir notre puissance sup\u00e9rieure<\/mark><\/strong><br>Nous nous abandonnons \u00e0 une Puissance sup\u00e9rieure \u00e0 nous-m\u00eames et nous sommes invit\u00e9s \u00e0 choisir le concept de Puissance sup\u00e9rieure qui nous est le plus utile dans notre propre r\u00e9tablissement.&nbsp;<\/p>\n\n\n\n<p><strong><mark style=\"background-color:rgba(0, 0, 0, 0)\" class=\"has-inline-color has-dark-gray-color\">R\u00e9unions<\/mark><\/strong><br>Les r\u00e9unions nous connectent \u00e0 l\u2019exp\u00e9rience, \u00e0 la force et \u00e0 l\u2019espoir des autres et approfondissent notre r\u00e9tablissement.<\/p>\n\n\n\n<p><strong><mark style=\"background-color:rgba(0, 0, 0, 0)\" class=\"has-inline-color has-dark-gray-color\">Appels de proximit\u00e9<\/mark><\/strong><br>Les appels de sensibilisation nous aident \u00e0 rester connect\u00e9s, soutenus et sobres en nous donnant la possibilit\u00e9 de tendre la main lorsque nous sommes vuln\u00e9rables et de nouer des amiti\u00e9s durables pendant le r\u00e9tablissement.&nbsp;<\/p>\n\n\n\n<p><strong><mark style=\"background-color:rgba(0, 0, 0, 0)\" class=\"has-inline-color has-dark-gray-color\">Service<\/mark><\/strong><br>Le service nous maintient sobres et nous permet de transmettre ce que nous avons si librement re\u00e7u.&nbsp;<\/p>\n\n\n\n<p><strong><mark style=\"background-color:rgba(0, 0, 0, 0)\" class=\"has-inline-color has-dark-gray-color\">Litt\u00e9rature<\/mark><\/strong><br>La litt\u00e9rature \u00e9crite sur le r\u00e9tablissement nous offre sagesse et perspicacit\u00e9 alors que nous d\u00e9couvrons notre chemin vers la sobri\u00e9t\u00e9 \u00e0 long terme.&nbsp;&nbsp;&nbsp;<\/p>\n\n\n\n<p><strong><mark style=\"background-color:rgba(0, 0, 0, 0)\" class=\"has-inline-color has-dark-gray-color\">Pri\u00e8re et m\u00e9ditation<\/mark><\/strong><br>Nous utilisons des pratiques telles que la pri\u00e8re et la m\u00e9ditation pour approfondir notre contact conscient avec une Puissance sup\u00e9rieure \u00e0 nous-m\u00eames qui peut nous redonner la raison.<\/p>\n\n\n\n<p><strong><mark style=\"background-color:rgba(0, 0, 0, 0)\" class=\"has-inline-color has-dark-gray-color\">Lignes sup\u00e9rieures, lignes m\u00e9dianes, lignes inf\u00e9rieures<\/mark><\/strong><br>Les lignes sup\u00e9rieures sont des activit\u00e9s qui nous aident \u00e0 r\u00e9pondre \u00e0 nos besoins de mani\u00e8re saine, les lignes m\u00e9dianes sont les comportements et les situations qui nourrissent notre envie d&#039;agir, et les lignes inf\u00e9rieures sont des comportements qui sont constamment compulsifs et autodestructeurs pour nous. Nous nous abstenons de nos r\u00e9sultats.<\/p>\n\n\n\n<p><strong><mark style=\"background-color:rgba(0, 0, 0, 0)\" class=\"has-inline-color has-dark-gray-color\">Abandonner l'utilisation inutile des technologies<\/mark><\/strong><br>Nous \u00e9vitons de nous tourner vers la distraction, l&#039;\u00e9vasion ou l&#039;engourdissement de nos \u00e9motions par une utilisation inutile d&#039;Internet et de la technologie, cherchant plut\u00f4t \u00e0 utiliser la technologie en accord avec nos valeurs et la volont\u00e9 de notre Puissance sup\u00e9rieure \u00e0 notre \u00e9gard.<\/p>\n\n\n\n<p><strong><mark style=\"background-color:rgba(0, 0, 0, 0)\" class=\"has-inline-color has-dark-gray-color\">Abstinence temporaire<\/mark><\/strong><br>Nous pouvons nous engager \u00e0 une p\u00e9riode d\u2019abstinence temporaire d\u2019un comportement Internet et technologique particulier pour vivre une vie sans cela.&nbsp;<\/p>\n\n\n\n<p><strong><mark style=\"background-color:rgba(0, 0, 0, 0)\" class=\"has-inline-color has-dark-gray-color\">Un jour \u00e0 la fois<\/mark><\/strong><br>Au lieu de lutter contre un engagement \u00e0 vie, nous nous concentrons simplement sur rester sobres pendant les prochaines 24 heures.&nbsp;<\/p>\n\n\n\n<p><mark style=\"background-color:rgba(0, 0, 0, 0)\" class=\"has-inline-color has-dark-gray-color\"><strong>Plans d&#039;action<\/strong><br><\/mark>Nous cr\u00e9ons des plans d&#039;action face \u00e0 des situations difficiles qui pourraient d\u00e9stabiliser notre sobri\u00e9t\u00e9.\u00a0<\/p>\n\n\n\n<p><strong><mark style=\"background-color:rgba(0, 0, 0, 0)\" class=\"has-inline-color has-dark-gray-color\">R\u00e9pondre aux envies<\/mark><\/strong><br>Si l\u2019envie de consommer augmente, nous nous tournons vers nos outils de r\u00e9cup\u00e9ration et nous nous appuyons sur le programme jusqu\u2019\u00e0 ce que l\u2019envie passe.<\/p>\n\n\n\n<p><strong><mark style=\"background-color:rgba(0, 0, 0, 0)\" class=\"has-inline-color has-dark-gray-color\">R\u00e9daction d&#039;un inventaire de la premi\u00e8re \u00e9tape<\/mark><\/strong><br>Nous trouvons utile d\u2019\u00e9crire une histoire sur nous-m\u00eames et sur notre d\u00e9pendance : comment c\u2019\u00e9tait, comment elle a chang\u00e9 au fil du temps et comment elle est aujourd\u2019hui.&nbsp;<\/p>\n\n\n\n<p><strong><mark style=\"background-color:rgba(0, 0, 0, 0)\" class=\"has-inline-color has-dark-gray-color\">Enregistrement du temps<\/mark><\/strong><br>Tenir un journal de toutes nos utilisations d\u2019Internet et de la technologie peut nous aider \u00e0 mieux comprendre nos habitudes.&nbsp;<\/p>\n\n\n\n<p><strong><mark style=\"background-color:rgba(0, 0, 0, 0)\" class=\"has-inline-color has-dark-gray-color\">Serre-livres<\/mark><\/strong><br>Nous terminons en appelant ou en envoyant des SMS \u00e0 un autre membre avant et apr\u00e8s une activit\u00e9 en ligne ou une situation d\u00e9clenchante.<\/p>\n\n\n\n<p><strong><mark style=\"background-color:rgba(0, 0, 0, 0)\" class=\"has-inline-color has-dark-gray-color\">Limiter l'acc\u00e8s aux technologies<\/mark><\/strong><br>Nous abandonnons les applications, les comptes et les appareils qui ont permis notre d\u00e9pendance \u00e0 la technologie, convaincus que nous pouvons vivre une vie \u00e9panouie en leur absence.<\/p>\n\n\n\n<p><strong><mark style=\"background-color:rgba(0, 0, 0, 0)\" class=\"has-inline-color has-dark-gray-color\">Alternatives hors ligne<\/mark><\/strong><br>Nous r\u00e9fl\u00e9chissons aux moyens d\u2019atteindre nos objectifs sans recourir \u00e0 la technologie, et nous constaterons peut-\u00eatre que les outils analogiques r\u00e9pondent \u00e0 nos besoins aussi bien, voire mieux, que leurs \u00e9quivalents num\u00e9riques.<\/p>\n\n\n\n<p><strong><mark style=\"background-color:rgba(0, 0, 0, 0)\" class=\"has-inline-color has-dark-gray-color\">S'\u00e9loigner de la technologie<\/mark><\/strong><br>Nous prenons du temps loin de tous les \u00e9crans lorsque nous nous sentons tremblants, nous accordant ainsi de l&#039;espace pour reprendre pied et am\u00e9liorer notre contact conscient avec notre Puissance sup\u00e9rieure.<\/p>\n\n\n\n<p><strong><mark style=\"background-color:rgba(0, 0, 0, 0)\" class=\"has-inline-color has-dark-gray-color\">Tenir un journal<\/mark><\/strong><br>Tenir un journal sur nos sentiments, nos luttes et nos objectifs, que ce soit par le biais d&#039;une \u00e9criture libre ou d&#039;inventaires quotidiens de la 10e \u00e9tape, nous aide \u00e0 d\u00e9velopper une perspective.&nbsp;&nbsp;<\/p>\n\n\n\n<p><strong><mark style=\"background-color:rgba(0, 0, 0, 0)\" class=\"has-inline-color has-dark-gray-color\">Revoir les rechutes<\/mark><\/strong><br>Si nous rechutons, nous examinons doucement ce qui s\u2019est pass\u00e9, en identifiant les facteurs qui nous ont amen\u00e9s \u00e0 d\u00e9raper et ce qui pourrait devoir changer dans notre programme de r\u00e9tablissement \u00e0 l\u2019avenir.<\/p>\n\n\n\n<p><strong><mark style=\"background-color:rgba(0, 0, 0, 0)\" class=\"has-inline-color has-dark-gray-color\">Prendre soin de soi physiquement<\/mark><\/strong><br>Nous accordons la priorit\u00e9 \u00e0 nos soins physiques par l\u2019exercice, le sommeil, l\u2019alimentation, l\u2019hygi\u00e8ne et les soins m\u00e9dicaux.&nbsp;<\/p>\n\n\n\n<p><mark style=\"background-color:rgba(0, 0, 0, 0)\" class=\"has-inline-color has-dark-gray-color\"><strong>Communaut\u00e9 en personne<\/strong><br><\/mark>Nous nous connectons et approfondissons nos relations avec nos amis, notre famille et notre communaut\u00e9 au sens large en personne.<\/p>\n\n\n\n<p><strong><mark style=\"background-color:rgba(0, 0, 0, 0)\" class=\"has-inline-color has-dark-gray-color\">D\u00e9velopper des passe-temps, des passions et des activit\u00e9s<\/mark><\/strong><br>Dans la sobri\u00e9t\u00e9, nous investissons notre temps dans des int\u00e9r\u00eats et des passions nouveaux ou n\u00e9glig\u00e9s, apportant ainsi un plus grand \u00e9panouissement \u00e0 nos vies.<\/p>\n\n\n\n<p><strong><mark style=\"background-color:rgba(0, 0, 0, 0)\" class=\"has-inline-color has-dark-gray-color\">Reconna\u00eetre d'autres compulsions<\/mark><\/strong><br>\u00c0 mesure que nous constatons l&#039;abstinence dans l&#039;ITAA, nous pouvons remarquer d&#039;autres comportements compulsifs et nous cherchons des conseils aupr\u00e8s des autres pour y rem\u00e9dier.<\/p>\n\n\n\n<p><mark style=\"background-color:rgba(0, 0, 0, 0)\" class=\"has-inline-color has-dark-gray-color\"><strong>Aide ext\u00e9rieure<\/strong><br><\/mark>Nous utilisons des ressources ext\u00e9rieures, notamment d\u2019autres bourses Douze \u00c9tapes et une aide professionnelle.<\/p>\n\n\n\n<hr class=\"wp-block-separator has-alpha-channel-opacity is-style-wide\"\/>\n\n\n\n<p> <\/p>\n\n\n\n<p id=\"block-064b8179-f2e2-4ec2-84cc-83680bf0c928\"><em>Cette page a \u00e9t\u00e9 r\u00e9dig\u00e9e par le comit\u00e9 du contenu Web de l'ITAA. Si vous souhaitez nous faire part de vos commentaires ou contribuer \u00e0 nos efforts, nous serions ravis de vous entendre ou de vous inviter \u00e0 l'une de nos r\u00e9unions. Vous trouverez de plus amples informations sur le site <a href=\"https:\/\/internetaddictsanonymous.org\/fr\/postes-de-service-ouverts\/\">Comit\u00e9s de service<\/a> .<\/em><\/p>\n<!-- PMB print buttons is only displayed on a single post\/page URLs-->","protected":false},"excerpt":{"rendered":"<p>Vous trouverez ci-dessous de courtes formes de nos outils de r\u00e9tablissement que nous pouvons facilement r\u00e9f\u00e9rencer ou lire \u00e0 haute voix lors de nos r\u00e9unions. Diff\u00e9rents membres ont trouv\u00e9 diff\u00e9rents outils utiles, et souvent les outils que nous utilisons changent avec le temps. Les Douze \u00c9tapesLes Douze \u00c9tapes de l&#039;ITAA sont le noyau spirituel de notre programme et la base\u2026 <a href=\"https:\/\/internetaddictsanonymous.org\/fr\/tools-of-recovery-short-forms\/\" class=\"more-link\">Lire la suite de <span class=\"screen-reader-text\">Outils de r\u00e9cup\u00e9ration\u00a0: formulaires courts<\/span><\/a><\/p>","protected":false},"author":35194237,"featured_media":0,"parent":0,"menu_order":0,"comment_status":"closed","ping_status":"closed","template":"full-width-page.php","meta":{"inline_featured_image":false,"_lmt_disableupdate":"","_lmt_disable":"","jetpack_post_was_ever_published":false,"footnotes":""},"tags":[],"class_list":["post-16623","page","type-page","status-publish","hentry"],"yoast_head":"<!-- This site is optimized with the Yoast SEO plugin v27.3 - https:\/\/yoast.com\/product\/yoast-seo-wordpress\/ -->\n<title>Tools of Recovery: Short Forms &#8211; Internet and Technology Addicts Anonymous<\/title>\n<meta name=\"robots\" content=\"index, follow, max-snippet:-1, max-image-preview:large, max-video-preview:-1\" \/>\n<link rel=\"canonical\" href=\"https:\/\/internetaddictsanonymous.org\/fr\/outils-de-retablissement-formulaires-abreges\/\" \/>\n<meta property=\"og:locale\" content=\"fr_FR\" \/>\n<meta property=\"og:type\" content=\"article\" \/>\n<meta property=\"og:title\" content=\"Tools of Recovery: Short Forms &#8211; Internet and Technology Addicts Anonymous\" \/>\n<meta property=\"og:description\" content=\"Below are short forms of our tools of recovery that we can easily reference or read aloud in our meetings. Different members have found different tools to be helpful, and often the tools we use change over time. The Twelve StepsThe Twelve Steps of ITAA are the spiritual core of our program and the basis &hellip; Lire la suite de Tools of Recovery: Short Forms\" \/>\n<meta property=\"og:url\" content=\"https:\/\/internetaddictsanonymous.org\/fr\/outils-de-retablissement-formulaires-abreges\/\" \/>\n<meta property=\"og:site_name\" content=\"Internet and Technology Addicts Anonymous\" \/>\n<meta property=\"article:modified_time\" content=\"2023-08-26T19:08:22+00:00\" \/>\n<meta name=\"twitter:card\" content=\"summary_large_image\" \/>\n<meta name=\"twitter:label1\" content=\"Dur\u00e9e de lecture estim\u00e9e\" \/>\n\t<meta name=\"twitter:data1\" content=\"4 minutes\" \/>\n<script type=\"application\/ld+json\" class=\"yoast-schema-graph\">{\"@context\":\"https:\\\/\\\/schema.org\",\"@graph\":[{\"@type\":\"WebPage\",\"@id\":\"https:\\\/\\\/internetaddictsanonymous.org\\\/tools-of-recovery-short-forms\\\/\",\"url\":\"https:\\\/\\\/internetaddictsanonymous.org\\\/tools-of-recovery-short-forms\\\/\",\"name\":\"Tools of Recovery: Short Forms &#8211; Internet and Technology Addicts Anonymous\",\"isPartOf\":{\"@id\":\"https:\\\/\\\/internetaddictsanonymous.org\\\/#website\"},\"datePublished\":\"2023-08-19T17:56:19+00:00\",\"dateModified\":\"2023-08-26T19:08:22+00:00\",\"breadcrumb\":{\"@id\":\"https:\\\/\\\/internetaddictsanonymous.org\\\/tools-of-recovery-short-forms\\\/#breadcrumb\"},\"inLanguage\":\"fr-FR\",\"potentialAction\":[{\"@type\":\"ReadAction\",\"target\":[\"https:\\\/\\\/internetaddictsanonymous.org\\\/tools-of-recovery-short-forms\\\/\"]}]},{\"@type\":\"BreadcrumbList\",\"@id\":\"https:\\\/\\\/internetaddictsanonymous.org\\\/tools-of-recovery-short-forms\\\/#breadcrumb\",\"itemListElement\":[{\"@type\":\"ListItem\",\"position\":1,\"name\":\"Home\",\"item\":\"https:\\\/\\\/internetaddictsanonymous.org\\\/\"},{\"@type\":\"ListItem\",\"position\":2,\"name\":\"Tools of Recovery: Short Forms\"}]},{\"@type\":\"WebSite\",\"@id\":\"https:\\\/\\\/internetaddictsanonymous.org\\\/#website\",\"url\":\"https:\\\/\\\/internetaddictsanonymous.org\\\/\",\"name\":\"Internet and Technology Addicts Anonymous\",\"description\":\"Worldwide 12-step Fellowship for Internet and Technology Addiction\",\"publisher\":{\"@id\":\"https:\\\/\\\/internetaddictsanonymous.org\\\/#organization\"},\"potentialAction\":[{\"@type\":\"SearchAction\",\"target\":{\"@type\":\"EntryPoint\",\"urlTemplate\":\"https:\\\/\\\/internetaddictsanonymous.org\\\/?s={search_term_string}\"},\"query-input\":{\"@type\":\"PropertyValueSpecification\",\"valueRequired\":true,\"valueName\":\"search_term_string\"}}],\"inLanguage\":\"fr-FR\"},{\"@type\":\"Organization\",\"@id\":\"https:\\\/\\\/internetaddictsanonymous.org\\\/#organization\",\"name\":\"Internet and Technology Addicts Anonymous\",\"url\":\"https:\\\/\\\/internetaddictsanonymous.org\\\/\",\"logo\":{\"@type\":\"ImageObject\",\"inLanguage\":\"fr-FR\",\"@id\":\"https:\\\/\\\/internetaddictsanonymous.org\\\/#\\\/schema\\\/logo\\\/image\\\/\",\"url\":\"https:\\\/\\\/internetaddictsanonymous.org\\\/wp-content\\\/uploads\\\/2023\\\/01\\\/cropped-ITAA-logo-480px.png\",\"contentUrl\":\"https:\\\/\\\/internetaddictsanonymous.org\\\/wp-content\\\/uploads\\\/2023\\\/01\\\/cropped-ITAA-logo-480px.png\",\"width\":480,\"height\":480,\"caption\":\"Internet and Technology Addicts Anonymous\"},\"image\":{\"@id\":\"https:\\\/\\\/internetaddictsanonymous.org\\\/#\\\/schema\\\/logo\\\/image\\\/\"}}]}<\/script>\n<!-- \/ Yoast SEO plugin. -->","yoast_head_json":{"title":"Outils de r\u00e9cup\u00e9ration\u00a0: formulaires courts \u2013 Internet and Technology Addicts Anonymous","robots":{"index":"index","follow":"follow","max-snippet":"max-snippet:-1","max-image-preview":"max-image-preview:large","max-video-preview":"max-video-preview:-1"},"canonical":"https:\/\/internetaddictsanonymous.org\/fr\/outils-de-retablissement-formulaires-abreges\/","og_locale":"fr_FR","og_type":"article","og_title":"Tools of Recovery: Short Forms &#8211; Internet and Technology Addicts Anonymous","og_description":"Below are short forms of our tools of recovery that we can easily reference or read aloud in our meetings. Different members have found different tools to be helpful, and often the tools we use change over time. The Twelve StepsThe Twelve Steps of ITAA are the spiritual core of our program and the basis &hellip; Lire la suite de Tools of Recovery: Short Forms","og_url":"https:\/\/internetaddictsanonymous.org\/fr\/outils-de-retablissement-formulaires-abreges\/","og_site_name":"Internet and Technology Addicts Anonymous","article_modified_time":"2023-08-26T19:08:22+00:00","twitter_card":"summary_large_image","twitter_misc":{"Dur\u00e9e de lecture estim\u00e9e":"4 minutes"},"schema":{"@context":"https:\/\/schema.org","@graph":[{"@type":"WebPage","@id":"https:\/\/internetaddictsanonymous.org\/tools-of-recovery-short-forms\/","url":"https:\/\/internetaddictsanonymous.org\/tools-of-recovery-short-forms\/","name":"Outils de r\u00e9cup\u00e9ration\u00a0: formulaires courts \u2013 Internet and Technology Addicts Anonymous","isPartOf":{"@id":"https:\/\/internetaddictsanonymous.org\/#website"},"datePublished":"2023-08-19T17:56:19+00:00","dateModified":"2023-08-26T19:08:22+00:00","breadcrumb":{"@id":"https:\/\/internetaddictsanonymous.org\/tools-of-recovery-short-forms\/#breadcrumb"},"inLanguage":"fr-FR","potentialAction":[{"@type":"ReadAction","target":["https:\/\/internetaddictsanonymous.org\/tools-of-recovery-short-forms\/"]}]},{"@type":"BreadcrumbList","@id":"https:\/\/internetaddictsanonymous.org\/tools-of-recovery-short-forms\/#breadcrumb","itemListElement":[{"@type":"ListItem","position":1,"name":"Home","item":"https:\/\/internetaddictsanonymous.org\/"},{"@type":"ListItem","position":2,"name":"Tools of Recovery: Short Forms"}]},{"@type":"WebSite","@id":"https:\/\/internetaddictsanonymous.org\/#website","url":"https:\/\/internetaddictsanonymous.org\/","name":"D\u00e9pendants \u00e0 Internet et aux technologies anonymes","description":"Communaut\u00e9 mondiale en 12 \u00e9tapes pour la d\u00e9pendance \u00e0 l'Internet et \u00e0 la technologie","publisher":{"@id":"https:\/\/internetaddictsanonymous.org\/#organization"},"potentialAction":[{"@type":"SearchAction","target":{"@type":"EntryPoint","urlTemplate":"https:\/\/internetaddictsanonymous.org\/?s={search_term_string}"},"query-input":{"@type":"PropertyValueSpecification","valueRequired":true,"valueName":"search_term_string"}}],"inLanguage":"fr-FR"},{"@type":"Organization","@id":"https:\/\/internetaddictsanonymous.org\/#organization","name":"D\u00e9pendants \u00e0 Internet et aux technologies anonymes","url":"https:\/\/internetaddictsanonymous.org\/","logo":{"@type":"ImageObject","inLanguage":"fr-FR","@id":"https:\/\/internetaddictsanonymous.org\/#\/schema\/logo\/image\/","url":"https:\/\/internetaddictsanonymous.org\/wp-content\/uploads\/2023\/01\/cropped-ITAA-logo-480px.png","contentUrl":"https:\/\/internetaddictsanonymous.org\/wp-content\/uploads\/2023\/01\/cropped-ITAA-logo-480px.png","width":480,"height":480,"caption":"Internet and Technology Addicts Anonymous"},"image":{"@id":"https:\/\/internetaddictsanonymous.org\/#\/schema\/logo\/image\/"}}]}},"jetpack_sharing_enabled":true,"jetpack_shortlink":"https:\/\/wp.me\/P9Fwob-4k7","_links":{"self":[{"href":"https:\/\/internetaddictsanonymous.org\/fr\/wp-json\/wp\/v2\/pages\/16623","targetHints":{"allow":["GET"]}}],"collection":[{"href":"https:\/\/internetaddictsanonymous.org\/fr\/wp-json\/wp\/v2\/pages"}],"about":[{"href":"https:\/\/internetaddictsanonymous.org\/fr\/wp-json\/wp\/v2\/types\/page"}],"author":[{"embeddable":true,"href":"https:\/\/internetaddictsanonymous.org\/fr\/wp-json\/wp\/v2\/users\/35194237"}],"replies":[{"embeddable":true,"href":"https:\/\/internetaddictsanonymous.org\/fr\/wp-json\/wp\/v2\/comments?post=16623"}],"version-history":[{"count":23,"href":"https:\/\/internetaddictsanonymous.org\/fr\/wp-json\/wp\/v2\/pages\/16623\/revisions"}],"predecessor-version":[{"id":16675,"href":"https:\/\/internetaddictsanonymous.org\/fr\/wp-json\/wp\/v2\/pages\/16623\/revisions\/16675"}],"wp:attachment":[{"href":"https:\/\/internetaddictsanonymous.org\/fr\/wp-json\/wp\/v2\/media?parent=16623"}],"wp:term":[{"taxonomy":"post_tag","embeddable":true,"href":"https:\/\/internetaddictsanonymous.org\/fr\/wp-json\/wp\/v2\/tags?post=16623"}],"curies":[{"name":"wp","href":"https:\/\/api.w.org\/{rel}","templated":true}]}}