{"id":16726,"date":"2023-09-02T13:40:49","date_gmt":"2023-09-02T17:40:49","guid":{"rendered":"https:\/\/internetaddictsanonymous.org\/?page_id=16726"},"modified":"2023-09-02T13:48:45","modified_gmt":"2023-09-02T17:48:45","slug":"pour-athees-et-agnostiques","status":"publish","type":"page","link":"https:\/\/internetaddictsanonymous.org\/fr\/for-atheists-and-agnostics\/","title":{"rendered":"Pour les ath\u00e9es et les agnostiques"},"content":{"rendered":"<p>En entrant \u00e0 l'ITAA, beaucoup d'entre nous, ath\u00e9es ou agnostiques, se sont demand\u00e9 s'il s'agissait d'un programme religieux. M\u00eame lorsque nous avons \u00e9t\u00e9 inform\u00e9s que l'ITAA n'\u00e9tait affili\u00e9 \u00e0 aucune religion, certains d'entre nous se sont demand\u00e9 s'il n'y avait pas des engagements religieux subtils cach\u00e9s quelque part \u00e0 l'abri des regards.<\/p>\n\n\n\n<p>Le fait est qu'aucune croyance religieuse n'est requise pour adh\u00e9rer \u00e0 notre programme, suivre les \u00e9tapes et trouver la sobri\u00e9t\u00e9 \u00e0 long terme. Notre association d\u00e9fend fermement la libert\u00e9 de chaque membre de s'engager dans n'importe quelle tradition religieuse ou absence de tradition religieuse, selon ce qui lui est le plus utile dans son propre cheminement vers le r\u00e9tablissement. Notre ath\u00e9isme et notre agnosticisme ne nous ont pas emp\u00each\u00e9s de nous lib\u00e9rer de notre d\u00e9pendance et, gr\u00e2ce \u00e0 notre r\u00e9tablissement, nous avons d\u00e9velopp\u00e9 un lien plus profond avec nous-m\u00eames, avec les autres et avec le monde qui nous entoure.&nbsp;<\/p>\n\n\n\n<p>Que signifie donc l'expression \" Puissance sup\u00e9rieure \", qui appara\u00eet fr\u00e9quemment dans notre programme ? Les Douze \u00c9tapes sont centr\u00e9es sur notre abandon \u00e0 une puissance sup\u00e9rieure \u00e0 nous-m\u00eames, et nous sommes invit\u00e9s \u00e0 explorer le concept de puissance sup\u00e9rieure qui nous aide le plus dans notre propre r\u00e9tablissement. Il existe une grande diversit\u00e9 dans la fa\u00e7on dont les diff\u00e9rents membres comprennent leur puissance sup\u00e9rieure, et nous avons tout \u00e0 gagner \u00e0 demander aux autres ce qu'ils en pensent. Certains membres consid\u00e8rent leur puissance sup\u00e9rieure comme la nature, l'univers, la r\u00e9alit\u00e9, des concepts tels que l'amour ou le service, le moment pr\u00e9sent, la fraternit\u00e9 de l'ITAA, le pouvoir de la connexion humaine, la sagesse collective de toutes les personnes en r\u00e9tablissement, notre parent int\u00e9rieur aimant, notre force int\u00e9rieure ou notre moi sup\u00e9rieur. D'autres trouvent une r\u00e9sonance avec un \u00eatre, une force ou une \u00e9nergie spirituelle. Certains membres peuvent utiliser le mot Dieu pour nommer ce pouvoir. Chacun d'entre nous est invit\u00e9 \u00e0 d\u00e9couvrir la puissance sup\u00e9rieure qui est la plus propice \u00e0 son d\u00e9veloppement personnel et \u00e0 son r\u00e9tablissement.<\/p>\n\n\n\n<p>On a souvent fait remarquer qu'il n'est pas n\u00e9cessaire de croire en Dieu pour suivre les \u00c9tapes ; il suffit de croire que nous ne sommes pas Dieu. Sur le chemin de la sobri\u00e9t\u00e9, nous commen\u00e7ons par accepter le fait que nous avons un grave probl\u00e8me que nous ne pouvons pas r\u00e9soudre par notre propre volont\u00e9. Nous en venons ensuite \u00e0 croire qu'il pourrait y avoir quelque chose d'ext\u00e9rieur \u00e0 nous-m\u00eames qui puisse nous aider \u00e0 nous r\u00e9tablir \u00e0 long terme de nos comportements obsessionnels et autodestructeurs, comme le prouve le fait que des millions d'autres personnes souffrant de la maladie de la d\u00e9pendance ont trouv\u00e9 la libert\u00e9 gr\u00e2ce \u00e0 des programmes en douze \u00e9tapes. Ensuite, nous nous engageons \u00e0 faire confiance au processus et \u00e0 accepter l'aide des autres, un jour \u00e0 la fois.<\/p>\n\n\n\n<p>L'amour, la tol\u00e9rance et l'ouverture d'esprit nous guident dans le r\u00e9tablissement, et nous c\u00e9l\u00e9brons la diversit\u00e9 des chemins spirituels emprunt\u00e9s par les diff\u00e9rents membres. Nous esp\u00e9rons que vous vous sentirez le bienvenu \u00e0 l'ITAA et nous vous encourageons \u00e0 essayer d'assister \u00e0 six r\u00e9unions diff\u00e9rentes sur une courte p\u00e9riode afin de d\u00e9couvrir si notre programme peut vous \u00eatre utile.<br><br> <\/p>\n\n\n\n<h3 class=\"wp-block-heading\"><strong>Les membres partagent leur exp\u00e9rience, leur force et leur espoir de se r\u00e9tablir en tant qu'ath\u00e9es et agnostiques :<\/strong><\/h3>\n\n\n\n<p><em>Bien que je ne pratique aucune religion, j'ai \u00e9t\u00e9 capable de suivre les \u00e9tapes, d'avoir une puissance sup\u00e9rieure et de me lib\u00e9rer durablement de ma d\u00e9pendance. J'ai interpr\u00e9t\u00e9 la dimension spirituelle de notre programme comme une invitation \u00e0 m'engager dans quelque chose de plus grand que moi et \u00e0 d\u00e9velopper une existence pleine de sens. Gr\u00e2ce au r\u00e9tablissement, j'ai trouv\u00e9 un mode de vie beaucoup plus riche et plus satisfaisant que celui que j'avais lorsque j'ai commenc\u00e9 le programme. Aujourd'hui, je me sens \u00e0 l'aise lorsque j'entends d'autres membres parler de leur cheminement spirituel - je sens que je peux m'identifier \u00e0 leurs exp\u00e9riences sans porter de jugement.&nbsp;<\/em><\/p>\n\n\n\n<p class=\"has-text-align-center\"><em>***<\/em><\/p>\n\n\n\n<p><em>J'avais un gros probl\u00e8me avec les \u00c9tapes jusqu'\u00e0 ce que je comprenne enfin que je n'\u00e9tais pas oblig\u00e9e de croire en une religion ou d'avoir des croyances spirituelles pour les suivre. Les \u00c9tapes mettent l'accent sur une \"puissance sup\u00e9rieure\". <\/em>de notre propre compr\u00e9hension<em>\". Pour moi, mon pouvoir sup\u00e9rieur est le pouvoir de partager honn\u00eatement avec les autres et d'\u00e9tablir des liens humains empreints de compassion.<\/em><\/p>\n\n\n\n<p class=\"has-text-align-center\">***<\/p>\n\n\n\n<p><em>Je suis ath\u00e9e et lorsque j'ai rejoint l'ITAA, j'avais peur d'\u00eatre converti. J'avais besoin de trouver quelque chose en quoi j'avais confiance. J'ai commenc\u00e9 \u00e0 assister \u00e0 des r\u00e9unions d'ath\u00e9es et d'agnostiques et je les ai trouv\u00e9es tr\u00e8s utiles. Elles m'ont permis de croire en la puissance sup\u00e9rieure que j'ai maintenant.&nbsp;<\/em><\/p>\n\n\n\n<p class=\"has-text-align-center\">***<\/p>\n\n\n\n<p><em>Un aspect important de mon ath\u00e9isme est l'engagement envers la v\u00e9rit\u00e9. Le r\u00e9tablissement m'a aid\u00e9 \u00e0 abandonner l'illusion que je pouvais vaincre une maladie neurologique. Ce n'est pas le cas. J'ai besoin d'aide, parfois d'une mani\u00e8re que je ne comprends pas. Gr\u00e2ce au r\u00e9tablissement et au soutien d'autres personnes, j'ai acquis une meilleure compr\u00e9hension de moi-m\u00eame et je suis mieux \u00e0 m\u00eame de vivre ma vie en accord avec la r\u00e9alit\u00e9. Ce faisant, j'ai pu atteindre et maintenir une abstinence continue de mes comportements addictifs pendant plus de trois ans.&nbsp;<\/em><\/p>\n\n\n\n<p class=\"has-text-align-center\">***<\/p>\n\n\n\n<p>Dans le cadre du r\u00e9tablissement, nous sommes tous invit\u00e9s \u00e0 traduire le langage de notre programme en quelque chose qui fonctionne pour nous, et nous sommes invit\u00e9s \u00e0 mettre de c\u00f4t\u00e9 tout ce que nous ne trouvons pas utile. Tout ce qui figure dans notre programme n'est qu'une suggestion. Si vous souhaitez arr\u00eater d'utiliser la technologie de mani\u00e8re compulsive et que vous \u00eates int\u00e9ress\u00e9 par notre programme, nous vous recommandons d'assister \u00e0 six r\u00e9unions dans un court laps de temps pour voir si l'ITAA peut vous \u00eatre utile. Nous esp\u00e9rons que vous trouverez dans nos r\u00e9unions le m\u00eame soulagement et la m\u00eame libert\u00e9 que tant d'entre nous ont connus.<\/p>\n\n\n\n<div class=\"wp-block-buttons is-content-justification-left is-layout-flex wp-container-core-buttons-is-layout-fdcfc74e wp-block-buttons-is-layout-flex\">\n<div class=\"wp-block-button has-custom-width wp-block-button__width-50 has-custom-font-size is-style-fill\" style=\"font-size:25px;font-style:normal;font-weight:900\"><a class=\"wp-block-button__link has-white-color has-blue-background-color has-text-color has-background wp-element-button\" href=\"https:\/\/internetaddictsanonymous.org\/fr\/reunions-en-ligne\/\" style=\"border-radius:100px\">Rejoindre une r\u00e9union<\/a><\/div>\n\n\n<\/div>\n\n\n\n<div style=\"height:75px\" aria-hidden=\"true\" class=\"wp-block-spacer\"><\/div>\n<!-- PMB print buttons is only displayed on a single post\/page URLs-->","protected":false},"excerpt":{"rendered":"<p>En entrant \u00e0 l\u2019ITAA, beaucoup d\u2019entre nous, ath\u00e9es ou agnostiques, se sont demand\u00e9 s\u2019il s\u2019agissait d\u2019un programme religieux. M\u00eame lorsque nous avons \u00e9t\u00e9 inform\u00e9s que l&#039;ITAA n&#039;\u00e9tait affili\u00e9e \u00e0 aucune religion, certains d&#039;entre nous se demandaient encore s&#039;il existait des engagements religieux subtils cach\u00e9s quelque part, hors de vue. Le fait est qu\u2019il n\u2019y a pas de croyances religieuses\u2026 <a href=\"https:\/\/internetaddictsanonymous.org\/fr\/for-atheists-and-agnostics\/\" class=\"more-link\">Lire la suite de <span class=\"screen-reader-text\">Pour les ath\u00e9es et les agnostiques<\/span><\/a><\/p>","protected":false},"author":35194237,"featured_media":0,"parent":0,"menu_order":0,"comment_status":"closed","ping_status":"closed","template":"full-width-page.php","meta":{"inline_featured_image":false,"_lmt_disableupdate":"","_lmt_disable":"","jetpack_post_was_ever_published":false,"footnotes":""},"tags":[],"class_list":["post-16726","page","type-page","status-publish","hentry"],"yoast_head":"<!-- This site is optimized with the Yoast SEO plugin v27.1.1 - https:\/\/yoast.com\/product\/yoast-seo-wordpress\/ -->\n<title>For Atheists and Agnostics &#8211; Internet and Technology Addicts Anonymous<\/title>\n<meta name=\"robots\" content=\"index, follow, max-snippet:-1, max-image-preview:large, max-video-preview:-1\" \/>\n<link rel=\"canonical\" href=\"https:\/\/internetaddictsanonymous.org\/fr\/pour-athees-et-agnostiques\/\" \/>\n<meta property=\"og:locale\" content=\"fr_FR\" \/>\n<meta property=\"og:type\" content=\"article\" \/>\n<meta property=\"og:title\" content=\"For Atheists and Agnostics &#8211; Internet and Technology Addicts Anonymous\" \/>\n<meta property=\"og:description\" content=\"Upon entering ITAA, many of us who are atheists or agnostics wondered whether this was a religious program. Even when we were informed that ITAA isn\u2019t affiliated with any religion, some of us still questioned whether there were subtle religious commitments lurking somewhere out of sight. The fact is that there are no religious beliefs &hellip; Lire la suite de For Atheists and Agnostics\" \/>\n<meta property=\"og:url\" content=\"https:\/\/internetaddictsanonymous.org\/fr\/pour-athees-et-agnostiques\/\" \/>\n<meta property=\"og:site_name\" content=\"Internet and Technology Addicts Anonymous\" \/>\n<meta property=\"article:modified_time\" content=\"2023-09-02T17:48:45+00:00\" \/>\n<meta name=\"twitter:card\" content=\"summary_large_image\" \/>\n<meta name=\"twitter:label1\" content=\"Dur\u00e9e de lecture estim\u00e9e\" \/>\n\t<meta name=\"twitter:data1\" content=\"4 minutes\" \/>\n<script type=\"application\/ld+json\" class=\"yoast-schema-graph\">{\"@context\":\"https:\/\/schema.org\",\"@graph\":[{\"@type\":\"WebPage\",\"@id\":\"https:\/\/internetaddictsanonymous.org\/for-atheists-and-agnostics\/\",\"url\":\"https:\/\/internetaddictsanonymous.org\/for-atheists-and-agnostics\/\",\"name\":\"For Atheists and Agnostics &#8211; Internet and Technology Addicts Anonymous\",\"isPartOf\":{\"@id\":\"https:\/\/internetaddictsanonymous.org\/#website\"},\"datePublished\":\"2023-09-02T17:40:49+00:00\",\"dateModified\":\"2023-09-02T17:48:45+00:00\",\"breadcrumb\":{\"@id\":\"https:\/\/internetaddictsanonymous.org\/for-atheists-and-agnostics\/#breadcrumb\"},\"inLanguage\":\"fr-FR\",\"potentialAction\":[{\"@type\":\"ReadAction\",\"target\":[\"https:\/\/internetaddictsanonymous.org\/for-atheists-and-agnostics\/\"]}]},{\"@type\":\"BreadcrumbList\",\"@id\":\"https:\/\/internetaddictsanonymous.org\/for-atheists-and-agnostics\/#breadcrumb\",\"itemListElement\":[{\"@type\":\"ListItem\",\"position\":1,\"name\":\"Home\",\"item\":\"https:\/\/internetaddictsanonymous.org\/\"},{\"@type\":\"ListItem\",\"position\":2,\"name\":\"For Atheists and Agnostics\"}]},{\"@type\":\"WebSite\",\"@id\":\"https:\/\/internetaddictsanonymous.org\/#website\",\"url\":\"https:\/\/internetaddictsanonymous.org\/\",\"name\":\"Internet and Technology Addicts Anonymous\",\"description\":\"Worldwide 12-step Fellowship for Internet and Technology Addiction\",\"publisher\":{\"@id\":\"https:\/\/internetaddictsanonymous.org\/#organization\"},\"potentialAction\":[{\"@type\":\"SearchAction\",\"target\":{\"@type\":\"EntryPoint\",\"urlTemplate\":\"https:\/\/internetaddictsanonymous.org\/?s={search_term_string}\"},\"query-input\":{\"@type\":\"PropertyValueSpecification\",\"valueRequired\":true,\"valueName\":\"search_term_string\"}}],\"inLanguage\":\"fr-FR\"},{\"@type\":\"Organization\",\"@id\":\"https:\/\/internetaddictsanonymous.org\/#organization\",\"name\":\"Internet and Technology Addicts Anonymous\",\"url\":\"https:\/\/internetaddictsanonymous.org\/\",\"logo\":{\"@type\":\"ImageObject\",\"inLanguage\":\"fr-FR\",\"@id\":\"https:\/\/internetaddictsanonymous.org\/#\/schema\/logo\/image\/\",\"url\":\"https:\/\/internetaddictsanonymous.org\/wp-content\/uploads\/2023\/01\/cropped-ITAA-logo-480px.png\",\"contentUrl\":\"https:\/\/internetaddictsanonymous.org\/wp-content\/uploads\/2023\/01\/cropped-ITAA-logo-480px.png\",\"width\":480,\"height\":480,\"caption\":\"Internet and Technology Addicts Anonymous\"},\"image\":{\"@id\":\"https:\/\/internetaddictsanonymous.org\/#\/schema\/logo\/image\/\"}}]}<\/script>\n<!-- \/ Yoast SEO plugin. -->","yoast_head_json":{"title":"Pour les ath\u00e9es et les agnostiques - Internet and Technology Addicts Anonymous","robots":{"index":"index","follow":"follow","max-snippet":"max-snippet:-1","max-image-preview":"max-image-preview:large","max-video-preview":"max-video-preview:-1"},"canonical":"https:\/\/internetaddictsanonymous.org\/fr\/pour-athees-et-agnostiques\/","og_locale":"fr_FR","og_type":"article","og_title":"For Atheists and Agnostics &#8211; Internet and Technology Addicts Anonymous","og_description":"Upon entering ITAA, many of us who are atheists or agnostics wondered whether this was a religious program. Even when we were informed that ITAA isn\u2019t affiliated with any religion, some of us still questioned whether there were subtle religious commitments lurking somewhere out of sight. The fact is that there are no religious beliefs &hellip; Lire la suite de For Atheists and Agnostics","og_url":"https:\/\/internetaddictsanonymous.org\/fr\/pour-athees-et-agnostiques\/","og_site_name":"Internet and Technology Addicts Anonymous","article_modified_time":"2023-09-02T17:48:45+00:00","twitter_card":"summary_large_image","twitter_misc":{"Dur\u00e9e de lecture estim\u00e9e":"4 minutes"},"schema":{"@context":"https:\/\/schema.org","@graph":[{"@type":"WebPage","@id":"https:\/\/internetaddictsanonymous.org\/for-atheists-and-agnostics\/","url":"https:\/\/internetaddictsanonymous.org\/for-atheists-and-agnostics\/","name":"Pour les ath\u00e9es et les agnostiques - Internet and Technology Addicts Anonymous","isPartOf":{"@id":"https:\/\/internetaddictsanonymous.org\/#website"},"datePublished":"2023-09-02T17:40:49+00:00","dateModified":"2023-09-02T17:48:45+00:00","breadcrumb":{"@id":"https:\/\/internetaddictsanonymous.org\/for-atheists-and-agnostics\/#breadcrumb"},"inLanguage":"fr-FR","potentialAction":[{"@type":"ReadAction","target":["https:\/\/internetaddictsanonymous.org\/for-atheists-and-agnostics\/"]}]},{"@type":"BreadcrumbList","@id":"https:\/\/internetaddictsanonymous.org\/for-atheists-and-agnostics\/#breadcrumb","itemListElement":[{"@type":"ListItem","position":1,"name":"Home","item":"https:\/\/internetaddictsanonymous.org\/"},{"@type":"ListItem","position":2,"name":"For Atheists and Agnostics"}]},{"@type":"WebSite","@id":"https:\/\/internetaddictsanonymous.org\/#website","url":"https:\/\/internetaddictsanonymous.org\/","name":"D\u00e9pendants \u00e0 Internet et aux technologies anonymes","description":"Communaut\u00e9 mondiale en 12 \u00e9tapes pour la d\u00e9pendance \u00e0 l'Internet et \u00e0 la technologie","publisher":{"@id":"https:\/\/internetaddictsanonymous.org\/#organization"},"potentialAction":[{"@type":"SearchAction","target":{"@type":"EntryPoint","urlTemplate":"https:\/\/internetaddictsanonymous.org\/?s={search_term_string}"},"query-input":{"@type":"PropertyValueSpecification","valueRequired":true,"valueName":"search_term_string"}}],"inLanguage":"fr-FR"},{"@type":"Organization","@id":"https:\/\/internetaddictsanonymous.org\/#organization","name":"D\u00e9pendants \u00e0 Internet et aux technologies anonymes","url":"https:\/\/internetaddictsanonymous.org\/","logo":{"@type":"ImageObject","inLanguage":"fr-FR","@id":"https:\/\/internetaddictsanonymous.org\/#\/schema\/logo\/image\/","url":"https:\/\/internetaddictsanonymous.org\/wp-content\/uploads\/2023\/01\/cropped-ITAA-logo-480px.png","contentUrl":"https:\/\/internetaddictsanonymous.org\/wp-content\/uploads\/2023\/01\/cropped-ITAA-logo-480px.png","width":480,"height":480,"caption":"Internet and Technology Addicts Anonymous"},"image":{"@id":"https:\/\/internetaddictsanonymous.org\/#\/schema\/logo\/image\/"}}]}},"jetpack_sharing_enabled":true,"jetpack_shortlink":"https:\/\/wp.me\/P9Fwob-4lM","_links":{"self":[{"href":"https:\/\/internetaddictsanonymous.org\/fr\/wp-json\/wp\/v2\/pages\/16726","targetHints":{"allow":["GET"]}}],"collection":[{"href":"https:\/\/internetaddictsanonymous.org\/fr\/wp-json\/wp\/v2\/pages"}],"about":[{"href":"https:\/\/internetaddictsanonymous.org\/fr\/wp-json\/wp\/v2\/types\/page"}],"author":[{"embeddable":true,"href":"https:\/\/internetaddictsanonymous.org\/fr\/wp-json\/wp\/v2\/users\/35194237"}],"replies":[{"embeddable":true,"href":"https:\/\/internetaddictsanonymous.org\/fr\/wp-json\/wp\/v2\/comments?post=16726"}],"version-history":[{"count":5,"href":"https:\/\/internetaddictsanonymous.org\/fr\/wp-json\/wp\/v2\/pages\/16726\/revisions"}],"predecessor-version":[{"id":16733,"href":"https:\/\/internetaddictsanonymous.org\/fr\/wp-json\/wp\/v2\/pages\/16726\/revisions\/16733"}],"wp:attachment":[{"href":"https:\/\/internetaddictsanonymous.org\/fr\/wp-json\/wp\/v2\/media?parent=16726"}],"wp:term":[{"taxonomy":"post_tag","embeddable":true,"href":"https:\/\/internetaddictsanonymous.org\/fr\/wp-json\/wp\/v2\/tags?post=16726"}],"curies":[{"name":"wp","href":"https:\/\/api.w.org\/{rel}","templated":true}]}}