{"id":16759,"date":"2023-09-03T14:47:44","date_gmt":"2023-09-03T18:47:44","guid":{"rendered":"https:\/\/internetaddictsanonymous.org\/?page_id=16759"},"modified":"2023-09-03T14:47:56","modified_gmt":"2023-09-03T18:47:56","slug":"devenir-aptes-a-rever","status":"publish","type":"page","link":"https:\/\/internetaddictsanonymous.org\/fr\/recovery-stories\/becoming-fit-to-dream\/","title":{"rendered":"Devenir apte \u00e0 r\u00eaver"},"content":{"rendered":"<p><a href=\"https:\/\/drive.google.com\/file\/d\/1sa9dBP0TMQeO_q1tzpWsT1CYh99mLj03\/view?usp=sharing\" target=\"_blank\" rel=\"noreferrer noopener\"><em>PDF imprimable<\/em><\/a><\/p>\n\n\n\n<p>Avant d'entrer \u00e0 l'ITAA, j'avais l'impression d'\u00eatre tomb\u00e9e d'une falaise et de me retrouver seule et bris\u00e9e au fond. Je croyais qu'il n'y avait aucun moyen de me sortir de ce trou noir o\u00f9 je me sentais bris\u00e9. Quelque chose en moi savait que ma survie d\u00e9pendait de l'escalade de cette falaise et de ma sortie, mais par ma propre volont\u00e9, je ne pensais m\u00eame pas pouvoir commencer.&nbsp;<\/p>\n\n\n\n<p>Accabl\u00e9 et vaincu par la honte, je me cachais les yeux, laissant tomber ma t\u00eate sur le c\u00f4t\u00e9. Je fixais mon regard sur l'image anim\u00e9e de l'\u00e9cran, m'hypnotisant, me dissociant de mon \u00e9tat de chute.<\/p>\n\n\n\n<p>Je suis arriv\u00e9e \u00e0 l'ITAA la nuit suivant une s\u00e9ance de streaming qui a dur\u00e9 jusqu'\u00e0 4 heures du matin. Je me suis r\u00e9veill\u00e9 avec le sentiment d'\u00eatre bris\u00e9 au pied de la falaise. J'\u00e9tais d\u00e9prim\u00e9e, anxieuse, frustr\u00e9e et je cherchais d\u00e9sesp\u00e9r\u00e9ment une solution. Je n'arrivais pas \u00e0 me d\u00e9tacher de l'\u00e9cran et je ne pouvais pas continuer ainsi. J'ai trouv\u00e9 le site web de l'ITAA, j'ai vu qu'une r\u00e9union avait lieu dans 10 minutes et je me suis inscrite.&nbsp;<\/p>\n\n\n\n<p>Ce jour-l\u00e0, les visages des personnes en voie de gu\u00e9rison ont commenc\u00e9 \u00e0 \u00e9merger du bord de la falaise. J'ai \u00e9cout\u00e9 les voix qui r\u00e9sonnaient avec mon exp\u00e9rience et j'ai appel\u00e9 \u00e0 l'aide. Des cordes sont apparues. Des personnes qui allaient devenir famili\u00e8res sont descendues \u00e0 ma rencontre. L'un d'entre eux m'a donn\u00e9 une profonde boisson de connexion, tandis qu'un autre m'a aid\u00e9 \u00e0 v\u00e9rifier mes blessures. Un autre m'a fait asseoir, puis un autre m'a dit : \"Essayez de vous tenir debout.\"&nbsp;<\/p>\n\n\n\n<p>J'ai trembl\u00e9, mais j'ai pu me tenir debout. Ceux qui se sont r\u00e9tablis m'ont dit : \"Il y a un moyen de sortir de cet endroit en 12 \u00e9tapes. Il suffit de les prendre une \u00e0 la fois.\" Ils m'ont montr\u00e9 les cordes et les poulies. Ils m'ont dit : \"Tu n'auras pas \u00e0 sortir seul. Attache-toi \u00e0 ce camarade ; c'est un bon grimpeur. Il sait utiliser le guide.\"<\/p>\n\n\n\n<p>Je sentais toujours un poids qui me tirait vers le bas. J'avais envie de l'\u00e9tat dissociatif dont la technologie me couvrait. Je me sentais attir\u00e9 par la gravit\u00e9 de l'\u00e9chappatoire facile \u00e0 des \u00e9motions difficiles et \u00e0 une vie ing\u00e9rable. Alors que je voulais sombrer dans l'hypnotisme de l'\u00e9cran, mes yeux \u00e9taient tourn\u00e9s vers une solution bien plus puissante. C'\u00e9tait la cl\u00e9. J'ai fait un pas. J'ai grimp\u00e9 sur un rebord et, alors que j'essayais de me soulever, quelque chose m'a soulev\u00e9.&nbsp;<\/p>\n\n\n\n<p>Jusqu'\u00e0 pr\u00e9sent, je croyais qu'il me fallait de la volont\u00e9 pour me relever, mais cette croyance \u00e9tait une fiction. J'ai des r\u00e9unions et une fraternit\u00e9. J'ai un programme de r\u00e9tablissement. J'ai les \u00e9tapes. J'ai une relation avec une puissance sup\u00e9rieure que je comprends. J'ai un parrain. J'ai des gens dans le monde entier que je peux appeler \u00e0 tout moment de la journ\u00e9e. La force totale de ces leviers et de ces cordes fait pour moi ce que je ne pourrais jamais faire seul.<\/p>\n\n\n\n<p>J'ai encore des \u00e9tapes \u00e0 franchir, dont certaines semblent effrayantes et complexes. Pourtant, \u00e0 un moment donn\u00e9 de ce voyage, j'ai commenc\u00e9 \u00e0 ressentir une certaine forme physique. Une forme du c\u0153ur et de l'esprit ; une forme spirituelle qui m'aide \u00e0 grimper. Il y a des murs abrupts, avec peu de prises, mais je ne peux pas tomber loin. Ma corde est solidement attach\u00e9e \u00e0 la fraternit\u00e9.&nbsp;<\/p>\n\n\n\n<p>Je ne suis pas la personne qui a commenc\u00e9 ce voyage. Ma fragilit\u00e9 du d\u00e9but m'a pr\u00e9par\u00e9e \u00e0 demander de l'aide. Cette aide m'est venue \u00e0 profusion lorsque je suis entr\u00e9 \u00e0 l'ITAA et que j'ai tendu la main de fa\u00e7on constante. La coop\u00e9ration avec ce soutien m'a rendu apte. Je suis maintenant apte \u00e0 r\u00eaver.<\/p>\n<!-- PMB print buttons is only displayed on a single post\/page URLs-->","protected":false},"excerpt":{"rendered":"<p>PDF imprimable Avant d&#039;arriver \u00e0 l&#039;ITAA, j&#039;avais l&#039;impression d&#039;\u00eatre tomb\u00e9 d&#039;une falaise et d&#039;\u00eatre allong\u00e9, bris\u00e9 et seul au fond. Je croyais que je n\u2019aurais aucun moyen de me sortir du trou sombre du brisement que je ressentais. Quelque chose en moi savait que ma survie d\u00e9pendait de cette ascension\u2026 <a href=\"https:\/\/internetaddictsanonymous.org\/fr\/recovery-stories\/becoming-fit-to-dream\/\" class=\"more-link\">Lire la suite de <span class=\"screen-reader-text\">Devenir apte \u00e0 r\u00eaver<\/span><\/a><\/p>","protected":false},"author":35194237,"featured_media":0,"parent":9835,"menu_order":0,"comment_status":"closed","ping_status":"closed","template":"full-width-page.php","meta":{"inline_featured_image":false,"_lmt_disableupdate":"","_lmt_disable":"","footnotes":""},"tags":[],"class_list":["post-16759","page","type-page","status-publish","hentry"],"yoast_head":"<!-- This site is optimized with the Yoast SEO plugin v27.3 - https:\/\/yoast.com\/product\/yoast-seo-wordpress\/ -->\n<title>Becoming Fit to Dream &#8211; Internet and Technology Addicts Anonymous<\/title>\n<meta name=\"robots\" content=\"index, follow, max-snippet:-1, max-image-preview:large, max-video-preview:-1\" \/>\n<link rel=\"canonical\" href=\"https:\/\/internetaddictsanonymous.org\/fr\/recits-de-guerison\/devenir-aptes-a-rever\/\" \/>\n<meta property=\"og:locale\" content=\"fr_FR\" \/>\n<meta property=\"og:type\" content=\"article\" \/>\n<meta property=\"og:title\" content=\"Becoming Fit to Dream &#8211; Internet and Technology Addicts Anonymous\" \/>\n<meta property=\"og:description\" content=\"Printable PDF Before I came into ITAA I felt like I had fallen from a cliff, and was lying broken and alone at the bottom. I believed there was no way I would ever pull myself out of the dark hole of brokenness I felt. Something in me knew my survival depended on climbing that &hellip; Lire la suite de Becoming Fit to Dream\" \/>\n<meta property=\"og:url\" content=\"https:\/\/internetaddictsanonymous.org\/fr\/recits-de-guerison\/devenir-aptes-a-rever\/\" \/>\n<meta property=\"og:site_name\" content=\"Internet and Technology Addicts Anonymous\" \/>\n<meta property=\"article:modified_time\" content=\"2023-09-03T18:47:56+00:00\" \/>\n<meta name=\"twitter:card\" content=\"summary_large_image\" \/>\n<script type=\"application\/ld+json\" class=\"yoast-schema-graph\">{\"@context\":\"https:\\\/\\\/schema.org\",\"@graph\":[{\"@type\":\"WebPage\",\"@id\":\"https:\\\/\\\/internetaddictsanonymous.org\\\/recovery-stories\\\/becoming-fit-to-dream\\\/\",\"url\":\"https:\\\/\\\/internetaddictsanonymous.org\\\/recovery-stories\\\/becoming-fit-to-dream\\\/\",\"name\":\"Becoming Fit to Dream &#8211; Internet and Technology Addicts Anonymous\",\"isPartOf\":{\"@id\":\"https:\\\/\\\/internetaddictsanonymous.org\\\/#website\"},\"datePublished\":\"2023-09-03T18:47:44+00:00\",\"dateModified\":\"2023-09-03T18:47:56+00:00\",\"breadcrumb\":{\"@id\":\"https:\\\/\\\/internetaddictsanonymous.org\\\/recovery-stories\\\/becoming-fit-to-dream\\\/#breadcrumb\"},\"inLanguage\":\"fr-FR\",\"potentialAction\":[{\"@type\":\"ReadAction\",\"target\":[\"https:\\\/\\\/internetaddictsanonymous.org\\\/recovery-stories\\\/becoming-fit-to-dream\\\/\"]}]},{\"@type\":\"BreadcrumbList\",\"@id\":\"https:\\\/\\\/internetaddictsanonymous.org\\\/recovery-stories\\\/becoming-fit-to-dream\\\/#breadcrumb\",\"itemListElement\":[{\"@type\":\"ListItem\",\"position\":1,\"name\":\"Home\",\"item\":\"https:\\\/\\\/internetaddictsanonymous.org\\\/\"},{\"@type\":\"ListItem\",\"position\":2,\"name\":\"Recovery Stories\",\"item\":\"https:\\\/\\\/internetaddictsanonymous.org\\\/recovery-stories\\\/\"},{\"@type\":\"ListItem\",\"position\":3,\"name\":\"Becoming Fit to Dream\"}]},{\"@type\":\"WebSite\",\"@id\":\"https:\\\/\\\/internetaddictsanonymous.org\\\/#website\",\"url\":\"https:\\\/\\\/internetaddictsanonymous.org\\\/\",\"name\":\"Internet and Technology Addicts Anonymous\",\"description\":\"Worldwide 12-step Fellowship for Internet and Technology Addiction\",\"publisher\":{\"@id\":\"https:\\\/\\\/internetaddictsanonymous.org\\\/#organization\"},\"potentialAction\":[{\"@type\":\"SearchAction\",\"target\":{\"@type\":\"EntryPoint\",\"urlTemplate\":\"https:\\\/\\\/internetaddictsanonymous.org\\\/?s={search_term_string}\"},\"query-input\":{\"@type\":\"PropertyValueSpecification\",\"valueRequired\":true,\"valueName\":\"search_term_string\"}}],\"inLanguage\":\"fr-FR\"},{\"@type\":\"Organization\",\"@id\":\"https:\\\/\\\/internetaddictsanonymous.org\\\/#organization\",\"name\":\"Internet and Technology Addicts Anonymous\",\"url\":\"https:\\\/\\\/internetaddictsanonymous.org\\\/\",\"logo\":{\"@type\":\"ImageObject\",\"inLanguage\":\"fr-FR\",\"@id\":\"https:\\\/\\\/internetaddictsanonymous.org\\\/#\\\/schema\\\/logo\\\/image\\\/\",\"url\":\"https:\\\/\\\/internetaddictsanonymous.org\\\/wp-content\\\/uploads\\\/2023\\\/01\\\/cropped-ITAA-logo-480px.png\",\"contentUrl\":\"https:\\\/\\\/internetaddictsanonymous.org\\\/wp-content\\\/uploads\\\/2023\\\/01\\\/cropped-ITAA-logo-480px.png\",\"width\":480,\"height\":480,\"caption\":\"Internet and Technology Addicts Anonymous\"},\"image\":{\"@id\":\"https:\\\/\\\/internetaddictsanonymous.org\\\/#\\\/schema\\\/logo\\\/image\\\/\"}}]}<\/script>\n<!-- \/ Yoast SEO plugin. -->","yoast_head_json":{"title":"Devenir apte \u00e0 r\u00eaver - Internet and Technology Addicts Anonymous","robots":{"index":"index","follow":"follow","max-snippet":"max-snippet:-1","max-image-preview":"max-image-preview:large","max-video-preview":"max-video-preview:-1"},"canonical":"https:\/\/internetaddictsanonymous.org\/fr\/recits-de-guerison\/devenir-aptes-a-rever\/","og_locale":"fr_FR","og_type":"article","og_title":"Becoming Fit to Dream &#8211; Internet and Technology Addicts Anonymous","og_description":"Printable PDF Before I came into ITAA I felt like I had fallen from a cliff, and was lying broken and alone at the bottom. I believed there was no way I would ever pull myself out of the dark hole of brokenness I felt. Something in me knew my survival depended on climbing that &hellip; Lire la suite de Becoming Fit to Dream","og_url":"https:\/\/internetaddictsanonymous.org\/fr\/recits-de-guerison\/devenir-aptes-a-rever\/","og_site_name":"Internet and Technology Addicts Anonymous","article_modified_time":"2023-09-03T18:47:56+00:00","twitter_card":"summary_large_image","schema":{"@context":"https:\/\/schema.org","@graph":[{"@type":"WebPage","@id":"https:\/\/internetaddictsanonymous.org\/recovery-stories\/becoming-fit-to-dream\/","url":"https:\/\/internetaddictsanonymous.org\/recovery-stories\/becoming-fit-to-dream\/","name":"Devenir apte \u00e0 r\u00eaver - Internet and Technology Addicts Anonymous","isPartOf":{"@id":"https:\/\/internetaddictsanonymous.org\/#website"},"datePublished":"2023-09-03T18:47:44+00:00","dateModified":"2023-09-03T18:47:56+00:00","breadcrumb":{"@id":"https:\/\/internetaddictsanonymous.org\/recovery-stories\/becoming-fit-to-dream\/#breadcrumb"},"inLanguage":"fr-FR","potentialAction":[{"@type":"ReadAction","target":["https:\/\/internetaddictsanonymous.org\/recovery-stories\/becoming-fit-to-dream\/"]}]},{"@type":"BreadcrumbList","@id":"https:\/\/internetaddictsanonymous.org\/recovery-stories\/becoming-fit-to-dream\/#breadcrumb","itemListElement":[{"@type":"ListItem","position":1,"name":"Home","item":"https:\/\/internetaddictsanonymous.org\/"},{"@type":"ListItem","position":2,"name":"Recovery Stories","item":"https:\/\/internetaddictsanonymous.org\/recovery-stories\/"},{"@type":"ListItem","position":3,"name":"Becoming Fit to Dream"}]},{"@type":"WebSite","@id":"https:\/\/internetaddictsanonymous.org\/#website","url":"https:\/\/internetaddictsanonymous.org\/","name":"D\u00e9pendants \u00e0 Internet et aux technologies anonymes","description":"Communaut\u00e9 mondiale en 12 \u00e9tapes pour la d\u00e9pendance \u00e0 l'Internet et \u00e0 la technologie","publisher":{"@id":"https:\/\/internetaddictsanonymous.org\/#organization"},"potentialAction":[{"@type":"SearchAction","target":{"@type":"EntryPoint","urlTemplate":"https:\/\/internetaddictsanonymous.org\/?s={search_term_string}"},"query-input":{"@type":"PropertyValueSpecification","valueRequired":true,"valueName":"search_term_string"}}],"inLanguage":"fr-FR"},{"@type":"Organization","@id":"https:\/\/internetaddictsanonymous.org\/#organization","name":"D\u00e9pendants \u00e0 Internet et aux technologies anonymes","url":"https:\/\/internetaddictsanonymous.org\/","logo":{"@type":"ImageObject","inLanguage":"fr-FR","@id":"https:\/\/internetaddictsanonymous.org\/#\/schema\/logo\/image\/","url":"https:\/\/internetaddictsanonymous.org\/wp-content\/uploads\/2023\/01\/cropped-ITAA-logo-480px.png","contentUrl":"https:\/\/internetaddictsanonymous.org\/wp-content\/uploads\/2023\/01\/cropped-ITAA-logo-480px.png","width":480,"height":480,"caption":"Internet and Technology Addicts Anonymous"},"image":{"@id":"https:\/\/internetaddictsanonymous.org\/#\/schema\/logo\/image\/"}}]}},"jetpack_sharing_enabled":true,"jetpack_shortlink":"https:\/\/wp.me\/P9Fwob-4mj","_links":{"self":[{"href":"https:\/\/internetaddictsanonymous.org\/fr\/wp-json\/wp\/v2\/pages\/16759","targetHints":{"allow":["GET"]}}],"collection":[{"href":"https:\/\/internetaddictsanonymous.org\/fr\/wp-json\/wp\/v2\/pages"}],"about":[{"href":"https:\/\/internetaddictsanonymous.org\/fr\/wp-json\/wp\/v2\/types\/page"}],"author":[{"embeddable":true,"href":"https:\/\/internetaddictsanonymous.org\/fr\/wp-json\/wp\/v2\/users\/35194237"}],"replies":[{"embeddable":true,"href":"https:\/\/internetaddictsanonymous.org\/fr\/wp-json\/wp\/v2\/comments?post=16759"}],"version-history":[{"count":2,"href":"https:\/\/internetaddictsanonymous.org\/fr\/wp-json\/wp\/v2\/pages\/16759\/revisions"}],"predecessor-version":[{"id":16761,"href":"https:\/\/internetaddictsanonymous.org\/fr\/wp-json\/wp\/v2\/pages\/16759\/revisions\/16761"}],"up":[{"embeddable":true,"href":"https:\/\/internetaddictsanonymous.org\/fr\/wp-json\/wp\/v2\/pages\/9835"}],"wp:attachment":[{"href":"https:\/\/internetaddictsanonymous.org\/fr\/wp-json\/wp\/v2\/media?parent=16759"}],"wp:term":[{"taxonomy":"post_tag","embeddable":true,"href":"https:\/\/internetaddictsanonymous.org\/fr\/wp-json\/wp\/v2\/tags?post=16759"}],"curies":[{"name":"wp","href":"https:\/\/api.w.org\/{rel}","templated":true}]}}