{"id":16769,"date":"2023-09-03T14:52:51","date_gmt":"2023-09-03T18:52:51","guid":{"rendered":"https:\/\/internetaddictsanonymous.org\/?page_id=16769"},"modified":"2023-09-03T14:52:53","modified_gmt":"2023-09-03T18:52:53","slug":"la-seule-chose-qui-a-fonctionne","status":"publish","type":"page","link":"https:\/\/internetaddictsanonymous.org\/fr\/recovery-stories\/the-only-thing-that-worked\/","title":{"rendered":"La seule chose qui a fonctionn\u00e9"},"content":{"rendered":"<p><a href=\"https:\/\/drive.google.com\/file\/d\/1E_kQZogx9klLKGI27N1kDHhHvowuiDsN\/view?usp=sharing\" target=\"_blank\" rel=\"noreferrer noopener\"><em>PDF imprimable<\/em><\/a><\/p>\n\n\n\n<p>Mes parents \u00e9taient tr\u00e8s instruits et, dans les ann\u00e9es 1980, nous \u00e9tions l&#039;une des rares familles du quartier \u00e0 avoir une t\u00e9l\u00e9vision et des ordinateurs \u00e0 la maison. Je me souviens que le week-end, je regardais le dessin anim\u00e9 matinal de quatre heures pour les enfants. J&#039;\u00e9tais aussi fascin\u00e9 par les ordinateurs. Quand j&#039;\u00e9tais enfant, j&#039;\u00e9tais un vrai nerd de l&#039;informatique, tapant des codes de jeux dans des magazines informatiques, d\u00e9boguant les programmes, puis jouant \u00e0 des jeux informatiques. Les ordinateurs m&#039;ont \u00e9galement donn\u00e9 un statut et un moyen de me connecter aux enfants du quartier, car je pouvais les inviter \u00e0 jouer sur notre ordinateur, ce qu&#039;ils n&#039;avaient pas.&nbsp;<\/p>\n\n\n\n<p>Quand j&#039;avais 12 ans, mes parents ont divorc\u00e9 et j&#039;ai d\u00e9m\u00e9nag\u00e9 avec ma m\u00e8re et ma s\u0153ur dans une nouvelle ville. L\u00e0-bas, je n&#039;ai pas pu me connecter \u00e0 mes pairs et je suis devenu de plus en plus isol\u00e9. C&#039;est \u00e0 ce moment-l\u00e0 que la t\u00e9l\u00e9vision et les jeux informatiques sont devenus de plus en plus importants pour combler la solitude. \u00c0 un moment donn\u00e9, quand j&#039;avais environ 15 ans, mes parents m&#039;ont offert une t\u00e9l\u00e9vision et un ordinateur dans ma chambre en cadeau. \u00c0 partir de ce moment-l\u00e0, je me suis compl\u00e8tement isol\u00e9 dans ma chambre, passant mon temps libre \u00e0 regarder le sport et les informations \u00e0 la t\u00e9l\u00e9vision et \u00e0 jouer \u00e0 des jeux informatiques. C&#039;\u00e9tait aussi la premi\u00e8re fois que je voulais diminuer mon utilisation de la t\u00e9l\u00e9vision et de l&#039;ordinateur, mais j&#039;ai d\u00e9couvert que je ne pouvais pas arr\u00eater de regarder et de jouer. J&#039;\u00e9tais en quelque sorte coll\u00e9 \u00e0 ces machines. \u00c9videmment mes devoirs en souffraient et parfois j&#039;\u00e9chouais \u00e0 des tests \u00e0 cause de \u00e7a, mais dans l&#039;ensemble j&#039;avais de bonnes notes au lyc\u00e9e.&nbsp;<\/p>\n\n\n\n<p>\u00c0 l&#039;universit\u00e9, la vie s&#039;est am\u00e9lior\u00e9e. J&#039;ai enfin eu une vie sociale active. Pendant les trois premi\u00e8res ann\u00e9es, je n&#039;avais pas d&#039;ordinateur \u00e0 la maison. J&#039;avais ma t\u00e9l\u00e9vision \u00e0 la maison et je me souviens d&#039;une forte envie de regarder le film porno diffus\u00e9 chaque semaine, ainsi que les \u00e9v\u00e9nements sportifs annuels, mais pour le reste, ma compulsion \u00e9tait \u00e0 peu pr\u00e8s contenue. J&#039;\u00e9tais assez obs\u00e9d\u00e9 par la technologie cependant. Je me suis toujours identifi\u00e9 comme le nerd de la technologie et je me suis assur\u00e9 d&#039;\u00eatre le pr\u00e9curseur technologique. Par exemple, j&#039;ai \u00e9t\u00e9 le premier parmi mes amis \u00e0 acheter un t\u00e9l\u00e9phone portable (on parle ici de la fin des ann\u00e9es 90).&nbsp;<\/p>\n\n\n\n<p>Ma compulsion a vraiment d\u00e9coll\u00e9 lorsque j&#039;ai achet\u00e9 mon propre ordinateur avec Internet \u00e0 la maison. En particulier, la pornographie sur Internet est devenue tr\u00e8s addictive pour moi, et c&#039;est ce qui m&#039;a vraiment amen\u00e9 \u00e0 l&#039;autodestruction. C&#039;est \u00e0 ce moment-l\u00e0 que j&#039;ai commenc\u00e9 \u00e0 me consid\u00e9rer comme un toxicomane et que j&#039;ai vraiment essay\u00e9 de contr\u00f4ler ma d\u00e9pendance \u00e0 la pornographie sur Internet. Il a commenc\u00e9 par supprimer des fichiers et des abonnements \u00e0 des services d&#039;information apr\u00e8s avoir agi pour lever la barri\u00e8re pour recommencer. Cela n&#039;a pas fonctionn\u00e9. Dans la m\u00eame veine, j&#039;ai essay\u00e9 de me cacher le modem en d\u00e9branchant tous les fils, en remettant le modem dans sa bo\u00eete et en le mettant dans le placard. Cela n&#039;a pas fonctionn\u00e9. Mon cerveau savait toujours o\u00f9 \u00e9tait le modem. (En y repensant maintenant, il est incroyable que je pense que ces choses fonctionnent.)&nbsp;<\/p>\n\n\n\n<p>Je suis tomb\u00e9 amoureux et j&#039;ai eu une relation amoureuse. Cela n&#039;a pas arr\u00eat\u00e9 la d\u00e9pendance. J&#039;ai simplement gard\u00e9 mon probl\u00e8me de pornographie sur Internet compl\u00e8tement secret et j&#039;ai continu\u00e9 \u00e0 agir dans son dos. Apr\u00e8s trois ans, je lui ai r\u00e9v\u00e9l\u00e9 mon probl\u00e8me de pornographie sur Internet. \u00c0 ce moment-l\u00e0, elle m&#039;a beaucoup soutenue et aimante, ce qui m&#039;a donn\u00e9 l&#039;espoir de surmonter mon probl\u00e8me. Je suis aussi all\u00e9 voir un sexologue pour mon probl\u00e8me. Cela n&#039;a pas fonctionn\u00e9. Au bout d&#039;un moment, je commen\u00e7ais \u00e0 faire du porno sur Internet, en le gardant secret pour ma petite amie, jusqu&#039;\u00e0 ce qu&#039;elle d\u00e9couvre que je me sentais oblig\u00e9 d&#039;avouer, et j&#039;ai pris de nouvelles r\u00e9solutions pour arr\u00eater cette fois pour de vrai. Jusqu&#039;\u00e0 la prochaine vague d&#039;actes secrets, de d\u00e9couvertes, de promesses, etc, etc, \u00e0 l&#039;infini.&nbsp;<\/p>\n\n\n\n<p>De nouvelles choses que j&#039;ai essay\u00e9es : un tout nouvel ordinateur portable propre. C&#039;est s\u00fbr que je ne vais pas polluer une machine aussi vierge, \u00e7a me sauvera. Ce n&#039;est pas le cas. Ensuite, j&#039;ai essay\u00e9 les contr\u00f4les parentaux. J&#039;ai bloqu\u00e9 certains sites internet, des sites avec des mots cl\u00e9s particuliers, et des acc\u00e8s le soir et la nuit. J&#039;ai gard\u00e9 le mot de passe \u00e0 un endroit diff\u00e9rent. C&#039;\u00e9tait tr\u00e8s g\u00eanant. Je me souviens qu&#039;\u00e0 un moment donn\u00e9, je travaillais sur l&#039;ordinateur avec un coll\u00e8gue et que nous devions regarder quelque chose sur l&#039;intranet. Cependant, ce contr\u00f4le parent bloquait le site Web, donc cet avertissement stupide de contr\u00f4le parent est apparu. J&#039;ai d\u00fb expliquer \u00e0 mon coll\u00e8gue que je ne pouvais pas acc\u00e9der au site maintenant. Bien s\u00fbr, toutes ces choses de contr\u00f4le parental \u00e9taient mon propre plan, et je l&#039;ai gard\u00e9 compl\u00e8tement secret du reste du monde. Je me sentais tr\u00e8s g\u00ean\u00e9 et honteux \u00e0 ce sujet. De plus, parfois, j&#039;avais besoin de faire une exception et je cherchais le mot de passe, \u00e0 des moments que je d\u00e9cidais bien s\u00fbr. La cons\u00e9quence \u00e9tait que je continuais \u00e0 rechuter avec les crises de boulimie sur Internet, car \u00e0 un moment donn\u00e9, j&#039;ai commenc\u00e9 \u00e0 me souvenir du mot de passe par c\u0153ur. J&#039;ai \u00e9galement r\u00e9ussi \u00e0 trouver des moyens de contourner le filtre Internet. Dans l&#039;ensemble, cela n&#039;a pas fonctionn\u00e9 et cela n&#039;a fait que cr\u00e9er du stress. De nos jours, je vois ces filtres Internet de contr\u00f4le parental comme un autre moyen de contr\u00f4ler ma d\u00e9pendance, juste une autre fa\u00e7on de le faire \u00e0 ma fa\u00e7on. Maintenant, en r\u00e9cup\u00e9ration, je n&#039;utilise plus les contr\u00f4les parent ni les filtres Internet. Je me sens beaucoup plus en s\u00e9curit\u00e9 et plus d\u00e9tendu sans eux.<\/p>\n\n\n\n<p>Ici, je dois mentionner que mes tentatives pour contr\u00f4ler Internet n&#039;\u00e9taient pas seulement li\u00e9es \u00e0 l&#039;arr\u00eat de regarder du porno. Au travail, je ne regardais pas de porno sur mon ordinateur, mais je regardais quand m\u00eame beaucoup de blogs, de vid\u00e9os et d&#039;articles d&#039;actualit\u00e9. Souvent, je passais plus d&#039;heures de travail \u00e0 surfer sur Internet qu&#039;\u00e0 travailler.&nbsp;<\/p>\n\n\n\n<p>En fin de compte, apr\u00e8s dix ans de d\u00e9pendance \u00e0 Internet et au porno, ma vie s&#039;est effondr\u00e9e. J&#039;\u00e9tais suicidaire, ma relation \u00e9tait un cauchemar et j&#039;ai m\u00eame contact\u00e9 la police. Je me suis rendu compte que je me dirigeais vers l&#039;un des trois C : les \u00e9tablissements correctionnels, la clinique psychiatrique ou le cimeti\u00e8re.&nbsp;<\/p>\n\n\n\n<p>Heureusement, gr\u00e2ce \u00e0 une ligne d&#039;assistance, je suis entr\u00e9 dans une r\u00e9cup\u00e9ration en douze \u00e9tapes pour la d\u00e9pendance sexuelle et je me suis compl\u00e8tement lanc\u00e9 dedans. J&#039;ai abandonn\u00e9 mon travail et j&#039;ai emm\u00e9nag\u00e9 avec ma m\u00e8re juste pour me concentrer pleinement sur mon r\u00e9tablissement. Au cours de mes deux premi\u00e8res ann\u00e9es de r\u00e9cup\u00e9ration, je n&#039;avais pas mon propre ordinateur. Le premier semestre, j&#039;utilisais parfois l&#039;ordinateur de ma m\u00e8re dont elle avait le mot de passe, et j&#039;utilisais aussi les ordinateurs de la biblioth\u00e8que publique. Je pense que cette p\u00e9riode m&#039;a \u00e9norm\u00e9ment aid\u00e9 \u00e0 me retirer de ma d\u00e9pendance au porno.&nbsp;<\/p>\n\n\n\n<p>Apr\u00e8s six mois, j&#039;ai retrouv\u00e9 un emploi et j&#039;ai d\u00e9m\u00e9nag\u00e9 dans mon propre logement, toujours sans ordinateur ni Internet \u00e0 la maison. Mais maintenant, je pouvais aussi utiliser Internet au travail. Au d\u00e9but, cela a bien fonctionn\u00e9 et j&#039;ai essay\u00e9 d&#039;utiliser Internet au travail \u00e0 des fins professionnelles, mais lentement, j&#039;ai \u00e9galement pass\u00e9 de plus en plus de temps \u00e0 des fins non li\u00e9es au travail. Et j&#039;ai parfois eu des crises de boulimie au travail, dans lesquelles j&#039;ai arr\u00eat\u00e9 de travailler et j&#039;ai commenc\u00e9 \u00e0 surfer sur Internet pour le reste de la journ\u00e9e de travail.&nbsp;<\/p>\n\n\n\n<p>J&#039;en ai discut\u00e9 avec mon parrain, et il m&#039;a sugg\u00e9r\u00e9 de reprendre un ordinateur et Internet \u00e0 la maison. Je l&#039;ai fait. C&#039;\u00e9tait effrayant au d\u00e9but, mais cela a tr\u00e8s bien fonctionn\u00e9. Plus important encore, mes envies de regarder du porno sur mon ordinateur avaient disparu. Je consid\u00e8re toujours cela comme l&#039;un des miracles du r\u00e9tablissement. Je suis reconnaissant \u00e0 mon parrain d&#039;avoir insist\u00e9 pour que je n&#039;utilise pas de filtres Internet ou d&#039;applications de contr\u00f4le du temps sur mon ordinateur. Dieu est mon filtre Internet et mon contr\u00f4le du temps, et si je veux que mon utilisation d&#039;Internet reste g\u00e9rable, je devrai compter sur ma puissance sup\u00e9rieure plut\u00f4t que sur des filtres Internet ou des contr\u00f4les parentaux. Cela dit, alors que je me r\u00e9tablissais de la d\u00e9pendance sexuelle, mon utilisation d&#039;Internet restait parfois ing\u00e9rable, tombant dans des crises de fr\u00e9n\u00e9sie Internet \u00e0 la maison ou au travail. Apr\u00e8s avoir d&#039;abord travaill\u00e9 sur d&#039;autres d\u00e9fauts de caract\u00e8re, cette chose Internet est devenue plus t\u00eatue \u00e0 r\u00e9soudre avec les \u00e9tapes six et sept seules.&nbsp;<\/p>\n\n\n\n<p>Avec elle, mon envie d&#039;arr\u00eater a augment\u00e9. J&#039;ai senti que mon r\u00e9tablissement \u00e9tait faux. J&#039;ai eu des crises de fr\u00e9n\u00e9sie sur Internet jusqu&#039;au bout de la nuit, totalement impuissant \u00e0 m&#039;arr\u00eater. C&#039;\u00e9tait exactement la m\u00eame chose qu&#039;avant que je me lance dans une r\u00e9cup\u00e9ration en douze \u00e9tapes, la seule diff\u00e9rence \u00e9tait qu&#039;il n&#039;y avait pas de porno impliqu\u00e9. Mon parrain m&#039;a sugg\u00e9r\u00e9 de rechercher un programme en douze \u00e9tapes pour la d\u00e9pendance \u00e0 Internet. Je l&#039;ai fait, et finalement un gars m&#039;a parl\u00e9 de l&#039;ITAA.&nbsp;<\/p>\n\n\n\n<p>Cependant, je ne voulais pas aller \u00e0 l&#039;ITAA. Je n&#039;avais aucune confiance qu&#039;aller \u00e0 l&#039;ITAA m&#039;aiderait. Enfin, une autre fr\u00e9n\u00e9sie Internet en d\u00e9cembre 2018 m&#039;a convaincu d&#039;appeler \u00e0 ma premi\u00e8re r\u00e9union ITAA.&nbsp;<\/p>\n\n\n\n<p>Cela a-t-il aid\u00e9? Vous pariez que oui.&nbsp;<\/p>\n\n\n\n<p>J&#039;ai \u00e9t\u00e9 vraiment surpris, mais il s&#039;est av\u00e9r\u00e9 que j&#039;avais vraiment besoin de l&#039;ITAA - je devais admettre que je suis un accro d&#039;Internet et de la technologie en appelant et en le disant \u00e0 haute voix \u00e0 d&#039;autres accros d&#039;Internet et de la technologie. Et j&#039;avais besoin d&#039;entendre les voix, les histoires de souffrance et de r\u00e9tablissement r\u00e9ussi, d&#039;autres accros \u00e0 Internet et \u00e0 la technologie. Oui, je suis accro \u00e0 Internet et \u00e0 la technologie. Je ne peux pas le contr\u00f4ler, et ma vie est ing\u00e9rable. J&#039;ai besoin d&#039;une puissance sup\u00e9rieure pour g\u00e9rer ma vie et des boursiers de l&#039;ITAA pour rester \u00e0 l&#039;\u00e9cart des fr\u00e9n\u00e9sie d&#039;Internet.&nbsp;<\/p>\n\n\n\n<p>Et le miracle est que depuis que j&#039;ai rejoint l&#039;ITAA, je n&#039;ai pas eu de fr\u00e9n\u00e9sie Internet grave (m\u00eame si j&#039;ai bri\u00e8vement d\u00e9pass\u00e9 mes r\u00e9sultats \u00e0 quelques reprises). Je sens que mon r\u00e9tablissement et ma vie ont atteint un nouveau niveau. Je suis tr\u00e8s reconnaissant pour cela.<\/p>\n<!-- PMB print buttons is only displayed on a single post\/page URLs-->","protected":false},"excerpt":{"rendered":"<p>PDF imprimable Mes parents \u00e9taient tr\u00e8s instruits et, dans les ann\u00e9es 1980, nous \u00e9tions l&#039;une des rares familles du quartier \u00e0 disposer d&#039;une t\u00e9l\u00e9vision et d&#039;un ordinateur \u00e0 la maison. Je me souviens que le week-end, je regardais l&#039;\u00e9mission de dessins anim\u00e9s matinaux de quatre heures destin\u00e9e aux enfants. J&#039;\u00e9tais aussi fascin\u00e9 par les ordinateurs. Comme un gamin \u2026 <a href=\"https:\/\/internetaddictsanonymous.org\/fr\/recovery-stories\/the-only-thing-that-worked\/\" class=\"more-link\">Lire la suite de <span class=\"screen-reader-text\">La seule chose qui a fonctionn\u00e9<\/span><\/a><\/p>","protected":false},"author":35194237,"featured_media":0,"parent":9835,"menu_order":0,"comment_status":"closed","ping_status":"closed","template":"full-width-page.php","meta":{"inline_featured_image":false,"_lmt_disableupdate":"","_lmt_disable":"","jetpack_post_was_ever_published":false,"footnotes":""},"tags":[],"class_list":["post-16769","page","type-page","status-publish","hentry"],"yoast_head":"<!-- This site is optimized with the Yoast SEO plugin v27.3 - https:\/\/yoast.com\/product\/yoast-seo-wordpress\/ -->\n<title>The Only Thing That Worked &#8211; Internet and Technology Addicts Anonymous<\/title>\n<meta name=\"robots\" content=\"index, follow, max-snippet:-1, max-image-preview:large, max-video-preview:-1\" \/>\n<link rel=\"canonical\" href=\"https:\/\/internetaddictsanonymous.org\/fr\/recits-de-guerison\/la-seule-chose-qui-a-fonctionne\/\" \/>\n<meta property=\"og:locale\" content=\"fr_FR\" \/>\n<meta property=\"og:type\" content=\"article\" \/>\n<meta property=\"og:title\" content=\"The Only Thing That Worked &#8211; Internet and Technology Addicts Anonymous\" \/>\n<meta property=\"og:description\" content=\"Printable PDF My parents were highly educated, and in the 1980s we were one of the few families in the neighborhood that had TV and computers at home. I remember that on the weekends I would watch the four hour morning cartoon show for children. I also was fascinated by the computers. As a kid &hellip; Lire la suite de The Only Thing That Worked\" \/>\n<meta property=\"og:url\" content=\"https:\/\/internetaddictsanonymous.org\/fr\/recits-de-guerison\/la-seule-chose-qui-a-fonctionne\/\" \/>\n<meta property=\"og:site_name\" content=\"Internet and Technology Addicts Anonymous\" \/>\n<meta property=\"article:modified_time\" content=\"2023-09-03T18:52:53+00:00\" \/>\n<meta name=\"twitter:card\" content=\"summary_large_image\" \/>\n<meta name=\"twitter:label1\" content=\"Dur\u00e9e de lecture estim\u00e9e\" \/>\n\t<meta name=\"twitter:data1\" content=\"7 minutes\" \/>\n<script type=\"application\/ld+json\" class=\"yoast-schema-graph\">{\"@context\":\"https:\\\/\\\/schema.org\",\"@graph\":[{\"@type\":\"WebPage\",\"@id\":\"https:\\\/\\\/internetaddictsanonymous.org\\\/recovery-stories\\\/the-only-thing-that-worked\\\/\",\"url\":\"https:\\\/\\\/internetaddictsanonymous.org\\\/recovery-stories\\\/the-only-thing-that-worked\\\/\",\"name\":\"The Only Thing That Worked &#8211; Internet and Technology Addicts Anonymous\",\"isPartOf\":{\"@id\":\"https:\\\/\\\/internetaddictsanonymous.org\\\/#website\"},\"datePublished\":\"2023-09-03T18:52:51+00:00\",\"dateModified\":\"2023-09-03T18:52:53+00:00\",\"breadcrumb\":{\"@id\":\"https:\\\/\\\/internetaddictsanonymous.org\\\/recovery-stories\\\/the-only-thing-that-worked\\\/#breadcrumb\"},\"inLanguage\":\"fr-FR\",\"potentialAction\":[{\"@type\":\"ReadAction\",\"target\":[\"https:\\\/\\\/internetaddictsanonymous.org\\\/recovery-stories\\\/the-only-thing-that-worked\\\/\"]}]},{\"@type\":\"BreadcrumbList\",\"@id\":\"https:\\\/\\\/internetaddictsanonymous.org\\\/recovery-stories\\\/the-only-thing-that-worked\\\/#breadcrumb\",\"itemListElement\":[{\"@type\":\"ListItem\",\"position\":1,\"name\":\"Home\",\"item\":\"https:\\\/\\\/internetaddictsanonymous.org\\\/\"},{\"@type\":\"ListItem\",\"position\":2,\"name\":\"Recovery Stories\",\"item\":\"https:\\\/\\\/internetaddictsanonymous.org\\\/recovery-stories\\\/\"},{\"@type\":\"ListItem\",\"position\":3,\"name\":\"The Only Thing That Worked\"}]},{\"@type\":\"WebSite\",\"@id\":\"https:\\\/\\\/internetaddictsanonymous.org\\\/#website\",\"url\":\"https:\\\/\\\/internetaddictsanonymous.org\\\/\",\"name\":\"Internet and Technology Addicts Anonymous\",\"description\":\"Worldwide 12-step Fellowship for Internet and Technology Addiction\",\"publisher\":{\"@id\":\"https:\\\/\\\/internetaddictsanonymous.org\\\/#organization\"},\"potentialAction\":[{\"@type\":\"SearchAction\",\"target\":{\"@type\":\"EntryPoint\",\"urlTemplate\":\"https:\\\/\\\/internetaddictsanonymous.org\\\/?s={search_term_string}\"},\"query-input\":{\"@type\":\"PropertyValueSpecification\",\"valueRequired\":true,\"valueName\":\"search_term_string\"}}],\"inLanguage\":\"fr-FR\"},{\"@type\":\"Organization\",\"@id\":\"https:\\\/\\\/internetaddictsanonymous.org\\\/#organization\",\"name\":\"Internet and Technology Addicts Anonymous\",\"url\":\"https:\\\/\\\/internetaddictsanonymous.org\\\/\",\"logo\":{\"@type\":\"ImageObject\",\"inLanguage\":\"fr-FR\",\"@id\":\"https:\\\/\\\/internetaddictsanonymous.org\\\/#\\\/schema\\\/logo\\\/image\\\/\",\"url\":\"https:\\\/\\\/internetaddictsanonymous.org\\\/wp-content\\\/uploads\\\/2023\\\/01\\\/cropped-ITAA-logo-480px.png\",\"contentUrl\":\"https:\\\/\\\/internetaddictsanonymous.org\\\/wp-content\\\/uploads\\\/2023\\\/01\\\/cropped-ITAA-logo-480px.png\",\"width\":480,\"height\":480,\"caption\":\"Internet and Technology Addicts Anonymous\"},\"image\":{\"@id\":\"https:\\\/\\\/internetaddictsanonymous.org\\\/#\\\/schema\\\/logo\\\/image\\\/\"}}]}<\/script>\n<!-- \/ Yoast SEO plugin. -->","yoast_head_json":{"title":"La seule chose qui a march\u00e9 - Internet and Technology Addicts Anonymous","robots":{"index":"index","follow":"follow","max-snippet":"max-snippet:-1","max-image-preview":"max-image-preview:large","max-video-preview":"max-video-preview:-1"},"canonical":"https:\/\/internetaddictsanonymous.org\/fr\/recits-de-guerison\/la-seule-chose-qui-a-fonctionne\/","og_locale":"fr_FR","og_type":"article","og_title":"The Only Thing That Worked &#8211; Internet and Technology Addicts Anonymous","og_description":"Printable PDF My parents were highly educated, and in the 1980s we were one of the few families in the neighborhood that had TV and computers at home. I remember that on the weekends I would watch the four hour morning cartoon show for children. I also was fascinated by the computers. As a kid &hellip; Lire la suite de The Only Thing That Worked","og_url":"https:\/\/internetaddictsanonymous.org\/fr\/recits-de-guerison\/la-seule-chose-qui-a-fonctionne\/","og_site_name":"Internet and Technology Addicts Anonymous","article_modified_time":"2023-09-03T18:52:53+00:00","twitter_card":"summary_large_image","twitter_misc":{"Dur\u00e9e de lecture estim\u00e9e":"7 minutes"},"schema":{"@context":"https:\/\/schema.org","@graph":[{"@type":"WebPage","@id":"https:\/\/internetaddictsanonymous.org\/recovery-stories\/the-only-thing-that-worked\/","url":"https:\/\/internetaddictsanonymous.org\/recovery-stories\/the-only-thing-that-worked\/","name":"La seule chose qui a march\u00e9 - Internet and Technology Addicts Anonymous","isPartOf":{"@id":"https:\/\/internetaddictsanonymous.org\/#website"},"datePublished":"2023-09-03T18:52:51+00:00","dateModified":"2023-09-03T18:52:53+00:00","breadcrumb":{"@id":"https:\/\/internetaddictsanonymous.org\/recovery-stories\/the-only-thing-that-worked\/#breadcrumb"},"inLanguage":"fr-FR","potentialAction":[{"@type":"ReadAction","target":["https:\/\/internetaddictsanonymous.org\/recovery-stories\/the-only-thing-that-worked\/"]}]},{"@type":"BreadcrumbList","@id":"https:\/\/internetaddictsanonymous.org\/recovery-stories\/the-only-thing-that-worked\/#breadcrumb","itemListElement":[{"@type":"ListItem","position":1,"name":"Home","item":"https:\/\/internetaddictsanonymous.org\/"},{"@type":"ListItem","position":2,"name":"Recovery Stories","item":"https:\/\/internetaddictsanonymous.org\/recovery-stories\/"},{"@type":"ListItem","position":3,"name":"The Only Thing That Worked"}]},{"@type":"WebSite","@id":"https:\/\/internetaddictsanonymous.org\/#website","url":"https:\/\/internetaddictsanonymous.org\/","name":"D\u00e9pendants \u00e0 Internet et aux technologies anonymes","description":"Communaut\u00e9 mondiale en 12 \u00e9tapes pour la d\u00e9pendance \u00e0 l'Internet et \u00e0 la technologie","publisher":{"@id":"https:\/\/internetaddictsanonymous.org\/#organization"},"potentialAction":[{"@type":"SearchAction","target":{"@type":"EntryPoint","urlTemplate":"https:\/\/internetaddictsanonymous.org\/?s={search_term_string}"},"query-input":{"@type":"PropertyValueSpecification","valueRequired":true,"valueName":"search_term_string"}}],"inLanguage":"fr-FR"},{"@type":"Organization","@id":"https:\/\/internetaddictsanonymous.org\/#organization","name":"D\u00e9pendants \u00e0 Internet et aux technologies anonymes","url":"https:\/\/internetaddictsanonymous.org\/","logo":{"@type":"ImageObject","inLanguage":"fr-FR","@id":"https:\/\/internetaddictsanonymous.org\/#\/schema\/logo\/image\/","url":"https:\/\/internetaddictsanonymous.org\/wp-content\/uploads\/2023\/01\/cropped-ITAA-logo-480px.png","contentUrl":"https:\/\/internetaddictsanonymous.org\/wp-content\/uploads\/2023\/01\/cropped-ITAA-logo-480px.png","width":480,"height":480,"caption":"Internet and Technology Addicts Anonymous"},"image":{"@id":"https:\/\/internetaddictsanonymous.org\/#\/schema\/logo\/image\/"}}]}},"jetpack_sharing_enabled":true,"jetpack_shortlink":"https:\/\/wp.me\/P9Fwob-4mt","_links":{"self":[{"href":"https:\/\/internetaddictsanonymous.org\/fr\/wp-json\/wp\/v2\/pages\/16769","targetHints":{"allow":["GET"]}}],"collection":[{"href":"https:\/\/internetaddictsanonymous.org\/fr\/wp-json\/wp\/v2\/pages"}],"about":[{"href":"https:\/\/internetaddictsanonymous.org\/fr\/wp-json\/wp\/v2\/types\/page"}],"author":[{"embeddable":true,"href":"https:\/\/internetaddictsanonymous.org\/fr\/wp-json\/wp\/v2\/users\/35194237"}],"replies":[{"embeddable":true,"href":"https:\/\/internetaddictsanonymous.org\/fr\/wp-json\/wp\/v2\/comments?post=16769"}],"version-history":[{"count":1,"href":"https:\/\/internetaddictsanonymous.org\/fr\/wp-json\/wp\/v2\/pages\/16769\/revisions"}],"predecessor-version":[{"id":16770,"href":"https:\/\/internetaddictsanonymous.org\/fr\/wp-json\/wp\/v2\/pages\/16769\/revisions\/16770"}],"up":[{"embeddable":true,"href":"https:\/\/internetaddictsanonymous.org\/fr\/wp-json\/wp\/v2\/pages\/9835"}],"wp:attachment":[{"href":"https:\/\/internetaddictsanonymous.org\/fr\/wp-json\/wp\/v2\/media?parent=16769"}],"wp:term":[{"taxonomy":"post_tag","embeddable":true,"href":"https:\/\/internetaddictsanonymous.org\/fr\/wp-json\/wp\/v2\/tags?post=16769"}],"curies":[{"name":"wp","href":"https:\/\/api.w.org\/{rel}","templated":true}]}}