{"id":17226,"date":"2023-12-03T15:15:07","date_gmt":"2023-12-03T20:15:07","guid":{"rendered":"https:\/\/internetaddictsanonymous.org\/?page_id=17226"},"modified":"2025-03-02T11:35:39","modified_gmt":"2025-03-02T19:35:39","slug":"criteres-du-point-de-lordre-du-jour-sur-lisme","status":"publish","type":"page","link":"https:\/\/internetaddictsanonymous.org\/fr\/ism-agenda-item-criteria\/","title":{"rendered":"Crit\u00e8res des points de l&#039;ordre du jour de l&#039;ISM"},"content":{"rendered":"<p>Tout membre de l&#039;ITAA peut soumettre un point \u00e0 l&#039;ordre du jour de nos r\u00e9unions de service internationales en envoyant un message via le <a href=\"https:\/\/internetaddictsanonymous.org\/fr\/contact\/\">formulaire de contact<\/a> aux secr\u00e9taires des r\u00e9unions de service international. Avant de soumettre un point \u00e0 l\u2019ordre du jour, nous vous encourageons \u00e0 garder les points suivants \u00e0 l\u2019esprit\u00a0:<\/p>\n\n\n\n<ul class=\"wp-block-list\">\n<li><strong>Sp\u00e9cifique: <\/strong>Les motions sont des propositions concr\u00e8tes d\u2019action ou de d\u00e9cision \u00e0 prendre. Ils pr\u00e9cisent g\u00e9n\u00e9ralement le \u00ab quoi \u00bb, le \u00ab qui \u00bb, le \u00ab quand \u00bb et le \u00ab o\u00f9 \u00bb. En d&#039;autres termes, la motion est sp\u00e9cifique sur ce qui est propos\u00e9, sur qui sera affect\u00e9 ou qui mettra en \u0153uvre la motion, sur le moment o\u00f9 la motion aura lieu et sur l&#039;endroit o\u00f9 la motion sera mise en \u0153uvre (par exemple, le sc\u00e9nario, le site Internet, etc).<\/li>\n\n\n\n<li><strong>Format\u00e9\u00a0: <\/strong>Les motions commencent g\u00e9n\u00e9ralement par les mots \u00ab \u00c0 \u00bb ou \u00ab Cela \u00bb. Un exemple de motion pourrait se lire comme suit\u00a0: <em>\u00ab\u00a0Motion\u00a0:\u00a0pour d\u00e9finir une limite de temps par d\u00e9faut de 2 minutes pour les partages pendant les ISM (bien que n&#039;importe qui puisse faire une motion pendant une ISM pour r\u00e9duire ou prolonger la limite de temps, ou la supprimer), et pour ajouter la ligne suivante au script ISM apr\u00e8s la section Rapports : \u00ab Quelqu&#039;un serait-il pr\u00eat \u00e0 se porter volontaire pour \u00eatre notre chronom\u00e9treur aujourd&#039;hui ? Nous aurons des partages de deux minutes avec un avertissement de 30 secondes.<\/em><\/li>\n\n\n\n<li><strong>Concis: <\/strong>Nous visons \u00e0 limiter les points de l\u2019ordre du jour \u00e0 moins de 150 mots.<\/li>\n\n\n\n<li><strong>Appropri\u00e9:<\/strong> Les points de l&#039;ordre du jour ne doivent pas briser l&#039;anonymat des autres membres, directement ou indirectement, ils ne doivent pas d\u00e9nigrer les autres membres de l&#039;ITAA, ils ne peuvent pas contenir de descriptions graphiques de violence ou de sujets sexuels, et ils ne peuvent pas comporter de discrimination.<\/li>\n<\/ul>\n\n\n\n<p>En plus de ces points, il nous est souvent utile de nous familiariser avec les <a href=\"https:\/\/internetaddictsanonymous.org\/fr\/12-etapes-de-litaa\/\">Douze Traditions<\/a>, en gardant \u00e0 l\u2019esprit que l\u2019ISM n\u2019est pas une autorit\u00e9 l\u00e9gislative mais op\u00e8re plut\u00f4t au service des groupes et de nos membres. Certaines motions (telles que la suggestion d&#039;une modification du site Web ou de l&#039;exemple de script de r\u00e9union) peuvent \u00e9galement \u00eatre mieux trait\u00e9es par l&#039;un des <a href=\"https:\/\/internetaddictsanonymous.org\/fr\/postes-de-service-ouverts\/\">nos commissions<\/a>.<\/p>\n\n\n\n<p>Veuillez noter que les points \u00e0 l&#039;ordre du jour n\u00e9cessiteront au moins 3 semaines avant d&#039;\u00eatre discut\u00e9s lors d&#039;une r\u00e9union ISM, et qu&#039;il peut donc s&#039;\u00e9couler plusieurs r\u00e9unions ISM avant que votre point \u00e0 l&#039;ordre du jour ne soit abord\u00e9.<\/p>\n<!-- PMB print buttons is only displayed on a single post\/page URLs-->","protected":false},"excerpt":{"rendered":"<p>Tout membre de l&#039;ITAA peut soumettre un point \u00e0 l&#039;ordre du jour de nos r\u00e9unions de service international en envoyant un message via le formulaire de contact aux secr\u00e9taires des r\u00e9unions de service international. Avant de soumettre un point \u00e0 l\u2019ordre du jour, nous vous encourageons \u00e0 garder les points suivants \u00e0 l\u2019esprit : En plus de ces points, nous trouvons souvent utile de familiariser\u2026 <a href=\"https:\/\/internetaddictsanonymous.org\/fr\/ism-agenda-item-criteria\/\" class=\"more-link\">Lire la suite de <span class=\"screen-reader-text\">Crit\u00e8res des points de l&#039;ordre du jour de l&#039;ISM<\/span><\/a><\/p>","protected":false},"author":35194237,"featured_media":0,"parent":0,"menu_order":0,"comment_status":"closed","ping_status":"closed","template":"full-width-page.php","meta":{"inline_featured_image":false,"_lmt_disableupdate":"","_lmt_disable":"","footnotes":""},"tags":[],"class_list":["post-17226","page","type-page","status-publish","hentry"],"yoast_head":"<!-- This site is optimized with the Yoast SEO plugin v27.5 - https:\/\/yoast.com\/product\/yoast-seo-wordpress\/ -->\n<title>ISM Agenda Item Criteria &#8211; Internet and Technology Addicts Anonymous<\/title>\n<meta name=\"robots\" content=\"index, follow, max-snippet:-1, max-image-preview:large, max-video-preview:-1\" \/>\n<link rel=\"canonical\" href=\"https:\/\/internetaddictsanonymous.org\/fr\/criteres-du-point-de-lordre-du-jour-sur-lisme\/\" \/>\n<meta property=\"og:locale\" content=\"fr_FR\" \/>\n<meta property=\"og:type\" content=\"article\" \/>\n<meta property=\"og:title\" content=\"ISM Agenda Item Criteria &#8211; Internet and Technology Addicts Anonymous\" \/>\n<meta property=\"og:description\" content=\"Any member of ITAA may submit an agenda item to our International Service Meetings by sending a message through the contact form to the International Service Meeting Secretaries. Before submitting an agenda item, we encourage you to keep the following points in mind: In addition to these points, we often find it helpful to familiarize &hellip; Lire la suite de ISM Agenda Item Criteria\" \/>\n<meta property=\"og:url\" content=\"https:\/\/internetaddictsanonymous.org\/fr\/criteres-du-point-de-lordre-du-jour-sur-lisme\/\" \/>\n<meta property=\"og:site_name\" content=\"Internet and Technology Addicts Anonymous\" \/>\n<meta property=\"article:modified_time\" content=\"2025-03-02T19:35:39+00:00\" \/>\n<meta name=\"twitter:card\" content=\"summary_large_image\" \/>\n<meta name=\"twitter:label1\" content=\"Dur\u00e9e de lecture estim\u00e9e\" \/>\n\t<meta name=\"twitter:data1\" content=\"2 minutes\" \/>\n<script type=\"application\/ld+json\" class=\"yoast-schema-graph\">{\"@context\":\"https:\\\/\\\/schema.org\",\"@graph\":[{\"@type\":\"WebPage\",\"@id\":\"https:\\\/\\\/internetaddictsanonymous.org\\\/ism-agenda-item-criteria\\\/\",\"url\":\"https:\\\/\\\/internetaddictsanonymous.org\\\/ism-agenda-item-criteria\\\/\",\"name\":\"ISM Agenda Item Criteria &#8211; Internet and Technology Addicts Anonymous\",\"isPartOf\":{\"@id\":\"https:\\\/\\\/internetaddictsanonymous.org\\\/#website\"},\"datePublished\":\"2023-12-03T20:15:07+00:00\",\"dateModified\":\"2025-03-02T19:35:39+00:00\",\"breadcrumb\":{\"@id\":\"https:\\\/\\\/internetaddictsanonymous.org\\\/ism-agenda-item-criteria\\\/#breadcrumb\"},\"inLanguage\":\"fr-FR\",\"potentialAction\":[{\"@type\":\"ReadAction\",\"target\":[\"https:\\\/\\\/internetaddictsanonymous.org\\\/ism-agenda-item-criteria\\\/\"]}]},{\"@type\":\"BreadcrumbList\",\"@id\":\"https:\\\/\\\/internetaddictsanonymous.org\\\/ism-agenda-item-criteria\\\/#breadcrumb\",\"itemListElement\":[{\"@type\":\"ListItem\",\"position\":1,\"name\":\"Home\",\"item\":\"https:\\\/\\\/internetaddictsanonymous.org\\\/\"},{\"@type\":\"ListItem\",\"position\":2,\"name\":\"ISM Agenda Item Criteria\"}]},{\"@type\":\"WebSite\",\"@id\":\"https:\\\/\\\/internetaddictsanonymous.org\\\/#website\",\"url\":\"https:\\\/\\\/internetaddictsanonymous.org\\\/\",\"name\":\"Internet and Technology Addicts Anonymous\",\"description\":\"Worldwide 12-step Fellowship for Internet and Technology Addiction\",\"publisher\":{\"@id\":\"https:\\\/\\\/internetaddictsanonymous.org\\\/#organization\"},\"potentialAction\":[{\"@type\":\"SearchAction\",\"target\":{\"@type\":\"EntryPoint\",\"urlTemplate\":\"https:\\\/\\\/internetaddictsanonymous.org\\\/?s={search_term_string}\"},\"query-input\":{\"@type\":\"PropertyValueSpecification\",\"valueRequired\":true,\"valueName\":\"search_term_string\"}}],\"inLanguage\":\"fr-FR\"},{\"@type\":\"Organization\",\"@id\":\"https:\\\/\\\/internetaddictsanonymous.org\\\/#organization\",\"name\":\"Internet and Technology Addicts Anonymous\",\"url\":\"https:\\\/\\\/internetaddictsanonymous.org\\\/\",\"logo\":{\"@type\":\"ImageObject\",\"inLanguage\":\"fr-FR\",\"@id\":\"https:\\\/\\\/internetaddictsanonymous.org\\\/#\\\/schema\\\/logo\\\/image\\\/\",\"url\":\"https:\\\/\\\/internetaddictsanonymous.org\\\/wp-content\\\/uploads\\\/2023\\\/01\\\/cropped-ITAA-logo-480px.png\",\"contentUrl\":\"https:\\\/\\\/internetaddictsanonymous.org\\\/wp-content\\\/uploads\\\/2023\\\/01\\\/cropped-ITAA-logo-480px.png\",\"width\":480,\"height\":480,\"caption\":\"Internet and Technology Addicts Anonymous\"},\"image\":{\"@id\":\"https:\\\/\\\/internetaddictsanonymous.org\\\/#\\\/schema\\\/logo\\\/image\\\/\"}}]}<\/script>\n<!-- \/ Yoast SEO plugin. -->","yoast_head_json":{"title":"Crit\u00e8res des points de l&#039;ordre du jour de l&#039;ISM \u2013 Addicts \u00e0 Internet et \u00e0 la technologie anonymes","robots":{"index":"index","follow":"follow","max-snippet":"max-snippet:-1","max-image-preview":"max-image-preview:large","max-video-preview":"max-video-preview:-1"},"canonical":"https:\/\/internetaddictsanonymous.org\/fr\/criteres-du-point-de-lordre-du-jour-sur-lisme\/","og_locale":"fr_FR","og_type":"article","og_title":"ISM Agenda Item Criteria &#8211; Internet and Technology Addicts Anonymous","og_description":"Any member of ITAA may submit an agenda item to our International Service Meetings by sending a message through the contact form to the International Service Meeting Secretaries. Before submitting an agenda item, we encourage you to keep the following points in mind: In addition to these points, we often find it helpful to familiarize &hellip; Lire la suite de ISM Agenda Item Criteria","og_url":"https:\/\/internetaddictsanonymous.org\/fr\/criteres-du-point-de-lordre-du-jour-sur-lisme\/","og_site_name":"Internet and Technology Addicts Anonymous","article_modified_time":"2025-03-02T19:35:39+00:00","twitter_card":"summary_large_image","twitter_misc":{"Dur\u00e9e de lecture estim\u00e9e":"2 minutes"},"schema":{"@context":"https:\/\/schema.org","@graph":[{"@type":"WebPage","@id":"https:\/\/internetaddictsanonymous.org\/ism-agenda-item-criteria\/","url":"https:\/\/internetaddictsanonymous.org\/ism-agenda-item-criteria\/","name":"Crit\u00e8res des points de l&#039;ordre du jour de l&#039;ISM \u2013 Addicts \u00e0 Internet et \u00e0 la technologie anonymes","isPartOf":{"@id":"https:\/\/internetaddictsanonymous.org\/#website"},"datePublished":"2023-12-03T20:15:07+00:00","dateModified":"2025-03-02T19:35:39+00:00","breadcrumb":{"@id":"https:\/\/internetaddictsanonymous.org\/ism-agenda-item-criteria\/#breadcrumb"},"inLanguage":"fr-FR","potentialAction":[{"@type":"ReadAction","target":["https:\/\/internetaddictsanonymous.org\/ism-agenda-item-criteria\/"]}]},{"@type":"BreadcrumbList","@id":"https:\/\/internetaddictsanonymous.org\/ism-agenda-item-criteria\/#breadcrumb","itemListElement":[{"@type":"ListItem","position":1,"name":"Home","item":"https:\/\/internetaddictsanonymous.org\/"},{"@type":"ListItem","position":2,"name":"ISM Agenda Item Criteria"}]},{"@type":"WebSite","@id":"https:\/\/internetaddictsanonymous.org\/#website","url":"https:\/\/internetaddictsanonymous.org\/","name":"D\u00e9pendants \u00e0 Internet et aux technologies anonymes","description":"Communaut\u00e9 mondiale en 12 \u00e9tapes pour la d\u00e9pendance \u00e0 l'Internet et \u00e0 la technologie","publisher":{"@id":"https:\/\/internetaddictsanonymous.org\/#organization"},"potentialAction":[{"@type":"SearchAction","target":{"@type":"EntryPoint","urlTemplate":"https:\/\/internetaddictsanonymous.org\/?s={search_term_string}"},"query-input":{"@type":"PropertyValueSpecification","valueRequired":true,"valueName":"search_term_string"}}],"inLanguage":"fr-FR"},{"@type":"Organization","@id":"https:\/\/internetaddictsanonymous.org\/#organization","name":"D\u00e9pendants \u00e0 Internet et aux technologies anonymes","url":"https:\/\/internetaddictsanonymous.org\/","logo":{"@type":"ImageObject","inLanguage":"fr-FR","@id":"https:\/\/internetaddictsanonymous.org\/#\/schema\/logo\/image\/","url":"https:\/\/internetaddictsanonymous.org\/wp-content\/uploads\/2023\/01\/cropped-ITAA-logo-480px.png","contentUrl":"https:\/\/internetaddictsanonymous.org\/wp-content\/uploads\/2023\/01\/cropped-ITAA-logo-480px.png","width":480,"height":480,"caption":"Internet and Technology Addicts Anonymous"},"image":{"@id":"https:\/\/internetaddictsanonymous.org\/#\/schema\/logo\/image\/"}}]}},"jetpack_sharing_enabled":true,"jetpack_shortlink":"https:\/\/wp.me\/P9Fwob-4tQ","_links":{"self":[{"href":"https:\/\/internetaddictsanonymous.org\/fr\/wp-json\/wp\/v2\/pages\/17226","targetHints":{"allow":["GET"]}}],"collection":[{"href":"https:\/\/internetaddictsanonymous.org\/fr\/wp-json\/wp\/v2\/pages"}],"about":[{"href":"https:\/\/internetaddictsanonymous.org\/fr\/wp-json\/wp\/v2\/types\/page"}],"author":[{"embeddable":true,"href":"https:\/\/internetaddictsanonymous.org\/fr\/wp-json\/wp\/v2\/users\/35194237"}],"replies":[{"embeddable":true,"href":"https:\/\/internetaddictsanonymous.org\/fr\/wp-json\/wp\/v2\/comments?post=17226"}],"version-history":[{"count":17,"href":"https:\/\/internetaddictsanonymous.org\/fr\/wp-json\/wp\/v2\/pages\/17226\/revisions"}],"predecessor-version":[{"id":19391,"href":"https:\/\/internetaddictsanonymous.org\/fr\/wp-json\/wp\/v2\/pages\/17226\/revisions\/19391"}],"wp:attachment":[{"href":"https:\/\/internetaddictsanonymous.org\/fr\/wp-json\/wp\/v2\/media?parent=17226"}],"wp:term":[{"taxonomy":"post_tag","embeddable":true,"href":"https:\/\/internetaddictsanonymous.org\/fr\/wp-json\/wp\/v2\/tags?post=17226"}],"curies":[{"name":"wp","href":"https:\/\/api.w.org\/{rel}","templated":true}]}}