{"id":17595,"date":"2024-02-18T19:47:54","date_gmt":"2024-02-19T00:47:54","guid":{"rendered":"https:\/\/internetaddictsanonymous.org\/?page_id=17595"},"modified":"2026-04-23T15:20:14","modified_gmt":"2026-04-23T22:20:14","slug":"etats-unis-ca","status":"publish","type":"page","link":"https:\/\/internetaddictsanonymous.org\/fr\/in-person-meetings\/usa-ca\/","title":{"rendered":"ITAA en Californie, \u00c9tats-Unis"},"content":{"rendered":"<p>Bienvenue \u00e0 Internet and Technology Addicts Anonymous ! Nous sommes heureux que vous nous ayez trouv\u00e9s et nous esp\u00e9rons que notre communaut\u00e9 vous sera aussi utile qu'elle l'a \u00e9t\u00e9 pour nous.<strong> <mark style=\"background-color:rgba(0, 0, 0, 0)\" class=\"has-inline-color has-dark-gray-color\">L'ITAA est une association en douze \u00e9tapes regroupant des personnes qui s'entraident pour se r\u00e9tablir de leur d\u00e9pendance \u00e0 l'internet et aux technologies.<\/mark><\/strong> Il s'agit notamment de la d\u00e9pendance aux m\u00e9dias sociaux, aux smartphones, aux contenus vid\u00e9o ou audio en continu, aux jeux, aux actualit\u00e9s, \u00e0 la pornographie, aux applications de rencontres, aux recherches en ligne, aux achats en ligne ou \u00e0 toute autre activit\u00e9 num\u00e9rique qui devient compulsive et probl\u00e9matique.&nbsp;<\/p>\n\n\n\n<h4 class=\"wp-block-heading has-text-align-center\">~ <em><strong>En Californie du Nord <\/strong><\/em>~<\/h4>\n\n\n\n<h3 class=\"wp-block-heading\">R\u00e9unions \u00e0 Chico (potentielles)<\/h3>\n\n\n\n<p>Si vous souhaitez entrer en contact avec d&#039;autres membres de l&#039;ITAA \u00e0 Chico, en Californie, veuillez nous contacter \u00e0 l&#039;adresse \u00e9lectronique indiqu\u00e9e.<br>Contact: <a href=\"mailto:Chico.ITAA@gmail.com\" target=\"_blank\" rel=\"noreferrer noopener\">Chico.ITAA@gmail.com<\/a><\/p>\n\n\n\n<h3 class=\"wp-block-heading\">R\u00e9unions \u00e0 South Bay (Sunnyvale)<\/h3>\n\n\n\n<p>Quand : Les jeudis, de 18h30 \u00e0 19h30<br>O\u00f9 : Biblioth\u00e8que de Sunnyvale<br>WhatsApp (principal)\u00a0: Contactez-nous au num\u00e9ro de t\u00e9l\u00e9phone ci-dessous pour obtenir un lien d\u2019invitation\u00a0! <br>T\u00e9l\u00e9phone (Aye Bea) : 408-507-3975 (n&#039;h\u00e9sitez pas \u00e0 nous envoyer un SMS ou \u00e0 nous appeler directement si vous avez du mal \u00e0 nous trouver !) <br>Email: <a href=\"mailto:southbay.itaa@gmail.com\">southbay.itaa@gmail.com<\/a> (D\u00e9lai de r\u00e9ponse pouvant aller jusqu&#039;\u00e0 24 heures).<\/p>\n\n\n\n<p>\u00c0 propos de ce chapitre\u00a0: Nous souhaitons cr\u00e9er un espace accueillant et informel o\u00f9 chacun peut partager ses difficult\u00e9s, ses progr\u00e8s ou ses r\u00e9flexions sur la d\u00e9pendance aux technologies, c\u2019est-\u00e0-dire toute activit\u00e9 num\u00e9rique qui devient compulsive et probl\u00e9matique. Vos suggestions et commentaires sont toujours les bienvenus\u00a0! <\/p>\n\n\n\n<h3 class=\"wp-block-heading\">R\u00e9unions \u00e0 Berkeley<\/h3>\n\n\n\n<p>Quand : Dimanche, de 1 \u00e0 2 heures<br>O\u00f9 : Berkeley Unitarian Universalist Church, 1606 Bonita Ave, Berkeley, CA<br>Contact:&nbsp;<a href=\"mailto:nolan.s.itaa@gmail.com\" target=\"_blank\" rel=\"noreferrer noopener\">nolan.s.itaa@gmail.com<\/a><\/p>\n\n\n\n<h3 class=\"wp-block-heading\">R\u00e9unions \u00e0 San Francisco<\/h3>\n\n\n\n<p>Quand : Les samedis, de 13h \u00e0 14h.<br>Lieu\u00a0: Premi\u00e8re \u00e9glise et centre unitarien universaliste (UUSF), 1187, rue Franklin, San Francisco, Californie<br>Salle : La Salle Fahs<br>Informations compl\u00e9mentaires\u00a0: Veuillez sonner \u00e0 la porte vitr\u00e9e situ\u00e9e apr\u00e8s les marches d\u2019entr\u00e9e (et non \u00e0 la porte en bois). Une fois \u00e0 l\u2019int\u00e9rieur, tournez \u00e0 gauche et suivez le couloir qui longe la cour jusqu\u2019au bout. La salle Fahs se trouve tout au fond \u00e0 gauche, apr\u00e8s la chapelle. Si la porte est ferm\u00e9e, n\u2019h\u00e9sitez pas \u00e0 entrer\u00a0! Nous serons ravis de vous accueillir.<br>Contact\u00a0: Tom\u00e1s K, tomask.itaa@gmail.com, +353 917 725 2192 (n\u2019h\u00e9sitez pas \u00e0 appeler directement si vous avez des difficult\u00e9s \u00e0 trouver la chambre)<\/p>\n\n\n\n<h4 class=\"wp-block-heading\">R\u00e9unions \u00e0 Yuba City<\/h4>\n\n\n\n<p>Quand : Les premiers samedis du mois, de 13h \u00e0 14h<br>Lieu\u00a0: Feather River Parkway, Yuba City, Californie<br>Contact:&nbsp;<a href=\"mailto:graham.recovery.in.itaa@gmail.com\" target=\"_blank\" rel=\"noreferrer noopener\">ITAA.NorCal@gmail.com<\/a><\/p>\n\n\n\n<p>Venez passer du temps avec un petit groupe soud\u00e9 qui se soutient mutuellement pour se r\u00e9tablir un jour \u00e0 la fois.<\/p>\n\n\n\n<p>Cette r\u00e9union est ouverte \u00e0 tous. Nous demandons aux participants de respecter son objectif principal\u00a0: transmettre un message de gu\u00e9rison aux personnes souffrant de d\u00e9pendance \u00e0 Internet et aux technologies.<\/p>\n\n\n\n<h4 class=\"wp-block-heading has-text-align-center\">~ <strong><em>En Californie du Sud<\/em><\/strong> ~<\/h4>\n\n\n\n<h3 class=\"wp-block-heading\">R\u00e9unions \u00e0 Los Angeles, Californie<\/h3>\n\n\n\n<h4 class=\"wp-block-heading\">\u201cR\u00e9union de l&#039;ITAA d&#039;Hollywood \u201d\u00a0\u00c9tape 11 \u00e0 11h11\u00a0\u00bb<\/h4>\n\n\n\n<p>Quand : Le samedi de 11h00 \u00e0 12h30<br>Lieu : Plummer Park, 7377 Santa Monica Blvd, West Hollywood, CA 90046<br>Email:&nbsp;<a href=\"mailto:Hollywood.ITAA@gmail.com\" target=\"_blank\" rel=\"noreferrer noopener\">Hollywood.ITAA@gmail.com<\/a><br>Signal: <a href=\"https:\/\/signal.group\/#CjQKIH-GZ6WbWSa6lwfAKdOepX8k4djVGaUHOwAdyez5Cu5eEhCnuuYB18fbYFqkoxdGW3hp\" target=\"_blank\" rel=\"noreferrer noopener\">https:\/\/signal.group\/#CjQKIH-GZ6WbWSa6lwfAKdOepX8k4djVGaUHOwAdyez5Cu5eEhCnuuYB18fbYFqkoxdGW3hp<\/a><\/p>\n\n\n\n<p>Cette r\u00e9union est ouverte \u00e0 tous. Nous demandons aux participants de respecter son objectif principal\u00a0: transmettre un message de gu\u00e9rison aux personnes souffrant de d\u00e9pendance \u00e0 Internet et aux technologies.<\/p>\n\n\n\n<p>Lieu exact\u00a0: Nous nous retrouvons sur la pelouse situ\u00e9e juste au sud des courts de tennis. Les coordonn\u00e9es GPS exactes sont\u00a0:&nbsp;<br>(34.0929888, -118.3514780).<\/p>\n\n\n\n<p>Stationnement\u00a0: Le stationnement est gratuit pendant 3\u00a0heures pour les visiteurs du parc, au nord et au sud. Il est \u00e9galement possible de se garer dans la rue, mais veuillez respecter les restrictions de stationnement en vigueur dans la ville.<\/p>\n\n\n\n<p>Informations compl\u00e9mentaires :<br>1) N&#039;h\u00e9sitez pas \u00e0 nous contacter par e-mail ou via le groupe WhatsApp si vous avez des questions, mais compte tenu de la nature de la r\u00e9union en ext\u00e9rieur, les arriv\u00e9es spontan\u00e9es sont \u00e9galement les bienvenues.<\/p>\n\n\n\n<p>2) Veuillez arriver avant 11h00 et assurez-vous de tenir compte du temps de stationnement. La r\u00e9union commence \u00e0 11h11, apr\u00e8s quoi l&#039;admission \u00e0 la r\u00e9union sera ferm\u00e9e jusqu&#039;\u00e0 ce que la partie de partage commence apr\u00e8s la m\u00e9ditation vers 12h. Si vous arrivez pendant cette p\u00e9riode, merci d&#039;appeler la personne contact et vous serez admis apr\u00e8s la m\u00e9ditation.<\/p>\n\n\n\n<p>3) De plus, veuillez apporter votre propre chaise ou couverture si vous pr\u00e9f\u00e9rez ne pas vous asseoir sur l&#039;herbe. Des am\u00e9nagements pourront \u00eatre pr\u00e9vus si vous n&#039;en avez pas.<\/p>\n\n\n\n<p><\/p>\n\n\n\n<h4 class=\"wp-block-heading\">R\u00e9unions \u00e0 Pasadena<\/h4>\n\n\n\n<p>Quand : Les jeudis \u00e0 11h00<br>Lieu\u00a0: Central Park, Pasadena. Veuillez arriver cinq minutes \u00e0 l\u2019avance pour nous retrouver \u00e0 la fontaine de la National Humane Alliance, \u00e0 l\u2019angle de Raymond Ave et E Dayton Street. Nous nous installerons \u00e0 l\u2019ombre de grands arbres\u00a0; n\u2019h\u00e9sitez pas \u00e0 apporter une chaise, une serviette ou une couverture.<br>Contact:&nbsp;<a href=\"mailto:mishainla.itaa@gmail.com\" target=\"_blank\" rel=\"noreferrer noopener\">mishainla.itaa@gmail.com<\/a><br><\/p>\n\n\n\n<p>Informations compl\u00e9mentaires :<br>1) Il est possible de se garer dans les rues E Dayton Street, S Raymond Ave et Fair Oaks Avenue au tarif de 1,25 \u00a3 par heure. Un parking couvert est \u00e9galement disponible au tarif de 1,00 \u00a3 pour 90 minutes au parking de la station Del Mar (230 S Raymond Ave). Si vous empruntez le m\u00e9tro, la ligne A (ligne bleue) dessert cette station Del Mar situ\u00e9e \u00e0 proximit\u00e9.<br>2) Cette r\u00e9union est rarement, mais il arrive qu&#039;elle soit annul\u00e9e ou d\u00e9plac\u00e9e en raison des conditions m\u00e9t\u00e9orologiques. Il est conseill\u00e9 aux nouveaux participants, sans que cela soit obligatoire, de se signaler \u00e0 Misha avant d&#039;y assister.&nbsp;<a href=\"mailto:mishainla.itaa@gmail.com\" target=\"_blank\" rel=\"noreferrer noopener\">mishainla.itaa@gmail.com<\/a><\/p>\n\n\n\n<h4 class=\"wp-block-heading\">R\u00e9union d&#039;\u00e9tude du Grand Livre \u00e0 Santa Monica<\/h4>\n\n\n\n<p>Remarque\u00a0: Nous testons actuellement de nouveaux emplacements \u00e0 proximit\u00e9. Il se peut donc que nous ne soyons pas pr\u00e9sents dans ce caf\u00e9 chaque semaine. Veuillez envoyer un SMS \u00e0 Evan au (424) 392-9023 pour conna\u00eetre le lieu et l\u2019heure exacts.<\/p>\n\n\n\n<p>Quand : Les mercredis soirs de 17h30 \u00e0 18h30<br>Adresse : 3301 Pico Blvd, Santa Monica, CA 90405 (entr\u00e9e sur Urban Ave)<\/p>\n\n\n\n<p>Cette r\u00e9union est ouverte \u00e0 tous. Nous demandons aux participants de respecter son objectif principal\u00a0: transmettre un message de gu\u00e9rison aux personnes souffrant de d\u00e9pendance \u00e0 Internet et aux technologies.<\/p>\n\n\n\n<p>Format\u00a0: Il s\u2019agit d\u2019une r\u00e9union d\u2019\u00e9tude litt\u00e9raire et de partage. Nous lisons des extraits du Grand Livre des Alcooliques Anonymes et \u00e9changeons sur notre lecture ou sur tout autre sujet qui nous pr\u00e9occupe.<\/p>\n\n\n\n<p>Cette r\u00e9union se tiendra dans un caf\u00e9 situ\u00e9 au coin de la rue \u2014 l&#039;entr\u00e9e se trouve sur Urban Ave. Le stationnement se fait dans la rue, veuillez respecter les restrictions de stationnement.<\/p>\n\n\n\n<p>Contact: <a href=\"mailto:Westside.ITAA@gmail.com\" target=\"_blank\" rel=\"noreferrer noopener\">Westside.ITAA@gmail.com<\/a>.<\/p>\n\n\n\n<p class=\"has-text-align-center\">-~-<\/p>\n\n\n\n<h3 class=\"wp-block-heading\">R\u00e9unions suppl\u00e9mentaires<\/h3>\n\n\n\n<p>Si vous \u00eates nouveau, nous vous encourageons \u00e0 essayer d'assister \u00e0 six r\u00e9unions sur une courte p\u00e9riode pour voir si notre programme peut vous \u00eatre utile. En plus de notre r\u00e9union locale en personne, vous pouvez \u00e9galement consulter notre site web. <a href=\"https:\/\/internetaddictsanonymous.org\/fr\/reunions-locales-sur-la-toxicomanie\/\">autres r\u00e9unions en personne<\/a> et un <a href=\"https:\/\/internetaddictsanonymous.org\/fr\/reunions-en-ligne\/\">calendrier complet des r\u00e9unions en ligne<\/a>. Toutes les r\u00e9unions sont enti\u00e8rement gratuites et anonymes.<\/p>\n\n\n\n<h3 class=\"wp-block-heading\"><strong>Comment fonctionnent les r\u00e9unions?<\/strong><\/h3>\n\n\n\n<p>Si c'est la premi\u00e8re fois que vous participez \u00e0 une r\u00e9union, il n'y a pas lieu d'\u00eatre nerveux. La plupart de nos r\u00e9unions sont tr\u00e8s simples ; chaque r\u00e9union a un pr\u00e9sident qui dirige la r\u00e9union, et la plupart des r\u00e9unions durent une heure. Le pr\u00e9sident et d'autres b\u00e9n\u00e9voles lisent quelques d\u00e9clarations pr\u00e9liminaires, avant d'ouvrir la r\u00e9union aux membres pour qu'ils partagent leurs points de vue. Il n'est pas n\u00e9cessaire de partager, et il n'y a pas de mal \u00e0 se contenter d'\u00e9couter. Si vous vous sentez \u00e0 l'aise, vous pouvez vous pr\u00e9senter et dire ce qui vous a amen\u00e9 \u00e0 l'ITAA. \u00c0 moins que le membre qui partage ne le demande, nous n'offrons pas de suggestions ou de commentaires en r\u00e9ponse aux partages des autres ; nous \u00e9coutons simplement sans porter de jugement. Au bout d'une heure, la r\u00e9union se termine par une d\u00e9claration de cl\u00f4ture, apr\u00e8s quoi les membres discutent g\u00e9n\u00e9ralement de mani\u00e8re d\u00e9contract\u00e9e, posent des questions et \u00e9changent leurs coordonn\u00e9es.<\/p>\n\n\n\n<h3 class=\"wp-block-heading\">Ressources sur l'Internet et la d\u00e9pendance \u00e0 la technologie<\/h3>\n\n\n\n<p>Si vous vous demandez si vous souffrez d'une d\u00e9pendance \u00e0 l'internet et \u00e0 la technologie, vous pouvez consulter nos questionnaires sur les sujets suivants <a href=\"https:\/\/internetaddictsanonymous.org\/fr\/dependance-a-linternet-et-a-la-technologie\/\">d\u00e9pendance \u00e0 l'internet<\/a>, <a href=\"https:\/\/internetaddictsanonymous.org\/fr\/dependance-a-linternet-et-a-la-technologie\/la-dependance-aux-medias-sociaux\/\">la d\u00e9pendance aux m\u00e9dias sociaux<\/a>, <a href=\"https:\/\/internetaddictsanonymous.org\/fr\/dependance-a-linternet\/dependance-au-streaming\/\">d\u00e9pendance au streaming<\/a>, <a href=\"https:\/\/internetaddictsanonymous.org\/fr\/dependance-a-linternet-et-a-la-technologie\/dependance-au-telephone\/\">d\u00e9pendance au t\u00e9l\u00e9phone<\/a>ou <a href=\"https:\/\/internetaddictsanonymous.org\/fr\/dependance-a-linternet-et-a-la-technologie\/dependance-aux-jeux-video\/\">d\u00e9pendance aux jeux vid\u00e9o<\/a>. Vous pouvez \u00e9galement en savoir plus sur l'ITAA en lisant nos&nbsp;<a href=\"https:\/\/internetaddictsanonymous.org\/fr\/guide-pour-les-nouveaux-arrivants\/\">guide pour les nouveaux arrivants<\/a>en passant en revue notre <a href=\"https:\/\/internetaddictsanonymous.org\/fr\/ressources\/les-outils-de-la-relance\/\">les outils de la relance<\/a>ou en \u00e9coutant <a href=\"https:\/\/internetaddictsanonymous.org\/fr\/recits-de-guerison\/\">histoires de r\u00e9tablissement des membres<\/a>.<\/p>\n\n\n\n<p>L'ITAA n'est affili\u00e9e \u00e0 aucun programme politique, religion ou int\u00e9r\u00eats ext\u00e9rieurs. Nous sommes enti\u00e8rement autosuffisants et gratuits pour tous ceux qui en ont besoin. Notre seul objectif est de nous abstenir d'utiliser Internet et la technologie de mani\u00e8re compulsive et d'aider les autres \u00e0 se lib\u00e9rer de cette d\u00e9pendance.<\/p>\n\n\n\n<p>Encore une fois, bienvenue ! Nous esp\u00e9rons que cette communaut\u00e9 vous apportera le soutien dont vous avez besoin pour vous r\u00e9tablir de votre d\u00e9pendance \u00e0 l'internet et aux technologies. N'h\u00e9sitez pas \u00e0 nous contacter si vous avez des questions.<\/p>\n<!-- PMB print buttons is only displayed on a single post\/page URLs-->","protected":false},"excerpt":{"rendered":"<p>Bienvenue aux Accros de l'Internet et de la Technologie Anonymes ! Nous sommes heureux que vous nous ayez trouv\u00e9s et nous esp\u00e9rons que notre communaut\u00e9 vous sera aussi utile qu'elle l'a \u00e9t\u00e9 pour nous. L'ITAA est une association en douze \u00e9tapes de personnes qui se soutiennent mutuellement dans leur r\u00e9tablissement de la d\u00e9pendance \u00e0 l'Internet et \u00e0 la technologie. Cela inclut la d\u00e9pendance aux m\u00e9dias sociaux, aux smartphones, aux ... <a href=\"https:\/\/internetaddictsanonymous.org\/fr\/in-person-meetings\/usa-ca\/\" class=\"more-link\">Lire la suite de <span class=\"screen-reader-text\">ITAA en Californie, \u00c9tats-Unis<\/span><\/a><\/p>","protected":false},"author":35194255,"featured_media":0,"parent":148,"menu_order":0,"comment_status":"closed","ping_status":"closed","template":"full-width-page.php","meta":{"inline_featured_image":false,"_lmt_disableupdate":"","_lmt_disable":"","footnotes":""},"tags":[],"class_list":["post-17595","page","type-page","status-publish","hentry"],"yoast_head":"<!-- This site is optimized with the Yoast SEO plugin v27.5 - https:\/\/yoast.com\/product\/yoast-seo-wordpress\/ -->\n<title>ITAA in California, US &#8211; Internet and Technology Addicts Anonymous<\/title>\n<meta name=\"description\" content=\"There are several in-person ITAA meetings in Southern California including in Santa Monica, Pasadena, and Hollywood. More coming soon!\" \/>\n<meta name=\"robots\" content=\"index, follow, max-snippet:-1, max-image-preview:large, max-video-preview:-1\" \/>\n<link rel=\"canonical\" href=\"https:\/\/internetaddictsanonymous.org\/fr\/reunions-locales-sur-la-toxicomanie\/etats-unis-ca\/\" \/>\n<meta property=\"og:locale\" content=\"fr_FR\" \/>\n<meta property=\"og:type\" content=\"article\" \/>\n<meta property=\"og:title\" content=\"ITAA in California, US &#8211; Internet and Technology Addicts Anonymous\" \/>\n<meta property=\"og:description\" content=\"There are several in-person ITAA meetings in Southern California including in Santa Monica, Pasadena, and Hollywood. More coming soon!\" \/>\n<meta property=\"og:url\" content=\"https:\/\/internetaddictsanonymous.org\/fr\/reunions-locales-sur-la-toxicomanie\/etats-unis-ca\/\" \/>\n<meta property=\"og:site_name\" content=\"Internet and Technology Addicts Anonymous\" \/>\n<meta property=\"article:modified_time\" content=\"2026-04-23T22:20:14+00:00\" \/>\n<meta name=\"twitter:card\" content=\"summary_large_image\" \/>\n<meta name=\"twitter:label1\" content=\"Dur\u00e9e de lecture estim\u00e9e\" \/>\n\t<meta name=\"twitter:data1\" content=\"6 minutes\" \/>\n<script type=\"application\/ld+json\" class=\"yoast-schema-graph\">{\"@context\":\"https:\\\/\\\/schema.org\",\"@graph\":[{\"@type\":\"WebPage\",\"@id\":\"https:\\\/\\\/internetaddictsanonymous.org\\\/in-person-meetings\\\/usa-ca\\\/\",\"url\":\"https:\\\/\\\/internetaddictsanonymous.org\\\/in-person-meetings\\\/usa-ca\\\/\",\"name\":\"ITAA in California, US &#8211; Internet and Technology Addicts Anonymous\",\"isPartOf\":{\"@id\":\"https:\\\/\\\/internetaddictsanonymous.org\\\/#website\"},\"datePublished\":\"2024-02-19T00:47:54+00:00\",\"dateModified\":\"2026-04-23T22:20:14+00:00\",\"description\":\"There are several in-person ITAA meetings in Southern California including in Santa Monica, Pasadena, and Hollywood. More coming soon!\",\"breadcrumb\":{\"@id\":\"https:\\\/\\\/internetaddictsanonymous.org\\\/in-person-meetings\\\/usa-ca\\\/#breadcrumb\"},\"inLanguage\":\"fr-FR\",\"potentialAction\":[{\"@type\":\"ReadAction\",\"target\":[\"https:\\\/\\\/internetaddictsanonymous.org\\\/in-person-meetings\\\/usa-ca\\\/\"]}]},{\"@type\":\"BreadcrumbList\",\"@id\":\"https:\\\/\\\/internetaddictsanonymous.org\\\/in-person-meetings\\\/usa-ca\\\/#breadcrumb\",\"itemListElement\":[{\"@type\":\"ListItem\",\"position\":1,\"name\":\"Home\",\"item\":\"https:\\\/\\\/internetaddictsanonymous.org\\\/\"},{\"@type\":\"ListItem\",\"position\":2,\"name\":\"In-Person Meetings\",\"item\":\"https:\\\/\\\/internetaddictsanonymous.org\\\/in-person-meetings\\\/\"},{\"@type\":\"ListItem\",\"position\":3,\"name\":\"ITAA in California, US\"}]},{\"@type\":\"WebSite\",\"@id\":\"https:\\\/\\\/internetaddictsanonymous.org\\\/#website\",\"url\":\"https:\\\/\\\/internetaddictsanonymous.org\\\/\",\"name\":\"Internet and Technology Addicts Anonymous\",\"description\":\"Worldwide 12-step Fellowship for Internet and Technology Addiction\",\"publisher\":{\"@id\":\"https:\\\/\\\/internetaddictsanonymous.org\\\/#organization\"},\"potentialAction\":[{\"@type\":\"SearchAction\",\"target\":{\"@type\":\"EntryPoint\",\"urlTemplate\":\"https:\\\/\\\/internetaddictsanonymous.org\\\/?s={search_term_string}\"},\"query-input\":{\"@type\":\"PropertyValueSpecification\",\"valueRequired\":true,\"valueName\":\"search_term_string\"}}],\"inLanguage\":\"fr-FR\"},{\"@type\":\"Organization\",\"@id\":\"https:\\\/\\\/internetaddictsanonymous.org\\\/#organization\",\"name\":\"Internet and Technology Addicts Anonymous\",\"url\":\"https:\\\/\\\/internetaddictsanonymous.org\\\/\",\"logo\":{\"@type\":\"ImageObject\",\"inLanguage\":\"fr-FR\",\"@id\":\"https:\\\/\\\/internetaddictsanonymous.org\\\/#\\\/schema\\\/logo\\\/image\\\/\",\"url\":\"https:\\\/\\\/internetaddictsanonymous.org\\\/wp-content\\\/uploads\\\/2023\\\/01\\\/cropped-ITAA-logo-480px.png\",\"contentUrl\":\"https:\\\/\\\/internetaddictsanonymous.org\\\/wp-content\\\/uploads\\\/2023\\\/01\\\/cropped-ITAA-logo-480px.png\",\"width\":480,\"height\":480,\"caption\":\"Internet and Technology Addicts Anonymous\"},\"image\":{\"@id\":\"https:\\\/\\\/internetaddictsanonymous.org\\\/#\\\/schema\\\/logo\\\/image\\\/\"}}]}<\/script>\n<!-- \/ Yoast SEO plugin. -->","yoast_head_json":{"title":"ITAA en Californie, \u00c9tats-Unis \u2013 Accros \u00e0 Internet et aux technologies Anonymes","description":"Plusieurs r\u00e9unions ITAA en pr\u00e9sentiel sont pr\u00e9vues en Californie du Sud, notamment \u00e0 Santa Monica, Pasadena et Hollywood. Plus d&#039;informations prochainement\u00a0!","robots":{"index":"index","follow":"follow","max-snippet":"max-snippet:-1","max-image-preview":"max-image-preview:large","max-video-preview":"max-video-preview:-1"},"canonical":"https:\/\/internetaddictsanonymous.org\/fr\/reunions-locales-sur-la-toxicomanie\/etats-unis-ca\/","og_locale":"fr_FR","og_type":"article","og_title":"ITAA in California, US &#8211; Internet and Technology Addicts Anonymous","og_description":"There are several in-person ITAA meetings in Southern California including in Santa Monica, Pasadena, and Hollywood. More coming soon!","og_url":"https:\/\/internetaddictsanonymous.org\/fr\/reunions-locales-sur-la-toxicomanie\/etats-unis-ca\/","og_site_name":"Internet and Technology Addicts Anonymous","article_modified_time":"2026-04-23T22:20:14+00:00","twitter_card":"summary_large_image","twitter_misc":{"Dur\u00e9e de lecture estim\u00e9e":"6 minutes"},"schema":{"@context":"https:\/\/schema.org","@graph":[{"@type":"WebPage","@id":"https:\/\/internetaddictsanonymous.org\/in-person-meetings\/usa-ca\/","url":"https:\/\/internetaddictsanonymous.org\/in-person-meetings\/usa-ca\/","name":"ITAA en Californie, \u00c9tats-Unis \u2013 Accros \u00e0 Internet et aux technologies Anonymes","isPartOf":{"@id":"https:\/\/internetaddictsanonymous.org\/#website"},"datePublished":"2024-02-19T00:47:54+00:00","dateModified":"2026-04-23T22:20:14+00:00","description":"Plusieurs r\u00e9unions ITAA en pr\u00e9sentiel sont pr\u00e9vues en Californie du Sud, notamment \u00e0 Santa Monica, Pasadena et Hollywood. Plus d&#039;informations prochainement\u00a0!","breadcrumb":{"@id":"https:\/\/internetaddictsanonymous.org\/in-person-meetings\/usa-ca\/#breadcrumb"},"inLanguage":"fr-FR","potentialAction":[{"@type":"ReadAction","target":["https:\/\/internetaddictsanonymous.org\/in-person-meetings\/usa-ca\/"]}]},{"@type":"BreadcrumbList","@id":"https:\/\/internetaddictsanonymous.org\/in-person-meetings\/usa-ca\/#breadcrumb","itemListElement":[{"@type":"ListItem","position":1,"name":"Home","item":"https:\/\/internetaddictsanonymous.org\/"},{"@type":"ListItem","position":2,"name":"In-Person Meetings","item":"https:\/\/internetaddictsanonymous.org\/in-person-meetings\/"},{"@type":"ListItem","position":3,"name":"ITAA in California, US"}]},{"@type":"WebSite","@id":"https:\/\/internetaddictsanonymous.org\/#website","url":"https:\/\/internetaddictsanonymous.org\/","name":"D\u00e9pendants \u00e0 Internet et aux technologies anonymes","description":"Communaut\u00e9 mondiale en 12 \u00e9tapes pour la d\u00e9pendance \u00e0 l'Internet et \u00e0 la technologie","publisher":{"@id":"https:\/\/internetaddictsanonymous.org\/#organization"},"potentialAction":[{"@type":"SearchAction","target":{"@type":"EntryPoint","urlTemplate":"https:\/\/internetaddictsanonymous.org\/?s={search_term_string}"},"query-input":{"@type":"PropertyValueSpecification","valueRequired":true,"valueName":"search_term_string"}}],"inLanguage":"fr-FR"},{"@type":"Organization","@id":"https:\/\/internetaddictsanonymous.org\/#organization","name":"D\u00e9pendants \u00e0 Internet et aux technologies anonymes","url":"https:\/\/internetaddictsanonymous.org\/","logo":{"@type":"ImageObject","inLanguage":"fr-FR","@id":"https:\/\/internetaddictsanonymous.org\/#\/schema\/logo\/image\/","url":"https:\/\/internetaddictsanonymous.org\/wp-content\/uploads\/2023\/01\/cropped-ITAA-logo-480px.png","contentUrl":"https:\/\/internetaddictsanonymous.org\/wp-content\/uploads\/2023\/01\/cropped-ITAA-logo-480px.png","width":480,"height":480,"caption":"Internet and Technology Addicts Anonymous"},"image":{"@id":"https:\/\/internetaddictsanonymous.org\/#\/schema\/logo\/image\/"}}]}},"jetpack_sharing_enabled":true,"jetpack_shortlink":"https:\/\/wp.me\/P9Fwob-4zN","_links":{"self":[{"href":"https:\/\/internetaddictsanonymous.org\/fr\/wp-json\/wp\/v2\/pages\/17595","targetHints":{"allow":["GET"]}}],"collection":[{"href":"https:\/\/internetaddictsanonymous.org\/fr\/wp-json\/wp\/v2\/pages"}],"about":[{"href":"https:\/\/internetaddictsanonymous.org\/fr\/wp-json\/wp\/v2\/types\/page"}],"author":[{"embeddable":true,"href":"https:\/\/internetaddictsanonymous.org\/fr\/wp-json\/wp\/v2\/users\/35194255"}],"replies":[{"embeddable":true,"href":"https:\/\/internetaddictsanonymous.org\/fr\/wp-json\/wp\/v2\/comments?post=17595"}],"version-history":[{"count":94,"href":"https:\/\/internetaddictsanonymous.org\/fr\/wp-json\/wp\/v2\/pages\/17595\/revisions"}],"predecessor-version":[{"id":21247,"href":"https:\/\/internetaddictsanonymous.org\/fr\/wp-json\/wp\/v2\/pages\/17595\/revisions\/21247"}],"up":[{"embeddable":true,"href":"https:\/\/internetaddictsanonymous.org\/fr\/wp-json\/wp\/v2\/pages\/148"}],"wp:attachment":[{"href":"https:\/\/internetaddictsanonymous.org\/fr\/wp-json\/wp\/v2\/media?parent=17595"}],"wp:term":[{"taxonomy":"post_tag","embeddable":true,"href":"https:\/\/internetaddictsanonymous.org\/fr\/wp-json\/wp\/v2\/tags?post=17595"}],"curies":[{"name":"wp","href":"https:\/\/api.w.org\/{rel}","templated":true}]}}