{"id":18148,"date":"2024-06-16T20:35:42","date_gmt":"2024-06-17T00:35:42","guid":{"rendered":"https:\/\/internetaddictsanonymous.org\/?page_id=18148"},"modified":"2024-07-28T14:35:31","modified_gmt":"2024-07-28T18:35:31","slug":"principes-pour-les-groupes-de-discussion","status":"publish","type":"page","link":"https:\/\/internetaddictsanonymous.org\/fr\/resources\/being-of-service-resources\/principles-for-chat-groups\/","title":{"rendered":"Principes des groupes de discussion ITAA"},"content":{"rendered":"<p>En tant qu\u2019accros \u00e0 Internet, nous devons faire particuli\u00e8rement attention \u00e0 la fa\u00e7on dont nous utilisons la technologie pour soutenir nos r\u00e9tablissements et nos r\u00e9unions. Par exemple, Zoom et notre site Web ont \u00e9t\u00e9 des outils essentiels pour aider notre association \u00e0 atteindre les d\u00e9pendants qui n&#039;ont pas acc\u00e8s aux r\u00e9unions en personne. Pendant ce temps, les autres technologies \u2013 plateformes de streaming, flux de r\u00e9seaux sociaux, applications de rencontres, jeux vid\u00e9o \u2013 n\u2019ont clairement pas leur place dans notre communaut\u00e9. Les groupes de discussion peuvent se situer quelque part entre les deux\u00a0: ils peuvent \u00eatre utiles pour rester coordonn\u00e9s en dehors des r\u00e9unions, mais ils peuvent \u00e9galement alimenter des tendances addictives malsaines. Le but de ce document est de sugg\u00e9rer des principes pour aider les groupes de discussion ITAA \u00e0 garantir qu&#039;ils r\u00e9pondent \u00e0 notre objectif principal\u00a0: transmettre le message \u00e0 l&#039;utilisateur compulsif d&#039;Internet et de la technologie qui souffre encore.<\/p>\n\n\n\n<p>En g\u00e9n\u00e9ral, nous recommandons aux groupes de discussion ITAA de mettre en pratique les principes suivants\u00a0:<\/p>\n\n\n\n<ol class=\"wp-block-list\">\n<li><strong>Guid\u00e9 par les Douze Traditions : <\/strong>Les groupes de discussion fonctionnent souvent bien lorsqu&#039;ils sont affili\u00e9s \u00e0 une r\u00e9union individuelle de l&#039;ITAA qui g\u00e8re le chat au profit de ses membres et peut discuter de sujets li\u00e9s aux groupes de discussion au sein de leur conscience de groupe. Si notre groupe de discussion n&#039;est pas affili\u00e9 \u00e0 une r\u00e9union sp\u00e9cifique de l&#039;ITAA, nous pouvons organiser r\u00e9guli\u00e8rement des consciences de groupe (id\u00e9alement lors d&#039;une discussion en direct en personne ou sur Zoom), \u00e9lire des serviteurs de confiance et pratiquer <a href=\"https:\/\/internetaddictsanonymous.org\/fr\/12-etapes-de-litaa\/\">les Douze Traditions<\/a>, comme le ferait n\u2019importe quelle autre r\u00e9union. Sinon, le groupe de discussion est encourag\u00e9 \u00e0 rester <em>informel<\/em>, ce qui signifie qu&#039;il n&#039;utilise pas le nom ou le logo de l&#039;ITAA, et que les membres ne doivent pas en faire la promotion aupr\u00e8s des nouveaux arrivants et des autres membres de l&#039;ITAA.<br><\/li>\n\n\n\n<li><strong>Un objectif clair : <\/strong>Les groupes de discussion ITAA peuvent b\u00e9n\u00e9ficier d&#039;un objectif clair qui correspond \u00e0 l&#039;objectif principal de notre fraternit\u00e9\u00a0: <em>transmettre le message \u00e0 l&#039;utilisateur compulsif d&#039;Internet et de la technologie qui souffre encore<\/em>. Il peut s'agir, par exemple, de coordonner des serviteurs de confiance en vue d'une r\u00e9union ou de passer des appels de sensibilisation. Les groupes de discussion officiels de l'ITAA sont moins bien adapt\u00e9s en tant que forums de partage non structur\u00e9s, de discussions crois\u00e9es ou informelles, qui peuvent devenir des v\u00e9hicules de publication compulsive, de v\u00e9rification des notifications, de connexion parasociale et de conflit interpersonnel. Bien que chaque groupe soit encourag\u00e9 \u00e0 d\u00e9terminer lui-m\u00eame l'objectif sp\u00e9cifique de son chat, en tant qu'accros \u00e0 Internet et \u00e0 la technologie, nous ferions bien de faire preuve de prudence lorsque nous utilisons une plateforme de m\u00e9dias sociaux pour transmettre le message aux nouveaux arrivants. Nous pouvons garder \u00e0 l'esprit que les toxicomanes des communaut\u00e9s de r\u00e9tablissement en douze \u00e9tapes sont devenus sobres sans groupes de discussion depuis pr\u00e8s de 100 ans. Avec un nombre croissant de r\u00e9unions en face \u00e0 face, des centaines de r\u00e9unions en ligne et des milliers de membres disponibles pour des appels de sensibilisation, il existe de nombreux moyens \u00e9prouv\u00e9s en dehors du chat pour les d\u00e9pendants de l'Internet et de la technologie qui cherchent un moyen de partager.<br><\/li>\n\n\n\n<li><strong>Limites et privil\u00e8ges d&#039;administrateur clairement d\u00e9finis\u00a0:<\/strong> Nos groupes de discussion b\u00e9n\u00e9ficient de limites \u00e9crites sur l&#039;objectif du groupe et de directives sp\u00e9cifiques pour la publication, et nous communiquons ces directives aux nouveaux arrivants. Un exemple de telles limites peut \u00eatre trouv\u00e9 au bas de cette page. Nous \u00e9lisons des serviteurs de confiance dont le mandat est limit\u00e9, qui pratiquent la rotation des services et qui peuvent prendre des mesures pour faire respecter les limites. Nous pouvons trouver avantageux d&#039;adopter une politique de 3 avertissements pour les transgressions r\u00e9guli\u00e8res (publication en dehors des limites du groupe, signalements de flirt non d\u00e9sir\u00e9, etc.), \u00e0 la suite de quoi le membre peut \u00eatre exclu pour une p\u00e9riode de 3 \u00e0 6 mois avant \u00eatre invit\u00e9s \u00e0 rejoindre s&#039;ils sont pr\u00eats \u00e0 respecter les limites du groupe. En cas de transgressions majeures (insultes violentes, messages ou images \u00e0 caract\u00e8re sexuel, etc.), le membre peut \u00eatre imm\u00e9diatement exclu de fa\u00e7on temporaire jusqu&#039;\u00e0 ce qu&#039;une conscience de groupe discute de la dur\u00e9e de l&#039;exclusion, g\u00e9n\u00e9ralement entre 6 mois et ind\u00e9finiment. La d\u00e9cision de retirer un membre d\u2019un groupe, m\u00eame pour une dur\u00e9e limit\u00e9e, doit \u00eatre prise tr\u00e8s au s\u00e9rieux, et toute suppression doit toujours \u00eatre discut\u00e9e en conscience de groupe (id\u00e9alement au pr\u00e9alable). D\u2019autres suggestions sur la fa\u00e7on de g\u00e9rer les comportements difficiles peuvent \u00eatre trouv\u00e9es dans notre <a href=\"https:\/\/internetaddictsanonymous.org\/fr\/la-securite-dans-laita\/\">Guide de la s\u00e9curit\u00e9 dans l'ATIA<\/a>.<br><\/li>\n\n\n\n<li><strong>Les groupes de discussion ne doivent pas \u00eatre le premier point de contact\u00a0:<\/strong> Certaines r\u00e9unions ont essay\u00e9 de publier un lien vers leur groupe de discussion en ligne pour permettre aux nouveaux arrivants de poser plus facilement des questions sur la r\u00e9union. Nous avons souvent constat\u00e9 que les nouveaux arrivants qui n&#039;ont jamais assist\u00e9 \u00e0 une r\u00e9union ni parl\u00e9 \u00e0 un autre membre peuvent ne pas avoir la conscience ou la sobri\u00e9t\u00e9 n\u00e9cessaire pour maintenir des limites s\u00fbres au sein du groupe ou envers les autres membres. De plus, publier publiquement le lien vers notre groupe de discussion nous rend vuln\u00e9rables aux spammeurs et aux trolls. Les r\u00e9unions sont encourag\u00e9es \u00e0 fournir des adresses e-mail et des num\u00e9ros de t\u00e9l\u00e9phone pour les nouveaux arrivants souhaitant y participer, et non des liens de groupe de discussion. Si un membre inconnu demande \u00e0 rejoindre un groupe de discussion, il convient de poser d&#039;abord quelques questions sur la fa\u00e7on dont il a entendu parler du groupe de discussion afin de filtrer les mauvais acteurs.<\/li>\n<\/ol>\n\n\n\n<p>Essentiellement, ces principes recommandent que les groupes de discussion soient bien structur\u00e9s, de port\u00e9e limit\u00e9e et guid\u00e9s par nos douze traditions. Ce ne sont que des recommandations, et nous faisons confiance aux membres et aux groupes pour d\u00e9couvrir leur propre chemin \u00e0 travers le processus de conscience de groupe. Nous esp\u00e9rons qu&#039;en tant que fraternit\u00e9, ces principes pourront nous guider vers une relation avec des groupes de discussion qui aideront davantage de d\u00e9pendants \u00e0 travers le monde \u00e0 trouver une communaut\u00e9 stable, s\u00e9curis\u00e9e et s\u00fbre dans laquelle se r\u00e9tablir.<\/p>\n\n\n\n<h2 class=\"wp-block-heading\"><strong>Exemple de description et de limites d&#039;un groupe de discussion\u00a0:<\/strong><\/h2>\n\n\n\n<p>Le but de ce chat est de faciliter les appels de sensibilisation entre les membres du groupe ITAA {Meeting name}. Vous pouvez publier dans le chat si vous avez besoin d&#039;un appel de sensibilisation, et un autre membre r\u00e9pondra \u00e0 votre message s&#039;il est disponible, puis vous appellera. Veuillez garder \u00e0 l&#039;esprit les limites suivantes\u00a0:<\/p>\n\n\n\n<ul class=\"wp-block-list\">\n<li>Partagez ce groupe uniquement avec d\u2019autres membres de l\u2019ITAA.<\/li>\n\n\n\n<li>Le but de ce groupe est uniquement de demander des appels de sensibilisation \u00e0 d\u2019autres membres. Restez sur le sujet et \u00e9vitez de partager des messages non pertinents. Si vous avez besoin de partager, appelez un membre ou assistez \u00e0 une r\u00e9union.<\/li>\n\n\n\n<li>Respectez l\u2019anonymat des autres membres. Ne partagez jamais le nom, le num\u00e9ro de t\u00e9l\u00e9phone ou l\u2019identit\u00e9 d\u2019un autre membre sans sa permission.&nbsp;<\/li>\n\n\n\n<li>Abstenez-vous de publier des liens, des vid\u00e9os, des m\u00e8mes, des gifs ou tout autre contenu ext\u00e9rieur.<\/li>\n\n\n\n<li>\u00c9vitez de promouvoir les services professionnels que vous ou d'autres personnes offrez.<\/li>\n\n\n\n<li>\u00c9vitez le spam, le dumping ou les divagations. R\u00e9fl\u00e9chissez avant de poster et \u00e9vitez de r\u00e9pondre \u00e0 la h\u00e2te. N&#039;oubliez pas que nous sommes des accros \u00e0 Internet en voie de gu\u00e9rison et que vos messages ont un impact sur la sant\u00e9 mentale de tous les autres participants.<\/li>\n\n\n\n<li>N\u2019utilisez jamais le groupe pour r\u00e9primander quelqu\u2019un ou exprimer des griefs. Adressez-vous \u00e0 la personne concern\u00e9e en priv\u00e9 et de mani\u00e8re respectueuse, id\u00e9alement apr\u00e8s avoir d&#039;abord r\u00e9dig\u00e9 un inventaire et discut\u00e9 avec votre parrain.<\/li>\n\n\n\n<li>Ce n&#039;est pas un endroit pour rencontrer des partenaires amoureux. \u00c9vitez tout flirt, y compris les compliments non sollicit\u00e9s, les blagues audacieuses ou la tentative d&#039;interagir avec un membre qui a exprim\u00e9 son indisponibilit\u00e9.<\/li>\n<\/ul>\n\n\n\n<p>Nous pratiquons une politique des 3 avertissements, ce qui signifie que si vous d\u00e9passez ces limites 3 fois, un administrateur peut vous supprimer pour une p\u00e9riode de 3 \u00e0 6 mois. En revanche, les comportements suivants constituent un motif de suppression imm\u00e9diate et potentiellement d\u00e9finitive\u00a0:<\/p>\n\n\n\n<ul class=\"wp-block-list\">\n<li>Comportement violent ou agressif, y compris injures, insultes, humiliations, moqueries ou menaces.&nbsp;<\/li>\n\n\n\n<li>Comportement sexuel, y compris faire des commentaires ou des demandes \u00e0 caract\u00e8re sexuel envers d&#039;autres membres ou envoyer du contenu \u00e0 caract\u00e8re sexuel.<\/li>\n\n\n\n<li>Discrimination de toute nature, y compris envers la race, le sexe, l&#039;identit\u00e9 de genre, les croyances, la religion, l&#039;orientation sexuelle, la composition corporelle, le handicap ou la neurodiversit\u00e9.<\/li>\n\n\n\n<li>Harc\u00e8lement, harc\u00e8lement criminel ou tout autre comportement criminel.<\/li>\n<\/ul>\n\n\n\n<p>Cette discussion suit les Douze Traditions et est soumise \u00e0 la conscience de groupe de notre r\u00e9union, qui a lieu lors de la premi\u00e8re r\u00e9union de chaque mois \u00e0 13 heures, heure locale.<\/p>\n<!-- PMB print buttons is only displayed on a single post\/page URLs-->","protected":false},"excerpt":{"rendered":"<p>En tant qu\u2019accros \u00e0 Internet, nous devons faire particuli\u00e8rement attention \u00e0 la fa\u00e7on dont nous utilisons la technologie pour soutenir nos r\u00e9tablissements et nos r\u00e9unions. Par exemple, Zoom et notre site Web ont \u00e9t\u00e9 des outils essentiels pour aider notre association \u00e0 atteindre les d\u00e9pendants qui n&#039;ont pas acc\u00e8s aux r\u00e9unions en personne. Pendant ce temps, d\u2019autres technologies (plateformes de streaming, flux de r\u00e9seaux sociaux, applications de rencontres, jeux vid\u00e9o) n\u2019ont clairement pas\u2026 <a href=\"https:\/\/internetaddictsanonymous.org\/fr\/resources\/being-of-service-resources\/principles-for-chat-groups\/\" class=\"more-link\">Lire la suite de <span class=\"screen-reader-text\">Principes des groupes de discussion ITAA<\/span><\/a><\/p>","protected":false},"author":35194237,"featured_media":0,"parent":18080,"menu_order":0,"comment_status":"closed","ping_status":"closed","template":"full-width-page.php","meta":{"inline_featured_image":false,"_lmt_disableupdate":"","_lmt_disable":"","footnotes":""},"tags":[],"class_list":["post-18148","page","type-page","status-publish","hentry"],"yoast_head":"<!-- This site is optimized with the Yoast SEO plugin v27.5 - https:\/\/yoast.com\/product\/yoast-seo-wordpress\/ -->\n<title>Principles for ITAA chat groups &#8211; Internet and Technology Addicts Anonymous<\/title>\n<meta name=\"robots\" content=\"index, follow, max-snippet:-1, max-image-preview:large, max-video-preview:-1\" \/>\n<link rel=\"canonical\" href=\"https:\/\/internetaddictsanonymous.org\/fr\/ressources\/etre-au-service-des-ressources\/principes-pour-les-groupes-de-discussion\/\" \/>\n<meta property=\"og:locale\" content=\"fr_FR\" \/>\n<meta property=\"og:type\" content=\"article\" \/>\n<meta property=\"og:title\" content=\"Principles for ITAA chat groups &#8211; Internet and Technology Addicts Anonymous\" \/>\n<meta property=\"og:description\" content=\"As internet addicts, we need take special care how we use technology to support our recoveries and our meetings. For example, Zoom and our website have been essential tools to help our fellowship reach addicts who don\u2019t have access to in-person meetings. Meanwhile, other technologies\u2014streaming platforms, social media feeds, dating apps, video games\u2014clearly have no &hellip; Lire la suite de Principles for ITAA chat groups\" \/>\n<meta property=\"og:url\" content=\"https:\/\/internetaddictsanonymous.org\/fr\/ressources\/etre-au-service-des-ressources\/principes-pour-les-groupes-de-discussion\/\" \/>\n<meta property=\"og:site_name\" content=\"Internet and Technology Addicts Anonymous\" \/>\n<meta property=\"article:modified_time\" content=\"2024-07-28T18:35:31+00:00\" \/>\n<meta name=\"twitter:card\" content=\"summary_large_image\" \/>\n<meta name=\"twitter:label1\" content=\"Dur\u00e9e de lecture estim\u00e9e\" \/>\n\t<meta name=\"twitter:data1\" content=\"6 minutes\" \/>\n<script type=\"application\/ld+json\" class=\"yoast-schema-graph\">{\"@context\":\"https:\\\/\\\/schema.org\",\"@graph\":[{\"@type\":\"WebPage\",\"@id\":\"https:\\\/\\\/internetaddictsanonymous.org\\\/resources\\\/being-of-service-resources\\\/principles-for-chat-groups\\\/\",\"url\":\"https:\\\/\\\/internetaddictsanonymous.org\\\/resources\\\/being-of-service-resources\\\/principles-for-chat-groups\\\/\",\"name\":\"Principles for ITAA chat groups &#8211; Internet and Technology Addicts Anonymous\",\"isPartOf\":{\"@id\":\"https:\\\/\\\/internetaddictsanonymous.org\\\/#website\"},\"datePublished\":\"2024-06-17T00:35:42+00:00\",\"dateModified\":\"2024-07-28T18:35:31+00:00\",\"breadcrumb\":{\"@id\":\"https:\\\/\\\/internetaddictsanonymous.org\\\/resources\\\/being-of-service-resources\\\/principles-for-chat-groups\\\/#breadcrumb\"},\"inLanguage\":\"fr-FR\",\"potentialAction\":[{\"@type\":\"ReadAction\",\"target\":[\"https:\\\/\\\/internetaddictsanonymous.org\\\/resources\\\/being-of-service-resources\\\/principles-for-chat-groups\\\/\"]}]},{\"@type\":\"BreadcrumbList\",\"@id\":\"https:\\\/\\\/internetaddictsanonymous.org\\\/resources\\\/being-of-service-resources\\\/principles-for-chat-groups\\\/#breadcrumb\",\"itemListElement\":[{\"@type\":\"ListItem\",\"position\":1,\"name\":\"Home\",\"item\":\"https:\\\/\\\/internetaddictsanonymous.org\\\/\"},{\"@type\":\"ListItem\",\"position\":2,\"name\":\"Resources\",\"item\":\"https:\\\/\\\/internetaddictsanonymous.org\\\/resources\\\/\"},{\"@type\":\"ListItem\",\"position\":3,\"name\":\"Being of service\",\"item\":\"https:\\\/\\\/internetaddictsanonymous.org\\\/resources\\\/being-of-service-resources\\\/\"},{\"@type\":\"ListItem\",\"position\":4,\"name\":\"Principles for ITAA chat groups\"}]},{\"@type\":\"WebSite\",\"@id\":\"https:\\\/\\\/internetaddictsanonymous.org\\\/#website\",\"url\":\"https:\\\/\\\/internetaddictsanonymous.org\\\/\",\"name\":\"Internet and Technology Addicts Anonymous\",\"description\":\"Worldwide 12-step Fellowship for Internet and Technology Addiction\",\"publisher\":{\"@id\":\"https:\\\/\\\/internetaddictsanonymous.org\\\/#organization\"},\"potentialAction\":[{\"@type\":\"SearchAction\",\"target\":{\"@type\":\"EntryPoint\",\"urlTemplate\":\"https:\\\/\\\/internetaddictsanonymous.org\\\/?s={search_term_string}\"},\"query-input\":{\"@type\":\"PropertyValueSpecification\",\"valueRequired\":true,\"valueName\":\"search_term_string\"}}],\"inLanguage\":\"fr-FR\"},{\"@type\":\"Organization\",\"@id\":\"https:\\\/\\\/internetaddictsanonymous.org\\\/#organization\",\"name\":\"Internet and Technology Addicts Anonymous\",\"url\":\"https:\\\/\\\/internetaddictsanonymous.org\\\/\",\"logo\":{\"@type\":\"ImageObject\",\"inLanguage\":\"fr-FR\",\"@id\":\"https:\\\/\\\/internetaddictsanonymous.org\\\/#\\\/schema\\\/logo\\\/image\\\/\",\"url\":\"https:\\\/\\\/internetaddictsanonymous.org\\\/wp-content\\\/uploads\\\/2023\\\/01\\\/cropped-ITAA-logo-480px.png\",\"contentUrl\":\"https:\\\/\\\/internetaddictsanonymous.org\\\/wp-content\\\/uploads\\\/2023\\\/01\\\/cropped-ITAA-logo-480px.png\",\"width\":480,\"height\":480,\"caption\":\"Internet and Technology Addicts Anonymous\"},\"image\":{\"@id\":\"https:\\\/\\\/internetaddictsanonymous.org\\\/#\\\/schema\\\/logo\\\/image\\\/\"}}]}<\/script>\n<!-- \/ Yoast SEO plugin. -->","yoast_head_json":{"title":"Principes des groupes de discussion ITAA \u2013 Internet and Technology Addicts Anonymous","robots":{"index":"index","follow":"follow","max-snippet":"max-snippet:-1","max-image-preview":"max-image-preview:large","max-video-preview":"max-video-preview:-1"},"canonical":"https:\/\/internetaddictsanonymous.org\/fr\/ressources\/etre-au-service-des-ressources\/principes-pour-les-groupes-de-discussion\/","og_locale":"fr_FR","og_type":"article","og_title":"Principles for ITAA chat groups &#8211; Internet and Technology Addicts Anonymous","og_description":"As internet addicts, we need take special care how we use technology to support our recoveries and our meetings. For example, Zoom and our website have been essential tools to help our fellowship reach addicts who don\u2019t have access to in-person meetings. Meanwhile, other technologies\u2014streaming platforms, social media feeds, dating apps, video games\u2014clearly have no &hellip; Lire la suite de Principles for ITAA chat groups","og_url":"https:\/\/internetaddictsanonymous.org\/fr\/ressources\/etre-au-service-des-ressources\/principes-pour-les-groupes-de-discussion\/","og_site_name":"Internet and Technology Addicts Anonymous","article_modified_time":"2024-07-28T18:35:31+00:00","twitter_card":"summary_large_image","twitter_misc":{"Dur\u00e9e de lecture estim\u00e9e":"6 minutes"},"schema":{"@context":"https:\/\/schema.org","@graph":[{"@type":"WebPage","@id":"https:\/\/internetaddictsanonymous.org\/resources\/being-of-service-resources\/principles-for-chat-groups\/","url":"https:\/\/internetaddictsanonymous.org\/resources\/being-of-service-resources\/principles-for-chat-groups\/","name":"Principes des groupes de discussion ITAA \u2013 Internet and Technology Addicts Anonymous","isPartOf":{"@id":"https:\/\/internetaddictsanonymous.org\/#website"},"datePublished":"2024-06-17T00:35:42+00:00","dateModified":"2024-07-28T18:35:31+00:00","breadcrumb":{"@id":"https:\/\/internetaddictsanonymous.org\/resources\/being-of-service-resources\/principles-for-chat-groups\/#breadcrumb"},"inLanguage":"fr-FR","potentialAction":[{"@type":"ReadAction","target":["https:\/\/internetaddictsanonymous.org\/resources\/being-of-service-resources\/principles-for-chat-groups\/"]}]},{"@type":"BreadcrumbList","@id":"https:\/\/internetaddictsanonymous.org\/resources\/being-of-service-resources\/principles-for-chat-groups\/#breadcrumb","itemListElement":[{"@type":"ListItem","position":1,"name":"Home","item":"https:\/\/internetaddictsanonymous.org\/"},{"@type":"ListItem","position":2,"name":"Resources","item":"https:\/\/internetaddictsanonymous.org\/resources\/"},{"@type":"ListItem","position":3,"name":"Being of service","item":"https:\/\/internetaddictsanonymous.org\/resources\/being-of-service-resources\/"},{"@type":"ListItem","position":4,"name":"Principles for ITAA chat groups"}]},{"@type":"WebSite","@id":"https:\/\/internetaddictsanonymous.org\/#website","url":"https:\/\/internetaddictsanonymous.org\/","name":"D\u00e9pendants \u00e0 Internet et aux technologies anonymes","description":"Communaut\u00e9 mondiale en 12 \u00e9tapes pour la d\u00e9pendance \u00e0 l'Internet et \u00e0 la technologie","publisher":{"@id":"https:\/\/internetaddictsanonymous.org\/#organization"},"potentialAction":[{"@type":"SearchAction","target":{"@type":"EntryPoint","urlTemplate":"https:\/\/internetaddictsanonymous.org\/?s={search_term_string}"},"query-input":{"@type":"PropertyValueSpecification","valueRequired":true,"valueName":"search_term_string"}}],"inLanguage":"fr-FR"},{"@type":"Organization","@id":"https:\/\/internetaddictsanonymous.org\/#organization","name":"D\u00e9pendants \u00e0 Internet et aux technologies anonymes","url":"https:\/\/internetaddictsanonymous.org\/","logo":{"@type":"ImageObject","inLanguage":"fr-FR","@id":"https:\/\/internetaddictsanonymous.org\/#\/schema\/logo\/image\/","url":"https:\/\/internetaddictsanonymous.org\/wp-content\/uploads\/2023\/01\/cropped-ITAA-logo-480px.png","contentUrl":"https:\/\/internetaddictsanonymous.org\/wp-content\/uploads\/2023\/01\/cropped-ITAA-logo-480px.png","width":480,"height":480,"caption":"Internet and Technology Addicts Anonymous"},"image":{"@id":"https:\/\/internetaddictsanonymous.org\/#\/schema\/logo\/image\/"}}]}},"jetpack_sharing_enabled":true,"jetpack_shortlink":"https:\/\/wp.me\/P9Fwob-4II","_links":{"self":[{"href":"https:\/\/internetaddictsanonymous.org\/fr\/wp-json\/wp\/v2\/pages\/18148","targetHints":{"allow":["GET"]}}],"collection":[{"href":"https:\/\/internetaddictsanonymous.org\/fr\/wp-json\/wp\/v2\/pages"}],"about":[{"href":"https:\/\/internetaddictsanonymous.org\/fr\/wp-json\/wp\/v2\/types\/page"}],"author":[{"embeddable":true,"href":"https:\/\/internetaddictsanonymous.org\/fr\/wp-json\/wp\/v2\/users\/35194237"}],"replies":[{"embeddable":true,"href":"https:\/\/internetaddictsanonymous.org\/fr\/wp-json\/wp\/v2\/comments?post=18148"}],"version-history":[{"count":3,"href":"https:\/\/internetaddictsanonymous.org\/fr\/wp-json\/wp\/v2\/pages\/18148\/revisions"}],"predecessor-version":[{"id":18354,"href":"https:\/\/internetaddictsanonymous.org\/fr\/wp-json\/wp\/v2\/pages\/18148\/revisions\/18354"}],"up":[{"embeddable":true,"href":"https:\/\/internetaddictsanonymous.org\/fr\/wp-json\/wp\/v2\/pages\/18080"}],"wp:attachment":[{"href":"https:\/\/internetaddictsanonymous.org\/fr\/wp-json\/wp\/v2\/media?parent=18148"}],"wp:term":[{"taxonomy":"post_tag","embeddable":true,"href":"https:\/\/internetaddictsanonymous.org\/fr\/wp-json\/wp\/v2\/tags?post=18148"}],"curies":[{"name":"wp","href":"https:\/\/api.w.org\/{rel}","templated":true}]}}