{"id":18513,"date":"2024-08-20T16:29:56","date_gmt":"2024-08-20T23:29:56","guid":{"rendered":"https:\/\/internetaddictsanonymous.org\/?page_id=18513"},"modified":"2026-02-11T19:46:47","modified_gmt":"2026-02-12T03:46:47","slug":"litaa-a-toronto-canada","status":"publish","type":"page","link":"https:\/\/internetaddictsanonymous.org\/fr\/in-person-meetings\/canada-toronto\/","title":{"rendered":"ITAA \u00e0 Toronto, Canada"},"content":{"rendered":"<p>Bienvenue \u00e0 Internet and Technology Addicts Anonymous ! Nous sommes heureux que vous nous ayez trouv\u00e9s et nous esp\u00e9rons que notre communaut\u00e9 vous sera aussi utile qu'elle l'a \u00e9t\u00e9 pour nous.<strong> <mark style=\"background-color:rgba(0, 0, 0, 0)\" class=\"has-inline-color has-dark-gray-color\">L'ITAA est une association en douze \u00e9tapes regroupant des personnes qui s'entraident pour se r\u00e9tablir de leur d\u00e9pendance \u00e0 l'internet et aux technologies.<\/mark><\/strong> Il s'agit notamment de la d\u00e9pendance aux m\u00e9dias sociaux, aux smartphones, aux contenus vid\u00e9o ou audio en continu, aux jeux, aux actualit\u00e9s, \u00e0 la pornographie, aux applications de rencontres, aux recherches en ligne, aux achats en ligne ou \u00e0 toute autre activit\u00e9 num\u00e9rique qui devient compulsive et probl\u00e9matique.&nbsp;<\/p>\n\n\n\n<h3 class=\"wp-block-heading\">R\u00e9unions \u00e0 Toronto, Canada<\/h3>\n\n\n\n<p>Quand : Les lundis soirs de 19h \u00e0 20h\u00a0<br>Lieu : Centre communautaire Trinity-St. Paul, 427, rue Bloor Ouest, salle Circles<br>Accessibilit\u00e9\u00a0: La salle Circles est situ\u00e9e au rez-de-chauss\u00e9e et est accessible aux personnes \u00e0 mobilit\u00e9 r\u00e9duite. Pour y acc\u00e9der, veuillez utiliser l\u2019entr\u00e9e principale situ\u00e9e sur la rue Bloor, au nord du b\u00e2timent.\u00a0<br>REMARQUE\u00a0: Il arrive que la salle Circles soit indisponible\u00a0; dans ce cas, la r\u00e9union se tient dans une autre salle. Veuillez suivre les indications pour l\u2019ITAA ou vous renseigner \u00e0 l\u2019accueil.<br>Transports en commun\u00a0: La station TTC la plus proche est la station Spadina.<br>Stationnement\u00a0: Un stationnement payant, y compris des places de stationnement accessibles, est disponible de l\u2019autre c\u00f4t\u00e9 de la rue, sur Robert Street, au parking Green P, du c\u00f4t\u00e9 sud du supermarch\u00e9 Metro.<\/p>\n\n\n\n<p>Contact:<br>Ben +01&nbsp;<a href=\"tel:(647)%20779-6237\" target=\"_blank\" rel=\"noreferrer noopener\">(647) 779-6237<\/a>&nbsp;<br><a href=\"mailto:TorontoITAAmeeting@gmail.com\" target=\"_blank\" rel=\"noreferrer noopener\">TorontoITAAmeeting@gmail.com<\/a>&nbsp;<\/p>\n\n\n\n<p>Mise \u00e0 jour rapide\u00a0:<\/p>\n\n\n\n<p>Aux dates suivantes, nous nous r\u00e9unirons au rez-de-chauss\u00e9e, dans la salle du jardin (demandez votre chemin au personnel de la r\u00e9ception)\u00a0:<br>26 janvier<br>23 f\u00e9vrier<br>2 mars<br>23 mars<br>30 mars<br>27 avril<br>11 mai<br>25 mai<br>29 juin<\/p>\n\n\n\n<p>Note importante\u00a0: Il n\u2019y aura AUCUNE r\u00e9union aux dates suivantes en raison des jours f\u00e9ri\u00e9s.\u00a0<br>\u2013 16 f\u00e9vrier (Journ\u00e9e de la famille)<br>\u2013 18 mai (f\u00eate de la reine Victoria)\u00a0<\/p>\n\n\n\n<p>Informations compl\u00e9mentaires :<br>Les nouveaux venus sont les bienvenus ! Sauf si vous avez des questions, il n&#039;est pas n\u00e9cessaire de contacter qui que ce soit avant votre venue, vous pouvez simplement vous pr\u00e9senter ! \ud83d\ude42&nbsp;<br>Bien que nous nous r\u00e9unissions dans une \u00e9glise, sachez que l&#039;ITAA n&#039;est affili\u00e9e \u00e0 aucune religion. Notre association d\u00e9fend fermement la libert\u00e9 de chaque membre de s&#039;engager dans toute tradition religieuse ou de n&#039;en avoir aucune, selon ce qui lui est le plus utile sur son chemin de r\u00e9tablissement.<br>Cette r\u00e9union s&#039;adresse aux personnes d\u00e9pendantes \u00e0 Internet et aux technologies, ainsi qu&#039;\u00e0 toute personne qui se demande si elle a un probl\u00e8me de d\u00e9pendance. Les nouveaux venus sont les bienvenus.&nbsp;<br>Cette r\u00e9union n&#039;est pas destin\u00e9e aux chercheurs, aux journalistes, ni aux proches des personnes d\u00e9pendantes \u00e0 Internet et aux nouvelles technologies. Si vous appartenez \u00e0 l&#039;un de ces groupes, veuillez assister \u00e0 une r\u00e9union ouverte (indiqu\u00e9e en violet sur le site web).<a href=\"https:\/\/internetaddictsanonymous.org\/fr\/reunions-en-ligne\/\"> Calendrier des r\u00e9unions en ligne de l&#039;ITAA<\/a>) ou explorer des informations et r<a href=\"https:\/\/internetaddictsanonymous.org\/fr\/pour-la-famille-et-les-amis\/\">Ressources pour les familles et les amis des toxicomanes.<\/a><\/p>\n\n\n\n<p><\/p>\n\n\n\n<h3 class=\"wp-block-heading\">R\u00e9unions suppl\u00e9mentaires<\/h3>\n\n\n\n<p>Si vous \u00eates nouveau, nous vous encourageons \u00e0 essayer d'assister \u00e0 six r\u00e9unions sur une courte p\u00e9riode pour voir si notre programme peut vous \u00eatre utile. En plus de notre r\u00e9union locale en personne, vous pouvez \u00e9galement consulter notre site web. <a href=\"https:\/\/internetaddictsanonymous.org\/fr\/reunions-locales-sur-la-toxicomanie\/\">autres r\u00e9unions en personne<\/a> et un <a href=\"https:\/\/internetaddictsanonymous.org\/fr\/reunions-en-ligne\/\">calendrier complet des r\u00e9unions en ligne<\/a>. Toutes les r\u00e9unions sont enti\u00e8rement gratuites et anonymes.<\/p>\n\n\n\n<h3 class=\"wp-block-heading\"><strong>Comment fonctionnent les r\u00e9unions?<\/strong><\/h3>\n\n\n\n<p>Si c'est la premi\u00e8re fois que vous participez \u00e0 une r\u00e9union, il n'y a pas lieu d'\u00eatre nerveux. La plupart de nos r\u00e9unions sont tr\u00e8s simples ; chaque r\u00e9union a un pr\u00e9sident qui dirige la r\u00e9union, et la plupart des r\u00e9unions durent une heure. Le pr\u00e9sident et d'autres b\u00e9n\u00e9voles lisent quelques d\u00e9clarations pr\u00e9liminaires, avant d'ouvrir la r\u00e9union aux membres pour qu'ils partagent leurs points de vue. Il n'y a pas d'obligation de partager, et il n'y a pas de mal \u00e0 se contenter d'\u00e9couter. Vous pouvez dire comment vous allez, vous pr\u00e9senter et expliquer ce qui vous a amen\u00e9 \u00e0 l'ITAA, ou poser des questions. \u00c0 moins que le membre qui partage ne le demande, nous n'offrons pas de suggestions ou de commentaires en r\u00e9ponse aux partages des autres ; nous \u00e9coutons simplement sans porter de jugement. \u00c0 la fin de l'heure, la r\u00e9union se termine par une d\u00e9claration de cl\u00f4ture, apr\u00e8s quoi les membres discutent g\u00e9n\u00e9ralement de mani\u00e8re d\u00e9contract\u00e9e, posent des questions et \u00e9changent leurs coordonn\u00e9es.<\/p>\n\n\n\n<h3 class=\"wp-block-heading\">Ressources sur l'Internet et la d\u00e9pendance \u00e0 la technologie<\/h3>\n\n\n\n<p>Si vous vous demandez si vous souffrez d'une d\u00e9pendance \u00e0 l'internet et \u00e0 la technologie, vous pouvez consulter nos questionnaires sur les sujets suivants <a href=\"https:\/\/internetaddictsanonymous.org\/fr\/dependance-a-linternet-et-a-la-technologie\/\">d\u00e9pendance \u00e0 l'internet<\/a>, <a href=\"https:\/\/internetaddictsanonymous.org\/fr\/dependance-a-linternet-et-a-la-technologie\/la-dependance-aux-medias-sociaux\/\">la d\u00e9pendance aux m\u00e9dias sociaux<\/a>, <a href=\"https:\/\/internetaddictsanonymous.org\/fr\/dependance-a-linternet\/dependance-au-streaming\/\">d\u00e9pendance au streaming<\/a>, <a href=\"https:\/\/internetaddictsanonymous.org\/fr\/dependance-a-linternet-et-a-la-technologie\/dependance-au-telephone\/\">d\u00e9pendance au t\u00e9l\u00e9phone<\/a>ou <a href=\"https:\/\/internetaddictsanonymous.org\/fr\/dependance-a-linternet-et-a-la-technologie\/dependance-aux-jeux-video\/\">d\u00e9pendance aux jeux vid\u00e9o<\/a>. Vous pouvez \u00e9galement en savoir plus sur l'ITAA en lisant nos&nbsp;<a href=\"https:\/\/internetaddictsanonymous.org\/fr\/guide-pour-les-nouveaux-arrivants\/\">guide pour les nouveaux arrivants<\/a>en passant en revue notre <a href=\"https:\/\/internetaddictsanonymous.org\/fr\/ressources\/les-outils-de-la-relance\/\">les outils de la relance<\/a>ou en \u00e9coutant <a href=\"https:\/\/internetaddictsanonymous.org\/fr\/recits-de-guerison\/\">histoires de r\u00e9tablissement des membres<\/a>.<\/p>\n\n\n\n<p>L'ITAA n'est affili\u00e9e \u00e0 aucun programme politique, religion ou int\u00e9r\u00eats ext\u00e9rieurs. Nous sommes enti\u00e8rement autosuffisants et gratuits pour tous ceux qui en ont besoin. Notre seul objectif est de nous abstenir d'utiliser Internet et la technologie de mani\u00e8re compulsive et d'aider les autres \u00e0 se lib\u00e9rer de cette d\u00e9pendance.<\/p>\n\n\n\n<p>Encore une fois, bienvenue ! Nous esp\u00e9rons que cette communaut\u00e9 vous apportera le soutien dont vous avez besoin pour vous r\u00e9tablir de votre d\u00e9pendance \u00e0 l'internet et aux technologies. N'h\u00e9sitez pas \u00e0 nous contacter si vous avez des questions.<\/p>\n<!-- PMB print buttons is only displayed on a single post\/page URLs-->","protected":false},"excerpt":{"rendered":"<p>Bienvenue aux Accros de l'Internet et de la Technologie Anonymes ! Nous sommes heureux que vous nous ayez trouv\u00e9s et nous esp\u00e9rons que notre communaut\u00e9 vous sera aussi utile qu'elle l'a \u00e9t\u00e9 pour nous. L'ITAA est une association en douze \u00e9tapes de personnes qui se soutiennent mutuellement dans leur r\u00e9tablissement de la d\u00e9pendance \u00e0 l'Internet et \u00e0 la technologie. Cela inclut la d\u00e9pendance aux m\u00e9dias sociaux, aux smartphones, aux ... <a href=\"https:\/\/internetaddictsanonymous.org\/fr\/in-person-meetings\/canada-toronto\/\" class=\"more-link\">Lire la suite de <span class=\"screen-reader-text\">ITAA \u00e0 Toronto, Canada<\/span><\/a><\/p>","protected":false},"author":35194283,"featured_media":0,"parent":148,"menu_order":0,"comment_status":"closed","ping_status":"closed","template":"full-width-page.php","meta":{"inline_featured_image":false,"_lmt_disableupdate":"","_lmt_disable":"","jetpack_post_was_ever_published":false,"footnotes":""},"tags":[],"class_list":["post-18513","page","type-page","status-publish","hentry"],"yoast_head":"<!-- This site is optimized with the Yoast SEO plugin v27.3 - https:\/\/yoast.com\/product\/yoast-seo-wordpress\/ -->\n<title>ITAA in Toronto, Canada &#8211; Internet and Technology Addicts Anonymous<\/title>\n<meta name=\"description\" content=\"There is interest in starting an in-person meeting in Toronto, Canada. If you are interested in attending, please reach out to the contact.\" \/>\n<meta name=\"robots\" content=\"index, follow, max-snippet:-1, max-image-preview:large, max-video-preview:-1\" \/>\n<link rel=\"canonical\" href=\"https:\/\/internetaddictsanonymous.org\/fr\/reunions-locales-sur-la-toxicomanie\/litaa-a-toronto-canada\/\" \/>\n<meta property=\"og:locale\" content=\"fr_FR\" \/>\n<meta property=\"og:type\" content=\"article\" \/>\n<meta property=\"og:title\" content=\"ITAA in Toronto, Canada &#8211; Internet and Technology Addicts Anonymous\" \/>\n<meta property=\"og:description\" content=\"There is interest in starting an in-person meeting in Toronto, Canada. If you are interested in attending, please reach out to the contact.\" \/>\n<meta property=\"og:url\" content=\"https:\/\/internetaddictsanonymous.org\/fr\/reunions-locales-sur-la-toxicomanie\/litaa-a-toronto-canada\/\" \/>\n<meta property=\"og:site_name\" content=\"Internet and Technology Addicts Anonymous\" \/>\n<meta property=\"article:modified_time\" content=\"2026-02-12T03:46:47+00:00\" \/>\n<meta name=\"twitter:card\" content=\"summary_large_image\" \/>\n<meta name=\"twitter:label1\" content=\"Dur\u00e9e de lecture estim\u00e9e\" \/>\n\t<meta name=\"twitter:data1\" content=\"4 minutes\" \/>\n<script type=\"application\/ld+json\" class=\"yoast-schema-graph\">{\"@context\":\"https:\\\/\\\/schema.org\",\"@graph\":[{\"@type\":\"WebPage\",\"@id\":\"https:\\\/\\\/internetaddictsanonymous.org\\\/in-person-meetings\\\/canada-toronto\\\/\",\"url\":\"https:\\\/\\\/internetaddictsanonymous.org\\\/in-person-meetings\\\/canada-toronto\\\/\",\"name\":\"ITAA in Toronto, Canada &#8211; Internet and Technology Addicts Anonymous\",\"isPartOf\":{\"@id\":\"https:\\\/\\\/internetaddictsanonymous.org\\\/#website\"},\"datePublished\":\"2024-08-20T23:29:56+00:00\",\"dateModified\":\"2026-02-12T03:46:47+00:00\",\"description\":\"There is interest in starting an in-person meeting in Toronto, Canada. If you are interested in attending, please reach out to the contact.\",\"breadcrumb\":{\"@id\":\"https:\\\/\\\/internetaddictsanonymous.org\\\/in-person-meetings\\\/canada-toronto\\\/#breadcrumb\"},\"inLanguage\":\"fr-FR\",\"potentialAction\":[{\"@type\":\"ReadAction\",\"target\":[\"https:\\\/\\\/internetaddictsanonymous.org\\\/in-person-meetings\\\/canada-toronto\\\/\"]}]},{\"@type\":\"BreadcrumbList\",\"@id\":\"https:\\\/\\\/internetaddictsanonymous.org\\\/in-person-meetings\\\/canada-toronto\\\/#breadcrumb\",\"itemListElement\":[{\"@type\":\"ListItem\",\"position\":1,\"name\":\"Home\",\"item\":\"https:\\\/\\\/internetaddictsanonymous.org\\\/\"},{\"@type\":\"ListItem\",\"position\":2,\"name\":\"In-Person Meetings\",\"item\":\"https:\\\/\\\/internetaddictsanonymous.org\\\/in-person-meetings\\\/\"},{\"@type\":\"ListItem\",\"position\":3,\"name\":\"ITAA in Toronto, Canada\"}]},{\"@type\":\"WebSite\",\"@id\":\"https:\\\/\\\/internetaddictsanonymous.org\\\/#website\",\"url\":\"https:\\\/\\\/internetaddictsanonymous.org\\\/\",\"name\":\"Internet and Technology Addicts Anonymous\",\"description\":\"Worldwide 12-step Fellowship for Internet and Technology Addiction\",\"publisher\":{\"@id\":\"https:\\\/\\\/internetaddictsanonymous.org\\\/#organization\"},\"potentialAction\":[{\"@type\":\"SearchAction\",\"target\":{\"@type\":\"EntryPoint\",\"urlTemplate\":\"https:\\\/\\\/internetaddictsanonymous.org\\\/?s={search_term_string}\"},\"query-input\":{\"@type\":\"PropertyValueSpecification\",\"valueRequired\":true,\"valueName\":\"search_term_string\"}}],\"inLanguage\":\"fr-FR\"},{\"@type\":\"Organization\",\"@id\":\"https:\\\/\\\/internetaddictsanonymous.org\\\/#organization\",\"name\":\"Internet and Technology Addicts Anonymous\",\"url\":\"https:\\\/\\\/internetaddictsanonymous.org\\\/\",\"logo\":{\"@type\":\"ImageObject\",\"inLanguage\":\"fr-FR\",\"@id\":\"https:\\\/\\\/internetaddictsanonymous.org\\\/#\\\/schema\\\/logo\\\/image\\\/\",\"url\":\"https:\\\/\\\/internetaddictsanonymous.org\\\/wp-content\\\/uploads\\\/2023\\\/01\\\/cropped-ITAA-logo-480px.png\",\"contentUrl\":\"https:\\\/\\\/internetaddictsanonymous.org\\\/wp-content\\\/uploads\\\/2023\\\/01\\\/cropped-ITAA-logo-480px.png\",\"width\":480,\"height\":480,\"caption\":\"Internet and Technology Addicts Anonymous\"},\"image\":{\"@id\":\"https:\\\/\\\/internetaddictsanonymous.org\\\/#\\\/schema\\\/logo\\\/image\\\/\"}}]}<\/script>\n<!-- \/ Yoast SEO plugin. -->","yoast_head_json":{"title":"ITAA \u00e0 Toronto, Canada - Addicts \u00e0 l'Internet et \u00e0 la technologie anonymes","description":"Il existe un int\u00e9r\u00eat pour l&#039;organisation d&#039;une r\u00e9union en personne \u00e0 Toronto, au Canada. Si vous souhaitez y participer, veuillez contacter la personne d\u00e9sign\u00e9e.","robots":{"index":"index","follow":"follow","max-snippet":"max-snippet:-1","max-image-preview":"max-image-preview:large","max-video-preview":"max-video-preview:-1"},"canonical":"https:\/\/internetaddictsanonymous.org\/fr\/reunions-locales-sur-la-toxicomanie\/litaa-a-toronto-canada\/","og_locale":"fr_FR","og_type":"article","og_title":"ITAA in Toronto, Canada &#8211; Internet and Technology Addicts Anonymous","og_description":"There is interest in starting an in-person meeting in Toronto, Canada. If you are interested in attending, please reach out to the contact.","og_url":"https:\/\/internetaddictsanonymous.org\/fr\/reunions-locales-sur-la-toxicomanie\/litaa-a-toronto-canada\/","og_site_name":"Internet and Technology Addicts Anonymous","article_modified_time":"2026-02-12T03:46:47+00:00","twitter_card":"summary_large_image","twitter_misc":{"Dur\u00e9e de lecture estim\u00e9e":"4 minutes"},"schema":{"@context":"https:\/\/schema.org","@graph":[{"@type":"WebPage","@id":"https:\/\/internetaddictsanonymous.org\/in-person-meetings\/canada-toronto\/","url":"https:\/\/internetaddictsanonymous.org\/in-person-meetings\/canada-toronto\/","name":"ITAA \u00e0 Toronto, Canada - Addicts \u00e0 l'Internet et \u00e0 la technologie anonymes","isPartOf":{"@id":"https:\/\/internetaddictsanonymous.org\/#website"},"datePublished":"2024-08-20T23:29:56+00:00","dateModified":"2026-02-12T03:46:47+00:00","description":"Il existe un int\u00e9r\u00eat pour l&#039;organisation d&#039;une r\u00e9union en personne \u00e0 Toronto, au Canada. Si vous souhaitez y participer, veuillez contacter la personne d\u00e9sign\u00e9e.","breadcrumb":{"@id":"https:\/\/internetaddictsanonymous.org\/in-person-meetings\/canada-toronto\/#breadcrumb"},"inLanguage":"fr-FR","potentialAction":[{"@type":"ReadAction","target":["https:\/\/internetaddictsanonymous.org\/in-person-meetings\/canada-toronto\/"]}]},{"@type":"BreadcrumbList","@id":"https:\/\/internetaddictsanonymous.org\/in-person-meetings\/canada-toronto\/#breadcrumb","itemListElement":[{"@type":"ListItem","position":1,"name":"Home","item":"https:\/\/internetaddictsanonymous.org\/"},{"@type":"ListItem","position":2,"name":"In-Person Meetings","item":"https:\/\/internetaddictsanonymous.org\/in-person-meetings\/"},{"@type":"ListItem","position":3,"name":"ITAA in Toronto, Canada"}]},{"@type":"WebSite","@id":"https:\/\/internetaddictsanonymous.org\/#website","url":"https:\/\/internetaddictsanonymous.org\/","name":"D\u00e9pendants \u00e0 Internet et aux technologies anonymes","description":"Communaut\u00e9 mondiale en 12 \u00e9tapes pour la d\u00e9pendance \u00e0 l'Internet et \u00e0 la technologie","publisher":{"@id":"https:\/\/internetaddictsanonymous.org\/#organization"},"potentialAction":[{"@type":"SearchAction","target":{"@type":"EntryPoint","urlTemplate":"https:\/\/internetaddictsanonymous.org\/?s={search_term_string}"},"query-input":{"@type":"PropertyValueSpecification","valueRequired":true,"valueName":"search_term_string"}}],"inLanguage":"fr-FR"},{"@type":"Organization","@id":"https:\/\/internetaddictsanonymous.org\/#organization","name":"D\u00e9pendants \u00e0 Internet et aux technologies anonymes","url":"https:\/\/internetaddictsanonymous.org\/","logo":{"@type":"ImageObject","inLanguage":"fr-FR","@id":"https:\/\/internetaddictsanonymous.org\/#\/schema\/logo\/image\/","url":"https:\/\/internetaddictsanonymous.org\/wp-content\/uploads\/2023\/01\/cropped-ITAA-logo-480px.png","contentUrl":"https:\/\/internetaddictsanonymous.org\/wp-content\/uploads\/2023\/01\/cropped-ITAA-logo-480px.png","width":480,"height":480,"caption":"Internet and Technology Addicts Anonymous"},"image":{"@id":"https:\/\/internetaddictsanonymous.org\/#\/schema\/logo\/image\/"}}]}},"jetpack_sharing_enabled":true,"jetpack_shortlink":"https:\/\/wp.me\/P9Fwob-4OB","_links":{"self":[{"href":"https:\/\/internetaddictsanonymous.org\/fr\/wp-json\/wp\/v2\/pages\/18513","targetHints":{"allow":["GET"]}}],"collection":[{"href":"https:\/\/internetaddictsanonymous.org\/fr\/wp-json\/wp\/v2\/pages"}],"about":[{"href":"https:\/\/internetaddictsanonymous.org\/fr\/wp-json\/wp\/v2\/types\/page"}],"author":[{"embeddable":true,"href":"https:\/\/internetaddictsanonymous.org\/fr\/wp-json\/wp\/v2\/users\/35194283"}],"replies":[{"embeddable":true,"href":"https:\/\/internetaddictsanonymous.org\/fr\/wp-json\/wp\/v2\/comments?post=18513"}],"version-history":[{"count":21,"href":"https:\/\/internetaddictsanonymous.org\/fr\/wp-json\/wp\/v2\/pages\/18513\/revisions"}],"predecessor-version":[{"id":21019,"href":"https:\/\/internetaddictsanonymous.org\/fr\/wp-json\/wp\/v2\/pages\/18513\/revisions\/21019"}],"up":[{"embeddable":true,"href":"https:\/\/internetaddictsanonymous.org\/fr\/wp-json\/wp\/v2\/pages\/148"}],"wp:attachment":[{"href":"https:\/\/internetaddictsanonymous.org\/fr\/wp-json\/wp\/v2\/media?parent=18513"}],"wp:term":[{"taxonomy":"post_tag","embeddable":true,"href":"https:\/\/internetaddictsanonymous.org\/fr\/wp-json\/wp\/v2\/tags?post=18513"}],"curies":[{"name":"wp","href":"https:\/\/api.w.org\/{rel}","templated":true}]}}