{"id":18556,"date":"2024-08-28T22:14:13","date_gmt":"2024-08-29T05:14:13","guid":{"rendered":"https:\/\/internetaddictsanonymous.org\/?page_id=18556"},"modified":"2025-05-23T18:44:14","modified_gmt":"2025-05-24T01:44:14","slug":"australie-byronbay-2","status":"publish","type":"page","link":"https:\/\/internetaddictsanonymous.org\/fr\/in-person-meetings\/australia-byron-bay\/","title":{"rendered":"ITAA \u00e0 Byron Bay, Australie"},"content":{"rendered":"<p>Bienvenue \u00e0 Internet and Technology Addicts Anonymous ! Nous sommes heureux que vous nous ayez trouv\u00e9s et nous esp\u00e9rons que notre communaut\u00e9 vous sera aussi utile qu'elle l'a \u00e9t\u00e9 pour nous.<strong> <mark style=\"background-color:rgba(0, 0, 0, 0)\" class=\"has-inline-color has-dark-gray-color\">L'ITAA est une association en douze \u00e9tapes regroupant des personnes qui s'entraident pour se r\u00e9tablir de leur d\u00e9pendance \u00e0 l'internet et aux technologies.<\/mark><\/strong> Il s'agit notamment de la d\u00e9pendance aux m\u00e9dias sociaux, aux smartphones, aux contenus vid\u00e9o ou audio en continu, aux jeux, aux actualit\u00e9s, \u00e0 la pornographie, aux applications de rencontres, aux recherches en ligne, aux achats en ligne ou \u00e0 toute autre activit\u00e9 num\u00e9rique qui devient compulsive et probl\u00e9matique.&nbsp;<\/p>\n\n\n\n<h3 class=\"wp-block-heading\">R\u00e9unions \u00e0 Byron Bay<\/h3>\n\n\n\n<p>Les personnes int\u00e9ress\u00e9es par une r\u00e9union en personne de l'ITAA \u00e0 Bangalow, Byron Bay, Australie, sont pri\u00e9es de contacter Ryan \u00e0 l'adresse itaabyronbay@gmail.com.<\/p>\n\n\n\n<p><\/p>\n\n\n\n<h3 class=\"wp-block-heading\">R\u00e9unions suppl\u00e9mentaires<\/h3>\n\n\n\n<p>Si vous \u00eates nouveau, nous vous encourageons \u00e0 essayer d'assister \u00e0 six r\u00e9unions sur une courte p\u00e9riode pour voir si notre programme peut vous \u00eatre utile. En plus de notre r\u00e9union locale en personne, vous pouvez \u00e9galement consulter notre site web. <a href=\"https:\/\/internetaddictsanonymous.org\/fr\/reunions-locales-sur-la-toxicomanie\/\">autres r\u00e9unions en personne<\/a> et un <a href=\"https:\/\/internetaddictsanonymous.org\/fr\/reunions-en-ligne\/\">calendrier complet des r\u00e9unions en ligne<\/a>. Toutes les r\u00e9unions sont enti\u00e8rement gratuites et anonymes.<\/p>\n\n\n\n<h3 class=\"wp-block-heading\"><strong>Comment fonctionnent les r\u00e9unions?<\/strong><\/h3>\n\n\n\n<p>Si c'est la premi\u00e8re fois que vous participez \u00e0 une r\u00e9union, il n'y a pas lieu d'\u00eatre nerveux. La plupart de nos r\u00e9unions sont tr\u00e8s simples ; chaque r\u00e9union a un pr\u00e9sident qui dirige la r\u00e9union, et la plupart des r\u00e9unions durent une heure. Le pr\u00e9sident et d'autres b\u00e9n\u00e9voles lisent quelques d\u00e9clarations pr\u00e9liminaires, avant d'ouvrir la r\u00e9union aux membres pour qu'ils partagent leurs points de vue. Il n'est pas n\u00e9cessaire de partager, et il n'y a pas de mal \u00e0 se contenter d'\u00e9couter. Si vous vous sentez \u00e0 l'aise, vous pouvez vous pr\u00e9senter et dire ce qui vous a amen\u00e9 \u00e0 l'ITAA. \u00c0 moins que le membre qui partage ne le demande, nous n'offrons pas de suggestions ou de commentaires en r\u00e9ponse aux partages des autres ; nous \u00e9coutons simplement sans porter de jugement. Au bout d'une heure, la r\u00e9union se termine par une d\u00e9claration de cl\u00f4ture, apr\u00e8s quoi les membres discutent g\u00e9n\u00e9ralement de mani\u00e8re d\u00e9contract\u00e9e, posent des questions et \u00e9changent leurs coordonn\u00e9es.<\/p>\n\n\n\n<h3 class=\"wp-block-heading\">Ressources sur l'Internet et la d\u00e9pendance \u00e0 la technologie<\/h3>\n\n\n\n<p>Si vous vous demandez si vous souffrez d'une d\u00e9pendance \u00e0 l'internet et \u00e0 la technologie, vous pouvez consulter nos questionnaires sur les sujets suivants <a href=\"https:\/\/internetaddictsanonymous.org\/fr\/dependance-a-linternet-et-a-la-technologie\/\">d\u00e9pendance \u00e0 l'internet<\/a>, <a href=\"https:\/\/internetaddictsanonymous.org\/fr\/dependance-a-linternet-et-a-la-technologie\/la-dependance-aux-medias-sociaux\/\">la d\u00e9pendance aux m\u00e9dias sociaux<\/a>, <a href=\"https:\/\/internetaddictsanonymous.org\/fr\/dependance-a-linternet\/dependance-au-streaming\/\">d\u00e9pendance au streaming<\/a>, <a href=\"https:\/\/internetaddictsanonymous.org\/fr\/dependance-a-linternet-et-a-la-technologie\/dependance-au-telephone\/\">d\u00e9pendance au t\u00e9l\u00e9phone<\/a>ou <a href=\"https:\/\/internetaddictsanonymous.org\/fr\/dependance-a-linternet-et-a-la-technologie\/dependance-aux-jeux-video\/\">d\u00e9pendance aux jeux vid\u00e9o<\/a>. Vous pouvez \u00e9galement en savoir plus sur l'ITAA en lisant nos&nbsp;<a href=\"https:\/\/internetaddictsanonymous.org\/fr\/guide-pour-les-nouveaux-arrivants\/\">guide pour les nouveaux arrivants<\/a>en passant en revue notre <a href=\"https:\/\/internetaddictsanonymous.org\/fr\/ressources\/les-outils-de-la-relance\/\">les outils de la relance<\/a>ou en \u00e9coutant <a href=\"https:\/\/internetaddictsanonymous.org\/fr\/recits-de-guerison\/\">histoires de r\u00e9tablissement des membres<\/a>.<\/p>\n\n\n\n<p>L'ITAA n'est affili\u00e9e \u00e0 aucun programme politique, religion ou int\u00e9r\u00eats ext\u00e9rieurs. Nous sommes enti\u00e8rement autosuffisants et gratuits pour tous ceux qui en ont besoin. Notre seul objectif est de nous abstenir d'utiliser Internet et la technologie de mani\u00e8re compulsive et d'aider les autres \u00e0 se lib\u00e9rer de cette d\u00e9pendance.<\/p>\n\n\n\n<p>Encore une fois, bienvenue ! Nous esp\u00e9rons que cette communaut\u00e9 vous apportera le soutien dont vous avez besoin pour vous r\u00e9tablir de votre d\u00e9pendance \u00e0 l'internet et aux technologies. N'h\u00e9sitez pas \u00e0 nous contacter si vous avez des questions.<\/p>\n<!-- PMB print buttons is only displayed on a single post\/page URLs-->","protected":false},"excerpt":{"rendered":"<p>Bienvenue aux Accros de l'Internet et de la Technologie Anonymes ! Nous sommes heureux que vous nous ayez trouv\u00e9s et nous esp\u00e9rons que notre communaut\u00e9 vous sera aussi utile qu'elle l'a \u00e9t\u00e9 pour nous. L'ITAA est une association en douze \u00e9tapes de personnes qui se soutiennent mutuellement dans leur r\u00e9tablissement de la d\u00e9pendance \u00e0 l'Internet et \u00e0 la technologie. Cela inclut la d\u00e9pendance aux m\u00e9dias sociaux, aux smartphones, aux ... <a href=\"https:\/\/internetaddictsanonymous.org\/fr\/in-person-meetings\/australia-byron-bay\/\" class=\"more-link\">Lire la suite de <span class=\"screen-reader-text\">ITAA \u00e0 Byron Bay, Australie<\/span><\/a><\/p>","protected":false},"author":35194285,"featured_media":0,"parent":148,"menu_order":0,"comment_status":"closed","ping_status":"closed","template":"full-width-page.php","meta":{"inline_featured_image":false,"_lmt_disableupdate":"","_lmt_disable":"","jetpack_post_was_ever_published":false,"footnotes":""},"tags":[],"class_list":["post-18556","page","type-page","status-publish","hentry"],"yoast_head":"<!-- This site is optimized with the Yoast SEO plugin v27.3 - https:\/\/yoast.com\/product\/yoast-seo-wordpress\/ -->\n<title>ITAA in Byron Bay, Australia &#8211; Internet and Technology Addicts Anonymous<\/title>\n<meta name=\"description\" content=\"There is interest in starting an in-person meeting in Byron Bay, Australia. If you are interested in attending, please reach out to the contact.\" \/>\n<meta name=\"robots\" content=\"index, follow, max-snippet:-1, max-image-preview:large, max-video-preview:-1\" \/>\n<link rel=\"canonical\" href=\"https:\/\/internetaddictsanonymous.org\/fr\/reunions-locales-sur-la-toxicomanie\/australie-byronbay-2\/\" \/>\n<meta property=\"og:locale\" content=\"fr_FR\" \/>\n<meta property=\"og:type\" content=\"article\" \/>\n<meta property=\"og:title\" content=\"ITAA in Byron Bay, Australia &#8211; Internet and Technology Addicts Anonymous\" \/>\n<meta property=\"og:description\" content=\"There is interest in starting an in-person meeting in Byron Bay, Australia. If you are interested in attending, please reach out to the contact.\" \/>\n<meta property=\"og:url\" content=\"https:\/\/internetaddictsanonymous.org\/fr\/reunions-locales-sur-la-toxicomanie\/australie-byronbay-2\/\" \/>\n<meta property=\"og:site_name\" content=\"Internet and Technology Addicts Anonymous\" \/>\n<meta property=\"article:modified_time\" content=\"2025-05-24T01:44:14+00:00\" \/>\n<meta name=\"twitter:card\" content=\"summary_large_image\" \/>\n<meta name=\"twitter:label1\" content=\"Dur\u00e9e de lecture estim\u00e9e\" \/>\n\t<meta name=\"twitter:data1\" content=\"2 minutes\" \/>\n<script type=\"application\/ld+json\" class=\"yoast-schema-graph\">{\"@context\":\"https:\\\/\\\/schema.org\",\"@graph\":[{\"@type\":\"WebPage\",\"@id\":\"https:\\\/\\\/internetaddictsanonymous.org\\\/in-person-meetings\\\/australia-byron-bay\\\/\",\"url\":\"https:\\\/\\\/internetaddictsanonymous.org\\\/in-person-meetings\\\/australia-byron-bay\\\/\",\"name\":\"ITAA in Byron Bay, Australia &#8211; Internet and Technology Addicts Anonymous\",\"isPartOf\":{\"@id\":\"https:\\\/\\\/internetaddictsanonymous.org\\\/#website\"},\"datePublished\":\"2024-08-29T05:14:13+00:00\",\"dateModified\":\"2025-05-24T01:44:14+00:00\",\"description\":\"There is interest in starting an in-person meeting in Byron Bay, Australia. If you are interested in attending, please reach out to the contact.\",\"breadcrumb\":{\"@id\":\"https:\\\/\\\/internetaddictsanonymous.org\\\/in-person-meetings\\\/australia-byron-bay\\\/#breadcrumb\"},\"inLanguage\":\"fr-FR\",\"potentialAction\":[{\"@type\":\"ReadAction\",\"target\":[\"https:\\\/\\\/internetaddictsanonymous.org\\\/in-person-meetings\\\/australia-byron-bay\\\/\"]}]},{\"@type\":\"BreadcrumbList\",\"@id\":\"https:\\\/\\\/internetaddictsanonymous.org\\\/in-person-meetings\\\/australia-byron-bay\\\/#breadcrumb\",\"itemListElement\":[{\"@type\":\"ListItem\",\"position\":1,\"name\":\"Home\",\"item\":\"https:\\\/\\\/internetaddictsanonymous.org\\\/\"},{\"@type\":\"ListItem\",\"position\":2,\"name\":\"In-Person Meetings\",\"item\":\"https:\\\/\\\/internetaddictsanonymous.org\\\/in-person-meetings\\\/\"},{\"@type\":\"ListItem\",\"position\":3,\"name\":\"ITAA in Byron Bay, Australia\"}]},{\"@type\":\"WebSite\",\"@id\":\"https:\\\/\\\/internetaddictsanonymous.org\\\/#website\",\"url\":\"https:\\\/\\\/internetaddictsanonymous.org\\\/\",\"name\":\"Internet and Technology Addicts Anonymous\",\"description\":\"Worldwide 12-step Fellowship for Internet and Technology Addiction\",\"publisher\":{\"@id\":\"https:\\\/\\\/internetaddictsanonymous.org\\\/#organization\"},\"potentialAction\":[{\"@type\":\"SearchAction\",\"target\":{\"@type\":\"EntryPoint\",\"urlTemplate\":\"https:\\\/\\\/internetaddictsanonymous.org\\\/?s={search_term_string}\"},\"query-input\":{\"@type\":\"PropertyValueSpecification\",\"valueRequired\":true,\"valueName\":\"search_term_string\"}}],\"inLanguage\":\"fr-FR\"},{\"@type\":\"Organization\",\"@id\":\"https:\\\/\\\/internetaddictsanonymous.org\\\/#organization\",\"name\":\"Internet and Technology Addicts Anonymous\",\"url\":\"https:\\\/\\\/internetaddictsanonymous.org\\\/\",\"logo\":{\"@type\":\"ImageObject\",\"inLanguage\":\"fr-FR\",\"@id\":\"https:\\\/\\\/internetaddictsanonymous.org\\\/#\\\/schema\\\/logo\\\/image\\\/\",\"url\":\"https:\\\/\\\/internetaddictsanonymous.org\\\/wp-content\\\/uploads\\\/2023\\\/01\\\/cropped-ITAA-logo-480px.png\",\"contentUrl\":\"https:\\\/\\\/internetaddictsanonymous.org\\\/wp-content\\\/uploads\\\/2023\\\/01\\\/cropped-ITAA-logo-480px.png\",\"width\":480,\"height\":480,\"caption\":\"Internet and Technology Addicts Anonymous\"},\"image\":{\"@id\":\"https:\\\/\\\/internetaddictsanonymous.org\\\/#\\\/schema\\\/logo\\\/image\\\/\"}}]}<\/script>\n<!-- \/ Yoast SEO plugin. -->","yoast_head_json":{"title":"ITAA \u00e0 Byron Bay, Australie - Addicts \u00e0 l'Internet et aux technologies anonymes","description":"Il existe un int\u00e9r\u00eat pour l&#039;organisation d&#039;une r\u00e9union en pr\u00e9sentiel \u00e0 Byron Bay, en Australie. Si vous souhaitez y participer, veuillez contacter la personne d\u00e9sign\u00e9e.","robots":{"index":"index","follow":"follow","max-snippet":"max-snippet:-1","max-image-preview":"max-image-preview:large","max-video-preview":"max-video-preview:-1"},"canonical":"https:\/\/internetaddictsanonymous.org\/fr\/reunions-locales-sur-la-toxicomanie\/australie-byronbay-2\/","og_locale":"fr_FR","og_type":"article","og_title":"ITAA in Byron Bay, Australia &#8211; Internet and Technology Addicts Anonymous","og_description":"There is interest in starting an in-person meeting in Byron Bay, Australia. If you are interested in attending, please reach out to the contact.","og_url":"https:\/\/internetaddictsanonymous.org\/fr\/reunions-locales-sur-la-toxicomanie\/australie-byronbay-2\/","og_site_name":"Internet and Technology Addicts Anonymous","article_modified_time":"2025-05-24T01:44:14+00:00","twitter_card":"summary_large_image","twitter_misc":{"Dur\u00e9e de lecture estim\u00e9e":"2 minutes"},"schema":{"@context":"https:\/\/schema.org","@graph":[{"@type":"WebPage","@id":"https:\/\/internetaddictsanonymous.org\/in-person-meetings\/australia-byron-bay\/","url":"https:\/\/internetaddictsanonymous.org\/in-person-meetings\/australia-byron-bay\/","name":"ITAA \u00e0 Byron Bay, Australie - Addicts \u00e0 l'Internet et aux technologies anonymes","isPartOf":{"@id":"https:\/\/internetaddictsanonymous.org\/#website"},"datePublished":"2024-08-29T05:14:13+00:00","dateModified":"2025-05-24T01:44:14+00:00","description":"Il existe un int\u00e9r\u00eat pour l&#039;organisation d&#039;une r\u00e9union en pr\u00e9sentiel \u00e0 Byron Bay, en Australie. Si vous souhaitez y participer, veuillez contacter la personne d\u00e9sign\u00e9e.","breadcrumb":{"@id":"https:\/\/internetaddictsanonymous.org\/in-person-meetings\/australia-byron-bay\/#breadcrumb"},"inLanguage":"fr-FR","potentialAction":[{"@type":"ReadAction","target":["https:\/\/internetaddictsanonymous.org\/in-person-meetings\/australia-byron-bay\/"]}]},{"@type":"BreadcrumbList","@id":"https:\/\/internetaddictsanonymous.org\/in-person-meetings\/australia-byron-bay\/#breadcrumb","itemListElement":[{"@type":"ListItem","position":1,"name":"Home","item":"https:\/\/internetaddictsanonymous.org\/"},{"@type":"ListItem","position":2,"name":"In-Person Meetings","item":"https:\/\/internetaddictsanonymous.org\/in-person-meetings\/"},{"@type":"ListItem","position":3,"name":"ITAA in Byron Bay, Australia"}]},{"@type":"WebSite","@id":"https:\/\/internetaddictsanonymous.org\/#website","url":"https:\/\/internetaddictsanonymous.org\/","name":"D\u00e9pendants \u00e0 Internet et aux technologies anonymes","description":"Communaut\u00e9 mondiale en 12 \u00e9tapes pour la d\u00e9pendance \u00e0 l'Internet et \u00e0 la technologie","publisher":{"@id":"https:\/\/internetaddictsanonymous.org\/#organization"},"potentialAction":[{"@type":"SearchAction","target":{"@type":"EntryPoint","urlTemplate":"https:\/\/internetaddictsanonymous.org\/?s={search_term_string}"},"query-input":{"@type":"PropertyValueSpecification","valueRequired":true,"valueName":"search_term_string"}}],"inLanguage":"fr-FR"},{"@type":"Organization","@id":"https:\/\/internetaddictsanonymous.org\/#organization","name":"D\u00e9pendants \u00e0 Internet et aux technologies anonymes","url":"https:\/\/internetaddictsanonymous.org\/","logo":{"@type":"ImageObject","inLanguage":"fr-FR","@id":"https:\/\/internetaddictsanonymous.org\/#\/schema\/logo\/image\/","url":"https:\/\/internetaddictsanonymous.org\/wp-content\/uploads\/2023\/01\/cropped-ITAA-logo-480px.png","contentUrl":"https:\/\/internetaddictsanonymous.org\/wp-content\/uploads\/2023\/01\/cropped-ITAA-logo-480px.png","width":480,"height":480,"caption":"Internet and Technology Addicts Anonymous"},"image":{"@id":"https:\/\/internetaddictsanonymous.org\/#\/schema\/logo\/image\/"}}]}},"jetpack_sharing_enabled":true,"jetpack_shortlink":"https:\/\/wp.me\/P9Fwob-4Pi","_links":{"self":[{"href":"https:\/\/internetaddictsanonymous.org\/fr\/wp-json\/wp\/v2\/pages\/18556","targetHints":{"allow":["GET"]}}],"collection":[{"href":"https:\/\/internetaddictsanonymous.org\/fr\/wp-json\/wp\/v2\/pages"}],"about":[{"href":"https:\/\/internetaddictsanonymous.org\/fr\/wp-json\/wp\/v2\/types\/page"}],"author":[{"embeddable":true,"href":"https:\/\/internetaddictsanonymous.org\/fr\/wp-json\/wp\/v2\/users\/35194285"}],"replies":[{"embeddable":true,"href":"https:\/\/internetaddictsanonymous.org\/fr\/wp-json\/wp\/v2\/comments?post=18556"}],"version-history":[{"count":2,"href":"https:\/\/internetaddictsanonymous.org\/fr\/wp-json\/wp\/v2\/pages\/18556\/revisions"}],"predecessor-version":[{"id":18568,"href":"https:\/\/internetaddictsanonymous.org\/fr\/wp-json\/wp\/v2\/pages\/18556\/revisions\/18568"}],"up":[{"embeddable":true,"href":"https:\/\/internetaddictsanonymous.org\/fr\/wp-json\/wp\/v2\/pages\/148"}],"wp:attachment":[{"href":"https:\/\/internetaddictsanonymous.org\/fr\/wp-json\/wp\/v2\/media?parent=18556"}],"wp:term":[{"taxonomy":"post_tag","embeddable":true,"href":"https:\/\/internetaddictsanonymous.org\/fr\/wp-json\/wp\/v2\/tags?post=18556"}],"curies":[{"name":"wp","href":"https:\/\/api.w.org\/{rel}","templated":true}]}}