{"id":20032,"date":"2025-06-13T19:32:11","date_gmt":"2025-06-14T02:32:11","guid":{"rendered":"https:\/\/internetaddictsanonymous.org\/?page_id=20032"},"modified":"2026-02-05T15:16:48","modified_gmt":"2026-02-05T23:16:48","slug":"etats-unis-texas","status":"publish","type":"page","link":"https:\/\/internetaddictsanonymous.org\/fr\/in-person-meetings\/us-tx\/","title":{"rendered":"ITAA au Texas, \u00c9tats-Unis"},"content":{"rendered":"<p>Bienvenue \u00e0 Internet and Technology Addicts Anonymous ! Nous sommes heureux que vous nous ayez trouv\u00e9s et nous esp\u00e9rons que notre communaut\u00e9 vous sera aussi utile qu'elle l'a \u00e9t\u00e9 pour nous.<strong> <mark style=\"background-color:rgba(0, 0, 0, 0)\" class=\"has-inline-color has-dark-gray-color\">L'ITAA est une association en douze \u00e9tapes regroupant des personnes qui s'entraident pour se r\u00e9tablir de leur d\u00e9pendance \u00e0 l'internet et aux technologies.<\/mark><\/strong> Il s'agit notamment de la d\u00e9pendance aux m\u00e9dias sociaux, aux smartphones, aux contenus vid\u00e9o ou audio en continu, aux jeux, aux actualit\u00e9s, \u00e0 la pornographie, aux applications de rencontres, aux recherches en ligne, aux achats en ligne ou \u00e0 toute autre activit\u00e9 num\u00e9rique qui devient compulsive et probl\u00e9matique.&nbsp;<\/p>\n\n\n\n<h3 class=\"wp-block-heading\">R\u00e9unions de l&#039;ITAA \u00e0 Dallas<\/h3>\n\n\n\n<p>Quand : Les lundis de 18h30 \u00e0 19h30<br>Lieu : Centre de d\u00e9veloppement spirituel<br>5324 W Northwest Hwy, Dallas, TX 75220<br>Chambre 200 (\u00c0 l&#039;\u00e9tage)<\/p>\n\n\n\n<p>Contact: <a href=\"mailto:DFWitaa@gmail.com\" target=\"_blank\" rel=\"noreferrer noopener\">DFWitaa@gmail.com<\/a><\/p>\n\n\n\n<h3 class=\"wp-block-heading\"><span style=\"color:orange;\"><mark style=\"background-color:rgba(0, 0, 0, 0)\" class=\"has-inline-color has-dark-gray-color\">R\u00e9unions de l&#039;ITAA dans le nord de Dallas<\/mark><\/span><\/h3>\n\n\n\n<p>Quand : Les dimanches<br>Heure : 15h<br>Lieu\u00a0: Salles d\u2019\u00e9tude de la biblioth\u00e8que publique de Carrollton (cherchez ITAA sur le tableau blanc) au lac Josey Ranch, 1700 Keller Springs Rd, Carrollton, TX 75006<\/p>\n\n\n\n<p>Contact:&nbsp;<a target=\"_blank\" rel=\"noreferrer noopener\" href=\"mailto:tanya.s.itaa@gmail.com\">tanya.s.itaa@gmail.com<\/a><\/p>\n\n\n\n<h3 class=\"wp-block-heading\">R\u00e9unions de l&#039;ITAA \u00e0 Houston<\/h3>\n\n\n\n<h5 class=\"wp-block-heading\">R\u00e9unions ITAA du dimanche \u00e0 Houston<\/h5>\n\n\n\n<p><em>Vous habitez dans la r\u00e9gion de Houston, au Texas, ou vous souhaitez venir nous rendre visite\u00a0? Formidable\u00a0! D\u00e9jeunons ensemble\u00a0! Le deuxi\u00e8me dimanche du mois \u00e0 13h30, avant la r\u00e9union en pr\u00e9sentiel. Contactez Phoenix ou Tom, ou \u00e9crivez \u00e0 WTF83itaa@gmail.com. Hourra\u00a0!<\/em><\/p>\n\n\n\n<p>Quand : Les dimanches \u00e0 15h00<br>O\u00f9 : Le Lambda Club, 1201 W. Clay, Houston, TX 77019 \u2014 Salle 3.<br>Contact : Alice G au 817-823-0708 ou&nbsp;<a href=\"mailto:Aliceinserenity@gmail.com\" target=\"_blank\" rel=\"noreferrer noopener\">Aliceinserenity@gmail.com<\/a>; Tom G \u00e0&nbsp;<a href=\"tel:+1-727-422-0303\" target=\"_blank\" rel=\"noreferrer noopener\">832-613-7547<\/a>&nbsp;ou&nbsp;<a href=\"mailto:patrickg.itaa@gmail.com\" target=\"_blank\" rel=\"noreferrer noopener\">tomg.everyday@gmail.com<\/a>.<br>Le stationnement devant l&#039;\u00e9tablissement \u00e9tant limit\u00e9, veuillez vous garer dans la rue ou sur le parking situ\u00e9 rue Bell, derri\u00e8re le club.<\/p>\n\n\n\n<p>Cette r\u00e9union est ouverte \u00e0 toutes les personnes LGBTQ+ et leurs alli\u00e9s. De plus, comme elle se tient dans un lieu de soutien aux personnes en r\u00e9tablissement, il est demand\u00e9 aux participants de ne pas venir sous l&#039;influence de l&#039;alcool ou de drogues.<\/p>\n\n\n\n<p>Il arrive que les membres soient en retard, et il y a donc peu de monde \u00e0 l&#039;heure officielle de d\u00e9but. Appelez Alice ou Tom si vous ne nous trouvez pas.<\/p>\n\n\n\n<p>-~-<\/p>\n\n\n\n<h5 class=\"wp-block-heading\">R\u00e9unions ITAA jeudi \u00e0 Houston<\/h5>\n\n\n\n<p>Quand : Les jeudis de 19h \u00e0 20h.&nbsp;<\/p>\n\n\n\n<p>Lieu : Council on Recovery : 303 Jackson Hill Street, Houston, Texas 77007<\/p>\n\n\n\n<p>Description\u00a0: Salle de r\u00e9union indiqu\u00e9e dans l\u2019agenda du conseil. Appelez Alice ou Tom si vous ne nous trouvez pas.&nbsp;<\/p>\n\n\n\n<h3 class=\"wp-block-heading\">R\u00e9unions suppl\u00e9mentaires<\/h3>\n\n\n\n<p>Si vous \u00eates nouveau, nous vous encourageons \u00e0 essayer d'assister \u00e0 six r\u00e9unions sur une courte p\u00e9riode pour voir si notre programme peut vous \u00eatre utile. En plus de notre r\u00e9union locale en personne, vous pouvez \u00e9galement consulter notre site web. <a href=\"https:\/\/internetaddictsanonymous.org\/fr\/reunions-locales-sur-la-toxicomanie\/\">autres r\u00e9unions en personne<\/a> et un <a href=\"https:\/\/internetaddictsanonymous.org\/fr\/reunions-en-ligne\/\">calendrier complet des r\u00e9unions en ligne<\/a>. Toutes les r\u00e9unions sont enti\u00e8rement gratuites et anonymes.<\/p>\n\n\n\n<h3 class=\"wp-block-heading\"><strong>Comment fonctionnent les r\u00e9unions?<\/strong><\/h3>\n\n\n\n<p>Si c'est la premi\u00e8re fois que vous participez \u00e0 une r\u00e9union, il n'y a pas lieu d'\u00eatre nerveux. La plupart de nos r\u00e9unions sont tr\u00e8s simples ; chaque r\u00e9union a un pr\u00e9sident qui dirige la r\u00e9union, et la plupart des r\u00e9unions durent une heure. Le pr\u00e9sident et d'autres b\u00e9n\u00e9voles lisent quelques d\u00e9clarations pr\u00e9liminaires, avant d'ouvrir la r\u00e9union aux membres pour qu'ils partagent leurs points de vue. Il n'y a pas d'obligation de partager, et il n'y a pas de mal \u00e0 se contenter d'\u00e9couter. Vous pouvez dire comment vous allez, vous pr\u00e9senter et expliquer ce qui vous a amen\u00e9 \u00e0 l'ITAA, ou poser des questions. \u00c0 moins que le membre qui partage ne le demande, nous n'offrons pas de suggestions ou de commentaires en r\u00e9ponse aux partages des autres ; nous \u00e9coutons simplement sans porter de jugement. \u00c0 la fin de l'heure, la r\u00e9union se termine par une d\u00e9claration de cl\u00f4ture, apr\u00e8s quoi les membres discutent g\u00e9n\u00e9ralement de mani\u00e8re d\u00e9contract\u00e9e, posent des questions et \u00e9changent leurs coordonn\u00e9es.<\/p>\n\n\n\n<h3 class=\"wp-block-heading\">Ressources sur l'Internet et la d\u00e9pendance \u00e0 la technologie<\/h3>\n\n\n\n<p>Si vous vous demandez si vous souffrez d'une d\u00e9pendance \u00e0 l'internet et \u00e0 la technologie, vous pouvez consulter nos questionnaires sur les sujets suivants <a href=\"https:\/\/internetaddictsanonymous.org\/fr\/dependance-a-linternet-et-a-la-technologie\/\">d\u00e9pendance \u00e0 l'internet<\/a>, <a href=\"https:\/\/internetaddictsanonymous.org\/fr\/dependance-a-linternet-et-a-la-technologie\/la-dependance-aux-medias-sociaux\/\">la d\u00e9pendance aux m\u00e9dias sociaux<\/a>, <a href=\"https:\/\/internetaddictsanonymous.org\/fr\/dependance-a-linternet\/dependance-au-streaming\/\">d\u00e9pendance au streaming<\/a>, <a href=\"https:\/\/internetaddictsanonymous.org\/fr\/dependance-a-linternet-et-a-la-technologie\/dependance-au-telephone\/\">d\u00e9pendance au t\u00e9l\u00e9phone<\/a>ou <a href=\"https:\/\/internetaddictsanonymous.org\/fr\/dependance-a-linternet-et-a-la-technologie\/dependance-aux-jeux-video\/\">d\u00e9pendance aux jeux vid\u00e9o<\/a>. Vous pouvez \u00e9galement en savoir plus sur l'ITAA en lisant nos&nbsp;<a href=\"https:\/\/internetaddictsanonymous.org\/fr\/guide-pour-les-nouveaux-arrivants\/\">guide pour les nouveaux arrivants<\/a>en passant en revue notre <a href=\"https:\/\/internetaddictsanonymous.org\/fr\/ressources\/les-outils-de-la-relance\/\">les outils de la relance<\/a>ou en \u00e9coutant <a href=\"https:\/\/internetaddictsanonymous.org\/fr\/recits-de-guerison\/\">histoires de r\u00e9tablissement des membres<\/a>.<\/p>\n\n\n\n<p>L'ITAA n'est affili\u00e9e \u00e0 aucun programme politique, religion ou int\u00e9r\u00eats ext\u00e9rieurs. Nous sommes enti\u00e8rement autosuffisants et gratuits pour tous ceux qui en ont besoin. Notre seul objectif est de nous abstenir d'utiliser Internet et la technologie de mani\u00e8re compulsive et d'aider les autres \u00e0 se lib\u00e9rer de cette d\u00e9pendance.<\/p>\n\n\n\n<p>Encore une fois, bienvenue ! Nous esp\u00e9rons que cette communaut\u00e9 vous apportera le soutien dont vous avez besoin pour vous r\u00e9tablir de votre d\u00e9pendance \u00e0 l'internet et aux technologies. N'h\u00e9sitez pas \u00e0 nous contacter si vous avez des questions.<\/p>\n<!-- PMB print buttons is only displayed on a single post\/page URLs-->","protected":false},"excerpt":{"rendered":"<p>Bienvenue aux Accros de l'Internet et de la Technologie Anonymes ! Nous sommes heureux que vous nous ayez trouv\u00e9s et nous esp\u00e9rons que notre communaut\u00e9 vous sera aussi utile qu'elle l'a \u00e9t\u00e9 pour nous. L'ITAA est une association en douze \u00e9tapes de personnes qui se soutiennent mutuellement dans leur r\u00e9tablissement de la d\u00e9pendance \u00e0 l'Internet et \u00e0 la technologie. Cela inclut la d\u00e9pendance aux m\u00e9dias sociaux, aux smartphones, aux ... <a href=\"https:\/\/internetaddictsanonymous.org\/fr\/in-person-meetings\/us-tx\/\" class=\"more-link\">Lire la suite de <span class=\"screen-reader-text\">ITAA au Texas, \u00c9tats-Unis<\/span><\/a><\/p>","protected":false},"author":35194291,"featured_media":0,"parent":148,"menu_order":0,"comment_status":"closed","ping_status":"closed","template":"","meta":{"inline_featured_image":false,"_lmt_disableupdate":"","_lmt_disable":"","jetpack_post_was_ever_published":false,"footnotes":""},"tags":[655524913,655524906,307668,655524904,655524910,655524900,534293,1410996,655525133],"class_list":["post-20032","page","type-page","status-publish","hentry","tag-12-steps","tag-balanced-technology-use","tag-internet-addiction","tag-internet-addicts-anonymous","tag-meeting-times","tag-smartphone-addiction","tag-support-group","tag-technology-addiction","tag-texas"],"yoast_head":"<!-- This site is optimized with the Yoast SEO plugin v27.3 - https:\/\/yoast.com\/product\/yoast-seo-wordpress\/ -->\n<title>ITAA in Texas, US &#8211; Internet and Technology Addicts Anonymous<\/title>\n<meta name=\"robots\" content=\"index, follow, max-snippet:-1, max-image-preview:large, max-video-preview:-1\" \/>\n<link rel=\"canonical\" href=\"https:\/\/internetaddictsanonymous.org\/fr\/reunions-locales-sur-la-toxicomanie\/etats-unis-texas\/\" \/>\n<meta property=\"og:locale\" content=\"fr_FR\" \/>\n<meta property=\"og:type\" content=\"article\" \/>\n<meta property=\"og:title\" content=\"ITAA in Texas, US &#8211; Internet and Technology Addicts Anonymous\" \/>\n<meta property=\"og:description\" content=\"Welcome to Internet and Technology Addicts Anonymous! We\u2019re glad you\u2019ve found us, and we hope our community can be as helpful to you as it has been for us. ITAA is a Twelve-Step fellowship of individuals who support each other in recovering from internet and technology addiction. This includes addiction to social media, smartphones, streaming &hellip; Lire la suite de ITAA in Texas, US\" \/>\n<meta property=\"og:url\" content=\"https:\/\/internetaddictsanonymous.org\/fr\/reunions-locales-sur-la-toxicomanie\/etats-unis-texas\/\" \/>\n<meta property=\"og:site_name\" content=\"Internet and Technology Addicts Anonymous\" \/>\n<meta property=\"article:modified_time\" content=\"2026-02-05T23:16:48+00:00\" \/>\n<meta name=\"twitter:card\" content=\"summary_large_image\" \/>\n<meta name=\"twitter:label1\" content=\"Dur\u00e9e de lecture estim\u00e9e\" \/>\n\t<meta name=\"twitter:data1\" content=\"3 minutes\" \/>\n<script type=\"application\/ld+json\" class=\"yoast-schema-graph\">{\"@context\":\"https:\\\/\\\/schema.org\",\"@graph\":[{\"@type\":\"WebPage\",\"@id\":\"https:\\\/\\\/internetaddictsanonymous.org\\\/in-person-meetings\\\/us-tx\\\/\",\"url\":\"https:\\\/\\\/internetaddictsanonymous.org\\\/in-person-meetings\\\/us-tx\\\/\",\"name\":\"ITAA in Texas, US &#8211; Internet and Technology Addicts Anonymous\",\"isPartOf\":{\"@id\":\"https:\\\/\\\/internetaddictsanonymous.org\\\/#website\"},\"datePublished\":\"2025-06-14T02:32:11+00:00\",\"dateModified\":\"2026-02-05T23:16:48+00:00\",\"breadcrumb\":{\"@id\":\"https:\\\/\\\/internetaddictsanonymous.org\\\/in-person-meetings\\\/us-tx\\\/#breadcrumb\"},\"inLanguage\":\"fr-FR\",\"potentialAction\":[{\"@type\":\"ReadAction\",\"target\":[\"https:\\\/\\\/internetaddictsanonymous.org\\\/in-person-meetings\\\/us-tx\\\/\"]}]},{\"@type\":\"BreadcrumbList\",\"@id\":\"https:\\\/\\\/internetaddictsanonymous.org\\\/in-person-meetings\\\/us-tx\\\/#breadcrumb\",\"itemListElement\":[{\"@type\":\"ListItem\",\"position\":1,\"name\":\"Home\",\"item\":\"https:\\\/\\\/internetaddictsanonymous.org\\\/\"},{\"@type\":\"ListItem\",\"position\":2,\"name\":\"In-Person Meetings\",\"item\":\"https:\\\/\\\/internetaddictsanonymous.org\\\/in-person-meetings\\\/\"},{\"@type\":\"ListItem\",\"position\":3,\"name\":\"ITAA in Texas, US\"}]},{\"@type\":\"WebSite\",\"@id\":\"https:\\\/\\\/internetaddictsanonymous.org\\\/#website\",\"url\":\"https:\\\/\\\/internetaddictsanonymous.org\\\/\",\"name\":\"Internet and Technology Addicts Anonymous\",\"description\":\"Worldwide 12-step Fellowship for Internet and Technology Addiction\",\"publisher\":{\"@id\":\"https:\\\/\\\/internetaddictsanonymous.org\\\/#organization\"},\"potentialAction\":[{\"@type\":\"SearchAction\",\"target\":{\"@type\":\"EntryPoint\",\"urlTemplate\":\"https:\\\/\\\/internetaddictsanonymous.org\\\/?s={search_term_string}\"},\"query-input\":{\"@type\":\"PropertyValueSpecification\",\"valueRequired\":true,\"valueName\":\"search_term_string\"}}],\"inLanguage\":\"fr-FR\"},{\"@type\":\"Organization\",\"@id\":\"https:\\\/\\\/internetaddictsanonymous.org\\\/#organization\",\"name\":\"Internet and Technology Addicts Anonymous\",\"url\":\"https:\\\/\\\/internetaddictsanonymous.org\\\/\",\"logo\":{\"@type\":\"ImageObject\",\"inLanguage\":\"fr-FR\",\"@id\":\"https:\\\/\\\/internetaddictsanonymous.org\\\/#\\\/schema\\\/logo\\\/image\\\/\",\"url\":\"https:\\\/\\\/internetaddictsanonymous.org\\\/wp-content\\\/uploads\\\/2023\\\/01\\\/cropped-ITAA-logo-480px.png\",\"contentUrl\":\"https:\\\/\\\/internetaddictsanonymous.org\\\/wp-content\\\/uploads\\\/2023\\\/01\\\/cropped-ITAA-logo-480px.png\",\"width\":480,\"height\":480,\"caption\":\"Internet and Technology Addicts Anonymous\"},\"image\":{\"@id\":\"https:\\\/\\\/internetaddictsanonymous.org\\\/#\\\/schema\\\/logo\\\/image\\\/\"}}]}<\/script>\n<!-- \/ Yoast SEO plugin. -->","yoast_head_json":{"title":"ITAA au Texas, \u00c9tats-Unis \u2013 Accros \u00e0 Internet et aux technologies Anonymes","robots":{"index":"index","follow":"follow","max-snippet":"max-snippet:-1","max-image-preview":"max-image-preview:large","max-video-preview":"max-video-preview:-1"},"canonical":"https:\/\/internetaddictsanonymous.org\/fr\/reunions-locales-sur-la-toxicomanie\/etats-unis-texas\/","og_locale":"fr_FR","og_type":"article","og_title":"ITAA in Texas, US &#8211; Internet and Technology Addicts Anonymous","og_description":"Welcome to Internet and Technology Addicts Anonymous! We\u2019re glad you\u2019ve found us, and we hope our community can be as helpful to you as it has been for us. ITAA is a Twelve-Step fellowship of individuals who support each other in recovering from internet and technology addiction. This includes addiction to social media, smartphones, streaming &hellip; Lire la suite de ITAA in Texas, US","og_url":"https:\/\/internetaddictsanonymous.org\/fr\/reunions-locales-sur-la-toxicomanie\/etats-unis-texas\/","og_site_name":"Internet and Technology Addicts Anonymous","article_modified_time":"2026-02-05T23:16:48+00:00","twitter_card":"summary_large_image","twitter_misc":{"Dur\u00e9e de lecture estim\u00e9e":"3 minutes"},"schema":{"@context":"https:\/\/schema.org","@graph":[{"@type":"WebPage","@id":"https:\/\/internetaddictsanonymous.org\/in-person-meetings\/us-tx\/","url":"https:\/\/internetaddictsanonymous.org\/in-person-meetings\/us-tx\/","name":"ITAA au Texas, \u00c9tats-Unis \u2013 Accros \u00e0 Internet et aux technologies Anonymes","isPartOf":{"@id":"https:\/\/internetaddictsanonymous.org\/#website"},"datePublished":"2025-06-14T02:32:11+00:00","dateModified":"2026-02-05T23:16:48+00:00","breadcrumb":{"@id":"https:\/\/internetaddictsanonymous.org\/in-person-meetings\/us-tx\/#breadcrumb"},"inLanguage":"fr-FR","potentialAction":[{"@type":"ReadAction","target":["https:\/\/internetaddictsanonymous.org\/in-person-meetings\/us-tx\/"]}]},{"@type":"BreadcrumbList","@id":"https:\/\/internetaddictsanonymous.org\/in-person-meetings\/us-tx\/#breadcrumb","itemListElement":[{"@type":"ListItem","position":1,"name":"Home","item":"https:\/\/internetaddictsanonymous.org\/"},{"@type":"ListItem","position":2,"name":"In-Person Meetings","item":"https:\/\/internetaddictsanonymous.org\/in-person-meetings\/"},{"@type":"ListItem","position":3,"name":"ITAA in Texas, US"}]},{"@type":"WebSite","@id":"https:\/\/internetaddictsanonymous.org\/#website","url":"https:\/\/internetaddictsanonymous.org\/","name":"D\u00e9pendants \u00e0 Internet et aux technologies anonymes","description":"Communaut\u00e9 mondiale en 12 \u00e9tapes pour la d\u00e9pendance \u00e0 l'Internet et \u00e0 la technologie","publisher":{"@id":"https:\/\/internetaddictsanonymous.org\/#organization"},"potentialAction":[{"@type":"SearchAction","target":{"@type":"EntryPoint","urlTemplate":"https:\/\/internetaddictsanonymous.org\/?s={search_term_string}"},"query-input":{"@type":"PropertyValueSpecification","valueRequired":true,"valueName":"search_term_string"}}],"inLanguage":"fr-FR"},{"@type":"Organization","@id":"https:\/\/internetaddictsanonymous.org\/#organization","name":"D\u00e9pendants \u00e0 Internet et aux technologies anonymes","url":"https:\/\/internetaddictsanonymous.org\/","logo":{"@type":"ImageObject","inLanguage":"fr-FR","@id":"https:\/\/internetaddictsanonymous.org\/#\/schema\/logo\/image\/","url":"https:\/\/internetaddictsanonymous.org\/wp-content\/uploads\/2023\/01\/cropped-ITAA-logo-480px.png","contentUrl":"https:\/\/internetaddictsanonymous.org\/wp-content\/uploads\/2023\/01\/cropped-ITAA-logo-480px.png","width":480,"height":480,"caption":"Internet and Technology Addicts Anonymous"},"image":{"@id":"https:\/\/internetaddictsanonymous.org\/#\/schema\/logo\/image\/"}}]}},"jetpack_sharing_enabled":true,"jetpack_shortlink":"https:\/\/wp.me\/P9Fwob-5d6","_links":{"self":[{"href":"https:\/\/internetaddictsanonymous.org\/fr\/wp-json\/wp\/v2\/pages\/20032","targetHints":{"allow":["GET"]}}],"collection":[{"href":"https:\/\/internetaddictsanonymous.org\/fr\/wp-json\/wp\/v2\/pages"}],"about":[{"href":"https:\/\/internetaddictsanonymous.org\/fr\/wp-json\/wp\/v2\/types\/page"}],"author":[{"embeddable":true,"href":"https:\/\/internetaddictsanonymous.org\/fr\/wp-json\/wp\/v2\/users\/35194291"}],"replies":[{"embeddable":true,"href":"https:\/\/internetaddictsanonymous.org\/fr\/wp-json\/wp\/v2\/comments?post=20032"}],"version-history":[{"count":9,"href":"https:\/\/internetaddictsanonymous.org\/fr\/wp-json\/wp\/v2\/pages\/20032\/revisions"}],"predecessor-version":[{"id":20985,"href":"https:\/\/internetaddictsanonymous.org\/fr\/wp-json\/wp\/v2\/pages\/20032\/revisions\/20985"}],"up":[{"embeddable":true,"href":"https:\/\/internetaddictsanonymous.org\/fr\/wp-json\/wp\/v2\/pages\/148"}],"wp:attachment":[{"href":"https:\/\/internetaddictsanonymous.org\/fr\/wp-json\/wp\/v2\/media?parent=20032"}],"wp:term":[{"taxonomy":"post_tag","embeddable":true,"href":"https:\/\/internetaddictsanonymous.org\/fr\/wp-json\/wp\/v2\/tags?post=20032"}],"curies":[{"name":"wp","href":"https:\/\/api.w.org\/{rel}","templated":true}]}}