{"id":25,"date":"2018-02-17T01:54:04","date_gmt":"2018-02-17T01:54:04","guid":{"rendered":"https:\/\/internetandtechaa.wordpress.com\/?page_id=25"},"modified":"2024-05-23T23:38:38","modified_gmt":"2024-05-24T03:38:38","slug":"is-internet-and-technology-addicts-anonymous-for-me","status":"publish","type":"page","link":"https:\/\/internetaddictsanonymous.org\/fr\/is-internet-and-technology-addicts-anonymous-for-me\/","title":{"rendered":"Commencer"},"content":{"rendered":"<p>Bienvenue ! Si vous \u00eates nouveau \u00e0 ITAA, nous vous encourageons \u00e0 participer <a href=\"https:\/\/internetaddictsanonymous.org\/fr\/phone-online-meetings\/\">\u00e0 six r\u00e9unions<\/a> dans un court laps de temps pour d\u00e9terminer si notre programme peut vous \u00eatre utile. Nos r\u00e9unions sont bas\u00e9es sur une \u00e9coute compatissante et sans jugement, et les r\u00e9unions offrent aux nouveaux arrivants la possibilit\u00e9 de poser des questions.<\/p>\n<p>Vous trouverez peut-\u00eatre \u00e9galement utile de passer en revue certains des sch\u00e9mas et sympt\u00f4mes courants rencontr\u00e9s par d&#039;autres accros \u00e0 Internet et \u00e0 la technologie\u00a0:<\/p>\n<p><a href=\"https:\/\/internetaddictsanonymous.org\/fr\/dependance-a-linternet-et-a-la-technologie\/\">D\u00e9pendance \u00e0 Internet et \u00e0 la technologie<\/a><br \/>\n<a href=\"https:\/\/internetaddictsanonymous.org\/fr\/la-dependance-aux-medias-sociaux\/\">D\u00e9pendance aux m\u00e9dias sociaux<\/a><br \/>\n<a href=\"https:\/\/internetaddictsanonymous.org\/fr\/dependance-aux-smartphones\/\">D\u00e9pendance au smartphone<\/a><br \/>\n<a href=\"https:\/\/internetaddictsanonymous.org\/fr\/dependance-au-streaming\/\">D\u00e9pendance au streaming<\/a><br \/>\n<a href=\"https:\/\/internetaddictsanonymous.org\/fr\/dependance-a-linternet-et-a-la-technologie\/dependance-aux-jeux-video\/\">D\u00e9pendance aux jeux vid\u00e9o<\/a><\/p>\n<p><span style=\"font-weight: 400;\">Vous \u00eates invit\u00e9s \u00e0 nous contacter via notre <a href=\"https:\/\/internetaddictsanonymous.org\/fr\/contact\/\">formulaire de contact<\/a> pour poser des questions ou organiser un appel t\u00e9l\u00e9phonique avec un autre membre en r\u00e9tablissement. Au plaisir d'avoir de vos nouvelles!<\/span><\/p>\n<!-- PMB print buttons is only displayed on a single post\/page URLs-->","protected":false},"excerpt":{"rendered":"<p>Accueillir! Si vous \u00eates nouveau \u00e0 l&#039;ITAA, nous vous encourageons \u00e0 assister \u00e0 six r\u00e9unions dans un court laps de temps pour d\u00e9terminer si notre programme peut vous \u00eatre utile. Nos r\u00e9unions sont bas\u00e9es sur une \u00e9coute compatissante et sans jugement, et les r\u00e9unions offrent aux nouveaux arrivants l&#039;occasion de poser des questions. Vous trouverez peut-\u00eatre \u00e9galement utile de revoir certains\u2026 <a href=\"https:\/\/internetaddictsanonymous.org\/fr\/is-internet-and-technology-addicts-anonymous-for-me\/\" class=\"more-link\">Lire la suite de <span class=\"screen-reader-text\">Commencer<\/span><\/a><\/p>","protected":false},"author":35194237,"featured_media":0,"parent":0,"menu_order":0,"comment_status":"closed","ping_status":"closed","template":"full-width-page.php","meta":{"inline_featured_image":false,"_lmt_disableupdate":"no","_lmt_disable":"","footnotes":""},"tags":[],"class_list":["post-25","page","type-page","status-publish","hentry"],"yoast_head":"<!-- This site is optimized with the Yoast SEO plugin v27.4 - https:\/\/yoast.com\/product\/yoast-seo-wordpress\/ -->\n<title>Getting Started &#8211; Internet and Technology Addicts Anonymous<\/title>\n<meta name=\"robots\" content=\"index, follow, max-snippet:-1, max-image-preview:large, max-video-preview:-1\" \/>\n<link rel=\"canonical\" href=\"https:\/\/internetaddictsanonymous.org\/fr\/is-internet-and-technology-addicts-anonymous-for-me\/\" \/>\n<meta property=\"og:locale\" content=\"fr_FR\" \/>\n<meta property=\"og:type\" content=\"article\" \/>\n<meta property=\"og:title\" content=\"Getting Started &#8211; Internet and Technology Addicts Anonymous\" \/>\n<meta property=\"og:description\" content=\"Welcome! If you&#8217;re new to ITAA, we encourage you to attend six meetings within a short period of time to determine whether our program may be helpful for you. Our meetings are based on non-judgmental, compassionate listening, and meetings have opportunities for newcomers to ask questions. You may also find it helpful to review some &hellip; Lire la suite de Getting Started\" \/>\n<meta property=\"og:url\" content=\"https:\/\/internetaddictsanonymous.org\/fr\/is-internet-and-technology-addicts-anonymous-for-me\/\" \/>\n<meta property=\"og:site_name\" content=\"Internet and Technology Addicts Anonymous\" \/>\n<meta property=\"article:modified_time\" content=\"2024-05-24T03:38:38+00:00\" \/>\n<meta name=\"twitter:card\" content=\"summary_large_image\" \/>\n<meta name=\"twitter:label1\" content=\"Dur\u00e9e de lecture estim\u00e9e\" \/>\n\t<meta name=\"twitter:data1\" content=\"1 minute\" \/>\n<script type=\"application\/ld+json\" class=\"yoast-schema-graph\">{\"@context\":\"https:\\\/\\\/schema.org\",\"@graph\":[{\"@type\":\"WebPage\",\"@id\":\"https:\\\/\\\/internetaddictsanonymous.org\\\/is-internet-and-technology-addicts-anonymous-for-me\\\/\",\"url\":\"https:\\\/\\\/internetaddictsanonymous.org\\\/is-internet-and-technology-addicts-anonymous-for-me\\\/\",\"name\":\"Getting Started &#8211; Internet and Technology Addicts Anonymous\",\"isPartOf\":{\"@id\":\"https:\\\/\\\/internetaddictsanonymous.org\\\/#website\"},\"datePublished\":\"2018-02-17T01:54:04+00:00\",\"dateModified\":\"2024-05-24T03:38:38+00:00\",\"breadcrumb\":{\"@id\":\"https:\\\/\\\/internetaddictsanonymous.org\\\/is-internet-and-technology-addicts-anonymous-for-me\\\/#breadcrumb\"},\"inLanguage\":\"fr-FR\",\"potentialAction\":[{\"@type\":\"ReadAction\",\"target\":[\"https:\\\/\\\/internetaddictsanonymous.org\\\/is-internet-and-technology-addicts-anonymous-for-me\\\/\"]}]},{\"@type\":\"BreadcrumbList\",\"@id\":\"https:\\\/\\\/internetaddictsanonymous.org\\\/is-internet-and-technology-addicts-anonymous-for-me\\\/#breadcrumb\",\"itemListElement\":[{\"@type\":\"ListItem\",\"position\":1,\"name\":\"Home\",\"item\":\"https:\\\/\\\/internetaddictsanonymous.org\\\/\"},{\"@type\":\"ListItem\",\"position\":2,\"name\":\"Getting Started\"}]},{\"@type\":\"WebSite\",\"@id\":\"https:\\\/\\\/internetaddictsanonymous.org\\\/#website\",\"url\":\"https:\\\/\\\/internetaddictsanonymous.org\\\/\",\"name\":\"Internet and Technology Addicts Anonymous\",\"description\":\"Worldwide 12-step Fellowship for Internet and Technology Addiction\",\"publisher\":{\"@id\":\"https:\\\/\\\/internetaddictsanonymous.org\\\/#organization\"},\"potentialAction\":[{\"@type\":\"SearchAction\",\"target\":{\"@type\":\"EntryPoint\",\"urlTemplate\":\"https:\\\/\\\/internetaddictsanonymous.org\\\/?s={search_term_string}\"},\"query-input\":{\"@type\":\"PropertyValueSpecification\",\"valueRequired\":true,\"valueName\":\"search_term_string\"}}],\"inLanguage\":\"fr-FR\"},{\"@type\":\"Organization\",\"@id\":\"https:\\\/\\\/internetaddictsanonymous.org\\\/#organization\",\"name\":\"Internet and Technology Addicts Anonymous\",\"url\":\"https:\\\/\\\/internetaddictsanonymous.org\\\/\",\"logo\":{\"@type\":\"ImageObject\",\"inLanguage\":\"fr-FR\",\"@id\":\"https:\\\/\\\/internetaddictsanonymous.org\\\/#\\\/schema\\\/logo\\\/image\\\/\",\"url\":\"https:\\\/\\\/internetaddictsanonymous.org\\\/wp-content\\\/uploads\\\/2023\\\/01\\\/cropped-ITAA-logo-480px.png\",\"contentUrl\":\"https:\\\/\\\/internetaddictsanonymous.org\\\/wp-content\\\/uploads\\\/2023\\\/01\\\/cropped-ITAA-logo-480px.png\",\"width\":480,\"height\":480,\"caption\":\"Internet and Technology Addicts Anonymous\"},\"image\":{\"@id\":\"https:\\\/\\\/internetaddictsanonymous.org\\\/#\\\/schema\\\/logo\\\/image\\\/\"}}]}<\/script>\n<!-- \/ Yoast SEO plugin. -->","yoast_head_json":{"title":"Pour commencer - Internet and Technology Addicts Anonymous (Addicts \u00e0 l'Internet et \u00e0 la technologie anonymes)","robots":{"index":"index","follow":"follow","max-snippet":"max-snippet:-1","max-image-preview":"max-image-preview:large","max-video-preview":"max-video-preview:-1"},"canonical":"https:\/\/internetaddictsanonymous.org\/fr\/is-internet-and-technology-addicts-anonymous-for-me\/","og_locale":"fr_FR","og_type":"article","og_title":"Getting Started &#8211; Internet and Technology Addicts Anonymous","og_description":"Welcome! If you&#8217;re new to ITAA, we encourage you to attend six meetings within a short period of time to determine whether our program may be helpful for you. Our meetings are based on non-judgmental, compassionate listening, and meetings have opportunities for newcomers to ask questions. You may also find it helpful to review some &hellip; Lire la suite de Getting Started","og_url":"https:\/\/internetaddictsanonymous.org\/fr\/is-internet-and-technology-addicts-anonymous-for-me\/","og_site_name":"Internet and Technology Addicts Anonymous","article_modified_time":"2024-05-24T03:38:38+00:00","twitter_card":"summary_large_image","twitter_misc":{"Dur\u00e9e de lecture estim\u00e9e":"1 minute"},"schema":{"@context":"https:\/\/schema.org","@graph":[{"@type":"WebPage","@id":"https:\/\/internetaddictsanonymous.org\/is-internet-and-technology-addicts-anonymous-for-me\/","url":"https:\/\/internetaddictsanonymous.org\/is-internet-and-technology-addicts-anonymous-for-me\/","name":"Pour commencer - Internet and Technology Addicts Anonymous (Addicts \u00e0 l'Internet et \u00e0 la technologie anonymes)","isPartOf":{"@id":"https:\/\/internetaddictsanonymous.org\/#website"},"datePublished":"2018-02-17T01:54:04+00:00","dateModified":"2024-05-24T03:38:38+00:00","breadcrumb":{"@id":"https:\/\/internetaddictsanonymous.org\/is-internet-and-technology-addicts-anonymous-for-me\/#breadcrumb"},"inLanguage":"fr-FR","potentialAction":[{"@type":"ReadAction","target":["https:\/\/internetaddictsanonymous.org\/is-internet-and-technology-addicts-anonymous-for-me\/"]}]},{"@type":"BreadcrumbList","@id":"https:\/\/internetaddictsanonymous.org\/is-internet-and-technology-addicts-anonymous-for-me\/#breadcrumb","itemListElement":[{"@type":"ListItem","position":1,"name":"Home","item":"https:\/\/internetaddictsanonymous.org\/"},{"@type":"ListItem","position":2,"name":"Getting Started"}]},{"@type":"WebSite","@id":"https:\/\/internetaddictsanonymous.org\/#website","url":"https:\/\/internetaddictsanonymous.org\/","name":"D\u00e9pendants \u00e0 Internet et aux technologies anonymes","description":"Communaut\u00e9 mondiale en 12 \u00e9tapes pour la d\u00e9pendance \u00e0 l'Internet et \u00e0 la technologie","publisher":{"@id":"https:\/\/internetaddictsanonymous.org\/#organization"},"potentialAction":[{"@type":"SearchAction","target":{"@type":"EntryPoint","urlTemplate":"https:\/\/internetaddictsanonymous.org\/?s={search_term_string}"},"query-input":{"@type":"PropertyValueSpecification","valueRequired":true,"valueName":"search_term_string"}}],"inLanguage":"fr-FR"},{"@type":"Organization","@id":"https:\/\/internetaddictsanonymous.org\/#organization","name":"D\u00e9pendants \u00e0 Internet et aux technologies anonymes","url":"https:\/\/internetaddictsanonymous.org\/","logo":{"@type":"ImageObject","inLanguage":"fr-FR","@id":"https:\/\/internetaddictsanonymous.org\/#\/schema\/logo\/image\/","url":"https:\/\/internetaddictsanonymous.org\/wp-content\/uploads\/2023\/01\/cropped-ITAA-logo-480px.png","contentUrl":"https:\/\/internetaddictsanonymous.org\/wp-content\/uploads\/2023\/01\/cropped-ITAA-logo-480px.png","width":480,"height":480,"caption":"Internet and Technology Addicts Anonymous"},"image":{"@id":"https:\/\/internetaddictsanonymous.org\/#\/schema\/logo\/image\/"}}]}},"jetpack_sharing_enabled":false,"jetpack_shortlink":"https:\/\/wp.me\/P9Fwob-p","_links":{"self":[{"href":"https:\/\/internetaddictsanonymous.org\/fr\/wp-json\/wp\/v2\/pages\/25","targetHints":{"allow":["GET"]}}],"collection":[{"href":"https:\/\/internetaddictsanonymous.org\/fr\/wp-json\/wp\/v2\/pages"}],"about":[{"href":"https:\/\/internetaddictsanonymous.org\/fr\/wp-json\/wp\/v2\/types\/page"}],"author":[{"embeddable":true,"href":"https:\/\/internetaddictsanonymous.org\/fr\/wp-json\/wp\/v2\/users\/35194237"}],"replies":[{"embeddable":true,"href":"https:\/\/internetaddictsanonymous.org\/fr\/wp-json\/wp\/v2\/comments?post=25"}],"version-history":[{"count":24,"href":"https:\/\/internetaddictsanonymous.org\/fr\/wp-json\/wp\/v2\/pages\/25\/revisions"}],"predecessor-version":[{"id":18045,"href":"https:\/\/internetaddictsanonymous.org\/fr\/wp-json\/wp\/v2\/pages\/25\/revisions\/18045"}],"wp:attachment":[{"href":"https:\/\/internetaddictsanonymous.org\/fr\/wp-json\/wp\/v2\/media?parent=25"}],"wp:term":[{"taxonomy":"post_tag","embeddable":true,"href":"https:\/\/internetaddictsanonymous.org\/fr\/wp-json\/wp\/v2\/tags?post=25"}],"curies":[{"name":"wp","href":"https:\/\/api.w.org\/{rel}","templated":true}]}}