{"id":42,"date":"2018-02-17T02:04:58","date_gmt":"2018-02-17T02:04:58","guid":{"rendered":"https:\/\/internetandtechaa.wordpress.com\/?page_id=42"},"modified":"2023-01-30T20:17:53","modified_gmt":"2023-01-31T01:17:53","slug":"ressources","status":"publish","type":"page","link":"https:\/\/internetaddictsanonymous.org\/fr\/resources\/","title":{"rendered":"Ressources"},"content":{"rendered":"<p>Bienvenue \u00e0 l&#039;ITAA ! Vous trouverez ici une liste de ressources utiles qui peuvent vous aider \u00e0 vous lancer dans votre cheminement vers le r\u00e9tablissement.<\/p>\n<p><strong><a href=\"https:\/\/internetaddictsanonymous.org\/fr\/12-etapes-de-litaa\/\">Les douze \u00e9tapes et les douze traditions de DITA<\/a><br \/>\n<\/strong>Les principes directeurs de notre programme.<\/p>\n<p><strong><a href=\"https:\/\/internetaddictsanonymous.org\/fr\/guide-pour-les-nouveaux-arrivants\/\">Un guide pour les nouveaux arrivants<\/a><br \/>\n<\/strong>Une liste de six suggestions simples pour d\u00e9marrer dans ITAA.<\/p>\n<p><strong><a href=\"https:\/\/internetaddictsanonymous.org\/fr\/recits-de-guerison\/\">Histoires de r\u00e9cup\u00e9ration<\/a><br \/>\n<\/strong>Histoires enregistr\u00e9es ou \u00e9crites par des membres d'ITAA r\u00e9tablis.<\/p>\n<p><strong><a href=\"https:\/\/internetaddictsanonymous.org\/fr\/ressources\/les-outils-de-la-relance\/\">Outils de r\u00e9tablissement<\/a><br \/>\n<\/strong>Des outils et des strat\u00e9gies \u00e9prouv\u00e9s qui peuvent nous aider \u00e0 rester sobres.<\/p>\n<p><strong><a href=\"https:\/\/internetaddictsanonymous.org\/fr\/feuille-de-travail-sur-la-sobriete-une-introduction-a-la-guerison-de-la-dependance-par-internet\/\">Brochure  \"D\u00e9couvrir ce qu'est la sobri\u00e9t\u00e9 en ITAA\"<\/a><\/strong><br \/>\nUne feuille de travail con\u00e7ue pour nous aider \u00e0 \u00e9laborer notre plan de r\u00e9tablissement de la d\u00e9pendance \u00e0 Internet, avec des questions et des invites \u00e0 suivre.<\/p>\n<p><a href=\"https:\/\/internetaddictsanonymous.org\/fr\/un-guide-pour-les-glissements-et-relapses-dans-la-itaa\/\"><strong>Comprendre la sobri\u00e9t\u00e9, les d\u00e9rapages et les rechutes<\/strong><\/a><br \/>\nUn aper\u00e7u de ce que signifie la sobri\u00e9t\u00e9 dans l&#039;ITAA, ainsi que la fa\u00e7on de pr\u00e9venir et de se d\u00e9velopper des glissades et des rechutes.<\/p>\n<p><a href=\"https:\/\/internetaddictsanonymous.org\/fr\/un-guide-de-retrait\/\"><strong>Naviguer la phase de sevrage<\/strong><\/a><br \/>\nUne description du processus de sevrage, ainsi que des r\u00e9cits de r\u00e9tablissement de quatre membres.<\/p>\n<p><strong><a href=\"https:\/\/internetaddictsanonymous.org\/fr\/a-guide-pour-atteindre-les-appels-dans-itaa\/\">Faire des appels de sensibilisation<\/a><br \/>\n<\/strong>Un guide pour appeler d&#039;autres membres en dehors des r\u00e9unions.<\/p>\n<p><a href=\"https:\/\/internetaddictsanonymous.org\/fr\/parrainage\/\"><strong>L&#039;importance du parrainage<\/strong><\/a><br \/>\nLe parrainage est une relation informelle dans laquelle un membre plus exp\u00e9riment\u00e9 de l&#039;ITAA aide \u00e0 nous guider tout au long du r\u00e9tablissement.<\/p>\n<p><a href=\"https:\/\/internetaddictsanonymous.org\/fr\/ressources\/literature\/\"><strong>Ressources de travail par \u00e9tapes<\/strong><\/a><br \/>\nCette page comprend des liens vers la litt\u00e9rature d&#039;autres programmes que nous pouvons utiliser pour travailler les \u00c9tapes, ainsi que des ressources informelles suppl\u00e9mentaires d\u00e9velopp\u00e9es par les membres de l&#039;ITAA.<\/p>\n<p><a href=\"https:\/\/internetaddictsanonymous.org\/fr\/service\/\"><strong>Un guide de service<\/strong><\/a><br \/>\nUn aper\u00e7u des fa\u00e7ons dont nous pouvons rendre service et soutenir les r\u00e9tablissements des autres membres.<\/p>\n<p><strong><a href=\"https:\/\/internetaddictsanonymous.org\/fr\/la-securite-dans-laita\/\">La s\u00e9curit\u00e9 au sein de DITA - D\u00e9pendants \u00e0 Internet et aux Technologies Anonymes<\/a><br \/>\n<\/strong>Un guide pour r\u00e9agir \u00e0 un comportement dangereux ou inappropri\u00e9.<\/p>\n<p><a href=\"https:\/\/internetaddictsanonymous.org\/fr\/the-doctors-opinion\/\"><strong>Les preuves scientifiques concernant la d\u00e9pendance \u00e0 Internet et \u00e0 la technologie<\/strong><\/a><br \/>\nUn aper\u00e7u de la litt\u00e9rature scientifique concernant les effets et les cons\u00e9quences de la d\u00e9pendance \u00e0 Internet et \u00e0 la technologie.<\/p>\n<!-- PMB print buttons is only displayed on a single post\/page URLs-->","protected":false},"excerpt":{"rendered":"<p>Bienvenue \u00e0 l&#039;ITAA ! Vous trouverez ici une liste de ressources utiles qui peuvent vous aider \u00e0 vous lancer dans votre parcours de r\u00e9tablissement. Les douze \u00e9tapes et les douze traditions de l&#039;ITAA Les principes directeurs de notre programme. Un guide pour les nouveaux arrivants Une liste de six suggestions simples pour d\u00e9marrer dans ITAA. Histoires de r\u00e9tablissement enregistr\u00e9es\u2026 <a href=\"https:\/\/internetaddictsanonymous.org\/fr\/resources\/\" class=\"more-link\">Lire la suite de <span class=\"screen-reader-text\">Ressources<\/span><\/a><\/p>","protected":false},"author":35194237,"featured_media":0,"parent":0,"menu_order":0,"comment_status":"closed","ping_status":"closed","template":"full-width-page.php","meta":{"inline_featured_image":false,"_lmt_disableupdate":"","_lmt_disable":"","footnotes":""},"tags":[],"class_list":["post-42","page","type-page","status-publish","hentry"],"yoast_head":"<!-- This site is optimized with the Yoast SEO plugin v27.5 - https:\/\/yoast.com\/product\/yoast-seo-wordpress\/ -->\n<title>Resources &#8211; Internet and Technology Addicts Anonymous<\/title>\n<meta name=\"robots\" content=\"index, follow, max-snippet:-1, max-image-preview:large, max-video-preview:-1\" \/>\n<link rel=\"canonical\" href=\"https:\/\/internetaddictsanonymous.org\/fr\/ressources\/\" \/>\n<meta property=\"og:locale\" content=\"fr_FR\" \/>\n<meta property=\"og:type\" content=\"article\" \/>\n<meta property=\"og:title\" content=\"Resources &#8211; Internet and Technology Addicts Anonymous\" \/>\n<meta property=\"og:description\" content=\"Welcome to ITAA! Here you can find a list of helpful resources that may help you as you embark on your recovery journey. The Twelve Steps and Twelve Traditions of ITAA The guiding principles of our program. A Guide For Newcomers A list of six simple suggestions for getting started in ITAA. Recovery Stories Recorded &hellip; Lire la suite de Resources\" \/>\n<meta property=\"og:url\" content=\"https:\/\/internetaddictsanonymous.org\/fr\/ressources\/\" \/>\n<meta property=\"og:site_name\" content=\"Internet and Technology Addicts Anonymous\" \/>\n<meta property=\"article:modified_time\" content=\"2023-01-31T01:17:53+00:00\" \/>\n<meta name=\"twitter:card\" content=\"summary_large_image\" \/>\n<meta name=\"twitter:label1\" content=\"Dur\u00e9e de lecture estim\u00e9e\" \/>\n\t<meta name=\"twitter:data1\" content=\"2 minutes\" \/>\n<script type=\"application\/ld+json\" class=\"yoast-schema-graph\">{\"@context\":\"https:\\\/\\\/schema.org\",\"@graph\":[{\"@type\":\"WebPage\",\"@id\":\"https:\\\/\\\/internetaddictsanonymous.org\\\/resources\\\/\",\"url\":\"https:\\\/\\\/internetaddictsanonymous.org\\\/resources\\\/\",\"name\":\"Resources &#8211; Internet and Technology Addicts Anonymous\",\"isPartOf\":{\"@id\":\"https:\\\/\\\/internetaddictsanonymous.org\\\/#website\"},\"datePublished\":\"2018-02-17T02:04:58+00:00\",\"dateModified\":\"2023-01-31T01:17:53+00:00\",\"breadcrumb\":{\"@id\":\"https:\\\/\\\/internetaddictsanonymous.org\\\/resources\\\/#breadcrumb\"},\"inLanguage\":\"fr-FR\",\"potentialAction\":[{\"@type\":\"ReadAction\",\"target\":[\"https:\\\/\\\/internetaddictsanonymous.org\\\/resources\\\/\"]}]},{\"@type\":\"BreadcrumbList\",\"@id\":\"https:\\\/\\\/internetaddictsanonymous.org\\\/resources\\\/#breadcrumb\",\"itemListElement\":[{\"@type\":\"ListItem\",\"position\":1,\"name\":\"Home\",\"item\":\"https:\\\/\\\/internetaddictsanonymous.org\\\/\"},{\"@type\":\"ListItem\",\"position\":2,\"name\":\"Resources\"}]},{\"@type\":\"WebSite\",\"@id\":\"https:\\\/\\\/internetaddictsanonymous.org\\\/#website\",\"url\":\"https:\\\/\\\/internetaddictsanonymous.org\\\/\",\"name\":\"Internet and Technology Addicts Anonymous\",\"description\":\"Worldwide 12-step Fellowship for Internet and Technology Addiction\",\"publisher\":{\"@id\":\"https:\\\/\\\/internetaddictsanonymous.org\\\/#organization\"},\"potentialAction\":[{\"@type\":\"SearchAction\",\"target\":{\"@type\":\"EntryPoint\",\"urlTemplate\":\"https:\\\/\\\/internetaddictsanonymous.org\\\/?s={search_term_string}\"},\"query-input\":{\"@type\":\"PropertyValueSpecification\",\"valueRequired\":true,\"valueName\":\"search_term_string\"}}],\"inLanguage\":\"fr-FR\"},{\"@type\":\"Organization\",\"@id\":\"https:\\\/\\\/internetaddictsanonymous.org\\\/#organization\",\"name\":\"Internet and Technology Addicts Anonymous\",\"url\":\"https:\\\/\\\/internetaddictsanonymous.org\\\/\",\"logo\":{\"@type\":\"ImageObject\",\"inLanguage\":\"fr-FR\",\"@id\":\"https:\\\/\\\/internetaddictsanonymous.org\\\/#\\\/schema\\\/logo\\\/image\\\/\",\"url\":\"https:\\\/\\\/internetaddictsanonymous.org\\\/wp-content\\\/uploads\\\/2023\\\/01\\\/cropped-ITAA-logo-480px.png\",\"contentUrl\":\"https:\\\/\\\/internetaddictsanonymous.org\\\/wp-content\\\/uploads\\\/2023\\\/01\\\/cropped-ITAA-logo-480px.png\",\"width\":480,\"height\":480,\"caption\":\"Internet and Technology Addicts Anonymous\"},\"image\":{\"@id\":\"https:\\\/\\\/internetaddictsanonymous.org\\\/#\\\/schema\\\/logo\\\/image\\\/\"}}]}<\/script>\n<!-- \/ Yoast SEO plugin. -->","yoast_head_json":{"title":"Ressources - Les Accros \u00e0 l'Internet et \u00e0 la Technologie Anonymes","robots":{"index":"index","follow":"follow","max-snippet":"max-snippet:-1","max-image-preview":"max-image-preview:large","max-video-preview":"max-video-preview:-1"},"canonical":"https:\/\/internetaddictsanonymous.org\/fr\/ressources\/","og_locale":"fr_FR","og_type":"article","og_title":"Resources &#8211; Internet and Technology Addicts Anonymous","og_description":"Welcome to ITAA! Here you can find a list of helpful resources that may help you as you embark on your recovery journey. The Twelve Steps and Twelve Traditions of ITAA The guiding principles of our program. A Guide For Newcomers A list of six simple suggestions for getting started in ITAA. Recovery Stories Recorded &hellip; Lire la suite de Resources","og_url":"https:\/\/internetaddictsanonymous.org\/fr\/ressources\/","og_site_name":"Internet and Technology Addicts Anonymous","article_modified_time":"2023-01-31T01:17:53+00:00","twitter_card":"summary_large_image","twitter_misc":{"Dur\u00e9e de lecture estim\u00e9e":"2 minutes"},"schema":{"@context":"https:\/\/schema.org","@graph":[{"@type":"WebPage","@id":"https:\/\/internetaddictsanonymous.org\/resources\/","url":"https:\/\/internetaddictsanonymous.org\/resources\/","name":"Ressources - Les Accros \u00e0 l'Internet et \u00e0 la Technologie Anonymes","isPartOf":{"@id":"https:\/\/internetaddictsanonymous.org\/#website"},"datePublished":"2018-02-17T02:04:58+00:00","dateModified":"2023-01-31T01:17:53+00:00","breadcrumb":{"@id":"https:\/\/internetaddictsanonymous.org\/resources\/#breadcrumb"},"inLanguage":"fr-FR","potentialAction":[{"@type":"ReadAction","target":["https:\/\/internetaddictsanonymous.org\/resources\/"]}]},{"@type":"BreadcrumbList","@id":"https:\/\/internetaddictsanonymous.org\/resources\/#breadcrumb","itemListElement":[{"@type":"ListItem","position":1,"name":"Home","item":"https:\/\/internetaddictsanonymous.org\/"},{"@type":"ListItem","position":2,"name":"Resources"}]},{"@type":"WebSite","@id":"https:\/\/internetaddictsanonymous.org\/#website","url":"https:\/\/internetaddictsanonymous.org\/","name":"D\u00e9pendants \u00e0 Internet et aux technologies anonymes","description":"Communaut\u00e9 mondiale en 12 \u00e9tapes pour la d\u00e9pendance \u00e0 l'Internet et \u00e0 la technologie","publisher":{"@id":"https:\/\/internetaddictsanonymous.org\/#organization"},"potentialAction":[{"@type":"SearchAction","target":{"@type":"EntryPoint","urlTemplate":"https:\/\/internetaddictsanonymous.org\/?s={search_term_string}"},"query-input":{"@type":"PropertyValueSpecification","valueRequired":true,"valueName":"search_term_string"}}],"inLanguage":"fr-FR"},{"@type":"Organization","@id":"https:\/\/internetaddictsanonymous.org\/#organization","name":"D\u00e9pendants \u00e0 Internet et aux technologies anonymes","url":"https:\/\/internetaddictsanonymous.org\/","logo":{"@type":"ImageObject","inLanguage":"fr-FR","@id":"https:\/\/internetaddictsanonymous.org\/#\/schema\/logo\/image\/","url":"https:\/\/internetaddictsanonymous.org\/wp-content\/uploads\/2023\/01\/cropped-ITAA-logo-480px.png","contentUrl":"https:\/\/internetaddictsanonymous.org\/wp-content\/uploads\/2023\/01\/cropped-ITAA-logo-480px.png","width":480,"height":480,"caption":"Internet and Technology Addicts Anonymous"},"image":{"@id":"https:\/\/internetaddictsanonymous.org\/#\/schema\/logo\/image\/"}}]}},"jetpack_sharing_enabled":false,"jetpack_shortlink":"https:\/\/wp.me\/P9Fwob-G","_links":{"self":[{"href":"https:\/\/internetaddictsanonymous.org\/fr\/wp-json\/wp\/v2\/pages\/42","targetHints":{"allow":["GET"]}}],"collection":[{"href":"https:\/\/internetaddictsanonymous.org\/fr\/wp-json\/wp\/v2\/pages"}],"about":[{"href":"https:\/\/internetaddictsanonymous.org\/fr\/wp-json\/wp\/v2\/types\/page"}],"author":[{"embeddable":true,"href":"https:\/\/internetaddictsanonymous.org\/fr\/wp-json\/wp\/v2\/users\/35194237"}],"replies":[{"embeddable":true,"href":"https:\/\/internetaddictsanonymous.org\/fr\/wp-json\/wp\/v2\/comments?post=42"}],"version-history":[{"count":23,"href":"https:\/\/internetaddictsanonymous.org\/fr\/wp-json\/wp\/v2\/pages\/42\/revisions"}],"predecessor-version":[{"id":15258,"href":"https:\/\/internetaddictsanonymous.org\/fr\/wp-json\/wp\/v2\/pages\/42\/revisions\/15258"}],"wp:attachment":[{"href":"https:\/\/internetaddictsanonymous.org\/fr\/wp-json\/wp\/v2\/media?parent=42"}],"wp:term":[{"taxonomy":"post_tag","embeddable":true,"href":"https:\/\/internetaddictsanonymous.org\/fr\/wp-json\/wp\/v2\/tags?post=42"}],"curies":[{"name":"wp","href":"https:\/\/api.w.org\/{rel}","templated":true}]}}