{"id":4484,"date":"2019-01-07T06:09:19","date_gmt":"2019-01-07T06:09:19","guid":{"rendered":"https:\/\/internetaddictsanonymous.org\/?page_id=4484"},"modified":"2026-03-17T17:14:35","modified_gmt":"2026-03-18T00:14:35","slug":"reunions-en-ligne","status":"publish","type":"page","link":"https:\/\/internetaddictsanonymous.org\/fr\/online-meetings\/","title":{"rendered":"R\u00e9unions en ligne\/t\u00e9l\u00e9phoniques"},"content":{"rendered":"<p><strong><mark style=\"background-color:rgba(0, 0, 0, 0);color:#000000\" class=\"has-inline-color\">En plus d'assister \u00e0 des <a href=\"https:\/\/internetaddictsanonymous.org\/fr\/reunions-locales-sur-la-toxicomanie\/\">r\u00e9unions en personne<\/a>, <\/mark><\/strong><mark style=\"background-color:rgba(0, 0, 0, 0);color:#000000\" class=\"has-inline-color\"><strong>les r\u00e9unions en ligne sont une ressource incroyable qui peuvent, en fin de compte, vous aider \u00e0 passer&nbsp;<em>moins<\/em>&nbsp;de temps sur \u00e9cran.<\/strong>.<\/mark> Dans la r\u00e9cup\u00e9ration, nous cherchons \u00e0 identifier et \u00e0 nous abstenir de l\u2019utilisation compulsive d\u2019Internet tout en apprenant \u00e0 utiliser la technologie de mani\u00e8re saine et fonctionnelle. Si vous \u00eates nouveau, nous vous encourageons \u00e0 essayer de participer \u00e0 six r\u00e9unions dans un court laps de temps pour voir si notre programme peut vous \u00eatre utile.<\/p>\n\n\n\n<p><mark style=\"background-color: rgba(0, 0, 0, 0);\" class=\"has-inline-color has-dark-gray-color\"><b>Les heures de r\u00e9union sont affich\u00e9es dans votre fuseau horaire local.<\/b><\/mark> Veuillez noter que vous avez besoin d'un <a href=\"http:\/\/zoom.us\/\">Compte Zoom<\/a> Bien que la plupart des r\u00e9unions se d\u00e9roulent en anglais, vous pouvez activer les sous-titres traduits dans votre langue en entrant dans la r\u00e9union, en cliquant sur le bouton \u00ab L\u00e9gendes \u00bb en bas de l'\u00e9cran et en activant la traduction.\u00a0<a href=\"https:\/\/internetaddictsanonymous.org\/fr\/itaa-en-francais\/\">Fran\u00e7ais<\/a>,\u00a0<a href=\"https:\/\/internetaddictsanonymous.org\/es\/espanol\/\">Espagnol<\/a>,\u00a0<a href=\"https:\/\/internetaddictsanonymous.org\/ru\/itaa-%d0%bd%d0%b0-%d1%80%d1%83%d1%81%d1%81%d0%ba%d0%be%d0%bc-%d1%8f%d0%b7%d1%8b%d0%ba%d0%b5\/\">Russe<\/a>,\u00a0<a href=\"https:\/\/internetaddictsanonymous.org\/de\/itaa-in-german\/\">Allemand<\/a>, <a href=\"https:\/\/internetaddictsanonymous.org\/he\/%d7%90%d7%99%d7%98%d7%90-%d7%91%d7%a2%d7%91%d7%a8%d7%99%d7%aa\/\">H\u00e9breu<\/a>, <a href=\"https:\/\/internetaddictsanonymous.org\/pt\/portuguese\/\">Portugais<\/a>, <a href=\"https:\/\/internetaddictsanonymous.org\/ar\/itaa-%d8%a8%d8%a7%d9%84%d9%84%d8%ba%d8%a9-%d8%a7%d9%84%d8%b9%d8%b1%d8%a8%d9%8a%d8%a9\/\">Arabe<\/a>, <a href=\"https:\/\/internetaddictsanonymous.org\/pl\/itaa-in-polish\/\">Polonais<\/a>, <a href=\"https:\/\/internetaddictsanonymous.org\/nl\/nederlands\/\" type=\"link\" id=\"https:\/\/internetaddictsanonymous.org\/nl\/nederlands\/\">N\u00e9erlandais<\/a> et \u00e0 <a href=\"https:\/\/internetaddictsanonymous.org\/fa\/itaa-in-persian\/\">persan<\/a>. Contactez-nous <a href=\"https:\/\/internetaddictsanonymous.org\/fr\/contact\/\">via le formulaire de contact<\/a> si vous rencontrez des difficult\u00e9s pour rejoindre une r\u00e9union ou si vous assistez \u00e0 une r\u00e9union sans pr\u00e9sident.<\/p>\n\n\n\n<p><em><strong>Il y a eu des incidents r\u00e9cents de trolling sur Zoom.<\/strong>&nbsp; Veuillez <em>consulter <a href=\"http:\/\/internetaddictsanonymous.org\/fr\/directives-de-securite-pour-les-hotes-de-reunions-de-laita\/\">Les Consignes de S\u00e9curit\u00e9 des R\u00e9unions<\/a><\/em> et signaler tout nouvel incident aux webmestres.<\/em><\/p>\n\n\n<p><iframe style=\"height: 1150px; width: 100%;\" src=\"https:\/\/teamup.com\/ksahzu4xdr66wve679?view=d&amp;showHeader=0&amp;showLogo=0&amp;showTitle=0&amp;showSidepanel=0&amp;showViewSelector=1\" width=\"100%\" height=\"1150\" frameborder=\"0\"><\/iframe><\/p>\n\n\n<p>Nous disposons \u00e9galement d'une <a href=\"https:\/\/internetaddictsanonymous.org\/fr\/reunions-de-partage-des-orateurs\/\" target=\"_blank\" rel=\"noreferrer noopener\">calendrier<\/a> qui pr\u00e9sente les r\u00e9unions au cours desquelles un membre d'ITAA partage son exp\u00e9rience, sa force et son espoir en d\u00e9but de s\u00e9ance.<\/p>\n\n\n\n<h3 class=\"wp-block-heading\"><strong>Un guide pour le code couleur des r\u00e9unions :<\/strong><\/h3>\n\n\n\n<p>\u2022 <strong><mark style=\"background-color:rgba(0, 0, 0, 0);color:#4770d8\" class=\"has-inline-color\">En bleu,<\/mark><\/strong> Les r\u00e9unions s'adressent aux accros de l'internet et de la technologie, ainsi qu'\u00e0 toute personne qui cherche \u00e0 savoir si elle a un probl\u00e8me. Les nouveaux arrivants sont les bienvenus.<br>\u2022 <strong><mark style=\"background-color:rgba(0, 0, 0, 0);color:#A52A2A\" class=\"has-inline-color\">Marron,<\/mark><\/strong> r\u00e9unions initiales des ateliers priv\u00e9s Open Path durant lesquels un groupe d'ITAAs se retrouve pour \u00e9tudier les 12 \u00e9tapes. La premi\u00e8re r\u00e9union est ouverte ; cependant, la participation \u00e0 cette premi\u00e8re r\u00e9union est obligatoire, apr\u00e8s quoi l'atelier est priv\u00e9.<br>\u2022 <strong><mark style=\"background-color:rgba(0, 0, 0, 0);color:#88b347\" class=\"has-inline-color\">Vert<\/mark><\/strong> les r\u00e9unions sont des r\u00e9unions d\u2019\u00e9v\u00e9nements sp\u00e9ciaux. Il peut s&#039;agir de c\u00e9l\u00e9brations sur le th\u00e8me des f\u00eates ou d&#039;autres rassemblements \u00e0 l&#039;\u00e9chelle de la fraternit\u00e9.<br>\u2022 <strong><mark style=\"background-color:rgba(0, 0, 0, 0);color:#757575\" class=\"has-inline-color\">Les rayures grises<\/mark><\/strong> d\u00e9signent des r\u00e9unions dans une langue autre que l'anglais. <br>\u2022 <strong><mark style=\"background-color:rgba(0, 0, 0, 0);color:#f58a4b\" class=\"has-inline-color\">Orange<\/mark><\/strong> Les r\u00e9unions sont des r\u00e9unions de service de l'ITAA destin\u00e9es \u00e0 discuter des questions li\u00e9es \u00e0 l'administration et au service. Elles sont ouvertes \u00e0 tout membre de l'ITAA.<br>\u2022 <strong><mark style=\"background-color:rgba(0, 0, 0, 0);color:#f5699a\" class=\"has-inline-color\">Rayures roses<\/mark><\/strong> sont des r\u00e9unions o\u00f9 un membre de l'ITAA ouvre la s\u00e9ance en racontant son histoire, son exp\u00e9rience, sa force et son espoir.<br><em>\u2022 <\/em><strong><mark style=\"background-color:rgba(0, 0, 0, 0);color:#b586e2\" class=\"has-inline-color\">Mauve<\/mark><\/strong> Les r\u00e9unions sont destin\u00e9es aux accros \u00e0 Internet et \u00e0 la technologie, aux nouveaux arrivants et aux non-d\u00e9pendants int\u00e9ress\u00e9s par le programme de gu\u00e9rison de la d\u00e9pendance de l&#039;ITAA. Cela peut inclure des amis, de la famille, des chercheurs ou des journalistes. Ceux qui ne s\u2019identifient pas comme accros \u00e0 Internet et \u00e0 la technologie peuvent assister aux r\u00e9unions violettes en tant qu\u2019observateurs. Il y aura du temps apr\u00e8s la r\u00e9union pour poser des questions.<\/p>\n\n\n\n<h3 class=\"wp-block-heading\"><strong>Comment fonctionnent les r\u00e9unions?<\/strong><\/h3>\n\n\n\n<p>Si vous participez \u00e0 une r\u00e9union pour la premi\u00e8re fois, inutile d'\u00eatre nerveux. La plupart de nos r\u00e9unions sont tr\u00e8s simples ; chaque r\u00e9union a un pr\u00e9sident qui dirige la r\u00e9union, et la plupart des r\u00e9unions durent une heure. Le pr\u00e9sident et d'autres b\u00e9n\u00e9voles lisent quelques d\u00e9clarations d'ouverture avant d'ouvrir la r\u00e9union pour que les membres puissent partager. Il n\u2019y a aucune obligation de partager, et il n\u2019y a rien de mal \u00e0 simplement \u00e9couter. Vous pouvez partager comment vous allez, ou simplement vous pr\u00e9senter et ce qui vous a amen\u00e9 \u00e0 l'ITAA. Sauf demande du membre partageant, nous ne proposons pas de suggestions ou de commentaires en r\u00e9ponse aux partages des autres\u00a0; nous \u00e9coutons simplement sans porter de jugement. \u00c0 la fin de l'heure, la r\u00e9union se terminera par quelques d\u00e9clarations finales, apr\u00e8s quoi les membres resteront g\u00e9n\u00e9ralement en ligne pour parler de mani\u00e8re informelle, poser des questions et \u00e9changer leurs coordonn\u00e9es.<\/p>\n\n\n\n<h3 class=\"wp-block-heading\"><strong>Des noms de r\u00e9union diff\u00e9rents<\/strong><\/h3>\n\n\n\n<p>De nombreuses r\u00e9unions du calendrier ont des noms uniques. C'est une mani\u00e8re conviviale d'aider les membres \u00e0 distinguer les r\u00e9unions les unes des autres. Certaines r\u00e9unions peuvent avoir des formats sp\u00e9ciaux et vous pouvez survoler ou cliquer sur une r\u00e9union pour afficher les d\u00e9tails de la r\u00e9union. S'il n'y a pas de d\u00e9tails sur la r\u00e9union, la r\u00e9union suit probablement une version du <a href=\"https:\/\/internetaddictsanonymous.org\/fr\/calendrier-des-reunions-en-ligne\/script-de-reunion\/\">script de r\u00e9union<\/a>. Chaque r\u00e9union est ind\u00e9pendante et a une saveur l\u00e9g\u00e8rement diff\u00e9rente. Si vous ne savez pas \u00e0 laquelle participer, vous pouvez essayer quelques r\u00e9unions diff\u00e9rentes pour voir celles qui vous int\u00e9ressent.<\/p>\n\n\n\n<h3 class=\"wp-block-heading\"><strong>S\u00e9curit\u00e9<\/strong><\/h3>\n\n\n\n<p>Dans nos r\u00e9unions, le partage d&#039;\u00e9cran est d\u00e9sactiv\u00e9 et le cryptage est activ\u00e9. Les h\u00f4tes peuvent d\u00e9sactiver et supprimer tous les participants perturbateurs. Si vous organisez une r\u00e9union, nous vous sugg\u00e9rons de lire les <a href=\"https:\/\/internetaddictsanonymous.org\/fr\/directives-de-securite-pour-les-hotes-de-reunions-de-laita\/\">guide sur la fa\u00e7on de pr\u00e9venir et de r\u00e9pondre aux perturbations<\/a>.<\/p>\n\n\n\n<h3 class=\"wp-block-heading\"><strong>Ressources li\u00e9es \u00e0 l'accessibilit\u00e9<\/strong><\/h3>\n\n\n\n<p><a href=\"https:\/\/internetaddictsanonymous.org\/fr\/laccessibilite\/\">Accessibilit\u00e9 pour les membres souffrant de troubles de la parole et de l&#039;ou\u00efe<\/a><\/p>\n\n\n\n<p><a href=\"https:\/\/support.zoom.us\/hc\/en-us\/articles\/201362893-How-much-bandwidth-do-I-need-when-using-3G-or-4G-LTE\">Besoin de bande passante lors de l&#039;utilisation de la 3G, 4G\/LTE ou 5G (support.zoom.us)<\/a><\/p>\n\n\n\n<p><a href=\"https:\/\/support.zoom.us\/hc\/en-us\/articles\/4409500570381-Stopping-all-incoming-video-in-a-meeting-or-webinar\">Comment arr\u00eater toutes les vid\u00e9os entrantes (support.zoom.us<\/a>)<\/p>\n<!-- PMB print buttons is only displayed on a single post\/page URLs-->","protected":false},"excerpt":{"rendered":"<p>In addition to attending in-person meetings, online meetings are an incredible resource that ultimately help us spend&nbsp;less&nbsp;time on the screen. In recovery, we seek to identify and abstain from compulsive internet use while also learning to use technology in a healthy, functional way. If you are new, we encourage you to try attending six meetings &hellip; <a href=\"https:\/\/internetaddictsanonymous.org\/fr\/online-meetings\/\" class=\"more-link\">Lire la suite de <span class=\"screen-reader-text\">R\u00e9unions en ligne\/t\u00e9l\u00e9phoniques<\/span><\/a><\/p>","protected":false},"author":35194237,"featured_media":0,"parent":0,"menu_order":0,"comment_status":"closed","ping_status":"closed","template":"full-width-page.php","meta":{"inline_featured_image":false,"_lmt_disableupdate":"no","_lmt_disable":"","footnotes":""},"tags":[655524910,655524912,655524911],"class_list":["post-4484","page","type-page","status-publish","hentry","tag-meeting-times","tag-online-meeting-access-instructions","tag-phone-meeting-numbers"],"yoast_head":"<!-- This site is optimized with the Yoast SEO plugin v27.5 - https:\/\/yoast.com\/product\/yoast-seo-wordpress\/ -->\n<title>Online\/Phone Meetings &#8211; Internet and Technology Addicts Anonymous<\/title>\n<meta name=\"robots\" content=\"index, follow, max-snippet:-1, max-image-preview:large, max-video-preview:-1\" \/>\n<link rel=\"canonical\" href=\"https:\/\/internetaddictsanonymous.org\/fr\/reunions-en-ligne\/\" \/>\n<meta property=\"og:locale\" content=\"fr_FR\" \/>\n<meta property=\"og:type\" content=\"article\" \/>\n<meta property=\"og:title\" content=\"Online\/Phone Meetings &#8211; Internet and Technology Addicts Anonymous\" \/>\n<meta property=\"og:description\" content=\"In addition to attending in-person meetings, online meetings are an incredible resource that ultimately help us spend&nbsp;less&nbsp;time on the screen. In recovery, we seek to identify and abstain from compulsive internet use while also learning to use technology in a healthy, functional way. If you are new, we encourage you to try attending six meetings &hellip; Lire la suite de Online\/Phone Meetings\" \/>\n<meta property=\"og:url\" content=\"https:\/\/internetaddictsanonymous.org\/fr\/reunions-en-ligne\/\" \/>\n<meta property=\"og:site_name\" content=\"Internet and Technology Addicts Anonymous\" \/>\n<meta property=\"article:modified_time\" content=\"2026-03-18T00:14:35+00:00\" \/>\n<meta name=\"twitter:card\" content=\"summary_large_image\" \/>\n<meta name=\"twitter:label1\" content=\"Dur\u00e9e de lecture estim\u00e9e\" \/>\n\t<meta name=\"twitter:data1\" content=\"4 minutes\" \/>\n<script type=\"application\/ld+json\" class=\"yoast-schema-graph\">{\"@context\":\"https:\\\/\\\/schema.org\",\"@graph\":[{\"@type\":\"WebPage\",\"@id\":\"https:\\\/\\\/internetaddictsanonymous.org\\\/online-meetings\\\/\",\"url\":\"https:\\\/\\\/internetaddictsanonymous.org\\\/online-meetings\\\/\",\"name\":\"Online\\\/Phone Meetings &#8211; Internet and Technology Addicts Anonymous\",\"isPartOf\":{\"@id\":\"https:\\\/\\\/internetaddictsanonymous.org\\\/#website\"},\"datePublished\":\"2019-01-07T06:09:19+00:00\",\"dateModified\":\"2026-03-18T00:14:35+00:00\",\"breadcrumb\":{\"@id\":\"https:\\\/\\\/internetaddictsanonymous.org\\\/online-meetings\\\/#breadcrumb\"},\"inLanguage\":\"fr-FR\",\"potentialAction\":[{\"@type\":\"ReadAction\",\"target\":[\"https:\\\/\\\/internetaddictsanonymous.org\\\/online-meetings\\\/\"]}]},{\"@type\":\"BreadcrumbList\",\"@id\":\"https:\\\/\\\/internetaddictsanonymous.org\\\/online-meetings\\\/#breadcrumb\",\"itemListElement\":[{\"@type\":\"ListItem\",\"position\":1,\"name\":\"Home\",\"item\":\"https:\\\/\\\/internetaddictsanonymous.org\\\/\"},{\"@type\":\"ListItem\",\"position\":2,\"name\":\"Online\\\/Phone Meetings\"}]},{\"@type\":\"WebSite\",\"@id\":\"https:\\\/\\\/internetaddictsanonymous.org\\\/#website\",\"url\":\"https:\\\/\\\/internetaddictsanonymous.org\\\/\",\"name\":\"Internet and Technology Addicts Anonymous\",\"description\":\"Worldwide 12-step Fellowship for Internet and Technology Addiction\",\"publisher\":{\"@id\":\"https:\\\/\\\/internetaddictsanonymous.org\\\/#organization\"},\"potentialAction\":[{\"@type\":\"SearchAction\",\"target\":{\"@type\":\"EntryPoint\",\"urlTemplate\":\"https:\\\/\\\/internetaddictsanonymous.org\\\/?s={search_term_string}\"},\"query-input\":{\"@type\":\"PropertyValueSpecification\",\"valueRequired\":true,\"valueName\":\"search_term_string\"}}],\"inLanguage\":\"fr-FR\"},{\"@type\":\"Organization\",\"@id\":\"https:\\\/\\\/internetaddictsanonymous.org\\\/#organization\",\"name\":\"Internet and Technology Addicts Anonymous\",\"url\":\"https:\\\/\\\/internetaddictsanonymous.org\\\/\",\"logo\":{\"@type\":\"ImageObject\",\"inLanguage\":\"fr-FR\",\"@id\":\"https:\\\/\\\/internetaddictsanonymous.org\\\/#\\\/schema\\\/logo\\\/image\\\/\",\"url\":\"https:\\\/\\\/internetaddictsanonymous.org\\\/wp-content\\\/uploads\\\/2023\\\/01\\\/cropped-ITAA-logo-480px.png\",\"contentUrl\":\"https:\\\/\\\/internetaddictsanonymous.org\\\/wp-content\\\/uploads\\\/2023\\\/01\\\/cropped-ITAA-logo-480px.png\",\"width\":480,\"height\":480,\"caption\":\"Internet and Technology Addicts Anonymous\"},\"image\":{\"@id\":\"https:\\\/\\\/internetaddictsanonymous.org\\\/#\\\/schema\\\/logo\\\/image\\\/\"}}]}<\/script>\n<!-- \/ Yoast SEO plugin. -->","yoast_head_json":{"title":"R\u00e9unions en ligne\/t\u00e9l\u00e9phoniques \u2013 Internet et Technology Addicts Anonymes","robots":{"index":"index","follow":"follow","max-snippet":"max-snippet:-1","max-image-preview":"max-image-preview:large","max-video-preview":"max-video-preview:-1"},"canonical":"https:\/\/internetaddictsanonymous.org\/fr\/reunions-en-ligne\/","og_locale":"fr_FR","og_type":"article","og_title":"Online\/Phone Meetings &#8211; Internet and Technology Addicts Anonymous","og_description":"In addition to attending in-person meetings, online meetings are an incredible resource that ultimately help us spend&nbsp;less&nbsp;time on the screen. In recovery, we seek to identify and abstain from compulsive internet use while also learning to use technology in a healthy, functional way. If you are new, we encourage you to try attending six meetings &hellip; Lire la suite de Online\/Phone Meetings","og_url":"https:\/\/internetaddictsanonymous.org\/fr\/reunions-en-ligne\/","og_site_name":"Internet and Technology Addicts Anonymous","article_modified_time":"2026-03-18T00:14:35+00:00","twitter_card":"summary_large_image","twitter_misc":{"Dur\u00e9e de lecture estim\u00e9e":"4 minutes"},"schema":{"@context":"https:\/\/schema.org","@graph":[{"@type":"WebPage","@id":"https:\/\/internetaddictsanonymous.org\/online-meetings\/","url":"https:\/\/internetaddictsanonymous.org\/online-meetings\/","name":"R\u00e9unions en ligne\/t\u00e9l\u00e9phoniques \u2013 Internet et Technology Addicts Anonymes","isPartOf":{"@id":"https:\/\/internetaddictsanonymous.org\/#website"},"datePublished":"2019-01-07T06:09:19+00:00","dateModified":"2026-03-18T00:14:35+00:00","breadcrumb":{"@id":"https:\/\/internetaddictsanonymous.org\/online-meetings\/#breadcrumb"},"inLanguage":"fr-FR","potentialAction":[{"@type":"ReadAction","target":["https:\/\/internetaddictsanonymous.org\/online-meetings\/"]}]},{"@type":"BreadcrumbList","@id":"https:\/\/internetaddictsanonymous.org\/online-meetings\/#breadcrumb","itemListElement":[{"@type":"ListItem","position":1,"name":"Home","item":"https:\/\/internetaddictsanonymous.org\/"},{"@type":"ListItem","position":2,"name":"Online\/Phone Meetings"}]},{"@type":"WebSite","@id":"https:\/\/internetaddictsanonymous.org\/#website","url":"https:\/\/internetaddictsanonymous.org\/","name":"D\u00e9pendants \u00e0 Internet et aux technologies anonymes","description":"Communaut\u00e9 mondiale en 12 \u00e9tapes pour la d\u00e9pendance \u00e0 l'Internet et \u00e0 la technologie","publisher":{"@id":"https:\/\/internetaddictsanonymous.org\/#organization"},"potentialAction":[{"@type":"SearchAction","target":{"@type":"EntryPoint","urlTemplate":"https:\/\/internetaddictsanonymous.org\/?s={search_term_string}"},"query-input":{"@type":"PropertyValueSpecification","valueRequired":true,"valueName":"search_term_string"}}],"inLanguage":"fr-FR"},{"@type":"Organization","@id":"https:\/\/internetaddictsanonymous.org\/#organization","name":"D\u00e9pendants \u00e0 Internet et aux technologies anonymes","url":"https:\/\/internetaddictsanonymous.org\/","logo":{"@type":"ImageObject","inLanguage":"fr-FR","@id":"https:\/\/internetaddictsanonymous.org\/#\/schema\/logo\/image\/","url":"https:\/\/internetaddictsanonymous.org\/wp-content\/uploads\/2023\/01\/cropped-ITAA-logo-480px.png","contentUrl":"https:\/\/internetaddictsanonymous.org\/wp-content\/uploads\/2023\/01\/cropped-ITAA-logo-480px.png","width":480,"height":480,"caption":"Internet and Technology Addicts Anonymous"},"image":{"@id":"https:\/\/internetaddictsanonymous.org\/#\/schema\/logo\/image\/"}}]}},"jetpack_sharing_enabled":true,"jetpack_shortlink":"https:\/\/wp.me\/P9Fwob-1ak","_links":{"self":[{"href":"https:\/\/internetaddictsanonymous.org\/fr\/wp-json\/wp\/v2\/pages\/4484","targetHints":{"allow":["GET"]}}],"collection":[{"href":"https:\/\/internetaddictsanonymous.org\/fr\/wp-json\/wp\/v2\/pages"}],"about":[{"href":"https:\/\/internetaddictsanonymous.org\/fr\/wp-json\/wp\/v2\/types\/page"}],"author":[{"embeddable":true,"href":"https:\/\/internetaddictsanonymous.org\/fr\/wp-json\/wp\/v2\/users\/35194237"}],"replies":[{"embeddable":true,"href":"https:\/\/internetaddictsanonymous.org\/fr\/wp-json\/wp\/v2\/comments?post=4484"}],"version-history":[{"count":100,"href":"https:\/\/internetaddictsanonymous.org\/fr\/wp-json\/wp\/v2\/pages\/4484\/revisions"}],"predecessor-version":[{"id":21126,"href":"https:\/\/internetaddictsanonymous.org\/fr\/wp-json\/wp\/v2\/pages\/4484\/revisions\/21126"}],"wp:attachment":[{"href":"https:\/\/internetaddictsanonymous.org\/fr\/wp-json\/wp\/v2\/media?parent=4484"}],"wp:term":[{"taxonomy":"post_tag","embeddable":true,"href":"https:\/\/internetaddictsanonymous.org\/fr\/wp-json\/wp\/v2\/tags?post=4484"}],"curies":[{"name":"wp","href":"https:\/\/api.w.org\/{rel}","templated":true}]}}