{"id":8861,"date":"2019-08-22T21:25:48","date_gmt":"2019-08-22T21:25:48","guid":{"rendered":"https:\/\/internetaddictsanonymous.org\/?page_id=8861"},"modified":"2025-04-06T13:51:36","modified_gmt":"2025-04-06T20:51:36","slug":"pour-la-famille-et-les-amis","status":"publish","type":"page","link":"https:\/\/internetaddictsanonymous.org\/fr\/for-family-and-friends\/","title":{"rendered":"Pour la famille et les amis des toxicomanes"},"content":{"rendered":"<p>Nous sommes heureux que vous ayez trouv\u00e9 notre site Web et que vous entendiez la nouvelle qu'il y a de l'espoir pour les utilisateurs d\u00e9pendants d'Internet et de la technologie. Si vous \u00eates proche d'un d\u00e9pendant \u00e0 Internet et \u00e0 la technologie, vous \u00eates probablement d\u00e9j\u00e0 conscient de la difficult\u00e9 et de la douleur que cette condition peut causer, non seulement pour le d\u00e9pendant lui-m\u00eame, mais aussi pour son entourage. La d\u00e9pendance est un probl\u00e8me grave qui nuit \u00e0 tous ceux qu'elle touche. Cette page contient des informations et des ressources importantes si vous \u00eates proche d'un d\u00e9pendant.<br><br>  <\/p>\n\n\n\n<h3 class=\"wp-block-heading\">R\u00e9unions pour la famille et les amis<\/h3>\n\n\n\n<p><a href=\"https:\/\/itanon.org\/meetings\/\" target=\"_blank\" rel=\"noreferrer noopener\">IT-Anon<\/a> IT-Anon est une association de personnes dont la vie a \u00e9t\u00e9 affect\u00e9e par la d\u00e9pendance d&#039;un proche \u00e0 Internet et aux technologies. Elles s&#039;entraident pour apporter des changements positifs \u00e0 leur situation, que la personne d\u00e9pendante reconnaisse ou non son probl\u00e8me et recherche ou non de l&#039;aide. Si un de vos proches souffre de d\u00e9pendance \u00e0 Internet et aux technologies, nous vous encourageons \u00e0 assister \u00e0 une r\u00e9union IT-Anon.<\/p>\n\n\n\n<div class=\"wp-block-buttons is-content-justification-left is-layout-flex wp-container-core-buttons-is-layout-fdcfc74e wp-block-buttons-is-layout-flex\">\n<div class=\"wp-block-button has-custom-width wp-block-button__width-50 has-custom-font-size is-style-fill\" style=\"font-size:25px;font-style:normal;font-weight:900\"><a class=\"wp-block-button__link has-white-color has-blue-background-color has-text-color has-background wp-element-button\" href=\"https:\/\/itanon.org\/meetings\/\" style=\"border-radius:100px\"><span style=\"text-decoration: underline;\">Rejoindre une r\u00e9union<\/span><\/a><\/div>\n<\/div>\n\n\n\n<div style=\"height:49px\" aria-hidden=\"true\" class=\"wp-block-spacer\"><\/div>\n\n\n\n<h3 class=\"wp-block-heading\">Que puis-je faire contre la d\u00e9pendance de mon proche ?<\/h3>\n\n\n\n<p>Premi\u00e8rement, personne n&#039;est responsable de l&#039;utilisation compulsive d&#039;Internet et de la technologie par quelqu&#039;un d&#039;autre. Comme le dit le slogan d&#039;Al-Anon: \u00abJe ne l&#039;ai pas caus\u00e9, je ne peux pas le contr\u00f4ler et je ne peux pas le gu\u00e9rir.\u00bb<\/p>\n\n\n\n<p><strong>Vous ne l&#039;avez pas caus\u00e9.<\/strong> Certaines personnes se rendent en partie responsables du comportement dysfonctionnel des membres de leur famille, en particulier les d\u00e9pendants qui sont tr\u00e8s prompts \u00e0 se d\u00e9charger de leur responsabilit\u00e9 et \u00e0 accuser les autres. Peut-\u00eatre avez-vous partag\u00e9 avec votre proche des moments pass\u00e9s en ligne, lui avez-vous achet\u00e9 un ordinateur ou un smartphone, ou avez-vous encourag\u00e9 ses activit\u00e9s en ligne, pensant qu'il s'agissait d'un loisir inoffensif. Vous avez peut-\u00eatre \u00e9t\u00e9 impliqu\u00e9 dans un conflit et vous vous demandez si cela ne l'a pas pouss\u00e9 \u00e0 se r\u00e9fugier sur Internet. Mais personne n'est responsable du comportement ou des troubles mentaux d'une autre personne.<\/p>\n\n\n\n<p><strong>Vous ne pouvez pas le contr\u00f4ler.<\/strong> Vous avez peut-\u00eatre d\u00e9j\u00e0 essay\u00e9 de parler \u00e0 votre ami ou \u00e0 un membre de votre famille. Peut-\u00eatre avez-vous n\u00e9goci\u00e9 avec eux ou leur avez adress\u00e9 des ultimatums. Vous avez essay\u00e9 de les aider \u00e0 voir les dommages qu'ils font \u00e0 eux-m\u00eames et aux autres. Et rien de tout cela n'a fonctionn\u00e9. C'est d\u00e9concertant pour vous. Pourquoi ne semblent-ils pas comprendre ni s'en soucier? Pourquoi ne peuvent-ils pas voir ce qui est \u00e9vident pour vous? C'est en fait un sympt\u00f4me de la d\u00e9pendance, qui condamne les efforts de contr\u00f4le \u00e0 l'\u00e9chec.<\/p>\n\n\n\n<p><strong>Vous ne pouvez pas le gu\u00e9rir.<\/strong> Nous aimerions tous croire que nous avons la capacit\u00e9 d'aider ceux que nous aimons. Nous pensons souvent que si nous pouvions simplement obtenir les bonnes informations, trouver la bonne chose \u00e0 dire ou \u00e0 faire, peut-\u00eatre changer quelque chose sur nous-m\u00eames, nous pourrions r\u00e9soudre le probl\u00e8me. Les gens devraient pouvoir r\u00e9soudre leurs probl\u00e8mes. Pourquoi ne pouvons-nous pas faire cela avec celui-ci? Il y a une raison simple. Il n'y a pas de rem\u00e8de contre la d\u00e9pendance. Cela n\u00e9cessite un traitement. Le processus de r\u00e9tablissement est long et difficile. Et il n'y a qu'une seule personne qui peut lancer ce processus : celle qui utilise Internet et la technologie de mani\u00e8re compulsive.<\/p>\n\n\n\n<p>Il y a des choses que vous pouvez faire. Voici quelques suggestions que vous voudrez peut-\u00eatre envisager, que d'autres familles et amis des d\u00e9pendants ont trouv\u00e9es utiles :<\/p>\n\n\n\n<ol class=\"wp-block-list\">\n<li><strong>Obtenez des informations et de l&#039;aide.<\/strong> Renseignez-vous le plus possible sur la maladie de la d\u00e9pendance \u00e0 Internet et \u00e0 la technologie pour vous familiariser avec la maladie \u00e0 laquelle votre proche est confront\u00e9. De plus, la litt\u00e9rature et les r\u00e9unions d&#039;autres bourses de r\u00e9tablissement pour la famille et les amis des toxicomanes contiennent des conseils utiles, dont certains sont \u00e9galement disponibles en ligne. Il y a des gens qui ont v\u00e9cu des situations tr\u00e8s similaires \u00e0 la v\u00f4tre, qui en ont beaucoup appris et qui sont pr\u00eats \u00e0 partager les le\u00e7ons qu&#039;ils ont apprises.<\/li>\n\n\n\n<li><strong>Partagez avec votre proche.<\/strong> Vous pouvez partager notre site web avec votre proche ou lui sugg\u00e9rer de consulter notre site web. <a href=\"https:\/\/drive.google.com\/file\/d\/1y8ZgwLScawJeQq0LZ8vN3THEhiBk4YAv\/view\">Brochure de bienvenue de l'ITAA<\/a> (<a href=\"https:\/\/drive.google.com\/file\/d\/1fmIJRc_6SpHw75_1qrfd7NkuC-67Epxm\/view?usp=sharing\" target=\"_blank\" rel=\"noreferrer noopener\">A4<\/a>) (<a href=\"https:\/\/docs.google.com\/document\/d\/1SJDReYLLhs5hgC0I1hotkrCmZ3-6YZmxTNB7lb27KJM\/edit?usp=sharing\">instructions d'impression<\/a>), ou notre <a href=\"https:\/\/internetaddictsanonymous.org\/fr\/dependance-a-linternet\/\">questionnaire sur l'addiction \u00e0 l'internet et aux technologies<\/a> pour voir s'ils s'identifient. S'ils reconnaissent que leur utilisation des technologies pr\u00e9sente des aspects malsains, nous les encourageons \u00e0 participer \u00e0 l'un de nos programmes d'\u00e9ducation \u00e0 la sant\u00e9. <a href=\"https:\/\/internetaddictsanonymous.org\/fr\/reunions-en-ligne\/\">r\u00e9unions en ligne<\/a>. Nous recommandons aux nouveaux venus d'assister \u00e0 six r\u00e9unions dans un court laps de temps avant de d\u00e9cider si notre programme peut leur \u00eatre utile. Toutefois, si apr\u00e8s avoir mentionn\u00e9 notre association \u00e0 votre proche, il ne pense pas avoir de probl\u00e8me ou n'est pas int\u00e9ress\u00e9 par une aide, vous pouvez accepter sa d\u00e9cision sans le presser, le manipuler ou lui faire honte. En offrant \u00e0 votre proche un espace \u00e9motionnel s\u00fbr pour discuter de ses exp\u00e9riences, il sera peut-\u00eatre plus enclin \u00e0 s'ouvrir \u00e0 ce sujet \u00e0 l'avenir.<\/li>\n\n\n\n<li><strong>D\u00e9tachez-vous avec amour.<\/strong> Mettre de l'\u00e9nergie \u00e0 se disputer avec une personne qui utilise Internet et la technologie de mani\u00e8re compulsive ne vous aidera ni l'un ni l'autre. Votre proche a un probl\u00e8me grave que vous \u00eates impuissant \u00e0 contr\u00f4ler ou \u00e0 gu\u00e9rir, et pour lequel il ne recevra pas d'aide tant qu'il ne le voudra pas. M\u00eame si vous aimez quelqu'un, vous ne pouvez pas imposer ce processus \u00e0 une autre personne. Se d\u00e9tacher avec amour signifie que nous acceptons pleinement notre impuissance face \u00e0 la maladie neurologique qui pousse la personne aim\u00e9e \u00e0 penser et \u00e0 agir de mani\u00e8re addictive, tout en conservant un amour sinc\u00e8re pour elle et de la compassion pour ses difficult\u00e9s.<\/li>\n\n\n\n<li><strong>Arr\u00eatez d&#039;activer.<\/strong> Paradoxalement, en m\u00eame temps que les gens discutent, n\u00e9gocient ou font honte \u00e0 un utilisateur compulsif de l'internet et de la technologie, ils soutiennent souvent (peut-\u00eatre sans s'en rendre compte) la d\u00e9pendance de bien des fa\u00e7ons. Tout ce qui prot\u00e8ge un toxicomane des cons\u00e9quences de son comportement est de l'ordre du soutien, et peut inclure des choses aussi \u00e9l\u00e9mentaires que la nourriture, le logement, l'argent, la compagnie, l'entretien de la maison, et la prise en charge des probl\u00e8mes d'\u00e9ducation, d'emploi et de justice. Aider un utilisateur compulsif de l'internet et de la technologie \u00e0 conserver une apparence de normalit\u00e9, c'est l'aider \u00e0 poursuivre son comportement destructeur. Vous ne pouvez pas les changer, mais vous pouvez le faire pour vous-m\u00eame. Vous pouvez d\u00e9tourner votre \u00e9nergie des comportements habilitants pour r\u00e9pondre \u00e0 vos propres besoins.<\/li>\n\n\n\n<li><strong>Prenez soin de vous.<\/strong> Que votre proche cesse ou non d'utiliser l'internet et la technologie de mani\u00e8re addictive, vous m\u00e9ritez d'avoir une vie saine et heureuse. Nous avons d\u00e9couvert qu'aucune situation n'est vraiment d\u00e9sesp\u00e9r\u00e9e et qu'il est possible de trouver le contentement et m\u00eame le bonheur, que la personne d\u00e9pendante continue de consommer ou non. Une fois que vous avez accept\u00e9 le fait que vous \u00eates impuissant face \u00e0 leur comportement sur Internet et dans les technologies, vous pouvez commencer \u00e0 vous concentrer sur ce que vous pouvez faire pour prendre soin de vous. Avec l'aide d'autres personnes qui sont pass\u00e9es par l\u00e0, vous pouvez apprendre \u00e0 fixer des limites saines et \u00e0 les respecter.<br><br> <\/li>\n<\/ol>\n\n\n\n<h3 class=\"wp-block-heading\">Concept de maladie familiale et cod\u00e9pendance<\/h3>\n\n\n\n<p>La d\u00e9pendance a \u00e9t\u00e9 d\u00e9crite \u00e0 plusieurs reprises comme une \u00ab\u00a0maladie familiale\u00a0\u00bb, ce qui signifie que le toxicomane n&#039;est pas le seul \u00e0 souffrir des probl\u00e8mes de d\u00e9pendance et \u00e0 adopter des comportements dysfonctionnels. Les personnes les plus proches du toxicomane actif souffrent de bon nombre de ces effets, bien que de diff\u00e9rentes mani\u00e8res.<\/p>\n\n\n\n<p>La cod\u00e9pendance est une obsession des besoins des autres \u00e0 un degr\u00e9 malsain et se d\u00e9veloppe souvent dans une relation avec une personne qui souffre d&#039;un trouble de la toxicomanie. Les personnes cod\u00e9pendantes dissimulent souvent les probl\u00e8mes et prot\u00e8gent leurs proches des cons\u00e9quences de leur comportement, devenant extr\u00eamement attach\u00e9es au contr\u00f4le et \u00e0 la r\u00e9paration de la personne et \u00e0 gagner son amour et son approbation.<\/p>\n\n\n\n<p>Pour gu\u00e9rir des effets destructeurs de la d\u00e9pendance \u00e0 Internet et \u00e0 la technologie d&#039;un \u00eatre cher, nous devons accorder la priorit\u00e9 \u00e0 nos propres besoins fondamentaux. Nous encourageons l&#039;utilisation de la litt\u00e9rature, des bourses et des conseils qui guident les personnes touch\u00e9es sur un chemin de croissance et de gu\u00e9rison.<br><br>  <\/p>\n\n\n\n<h3 class=\"wp-block-heading\">Ressources suppl\u00e9mentaires<\/h3>\n\n\n\n<p>Il existe des associations qui peuvent \u00eatre utiles \u00e0 la famille et aux amis des personnes d\u00e9pendantes de l'internet et de la technologie. Elles peuvent fournir des conseils clairs sur la gestion de la d\u00e9pendance en g\u00e9n\u00e9ral, sur la gu\u00e9rison de ses effets et sur la mani\u00e8re de mettre en place une communaut\u00e9 de r\u00e9tablissement.&nbsp;<\/p>\n\n\n\n<ul class=\"wp-block-list\">\n<li><a href=\"https:\/\/itanon.org\">IT-Anon<\/a> est une association d\u00e9di\u00e9e aux amis et \u00e0 la famille des personnes d\u00e9pendantes d'Internet et de la technologie.<\/li>\n\n\n\n<li><a href=\"http:\/\/www.al-anon.alateen.org\/\">Al-Anon<\/a>. La fraternit\u00e9 Al-Anon existe depuis 1939 pour la famille et les amis des alcooliques. En tant que la plus ancienne et la plus fr\u00e9quent\u00e9e des bourses pour la famille et les amis des toxicomanes, ses membres ont une exp\u00e9rience large et approfondie \u00e0 partager sur la vie avec des toxicomanes et la gu\u00e9rison des sch\u00e9mas dysfonctionnels.<\/li>\n\n\n\n<li><a href=\"http:\/\/www.nar-anon.org\/\">Nar-Anon<\/a>. La bourse Nar-Anon existe depuis 1968 pour la famille et les amis de ceux qui souffrent de toxicomanie.<\/li>\n\n\n\n<li><a href=\"http:\/\/www.coda.org\/\">Coda<\/a>. Co-Dependents Anonymous existe depuis 1986 et est une association d&#039;hommes et de femmes dont le but commun est de d\u00e9velopper des relations saines.<\/li>\n\n\n\n<li><a href=\"https:\/\/sanon.org\/\">S-Anon<\/a>. Les groupes familiaux internationaux S-Anon sont une communaut\u00e9 mondiale de parents et d&#039;amis de personnes sexuellement d\u00e9pendantes.<\/li>\n\n\n\n<li><a href=\"https:\/\/cosa-recovery.org\/\" target=\"_blank\" rel=\"noreferrer noopener\">COSA<\/a>. COSA est un programme de r\u00e9tablissement en douze \u00e9tapes destin\u00e9 aux personnes dont la vie a \u00e9t\u00e9 affect\u00e9e par un comportement sexuel compulsif.<\/li>\n<\/ul>\n<!-- PMB print buttons is only displayed on a single post\/page URLs-->","protected":false},"excerpt":{"rendered":"<p>Nous sommes heureux que vous ayez trouv\u00e9 notre site Web et que vous entendiez les nouvelles selon lesquelles il y a de l&#039;espoir pour les utilisateurs accros d&#039;Internet et de la technologie. Si vous \u00eates proche d&#039;un accro \u00e0 Internet et \u00e0 la technologie, vous \u00eates probablement d\u00e9j\u00e0 conscient de la difficult\u00e9 et de la douleur que cette condition peut causer, non seulement pour le toxicomane lui-m\u00eame, mais ... <a href=\"https:\/\/internetaddictsanonymous.org\/fr\/for-family-and-friends\/\" class=\"more-link\">Lire la suite de <span class=\"screen-reader-text\">Pour la famille et les amis des toxicomanes<\/span><\/a><\/p>","protected":false},"author":35194237,"featured_media":0,"parent":0,"menu_order":0,"comment_status":"closed","ping_status":"closed","template":"full-width-page.php","meta":{"inline_featured_image":false,"_lmt_disableupdate":"","_lmt_disable":"","jetpack_post_was_ever_published":false,"footnotes":""},"tags":[],"class_list":["post-8861","page","type-page","status-publish","hentry"],"yoast_head":"<!-- This site is optimized with the Yoast SEO plugin v27.3 - https:\/\/yoast.com\/product\/yoast-seo-wordpress\/ -->\n<title>For Family and Friends of Addicts &#8211; Internet and Technology Addicts Anonymous<\/title>\n<meta name=\"robots\" content=\"index, follow, max-snippet:-1, max-image-preview:large, max-video-preview:-1\" \/>\n<link rel=\"canonical\" href=\"https:\/\/internetaddictsanonymous.org\/fr\/pour-la-famille-et-les-amis\/\" \/>\n<meta property=\"og:locale\" content=\"fr_FR\" \/>\n<meta property=\"og:type\" content=\"article\" \/>\n<meta property=\"og:title\" content=\"For Family and Friends of Addicts &#8211; Internet and Technology Addicts Anonymous\" \/>\n<meta property=\"og:description\" content=\"We are glad you have found our website and are hearing the news that there is hope for addicted internet and technology users. If you are close to an internet and technology addict, you are likely already aware of the difficulty and pain that this condition can cause, not only for the addict themselves, but &hellip; Lire la suite de For Family and Friends of Addicts\" \/>\n<meta property=\"og:url\" content=\"https:\/\/internetaddictsanonymous.org\/fr\/pour-la-famille-et-les-amis\/\" \/>\n<meta property=\"og:site_name\" content=\"Internet and Technology Addicts Anonymous\" \/>\n<meta property=\"article:modified_time\" content=\"2025-04-06T20:51:36+00:00\" \/>\n<meta name=\"twitter:card\" content=\"summary_large_image\" \/>\n<meta name=\"twitter:label1\" content=\"Dur\u00e9e de lecture estim\u00e9e\" \/>\n\t<meta name=\"twitter:data1\" content=\"7 minutes\" \/>\n<script type=\"application\/ld+json\" class=\"yoast-schema-graph\">{\"@context\":\"https:\\\/\\\/schema.org\",\"@graph\":[{\"@type\":\"WebPage\",\"@id\":\"https:\\\/\\\/internetaddictsanonymous.org\\\/for-family-and-friends\\\/\",\"url\":\"https:\\\/\\\/internetaddictsanonymous.org\\\/for-family-and-friends\\\/\",\"name\":\"For Family and Friends of Addicts &#8211; Internet and Technology Addicts Anonymous\",\"isPartOf\":{\"@id\":\"https:\\\/\\\/internetaddictsanonymous.org\\\/#website\"},\"datePublished\":\"2019-08-22T21:25:48+00:00\",\"dateModified\":\"2025-04-06T20:51:36+00:00\",\"breadcrumb\":{\"@id\":\"https:\\\/\\\/internetaddictsanonymous.org\\\/for-family-and-friends\\\/#breadcrumb\"},\"inLanguage\":\"fr-FR\",\"potentialAction\":[{\"@type\":\"ReadAction\",\"target\":[\"https:\\\/\\\/internetaddictsanonymous.org\\\/for-family-and-friends\\\/\"]}]},{\"@type\":\"BreadcrumbList\",\"@id\":\"https:\\\/\\\/internetaddictsanonymous.org\\\/for-family-and-friends\\\/#breadcrumb\",\"itemListElement\":[{\"@type\":\"ListItem\",\"position\":1,\"name\":\"Home\",\"item\":\"https:\\\/\\\/internetaddictsanonymous.org\\\/\"},{\"@type\":\"ListItem\",\"position\":2,\"name\":\"For Family and Friends of Addicts\"}]},{\"@type\":\"WebSite\",\"@id\":\"https:\\\/\\\/internetaddictsanonymous.org\\\/#website\",\"url\":\"https:\\\/\\\/internetaddictsanonymous.org\\\/\",\"name\":\"Internet and Technology Addicts Anonymous\",\"description\":\"Worldwide 12-step Fellowship for Internet and Technology Addiction\",\"publisher\":{\"@id\":\"https:\\\/\\\/internetaddictsanonymous.org\\\/#organization\"},\"potentialAction\":[{\"@type\":\"SearchAction\",\"target\":{\"@type\":\"EntryPoint\",\"urlTemplate\":\"https:\\\/\\\/internetaddictsanonymous.org\\\/?s={search_term_string}\"},\"query-input\":{\"@type\":\"PropertyValueSpecification\",\"valueRequired\":true,\"valueName\":\"search_term_string\"}}],\"inLanguage\":\"fr-FR\"},{\"@type\":\"Organization\",\"@id\":\"https:\\\/\\\/internetaddictsanonymous.org\\\/#organization\",\"name\":\"Internet and Technology Addicts Anonymous\",\"url\":\"https:\\\/\\\/internetaddictsanonymous.org\\\/\",\"logo\":{\"@type\":\"ImageObject\",\"inLanguage\":\"fr-FR\",\"@id\":\"https:\\\/\\\/internetaddictsanonymous.org\\\/#\\\/schema\\\/logo\\\/image\\\/\",\"url\":\"https:\\\/\\\/internetaddictsanonymous.org\\\/wp-content\\\/uploads\\\/2023\\\/01\\\/cropped-ITAA-logo-480px.png\",\"contentUrl\":\"https:\\\/\\\/internetaddictsanonymous.org\\\/wp-content\\\/uploads\\\/2023\\\/01\\\/cropped-ITAA-logo-480px.png\",\"width\":480,\"height\":480,\"caption\":\"Internet and Technology Addicts Anonymous\"},\"image\":{\"@id\":\"https:\\\/\\\/internetaddictsanonymous.org\\\/#\\\/schema\\\/logo\\\/image\\\/\"}}]}<\/script>\n<!-- \/ Yoast SEO plugin. -->","yoast_head_json":{"title":"Pour les familles et les amis des toxicomanes - Internet and Technology Addicts Anonymous","robots":{"index":"index","follow":"follow","max-snippet":"max-snippet:-1","max-image-preview":"max-image-preview:large","max-video-preview":"max-video-preview:-1"},"canonical":"https:\/\/internetaddictsanonymous.org\/fr\/pour-la-famille-et-les-amis\/","og_locale":"fr_FR","og_type":"article","og_title":"For Family and Friends of Addicts &#8211; Internet and Technology Addicts Anonymous","og_description":"We are glad you have found our website and are hearing the news that there is hope for addicted internet and technology users. If you are close to an internet and technology addict, you are likely already aware of the difficulty and pain that this condition can cause, not only for the addict themselves, but &hellip; Lire la suite de For Family and Friends of Addicts","og_url":"https:\/\/internetaddictsanonymous.org\/fr\/pour-la-famille-et-les-amis\/","og_site_name":"Internet and Technology Addicts Anonymous","article_modified_time":"2025-04-06T20:51:36+00:00","twitter_card":"summary_large_image","twitter_misc":{"Dur\u00e9e de lecture estim\u00e9e":"7 minutes"},"schema":{"@context":"https:\/\/schema.org","@graph":[{"@type":"WebPage","@id":"https:\/\/internetaddictsanonymous.org\/for-family-and-friends\/","url":"https:\/\/internetaddictsanonymous.org\/for-family-and-friends\/","name":"Pour les familles et les amis des toxicomanes - Internet and Technology Addicts Anonymous","isPartOf":{"@id":"https:\/\/internetaddictsanonymous.org\/#website"},"datePublished":"2019-08-22T21:25:48+00:00","dateModified":"2025-04-06T20:51:36+00:00","breadcrumb":{"@id":"https:\/\/internetaddictsanonymous.org\/for-family-and-friends\/#breadcrumb"},"inLanguage":"fr-FR","potentialAction":[{"@type":"ReadAction","target":["https:\/\/internetaddictsanonymous.org\/for-family-and-friends\/"]}]},{"@type":"BreadcrumbList","@id":"https:\/\/internetaddictsanonymous.org\/for-family-and-friends\/#breadcrumb","itemListElement":[{"@type":"ListItem","position":1,"name":"Home","item":"https:\/\/internetaddictsanonymous.org\/"},{"@type":"ListItem","position":2,"name":"For Family and Friends of Addicts"}]},{"@type":"WebSite","@id":"https:\/\/internetaddictsanonymous.org\/#website","url":"https:\/\/internetaddictsanonymous.org\/","name":"D\u00e9pendants \u00e0 Internet et aux technologies anonymes","description":"Communaut\u00e9 mondiale en 12 \u00e9tapes pour la d\u00e9pendance \u00e0 l'Internet et \u00e0 la technologie","publisher":{"@id":"https:\/\/internetaddictsanonymous.org\/#organization"},"potentialAction":[{"@type":"SearchAction","target":{"@type":"EntryPoint","urlTemplate":"https:\/\/internetaddictsanonymous.org\/?s={search_term_string}"},"query-input":{"@type":"PropertyValueSpecification","valueRequired":true,"valueName":"search_term_string"}}],"inLanguage":"fr-FR"},{"@type":"Organization","@id":"https:\/\/internetaddictsanonymous.org\/#organization","name":"D\u00e9pendants \u00e0 Internet et aux technologies anonymes","url":"https:\/\/internetaddictsanonymous.org\/","logo":{"@type":"ImageObject","inLanguage":"fr-FR","@id":"https:\/\/internetaddictsanonymous.org\/#\/schema\/logo\/image\/","url":"https:\/\/internetaddictsanonymous.org\/wp-content\/uploads\/2023\/01\/cropped-ITAA-logo-480px.png","contentUrl":"https:\/\/internetaddictsanonymous.org\/wp-content\/uploads\/2023\/01\/cropped-ITAA-logo-480px.png","width":480,"height":480,"caption":"Internet and Technology Addicts Anonymous"},"image":{"@id":"https:\/\/internetaddictsanonymous.org\/#\/schema\/logo\/image\/"}}]}},"jetpack_sharing_enabled":true,"jetpack_shortlink":"https:\/\/wp.me\/P9Fwob-2iV","_links":{"self":[{"href":"https:\/\/internetaddictsanonymous.org\/fr\/wp-json\/wp\/v2\/pages\/8861","targetHints":{"allow":["GET"]}}],"collection":[{"href":"https:\/\/internetaddictsanonymous.org\/fr\/wp-json\/wp\/v2\/pages"}],"about":[{"href":"https:\/\/internetaddictsanonymous.org\/fr\/wp-json\/wp\/v2\/types\/page"}],"author":[{"embeddable":true,"href":"https:\/\/internetaddictsanonymous.org\/fr\/wp-json\/wp\/v2\/users\/35194237"}],"replies":[{"embeddable":true,"href":"https:\/\/internetaddictsanonymous.org\/fr\/wp-json\/wp\/v2\/comments?post=8861"}],"version-history":[{"count":43,"href":"https:\/\/internetaddictsanonymous.org\/fr\/wp-json\/wp\/v2\/pages\/8861\/revisions"}],"predecessor-version":[{"id":19530,"href":"https:\/\/internetaddictsanonymous.org\/fr\/wp-json\/wp\/v2\/pages\/8861\/revisions\/19530"}],"wp:attachment":[{"href":"https:\/\/internetaddictsanonymous.org\/fr\/wp-json\/wp\/v2\/media?parent=8861"}],"wp:term":[{"taxonomy":"post_tag","embeddable":true,"href":"https:\/\/internetaddictsanonymous.org\/fr\/wp-json\/wp\/v2\/tags?post=8861"}],"curies":[{"name":"wp","href":"https:\/\/api.w.org\/{rel}","templated":true}]}}