{"id":9095,"date":"2019-11-12T19:19:38","date_gmt":"2019-11-12T19:19:38","guid":{"rendered":"https:\/\/internetaddictsanonymous.org\/?page_id=9095"},"modified":"2024-03-02T10:03:10","modified_gmt":"2024-03-02T15:03:10","slug":"commencer-une-nouvelle-rencontre-en-face-a-face","status":"publish","type":"page","link":"https:\/\/internetaddictsanonymous.org\/fr\/starting-a-new-face-to-face-meeting\/","title":{"rendered":"D\u00e9marrer une nouvelle r\u00e9union"},"content":{"rendered":"<p>Vous trouverez ici quelques suggestions sur la mani\u00e8re de d\u00e9marrer une nouvelle r\u00e9union, que ce soit en ligne ou en personne dans votre r\u00e9gion. D\u00e9marrer une nouvelle r\u00e9union est un acte de service incroyable qui peut non seulement vous aider, mais \u00e9galement d&#039;autres toxicomanes en difficult\u00e9 dans votre r\u00e9gion.<\/p>\n\n\n\n<p>\u2022 La bonne nouvelle est que d\u00e9marrer une nouvelle r\u00e9union est tr\u00e8s simple! N&#039;importe qui, n&#039;importe o\u00f9, peut d\u00e9marrer une r\u00e9union ITAA - il n&#039;est pas n\u00e9cessaire de recevoir la permission de qui que ce soit. <\/p>\n\n\n\n<p>\u2022 Nous vous recommandons de lire &quot;<a href=\"https:\/\/www.aa.org\/assets\/en_US\/en_bigbook_chapt11.pdf\">Une vision pour vous<\/a>\u00bbDans le Gros Livre des AA. Le chapitre est incroyablement inspirant et comprend des conseils pratiques et des conseils pour ceux qui cherchent \u00e0 d\u00e9marrer de nouvelles r\u00e9unions.<\/p>\n\n\n\n<p>\u2022 <a href=\"https:\/\/internetaddictsanonymous.org\/fr\/12-etapes-de-litaa\/\">Les douze traditions de l&#039;ITAA<\/a> sont des guides utiles pour g\u00e9rer une nouvelle r\u00e9union.<\/p>\n\n\n\n<p>- Il suffit de deux personnes cherchant \u00e0 se r\u00e9tablir d'une d\u00e9pendance \u00e0 l'internet et aux technologies pour commencer une r\u00e9union.<\/p>\n\n\n\n<p>\u2022 Si vous d\u00e9marrez une r\u00e9union en face-\u00e0-face, il peut \u00eatre judicieux de rechercher des endroits o\u00f9 se tiennent d&#039;autres r\u00e9unions en 12 \u00e9tapes et de leur demander s&#039;ils disposent d&#039;un espace disponible pour vous permettre de d\u00e9marrer une nouvelle r\u00e9union ITAA. Une fois que vous avez choisi un lieu, vous pouvez nous indiquer le lieu, l&#039;heure et les coordonn\u00e9es du rendez-vous, et nous pouvons les lister sur la page des rendez-vous en face \u00e0 face. Vous pouvez \u00e9galement demander qu&#039;une annonce soit ajout\u00e9e au tableau d&#039;affichage des annonces.<\/p>\n\n\n\n<p>\u2022 Si vous d\u00e9marrez une r\u00e9union en ligne, envoyez-nous un message via le formulaire de contact sur le site Web et nous pourrons l&#039;ajouter au calendrier et, si vous le souhaitez, au tableau d&#039;affichage des annonces. Dans votre message, veuillez inclure le jour et l&#039;heure de la r\u00e9union, le nom de la r\u00e9union et une br\u00e8ve description \u00e0 inclure sur l&#039;\u00e9v\u00e9nement. Veuillez \u00e9galement indiquer dans votre message si vous souhaitez utiliser l&#039;un des deux&nbsp;<a href=\"https:\/\/internetaddictsanonymous.org\/fr\/itaa-zoom-rooms\/\">Liens de zoom ITAA<\/a>&nbsp;(que tout membre de l&#039;ITAA peut utiliser) ou un lien de r\u00e9union alternatif. Vous \u00eates \u00e9galement encourag\u00e9 \u00e0 lire <a href=\"https:\/\/internetaddictsanonymous.org\/fr\/directives-de-securite-pour-les-hotes-de-reunions-de-laita\/\">Suggestions de l&#039;ITAA sur la s\u00e9curit\u00e9 des r\u00e9unions<\/a>.<\/p>\n\n\n\n<p>\u2022 Un format utile pour les petites r\u00e9unions avec seulement quelques personnes est de lire une documentation en 12 \u00e9tapes. Vous pouvez lire \u00e0 tour de r\u00f4le des passages et partager des r\u00e9flexions. Vous pouvez \u00e9galement utiliser ou adapter le <a href=\"https:\/\/internetaddictsanonymous.org\/fr\/calendrier-des-reunions-en-ligne\/script-de-reunion\/\">format<\/a> nous utilisons traditionnellement dans les r\u00e9unions t\u00e9l\u00e9phoniques.<\/p>\n\n\n\n<p>\u2022 Pour les r\u00e9unions en face \u00e0 face, vous pouvez mettre en place <a href=\"https:\/\/www.canva.com\/design\/DADrBuzE8Jo\/vhANeFLQMqW3fv3_ndWp0w\/edit?utm_content=DADrBuzE8Jo&amp;utm_campaign=designshare&amp;utm_medium=link2&amp;utm_source=sharebutton\" target=\"_blank\" rel=\"noreferrer noopener\">flyers<\/a>; la plupart des clubs en 12 \u00e9tapes ont un endroit o\u00f9 vous pouvez laisser un d\u00e9pliant ou lister les d\u00e9tails de votre r\u00e9union.\u00a0<\/p>\n\n\n\n<p>\u2022 Si vous commencez une r\u00e9union en face \u00e0 face, vous pouvez r\u00e9fl\u00e9chir \u00e0 la mani\u00e8re dont vous pouvez garantir la sant\u00e9 et la s\u00e9curit\u00e9 de tous les participants \u00e0 la r\u00e9union. Nous vous encourageons \u00e0 respecter les lois, r\u00e9glementations et politiques de sant\u00e9 locales. Vous pouvez \u00e9galement envisager de vous r\u00e9unir dans un espace ext\u00e9rieur.<\/p>\n\n\n\n<p>\u2022 Ayez de la pers\u00e9v\u00e9rance, de la patience et de la confiance en une puissance sup\u00e9rieure.<\/p>\n\n\n\n<p><\/p>\n<!-- PMB print buttons is only displayed on a single post\/page URLs-->","protected":false},"excerpt":{"rendered":"<p>Vous trouverez ici quelques suggestions sur la mani\u00e8re de d\u00e9marrer une nouvelle r\u00e9union, que ce soit en ligne ou en face \u00e0 face dans votre r\u00e9gion. Commencer une nouvelle r\u00e9union est un acte de service incroyable qui peut non seulement vous aider, mais aussi d&#039;autres toxicomanes en difficult\u00e9 dans votre r\u00e9gion. \u2022 La bonne nouvelle, c&#039;est que commencer une nouvelle... <a href=\"https:\/\/internetaddictsanonymous.org\/fr\/starting-a-new-face-to-face-meeting\/\" class=\"more-link\">Lire la suite de <span class=\"screen-reader-text\">D\u00e9marrer une nouvelle r\u00e9union<\/span><\/a><\/p>","protected":false},"author":35194237,"featured_media":0,"parent":0,"menu_order":0,"comment_status":"closed","ping_status":"closed","template":"full-width-page.php","meta":{"inline_featured_image":false,"_lmt_disableupdate":"no","_lmt_disable":"","jetpack_post_was_ever_published":false,"footnotes":""},"tags":[],"class_list":["post-9095","page","type-page","status-publish","hentry"],"yoast_head":"<!-- This site is optimized with the Yoast SEO plugin v27.3 - https:\/\/yoast.com\/product\/yoast-seo-wordpress\/ -->\n<title>Starting a new meeting &#8211; Internet and Technology Addicts Anonymous<\/title>\n<meta name=\"robots\" content=\"index, follow, max-snippet:-1, max-image-preview:large, max-video-preview:-1\" \/>\n<link rel=\"canonical\" href=\"https:\/\/internetaddictsanonymous.org\/fr\/commencer-une-nouvelle-rencontre-en-face-a-face\/\" \/>\n<meta property=\"og:locale\" content=\"fr_FR\" \/>\n<meta property=\"og:type\" content=\"article\" \/>\n<meta property=\"og:title\" content=\"Starting a new meeting &#8211; Internet and Technology Addicts Anonymous\" \/>\n<meta property=\"og:description\" content=\"Here you can find some suggestions for how to start a new meeting, whether online or a face-to-face meeting in your area. Starting a new meeting is an incredible act of service which can help not only you, but also other struggling addicts in your area. \u2022 The good news is that starting a new &hellip; Lire la suite de Starting a new meeting\" \/>\n<meta property=\"og:url\" content=\"https:\/\/internetaddictsanonymous.org\/fr\/commencer-une-nouvelle-rencontre-en-face-a-face\/\" \/>\n<meta property=\"og:site_name\" content=\"Internet and Technology Addicts Anonymous\" \/>\n<meta property=\"article:modified_time\" content=\"2024-03-02T15:03:10+00:00\" \/>\n<meta name=\"twitter:card\" content=\"summary_large_image\" \/>\n<meta name=\"twitter:label1\" content=\"Dur\u00e9e de lecture estim\u00e9e\" \/>\n\t<meta name=\"twitter:data1\" content=\"2 minutes\" \/>\n<script type=\"application\/ld+json\" class=\"yoast-schema-graph\">{\"@context\":\"https:\\\/\\\/schema.org\",\"@graph\":[{\"@type\":\"WebPage\",\"@id\":\"https:\\\/\\\/internetaddictsanonymous.org\\\/starting-a-new-face-to-face-meeting\\\/\",\"url\":\"https:\\\/\\\/internetaddictsanonymous.org\\\/starting-a-new-face-to-face-meeting\\\/\",\"name\":\"Starting a new meeting &#8211; Internet and Technology Addicts Anonymous\",\"isPartOf\":{\"@id\":\"https:\\\/\\\/internetaddictsanonymous.org\\\/#website\"},\"datePublished\":\"2019-11-12T19:19:38+00:00\",\"dateModified\":\"2024-03-02T15:03:10+00:00\",\"breadcrumb\":{\"@id\":\"https:\\\/\\\/internetaddictsanonymous.org\\\/starting-a-new-face-to-face-meeting\\\/#breadcrumb\"},\"inLanguage\":\"fr-FR\",\"potentialAction\":[{\"@type\":\"ReadAction\",\"target\":[\"https:\\\/\\\/internetaddictsanonymous.org\\\/starting-a-new-face-to-face-meeting\\\/\"]}]},{\"@type\":\"BreadcrumbList\",\"@id\":\"https:\\\/\\\/internetaddictsanonymous.org\\\/starting-a-new-face-to-face-meeting\\\/#breadcrumb\",\"itemListElement\":[{\"@type\":\"ListItem\",\"position\":1,\"name\":\"Home\",\"item\":\"https:\\\/\\\/internetaddictsanonymous.org\\\/\"},{\"@type\":\"ListItem\",\"position\":2,\"name\":\"Starting a new meeting\"}]},{\"@type\":\"WebSite\",\"@id\":\"https:\\\/\\\/internetaddictsanonymous.org\\\/#website\",\"url\":\"https:\\\/\\\/internetaddictsanonymous.org\\\/\",\"name\":\"Internet and Technology Addicts Anonymous\",\"description\":\"Worldwide 12-step Fellowship for Internet and Technology Addiction\",\"publisher\":{\"@id\":\"https:\\\/\\\/internetaddictsanonymous.org\\\/#organization\"},\"potentialAction\":[{\"@type\":\"SearchAction\",\"target\":{\"@type\":\"EntryPoint\",\"urlTemplate\":\"https:\\\/\\\/internetaddictsanonymous.org\\\/?s={search_term_string}\"},\"query-input\":{\"@type\":\"PropertyValueSpecification\",\"valueRequired\":true,\"valueName\":\"search_term_string\"}}],\"inLanguage\":\"fr-FR\"},{\"@type\":\"Organization\",\"@id\":\"https:\\\/\\\/internetaddictsanonymous.org\\\/#organization\",\"name\":\"Internet and Technology Addicts Anonymous\",\"url\":\"https:\\\/\\\/internetaddictsanonymous.org\\\/\",\"logo\":{\"@type\":\"ImageObject\",\"inLanguage\":\"fr-FR\",\"@id\":\"https:\\\/\\\/internetaddictsanonymous.org\\\/#\\\/schema\\\/logo\\\/image\\\/\",\"url\":\"https:\\\/\\\/internetaddictsanonymous.org\\\/wp-content\\\/uploads\\\/2023\\\/01\\\/cropped-ITAA-logo-480px.png\",\"contentUrl\":\"https:\\\/\\\/internetaddictsanonymous.org\\\/wp-content\\\/uploads\\\/2023\\\/01\\\/cropped-ITAA-logo-480px.png\",\"width\":480,\"height\":480,\"caption\":\"Internet and Technology Addicts Anonymous\"},\"image\":{\"@id\":\"https:\\\/\\\/internetaddictsanonymous.org\\\/#\\\/schema\\\/logo\\\/image\\\/\"}}]}<\/script>\n<!-- \/ Yoast SEO plugin. -->","yoast_head_json":{"title":"Commencer une nouvelle r\u00e9union - Internet and Technology Addicts Anonymous","robots":{"index":"index","follow":"follow","max-snippet":"max-snippet:-1","max-image-preview":"max-image-preview:large","max-video-preview":"max-video-preview:-1"},"canonical":"https:\/\/internetaddictsanonymous.org\/fr\/commencer-une-nouvelle-rencontre-en-face-a-face\/","og_locale":"fr_FR","og_type":"article","og_title":"Starting a new meeting &#8211; Internet and Technology Addicts Anonymous","og_description":"Here you can find some suggestions for how to start a new meeting, whether online or a face-to-face meeting in your area. Starting a new meeting is an incredible act of service which can help not only you, but also other struggling addicts in your area. \u2022 The good news is that starting a new &hellip; Lire la suite de Starting a new meeting","og_url":"https:\/\/internetaddictsanonymous.org\/fr\/commencer-une-nouvelle-rencontre-en-face-a-face\/","og_site_name":"Internet and Technology Addicts Anonymous","article_modified_time":"2024-03-02T15:03:10+00:00","twitter_card":"summary_large_image","twitter_misc":{"Dur\u00e9e de lecture estim\u00e9e":"2 minutes"},"schema":{"@context":"https:\/\/schema.org","@graph":[{"@type":"WebPage","@id":"https:\/\/internetaddictsanonymous.org\/starting-a-new-face-to-face-meeting\/","url":"https:\/\/internetaddictsanonymous.org\/starting-a-new-face-to-face-meeting\/","name":"Commencer une nouvelle r\u00e9union - Internet and Technology Addicts Anonymous","isPartOf":{"@id":"https:\/\/internetaddictsanonymous.org\/#website"},"datePublished":"2019-11-12T19:19:38+00:00","dateModified":"2024-03-02T15:03:10+00:00","breadcrumb":{"@id":"https:\/\/internetaddictsanonymous.org\/starting-a-new-face-to-face-meeting\/#breadcrumb"},"inLanguage":"fr-FR","potentialAction":[{"@type":"ReadAction","target":["https:\/\/internetaddictsanonymous.org\/starting-a-new-face-to-face-meeting\/"]}]},{"@type":"BreadcrumbList","@id":"https:\/\/internetaddictsanonymous.org\/starting-a-new-face-to-face-meeting\/#breadcrumb","itemListElement":[{"@type":"ListItem","position":1,"name":"Home","item":"https:\/\/internetaddictsanonymous.org\/"},{"@type":"ListItem","position":2,"name":"Starting a new meeting"}]},{"@type":"WebSite","@id":"https:\/\/internetaddictsanonymous.org\/#website","url":"https:\/\/internetaddictsanonymous.org\/","name":"D\u00e9pendants \u00e0 Internet et aux technologies anonymes","description":"Communaut\u00e9 mondiale en 12 \u00e9tapes pour la d\u00e9pendance \u00e0 l'Internet et \u00e0 la technologie","publisher":{"@id":"https:\/\/internetaddictsanonymous.org\/#organization"},"potentialAction":[{"@type":"SearchAction","target":{"@type":"EntryPoint","urlTemplate":"https:\/\/internetaddictsanonymous.org\/?s={search_term_string}"},"query-input":{"@type":"PropertyValueSpecification","valueRequired":true,"valueName":"search_term_string"}}],"inLanguage":"fr-FR"},{"@type":"Organization","@id":"https:\/\/internetaddictsanonymous.org\/#organization","name":"D\u00e9pendants \u00e0 Internet et aux technologies anonymes","url":"https:\/\/internetaddictsanonymous.org\/","logo":{"@type":"ImageObject","inLanguage":"fr-FR","@id":"https:\/\/internetaddictsanonymous.org\/#\/schema\/logo\/image\/","url":"https:\/\/internetaddictsanonymous.org\/wp-content\/uploads\/2023\/01\/cropped-ITAA-logo-480px.png","contentUrl":"https:\/\/internetaddictsanonymous.org\/wp-content\/uploads\/2023\/01\/cropped-ITAA-logo-480px.png","width":480,"height":480,"caption":"Internet and Technology Addicts Anonymous"},"image":{"@id":"https:\/\/internetaddictsanonymous.org\/#\/schema\/logo\/image\/"}}]}},"jetpack_sharing_enabled":true,"jetpack_shortlink":"https:\/\/wp.me\/P9Fwob-2mH","_links":{"self":[{"href":"https:\/\/internetaddictsanonymous.org\/fr\/wp-json\/wp\/v2\/pages\/9095","targetHints":{"allow":["GET"]}}],"collection":[{"href":"https:\/\/internetaddictsanonymous.org\/fr\/wp-json\/wp\/v2\/pages"}],"about":[{"href":"https:\/\/internetaddictsanonymous.org\/fr\/wp-json\/wp\/v2\/types\/page"}],"author":[{"embeddable":true,"href":"https:\/\/internetaddictsanonymous.org\/fr\/wp-json\/wp\/v2\/users\/35194237"}],"replies":[{"embeddable":true,"href":"https:\/\/internetaddictsanonymous.org\/fr\/wp-json\/wp\/v2\/comments?post=9095"}],"version-history":[{"count":18,"href":"https:\/\/internetaddictsanonymous.org\/fr\/wp-json\/wp\/v2\/pages\/9095\/revisions"}],"predecessor-version":[{"id":17641,"href":"https:\/\/internetaddictsanonymous.org\/fr\/wp-json\/wp\/v2\/pages\/9095\/revisions\/17641"}],"wp:attachment":[{"href":"https:\/\/internetaddictsanonymous.org\/fr\/wp-json\/wp\/v2\/media?parent=9095"}],"wp:term":[{"taxonomy":"post_tag","embeddable":true,"href":"https:\/\/internetaddictsanonymous.org\/fr\/wp-json\/wp\/v2\/tags?post=9095"}],"curies":[{"name":"wp","href":"https:\/\/api.w.org\/{rel}","templated":true}]}}