{"id":9457,"date":"2020-01-05T20:45:38","date_gmt":"2020-01-05T20:45:38","guid":{"rendered":"https:\/\/internetaddictsanonymous.org\/?page_id=9457"},"modified":"2026-01-18T11:11:47","modified_gmt":"2026-01-18T19:11:47","slug":"parrainage","status":"publish","type":"page","link":"https:\/\/internetaddictsanonymous.org\/fr\/sponsorship\/","title":{"rendered":"L&#039;importance du parrainage"},"content":{"rendered":"<h4 class=\"wp-block-heading\"><strong>Qu&#039;est-ce que le parrainage ?<\/strong><\/h4>\n\n\n\n<p>Le parrainage a une tradition de longue date dans les bourses en 12 \u00e9tapes. Un parrain est un membre plus exp\u00e9riment\u00e9 qui peut aider \u00e0 guider un nouveau membre \u00e0 travers les 12 \u00e9tapes et vers le r\u00e9tablissement. Un parrain peut \u00e9galement aider \u00e0 d\u00e9finir les lignes du haut, du milieu et du bas ou faire des suggestions sur la fa\u00e7on d&#039;\u00e9tablir la sobri\u00e9t\u00e9 ou de la r\u00e9tablir apr\u00e8s une p\u00e9riode de rechute. Dans cette relation informelle et volontaire, le parrain partage son exp\u00e9rience, sa force et son espoir. Avoir un parrain donne au filleul l&#039;occasion de poser des questions et de recevoir du soutien et de la responsabilit\u00e9. Beaucoup d&#039;entre nous ont constat\u00e9 que notre r\u00e9tablissement n&#039;est devenu plus stable qu&#039;apr\u00e8s avoir trouv\u00e9 un parrain et travaill\u00e9 les douze \u00e9tapes avec lui.<br><br> <\/p>\n\n\n\n<h4 class=\"wp-block-heading\"><strong>Comment trouver un parrain ?<\/strong><\/h4>\n\n\n\n<p>L&#039;une des meilleures fa\u00e7ons de communiquer avec un parrain consiste \u00e0 passer des appels t\u00e9l\u00e9phoniques avec d&#039;autres membres. Lorsque nous assistons \u00e0 des r\u00e9unions, nous \u00e9coutons les personnes qui \u00ab ont ce que nous voulons \u00bb et les contactons. Nous leur demandons depuis combien de temps ils sont dans la fraternit\u00e9, s&#039;ils ont eux-m\u00eames un parrain et s&#039;ils ont franchi les \u00e9tapes ou s&#039;ils sont activement en train de les franchir. Apr\u00e8s avoir appris \u00e0 les conna\u00eetre un peu gr\u00e2ce \u00e0 des appels de sensibilisation, nous pouvons d\u00e9cider de leur demander s&#039;ils sont disponibles pour nous parrainer. Dans notre programme, nous nous concentrons sur le progr\u00e8s, pas sur la perfection, et nous ne trouverons probablement jamais le sponsor &quot;parfait&quot;. Ce qui est important, c&#039;est que le parrain potentiel soit honn\u00eate quant \u00e0 son propre r\u00e9tablissement et qu&#039;il ait acquis une certaine sobri\u00e9t\u00e9 stable.<\/p>\n\n\n\n<p>Il est important d&#039;avoir une bonne relation avec notre sponsor afin que des conversations ouvertes et honn\u00eates puissent avoir lieu. Diff\u00e9rentes personnes ont besoin de choses diff\u00e9rentes dans une relation de parrainage - certaines ont besoin d&#039;une approche plus douce tandis que d&#039;autres ont besoin de quelqu&#039;un qui peut les pousser. Certaines personnes trouvent important que leur parrain utilise l&#039;informatique de la m\u00eame mani\u00e8re. Ces besoins peuvent changer au fil du temps \u00e0 mesure que nous grandissons dans le programme. Explorer les attentes du parrain et du filleul est vital pour une relation saine. Il s&#039;agit d&#039;une relation confidentielle qui n\u00e9cessite \u00e9galement des limites solides. Il est bon de savoir qu&#039;apr\u00e8s quelques rencontres, si cela ne semble pas \u00eatre le bon match, les deux individus sont libres de le dire et de se s\u00e9parer \u00e0 l&#039;amiable.<\/p>\n\n\n\n<p>Parce qu&#039;il n&#039;y a pas encore un grand nombre de sponsors dans l&#039;ITAA, certains membres ont trouv\u00e9 des sponsors dans d&#039;autres programmes en douze \u00e9tapes. Dans ces cas, il est important que le parrain soit ouvert \u00e0 l&#039;id\u00e9e de la d\u00e9pendance \u00e0 Internet et \u00e0 la technologie. Il n&#039;est souvent pas possible pour beaucoup d&#039;entre nous de naviguer dans la vie sans une certaine utilisation de la technologie, donc la sobri\u00e9t\u00e9 dans l&#039;ITAA n&#039;est g\u00e9n\u00e9ralement pas aussi absolue qu&#039;elle l&#039;est avec l&#039;alcool ou les substances. Pour cette raison, il peut \u00eatre utile de rechercher un parrain ayant de l&#039;exp\u00e9rience dans la gu\u00e9rison d&#039;une d\u00e9pendance telle que la nourriture, le sexe ou l&#039;amour. De nombreux outils que nous utilisons dans ITAA sont similaires aux outils de ces programmes.&nbsp;<\/p>\n\n\n\n<p>Historiquement, dans les bourses en 12 \u00e9tapes, il a \u00e9t\u00e9 sugg\u00e9r\u00e9 que les membres pr\u00eatent attention au sexe, \u00e0 l&#039;orientation sexuelle et \u00e0 tout sentiment d&#039;attirance romantique lors du choix d&#039;un parrain \/ filleul. Par exemple, une femme h\u00e9t\u00e9ro pourrait \u00e9viter de parrainer un homme h\u00e9t\u00e9ro. S&#039;il y a m\u00eame une petite possibilit\u00e9 que nous puissions d\u00e9velopper des sentiments pour l&#039;autre partie, c&#039;est une raison pour envisager s\u00e9rieusement d&#039;aller de l&#039;avant.&nbsp;<br><br> <\/p>\n\n\n\n<h4 class=\"wp-block-heading\"><strong>Qu&#039;est-ce que le co-parrainage ? Comment \u00e7a marche?<\/strong><\/h4>\n\n\n\n<p>Dans le co-parrainage, deux personnes se parrainent pour travailler les \u00e9tapes. Cela aide g\u00e9n\u00e9ralement si l&#039;une ou les deux personnes ont d\u00e9j\u00e0 travaill\u00e9 les douze \u00e9tapes d&#039;un autre programme. Un membre peut \u00eatre nouveau \u00e0 l&#039;ITAA mais avoir des ann\u00e9es d&#039;abstinence dans d&#039;autres bourses en douze \u00e9tapes. Ces membres ont une exp\u00e9rience, une force et un espoir pr\u00e9cieux \u00e0 partager avec les autres et \u00e0 int\u00e9grer dans leur propre r\u00e9tablissement de l&#039;ITAA.<br><br> <\/p>\n\n\n\n<h4 class=\"wp-block-heading\"><strong>Quand suis-je pr\u00eat \u00e0 parrainer quelqu&#039;un d&#039;autre ?<\/strong><\/h4>\n\n\n\n<p>Il n&#039;y a rien de mal \u00e0 commencer \u00e0 parrainer avant de se sentir tout \u00e0 fait pr\u00eat. Cela peut sembler intimidant et parfois nous pouvons avoir l&#039;impression de ne pas en savoir assez ou d&#039;avoir encore du mal. En parler avec notre parrain avant de commencer \u00e0 parrainer d&#039;autres personnes peut \u00eatre utile pour clarifier la situation. En r\u00e8gle g\u00e9n\u00e9rale, nous laissons les autres nous demander si nous sommes disponibles pour parrainer, plut\u00f4t que de tendre la main aux individus et de nous porter volontaires.&nbsp;<\/p>\n\n\n\n<p>Nous pouvons essayer d&#039;\u00eatre un parrain temporaire pour quelqu&#039;un pendant une p\u00e9riode de 1 \u00e0 3 mois pour voir ce que cela fait. Lorsque nous commen\u00e7ons \u00e0 parrainer, \u00eatre franc et honn\u00eate quant \u00e0 o\u00f9 nous en sommes avec notre r\u00e9tablissement et notre manque d&#039;exp\u00e9rience peut aider \u00e0 r\u00e9duire la pression que nous pouvons ressentir. En tant que sponsors, nous ne sommes pas parfaits et il est normal de ne pas conna\u00eetre toutes les r\u00e9ponses. Nous pouvons toujours nous tourner vers d&#039;autres membres qui ont une exp\u00e9rience de parrainage dans cette fraternit\u00e9 ou dans une autre et demander de l&#039;aide ou poser des questions. Il est important que nous ayons un parrain ou une solide relation de co-parrain avant de commencer \u00e0 parrainer. Nous devons \u00e9galement \u00eatre suffisamment avanc\u00e9s dans notre propre travail par \u00e9tapes pour pouvoir aider \u00e0 guider celui que nous parrainons \u00e0 travers les \u00e9tapes.<\/p>\n\n\n\n<p>Au fur et \u00e0 mesure que nous acqu\u00e9rons de l&#039;exp\u00e9rience en parrainant d&#039;autres personnes, nous deviendrons plus confiants et sensibles aux fa\u00e7ons de parrainer les plus naturelles pour nous. Prendre des appels de proximit\u00e9, en particulier avec les nouveaux arrivants, peut \u00eatre un moyen de commencer \u00e0 apprendre \u00e0 rendre service gr\u00e2ce \u00e0 une \u00e9coute empathique et au partage de notre propre exp\u00e9rience.<br><br> <\/p>\n\n\n\n<h4 class=\"wp-block-heading\"><strong>Pourquoi parrainer ?<\/strong><\/h4>\n\n\n\n<p>Dans la 12e \u00e9tape de l&#039;ITAA, nous essayons de &quot;porter ce message aux accros d&#039;Internet et de la technologie&quot;. Le parrainage renforce notre propre r\u00e9tablissement. Cela a \u00e9t\u00e9 prouv\u00e9 \u00e0 travers les historiques de tous les programmes en 12 \u00e9tapes ainsi que dans l&#039;ITAA. En parrainant d&#039;autres, nous examinons notre propre programme, ce qui nous permet de travailler et d&#039;aller de l&#039;avant. Bien qu&#039;il s&#039;agisse d&#039;un engagement, la r\u00e9compense de l&#039;exp\u00e9rience en vaut la peine !<br><br> <\/p>\n\n\n\n<h4 class=\"wp-block-heading\"><strong>Et si mon filleul rechute ?<\/strong><\/h4>\n\n\n\n<p>Il est essentiel de se rappeler que nous ne sommes pas responsables du r\u00e9tablissement de la personne que nous parrainons. Notre seule responsabilit\u00e9 en tant que sponsor est d&#039;offrir le programme ITAA tel que nous le comprenons et de partager notre propre exp\u00e9rience. Il est important de laisser tomber les attentes et d&#039;\u00eatre vigilant contre la cod\u00e9pendance ou d&#039;essayer de &quot;r\u00e9parer&quot; l&#039;autre personne. Ce n&#039;est pas notre r\u00f4le de porter celui que nous parrainons ou d&#039;\u00eatre sa Puissance Sup\u00e9rieure. Leur exp\u00e9rience de r\u00e9tablissement est la leur; nous pouvons en t\u00e9moigner et les soutenir, mais nous ne pouvons pas r\u00e9cup\u00e9rer pour eux.<br><br> <\/p>\n\n\n\n<h4 class=\"wp-block-heading\"><strong>Que se passe-t-il si je commence \u00e0 d\u00e9velopper des sentiments pour mon parrain\/fille\u00a0?&nbsp;<\/strong><\/h4>\n\n\n\n<p>L&#039;attraction romantique ou une relation entre le parrain et le filleul peut \u00eatre distrayante, d\u00e9routante, douloureuse et m\u00eame dommageable. Il est important d&#039;\u00e9tablir et de maintenir des limites solides dans la relation, afin de minimiser les risques de nuire. Si, \u00e0 un moment donn\u00e9, le parrain ou le filleul remarquent qu&#039;une attirance romantique se d\u00e9veloppe, il est recommand\u00e9 d&#039;en discuter avec une personne de confiance. Souvent, dans de tels cas, il peut \u00eatre plus logique de mettre fin au parrainage \u00e0 l&#039;amiable d&#039;une mani\u00e8re solidaire. Une discussion honn\u00eate est importante pour voir comment cela peut \u00eatre g\u00e9r\u00e9 sans que cela interf\u00e8re avec le r\u00e9tablissement de l&#039;une ou l&#039;autre personne.<br><br> <\/p>\n\n\n\n<h4 class=\"wp-block-heading\"><strong>Qu&#039;est-ce que le treizi\u00e8me pas ?\u00a0<\/strong><\/h4>\n\n\n\n<p id=\"block-f4cc2ef5-469a-47b7-9d20-bcd09a8478d0\">Dans les programmes en douze \u00e9tapes, le terme \u201c\u00a0treizi\u00e8me \u00e9tape\u00a0\u201d d\u00e9signe le fait de manipuler une autre personne en r\u00e9tablissement, en particulier un nouveau venu ou un filleul, pour \u00e9tablir une relation sexuelle ou amoureuse. Ce comportement est inappropri\u00e9 et fermement condamn\u00e9 au sein de l&#039;ITAA. Nous encourageons les nouveaux venus \u00e0 \u00e9viter de collaborer avec leurs parrains ou marraines ou d&#039;\u00e9tablir des relations t\u00e9l\u00e9phoniques avec des membres pour lesquels une attirance sexuelle ou amoureuse pourrait se d\u00e9velopper. Si vous pensez \u00eatre la cible d&#039;attentions sexuelles ou amoureuses inappropri\u00e9es ou non d\u00e9sir\u00e9es, veuillez en parler \u00e0 un membre de confiance\u00a0; l&#039;anonymat et la confidentialit\u00e9 ne justifient en aucun cas un comportement inappropri\u00e9.<\/p>\n\n\n\n<p id=\"block-f4cc2ef5-469a-47b7-9d20-bcd09a8478d0\">Pour plus d&#039;informations sur la mani\u00e8re de r\u00e9agir face \u00e0 un comportement inappropri\u00e9, vous pouvez consulter notre <a href=\"https:\/\/internetaddictsanonymous.org\/fr\/la-securite-dans-laita\/\">guide de s\u00e9curit\u00e9 dans l&#039;ITAA<\/a>.<br><br><br><\/p>\n\n\n\n<h4 class=\"wp-block-heading\"><strong>Comment puis-je aider les nouveaux arrivants si je ne me sens pas encore pr\u00eat \u00e0 parrainer\u00a0?&nbsp;<\/strong><\/h4>\n\n\n\n<p>Faire du service est un principe central des bourses en 12 \u00e9tapes. \u00catre dispos\u00e9 \u00e0 parler avec les nouveaux arrivants en restant apr\u00e8s une r\u00e9union ou en leur donnant notre num\u00e9ro de t\u00e9l\u00e9phone pour d&#039;autres questions est une merveilleuse fa\u00e7on de rendre service. \u00c9couter, partager notre propre exp\u00e9rience et proposer des suggestions bas\u00e9es sur ce qui nous a aid\u00e9s sont tous d&#039;une importance vitale pour un nouveau venu \u00e0 l&#039;ITAA. Cela donne \u00e9galement de la force \u00e0 notre propre programme et \u00e0 notre r\u00e9cup\u00e9ration et le garde frais. Il existe \u00e9galement une liste des postes de service ouverts sur le site Web de l&#039;ITAA. On l&#039;entend souvent dans les salles \u00e0 12 marches : &quot;On ne garde que ce qu&#039;on a en le donnant !&quot;&nbsp;<\/p>\n\n\n\n<hr class=\"wp-block-separator has-alpha-channel-opacity\"\/>\n\n\n\n<p><em>Cette page a \u00e9t\u00e9 r\u00e9dig\u00e9e par le comit\u00e9 du contenu Web de l'ITAA. Si vous souhaitez nous faire part de vos commentaires ou contribuer \u00e0 nos efforts, nous serions ravis de vous entendre ou de vous inviter \u00e0 l'une de nos r\u00e9unions. Vous trouverez de plus amples informations sur le site&nbsp;<a href=\"https:\/\/internetaddictsanonymous.org\/fr\/postes-de-service-ouverts\/\">Comit\u00e9s de service<\/a>&nbsp;.<\/em><\/p>\n<!-- PMB print buttons is only displayed on a single post\/page URLs-->","protected":false},"excerpt":{"rendered":"<p>Qu&#039;est-ce que le parrainage ? Le parrainage a une longue tradition de bourses en 12 \u00e9tapes. Un parrain est un membre plus exp\u00e9riment\u00e9 qui peut aider \u00e0 guider un nouveau membre \u00e0 travers les 12 \u00e9tapes et vers le r\u00e9tablissement. Un parrain peut \u00e9galement aider \u00e0 d\u00e9finir les lignes sup\u00e9rieures, m\u00e9dianes et inf\u00e9rieures ou faire des suggestions sur la fa\u00e7on d&#039;\u00e9tablir la sobri\u00e9t\u00e9 ou de la r\u00e9tablir apr\u00e8s\u2026 <a href=\"https:\/\/internetaddictsanonymous.org\/fr\/sponsorship\/\" class=\"more-link\">Lire la suite de <span class=\"screen-reader-text\">L&#039;importance du parrainage<\/span><\/a><\/p>","protected":false},"author":35194237,"featured_media":0,"parent":0,"menu_order":0,"comment_status":"closed","ping_status":"closed","template":"full-width-page.php","meta":{"inline_featured_image":false,"_lmt_disableupdate":"no","_lmt_disable":"","jetpack_post_was_ever_published":false,"footnotes":""},"tags":[],"class_list":["post-9457","page","type-page","status-publish","hentry"],"yoast_head":"<!-- This site is optimized with the Yoast SEO plugin v27.3 - https:\/\/yoast.com\/product\/yoast-seo-wordpress\/ -->\n<title>The Importance of Sponsorship &#8211; Internet and Technology Addicts Anonymous<\/title>\n<meta name=\"robots\" content=\"index, follow, max-snippet:-1, max-image-preview:large, max-video-preview:-1\" \/>\n<link rel=\"canonical\" href=\"https:\/\/internetaddictsanonymous.org\/fr\/parrainage\/\" \/>\n<meta property=\"og:locale\" content=\"fr_FR\" \/>\n<meta property=\"og:type\" content=\"article\" \/>\n<meta property=\"og:title\" content=\"The Importance of Sponsorship &#8211; Internet and Technology Addicts Anonymous\" \/>\n<meta property=\"og:description\" content=\"What is sponsorship? Sponsorship has a long-standing tradition in 12-step fellowships. A sponsor is a more experienced member who can help guide a newer member through the 12 steps and towards recovery. A sponsor may also help define top, middle, and bottom lines or make suggestions about how to establish sobriety or reestablish it after &hellip; Lire la suite de The Importance of Sponsorship\" \/>\n<meta property=\"og:url\" content=\"https:\/\/internetaddictsanonymous.org\/fr\/parrainage\/\" \/>\n<meta property=\"og:site_name\" content=\"Internet and Technology Addicts Anonymous\" \/>\n<meta property=\"article:modified_time\" content=\"2026-01-18T19:11:47+00:00\" \/>\n<meta name=\"twitter:card\" content=\"summary_large_image\" \/>\n<meta name=\"twitter:label1\" content=\"Dur\u00e9e de lecture estim\u00e9e\" \/>\n\t<meta name=\"twitter:data1\" content=\"7 minutes\" \/>\n<script type=\"application\/ld+json\" class=\"yoast-schema-graph\">{\"@context\":\"https:\\\/\\\/schema.org\",\"@graph\":[{\"@type\":\"WebPage\",\"@id\":\"https:\\\/\\\/internetaddictsanonymous.org\\\/sponsorship\\\/\",\"url\":\"https:\\\/\\\/internetaddictsanonymous.org\\\/sponsorship\\\/\",\"name\":\"The Importance of Sponsorship &#8211; Internet and Technology Addicts Anonymous\",\"isPartOf\":{\"@id\":\"https:\\\/\\\/internetaddictsanonymous.org\\\/#website\"},\"datePublished\":\"2020-01-05T20:45:38+00:00\",\"dateModified\":\"2026-01-18T19:11:47+00:00\",\"breadcrumb\":{\"@id\":\"https:\\\/\\\/internetaddictsanonymous.org\\\/sponsorship\\\/#breadcrumb\"},\"inLanguage\":\"fr-FR\",\"potentialAction\":[{\"@type\":\"ReadAction\",\"target\":[\"https:\\\/\\\/internetaddictsanonymous.org\\\/sponsorship\\\/\"]}]},{\"@type\":\"BreadcrumbList\",\"@id\":\"https:\\\/\\\/internetaddictsanonymous.org\\\/sponsorship\\\/#breadcrumb\",\"itemListElement\":[{\"@type\":\"ListItem\",\"position\":1,\"name\":\"Home\",\"item\":\"https:\\\/\\\/internetaddictsanonymous.org\\\/\"},{\"@type\":\"ListItem\",\"position\":2,\"name\":\"The Importance of Sponsorship\"}]},{\"@type\":\"WebSite\",\"@id\":\"https:\\\/\\\/internetaddictsanonymous.org\\\/#website\",\"url\":\"https:\\\/\\\/internetaddictsanonymous.org\\\/\",\"name\":\"Internet and Technology Addicts Anonymous\",\"description\":\"Worldwide 12-step Fellowship for Internet and Technology Addiction\",\"publisher\":{\"@id\":\"https:\\\/\\\/internetaddictsanonymous.org\\\/#organization\"},\"potentialAction\":[{\"@type\":\"SearchAction\",\"target\":{\"@type\":\"EntryPoint\",\"urlTemplate\":\"https:\\\/\\\/internetaddictsanonymous.org\\\/?s={search_term_string}\"},\"query-input\":{\"@type\":\"PropertyValueSpecification\",\"valueRequired\":true,\"valueName\":\"search_term_string\"}}],\"inLanguage\":\"fr-FR\"},{\"@type\":\"Organization\",\"@id\":\"https:\\\/\\\/internetaddictsanonymous.org\\\/#organization\",\"name\":\"Internet and Technology Addicts Anonymous\",\"url\":\"https:\\\/\\\/internetaddictsanonymous.org\\\/\",\"logo\":{\"@type\":\"ImageObject\",\"inLanguage\":\"fr-FR\",\"@id\":\"https:\\\/\\\/internetaddictsanonymous.org\\\/#\\\/schema\\\/logo\\\/image\\\/\",\"url\":\"https:\\\/\\\/internetaddictsanonymous.org\\\/wp-content\\\/uploads\\\/2023\\\/01\\\/cropped-ITAA-logo-480px.png\",\"contentUrl\":\"https:\\\/\\\/internetaddictsanonymous.org\\\/wp-content\\\/uploads\\\/2023\\\/01\\\/cropped-ITAA-logo-480px.png\",\"width\":480,\"height\":480,\"caption\":\"Internet and Technology Addicts Anonymous\"},\"image\":{\"@id\":\"https:\\\/\\\/internetaddictsanonymous.org\\\/#\\\/schema\\\/logo\\\/image\\\/\"}}]}<\/script>\n<!-- \/ Yoast SEO plugin. -->","yoast_head_json":{"title":"L'importance du parrainage - Internet and Technology Addicts Anonymous","robots":{"index":"index","follow":"follow","max-snippet":"max-snippet:-1","max-image-preview":"max-image-preview:large","max-video-preview":"max-video-preview:-1"},"canonical":"https:\/\/internetaddictsanonymous.org\/fr\/parrainage\/","og_locale":"fr_FR","og_type":"article","og_title":"The Importance of Sponsorship &#8211; Internet and Technology Addicts Anonymous","og_description":"What is sponsorship? Sponsorship has a long-standing tradition in 12-step fellowships. A sponsor is a more experienced member who can help guide a newer member through the 12 steps and towards recovery. A sponsor may also help define top, middle, and bottom lines or make suggestions about how to establish sobriety or reestablish it after &hellip; Lire la suite de The Importance of Sponsorship","og_url":"https:\/\/internetaddictsanonymous.org\/fr\/parrainage\/","og_site_name":"Internet and Technology Addicts Anonymous","article_modified_time":"2026-01-18T19:11:47+00:00","twitter_card":"summary_large_image","twitter_misc":{"Dur\u00e9e de lecture estim\u00e9e":"7 minutes"},"schema":{"@context":"https:\/\/schema.org","@graph":[{"@type":"WebPage","@id":"https:\/\/internetaddictsanonymous.org\/sponsorship\/","url":"https:\/\/internetaddictsanonymous.org\/sponsorship\/","name":"L'importance du parrainage - Internet and Technology Addicts Anonymous","isPartOf":{"@id":"https:\/\/internetaddictsanonymous.org\/#website"},"datePublished":"2020-01-05T20:45:38+00:00","dateModified":"2026-01-18T19:11:47+00:00","breadcrumb":{"@id":"https:\/\/internetaddictsanonymous.org\/sponsorship\/#breadcrumb"},"inLanguage":"fr-FR","potentialAction":[{"@type":"ReadAction","target":["https:\/\/internetaddictsanonymous.org\/sponsorship\/"]}]},{"@type":"BreadcrumbList","@id":"https:\/\/internetaddictsanonymous.org\/sponsorship\/#breadcrumb","itemListElement":[{"@type":"ListItem","position":1,"name":"Home","item":"https:\/\/internetaddictsanonymous.org\/"},{"@type":"ListItem","position":2,"name":"The Importance of Sponsorship"}]},{"@type":"WebSite","@id":"https:\/\/internetaddictsanonymous.org\/#website","url":"https:\/\/internetaddictsanonymous.org\/","name":"D\u00e9pendants \u00e0 Internet et aux technologies anonymes","description":"Communaut\u00e9 mondiale en 12 \u00e9tapes pour la d\u00e9pendance \u00e0 l'Internet et \u00e0 la technologie","publisher":{"@id":"https:\/\/internetaddictsanonymous.org\/#organization"},"potentialAction":[{"@type":"SearchAction","target":{"@type":"EntryPoint","urlTemplate":"https:\/\/internetaddictsanonymous.org\/?s={search_term_string}"},"query-input":{"@type":"PropertyValueSpecification","valueRequired":true,"valueName":"search_term_string"}}],"inLanguage":"fr-FR"},{"@type":"Organization","@id":"https:\/\/internetaddictsanonymous.org\/#organization","name":"D\u00e9pendants \u00e0 Internet et aux technologies anonymes","url":"https:\/\/internetaddictsanonymous.org\/","logo":{"@type":"ImageObject","inLanguage":"fr-FR","@id":"https:\/\/internetaddictsanonymous.org\/#\/schema\/logo\/image\/","url":"https:\/\/internetaddictsanonymous.org\/wp-content\/uploads\/2023\/01\/cropped-ITAA-logo-480px.png","contentUrl":"https:\/\/internetaddictsanonymous.org\/wp-content\/uploads\/2023\/01\/cropped-ITAA-logo-480px.png","width":480,"height":480,"caption":"Internet and Technology Addicts Anonymous"},"image":{"@id":"https:\/\/internetaddictsanonymous.org\/#\/schema\/logo\/image\/"}}]}},"jetpack_sharing_enabled":true,"jetpack_shortlink":"https:\/\/wp.me\/P9Fwob-2sx","_links":{"self":[{"href":"https:\/\/internetaddictsanonymous.org\/fr\/wp-json\/wp\/v2\/pages\/9457","targetHints":{"allow":["GET"]}}],"collection":[{"href":"https:\/\/internetaddictsanonymous.org\/fr\/wp-json\/wp\/v2\/pages"}],"about":[{"href":"https:\/\/internetaddictsanonymous.org\/fr\/wp-json\/wp\/v2\/types\/page"}],"author":[{"embeddable":true,"href":"https:\/\/internetaddictsanonymous.org\/fr\/wp-json\/wp\/v2\/users\/35194237"}],"replies":[{"embeddable":true,"href":"https:\/\/internetaddictsanonymous.org\/fr\/wp-json\/wp\/v2\/comments?post=9457"}],"version-history":[{"count":46,"href":"https:\/\/internetaddictsanonymous.org\/fr\/wp-json\/wp\/v2\/pages\/9457\/revisions"}],"predecessor-version":[{"id":20908,"href":"https:\/\/internetaddictsanonymous.org\/fr\/wp-json\/wp\/v2\/pages\/9457\/revisions\/20908"}],"wp:attachment":[{"href":"https:\/\/internetaddictsanonymous.org\/fr\/wp-json\/wp\/v2\/media?parent=9457"}],"wp:term":[{"taxonomy":"post_tag","embeddable":true,"href":"https:\/\/internetaddictsanonymous.org\/fr\/wp-json\/wp\/v2\/tags?post=9457"}],"curies":[{"name":"wp","href":"https:\/\/api.w.org\/{rel}","templated":true}]}}