{"id":9835,"date":"2020-02-09T10:49:59","date_gmt":"2020-02-09T10:49:59","guid":{"rendered":"https:\/\/internetaddictsanonymous.org\/?page_id=9835"},"modified":"2026-04-08T18:26:27","modified_gmt":"2026-04-09T01:26:27","slug":"recits-de-guerison","status":"publish","type":"page","link":"https:\/\/internetaddictsanonymous.org\/fr\/recovery-stories\/","title":{"rendered":"Histoires de r\u00e9cup\u00e9ration"},"content":{"rendered":"<p>Ici, nous partageons l&#039;exp\u00e9rience, la force et l&#039;espoir des membres de l&#039;ITAA. Nous partageons comment c&#039;\u00e9tait, ce qui a chang\u00e9 et comment c&#039;est maintenant.<\/p>\n\n\n\n<h2 class=\"wp-block-heading\"><strong>Bandes de haut-parleur<\/strong><\/h2>\n\n\n\n<p><strong><a href=\"https:\/\/drive.google.com\/file\/d\/12Qr9utldpvMAtyNtr-YS4DNI5d8Ofadq\/view?usp=sharing\" type=\"link\" id=\"https:\/\/drive.google.com\/file\/d\/12Qr9utldpvMAtyNtr-YS4DNI5d8Ofadq\/view?usp=sharing\">Lauren T \u2013 Maladie chronique et contact conscient<\/a><\/strong> (45 min, 4 avril 2026)<br><strong><a href=\"https:\/\/drive.google.com\/file\/d\/14Z0m7jLQWqbiXN82BRfpmmQ3o88dbpYm\/view?usp=sharing\">Lauren VB \u2013 Relev\u00e9e d&#039;une profonde d\u00e9tresse spirituelle<\/a><\/strong> (35 min, 18 janvier 2026)<br><strong><a href=\"https:\/\/drive.google.com\/file\/d\/1jtKX3Orob3tiuvE5J028RnUtzXD6bGk9\/view?usp=drive_link\" target=\"_blank\" rel=\"noreferrer noopener\">Lauren VB \u2013 C\u00e9l\u00e9bration du huiti\u00e8me anniversaire de l&#039;ITAA<\/a><\/strong> (35 min, 23 juin 2025)<br><strong><a href=\"https:\/\/drive.google.com\/file\/d\/1fG6-AaNMXeMEaMNH4i4cHYTHaF0hXfF4\/view?usp=drive_link\" target=\"_blank\" rel=\"noreferrer noopener\">Uma \u2013 C\u00e9l\u00e9bration du huiti\u00e8me anniversaire de l&#039;ITAA<\/a> <\/strong>(30 min, 23 juin 2025)<br><strong><a href=\"https:\/\/drive.google.com\/file\/d\/17LH5OXfKjhOkspc3pXuuOE6eWBP4J04_\/view?usp=sharing\">Intervention de Morgan S. au NAC 2024 + Questions-r\u00e9ponses<\/a><\/strong> (50 min, 29 septembre 2024)<br><strong><a href=\"https:\/\/drive.google.com\/file\/d\/1Ukm5rzi2ed7DMDINAOVTK87vFVodcyfo\/view?usp=sharing\">Panel sur l&#039;\u00e9tat des bourses de la NAC 2024<\/a><\/strong> (50 min, 28 septembre 2024)<br><strong><a href=\"https:\/\/drive.google.com\/file\/d\/1FZd-1a2YhCCPkVzk8MVqn_Tu3LOqC3WX\/view?usp=sharing\">Panel de sobri\u00e9t\u00e9 \u00e0 long terme NAC 2024<\/a><\/strong> (50 min, 28 septembre 2024)<br><a href=\"https:\/\/drive.google.com\/file\/d\/1ihnAwVmrrgTnYmBB-wX88qJOQUFwSv7B\/view?usp=drive_link\"><strong>Intervention de Willow L. au NAC 2024\u00a0: s\u00e9ance de questions-r\u00e9ponses<\/strong><\/a> (45 min, 27 septembre 2024)<br><strong><a href=\"https:\/\/drive.google.com\/file\/d\/16Ah5V_UOiUQPGXzzJmJLuiHTwNTuXG7t\/view?usp=drive_link\">Minah \u2013 R\u00e9pondre \u00e0 la rechute<\/a><\/strong> (45 min, 22 d\u00e9cembre 2023)<br><strong><a href=\"https:\/\/drive.google.com\/file\/d\/1bNy6hPMdGJAHStesnpytmstxlkYGHDkZ\/view?usp=sharing\" target=\"_blank\" rel=\"noreferrer noopener\">Chris C \u2013 C\u00e9l\u00e9bration du septi\u00e8me anniversaire de l&#039;ITAA<\/a><\/strong> (30 minutes, 23 juin 2024)<br><strong><a href=\"https:\/\/drive.google.com\/file\/d\/1kbcKTp9HdIXwRCjlMxIu9jb4Yz8x04zh\/view?usp=sharing\" target=\"_blank\" rel=\"noreferrer noopener\">Tiffany Denise - C\u00e9l\u00e9bration du septi\u00e8me anniversaire de l&#039;ITAA<\/a><\/strong> (30 minutes, 23 juin 2024)<br><strong><a href=\"https:\/\/drive.google.com\/file\/d\/160uYa46e3bDz2sq5k66l8RngNPrY5Mnh\/view?usp=drive_link\" target=\"_blank\" rel=\"noreferrer noopener\">Emmanuelle F - C\u00e9l\u00e9bration du sixi\u00e8me anniversaire de l'ITAA<\/a><\/strong> (30 minutes, 23 juin 2023)<br><strong><a href=\"https:\/\/drive.google.com\/file\/d\/1_SPXmKrrv7g0gaNE8Zq3nhJo_FBX3YqQ\/view?usp=share_link\" target=\"_blank\" rel=\"noreferrer noopener\">Ela B - Pendulum's Dance<\/a><\/strong> (40 minutes, 13 mai 2023)<br><strong><a href=\"https:\/\/drive.google.com\/file\/d\/1Hz8jBMVhDRyZQeo384JIA74i62lJucaG\/view?usp=share_link\" target=\"_blank\" rel=\"noreferrer noopener\">Stella D - L\u00e2cher prise du l\u00e2cher prise<\/a><\/strong> (1 heure, 5 janvier 2023)<br><strong><a href=\"https:\/\/drive.google.com\/file\/d\/1ELehiaIGWL0G6tdjQzZOSzxjMtpwdDPF\/view?usp=share_link\" target=\"_blank\" rel=\"noreferrer noopener\">Tomas K - Le monde d\u00e9g\u00e9n\u00e9r\u00e9<\/a><\/strong> (1 heure 20 minutes, 1er janvier 2023)<br><strong><a href=\"https:\/\/drive.google.com\/file\/d\/1wzO2gD3G8qxPpW7gsBNPVc1WvofLpQOz\/view?usp=share_link\" target=\"_blank\" rel=\"noreferrer noopener\">Will C - Keep Coming Back<\/a><\/strong> (1 heure, 31 d\u00e9cembre 2022)<br><strong><a href=\"https:\/\/drive.google.com\/file\/d\/1-aNaRq73P-c0kivZhNgwl1uLu03fRuaH\/view?usp=share_link\" target=\"_blank\" rel=\"noreferrer noopener\">Marco V - De la porte de la mort \u00e0 une vie de libert\u00e9<\/a><\/strong> (40 minutes, 11 novembre 2022)<br><strong><a href=\"https:\/\/drive.google.com\/file\/d\/1jw5N3Sk_wTtNcJJiCpTvsqz9adWXsRZO\/view?usp=sharing\" target=\"_blank\" rel=\"noreferrer noopener\">Nikki H - Se lib\u00e9rer de la d\u00e9pendance aux m\u00e9dias sociaux<\/a><\/strong> (30 minutes, 20 octobre 2022)<br><strong><a href=\"https:\/\/drive.google.com\/file\/d\/1D3L0nGqAuYpQ4qN2Ojrc6QMkRQ9Pt9NV\/view?usp=sharing\" target=\"_blank\" rel=\"noreferrer noopener\">Emmanuelle F \u2013 18 mois de Tech Sobri\u00e9t\u00e9<\/a><\/strong> (1 heure, 1er octobre 2022)<br><strong><a href=\"https:\/\/drive.google.com\/file\/d\/1q-OzQ_Ly-_PnZRbsAvyj8WyK354tkHVP\/view?usp=sharing\" target=\"_blank\" rel=\"noreferrer noopener\">Mary Kate - Un chemin cr\u00e9atif vers la gu\u00e9rison<\/a><\/strong> (15 minutes, 25 septembre 2022)<br><a href=\"https:\/\/drive.google.com\/file\/d\/1DraCXbgf5KaRn7ZXRmoxbY_I9d8dwNmT\/view\" target=\"_blank\" rel=\"noreferrer noopener\"><strong>Tomas K - C\u00e9l\u00e9bration du cinqui\u00e8me anniversaire de l'ITAA<\/strong><\/a> (30 minutes, 23 juin 2022)<br><a href=\"https:\/\/drive.google.com\/file\/d\/1q9sgJlw2auWIMcc3Zz_J8KncNqgEGdKm\/view?usp=sharing\" target=\"_blank\" rel=\"noreferrer noopener\"><strong>Rebecca W - Nous voulons que tu reviennes<\/strong><\/a> (25 minutes, 27 d\u00e9cembre 2020)<br><a href=\"https:\/\/drive.google.com\/file\/d\/1Gt_5sgdXrLXts6atwDkeV7u6PH9U1vYX\/view?usp=sharing\" target=\"_blank\" rel=\"noreferrer noopener\"><strong>Tomas K - Un changement inattendu<\/strong><\/a> (35 minutes, 26 avril 2020)<br><br><\/p>\n\n\n\n<h2 class=\"wp-block-heading\"><strong>Histoires \u00e9crites<\/strong><\/h2>\n\n\n\n<p><strong><a href=\"https:\/\/internetaddictsanonymous.org\/fr\/recits-de-guerison\/un-programme-operationnel\/\">Un programme de travail<\/a> (<a href=\"https:\/\/drive.google.com\/file\/d\/1H_0irFahW0c2bSYV7VJz1op0T9TQzr8n\/view?usp=drive_link\">PDF (EN ANGLAIS)<\/a>)<\/strong><br><strong><a href=\"https:\/\/internetaddictsanonymous.org\/fr\/recits-de-guerison\/devenir-aptes-a-rever\/\">Devenir apte \u00e0 r\u00eaver<\/a> <a href=\"https:\/\/drive.google.com\/file\/d\/1sa9dBP0TMQeO_q1tzpWsT1CYh99mLj03\/view?usp=sharing\" target=\"_blank\" rel=\"noreferrer noopener\">(PDF)<\/a><\/strong><br><strong><a href=\"https:\/\/internetaddictsanonymous.org\/fr\/recits-de-guerison\/fenetre-ouverte\/\">Fen\u00eatre ouverte<\/a> <a href=\"https:\/\/drive.google.com\/file\/d\/189zj0x6rHfcaTaRND6HL--4DD4OXmVSi\/view?usp=share_link\" target=\"_blank\" rel=\"noreferrer noopener\">(PDF)<\/a><\/strong><br><strong><a href=\"https:\/\/internetaddictsanonymous.org\/fr\/recits-de-guerison\/la-recuperation-est-possible\/\">Le r\u00e9tablissement est possible<\/a> <a href=\"https:\/\/drive.google.com\/file\/d\/1xeZ9Gkm-PFfm7CYuS_T2f8HbLL15bn1J\/view?usp=sharing\" target=\"_blank\" rel=\"noreferrer noopener\">(PDF)<\/a><\/strong><br><strong><a href=\"https:\/\/internetaddictsanonymous.org\/fr\/recits-de-guerison\/la-seule-chose-qui-a-fonctionne\/\">La seule chose qui a fonctionn\u00e9<\/a> <a href=\"https:\/\/drive.google.com\/file\/d\/1E_kQZogx9klLKGI27N1kDHhHvowuiDsN\/view?usp=sharing\" target=\"_blank\" rel=\"noreferrer noopener\">(PDF)<\/a><\/strong><\/p>\n\n\n\n<div style=\"height:75px\" aria-hidden=\"true\" id=\"working-program\" class=\"wp-block-spacer\"><\/div>\n<!-- PMB print buttons is only displayed on a single post\/page URLs-->","protected":false},"excerpt":{"rendered":"<p>Here we share the experience, strength and hope of ITAA members. We share about how it was, what changed, and how it is now. Speaker tapes Lauren T &#8211; Chronic Illness and Conscious Contact (45min, April 4, 2026)Lauren VB &#8211; Lifted From a Spiritual Bottom (35min, Jan 18, 2026)Lauren VB &#8211; ITAA Eight Year Anniversary &hellip; <a href=\"https:\/\/internetaddictsanonymous.org\/fr\/recovery-stories\/\" class=\"more-link\">Lire la suite de <span class=\"screen-reader-text\">Histoires de r\u00e9cup\u00e9ration<\/span><\/a><\/p>","protected":false},"author":35194237,"featured_media":0,"parent":0,"menu_order":0,"comment_status":"closed","ping_status":"closed","template":"full-width-page.php","meta":{"inline_featured_image":false,"_lmt_disableupdate":"","_lmt_disable":"","footnotes":""},"tags":[],"class_list":["post-9835","page","type-page","status-publish","hentry"],"yoast_head":"<!-- This site is optimized with the Yoast SEO plugin v27.5 - https:\/\/yoast.com\/product\/yoast-seo-wordpress\/ -->\n<title>Recovery Stories &#8211; Internet and Technology Addicts Anonymous<\/title>\n<meta name=\"robots\" content=\"index, follow, max-snippet:-1, max-image-preview:large, max-video-preview:-1\" \/>\n<link rel=\"canonical\" href=\"https:\/\/internetaddictsanonymous.org\/fr\/recits-de-guerison\/\" \/>\n<meta property=\"og:locale\" content=\"fr_FR\" \/>\n<meta property=\"og:type\" content=\"article\" \/>\n<meta property=\"og:title\" content=\"Recovery Stories &#8211; Internet and Technology Addicts Anonymous\" \/>\n<meta property=\"og:description\" content=\"Here we share the experience, strength and hope of ITAA members. We share about how it was, what changed, and how it is now. Speaker tapes Lauren T &#8211; Chronic Illness and Conscious Contact (45min, April 4, 2026)Lauren VB &#8211; Lifted From a Spiritual Bottom (35min, Jan 18, 2026)Lauren VB &#8211; ITAA Eight Year Anniversary &hellip; Lire la suite de Recovery Stories\" \/>\n<meta property=\"og:url\" content=\"https:\/\/internetaddictsanonymous.org\/fr\/recits-de-guerison\/\" \/>\n<meta property=\"og:site_name\" content=\"Internet and Technology Addicts Anonymous\" \/>\n<meta property=\"article:modified_time\" content=\"2026-04-09T01:26:27+00:00\" \/>\n<meta name=\"twitter:card\" content=\"summary_large_image\" \/>\n<meta name=\"twitter:label1\" content=\"Dur\u00e9e de lecture estim\u00e9e\" \/>\n\t<meta name=\"twitter:data1\" content=\"2 minutes\" \/>\n<script type=\"application\/ld+json\" class=\"yoast-schema-graph\">{\"@context\":\"https:\\\/\\\/schema.org\",\"@graph\":[{\"@type\":\"WebPage\",\"@id\":\"https:\\\/\\\/internetaddictsanonymous.org\\\/recovery-stories\\\/\",\"url\":\"https:\\\/\\\/internetaddictsanonymous.org\\\/recovery-stories\\\/\",\"name\":\"Recovery Stories &#8211; Internet and Technology Addicts Anonymous\",\"isPartOf\":{\"@id\":\"https:\\\/\\\/internetaddictsanonymous.org\\\/#website\"},\"datePublished\":\"2020-02-09T10:49:59+00:00\",\"dateModified\":\"2026-04-09T01:26:27+00:00\",\"breadcrumb\":{\"@id\":\"https:\\\/\\\/internetaddictsanonymous.org\\\/recovery-stories\\\/#breadcrumb\"},\"inLanguage\":\"fr-FR\",\"potentialAction\":[{\"@type\":\"ReadAction\",\"target\":[\"https:\\\/\\\/internetaddictsanonymous.org\\\/recovery-stories\\\/\"]}]},{\"@type\":\"BreadcrumbList\",\"@id\":\"https:\\\/\\\/internetaddictsanonymous.org\\\/recovery-stories\\\/#breadcrumb\",\"itemListElement\":[{\"@type\":\"ListItem\",\"position\":1,\"name\":\"Home\",\"item\":\"https:\\\/\\\/internetaddictsanonymous.org\\\/\"},{\"@type\":\"ListItem\",\"position\":2,\"name\":\"Recovery Stories\"}]},{\"@type\":\"WebSite\",\"@id\":\"https:\\\/\\\/internetaddictsanonymous.org\\\/#website\",\"url\":\"https:\\\/\\\/internetaddictsanonymous.org\\\/\",\"name\":\"Internet and Technology Addicts Anonymous\",\"description\":\"Worldwide 12-step Fellowship for Internet and Technology Addiction\",\"publisher\":{\"@id\":\"https:\\\/\\\/internetaddictsanonymous.org\\\/#organization\"},\"potentialAction\":[{\"@type\":\"SearchAction\",\"target\":{\"@type\":\"EntryPoint\",\"urlTemplate\":\"https:\\\/\\\/internetaddictsanonymous.org\\\/?s={search_term_string}\"},\"query-input\":{\"@type\":\"PropertyValueSpecification\",\"valueRequired\":true,\"valueName\":\"search_term_string\"}}],\"inLanguage\":\"fr-FR\"},{\"@type\":\"Organization\",\"@id\":\"https:\\\/\\\/internetaddictsanonymous.org\\\/#organization\",\"name\":\"Internet and Technology Addicts Anonymous\",\"url\":\"https:\\\/\\\/internetaddictsanonymous.org\\\/\",\"logo\":{\"@type\":\"ImageObject\",\"inLanguage\":\"fr-FR\",\"@id\":\"https:\\\/\\\/internetaddictsanonymous.org\\\/#\\\/schema\\\/logo\\\/image\\\/\",\"url\":\"https:\\\/\\\/internetaddictsanonymous.org\\\/wp-content\\\/uploads\\\/2023\\\/01\\\/cropped-ITAA-logo-480px.png\",\"contentUrl\":\"https:\\\/\\\/internetaddictsanonymous.org\\\/wp-content\\\/uploads\\\/2023\\\/01\\\/cropped-ITAA-logo-480px.png\",\"width\":480,\"height\":480,\"caption\":\"Internet and Technology Addicts Anonymous\"},\"image\":{\"@id\":\"https:\\\/\\\/internetaddictsanonymous.org\\\/#\\\/schema\\\/logo\\\/image\\\/\"}}]}<\/script>\n<!-- \/ Yoast SEO plugin. -->","yoast_head_json":{"title":"R\u00e9cits de r\u00e9tablissement - Internet and Technology Addicts Anonymous","robots":{"index":"index","follow":"follow","max-snippet":"max-snippet:-1","max-image-preview":"max-image-preview:large","max-video-preview":"max-video-preview:-1"},"canonical":"https:\/\/internetaddictsanonymous.org\/fr\/recits-de-guerison\/","og_locale":"fr_FR","og_type":"article","og_title":"Recovery Stories &#8211; Internet and Technology Addicts Anonymous","og_description":"Here we share the experience, strength and hope of ITAA members. We share about how it was, what changed, and how it is now. Speaker tapes Lauren T &#8211; Chronic Illness and Conscious Contact (45min, April 4, 2026)Lauren VB &#8211; Lifted From a Spiritual Bottom (35min, Jan 18, 2026)Lauren VB &#8211; ITAA Eight Year Anniversary &hellip; Lire la suite de Recovery Stories","og_url":"https:\/\/internetaddictsanonymous.org\/fr\/recits-de-guerison\/","og_site_name":"Internet and Technology Addicts Anonymous","article_modified_time":"2026-04-09T01:26:27+00:00","twitter_card":"summary_large_image","twitter_misc":{"Dur\u00e9e de lecture estim\u00e9e":"2 minutes"},"schema":{"@context":"https:\/\/schema.org","@graph":[{"@type":"WebPage","@id":"https:\/\/internetaddictsanonymous.org\/recovery-stories\/","url":"https:\/\/internetaddictsanonymous.org\/recovery-stories\/","name":"R\u00e9cits de r\u00e9tablissement - Internet and Technology Addicts Anonymous","isPartOf":{"@id":"https:\/\/internetaddictsanonymous.org\/#website"},"datePublished":"2020-02-09T10:49:59+00:00","dateModified":"2026-04-09T01:26:27+00:00","breadcrumb":{"@id":"https:\/\/internetaddictsanonymous.org\/recovery-stories\/#breadcrumb"},"inLanguage":"fr-FR","potentialAction":[{"@type":"ReadAction","target":["https:\/\/internetaddictsanonymous.org\/recovery-stories\/"]}]},{"@type":"BreadcrumbList","@id":"https:\/\/internetaddictsanonymous.org\/recovery-stories\/#breadcrumb","itemListElement":[{"@type":"ListItem","position":1,"name":"Home","item":"https:\/\/internetaddictsanonymous.org\/"},{"@type":"ListItem","position":2,"name":"Recovery Stories"}]},{"@type":"WebSite","@id":"https:\/\/internetaddictsanonymous.org\/#website","url":"https:\/\/internetaddictsanonymous.org\/","name":"D\u00e9pendants \u00e0 Internet et aux technologies anonymes","description":"Communaut\u00e9 mondiale en 12 \u00e9tapes pour la d\u00e9pendance \u00e0 l'Internet et \u00e0 la technologie","publisher":{"@id":"https:\/\/internetaddictsanonymous.org\/#organization"},"potentialAction":[{"@type":"SearchAction","target":{"@type":"EntryPoint","urlTemplate":"https:\/\/internetaddictsanonymous.org\/?s={search_term_string}"},"query-input":{"@type":"PropertyValueSpecification","valueRequired":true,"valueName":"search_term_string"}}],"inLanguage":"fr-FR"},{"@type":"Organization","@id":"https:\/\/internetaddictsanonymous.org\/#organization","name":"D\u00e9pendants \u00e0 Internet et aux technologies anonymes","url":"https:\/\/internetaddictsanonymous.org\/","logo":{"@type":"ImageObject","inLanguage":"fr-FR","@id":"https:\/\/internetaddictsanonymous.org\/#\/schema\/logo\/image\/","url":"https:\/\/internetaddictsanonymous.org\/wp-content\/uploads\/2023\/01\/cropped-ITAA-logo-480px.png","contentUrl":"https:\/\/internetaddictsanonymous.org\/wp-content\/uploads\/2023\/01\/cropped-ITAA-logo-480px.png","width":480,"height":480,"caption":"Internet and Technology Addicts Anonymous"},"image":{"@id":"https:\/\/internetaddictsanonymous.org\/#\/schema\/logo\/image\/"}}]}},"jetpack_sharing_enabled":true,"jetpack_shortlink":"https:\/\/wp.me\/P9Fwob-2yD","_links":{"self":[{"href":"https:\/\/internetaddictsanonymous.org\/fr\/wp-json\/wp\/v2\/pages\/9835","targetHints":{"allow":["GET"]}}],"collection":[{"href":"https:\/\/internetaddictsanonymous.org\/fr\/wp-json\/wp\/v2\/pages"}],"about":[{"href":"https:\/\/internetaddictsanonymous.org\/fr\/wp-json\/wp\/v2\/types\/page"}],"author":[{"embeddable":true,"href":"https:\/\/internetaddictsanonymous.org\/fr\/wp-json\/wp\/v2\/users\/35194237"}],"replies":[{"embeddable":true,"href":"https:\/\/internetaddictsanonymous.org\/fr\/wp-json\/wp\/v2\/comments?post=9835"}],"version-history":[{"count":87,"href":"https:\/\/internetaddictsanonymous.org\/fr\/wp-json\/wp\/v2\/pages\/9835\/revisions"}],"predecessor-version":[{"id":21211,"href":"https:\/\/internetaddictsanonymous.org\/fr\/wp-json\/wp\/v2\/pages\/9835\/revisions\/21211"}],"wp:attachment":[{"href":"https:\/\/internetaddictsanonymous.org\/fr\/wp-json\/wp\/v2\/media?parent=9835"}],"wp:term":[{"taxonomy":"post_tag","embeddable":true,"href":"https:\/\/internetaddictsanonymous.org\/fr\/wp-json\/wp\/v2\/tags?post=9835"}],"curies":[{"name":"wp","href":"https:\/\/api.w.org\/{rel}","templated":true}]}}