{"id":11226,"date":"2020-06-21T03:33:12","date_gmt":"2020-06-21T03:33:12","guid":{"rendered":"https:\/\/internetaddictsanonymous.org\/?page_id=11226"},"modified":"2023-01-08T17:20:28","modified_gmt":"2023-01-08T22:20:28","slug":"na-palapala-halawai-hou-a%ca%bbe","status":"publish","type":"page","link":"https:\/\/internetaddictsanonymous.org\/haw\/additional-meeting-scripts\/","title":{"rendered":"N\u0101 Palapala H\u0101l\u0101wai \u02bb\u0113 a\u02bbe"},"content":{"rendered":"<p><em>No ka maopopo o ka ho\u02bbonohonoho \u02bbana, ua ho\u02bbone\u02bbe \u02bbia n\u0101 palapala kiko\u02bb\u012b no ka h\u0101l\u0101wai i n\u0101 wehewehe h\u0101l\u0101wai ma n\u0101 hanana kalena p\u0101kahi o ka <a href=\"https:\/\/internetaddictsanonymous.org\/haw\/phone-online-meetings\/\">N\u0101 H\u0101l\u0101wai Kelepona\/P\u016bnaewele<\/a> \u02bbao\u02bbao. Hiki i\u0101 \u02bboe ke loa\u02bba k\u0101u palapala ma ka hele \u02bbana i ka kalena a kaomi \u02bbana i k\u0101u h\u0101l\u0101wai. <\/em><\/p>\n\n\n\n<p><em>E holoi \u02bbia k\u0113ia \u02bbao\u02bbao i ho\u02bbokahi mahina.<\/em><\/p>\n<!-- PMB print buttons is only displayed on a single post\/page URLs-->","protected":false},"excerpt":{"rendered":"<p>No ka maopopo o ka ho\u02bbonohonoho \u02bbana, ua ho\u02bbone\u02bbe \u02bbia n\u0101 palapala kiko\u02bb\u012b no ka h\u0101l\u0101wai i n\u0101 wehewehe h\u0101l\u0101wai ma n\u0101 hanana kalena p\u0101kahi o ka \u02bbao\u02bbao H\u0101l\u0101wai Kelepona\/P\u016bnaewele. Hiki i\u0101 \u02bboe ke loa\u02bba k\u0101u palapala ma ka hele \u02bbana i ka kalena a kaomi \u02bbana i k\u0101u h\u0101l\u0101wai. E holoi \u02bbia k\u0113ia \u02bbao\u02bbao i ho\u02bbokahi mahina.<\/p>","protected":false},"author":35194237,"featured_media":0,"parent":0,"menu_order":0,"comment_status":"closed","ping_status":"closed","template":"full-width-page.php","meta":{"inline_featured_image":false,"_lmt_disableupdate":"","_lmt_disable":"","jetpack_post_was_ever_published":false,"footnotes":""},"tags":[],"class_list":["post-11226","page","type-page","status-publish","hentry"],"yoast_head":"<!-- This site is optimized with the Yoast SEO plugin v27.3 - https:\/\/yoast.com\/product\/yoast-seo-wordpress\/ -->\n<title>Alternative Meeting Scripts &#8211; Internet and Technology Addicts Anonymous<\/title>\n<meta name=\"robots\" content=\"index, follow, max-snippet:-1, max-image-preview:large, max-video-preview:-1\" \/>\n<link rel=\"canonical\" href=\"https:\/\/internetaddictsanonymous.org\/haw\/na-palapala-halawai-hou-a\u02bbe\/\" \/>\n<meta property=\"og:locale\" content=\"en_US\" \/>\n<meta property=\"og:type\" content=\"article\" \/>\n<meta property=\"og:title\" content=\"Alternative Meeting Scripts &#8211; Internet and Technology Addicts Anonymous\" \/>\n<meta property=\"og:description\" content=\"For the sake of organizational clarity, meeting specific scripts have been moved to the meeting descriptions on the individual calendar events of the Phone\/Online Meetings page. You can find your script by going to the calendar and clicking on your meeting. This page will be deleted in one month.\" \/>\n<meta property=\"og:url\" content=\"https:\/\/internetaddictsanonymous.org\/haw\/na-palapala-halawai-hou-a\u02bbe\/\" \/>\n<meta property=\"og:site_name\" content=\"Internet and Technology Addicts Anonymous\" \/>\n<meta property=\"article:modified_time\" content=\"2023-01-08T22:20:28+00:00\" \/>\n<meta name=\"twitter:card\" content=\"summary_large_image\" \/>\n<script type=\"application\/ld+json\" class=\"yoast-schema-graph\">{\"@context\":\"https:\\\/\\\/schema.org\",\"@graph\":[{\"@type\":\"WebPage\",\"@id\":\"https:\\\/\\\/internetaddictsanonymous.org\\\/additional-meeting-scripts\\\/\",\"url\":\"https:\\\/\\\/internetaddictsanonymous.org\\\/additional-meeting-scripts\\\/\",\"name\":\"Alternative Meeting Scripts &#8211; Internet and Technology Addicts Anonymous\",\"isPartOf\":{\"@id\":\"https:\\\/\\\/internetaddictsanonymous.org\\\/#website\"},\"datePublished\":\"2020-06-21T03:33:12+00:00\",\"dateModified\":\"2023-01-08T22:20:28+00:00\",\"breadcrumb\":{\"@id\":\"https:\\\/\\\/internetaddictsanonymous.org\\\/additional-meeting-scripts\\\/#breadcrumb\"},\"inLanguage\":\"haw-US\",\"potentialAction\":[{\"@type\":\"ReadAction\",\"target\":[\"https:\\\/\\\/internetaddictsanonymous.org\\\/additional-meeting-scripts\\\/\"]}]},{\"@type\":\"BreadcrumbList\",\"@id\":\"https:\\\/\\\/internetaddictsanonymous.org\\\/additional-meeting-scripts\\\/#breadcrumb\",\"itemListElement\":[{\"@type\":\"ListItem\",\"position\":1,\"name\":\"Home\",\"item\":\"https:\\\/\\\/internetaddictsanonymous.org\\\/\"},{\"@type\":\"ListItem\",\"position\":2,\"name\":\"Alternative Meeting Scripts\"}]},{\"@type\":\"WebSite\",\"@id\":\"https:\\\/\\\/internetaddictsanonymous.org\\\/#website\",\"url\":\"https:\\\/\\\/internetaddictsanonymous.org\\\/\",\"name\":\"Internet and Technology Addicts Anonymous\",\"description\":\"Worldwide 12-step Fellowship for Internet and Technology Addiction\",\"publisher\":{\"@id\":\"https:\\\/\\\/internetaddictsanonymous.org\\\/#organization\"},\"potentialAction\":[{\"@type\":\"SearchAction\",\"target\":{\"@type\":\"EntryPoint\",\"urlTemplate\":\"https:\\\/\\\/internetaddictsanonymous.org\\\/?s={search_term_string}\"},\"query-input\":{\"@type\":\"PropertyValueSpecification\",\"valueRequired\":true,\"valueName\":\"search_term_string\"}}],\"inLanguage\":\"haw-US\"},{\"@type\":\"Organization\",\"@id\":\"https:\\\/\\\/internetaddictsanonymous.org\\\/#organization\",\"name\":\"Internet and Technology Addicts Anonymous\",\"url\":\"https:\\\/\\\/internetaddictsanonymous.org\\\/\",\"logo\":{\"@type\":\"ImageObject\",\"inLanguage\":\"haw-US\",\"@id\":\"https:\\\/\\\/internetaddictsanonymous.org\\\/#\\\/schema\\\/logo\\\/image\\\/\",\"url\":\"https:\\\/\\\/internetaddictsanonymous.org\\\/wp-content\\\/uploads\\\/2023\\\/01\\\/cropped-ITAA-logo-480px.png\",\"contentUrl\":\"https:\\\/\\\/internetaddictsanonymous.org\\\/wp-content\\\/uploads\\\/2023\\\/01\\\/cropped-ITAA-logo-480px.png\",\"width\":480,\"height\":480,\"caption\":\"Internet and Technology Addicts Anonymous\"},\"image\":{\"@id\":\"https:\\\/\\\/internetaddictsanonymous.org\\\/#\\\/schema\\\/logo\\\/image\\\/\"}}]}<\/script>\n<!-- \/ Yoast SEO plugin. -->","yoast_head_json":{"title":"N\u0101 Palapala H\u0101l\u0101wai \u02bb\u0113 a\u02bbe - P\u016bnaewele a me n\u0101 \u02bbenehana Addicts Anonymous","robots":{"index":"index","follow":"follow","max-snippet":"max-snippet:-1","max-image-preview":"max-image-preview:large","max-video-preview":"max-video-preview:-1"},"canonical":"https:\/\/internetaddictsanonymous.org\/haw\/na-palapala-halawai-hou-a\u02bbe\/","og_locale":"en_US","og_type":"article","og_title":"Alternative Meeting Scripts &#8211; Internet and Technology Addicts Anonymous","og_description":"For the sake of organizational clarity, meeting specific scripts have been moved to the meeting descriptions on the individual calendar events of the Phone\/Online Meetings page. You can find your script by going to the calendar and clicking on your meeting. This page will be deleted in one month.","og_url":"https:\/\/internetaddictsanonymous.org\/haw\/na-palapala-halawai-hou-a\u02bbe\/","og_site_name":"Internet and Technology Addicts Anonymous","article_modified_time":"2023-01-08T22:20:28+00:00","twitter_card":"summary_large_image","schema":{"@context":"https:\/\/schema.org","@graph":[{"@type":"WebPage","@id":"https:\/\/internetaddictsanonymous.org\/additional-meeting-scripts\/","url":"https:\/\/internetaddictsanonymous.org\/additional-meeting-scripts\/","name":"N\u0101 Palapala H\u0101l\u0101wai \u02bb\u0113 a\u02bbe - P\u016bnaewele a me n\u0101 \u02bbenehana Addicts Anonymous","isPartOf":{"@id":"https:\/\/internetaddictsanonymous.org\/#website"},"datePublished":"2020-06-21T03:33:12+00:00","dateModified":"2023-01-08T22:20:28+00:00","breadcrumb":{"@id":"https:\/\/internetaddictsanonymous.org\/additional-meeting-scripts\/#breadcrumb"},"inLanguage":"haw-US","potentialAction":[{"@type":"ReadAction","target":["https:\/\/internetaddictsanonymous.org\/additional-meeting-scripts\/"]}]},{"@type":"BreadcrumbList","@id":"https:\/\/internetaddictsanonymous.org\/additional-meeting-scripts\/#breadcrumb","itemListElement":[{"@type":"ListItem","position":1,"name":"Home","item":"https:\/\/internetaddictsanonymous.org\/"},{"@type":"ListItem","position":2,"name":"Alternative Meeting Scripts"}]},{"@type":"WebSite","@id":"https:\/\/internetaddictsanonymous.org\/#website","url":"https:\/\/internetaddictsanonymous.org\/","name":"N\u0101 mea ho\u02bbopilikia p\u016bnaewele a me ka \u02bbenehana Anonymous","description":"\u02bbO ka Fellowship honua 12-step no ka ho\u02bbohui \u02bbana i ka P\u016bnaewele a me ka \u02bbenehana","publisher":{"@id":"https:\/\/internetaddictsanonymous.org\/#organization"},"potentialAction":[{"@type":"SearchAction","target":{"@type":"EntryPoint","urlTemplate":"https:\/\/internetaddictsanonymous.org\/?s={search_term_string}"},"query-input":{"@type":"PropertyValueSpecification","valueRequired":true,"valueName":"search_term_string"}}],"inLanguage":"haw-US"},{"@type":"Organization","@id":"https:\/\/internetaddictsanonymous.org\/#organization","name":"N\u0101 mea ho\u02bbopilikia p\u016bnaewele a me ka \u02bbenehana Anonymous","url":"https:\/\/internetaddictsanonymous.org\/","logo":{"@type":"ImageObject","inLanguage":"haw-US","@id":"https:\/\/internetaddictsanonymous.org\/#\/schema\/logo\/image\/","url":"https:\/\/internetaddictsanonymous.org\/wp-content\/uploads\/2023\/01\/cropped-ITAA-logo-480px.png","contentUrl":"https:\/\/internetaddictsanonymous.org\/wp-content\/uploads\/2023\/01\/cropped-ITAA-logo-480px.png","width":480,"height":480,"caption":"Internet and Technology Addicts Anonymous"},"image":{"@id":"https:\/\/internetaddictsanonymous.org\/#\/schema\/logo\/image\/"}}]}},"jetpack_sharing_enabled":true,"jetpack_shortlink":"https:\/\/wp.me\/P9Fwob-2V4","_links":{"self":[{"href":"https:\/\/internetaddictsanonymous.org\/haw\/wp-json\/wp\/v2\/pages\/11226","targetHints":{"allow":["GET"]}}],"collection":[{"href":"https:\/\/internetaddictsanonymous.org\/haw\/wp-json\/wp\/v2\/pages"}],"about":[{"href":"https:\/\/internetaddictsanonymous.org\/haw\/wp-json\/wp\/v2\/types\/page"}],"author":[{"embeddable":true,"href":"https:\/\/internetaddictsanonymous.org\/haw\/wp-json\/wp\/v2\/users\/35194237"}],"replies":[{"embeddable":true,"href":"https:\/\/internetaddictsanonymous.org\/haw\/wp-json\/wp\/v2\/comments?post=11226"}],"version-history":[{"count":7,"href":"https:\/\/internetaddictsanonymous.org\/haw\/wp-json\/wp\/v2\/pages\/11226\/revisions"}],"predecessor-version":[{"id":11557,"href":"https:\/\/internetaddictsanonymous.org\/haw\/wp-json\/wp\/v2\/pages\/11226\/revisions\/11557"}],"wp:attachment":[{"href":"https:\/\/internetaddictsanonymous.org\/haw\/wp-json\/wp\/v2\/media?parent=11226"}],"wp:term":[{"taxonomy":"post_tag","embeddable":true,"href":"https:\/\/internetaddictsanonymous.org\/haw\/wp-json\/wp\/v2\/tags?post=11226"}],"curies":[{"name":"wp","href":"https:\/\/api.w.org\/{rel}","templated":true}]}}