{"id":11546,"date":"2020-08-09T09:08:29","date_gmt":"2020-08-09T09:08:29","guid":{"rendered":"https:\/\/internetaddictsanonymous.org\/?page_id=11546"},"modified":"2023-01-08T17:20:27","modified_gmt":"2023-01-08T22:20:27","slug":"hiki-ke-komo","status":"publish","type":"page","link":"https:\/\/internetaddictsanonymous.org\/haw\/accessibility\/","title":{"rendered":"Loa\u02bba"},"content":{"rendered":"<p>\u02bbO k\u0101 m\u0101kou ku\u02bbuna \u02bbekolu e \u02bb\u014dlelo nei \u02bbo k\u0101 m\u0101kou koi wale n\u014d no ka l\u0101l\u0101 \u02bbo ia ka makemake e ho\u02bb\u014dki i ka ho\u02bbohana \u02bbana i ka p\u016bnaewele a me ka \u02bbenehana me ka ho\u02bbopa\u02bba \u02bbole \u02bbia, a ho\u02bbokipa ka ITAA holo\u02bboko\u02bba i n\u0101 mea ho\u02bbohana p\u016bnaewele kuli e pono ai k\u0101 m\u0101kou papahana. Paipai \u02bbo ITAA i kekahi mea e pono ai ka wehewehe \u02bb\u014dlelo lima e hele i n\u0101 h\u0101l\u0101wai (in\u0101 wehe \u02bbia a pani \u02bbia paha) me k\u0101 l\u0101kou unuhi \u02bb\u014dlelo. Ma mua o ka ho\u02bbomaka \u02bbana o ka h\u0101l\u0101wai, hiki i\u0101 \u02bboe ke n\u012bnau me ke luna o ka h\u0101l\u0101wai in\u0101 he mau pilikia e pili ana i ka loa\u02bba \u02bbana o kahi unuhi \u02bb\u014dlelo \u02bba\u02bbole i ho\u02bbohana \u02bbia i ka h\u0101l\u0101wai. Pono paha ka hui e \u02bbae e palekana n\u0101 mea a pau e k\u016b nei me k\u0113ia. <\/p>\n\n\n\n<p>Hiki i kekahi ke ho\u02bbomaka i kahi h\u0101l\u0101wai, a ke k\u0101ko\u02bbo nei m\u0101kou i ka ho\u02bbokumu \u02bbana o kahi h\u0101l\u0101wai \u02bb\u014dlelo lima hou. <\/p>\n\n\n\n<p>In\u0101 he mau n\u012bnau k\u0101u e pili ana i ke komo \u02bbana, n\u0101 h\u0101l\u0101wai, a i \u02bbole ka ho\u02bbomaka \u02bbana i kahi h\u0101l\u0101wai hou, e \u02bbolu\u02bbolu e k\u0101kau mai i\u0101 m\u0101kou ma o k\u0101 m\u0101kou <a href=\"https:\/\/internetaddictsanonymous.org\/haw\/ho%ca%bboka%ca%bba%ca%bbike\/\">palapala ho\u02bbopili<\/a>.<\/p>\n<!-- PMB print buttons is only displayed on a single post\/page URLs-->","protected":false},"excerpt":{"rendered":"<p>\u02bbO k\u0101 m\u0101kou ku\u02bbuna \u02bbekolu e \u02bb\u014dlelo nei \u02bbo k\u0101 m\u0101kou koi wale n\u014d no ka l\u0101l\u0101 \u02bbo ia ka makemake e ho\u02bb\u014dki i ka ho\u02bbohana \u02bbana i ka p\u016bnaewele a me ka \u02bbenehana me ka ho\u02bbopa\u02bba \u02bbia, a ho\u02bbokipa \u02bbo ITAA holo\u02bboko\u02bba i n\u0101 mea ho\u02bbohana p\u016bnaewele kuli e pono ai k\u0101 m\u0101kou papahana. Paipai \u02bbo ITAA i kekahi mea e pono ai ka wehewehe \u02bb\u014dlelo h\u014d\u02bbailona e hele i n\u0101 h\u0101l\u0101wai (in\u0101 wehe a pani \u02bbia paha) me k\u0101 l\u0101kou unuhi \u02bb\u014dlelo. Ma mua o ka ho\u02bbomaka \u02bbana o ka h\u0101l\u0101wai, \u2026 <a href=\"https:\/\/internetaddictsanonymous.org\/haw\/accessibility\/\" class=\"more-link\">E ho\u02bbomau i ka heluhelu \u02bbana <span class=\"screen-reader-text\">Loa\u02bba<\/span><\/a><\/p>","protected":false},"author":35194237,"featured_media":0,"parent":0,"menu_order":0,"comment_status":"closed","ping_status":"closed","template":"full-width-page.php","meta":{"inline_featured_image":false,"_lmt_disableupdate":"","_lmt_disable":"","footnotes":""},"tags":[],"class_list":["post-11546","page","type-page","status-publish","hentry"],"yoast_head":"<!-- This site is optimized with the Yoast SEO plugin v27.4 - https:\/\/yoast.com\/product\/yoast-seo-wordpress\/ -->\n<title>Accessibility &#8211; Internet and Technology Addicts Anonymous<\/title>\n<meta name=\"robots\" content=\"index, follow, max-snippet:-1, max-image-preview:large, max-video-preview:-1\" \/>\n<link rel=\"canonical\" href=\"https:\/\/internetaddictsanonymous.org\/haw\/hiki-ke-komo\/\" \/>\n<meta property=\"og:locale\" content=\"en_US\" \/>\n<meta property=\"og:type\" content=\"article\" \/>\n<meta property=\"og:title\" content=\"Accessibility &#8211; Internet and Technology Addicts Anonymous\" \/>\n<meta property=\"og:description\" content=\"Our third tradition states that our only requirement for membership is the desire to stop using internet and technology compulsively, and ITAA as a whole welcomes Deaf internet addicts who need our program. ITAA encourages anyone who requires sign language interpretation to attend meetings (whether open or closed) with their interpreter. Before the meeting starts, &hellip; Continue reading Accessibility\" \/>\n<meta property=\"og:url\" content=\"https:\/\/internetaddictsanonymous.org\/haw\/hiki-ke-komo\/\" \/>\n<meta property=\"og:site_name\" content=\"Internet and Technology Addicts Anonymous\" \/>\n<meta property=\"article:modified_time\" content=\"2023-01-08T22:20:27+00:00\" \/>\n<meta name=\"twitter:card\" content=\"summary_large_image\" \/>\n<meta name=\"twitter:label1\" content=\"Est. reading time\" \/>\n\t<meta name=\"twitter:data1\" content=\"1 minute\" \/>\n<script type=\"application\/ld+json\" class=\"yoast-schema-graph\">{\"@context\":\"https:\\\/\\\/schema.org\",\"@graph\":[{\"@type\":\"WebPage\",\"@id\":\"https:\\\/\\\/internetaddictsanonymous.org\\\/accessibility\\\/\",\"url\":\"https:\\\/\\\/internetaddictsanonymous.org\\\/accessibility\\\/\",\"name\":\"Accessibility &#8211; Internet and Technology Addicts Anonymous\",\"isPartOf\":{\"@id\":\"https:\\\/\\\/internetaddictsanonymous.org\\\/#website\"},\"datePublished\":\"2020-08-09T09:08:29+00:00\",\"dateModified\":\"2023-01-08T22:20:27+00:00\",\"breadcrumb\":{\"@id\":\"https:\\\/\\\/internetaddictsanonymous.org\\\/accessibility\\\/#breadcrumb\"},\"inLanguage\":\"haw-US\",\"potentialAction\":[{\"@type\":\"ReadAction\",\"target\":[\"https:\\\/\\\/internetaddictsanonymous.org\\\/accessibility\\\/\"]}]},{\"@type\":\"BreadcrumbList\",\"@id\":\"https:\\\/\\\/internetaddictsanonymous.org\\\/accessibility\\\/#breadcrumb\",\"itemListElement\":[{\"@type\":\"ListItem\",\"position\":1,\"name\":\"Home\",\"item\":\"https:\\\/\\\/internetaddictsanonymous.org\\\/\"},{\"@type\":\"ListItem\",\"position\":2,\"name\":\"Accessibility\"}]},{\"@type\":\"WebSite\",\"@id\":\"https:\\\/\\\/internetaddictsanonymous.org\\\/#website\",\"url\":\"https:\\\/\\\/internetaddictsanonymous.org\\\/\",\"name\":\"Internet and Technology Addicts Anonymous\",\"description\":\"Worldwide 12-step Fellowship for Internet and Technology Addiction\",\"publisher\":{\"@id\":\"https:\\\/\\\/internetaddictsanonymous.org\\\/#organization\"},\"potentialAction\":[{\"@type\":\"SearchAction\",\"target\":{\"@type\":\"EntryPoint\",\"urlTemplate\":\"https:\\\/\\\/internetaddictsanonymous.org\\\/?s={search_term_string}\"},\"query-input\":{\"@type\":\"PropertyValueSpecification\",\"valueRequired\":true,\"valueName\":\"search_term_string\"}}],\"inLanguage\":\"haw-US\"},{\"@type\":\"Organization\",\"@id\":\"https:\\\/\\\/internetaddictsanonymous.org\\\/#organization\",\"name\":\"Internet and Technology Addicts Anonymous\",\"url\":\"https:\\\/\\\/internetaddictsanonymous.org\\\/\",\"logo\":{\"@type\":\"ImageObject\",\"inLanguage\":\"haw-US\",\"@id\":\"https:\\\/\\\/internetaddictsanonymous.org\\\/#\\\/schema\\\/logo\\\/image\\\/\",\"url\":\"https:\\\/\\\/internetaddictsanonymous.org\\\/wp-content\\\/uploads\\\/2023\\\/01\\\/cropped-ITAA-logo-480px.png\",\"contentUrl\":\"https:\\\/\\\/internetaddictsanonymous.org\\\/wp-content\\\/uploads\\\/2023\\\/01\\\/cropped-ITAA-logo-480px.png\",\"width\":480,\"height\":480,\"caption\":\"Internet and Technology Addicts Anonymous\"},\"image\":{\"@id\":\"https:\\\/\\\/internetaddictsanonymous.org\\\/#\\\/schema\\\/logo\\\/image\\\/\"}}]}<\/script>\n<!-- \/ Yoast SEO plugin. -->","yoast_head_json":{"title":"Loa\u02bba - P\u016bnaewele a me n\u0101 \u02bbenehana \u02bbenehana Anonymous","robots":{"index":"index","follow":"follow","max-snippet":"max-snippet:-1","max-image-preview":"max-image-preview:large","max-video-preview":"max-video-preview:-1"},"canonical":"https:\/\/internetaddictsanonymous.org\/haw\/hiki-ke-komo\/","og_locale":"en_US","og_type":"article","og_title":"Accessibility &#8211; Internet and Technology Addicts Anonymous","og_description":"Our third tradition states that our only requirement for membership is the desire to stop using internet and technology compulsively, and ITAA as a whole welcomes Deaf internet addicts who need our program. ITAA encourages anyone who requires sign language interpretation to attend meetings (whether open or closed) with their interpreter. Before the meeting starts, &hellip; Continue reading Accessibility","og_url":"https:\/\/internetaddictsanonymous.org\/haw\/hiki-ke-komo\/","og_site_name":"Internet and Technology Addicts Anonymous","article_modified_time":"2023-01-08T22:20:27+00:00","twitter_card":"summary_large_image","twitter_misc":{"Est. reading time":"1 minute"},"schema":{"@context":"https:\/\/schema.org","@graph":[{"@type":"WebPage","@id":"https:\/\/internetaddictsanonymous.org\/accessibility\/","url":"https:\/\/internetaddictsanonymous.org\/accessibility\/","name":"Loa\u02bba - P\u016bnaewele a me n\u0101 \u02bbenehana \u02bbenehana Anonymous","isPartOf":{"@id":"https:\/\/internetaddictsanonymous.org\/#website"},"datePublished":"2020-08-09T09:08:29+00:00","dateModified":"2023-01-08T22:20:27+00:00","breadcrumb":{"@id":"https:\/\/internetaddictsanonymous.org\/accessibility\/#breadcrumb"},"inLanguage":"haw-US","potentialAction":[{"@type":"ReadAction","target":["https:\/\/internetaddictsanonymous.org\/accessibility\/"]}]},{"@type":"BreadcrumbList","@id":"https:\/\/internetaddictsanonymous.org\/accessibility\/#breadcrumb","itemListElement":[{"@type":"ListItem","position":1,"name":"Home","item":"https:\/\/internetaddictsanonymous.org\/"},{"@type":"ListItem","position":2,"name":"Accessibility"}]},{"@type":"WebSite","@id":"https:\/\/internetaddictsanonymous.org\/#website","url":"https:\/\/internetaddictsanonymous.org\/","name":"N\u0101 mea ho\u02bbopilikia p\u016bnaewele a me ka \u02bbenehana Anonymous","description":"\u02bbO ka Fellowship honua 12-step no ka ho\u02bbohui \u02bbana i ka P\u016bnaewele a me ka \u02bbenehana","publisher":{"@id":"https:\/\/internetaddictsanonymous.org\/#organization"},"potentialAction":[{"@type":"SearchAction","target":{"@type":"EntryPoint","urlTemplate":"https:\/\/internetaddictsanonymous.org\/?s={search_term_string}"},"query-input":{"@type":"PropertyValueSpecification","valueRequired":true,"valueName":"search_term_string"}}],"inLanguage":"haw-US"},{"@type":"Organization","@id":"https:\/\/internetaddictsanonymous.org\/#organization","name":"N\u0101 mea ho\u02bbopilikia p\u016bnaewele a me ka \u02bbenehana Anonymous","url":"https:\/\/internetaddictsanonymous.org\/","logo":{"@type":"ImageObject","inLanguage":"haw-US","@id":"https:\/\/internetaddictsanonymous.org\/#\/schema\/logo\/image\/","url":"https:\/\/internetaddictsanonymous.org\/wp-content\/uploads\/2023\/01\/cropped-ITAA-logo-480px.png","contentUrl":"https:\/\/internetaddictsanonymous.org\/wp-content\/uploads\/2023\/01\/cropped-ITAA-logo-480px.png","width":480,"height":480,"caption":"Internet and Technology Addicts Anonymous"},"image":{"@id":"https:\/\/internetaddictsanonymous.org\/#\/schema\/logo\/image\/"}}]}},"jetpack_sharing_enabled":true,"jetpack_shortlink":"https:\/\/wp.me\/P9Fwob-30e","_links":{"self":[{"href":"https:\/\/internetaddictsanonymous.org\/haw\/wp-json\/wp\/v2\/pages\/11546","targetHints":{"allow":["GET"]}}],"collection":[{"href":"https:\/\/internetaddictsanonymous.org\/haw\/wp-json\/wp\/v2\/pages"}],"about":[{"href":"https:\/\/internetaddictsanonymous.org\/haw\/wp-json\/wp\/v2\/types\/page"}],"author":[{"embeddable":true,"href":"https:\/\/internetaddictsanonymous.org\/haw\/wp-json\/wp\/v2\/users\/35194237"}],"replies":[{"embeddable":true,"href":"https:\/\/internetaddictsanonymous.org\/haw\/wp-json\/wp\/v2\/comments?post=11546"}],"version-history":[{"count":4,"href":"https:\/\/internetaddictsanonymous.org\/haw\/wp-json\/wp\/v2\/pages\/11546\/revisions"}],"predecessor-version":[{"id":12028,"href":"https:\/\/internetaddictsanonymous.org\/haw\/wp-json\/wp\/v2\/pages\/11546\/revisions\/12028"}],"wp:attachment":[{"href":"https:\/\/internetaddictsanonymous.org\/haw\/wp-json\/wp\/v2\/media?parent=11546"}],"wp:term":[{"taxonomy":"post_tag","embeddable":true,"href":"https:\/\/internetaddictsanonymous.org\/haw\/wp-json\/wp\/v2\/tags?post=11546"}],"curies":[{"name":"wp","href":"https:\/\/api.w.org\/{rel}","templated":true}]}}