{"id":128,"date":"2018-12-08T16:44:58","date_gmt":"2018-12-08T16:44:58","guid":{"rendered":"https:\/\/internetandtechaa.wordpress.com\/?page_id=128"},"modified":"2025-08-03T17:43:55","modified_gmt":"2025-08-04T00:43:55","slug":"pehea-e-hana-ai-i-na-%ca%bbanu%ca%bbu","status":"publish","type":"page","link":"https:\/\/internetaddictsanonymous.org\/haw\/resources\/how-to-work-the-steps\/","title":{"rendered":"Pehea e hana ai i n\u0101 \u02bbanu\u02bbu"},"content":{"rendered":"<p>Ua mana\u02bbo \u02bbia n\u0101 \u02bbAnu\u02bbu He \u02bbUmik\u016bm\u0101lua \u02bbo ia ke kumu nui o k\u0101 m\u0101kou papahana ho\u02bb\u014dla a me ko m\u0101kou ala i ke k\u016b\u02bboko\u02bba l\u014d\u02bbihi mai ko m\u0101kou mau koi \u02bbia. Ak\u0101 he aha ke \u02bbano o ka &quot;hana i n\u0101 \u02bbAnu\u02bbu&quot;? Pehea m\u0101kou e ne\u02bbe ai ma waena o n\u0101 \u02bbAnu\u02bbu a ho\u02bboma\u02bbama\u02bba i\u0101 l\u0101kou i ko m\u0101kou ola?<\/p>\n\n\n\n<p>Nui n\u0101 ala e hana ai i n\u0101 \u02bbAnu\u02bbu e like me ka nui o ka po\u02bbe e ho\u02bb\u014dla ana. Ke hana m\u0101kou i n\u0101 \u02bbAnu\u02bbu, ke \u02bbimi nei m\u0101kou i kahi mo\u02bbo o n\u0101 ho\u02bboma\u02bbama\u02bba \u02bbuhane e alaka\u02bbi i\u0101 m\u0101kou i kahi \u02bbike hohonu a me ka ho\u02bbomaopopo \u02bbana i k\u0101 m\u0101kou mau \u02bbano ho\u02bbopa\u02bba. Alaka\u02bbi p\u016b n\u0101 \u02bbAnu\u02bbu i\u0101 m\u0101kou ma o kahi papa hana k\u016bpono e k\u014dkua i\u0101 m\u0101kou e k\u016bkulu i kahi \u02bb\u014dnaehana olakino e ho\u02bboponopono ai i n\u0101 mea ho\u02bboluhi o ko m\u0101kou ola a ho&#039;\u014dla i n\u0101 \u02bbeha e ho\u02bbopa\u02bba ana i k\u0101 m\u0101kou \u02bbona. Ho\u02bbokomo pinepine ka hana \u02bbana i n\u0101 \u02bbAnu\u02bbu i n\u0101 manawa o ka heluhelu \u02bbana, ke k\u0101kau \u02bbana, a me ka ka\u02bbana like \u02bbana me n\u0101 po\u02bbe \u02bb\u0113 a\u02bbe. He mea nui \u02bba\u02bbole m\u0101kou e hana i n\u0101 \u02bbAnu\u02bbu ma o m\u0101kou iho. In\u0101 m\u0101kou e hana p\u016b ana me kahi k\u0101ko\u02bbo, he hoaaloha ma ka papahana, kahi hui hana \u02bbana i n\u0101 \u02bbAnu\u02bbu, a i \u02bbole kekahi ma kahi papahana \u02bb\u0113 a\u02bbe e like me AA, \u02bbo ka hana \u02bbana i n\u0101 \u02bbAnu\u02bbu me kekahi mea \u02bb\u0113 a\u02bbe e hiki ke h\u0101\u02bbawi i ka h\u014d\u02bbike a me ka mana\u02bbo aloha e m\u0101lama i\u0101 m\u0101kou i ka heleuma a me ke k\u0101ko\u02bbo \u02bbana i ko m\u0101kou hele \u02bbana i ko m\u0101kou ala o ka ho\u02bb\u014dla \u02bbana.<\/p>\n\n\n\n<p>Ma ITAA, loa\u02bba n\u0101 l\u0101l\u0101 he nui ma ke \u02bbano he <a href=\"https:\/\/internetaddictsanonymous.org\/haw\/kako%ca%bbo-kala\/\">n\u0101 k\u0101ko\u02bbo<\/a>. \u02bbO kekahi o n\u0101 ala maika\u02bbi loa e ho\u02bbopili aku ai me kahi mea k\u0101ko\u02bbo k\u016bpono, \u02bbo ia ke ho\u02bboka\u02bba\u02bbike aku i kahi mea nona ka ho\u02bb\u014dla pa\u02bba nona n\u0101 \u02bb\u0101pana e pili ana i\u0101 \u02bboe a noi i k\u0101 l\u0101kou helu kelepona. Ke \u02bbike hou aku \u02bboe i\u0101 l\u0101kou ma ke kelepona \u02bbana, hiki i\u0101 \u02bboe ke n\u012bnau i\u0101 l\u0101kou in\u0101 e k\u0101ko\u02bbo l\u0101kou i\u0101 \u02bboe. Hiki i kahi mea k\u0101ko\u02bbo ke h\u0101\u02bbawi i n\u0101 \u02bbano hana like \u02bbole no ka hana \u02bbana ma o n\u0101 \u02bbanu\u02bbu.<\/p>\n\n\n\n<p>Ho\u02bbomau mau \u02bbia k\u0101 m\u0101kou hui p\u016b \u02bbana <a href=\"https:\/\/internetaddictsanonymous.org\/haw\/na-papa-hana-%ca%bbanu%ca%bbu\/\">N\u0101 papa hana he \u02bbumik\u016bm\u0101lua-\u02bbanu\u02bbu<\/a>, n\u0101 manawa k\u016bpono i ho\u02bbonohonoho \u02bbia e ne\u02bbe ai ma o n\u0101 \u02bbanu\u02bbu ma kahi ho\u02bbonohonoho hui. In\u0101 \u02bba\u02bbole hiki i\u0101 \u02bboe ke hele i n\u0101 papa hana, hiki n\u014d i\u0101 \u02bboe ke heluhelu ma o ka <a href=\"https:\/\/drive.google.com\/drive\/folders\/1SLvfAX3EbAwG0LMB7j8dXCfTt_0Y_b69?usp=sharing\">n\u0101 mea hana hale hana<\/a> a hele i n\u0101 ho\u02bboma\u02bbama\u02bba ma laila.<\/p>\n\n\n\n<p>Ua kokoke i ho\u02bbokahi kenekulia ka l\u014d\u02bbihi o n\u0101 Fellowships \u02bbumik\u016bm\u0101lua-\u02bbanu\u02bbu. Nui ka na\u02bbauao i loa\u02bba i\u0101 m\u0101kou ma \u02bb\u014d aku o ITAA, a \u02bba\u02bbole pono m\u0101kou e hana hou i ka huila. Hiki i ka heluhelu \u02bbana i n\u0101 palapala mai n\u0101 papahana \u02bb\u0113 a\u02bbe ke lilo i mea \u02bbike hohonu. Aia ma lalo iho kekahi o n\u0101 kumuwaiwai he nui i loa\u02bba no ka ho\u02bbomaopopo \u02bbana a me ka hana \u02bbana ma o n\u0101 \u02bbanu\u02bbu:&nbsp;<\/p>\n\n\n\n<ul class=\"wp-block-list\">\n<li><a href=\"https:\/\/www.aa.org\/pages\/en_US\/alcoholics-anonymous\">\u02bbO ka Puke Nui a AA<\/a><\/li>\n\n\n\n<li><a href=\"https:\/\/www.aa.org\/pages\/en_US\/twelve-steps-and-twelve-traditions\">\u02bbO n\u0101 \u02bbanu\u02bbu he \u02bbumikumam\u0101lua a me n\u0101 ku\u02bbuna he \u02bbumikumam\u0101lua o AA<\/a><\/li>\n\n\n\n<li><a href=\"https:\/\/cwpascna.com\/wp-content\/uploads\/2020\/08\/na_swg_12.pdf\" target=\"_blank\" rel=\"noreferrer noopener\">\u02bbO ke Alaka\u02bbi Hana Hana Narcotics Anonymous<\/a><\/li>\n\n\n\n<li><a href=\"http:\/\/bookstore.oa.org\/pc_product_detail.asp?key=4B992B35A6B141D1AC39EAF4CC0144FB\">\u02bbO n\u0101 \u02bbanu\u02bbu he \u02bbumikumam\u0101lua a me n\u0101 ku\u02bbuna he \u02bbumikumam\u0101lua o Overeaters Anonymous<\/a>&nbsp;<\/li>\n\n\n\n<li><a href=\"https:\/\/bookstore.oa.org\/pc_product_detail.asp?key=A8844F63049045A09067A421AFB3D33C\">\u02bbO ka Puke Hana \u02bbUmik\u016bm\u0101lua-\u02bbanu\u02bbu o Overeaters Anonymous<\/a><\/li>\n\n\n\n<li><a href=\"https:\/\/eatingdisordersanonymous.org\/wp-content\/uploads\/2023\/02\/EDA-Big-Book.pdf\">\u02bbO ka Puke Nui o n\u0101 Ma\u02bbi \u02bbAi Anonymous<\/a><\/li>\n\n\n\n<li><a href=\"https:\/\/www.hazelden.org\/store\/item\/15848?A-Gentle-Path-through-the-Twelve-Steps-Updated-and-Expanded\">He Ala M\u0101lie ma o n\u0101 \u02bbAnu\u02bbu He \u02bbUmik\u016bm\u0101lua<\/a><\/li>\n\n\n\n<li><a href=\"https:\/\/www.hazelden.org\/store\/item\/2309?A-Womans-Way-through-the-Twelve-Steps\">Ke Ala o ka Wahine ma o n\u0101 \u02bbAnu\u02bbu \u02bbUmik\u016bm\u0101lua<\/a> (<a href=\"https:\/\/www.hazelden.org\/store\/item\/3875?A-Womans-Way-through-the-Twelve-Steps-Workbook\">Puke Hana<\/a>)<\/li>\n\n\n\n<li><a href=\"https:\/\/www.penguinrandomhouse.com\/books\/625189\/trauma-and-the-12-steps-revised-and-expanded-by-jamie-marich\/\">\u02bbO ka Trauma a me n\u0101 \u02bbanu\u02bbu he \u02bbumikumam\u0101lua<\/a><\/li>\n<\/ul>\n\n\n\n<p>He mau alaka\u02bbi wale n\u014d k\u0113ia o n\u0101 \u02bbanu\u02bbu he nui e loa\u02bba ana no ka hana \u02bbana ma o n\u0101 \u02bbanu\u02bbu, a ke paipai nei m\u0101kou i\u0101 \u02bboe e ho\u02bbohana i n\u0101 kumuwaiwai k\u016bpono loa a k\u014dkua nui i k\u0101u huaka\u02bbi ho\u02bb\u014dla pono\u02bb\u012b.<\/p>\n\n\n\n<p><\/p>\n<!-- PMB print buttons is only displayed on a single post\/page URLs-->","protected":false},"excerpt":{"rendered":"<p>Ua mana\u02bbo \u02bbia n\u0101 \u02bbAnu\u02bbu He \u02bbUmik\u016bm\u0101lua \u02bbo ia ke kumu nui o k\u0101 m\u0101kou papahana ho\u02bb\u014dla a me ko m\u0101kou ala i ke k\u016b\u02bboko\u02bba l\u014d\u02bbihi mai ko m\u0101kou mau koi. Ak\u0101 he aha ke \u02bbano o ka &quot;hana i n\u0101 \u02bbAnu\u02bbu&quot;? Pehea m\u0101kou e ne\u02bbe ai ma waena o n\u0101 \u02bbAnu\u02bbu a ho\u02bboma\u02bbama\u02bba i\u0101 l\u0101kou i ko m\u0101kou ola? Nui n\u0101 ala e hana ai i n\u0101 \u02bbAnu\u02bbu e like me ka mea i loa\u02bba ... <a href=\"https:\/\/internetaddictsanonymous.org\/haw\/resources\/how-to-work-the-steps\/\" class=\"more-link\">E ho\u02bbomau i ka heluhelu \u02bbana <span class=\"screen-reader-text\">Pehea e hana ai i n\u0101 \u02bbanu\u02bbu<\/span><\/a><\/p>","protected":false},"author":35194237,"featured_media":0,"parent":42,"menu_order":0,"comment_status":"closed","ping_status":"closed","template":"full-width-page.php","meta":{"inline_featured_image":false,"_lmt_disableupdate":"","_lmt_disable":"","footnotes":""},"tags":[],"class_list":["post-128","page","type-page","status-publish","hentry"],"yoast_head":"<!-- This site is optimized with the Yoast SEO plugin v27.5 - https:\/\/yoast.com\/product\/yoast-seo-wordpress\/ -->\n<title>How to Work the Steps &#8211; Internet and Technology Addicts Anonymous<\/title>\n<meta name=\"robots\" content=\"index, follow, max-snippet:-1, max-image-preview:large, max-video-preview:-1\" \/>\n<link rel=\"canonical\" href=\"https:\/\/internetaddictsanonymous.org\/haw\/na-kumuwaiwai\/pehea-e-hana-ai-i-na-\u02bbanu\u02bbu\/\" \/>\n<meta property=\"og:locale\" content=\"en_US\" \/>\n<meta property=\"og:type\" content=\"article\" \/>\n<meta property=\"og:title\" content=\"How to Work the Steps &#8211; Internet and Technology Addicts Anonymous\" \/>\n<meta property=\"og:description\" content=\"The Twelve Steps are considered the vital core of our recovery program and our path towards long-term freedom from our compulsions. But what does it mean to \u201cwork the Steps\u201d? How do we actually move through the Steps and practice them in our lives? There are as many ways to work the Steps as there &hellip; Continue reading How to Work the Steps\" \/>\n<meta property=\"og:url\" content=\"https:\/\/internetaddictsanonymous.org\/haw\/na-kumuwaiwai\/pehea-e-hana-ai-i-na-\u02bbanu\u02bbu\/\" \/>\n<meta property=\"og:site_name\" content=\"Internet and Technology Addicts Anonymous\" \/>\n<meta property=\"article:modified_time\" content=\"2025-08-04T00:43:55+00:00\" \/>\n<meta name=\"twitter:card\" content=\"summary_large_image\" \/>\n<meta name=\"twitter:label1\" content=\"Est. reading time\" \/>\n\t<meta name=\"twitter:data1\" content=\"2 minutes\" \/>\n<script type=\"application\/ld+json\" class=\"yoast-schema-graph\">{\"@context\":\"https:\\\/\\\/schema.org\",\"@graph\":[{\"@type\":\"WebPage\",\"@id\":\"https:\\\/\\\/internetaddictsanonymous.org\\\/resources\\\/how-to-work-the-steps\\\/\",\"url\":\"https:\\\/\\\/internetaddictsanonymous.org\\\/resources\\\/how-to-work-the-steps\\\/\",\"name\":\"How to Work the Steps &#8211; Internet and Technology Addicts Anonymous\",\"isPartOf\":{\"@id\":\"https:\\\/\\\/internetaddictsanonymous.org\\\/#website\"},\"datePublished\":\"2018-12-08T16:44:58+00:00\",\"dateModified\":\"2025-08-04T00:43:55+00:00\",\"breadcrumb\":{\"@id\":\"https:\\\/\\\/internetaddictsanonymous.org\\\/resources\\\/how-to-work-the-steps\\\/#breadcrumb\"},\"inLanguage\":\"haw-US\",\"potentialAction\":[{\"@type\":\"ReadAction\",\"target\":[\"https:\\\/\\\/internetaddictsanonymous.org\\\/resources\\\/how-to-work-the-steps\\\/\"]}]},{\"@type\":\"BreadcrumbList\",\"@id\":\"https:\\\/\\\/internetaddictsanonymous.org\\\/resources\\\/how-to-work-the-steps\\\/#breadcrumb\",\"itemListElement\":[{\"@type\":\"ListItem\",\"position\":1,\"name\":\"Home\",\"item\":\"https:\\\/\\\/internetaddictsanonymous.org\\\/\"},{\"@type\":\"ListItem\",\"position\":2,\"name\":\"Resources\",\"item\":\"https:\\\/\\\/internetaddictsanonymous.org\\\/resources\\\/\"},{\"@type\":\"ListItem\",\"position\":3,\"name\":\"How to Work the Steps\"}]},{\"@type\":\"WebSite\",\"@id\":\"https:\\\/\\\/internetaddictsanonymous.org\\\/#website\",\"url\":\"https:\\\/\\\/internetaddictsanonymous.org\\\/\",\"name\":\"Internet and Technology Addicts Anonymous\",\"description\":\"Worldwide 12-step Fellowship for Internet and Technology Addiction\",\"publisher\":{\"@id\":\"https:\\\/\\\/internetaddictsanonymous.org\\\/#organization\"},\"potentialAction\":[{\"@type\":\"SearchAction\",\"target\":{\"@type\":\"EntryPoint\",\"urlTemplate\":\"https:\\\/\\\/internetaddictsanonymous.org\\\/?s={search_term_string}\"},\"query-input\":{\"@type\":\"PropertyValueSpecification\",\"valueRequired\":true,\"valueName\":\"search_term_string\"}}],\"inLanguage\":\"haw-US\"},{\"@type\":\"Organization\",\"@id\":\"https:\\\/\\\/internetaddictsanonymous.org\\\/#organization\",\"name\":\"Internet and Technology Addicts Anonymous\",\"url\":\"https:\\\/\\\/internetaddictsanonymous.org\\\/\",\"logo\":{\"@type\":\"ImageObject\",\"inLanguage\":\"haw-US\",\"@id\":\"https:\\\/\\\/internetaddictsanonymous.org\\\/#\\\/schema\\\/logo\\\/image\\\/\",\"url\":\"https:\\\/\\\/internetaddictsanonymous.org\\\/wp-content\\\/uploads\\\/2023\\\/01\\\/cropped-ITAA-logo-480px.png\",\"contentUrl\":\"https:\\\/\\\/internetaddictsanonymous.org\\\/wp-content\\\/uploads\\\/2023\\\/01\\\/cropped-ITAA-logo-480px.png\",\"width\":480,\"height\":480,\"caption\":\"Internet and Technology Addicts Anonymous\"},\"image\":{\"@id\":\"https:\\\/\\\/internetaddictsanonymous.org\\\/#\\\/schema\\\/logo\\\/image\\\/\"}}]}<\/script>\n<!-- \/ Yoast SEO plugin. -->","yoast_head_json":{"title":"Pehea e hana ai i n\u0101 \u02bbanu\u02bbu - P\u016bnaewele a me n\u0101 mea ho\u02bbon\u0101ukiuki \u02bbenehana Anonymous","robots":{"index":"index","follow":"follow","max-snippet":"max-snippet:-1","max-image-preview":"max-image-preview:large","max-video-preview":"max-video-preview:-1"},"canonical":"https:\/\/internetaddictsanonymous.org\/haw\/na-kumuwaiwai\/pehea-e-hana-ai-i-na-\u02bbanu\u02bbu\/","og_locale":"en_US","og_type":"article","og_title":"How to Work the Steps &#8211; Internet and Technology Addicts Anonymous","og_description":"The Twelve Steps are considered the vital core of our recovery program and our path towards long-term freedom from our compulsions. But what does it mean to \u201cwork the Steps\u201d? How do we actually move through the Steps and practice them in our lives? There are as many ways to work the Steps as there &hellip; Continue reading How to Work the Steps","og_url":"https:\/\/internetaddictsanonymous.org\/haw\/na-kumuwaiwai\/pehea-e-hana-ai-i-na-\u02bbanu\u02bbu\/","og_site_name":"Internet and Technology Addicts Anonymous","article_modified_time":"2025-08-04T00:43:55+00:00","twitter_card":"summary_large_image","twitter_misc":{"Est. reading time":"2 minutes"},"schema":{"@context":"https:\/\/schema.org","@graph":[{"@type":"WebPage","@id":"https:\/\/internetaddictsanonymous.org\/resources\/how-to-work-the-steps\/","url":"https:\/\/internetaddictsanonymous.org\/resources\/how-to-work-the-steps\/","name":"Pehea e hana ai i n\u0101 \u02bbanu\u02bbu - P\u016bnaewele a me n\u0101 mea ho\u02bbon\u0101ukiuki \u02bbenehana Anonymous","isPartOf":{"@id":"https:\/\/internetaddictsanonymous.org\/#website"},"datePublished":"2018-12-08T16:44:58+00:00","dateModified":"2025-08-04T00:43:55+00:00","breadcrumb":{"@id":"https:\/\/internetaddictsanonymous.org\/resources\/how-to-work-the-steps\/#breadcrumb"},"inLanguage":"haw-US","potentialAction":[{"@type":"ReadAction","target":["https:\/\/internetaddictsanonymous.org\/resources\/how-to-work-the-steps\/"]}]},{"@type":"BreadcrumbList","@id":"https:\/\/internetaddictsanonymous.org\/resources\/how-to-work-the-steps\/#breadcrumb","itemListElement":[{"@type":"ListItem","position":1,"name":"Home","item":"https:\/\/internetaddictsanonymous.org\/"},{"@type":"ListItem","position":2,"name":"Resources","item":"https:\/\/internetaddictsanonymous.org\/resources\/"},{"@type":"ListItem","position":3,"name":"How to Work the Steps"}]},{"@type":"WebSite","@id":"https:\/\/internetaddictsanonymous.org\/#website","url":"https:\/\/internetaddictsanonymous.org\/","name":"N\u0101 mea ho\u02bbopilikia p\u016bnaewele a me ka \u02bbenehana Anonymous","description":"\u02bbO ka Fellowship honua 12-step no ka ho\u02bbohui \u02bbana i ka P\u016bnaewele a me ka \u02bbenehana","publisher":{"@id":"https:\/\/internetaddictsanonymous.org\/#organization"},"potentialAction":[{"@type":"SearchAction","target":{"@type":"EntryPoint","urlTemplate":"https:\/\/internetaddictsanonymous.org\/?s={search_term_string}"},"query-input":{"@type":"PropertyValueSpecification","valueRequired":true,"valueName":"search_term_string"}}],"inLanguage":"haw-US"},{"@type":"Organization","@id":"https:\/\/internetaddictsanonymous.org\/#organization","name":"N\u0101 mea ho\u02bbopilikia p\u016bnaewele a me ka \u02bbenehana Anonymous","url":"https:\/\/internetaddictsanonymous.org\/","logo":{"@type":"ImageObject","inLanguage":"haw-US","@id":"https:\/\/internetaddictsanonymous.org\/#\/schema\/logo\/image\/","url":"https:\/\/internetaddictsanonymous.org\/wp-content\/uploads\/2023\/01\/cropped-ITAA-logo-480px.png","contentUrl":"https:\/\/internetaddictsanonymous.org\/wp-content\/uploads\/2023\/01\/cropped-ITAA-logo-480px.png","width":480,"height":480,"caption":"Internet and Technology Addicts Anonymous"},"image":{"@id":"https:\/\/internetaddictsanonymous.org\/#\/schema\/logo\/image\/"}}]}},"jetpack_sharing_enabled":true,"jetpack_shortlink":"https:\/\/wp.me\/P9Fwob-24","_links":{"self":[{"href":"https:\/\/internetaddictsanonymous.org\/haw\/wp-json\/wp\/v2\/pages\/128","targetHints":{"allow":["GET"]}}],"collection":[{"href":"https:\/\/internetaddictsanonymous.org\/haw\/wp-json\/wp\/v2\/pages"}],"about":[{"href":"https:\/\/internetaddictsanonymous.org\/haw\/wp-json\/wp\/v2\/types\/page"}],"author":[{"embeddable":true,"href":"https:\/\/internetaddictsanonymous.org\/haw\/wp-json\/wp\/v2\/users\/35194237"}],"replies":[{"embeddable":true,"href":"https:\/\/internetaddictsanonymous.org\/haw\/wp-json\/wp\/v2\/comments?post=128"}],"version-history":[{"count":31,"href":"https:\/\/internetaddictsanonymous.org\/haw\/wp-json\/wp\/v2\/pages\/128\/revisions"}],"predecessor-version":[{"id":20262,"href":"https:\/\/internetaddictsanonymous.org\/haw\/wp-json\/wp\/v2\/pages\/128\/revisions\/20262"}],"up":[{"embeddable":true,"href":"https:\/\/internetaddictsanonymous.org\/haw\/wp-json\/wp\/v2\/pages\/42"}],"wp:attachment":[{"href":"https:\/\/internetaddictsanonymous.org\/haw\/wp-json\/wp\/v2\/media?parent=128"}],"wp:term":[{"taxonomy":"post_tag","embeddable":true,"href":"https:\/\/internetaddictsanonymous.org\/haw\/wp-json\/wp\/v2\/tags?post=128"}],"curies":[{"name":"wp","href":"https:\/\/api.w.org\/{rel}","templated":true}]}}