{"id":12820,"date":"2021-04-11T20:09:37","date_gmt":"2021-04-11T20:09:37","guid":{"rendered":"https:\/\/internetaddictsanonymous.org\/?page_id=12820"},"modified":"2023-01-23T17:01:51","modified_gmt":"2023-01-23T22:01:51","slug":"na-lumi-zoom-itaa","status":"publish","type":"page","link":"https:\/\/internetaddictsanonymous.org\/haw\/itaa-zoom-rooms\/","title":{"rendered":"N\u0101 lumi Zoom ITAA"},"content":{"rendered":"<p>\u02bbEkolu mau lumi zoom ko ITAA e hiki ke ho\u02bbohana \u02bbia e kekahi l\u0101l\u0101 o ITAA. Ua wehe \u02bbia n\u0101 lumi i n\u0101 l\u0101l\u0101 24\/7. No ka ho\u02bbonohonoho \u02bbana i ka manawa ma kekahi o n\u0101 lumi zoom, e \u02bbolu\u02bbolu e ho\u02bbouna i kahi leka i n\u0101 luna p\u016bnaewele ma o ka <a href=\"https:\/\/internetaddictsanonymous.org\/haw\/ho%ca%bboka%ca%bba%ca%bbike\/\">\u02bbao\u02bbao ho\u02bboka\u02bba\u02bbike<\/a> a e ho\u02bbohui l\u0101kou i\u0101 ia i ka kalena.<\/p>\n\n\n\n<p><strong>Lumi Zoom #1 (Lumi m\u0101lie)<\/strong><br>Loulou h\u0101l\u0101wai (Lumi m\u0101lie): &nbsp;<a href=\"https:\/\/us02web.zoom.us\/j\/87953109178?pwd=aytpU2VTTTRSdHFFU09yQjZEYkpKUT09\" target=\"_blank\" rel=\"noreferrer noopener\">https:\/\/us02web.zoom.us\/j\/87953109178?pwd=aytpU2VTTTRSdHFFU09yQjZEYkpKUT09<\/a><br>Helu H\u0101l\u0101wai: 879 5310 9178<br>\u02bb\u014clelo huna kelepona: 981762<br><a href=\"https:\/\/docs.google.com\/spreadsheets\/d\/12glxpHLemFeRH_qHh_8GzBcHtzv2Jk69kQO_Po94agE\/edit?usp=sharing\" target=\"_blank\" rel=\"noreferrer noopener\">N\u0101 helu kelepona honua<\/a><\/p>\n\n\n\n<p><strong>Lumi Zoom #2 (Lumi Ho\u02bb\u014dla)<\/strong><br>Loulou h\u0101l\u0101wai (Lumi ho\u02bb\u014dla): &nbsp;<a href=\"https:\/\/us02web.zoom.us\/j\/83888085351?pwd=NTdmdGhFSnpxRWVIMHpoMlhuQTAwZz09\" target=\"_blank\" rel=\"noreferrer noopener\">https:\/\/us02web.zoom.us\/j\/83888085351?pwd=NTdmdGhFSnpxRWVIMHpoMlhuQTAwZz09<br><\/a>Helu H\u0101l\u0101wai: 838 8808 5351<br>\u02bb\u014clelo huna kelepona: 945347<br><a href=\"https:\/\/docs.google.com\/document\/d\/1qJl7sVrT4oiyZ3FX37T_HT-66JNzjafdizAVqT7rxao\/edit?usp=sharing\" target=\"_blank\" rel=\"noreferrer noopener\">N\u0101 helu kelepona honua<\/a><\/p>\n\n\n\n<p><strong>Lumi Zoom #3 (Lumi lawelawe)<\/strong><br>Loulou h\u0101l\u0101wai (Lumi lawelawe):\u00a0<a href=\"https:\/\/us02web.zoom.us\/j\/89401368132?pwd=a3dleWJXNEJmMGh2QzVyTHdaMUxoZz09\" target=\"_blank\" rel=\"noreferrer noopener\">https:\/\/us02web.zoom.us\/j\/89401368132?pwd=a3dleWJXNEJmMGh2QzVyTHdaMUxoZz09<\/a><br>Helu H\u0101l\u0101wai: 894 0136 8132<br>\u02bb\u014clelo huna: 12<br><a href=\"https:\/\/docs.google.com\/document\/d\/1cFqrdZ7hWN4jQ5zDrP5bnoZ9Q8Q30Nj8QQtVkINthoU\/edit?usp=sharing\" target=\"_blank\" rel=\"noreferrer noopener\">N\u0101 helu kelepona honua<\/a><\/p>\n<!-- PMB print buttons is only displayed on a single post\/page URLs-->","protected":false},"excerpt":{"rendered":"<p>\u02bbEkolu mau lumi zoom ko ITAA e hiki ke ho\u02bbohana \u02bbia e kekahi l\u0101l\u0101 o ITAA. Ua wehe \u02bbia n\u0101 lumi i n\u0101 l\u0101l\u0101 24\/7. No ka ho\u02bbonohonoho \u02bbana i ka manawa ma kekahi o n\u0101 lumi zoom, e \u02bbolu\u02bbolu e ho\u02bbouna i kahi leka i n\u0101 luna p\u016bnaewele ma o ka \u02bbao\u02bbao ho\u02bboka\u02bba\u02bbike a na l\u0101kou e ho\u02bbohui i\u0101 ia i ka kalena. Lumi Zoom #1 (Lumi maluhia) Loulou h\u0101l\u0101wai \u2026 <a href=\"https:\/\/internetaddictsanonymous.org\/haw\/itaa-zoom-rooms\/\" class=\"more-link\">E ho\u02bbomau i ka heluhelu \u02bbana <span class=\"screen-reader-text\">N\u0101 lumi Zoom ITAA<\/span><\/a><\/p>","protected":false},"author":35194237,"featured_media":0,"parent":0,"menu_order":0,"comment_status":"closed","ping_status":"closed","template":"full-width-page.php","meta":{"inline_featured_image":false,"_lmt_disableupdate":"no","_lmt_disable":"","jetpack_post_was_ever_published":false,"footnotes":""},"tags":[],"class_list":["post-12820","page","type-page","status-publish","hentry"],"yoast_head":"<!-- This site is optimized with the Yoast SEO plugin v27.3 - https:\/\/yoast.com\/product\/yoast-seo-wordpress\/ -->\n<title>ITAA Zoom rooms &#8211; Internet and Technology Addicts Anonymous<\/title>\n<meta name=\"robots\" content=\"index, follow, max-snippet:-1, max-image-preview:large, max-video-preview:-1\" \/>\n<link rel=\"canonical\" href=\"https:\/\/internetaddictsanonymous.org\/haw\/na-lumi-zoom-itaa\/\" \/>\n<meta property=\"og:locale\" content=\"en_US\" \/>\n<meta property=\"og:type\" content=\"article\" \/>\n<meta property=\"og:title\" content=\"ITAA Zoom rooms &#8211; Internet and Technology Addicts Anonymous\" \/>\n<meta property=\"og:description\" content=\"ITAA has three zoom rooms which may be used by any member of ITAA. The rooms are open to members 24\/7. To schedule time on either of the zoom rooms, please send a message to the webmasters through the contact page and they will add it to the calendar. Zoom room #1 (Serenity room)Meeting link &hellip; Continue reading ITAA Zoom rooms\" \/>\n<meta property=\"og:url\" content=\"https:\/\/internetaddictsanonymous.org\/haw\/na-lumi-zoom-itaa\/\" \/>\n<meta property=\"og:site_name\" content=\"Internet and Technology Addicts Anonymous\" \/>\n<meta property=\"article:modified_time\" content=\"2023-01-23T22:01:51+00:00\" \/>\n<meta name=\"twitter:card\" content=\"summary_large_image\" \/>\n<meta name=\"twitter:label1\" content=\"Est. reading time\" \/>\n\t<meta name=\"twitter:data1\" content=\"1 minute\" \/>\n<script type=\"application\/ld+json\" class=\"yoast-schema-graph\">{\"@context\":\"https:\\\/\\\/schema.org\",\"@graph\":[{\"@type\":\"WebPage\",\"@id\":\"https:\\\/\\\/internetaddictsanonymous.org\\\/itaa-zoom-rooms\\\/\",\"url\":\"https:\\\/\\\/internetaddictsanonymous.org\\\/itaa-zoom-rooms\\\/\",\"name\":\"ITAA Zoom rooms &#8211; Internet and Technology Addicts Anonymous\",\"isPartOf\":{\"@id\":\"https:\\\/\\\/internetaddictsanonymous.org\\\/#website\"},\"datePublished\":\"2021-04-11T20:09:37+00:00\",\"dateModified\":\"2023-01-23T22:01:51+00:00\",\"breadcrumb\":{\"@id\":\"https:\\\/\\\/internetaddictsanonymous.org\\\/itaa-zoom-rooms\\\/#breadcrumb\"},\"inLanguage\":\"haw-US\",\"potentialAction\":[{\"@type\":\"ReadAction\",\"target\":[\"https:\\\/\\\/internetaddictsanonymous.org\\\/itaa-zoom-rooms\\\/\"]}]},{\"@type\":\"BreadcrumbList\",\"@id\":\"https:\\\/\\\/internetaddictsanonymous.org\\\/itaa-zoom-rooms\\\/#breadcrumb\",\"itemListElement\":[{\"@type\":\"ListItem\",\"position\":1,\"name\":\"Home\",\"item\":\"https:\\\/\\\/internetaddictsanonymous.org\\\/\"},{\"@type\":\"ListItem\",\"position\":2,\"name\":\"ITAA Zoom rooms\"}]},{\"@type\":\"WebSite\",\"@id\":\"https:\\\/\\\/internetaddictsanonymous.org\\\/#website\",\"url\":\"https:\\\/\\\/internetaddictsanonymous.org\\\/\",\"name\":\"Internet and Technology Addicts Anonymous\",\"description\":\"Worldwide 12-step Fellowship for Internet and Technology Addiction\",\"publisher\":{\"@id\":\"https:\\\/\\\/internetaddictsanonymous.org\\\/#organization\"},\"potentialAction\":[{\"@type\":\"SearchAction\",\"target\":{\"@type\":\"EntryPoint\",\"urlTemplate\":\"https:\\\/\\\/internetaddictsanonymous.org\\\/?s={search_term_string}\"},\"query-input\":{\"@type\":\"PropertyValueSpecification\",\"valueRequired\":true,\"valueName\":\"search_term_string\"}}],\"inLanguage\":\"haw-US\"},{\"@type\":\"Organization\",\"@id\":\"https:\\\/\\\/internetaddictsanonymous.org\\\/#organization\",\"name\":\"Internet and Technology Addicts Anonymous\",\"url\":\"https:\\\/\\\/internetaddictsanonymous.org\\\/\",\"logo\":{\"@type\":\"ImageObject\",\"inLanguage\":\"haw-US\",\"@id\":\"https:\\\/\\\/internetaddictsanonymous.org\\\/#\\\/schema\\\/logo\\\/image\\\/\",\"url\":\"https:\\\/\\\/internetaddictsanonymous.org\\\/wp-content\\\/uploads\\\/2023\\\/01\\\/cropped-ITAA-logo-480px.png\",\"contentUrl\":\"https:\\\/\\\/internetaddictsanonymous.org\\\/wp-content\\\/uploads\\\/2023\\\/01\\\/cropped-ITAA-logo-480px.png\",\"width\":480,\"height\":480,\"caption\":\"Internet and Technology Addicts Anonymous\"},\"image\":{\"@id\":\"https:\\\/\\\/internetaddictsanonymous.org\\\/#\\\/schema\\\/logo\\\/image\\\/\"}}]}<\/script>\n<!-- \/ Yoast SEO plugin. -->","yoast_head_json":{"title":"N\u0101 lumi Zoom ITAA - P\u016bnaewele a me n\u0101 mea ho\u02bbon\u0101ukiuki \u02bbenehana Anonymous","robots":{"index":"index","follow":"follow","max-snippet":"max-snippet:-1","max-image-preview":"max-image-preview:large","max-video-preview":"max-video-preview:-1"},"canonical":"https:\/\/internetaddictsanonymous.org\/haw\/na-lumi-zoom-itaa\/","og_locale":"en_US","og_type":"article","og_title":"ITAA Zoom rooms &#8211; Internet and Technology Addicts Anonymous","og_description":"ITAA has three zoom rooms which may be used by any member of ITAA. The rooms are open to members 24\/7. To schedule time on either of the zoom rooms, please send a message to the webmasters through the contact page and they will add it to the calendar. Zoom room #1 (Serenity room)Meeting link &hellip; Continue reading ITAA Zoom rooms","og_url":"https:\/\/internetaddictsanonymous.org\/haw\/na-lumi-zoom-itaa\/","og_site_name":"Internet and Technology Addicts Anonymous","article_modified_time":"2023-01-23T22:01:51+00:00","twitter_card":"summary_large_image","twitter_misc":{"Est. reading time":"1 minute"},"schema":{"@context":"https:\/\/schema.org","@graph":[{"@type":"WebPage","@id":"https:\/\/internetaddictsanonymous.org\/itaa-zoom-rooms\/","url":"https:\/\/internetaddictsanonymous.org\/itaa-zoom-rooms\/","name":"N\u0101 lumi Zoom ITAA - P\u016bnaewele a me n\u0101 mea ho\u02bbon\u0101ukiuki \u02bbenehana Anonymous","isPartOf":{"@id":"https:\/\/internetaddictsanonymous.org\/#website"},"datePublished":"2021-04-11T20:09:37+00:00","dateModified":"2023-01-23T22:01:51+00:00","breadcrumb":{"@id":"https:\/\/internetaddictsanonymous.org\/itaa-zoom-rooms\/#breadcrumb"},"inLanguage":"haw-US","potentialAction":[{"@type":"ReadAction","target":["https:\/\/internetaddictsanonymous.org\/itaa-zoom-rooms\/"]}]},{"@type":"BreadcrumbList","@id":"https:\/\/internetaddictsanonymous.org\/itaa-zoom-rooms\/#breadcrumb","itemListElement":[{"@type":"ListItem","position":1,"name":"Home","item":"https:\/\/internetaddictsanonymous.org\/"},{"@type":"ListItem","position":2,"name":"ITAA Zoom rooms"}]},{"@type":"WebSite","@id":"https:\/\/internetaddictsanonymous.org\/#website","url":"https:\/\/internetaddictsanonymous.org\/","name":"N\u0101 mea ho\u02bbopilikia p\u016bnaewele a me ka \u02bbenehana Anonymous","description":"\u02bbO ka Fellowship honua 12-step no ka ho\u02bbohui \u02bbana i ka P\u016bnaewele a me ka \u02bbenehana","publisher":{"@id":"https:\/\/internetaddictsanonymous.org\/#organization"},"potentialAction":[{"@type":"SearchAction","target":{"@type":"EntryPoint","urlTemplate":"https:\/\/internetaddictsanonymous.org\/?s={search_term_string}"},"query-input":{"@type":"PropertyValueSpecification","valueRequired":true,"valueName":"search_term_string"}}],"inLanguage":"haw-US"},{"@type":"Organization","@id":"https:\/\/internetaddictsanonymous.org\/#organization","name":"N\u0101 mea ho\u02bbopilikia p\u016bnaewele a me ka \u02bbenehana Anonymous","url":"https:\/\/internetaddictsanonymous.org\/","logo":{"@type":"ImageObject","inLanguage":"haw-US","@id":"https:\/\/internetaddictsanonymous.org\/#\/schema\/logo\/image\/","url":"https:\/\/internetaddictsanonymous.org\/wp-content\/uploads\/2023\/01\/cropped-ITAA-logo-480px.png","contentUrl":"https:\/\/internetaddictsanonymous.org\/wp-content\/uploads\/2023\/01\/cropped-ITAA-logo-480px.png","width":480,"height":480,"caption":"Internet and Technology Addicts Anonymous"},"image":{"@id":"https:\/\/internetaddictsanonymous.org\/#\/schema\/logo\/image\/"}}]}},"jetpack_sharing_enabled":true,"jetpack_shortlink":"https:\/\/wp.me\/P9Fwob-3kM","_links":{"self":[{"href":"https:\/\/internetaddictsanonymous.org\/haw\/wp-json\/wp\/v2\/pages\/12820","targetHints":{"allow":["GET"]}}],"collection":[{"href":"https:\/\/internetaddictsanonymous.org\/haw\/wp-json\/wp\/v2\/pages"}],"about":[{"href":"https:\/\/internetaddictsanonymous.org\/haw\/wp-json\/wp\/v2\/types\/page"}],"author":[{"embeddable":true,"href":"https:\/\/internetaddictsanonymous.org\/haw\/wp-json\/wp\/v2\/users\/35194237"}],"replies":[{"embeddable":true,"href":"https:\/\/internetaddictsanonymous.org\/haw\/wp-json\/wp\/v2\/comments?post=12820"}],"version-history":[{"count":25,"href":"https:\/\/internetaddictsanonymous.org\/haw\/wp-json\/wp\/v2\/pages\/12820\/revisions"}],"predecessor-version":[{"id":14906,"href":"https:\/\/internetaddictsanonymous.org\/haw\/wp-json\/wp\/v2\/pages\/12820\/revisions\/14906"}],"wp:attachment":[{"href":"https:\/\/internetaddictsanonymous.org\/haw\/wp-json\/wp\/v2\/media?parent=12820"}],"wp:term":[{"taxonomy":"post_tag","embeddable":true,"href":"https:\/\/internetaddictsanonymous.org\/haw\/wp-json\/wp\/v2\/tags?post=12820"}],"curies":[{"name":"wp","href":"https:\/\/api.w.org\/{rel}","templated":true}]}}