{"id":12898,"date":"2021-05-05T19:25:45","date_gmt":"2021-05-05T19:25:45","guid":{"rendered":"https:\/\/internetaddictsanonymous.org\/?page_id=12898"},"modified":"2024-04-08T01:08:56","modified_gmt":"2024-04-08T05:08:56","slug":"na-alaka%ca%bbi-palekana-no-na-mea-ho%ca%bbokipa-halawai-%ca%bbo-itaa","status":"publish","type":"page","link":"https:\/\/internetaddictsanonymous.org\/haw\/security-guidelines-for-itaa-meeting-hosts\/","title":{"rendered":"N\u0101 alaka\u02bbi palekana no n\u0101 mea ho\u02bbokipa h\u0101l\u0101wai ITAA"},"content":{"rendered":"<p>Hiki ke ho\u02bbopilikia \u02bbia n\u0101 h\u0101l\u0101wai ITAA e n\u0101 trolls ho\u02bbopilikia. Aia ma lalo iho kekahi mau mana\u02bbo e hiki ke k\u014dkua i\u0101 \u02bboe e m\u0101lama i k\u0101u h\u0101l\u0101wai Zoom me ka palekana. Paipai \u02bbia n\u0101 h\u0101l\u0101wai e ho\u02bbopa\u02bba i n\u0101 lunamana\u02bbo hui a k\u016bk\u0101k\u016bk\u0101 i n\u0101 ho\u02bbol\u0101l\u0101 no ke \u02bbano e pale aku ai a pane aku i ka ho\u02bbopilikia. <strong>Hiki ke loa\u02bba kahi h\u014d\u02bbike wiki\u014d o n\u0101 mana\u02bbo ma lalo nei <a href=\"https:\/\/www.loom.com\/share\/0962dd4d02924e9caa30ff0ee7ec326e?sid=cb36c3e4-46ac-45b0-8550-04b095fab1ef\" target=\"_blank\" rel=\"noreferrer noopener\">maanei<\/a>.<\/strong><\/p>\n\n\n\n<p><em>E \u02bbolu\u02bbolu e ho\u02bbomaopopo \u02bbia \u02bbo k\u0113ia mau hana palekana no ka po\u02bbe ho\u02bbopilikia wale n\u014d, \u02bba\u02bbole no ka p\u0101p\u0101 \u02bbana i n\u0101 mea komo maoli mai ka ka\u02bbana like \u02bbana, \u02bboiai in\u0101 paha e ho\u02bbon\u0101ukiuki ka mea a l\u0101kou e \u02bb\u014dlelo ai i n\u0101 po\u02bbe \u02bb\u0113 a\u02bbe. E like me k\u0101 m\u0101kou ku\u02bbuna \u02bbekolu e \u02bb\u014dlelo nei, \u02bbo ke koi wale n\u014d no ka l\u0101l\u0101 ITAA \u02bbo ia ka makemake e ho\u02bb\u014dki i ka ho\u02bbohana \u02bbana i ka p\u016bnaewele a me ka \u02bbenehana me ka ho\u02bboluhi \u02bbole \u02bbia.<\/em><\/p>\n\n\n\n<ul class=\"wp-block-list\">\n<li><strong><mark style=\"background-color:rgba(0, 0, 0, 0);color:#ff0000\" class=\"has-inline-color\">In\u0101 loa\u02bba ka ho\u02bbopilikia<\/mark><\/strong>, <em>e h\u014d\u02bboia ua koi \u02bboe i ke code kikowaena<\/em> a kaomi ma luna o ke pihi &quot;Palekana&quot; ma lalo o ka pale Zoom (ma ke \u02bbano o kahi pale) a kaomi i ke pihi \u02bbula\u02bbula &quot;Ho\u02bb\u014dki i n\u0101 Hana Komo&quot;. <strong>\u02bbO k\u0113ia ke ala wikiwiki loa e ho\u02bbopau ai i ka zoom bombing.<\/strong> Pono \u02bboe e kaomi i ka pihi \u02bbula\u02bbula \u02bbelua &quot;Ho\u02bb\u014dki&quot; i loko o kahi popup e h\u014d\u02bboia. E ho\u02bbopau k\u0113ia i ke wiki\u014d a me ke kani, ho\u02bbopau i ke kama\u02bbilio \u02bbana, pale i n\u0101 mea ho\u02bbohana mai ka ho\u02bbololi hou \u02bbana i ko l\u0101kou inoa, a laka i ka h\u0101l\u0101wai (kahi e pale ai i n\u0101 mea ho\u02bbohana hou mai ke komo \u02bbana). A laila hiki i\u0101 \u02bboe ke wehe i ka mea komo ho\u02bbopilikia. <strong>a h\u014d\u02bbike i\u0101 l\u0101kou i\u0101 Zoom<\/strong>.<\/li>\n<\/ul>\n\n\n\n<ul class=\"wp-block-list\">\n<li><strong><mark style=\"background-color:rgba(0, 0, 0, 0);color:#ff0000\" class=\"has-inline-color\">No ke koi \u02bbana i ke code host<\/mark><\/strong>, kaomi ma ka \u02bbao\u02bbao &quot;Participants&quot; ma lalo o ka pale Zoom e wehe i ka \u02bbao\u02bbao o ka mea komo. Ma ka \u02bbao\u02bbao \u02bb\u0101kau o lalo o ka \u02bbao\u02bbao he pihi e \u02bb\u014dlelo ana &quot;e koi i ka mea ho\u02bbokipa&quot;. Ma hope o ke kaomi \u02bbana ma k\u0113ia e koi \u02bbia \u02bboe e ho\u02bbokomo i ke code kikowaena. Ma ke \u02bbano laul\u0101, paipai m\u0101kou e h\u014d\u02bbea i kekahi mau minuke ma mua o ka h\u0101l\u0101wai a ho\u02bbokomo i ke code kikowaena i m\u0101kaukau \u02bboe. <\/li>\n<\/ul>\n\n\n\n<ul class=\"wp-block-list\">\n<li><strong><mark style=\"background-color:rgba(0, 0, 0, 0);color:#ff0000\" class=\"has-inline-color\">E ho\u02bbolilo i ho\u02bbokahi l\u0101l\u0101 hilina\u02bbi i hoa lawelawe Zoom<\/mark><\/strong>. Hiki i n\u0101 hoa ho\u02bbokipa ke komo i n\u0101 mana palekana Zoom \u0101pau. No ka ho\u02bbolilo \u02bbana i kekahi i hoa ho\u02bbokipa, kaomi ma luna o ka &quot;...&quot; ma ka \u02bbao\u02bbao \u02bb\u0101kau o k\u0101 l\u0101kou pahu wiki\u014d, a i \u02bbole ma ka \u02bbao\u02bbao o ko l\u0101kou inoa ma ka \u02bbao\u02bbao o ka po\u02bbe komo. E h\u014d\u02bboia i kou \u02bbike \u02bbana i ko l\u0101kou leo a i \u02bbole ua ho\u02bb\u0101 \u02bbia k\u0101 l\u0101kou wiki\u014d ma mua o ka ho\u02bbolilo \u02bbana i\u0101 l\u0101kou i hoa ho\u02bbokipa, no ka mea, i kekahi manawa ke ho\u02bboh\u0101like nei n\u0101 mea ho\u02bbouka kaua zoom i n\u0101 l\u0101l\u0101 \u02bb\u0113 a\u02bbe. Makemake paha k\u0101u h\u0101l\u0101wai e ho\u02bbokumu i kahi k\u016blana lawelawe loea ma\u02bbamau e k\u014dkua i ka ho\u02bbokele \u02bbana i n\u0101 ho\u02bbonohonoho palekana a wehe i n\u0101 l\u0101l\u0101 ho\u02bbopilikia.<\/li>\n<\/ul>\n\n\n\n<ul class=\"wp-block-list\">\n<li><strong>Lumi kali. <\/strong>Hiki i\u0101 \u02bboe ke ho\u02bb\u0101 i ka lumi kali ma ke kaomi \u02bbana i ke pihi &quot;Palekana&quot; ma lalo o ka pale zoom. Makemake paha \u02bboe e kali i ho\u02bbokahi minute a i \u02bbole ma mua o ka \u02bbae \u02bbana i n\u0101 inoa kama\u02bb\u0101ina \u02bbole i ka h\u0101l\u0101wai. Ho\u02bbokomo pinepine n\u0101 trolls i n\u0101 h\u0101l\u0101wai ma waena o ka h\u0101l\u0101wai a hana ma n\u0101 hui, no laila in\u0101 i waenakonu o ka h\u0101l\u0101wai \u02bbike \u02bboe i kahi hui o ka po\u02bbe e komo p\u016b ana i ka lumi kali i ka manawa ho\u02bbokahi, he h\u014d\u02bbailona k\u0113ia he trolls paha l\u0101kou (\u02bboi aku ho\u02bbi in\u0101 he mau inoa inoa \u02bb\u0113 ko l\u0101kou, e like me kahi mea kaulana kaulana). In\u0101 k\u0101nalua \u02bboe, makemake paha \u02bboe e \u02bbae i n\u0101 mea komo ak\u0101 e maka\u02bbala a m\u0101kaukau e hana wikiwiki in\u0101 loa\u02bba kekahi mea ho\u02bbopilikia.<\/li>\n<\/ul>\n\n\n\n<ul class=\"wp-block-list\">\n<li><strong>E ho\u02bbopau i ka hiki i n\u0101 mea komo ke ho\u02bboku\u02bbu i\u0101 l\u0101kou iho i ka leo \u02bbole<\/strong>. Hiki i\u0101 \u02bboe ke hana i k\u0113ia ma ke kaomi \u02bbana i ke pihi &quot;Palekana&quot;. Pono n\u0101 mea komo e h\u0101pai i ko l\u0101kou mau lima (a i \u02bbole e kaomi i ka *9 in\u0101 e kelepona ana), a laila hiki i ka mea ho\u02bbokipa ke ho\u02bbopau i\u0101 l\u0101kou. E pale aku k\u0113ia i n\u0101 trolls mai ka ho\u02bbopilikia \u02bbana i n\u0101 l\u0101l\u0101 i ka w\u0101 e ka\u02bbana like ana. A i \u02bbole, makemake paha \u02bboe e ho\u02bbopau i ka hiki o n\u0101 mea komo ke ho\u02bbopau i\u0101 l\u0101kou iho i ka w\u0101 e ka\u02bbana like ana kekahi, a laila e ho\u02bb\u0101la hou i ka hiki o n\u0101 mea komo ke ho\u02bbopau i\u0101 l\u0101kou iho i ka pau \u02bbana o ke ka\u02bbana like \u02bbana. E pale aku k\u0113ia i n\u0101 ho\u02bbopilikia \u02bboiai e \u02bbae ana i n\u0101 mea komo e ho\u02bbopau i\u0101 l\u0101kou iho (me ka \u02bbole o ka pono e h\u0101pai i ko l\u0101kou lima) ke mana\u02bbo l\u0101kou e ka\u02bbana like.<\/li>\n<\/ul>\n\n\n\n<ul class=\"wp-block-list\">\n<li><strong>E ho\u02bbopau i ka hiki i n\u0101 mea komo ke kapa hou i\u0101 l\u0101kou iho<\/strong>. Hiki i\u0101 \u02bboe ke hana i k\u0113ia ma ke kaomi \u02bbana i ke pihi &quot;Palekana&quot;. Pale k\u0113ia i n\u0101 trolls mai ka ho\u02bbololi \u02bbana i ko l\u0101kou inoa e ho\u02bboh\u0101like i n\u0101 l\u0101l\u0101 \u02bb\u0113 a\u02bbe i ka h\u0101l\u0101wai, a i \u02bbole e h\u016bn\u0101 i\u0101 l\u0101kou iho mai n\u0101 mea ho\u02bbokipa h\u0101l\u0101wai.<\/li>\n<\/ul>\n\n\n\n<ul class=\"wp-block-list\">\n<li><strong>Pono e ho\u02bb\u0101 \u02bbia ke wiki\u014d. <\/strong>Hiki i\u0101 \u02bboe ke noi i n\u0101 mea komo a pau e ho\u02bb\u0101 i k\u0101 l\u0101kou wiki\u014d i ka w\u0101 o ka h\u0101l\u0101wai, a i \u02bbole e ho\u02bb\u0101 i k\u0101 l\u0101kou wiki\u014d i ka w\u0101 e ho\u02bbolauna ai i\u0101 l\u0101kou iho. In\u0101 hui p\u016b n\u0101 l\u0101l\u0101 hou, hiki ke koi \u02bbia l\u0101kou e ho\u02bb\u0101 i k\u0101 l\u0101kou wiki\u014d a ho\u02bbolauna i\u0101 l\u0101kou iho. Ho\u02bbopale k\u0113ia i n\u0101 trolls e makemake ana e noho i loko o ka malu.<\/li>\n<\/ul>\n\n\n\n<ul class=\"wp-block-list\">\n<li><strong>E ho\u02bbopau i ka leka pilikino.<\/strong> Hiki i\u0101 \u02bboe ke ho\u02bbopau i k\u0113ia ma ka wehe \u02bbana i ka \u02bbao\u02bbao kama\u02bbilio, ke kaomi \u02bbana ma ka &quot;...&quot; ma ka \u02bbao\u02bbao \u02bb\u0101kau o lalo a koho i\u0101 &quot;Participants can chat with: Everyone publicly.&quot; Hiki i\u0101 \u02bboe ke ho\u02bbololi i k\u0113ia i &quot;Participants can chat with: Host only.&quot;\u201c<\/li>\n<\/ul>\n\n\n\n<ul class=\"wp-block-list\">\n<li>No ka palekana nui a\u02bbe o ka h\u0101l\u0101wai, hiki i\u0101 \u02bboe ke ho\u02bbohana i kahi lumi ho\u02bboka\u02bbawale no ka h\u0101l\u0101wai maoli, a laila e ho\u02bbohana i ka lumi nui e \u02bbae i n\u0101 po\u02bbe mai ka lumi kali p\u0101kahi i ka manawa a n\u0101n\u0101 i n\u0101 trolls hiki. He \u02bboi aku ka pa\u02bbakik\u012b o k\u0113ia, ak\u0101 palekana loa. Hiki ke loa\u02bba kahi alaka\u02bbi a me ke a\u02bbo wiki\u014d. <a href=\"https:\/\/docs.google.com\/document\/d\/1SJwND-Ugc_MGlyOKVr_wqd89esfXkgrbAyNejL6bQ5M\/edit?usp=sharing\">maanei<\/a>.<\/li>\n<\/ul>\n\n\n\n<ul class=\"wp-block-list\">\n<li>Hiki i\u0101 \u02bboe ke koi aku i n\u0101 k\u0101naka e ho\u02bbouna i kahi leka uila i ka leka uila ho\u02bbopili ma mua o ka manawa e noi ana i ka ID a me ka passcode e hui p\u016b ai.<\/li>\n<\/ul>\n<!-- PMB print buttons is only displayed on a single post\/page URLs-->","protected":false},"excerpt":{"rendered":"<p>Hiki ke ho\u02bbopilikia \u02bbia n\u0101 h\u0101l\u0101wai ITAA e n\u0101 trolls ho\u02bbopilikia. Aia ma lalo iho kekahi mau mana\u02bbo e hiki ke k\u014dkua i\u0101 \u02bboe e m\u0101lama i k\u0101u h\u0101l\u0101wai Zoom me ka palekana. Paipai \u02bbia n\u0101 h\u0101l\u0101wai e ho\u02bbopa\u02bba i n\u0101 lunamana\u02bbo hui a k\u016bk\u0101k\u016bk\u0101 i n\u0101 ho\u02bbol\u0101l\u0101 no ke \u02bbano e pale aku ai a pane aku i ka ho\u02bbopilikia. Hiki ke loa\u02bba kahi h\u014d\u02bbike wiki\u014d o n\u0101 mana\u02bbo ma lalo nei. E \u02bbolu\u02bbolu e ho\u02bbomaopopo\u2026 <a href=\"https:\/\/internetaddictsanonymous.org\/haw\/security-guidelines-for-itaa-meeting-hosts\/\" class=\"more-link\">E ho\u02bbomau i ka heluhelu \u02bbana <span class=\"screen-reader-text\">N\u0101 alaka\u02bbi palekana no n\u0101 mea ho\u02bbokipa h\u0101l\u0101wai ITAA<\/span><\/a><\/p>","protected":false},"author":35194237,"featured_media":0,"parent":0,"menu_order":0,"comment_status":"closed","ping_status":"closed","template":"full-width-page.php","meta":{"inline_featured_image":false,"_lmt_disableupdate":"","_lmt_disable":"","jetpack_post_was_ever_published":false,"footnotes":""},"tags":[],"class_list":["post-12898","page","type-page","status-publish","hentry"],"yoast_head":"<!-- This site is optimized with the Yoast SEO plugin v27.3 - https:\/\/yoast.com\/product\/yoast-seo-wordpress\/ -->\n<title>Security guidelines for ITAA meeting hosts &#8211; Internet and Technology Addicts Anonymous<\/title>\n<meta name=\"robots\" content=\"index, follow, max-snippet:-1, max-image-preview:large, max-video-preview:-1\" \/>\n<link rel=\"canonical\" href=\"https:\/\/internetaddictsanonymous.org\/haw\/na-alaka\u02bbi-palekana-no-na-mea-ho\u02bbokipa-halawai-\u02bbo-itaa\/\" \/>\n<meta property=\"og:locale\" content=\"en_US\" \/>\n<meta property=\"og:type\" content=\"article\" \/>\n<meta property=\"og:title\" content=\"Security guidelines for ITAA meeting hosts &#8211; Internet and Technology Addicts Anonymous\" \/>\n<meta property=\"og:description\" content=\"ITAA meetings may be targeted by disruptive trolls. Below are some suggestions that can help you keep your Zoom meeting safe and secure. Meetings are encouraged to hold group consciences and discuss plans for how to prevent and respond to disruption. A video demo of the suggestions below can be found here. Please note that &hellip; Continue reading Security guidelines for ITAA meeting hosts\" \/>\n<meta property=\"og:url\" content=\"https:\/\/internetaddictsanonymous.org\/haw\/na-alaka\u02bbi-palekana-no-na-mea-ho\u02bbokipa-halawai-\u02bbo-itaa\/\" \/>\n<meta property=\"og:site_name\" content=\"Internet and Technology Addicts Anonymous\" \/>\n<meta property=\"article:modified_time\" content=\"2024-04-08T05:08:56+00:00\" \/>\n<meta name=\"twitter:card\" content=\"summary_large_image\" \/>\n<meta name=\"twitter:label1\" content=\"Est. reading time\" \/>\n\t<meta name=\"twitter:data1\" content=\"4 minutes\" \/>\n<script type=\"application\/ld+json\" class=\"yoast-schema-graph\">{\"@context\":\"https:\\\/\\\/schema.org\",\"@graph\":[{\"@type\":\"WebPage\",\"@id\":\"https:\\\/\\\/internetaddictsanonymous.org\\\/security-guidelines-for-itaa-meeting-hosts\\\/\",\"url\":\"https:\\\/\\\/internetaddictsanonymous.org\\\/security-guidelines-for-itaa-meeting-hosts\\\/\",\"name\":\"Security guidelines for ITAA meeting hosts &#8211; Internet and Technology Addicts Anonymous\",\"isPartOf\":{\"@id\":\"https:\\\/\\\/internetaddictsanonymous.org\\\/#website\"},\"datePublished\":\"2021-05-05T19:25:45+00:00\",\"dateModified\":\"2024-04-08T05:08:56+00:00\",\"breadcrumb\":{\"@id\":\"https:\\\/\\\/internetaddictsanonymous.org\\\/security-guidelines-for-itaa-meeting-hosts\\\/#breadcrumb\"},\"inLanguage\":\"haw-US\",\"potentialAction\":[{\"@type\":\"ReadAction\",\"target\":[\"https:\\\/\\\/internetaddictsanonymous.org\\\/security-guidelines-for-itaa-meeting-hosts\\\/\"]}]},{\"@type\":\"BreadcrumbList\",\"@id\":\"https:\\\/\\\/internetaddictsanonymous.org\\\/security-guidelines-for-itaa-meeting-hosts\\\/#breadcrumb\",\"itemListElement\":[{\"@type\":\"ListItem\",\"position\":1,\"name\":\"Home\",\"item\":\"https:\\\/\\\/internetaddictsanonymous.org\\\/\"},{\"@type\":\"ListItem\",\"position\":2,\"name\":\"Security guidelines for ITAA meeting hosts\"}]},{\"@type\":\"WebSite\",\"@id\":\"https:\\\/\\\/internetaddictsanonymous.org\\\/#website\",\"url\":\"https:\\\/\\\/internetaddictsanonymous.org\\\/\",\"name\":\"Internet and Technology Addicts Anonymous\",\"description\":\"Worldwide 12-step Fellowship for Internet and Technology Addiction\",\"publisher\":{\"@id\":\"https:\\\/\\\/internetaddictsanonymous.org\\\/#organization\"},\"potentialAction\":[{\"@type\":\"SearchAction\",\"target\":{\"@type\":\"EntryPoint\",\"urlTemplate\":\"https:\\\/\\\/internetaddictsanonymous.org\\\/?s={search_term_string}\"},\"query-input\":{\"@type\":\"PropertyValueSpecification\",\"valueRequired\":true,\"valueName\":\"search_term_string\"}}],\"inLanguage\":\"haw-US\"},{\"@type\":\"Organization\",\"@id\":\"https:\\\/\\\/internetaddictsanonymous.org\\\/#organization\",\"name\":\"Internet and Technology Addicts Anonymous\",\"url\":\"https:\\\/\\\/internetaddictsanonymous.org\\\/\",\"logo\":{\"@type\":\"ImageObject\",\"inLanguage\":\"haw-US\",\"@id\":\"https:\\\/\\\/internetaddictsanonymous.org\\\/#\\\/schema\\\/logo\\\/image\\\/\",\"url\":\"https:\\\/\\\/internetaddictsanonymous.org\\\/wp-content\\\/uploads\\\/2023\\\/01\\\/cropped-ITAA-logo-480px.png\",\"contentUrl\":\"https:\\\/\\\/internetaddictsanonymous.org\\\/wp-content\\\/uploads\\\/2023\\\/01\\\/cropped-ITAA-logo-480px.png\",\"width\":480,\"height\":480,\"caption\":\"Internet and Technology Addicts Anonymous\"},\"image\":{\"@id\":\"https:\\\/\\\/internetaddictsanonymous.org\\\/#\\\/schema\\\/logo\\\/image\\\/\"}}]}<\/script>\n<!-- \/ Yoast SEO plugin. -->","yoast_head_json":{"title":"N\u0101 alaka\u02bbi palekana no n\u0101 mea ho\u02bbokipa h\u0101l\u0101wai ITAA - Internet and Technology Addicts Anonymous","robots":{"index":"index","follow":"follow","max-snippet":"max-snippet:-1","max-image-preview":"max-image-preview:large","max-video-preview":"max-video-preview:-1"},"canonical":"https:\/\/internetaddictsanonymous.org\/haw\/na-alaka\u02bbi-palekana-no-na-mea-ho\u02bbokipa-halawai-\u02bbo-itaa\/","og_locale":"en_US","og_type":"article","og_title":"Security guidelines for ITAA meeting hosts &#8211; Internet and Technology Addicts Anonymous","og_description":"ITAA meetings may be targeted by disruptive trolls. Below are some suggestions that can help you keep your Zoom meeting safe and secure. Meetings are encouraged to hold group consciences and discuss plans for how to prevent and respond to disruption. A video demo of the suggestions below can be found here. Please note that &hellip; Continue reading Security guidelines for ITAA meeting hosts","og_url":"https:\/\/internetaddictsanonymous.org\/haw\/na-alaka\u02bbi-palekana-no-na-mea-ho\u02bbokipa-halawai-\u02bbo-itaa\/","og_site_name":"Internet and Technology Addicts Anonymous","article_modified_time":"2024-04-08T05:08:56+00:00","twitter_card":"summary_large_image","twitter_misc":{"Est. reading time":"4 minutes"},"schema":{"@context":"https:\/\/schema.org","@graph":[{"@type":"WebPage","@id":"https:\/\/internetaddictsanonymous.org\/security-guidelines-for-itaa-meeting-hosts\/","url":"https:\/\/internetaddictsanonymous.org\/security-guidelines-for-itaa-meeting-hosts\/","name":"N\u0101 alaka\u02bbi palekana no n\u0101 mea ho\u02bbokipa h\u0101l\u0101wai ITAA - Internet and Technology Addicts Anonymous","isPartOf":{"@id":"https:\/\/internetaddictsanonymous.org\/#website"},"datePublished":"2021-05-05T19:25:45+00:00","dateModified":"2024-04-08T05:08:56+00:00","breadcrumb":{"@id":"https:\/\/internetaddictsanonymous.org\/security-guidelines-for-itaa-meeting-hosts\/#breadcrumb"},"inLanguage":"haw-US","potentialAction":[{"@type":"ReadAction","target":["https:\/\/internetaddictsanonymous.org\/security-guidelines-for-itaa-meeting-hosts\/"]}]},{"@type":"BreadcrumbList","@id":"https:\/\/internetaddictsanonymous.org\/security-guidelines-for-itaa-meeting-hosts\/#breadcrumb","itemListElement":[{"@type":"ListItem","position":1,"name":"Home","item":"https:\/\/internetaddictsanonymous.org\/"},{"@type":"ListItem","position":2,"name":"Security guidelines for ITAA meeting hosts"}]},{"@type":"WebSite","@id":"https:\/\/internetaddictsanonymous.org\/#website","url":"https:\/\/internetaddictsanonymous.org\/","name":"N\u0101 mea ho\u02bbopilikia p\u016bnaewele a me ka \u02bbenehana Anonymous","description":"\u02bbO ka Fellowship honua 12-step no ka ho\u02bbohui \u02bbana i ka P\u016bnaewele a me ka \u02bbenehana","publisher":{"@id":"https:\/\/internetaddictsanonymous.org\/#organization"},"potentialAction":[{"@type":"SearchAction","target":{"@type":"EntryPoint","urlTemplate":"https:\/\/internetaddictsanonymous.org\/?s={search_term_string}"},"query-input":{"@type":"PropertyValueSpecification","valueRequired":true,"valueName":"search_term_string"}}],"inLanguage":"haw-US"},{"@type":"Organization","@id":"https:\/\/internetaddictsanonymous.org\/#organization","name":"N\u0101 mea ho\u02bbopilikia p\u016bnaewele a me ka \u02bbenehana Anonymous","url":"https:\/\/internetaddictsanonymous.org\/","logo":{"@type":"ImageObject","inLanguage":"haw-US","@id":"https:\/\/internetaddictsanonymous.org\/#\/schema\/logo\/image\/","url":"https:\/\/internetaddictsanonymous.org\/wp-content\/uploads\/2023\/01\/cropped-ITAA-logo-480px.png","contentUrl":"https:\/\/internetaddictsanonymous.org\/wp-content\/uploads\/2023\/01\/cropped-ITAA-logo-480px.png","width":480,"height":480,"caption":"Internet and Technology Addicts Anonymous"},"image":{"@id":"https:\/\/internetaddictsanonymous.org\/#\/schema\/logo\/image\/"}}]}},"jetpack_sharing_enabled":true,"jetpack_shortlink":"https:\/\/wp.me\/P9Fwob-3m2","_links":{"self":[{"href":"https:\/\/internetaddictsanonymous.org\/haw\/wp-json\/wp\/v2\/pages\/12898","targetHints":{"allow":["GET"]}}],"collection":[{"href":"https:\/\/internetaddictsanonymous.org\/haw\/wp-json\/wp\/v2\/pages"}],"about":[{"href":"https:\/\/internetaddictsanonymous.org\/haw\/wp-json\/wp\/v2\/types\/page"}],"author":[{"embeddable":true,"href":"https:\/\/internetaddictsanonymous.org\/haw\/wp-json\/wp\/v2\/users\/35194237"}],"replies":[{"embeddable":true,"href":"https:\/\/internetaddictsanonymous.org\/haw\/wp-json\/wp\/v2\/comments?post=12898"}],"version-history":[{"count":30,"href":"https:\/\/internetaddictsanonymous.org\/haw\/wp-json\/wp\/v2\/pages\/12898\/revisions"}],"predecessor-version":[{"id":17841,"href":"https:\/\/internetaddictsanonymous.org\/haw\/wp-json\/wp\/v2\/pages\/12898\/revisions\/17841"}],"wp:attachment":[{"href":"https:\/\/internetaddictsanonymous.org\/haw\/wp-json\/wp\/v2\/media?parent=12898"}],"wp:term":[{"taxonomy":"post_tag","embeddable":true,"href":"https:\/\/internetaddictsanonymous.org\/haw\/wp-json\/wp\/v2\/tags?post=12898"}],"curies":[{"name":"wp","href":"https:\/\/api.w.org\/{rel}","templated":true}]}}