{"id":13592,"date":"2022-03-24T00:02:20","date_gmt":"2022-03-24T00:02:20","guid":{"rendered":"https:\/\/internetaddictsanonymous.org\/?page_id=13592"},"modified":"2025-01-21T13:31:26","modified_gmt":"2025-01-21T21:31:26","slug":"gsr","status":"publish","type":"page","link":"https:\/\/internetaddictsanonymous.org\/haw\/gsr\/","title":{"rendered":"He aha ke \u02bbano o kahi &#039;Lunamaka\u02bb\u0101inana Lawelawe Hui&#039; ma ITAA?"},"content":{"rendered":"<p>\u02bbO ka &#039;Lunamaka\u02bb\u0101inana Lawelawe Hui&#039; (GSR) he l\u0101l\u0101 o ITAA i koho \u02bbia e kahi hui ITAA k\u016bikaw\u0101 e pani i k\u0113l\u0101 hui ma n\u0101 H\u0101l\u0101wai Lawelawe Honua (ISM). Ua like ke \u02bbano lawelawe o ITAA me kahi pyramid i ho\u02bbohuli \u02bbia, me n\u0101 hui ma luna, a me ka ISM ma lalo. I n\u0101 hua\u02bb\u014dlelo \u02bb\u0113 a\u02bbe, lawelawe n\u0101 H\u0101l\u0101wai Lawelawe Honua i n\u0101 pono o n\u0101 hui. \u02bbO ke \u02bbano k\u0113ia, \u02bbo ka mea nui e no\u02bbono\u02bbo ai no k\u0101 m\u0101kou mau kino lawelawe i ka w\u0101 e hana ai i n\u0101 ho\u02bboholo pae launa, \u02bbo ia ka h\u014d\u02bbike maika\u02bbi \u02bbia \u02bbana o n\u0101 pono a me n\u0101 mana\u02bbo o n\u0101 hui ITAA \u0101pau. H\u014d\u02bboia n\u0101 GSR e lohe \u02bbia n\u0101 leo o k\u0101 m\u0101kou mau hui i ka w\u0101 e hana ai i n\u0101 ho\u02bboholo pae launa.<\/p>\n\n\n\n<p>\u02bbOiai he kuleana k\u016bikaw\u0101 ko n\u0101 GSR e h\u014d\u02bbike i n\u0101 mana\u02bbo o k\u0101 l\u0101kou mau hui, ua paipai ikaika \u02bbia n\u0101 l\u0101l\u0101 \u0101pau o ITAA e hele a koho balota ma ka ISM, no ka mea, k\u014dkua k\u0113ia i ka ho\u02bbomaika\u02bbi \u02bbana i ka \u02bboko\u02bba a me ka ikaika o n\u0101 ho\u02bboholo a k\u0101 m\u0101kou hui.&nbsp;<\/p>\n\n\n\n<p>He k\u016b\u02bboko\u02bba k\u0113l\u0101 me k\u0113ia hui, a hiki i\u0101 ia ke ho\u02bbonohonoho i k\u0101na mau koi pono\u02bb\u012b, ka l\u014d\u02bbihi o ka manawa, a me n\u0101 kuleana no k\u0101na mau GSR. Aia ma lalo iho kekahi mau mana\u02bbo e pili ana i ke \u02bbano o ka wehewehe \u02bbana o n\u0101 hui i ke kuleana lawelawe GSR no k\u0101 l\u0101kou h\u0101l\u0101wai.<\/p>\n\n\n\n<h3 class=\"wp-block-heading\"><strong>N\u0101 Koina i Mana\u02bbo \u02bbia<\/strong><\/h3>\n\n\n\n<p>Hiki i k\u0113l\u0101 me k\u0113ia hui ke ho\u02bboholo i n\u0101 koi no k\u0101na kuleana lawelawe GSR a ka lunamana\u02bbo o ka hui e mana\u02bbo ai he na\u02bbauao. \u02bbO kekahi mau koi ho\u02bboh\u0101like paha:<\/p>\n\n\n\n<ul class=\"wp-block-list\">\n<li>Ka makemake<\/li>\n\n\n\n<li>Ma hope o ka hele \u02bbana ma ka li\u02bbili\u02bbi he 10 mau h\u0101l\u0101wai ITAA<\/li>\n\n\n\n<li>Ma hope o 3 mau mahina ma ITAA<\/li>\n\n\n\n<li>Ke hele mau nei i n\u0101 h\u0101l\u0101wai k\u016bikaw\u0101 o ka hui \u0101u e pani ai<\/li>\n\n\n\n<li>\u02bbO ka hiki ke hele i ka Lunamana\u02bbo Hui o ka hui \u0101u e pani ai\u00a0<\/li>\n\n\n\n<li>Ke hele mau nei i n\u0101 h\u0101l\u0101wai ITAA<\/li>\n\n\n\n<li>Ke hana nei i n\u0101 \u02bbanu\u02bbu i k\u0113ia manawa<\/li>\n\n\n\n<li>Ka \u02bbike me n\u0101 ku\u02bbuna a me n\u0101 mana\u02bbo<\/li>\n\n\n\n<li>Loa\u02bba ka noho m\u0101lie e like me k\u0101u e wehewehe nei<\/li>\n\n\n\n<li>\u02bbO ka hiki ke hele i 1 o n\u0101 manawa h\u0101l\u0101wai wili \u02bbelua no n\u0101 H\u0101l\u0101wai ISM<\/li>\n\n\n\n<li>\u02bbA\u02bbole i GSR no kekahi hui \u02bb\u0113 a\u02bbe<\/li>\n\n\n\n<li>\u02bbA\u02bbohe koi<\/li>\n<\/ul>\n\n\n\n<h3 class=\"wp-block-heading\"><strong>Ka L\u014d\u02bbihi o ka Manawa i Mana\u02bbo \u02bbia<\/strong><\/h3>\n\n\n\n<p>Ua h\u0101\u02bbawi \u02bbia i k\u0113l\u0101 me k\u0113ia hui ka mana e ho\u02bbonohonoho i ka l\u014d\u02bbihi o ka manawa no k\u0113ia kuleana lawelawe. Ua mana\u02bbo ka hui honua i ka l\u014d\u02bbihi o ka manawa he 2 mau makahiki.<\/p>\n\n\n\n<h3 class=\"wp-block-heading\"><strong>N\u0101 Kuleana i Mana\u02bbo \u02bbia<\/strong><\/h3>\n\n\n\n<p>Ho\u02bbopili n\u0101 GSR i ka H\u0101l\u0101wai ISM me ka Hui a l\u0101kou e pani nei. Hiki i k\u0113l\u0101 me k\u0113ia hui ke ho\u02bboholo i n\u0101 kuleana o k\u0101 l\u0101kou GSR. No k\u0113ia hopena, hiki i n\u0101 GSR ke:<\/p>\n\n\n\n<ul class=\"wp-block-list\">\n<li>E komo i n\u0101 H\u0101l\u0101wai Hana o ka Honua ma o ke k\u016bk\u0101k\u016bk\u0101 \u02bbana a me ke koho balota \u02bbana<\/li>\n\n\n\n<li>E h\u014d\u02bbike i n\u0101 pono a me n\u0101 mana\u02bbo o k\u0101 l\u0101kou hui ma n\u0101 H\u0101l\u0101wai Hana Honua<\/li>\n\n\n\n<li>E ho\u02bbomaopopo i k\u0101 l\u0101kou hui i n\u0101 ho\u02bboholo a i \u02bbole \u02bbike pili<\/li>\n\n\n\n<li>E ho\u02bboma\u02bbama\u02bba i n\u0101 ku\u02bbuna 12 a ITAA ma o k\u0101 l\u0101kou lawelawe<\/li>\n\n\n\n<li>E like me ka mea e pono ai, e ho\u02bbonohonoho i n\u0101 lunamana\u02bbo o ka hui ma k\u0101 l\u0101kou mau hui home e pili ana i n\u0101 mea i ho\u02bbol\u0101l\u0101 \u02bbia e k\u016bk\u0101k\u016bk\u0101 \u02bbia ma n\u0101 H\u0101l\u0101wai ISM, a laila e ho\u02bbouna i n\u0101 hopena a me n\u0101 mana\u02bbo o ka lunamana\u02bbo o ka hui i ka ISM.<\/li>\n<\/ul>\n\n\n\n<p>Hiki i n\u0101 hui p\u0101kahi ke ho\u02bboholo i n\u0101 kuleana \u02bb\u0113 a\u02bbe a i \u02bbole n\u0101 kuleana hou a\u02bbe.<\/p>\n\n\n\n<h3 class=\"wp-block-heading\"><strong>Ka \u02bbike me n\u0101 Ku\u02bbuna He \u02bbumik\u016bm\u0101lua o ITAA<\/strong><\/h3>\n\n\n\n<p>\u02bbOiai \u02bbo k\u0101 m\u0101kou mau \u02bbanu\u02bbu he \u02bbumikumam\u0101lua e alaka\u02bbi i\u0101 m\u0101kou i ko m\u0101kou mau ala pono\u02bb\u012b i ka ho\u02bb\u014dla \u02bbana, k\u014dkua n\u0101 Ku\u02bbuna he \u02bbumikumam\u0101lua e m\u0101lama i k\u0101 m\u0101kou mau hui a me ko m\u0101kou hui \u0101kea ma ke kahua \u02bbuhane pa\u02bba i ko m\u0101kou lawelawe \u02bbana. Ma ke \u02bbano he mau kauw\u0101 hilina\u02bbi, pono n\u0101 GSR e loa\u02bba ka \u02bbike o n\u0101 ku\u02bbuna, a i \u02bbole ka makemake e a\u02bbo e pili ana i\u0101 l\u0101kou. He mea k\u014dkua nui ka heluhelu \u02bbana i kekahi mau palapala e pili ana i n\u0101 ku\u02bbuna. No k\u0113l\u0101 hopena, aia kekahi mau kumuwaiwai i mana\u02bbo \u02bbia ma ka hopena o k\u0113ia palapala.&nbsp;<\/p>\n\n\n\n<p>Hiki ke loa\u02bba n\u0101 wehewehe \u02bboko\u02bba o kekahi mau ku\u02bbuna, a \u02bbo ka hope loa, ho\u02bb\u0101\u02bbo m\u0101kou e ho\u02bbopili a m\u0101lama i\u0101 l\u0101kou i ka mea maika\u02bbi loa o ko m\u0101kou hiki a hilina\u02bbi ho\u02bbi e h\u014d\u02bbike \u02bbia ka makemake o ko m\u0101kou Mana Ki\u02bbeki\u02bbe ma o ka lunamana\u02bbo o ka hui. Ke maopopo \u02bbole pehea e wehewehe ai a ho\u02bbopili paha i kahi ku\u02bbuna, hiki i\u0101 m\u0101kou ke noi i k\u0101 m\u0101kou mau hoa hana no ke alaka\u02bbi.&nbsp;<\/p>\n\n\n\n<h3 class=\"wp-block-heading\"><strong>Ma ke koho \u02bbana i n\u0101 GSR he nui<\/strong><\/h3>\n\n\n\n<p>Loa\u02bba i ka ITAA ma kahi o 100 mau hui i k\u0113ia manawa (ma ka p\u016bnaewele a he alo a he alo), me n\u0101 l\u0101l\u0101 ma k\u0113l\u0101 me k\u0113ia \u02bb\u0101ina. \u02bbOiai he hui honua \u02bbo ITAA, m\u0101lama \u02bbia k\u0101 m\u0101kou mau H\u0101l\u0101wai Hana Honua ma kahi papa manawa ho\u02bbololi, i hiki ai i n\u0101 l\u0101l\u0101 ma n\u0101 wahi manawa like \u02bbole ke komo. \u02bbO ke k\u016bpono, ma k\u0113l\u0101 me k\u0113ia ISM e loa\u02bba i\u0101 m\u0101kou n\u0101 \u02bbelele mai n\u0101 hui ITAA he nui, in\u0101 \u02bba\u02bbole n\u0101 hui \u0101pau. No laila, hiki i n\u0101 hui ke ho\u02bboholo e koho i n\u0101 GSR he nui e noho ana ma n\u0101 wahi manawa like \u02bbole, i hiki i\u0101 l\u0101kou ke ho\u02bbouna i kahi \u02bbelele i n\u0101 ISM \u0101pau.&nbsp;<\/p>\n\n\n\n<p>Ma ka \u02bbao\u02bbao \u02bb\u0113 a\u02bbe, makemake paha n\u0101 hui e pale i ke koho \u02bbana i ho\u02bbokahi l\u0101l\u0101 ma ke \u02bbano he GSR o n\u0101 hui he nui i loa\u02bba i n\u0101 l\u0101l\u0101 he nui ka manawa k\u016bpono e hana i ka lawelawe a komo i loko o ko m\u0101kou mau lunamana\u02bbo hui \u0101kea.<\/p>\n\n\n\n<h3 class=\"wp-block-heading\"><strong>Ke koho balota \u02bbana ma n\u0101 h\u0101l\u0101wai lawelawe honua<\/strong><\/h3>\n\n\n\n<p>Ma ITAA, hiki i kekahi l\u0101l\u0101 ke hele a koho balota ma n\u0101 H\u0101l\u0101wai Hana o ka Honua. \u02bbA\u02bbole pono ke koho \u02bbia kekahi he GSR i mea e hele ai a koho balota.<\/p>\n\n\n\n<h3 class=\"wp-block-heading\"><strong>N\u0101 Kumuwaiwai i Mana\u02bbo \u02bbia no n\u0101 GSR<\/strong><\/h3>\n\n\n\n<p>\u02bbO ka ho\u02bboma\u02bbama\u02bba \u02bbana i n\u0101 Ku\u02bbuna 12 ke kikowaena o k\u0101 m\u0101kou lawelawe \u02bbana ma ke \u02bbano he GSR. Eia kekahi, \u02bbo n\u0101 Rula Kauoha a Robert kahi \u02bbano hana no ka lawe \u02bbana i ka mana\u02bbo o ka hui a me kahi ka\u02bbina hana no ka ne\u02bbe \u02bbana ma o ke k\u016bk\u0101k\u016bk\u0101 a me ke koho balota \u02bbana i ke \u02bbano e lohe \u02bbia ai ka leo o k\u0113l\u0101 me k\u0113ia. Ho\u02bbohana m\u0101kou i n\u0101 Rula a Robert e holo i n\u0101 H\u0101l\u0101wai Hana Honua. Paipai m\u0101kou i n\u0101 GSR e ho\u02bboma\u02bbama\u02bba i\u0101 l\u0101kou iho me n\u0101 kumuwaiwai a\u02bbe:<\/p>\n\n\n\n<ul class=\"wp-block-list\">\n<li><a href=\"https:\/\/internetaddictsanonymous.org\/haw\/12-mau-%ca%bbanu%ca%bbu-o-ka-itaa\/\">N\u0101 Ku\u02bbuna 12 o ITAA<\/a><\/li>\n\n\n\n<li><a href=\"https:\/\/drive.google.com\/file\/d\/13_d1quYWWJbjwdo9M9LPnczjkyfL1ypR\/view?usp=sharing\">Alaka\u02bbi ITAA i n\u0101 Rula Kauoha a Robert<\/a><\/li>\n<\/ul>\n\n\n\n<p>Ua loa\u02bba i ka hapa nui o m\u0101kou ke alaka\u02bbi waiwai nui i n\u0101 palapala o n\u0101 ha\u02bbawina 12 \u02bb\u0113 a\u02bbe, \u02bboiai in\u0101 \u02bba\u02bbole pili n\u0101 kiko\u02bb\u012b \u0101pau i ka ITAA:<\/p>\n\n\n\n<ul class=\"wp-block-list\">\n<li><a href=\"https:\/\/www.aa.org\/pages\/en_US\/twelve-steps-and-twelve-traditions\">AA 12 mau \u02bbanu\u02bbu &amp; 12 mau ku\u02bbuna<\/a><\/li>\n\n\n\n<li><a href=\"https:\/\/www.alcoholics-anonymous.org.uk\/download\/1\/Library\/Documents\/Literature%20Downloads\/3345%20Twelve%20Traditions%20Checklist.pdf\">Papa Inoa Ku\u02bbuna AA 12<\/a><\/li>\n\n\n\n<li><a href=\"https:\/\/www.aa.org\/sites\/default\/files\/literature\/assets\/p-19_gsr.pdf\">Palapala Ho\u02bbolaha AA GSR<\/a><\/li>\n\n\n\n<li><a href=\"https:\/\/al-anon.org\/pdf\/G11.pdf%20https:\/\/www.alcoholics-\">Palapala Ho\u02bbolaha GSR Al-Anon<\/a><\/li>\n\n\n\n<li><a href=\"http:\/\/www.alcoholics-anonymous.org.uk\/download\/1\/Library\/Documents\/Literature%20Downloads\/3300%20Twelve%20Concepts%20Illustrated.pdf\">N\u0101 Mana\u02bbo AA 12 i H\u014d\u02bbike \u02bbia<\/a><\/li>\n\n\n\n<li><a href=\"http:\/\/www.alcoholics-anonymous.org.uk\/download\/1\/Library\/Documents\/Literature%20Downloads\/3346%20Twelve%20Concepts%20Checklist.pdf\">Papa Inoa Mana\u02bbo AA 12<\/a><\/li>\n\n\n\n<li><a href=\"http:\/\/aagb.silverink.ie\/download\/1\/Library\/Documents\/Handbooks\/AA%20Service%20Handbook%20for%20Great%20Britain%204th%20edition%202018.pdf\">Puke Pai Lawelawe AA<\/a><\/li>\n<\/ul>\n<!-- PMB print buttons is only displayed on a single post\/page URLs-->","protected":false},"excerpt":{"rendered":"<p>\u02bbO kahi &#039;Lunamaka\u02bb\u0101inana Lawelawe Hui&#039; (GSR) he l\u0101l\u0101 o ITAA i koho \u02bbia e kahi hui ITAA kiko\u02bb\u012b e pani i k\u0113l\u0101 hui ma n\u0101 H\u0101l\u0101wai Lawelawe Honua (ISM). Ua like ke \u02bbano lawelawe o ITAA me kahi pyramid i ho\u02bbohuli \u02bbia, me n\u0101 hui ma luna, a me ka ISM ma lalo. I n\u0101 hua\u02bb\u014dlelo \u02bb\u0113 a\u02bbe, lawelawe n\u0101 H\u0101l\u0101wai Lawelawe Honua \u2026 <a href=\"https:\/\/internetaddictsanonymous.org\/haw\/gsr\/\" class=\"more-link\">E ho\u02bbomau i ka heluhelu \u02bbana <span class=\"screen-reader-text\">He aha ke \u02bbano o kahi &#039;Lunamaka\u02bb\u0101inana Lawelawe Hui&#039; ma ITAA?<\/span><\/a><\/p>","protected":false},"author":35194255,"featured_media":0,"parent":0,"menu_order":0,"comment_status":"closed","ping_status":"closed","template":"full-width-page.php","meta":{"inline_featured_image":false,"_lmt_disableupdate":"","_lmt_disable":"","jetpack_post_was_ever_published":false,"footnotes":""},"tags":[],"class_list":["post-13592","page","type-page","status-publish","hentry"],"yoast_head":"<!-- This site is optimized with the Yoast SEO plugin v27.3 - https:\/\/yoast.com\/product\/yoast-seo-wordpress\/ -->\n<title>What is a \u2018Group Service Representative\u2019 in ITAA? &#8211; Internet and Technology Addicts Anonymous<\/title>\n<meta name=\"robots\" content=\"index, follow, max-snippet:-1, max-image-preview:large, max-video-preview:-1\" \/>\n<link rel=\"canonical\" href=\"https:\/\/internetaddictsanonymous.org\/haw\/gsr\/\" \/>\n<meta property=\"og:locale\" content=\"en_US\" \/>\n<meta property=\"og:type\" content=\"article\" \/>\n<meta property=\"og:title\" content=\"What is a \u2018Group Service Representative\u2019 in ITAA? &#8211; Internet and Technology Addicts Anonymous\" \/>\n<meta property=\"og:description\" content=\"A \u2018Group Service Representative\u2019 (GSR) is a member of ITAA who has been elected by a particular ITAA group to represent that group at International Service Meetings (ISMs). ITAA\u2019s service structure resembles an inverted pyramid, with the groups at the top, and the ISM at the bottom. In other words, the International Service Meetings serves &hellip; Continue reading What is a \u2018Group Service Representative\u2019 in ITAA?\" \/>\n<meta property=\"og:url\" content=\"https:\/\/internetaddictsanonymous.org\/haw\/gsr\/\" \/>\n<meta property=\"og:site_name\" content=\"Internet and Technology Addicts Anonymous\" \/>\n<meta property=\"article:modified_time\" content=\"2025-01-21T21:31:26+00:00\" \/>\n<meta name=\"twitter:card\" content=\"summary_large_image\" \/>\n<meta name=\"twitter:label1\" content=\"Est. reading time\" \/>\n\t<meta name=\"twitter:data1\" content=\"4 minutes\" \/>\n<script type=\"application\/ld+json\" class=\"yoast-schema-graph\">{\"@context\":\"https:\\\/\\\/schema.org\",\"@graph\":[{\"@type\":\"WebPage\",\"@id\":\"https:\\\/\\\/internetaddictsanonymous.org\\\/gsr\\\/\",\"url\":\"https:\\\/\\\/internetaddictsanonymous.org\\\/gsr\\\/\",\"name\":\"What is a \u2018Group Service Representative\u2019 in ITAA? &#8211; Internet and Technology Addicts Anonymous\",\"isPartOf\":{\"@id\":\"https:\\\/\\\/internetaddictsanonymous.org\\\/#website\"},\"datePublished\":\"2022-03-24T00:02:20+00:00\",\"dateModified\":\"2025-01-21T21:31:26+00:00\",\"breadcrumb\":{\"@id\":\"https:\\\/\\\/internetaddictsanonymous.org\\\/gsr\\\/#breadcrumb\"},\"inLanguage\":\"haw-US\",\"potentialAction\":[{\"@type\":\"ReadAction\",\"target\":[\"https:\\\/\\\/internetaddictsanonymous.org\\\/gsr\\\/\"]}]},{\"@type\":\"BreadcrumbList\",\"@id\":\"https:\\\/\\\/internetaddictsanonymous.org\\\/gsr\\\/#breadcrumb\",\"itemListElement\":[{\"@type\":\"ListItem\",\"position\":1,\"name\":\"Home\",\"item\":\"https:\\\/\\\/internetaddictsanonymous.org\\\/\"},{\"@type\":\"ListItem\",\"position\":2,\"name\":\"What is a \u2018Group Service Representative\u2019 in ITAA?\"}]},{\"@type\":\"WebSite\",\"@id\":\"https:\\\/\\\/internetaddictsanonymous.org\\\/#website\",\"url\":\"https:\\\/\\\/internetaddictsanonymous.org\\\/\",\"name\":\"Internet and Technology Addicts Anonymous\",\"description\":\"Worldwide 12-step Fellowship for Internet and Technology Addiction\",\"publisher\":{\"@id\":\"https:\\\/\\\/internetaddictsanonymous.org\\\/#organization\"},\"potentialAction\":[{\"@type\":\"SearchAction\",\"target\":{\"@type\":\"EntryPoint\",\"urlTemplate\":\"https:\\\/\\\/internetaddictsanonymous.org\\\/?s={search_term_string}\"},\"query-input\":{\"@type\":\"PropertyValueSpecification\",\"valueRequired\":true,\"valueName\":\"search_term_string\"}}],\"inLanguage\":\"haw-US\"},{\"@type\":\"Organization\",\"@id\":\"https:\\\/\\\/internetaddictsanonymous.org\\\/#organization\",\"name\":\"Internet and Technology Addicts Anonymous\",\"url\":\"https:\\\/\\\/internetaddictsanonymous.org\\\/\",\"logo\":{\"@type\":\"ImageObject\",\"inLanguage\":\"haw-US\",\"@id\":\"https:\\\/\\\/internetaddictsanonymous.org\\\/#\\\/schema\\\/logo\\\/image\\\/\",\"url\":\"https:\\\/\\\/internetaddictsanonymous.org\\\/wp-content\\\/uploads\\\/2023\\\/01\\\/cropped-ITAA-logo-480px.png\",\"contentUrl\":\"https:\\\/\\\/internetaddictsanonymous.org\\\/wp-content\\\/uploads\\\/2023\\\/01\\\/cropped-ITAA-logo-480px.png\",\"width\":480,\"height\":480,\"caption\":\"Internet and Technology Addicts Anonymous\"},\"image\":{\"@id\":\"https:\\\/\\\/internetaddictsanonymous.org\\\/#\\\/schema\\\/logo\\\/image\\\/\"}}]}<\/script>\n<!-- \/ Yoast SEO plugin. -->","yoast_head_json":{"title":"He aha ka &#039;Luna Ho\u02bbokele Hana Hui&#039; ma ITAA? \u2013 P\u016bnaewele a me n\u0101 \u02bbIke loea Anonymous","robots":{"index":"index","follow":"follow","max-snippet":"max-snippet:-1","max-image-preview":"max-image-preview:large","max-video-preview":"max-video-preview:-1"},"canonical":"https:\/\/internetaddictsanonymous.org\/haw\/gsr\/","og_locale":"en_US","og_type":"article","og_title":"What is a \u2018Group Service Representative\u2019 in ITAA? &#8211; Internet and Technology Addicts Anonymous","og_description":"A \u2018Group Service Representative\u2019 (GSR) is a member of ITAA who has been elected by a particular ITAA group to represent that group at International Service Meetings (ISMs). ITAA\u2019s service structure resembles an inverted pyramid, with the groups at the top, and the ISM at the bottom. In other words, the International Service Meetings serves &hellip; Continue reading What is a \u2018Group Service Representative\u2019 in ITAA?","og_url":"https:\/\/internetaddictsanonymous.org\/haw\/gsr\/","og_site_name":"Internet and Technology Addicts Anonymous","article_modified_time":"2025-01-21T21:31:26+00:00","twitter_card":"summary_large_image","twitter_misc":{"Est. reading time":"4 minutes"},"schema":{"@context":"https:\/\/schema.org","@graph":[{"@type":"WebPage","@id":"https:\/\/internetaddictsanonymous.org\/gsr\/","url":"https:\/\/internetaddictsanonymous.org\/gsr\/","name":"He aha ka &#039;Luna Ho\u02bbokele Hana Hui&#039; ma ITAA? \u2013 P\u016bnaewele a me n\u0101 \u02bbIke loea Anonymous","isPartOf":{"@id":"https:\/\/internetaddictsanonymous.org\/#website"},"datePublished":"2022-03-24T00:02:20+00:00","dateModified":"2025-01-21T21:31:26+00:00","breadcrumb":{"@id":"https:\/\/internetaddictsanonymous.org\/gsr\/#breadcrumb"},"inLanguage":"haw-US","potentialAction":[{"@type":"ReadAction","target":["https:\/\/internetaddictsanonymous.org\/gsr\/"]}]},{"@type":"BreadcrumbList","@id":"https:\/\/internetaddictsanonymous.org\/gsr\/#breadcrumb","itemListElement":[{"@type":"ListItem","position":1,"name":"Home","item":"https:\/\/internetaddictsanonymous.org\/"},{"@type":"ListItem","position":2,"name":"What is a \u2018Group Service Representative\u2019 in ITAA?"}]},{"@type":"WebSite","@id":"https:\/\/internetaddictsanonymous.org\/#website","url":"https:\/\/internetaddictsanonymous.org\/","name":"N\u0101 mea ho\u02bbopilikia p\u016bnaewele a me ka \u02bbenehana Anonymous","description":"\u02bbO ka Fellowship honua 12-step no ka ho\u02bbohui \u02bbana i ka P\u016bnaewele a me ka \u02bbenehana","publisher":{"@id":"https:\/\/internetaddictsanonymous.org\/#organization"},"potentialAction":[{"@type":"SearchAction","target":{"@type":"EntryPoint","urlTemplate":"https:\/\/internetaddictsanonymous.org\/?s={search_term_string}"},"query-input":{"@type":"PropertyValueSpecification","valueRequired":true,"valueName":"search_term_string"}}],"inLanguage":"haw-US"},{"@type":"Organization","@id":"https:\/\/internetaddictsanonymous.org\/#organization","name":"N\u0101 mea ho\u02bbopilikia p\u016bnaewele a me ka \u02bbenehana Anonymous","url":"https:\/\/internetaddictsanonymous.org\/","logo":{"@type":"ImageObject","inLanguage":"haw-US","@id":"https:\/\/internetaddictsanonymous.org\/#\/schema\/logo\/image\/","url":"https:\/\/internetaddictsanonymous.org\/wp-content\/uploads\/2023\/01\/cropped-ITAA-logo-480px.png","contentUrl":"https:\/\/internetaddictsanonymous.org\/wp-content\/uploads\/2023\/01\/cropped-ITAA-logo-480px.png","width":480,"height":480,"caption":"Internet and Technology Addicts Anonymous"},"image":{"@id":"https:\/\/internetaddictsanonymous.org\/#\/schema\/logo\/image\/"}}]}},"jetpack_sharing_enabled":true,"jetpack_shortlink":"https:\/\/wp.me\/P9Fwob-3xe","_links":{"self":[{"href":"https:\/\/internetaddictsanonymous.org\/haw\/wp-json\/wp\/v2\/pages\/13592","targetHints":{"allow":["GET"]}}],"collection":[{"href":"https:\/\/internetaddictsanonymous.org\/haw\/wp-json\/wp\/v2\/pages"}],"about":[{"href":"https:\/\/internetaddictsanonymous.org\/haw\/wp-json\/wp\/v2\/types\/page"}],"author":[{"embeddable":true,"href":"https:\/\/internetaddictsanonymous.org\/haw\/wp-json\/wp\/v2\/users\/35194255"}],"replies":[{"embeddable":true,"href":"https:\/\/internetaddictsanonymous.org\/haw\/wp-json\/wp\/v2\/comments?post=13592"}],"version-history":[{"count":9,"href":"https:\/\/internetaddictsanonymous.org\/haw\/wp-json\/wp\/v2\/pages\/13592\/revisions"}],"predecessor-version":[{"id":19241,"href":"https:\/\/internetaddictsanonymous.org\/haw\/wp-json\/wp\/v2\/pages\/13592\/revisions\/19241"}],"wp:attachment":[{"href":"https:\/\/internetaddictsanonymous.org\/haw\/wp-json\/wp\/v2\/media?parent=13592"}],"wp:term":[{"taxonomy":"post_tag","embeddable":true,"href":"https:\/\/internetaddictsanonymous.org\/haw\/wp-json\/wp\/v2\/tags?post=13592"}],"curies":[{"name":"wp","href":"https:\/\/api.w.org\/{rel}","templated":true}]}}