{"id":14154,"date":"2022-08-29T17:23:26","date_gmt":"2022-08-29T17:23:26","guid":{"rendered":"https:\/\/internetaddictsanonymous.org\/?page_id=14154"},"modified":"2024-06-16T20:37:33","modified_gmt":"2024-06-17T00:37:33","slug":"na-palapala-a-me-na-alaka%ca%bbi","status":"publish","type":"page","link":"https:\/\/internetaddictsanonymous.org\/haw\/literature-and-guides\/","title":{"rendered":"N\u0101 Palapala a me n\u0101 Alaka\u02bbi"},"content":{"rendered":"<p>Aia ma lalo iho kahi papa inoa o n\u0101 kumuwaiwai i k\u0101kau \u02bbia e pili ana i ke \u02bbano o ko m\u0101kou \u02bbona a pehea e hiki ai i\u0101 m\u0101kou ke ho\u02bbokele maika\u02bbi i k\u0101 m\u0101kou huaka\u02bbi ho\u02bb\u014dla. Ua k\u0101kau \u02bbia k\u0113ia mau kumuwaiwai e k\u0101 m\u0101kou K\u014dmike \u02bbIke P\u016bnaewele a me k\u0101 m\u0101kou K\u014dmike Palapala. In\u0101 makemake \u02bboe e ka\u02bbana like i n\u0101 mana\u02bbo a i \u02bbole e k\u014dkua i k\u0101 m\u0101kou mau hana, makemake m\u0101kou e lohe mai i\u0101 \u02bboe a i \u02bbole e komo \u02bboe i kekahi o k\u0101 m\u0101kou mau h\u0101l\u0101wai. Hiki ke loa\u02bba n\u0101 kiko\u02bb\u012b hou aku ma ka&nbsp;<a href=\"https:\/\/internetaddictsanonymous.org\/haw\/na-kulana-lawelawe-hamama\/\">N\u0101 K\u014dmike Lawelawe<\/a>&nbsp;\u02bbao\u02bbao.<\/p>\n\n\n\n<h2 class=\"wp-block-heading\">Ho\u02bbomaka<\/h2>\n\n\n\n<div class=\"wp-block-columns is-layout-flex wp-container-core-columns-is-layout-9d6595d7 wp-block-columns-is-layout-flex\">\n<div class=\"wp-block-column is-layout-flow wp-block-column-is-layout-flow\">\n<p><strong><a href=\"https:\/\/internetaddictsanonymous.org\/haw\/alaka%ca%bbi-no-na-po%ca%bbe-hou\/\">He Alaka\u02bbi no n\u0101 Po\u02bbe Hou<\/a><br><\/strong>He papa inoa o \u02bbeono mau mana\u02bbo ma\u02bbalahi no ka ho\u02bbomaka \u02bbana ma ITAA.<\/p>\n\n\n\n<p><strong><a href=\"https:\/\/internetaddictsanonymous.org\/haw\/na-kumuwaiwai\/na-mea-hana-hoola\/\">N\u0101 Mea Hana Ho\u02bb\u014dla<\/a><br><\/strong>N\u0101 mea hana a me n\u0101 ho\u02bbol\u0101l\u0101 i ho\u02bb\u0101\u02bbo \u02bbia e ka manawa e hiki ke k\u014dkua i\u0101 m\u0101kou e noho m\u0101lie.<\/p>\n\n\n\n<p><strong><a href=\"https:\/\/internetaddictsanonymous.org\/haw\/ka-%ca%bbike-%ca%bbana-i-ka-pepa-hana-no%ca%bbono%ca%bbo-pono-he-ho%ca%bbolauna-i-ka-ho%ca%bbola-%ca%bbana-i-ka-ma%ca%bbi-%ca%bbona-punaewele\/\">Pepa Hana no ka \u02bbIke \u02bbana i ke Kuokoa<\/a><\/strong><br>He pepa hana i hana \u02bbia e k\u014dkua i\u0101 m\u0101kou e palapala i k\u0101 m\u0101kou laina luna, waena, a me lalo me n\u0101 n\u012bnau a me n\u0101 \u02bb\u014dlelo paipai e hahai p\u016b ai.<\/p>\n<\/div>\n\n\n\n<div class=\"wp-block-column is-layout-flow wp-block-column-is-layout-flow\">\n<p><strong><a href=\"https:\/\/internetaddictsanonymous.org\/haw\/na-mo%ca%bbolelo-ho%ca%bbola\/\">N\u0101 Mo\u02bbolelo Ho\u02bb\u014dla<\/a><br><\/strong>N\u0101 mo\u02bbolelo i ho\u02bbopa\u02bba \u02bbia a k\u0101kau \u02bbia mai n\u0101 l\u0101l\u0101 i ho\u02bb\u014dla \u02bbia o ITAA.<\/p>\n\n\n\n<p><strong><a href=\"https:\/\/drive.google.com\/file\/d\/1y8ZgwLScawJeQq0LZ8vN3THEhiBk4YAv\/view\">Palapala Ho\u02bbokipa ITAA<\/a><\/strong><br>He pepa li\u02bbili\u02bbi \u02bbekolu hiki ke pa\u02bbi \u02bbia e h\u0101\u02bbawi ana i kahi \u02bbike holo\u02bboko\u02bba o ka papahana ITAA (<a href=\"https:\/\/drive.google.com\/file\/d\/1fmIJRc_6SpHw75_1qrfd7NkuC-67Epxm\/view?usp=sharing\" target=\"_blank\" rel=\"noreferrer noopener\">A4<\/a>) (<a href=\"https:\/\/docs.google.com\/document\/d\/1SJDReYLLhs5hgC0I1hotkrCmZ3-6YZmxTNB7lb27KJM\/edit?usp=sharing\" target=\"_blank\" rel=\"noreferrer noopener\">n\u0101 kuhikuhi pa\u02bbi<\/a>).<\/p>\n\n\n\n<p><strong><a href=\"https:\/\/internetaddictsanonymous.org\/haw\/12-mau-%ca%bbanu%ca%bbu-o-ka-itaa\/\">\u02bbO n\u0101 \u02bbanu\u02bbu he \u02bbumik\u016bm\u0101lua a me n\u0101 ku\u02bbuna he \u02bbumik\u016bm\u0101lua o ITAA<\/a><br><\/strong>N\u0101 kumumana\u02bbo alaka\u02bbi o k\u0101 m\u0101kou papahana.<\/p>\n<\/div>\n<\/div>\n\n\n\n<p><\/p>\n\n\n\n<h2 class=\"wp-block-heading\">Ke ho\u02bboikaika nei i ko m\u0101kou ho&#039;\u014dla hou \u02bbana<\/h2>\n\n\n\n<div class=\"wp-block-columns is-layout-flex wp-container-core-columns-is-layout-9d6595d7 wp-block-columns-is-layout-flex\">\n<div class=\"wp-block-column is-layout-flow wp-block-column-is-layout-flow\">\n<p><a href=\"https:\/\/internetaddictsanonymous.org\/haw\/he-alaka%ca%bbi-no-na-ha%ca%bbalele-%ca%bbana\/\"><strong>Ke ho\u02bbokele nei i n\u0101 unuhi k\u0101l\u0101<\/strong><\/a><br>He wehewehe \u02bbana no ke ka\u02bbina hana ha\u02bbalele, me n\u0101 mo\u02bbolelo ho\u02bb\u014dla mai n\u0101 l\u0101l\u0101 \u02bbeh\u0101.<\/p>\n\n\n\n<p><a href=\"https:\/\/internetaddictsanonymous.org\/haw\/he-alaka%ca%bbi-i-na-pahe%ca%bbe-a-me-na-ho%ca%bbi-hou-%ca%bbana-o-ke-akahai-ma-itaa\/\"><strong>Ke Ho\u02bbomaopopo nei i ke Kuokoa, n\u0101 Pahe\u02bbe, a me n\u0101 Relapses<\/strong><\/a><br>He \u02bbike holo\u02bboko\u02bba o ke \u02bbano o ke akahele ma ITAA, a pehea e pale ai a ulu ai mai n\u0101 pahe\u02bbe a me n\u0101 ho\u02bbi hou \u02bbana.<\/p>\n\n\n\n<p><strong><a href=\"https:\/\/internetaddictsanonymous.org\/haw\/he-alaka%ca%bbi-i-na-kahea-ho%ca%bbolaha-ma-itaa\/\">Ke Hana \u02bbana i n\u0101 K\u0101hea Ho\u02bbolaha<\/a><br><\/strong>He alaka\u02bbi no ke k\u0101hea \u02bbana i n\u0101 l\u0101l\u0101 \u02bb\u0113 a\u02bbe ma waho o n\u0101 h\u0101l\u0101wai, kekahi o n\u0101 mea hana ko\u02bbiko\u02bbi o ko k\u0101kou ho&#039;\u014dla hou \u02bbana.<\/p>\n<\/div>\n\n\n\n<div class=\"wp-block-column is-layout-flow wp-block-column-is-layout-flow\">\n<p><a href=\"https:\/\/internetaddictsanonymous.org\/haw\/kako%ca%bbo-kala\/\"><strong>Ke Ko\u02bbiko\u02bbi o ke K\u0101ko\u02bbo \u02bbana<\/strong><\/a><br>He pilina k\u016bhelu \u02bbole ke k\u0101ko\u02bbo \u02bbana kahi e k\u014dkua ai kekahi l\u0101l\u0101 \u02bboi aku ka \u02bbike o ITAA i ke alaka\u02bbi \u02bbana i\u0101 m\u0101kou ma o ka ho\u02bb\u014dla \u02bbana.<\/p>\n\n\n\n<p><a href=\"https:\/\/internetaddictsanonymous.org\/haw\/na-kumuwaiwai\/pehea-e-hana-ai-i-na-%ca%bbanu%ca%bbu\/\"><strong>Pehea e hana ai i n\u0101 \u02bbanu\u02bbu<\/strong><br><\/a>N\u0101 kumuwaiwai hiki i\u0101 m\u0101kou ke ho\u02bbohana e hana i n\u0101 \u02bbAnu\u02bbu He \u02bbUmik\u016bm\u0101lua.<\/p>\n\n\n\n<p><a href=\"https:\/\/internetaddictsanonymous.org\/haw\/the-doctors-opinion\/\"><strong>\u02bbO n\u0101 h\u014d\u02bbike \u02bbepekema e pili ana i ka ho\u02bbohui \u02bbana i ka P\u016bnaewele a me ka \u02bbenehana<\/strong><\/a><br>He \u02bbike \u0101kea o n\u0101 hopena a me n\u0101 hopena o ka ho\u02bbohui p\u016bnaewele a me ka \u02bbenehana.<\/p>\n<\/div>\n<\/div>\n\n\n\n<p><\/p>\n\n\n\n<h2 class=\"wp-block-heading\">Ke lawelawe \u02bbana<\/h2>\n\n\n\n<div class=\"wp-block-columns is-layout-flex wp-container-core-columns-is-layout-9d6595d7 wp-block-columns-is-layout-flex\">\n<div class=\"wp-block-column is-layout-flow wp-block-column-is-layout-flow\">\n<p><a href=\"https:\/\/internetaddictsanonymous.org\/haw\/leading-and-strengthening-meetings\/\"><strong>Pehea e hana ai n\u0101 h\u0101l\u0101wai<\/strong><\/a><br>He alaka\u02bbi piha no ka ho\u02bbokumu \u02bbana i n\u0101 h\u0101l\u0101wai ikaika, olakino, a ulu ho\u02bbi.<\/p>\n\n\n\n<p><strong><a href=\"https:\/\/internetaddictsanonymous.org\/haw\/alaka%ca%bbi-i-na-lunamana%ca%bbo-hui\/\">He Alaka\u02bbi i n\u0101 Lunamana\u02bbo Hui<\/a><\/strong><br>He \u02bbike kiko\u02bb\u012b o ke ka\u02bbina hana o ka lunamana\u02bbo hui ma o ia mea m\u0101kou e hana ai i n\u0101 ho\u02bboholo hui.<\/p>\n<\/div>\n\n\n\n<div class=\"wp-block-column is-layout-flow wp-block-column-is-layout-flow\">\n<p><strong><a href=\"https:\/\/internetaddictsanonymous.org\/haw\/palekana-ma-itaa\/\">Palekana ma ITAA<\/a><br><\/strong>He alaka\u02bbi no ka pane \u02bbana i n\u0101 hana palekana \u02bbole a k\u016bpono \u02bbole paha.<\/p>\n\n\n\n<p><strong><a href=\"https:\/\/internetaddictsanonymous.org\/haw\/na-kumuwaiwai\/ke-lilo-%ca%bbana-i-mau-kumuwaiwai-lawelawe\/na-kumumana%ca%bbo-no-na-hui-kama%ca%bbilio\/\">N\u0101 loina no n\u0101 hui kama\u02bbilio<\/a><\/strong><br>He alaka\u02bbi no ka h\u014d\u02bboia \u02bbana he mau ka\u02bba olakino n\u0101 hui kama\u02bbilio ITAA no ka lawe \u02bbana i ka leka o ka ho\u02bb\u014dla.<\/p>\n\n\n\n<p><strong><a href=\"https:\/\/internetaddictsanonymous.org\/haw\/gsr\/\">N\u0101 Lunamaka\u02bb\u0101inana Lawelawe Hui<\/a><\/strong><br>K\u016b ka GSR i kahi hui p\u0101kahi ma k\u0101 m\u0101kou mau H\u0101l\u0101wai Lawelawe Honua.<br><\/p>\n<\/div>\n<\/div>\n\n\n\n<p><\/p>\n<!-- PMB print buttons is only displayed on a single post\/page URLs-->","protected":false},"excerpt":{"rendered":"<p>Aia ma lalo iho kahi papa inoa o n\u0101 kumuwaiwai i k\u0101kau \u02bbia e pili ana i ke \u02bbano o ko m\u0101kou \u02bbona a pehea e hiki ai i\u0101 m\u0101kou ke ho\u02bbokele maika\u02bbi i k\u0101 m\u0101kou huaka\u02bbi ho\u02bb\u014dla. Ua k\u0101kau \u02bbia k\u0113ia mau kumuwaiwai e k\u0101 m\u0101kou K\u014dmike \u02bbIke P\u016bnaewele a me k\u0101 m\u0101kou K\u014dmike Palapala. In\u0101 makemake \u02bboe e ka\u02bbana like i k\u0101u mana\u02bbo a i \u02bbole e k\u014dkua i k\u0101 m\u0101kou mau hana, makemake m\u0101kou e lohe mai i\u0101 \u02bboe ... <a href=\"https:\/\/internetaddictsanonymous.org\/haw\/literature-and-guides\/\" class=\"more-link\">E ho\u02bbomau i ka heluhelu \u02bbana <span class=\"screen-reader-text\">N\u0101 Palapala a me n\u0101 Alaka\u02bbi<\/span><\/a><\/p>","protected":false},"author":35194237,"featured_media":0,"parent":0,"menu_order":0,"comment_status":"closed","ping_status":"closed","template":"full-width-page.php","meta":{"inline_featured_image":false,"_lmt_disableupdate":"","_lmt_disable":"","footnotes":""},"tags":[],"class_list":["post-14154","page","type-page","status-publish","hentry"],"yoast_head":"<!-- This site is optimized with the Yoast SEO plugin v27.5 - https:\/\/yoast.com\/product\/yoast-seo-wordpress\/ -->\n<title>Literature and Guides &#8211; Internet and Technology Addicts Anonymous<\/title>\n<meta name=\"robots\" content=\"index, follow, max-snippet:-1, max-image-preview:large, max-video-preview:-1\" \/>\n<link rel=\"canonical\" href=\"https:\/\/internetaddictsanonymous.org\/haw\/na-palapala-a-me-na-alaka\u02bbi\/\" \/>\n<meta property=\"og:locale\" content=\"en_US\" \/>\n<meta property=\"og:type\" content=\"article\" \/>\n<meta property=\"og:title\" content=\"Literature and Guides &#8211; Internet and Technology Addicts Anonymous\" \/>\n<meta property=\"og:description\" content=\"Below is a list of written resources about the nature of our addiction and how we can best navigate our recovery journey. These resources have been written by our Web Content Committee and our Literature Committee. If you would like to share feedback or contribute to our efforts, we would love to hear from you &hellip; Continue reading Literature and Guides\" \/>\n<meta property=\"og:url\" content=\"https:\/\/internetaddictsanonymous.org\/haw\/na-palapala-a-me-na-alaka\u02bbi\/\" \/>\n<meta property=\"og:site_name\" content=\"Internet and Technology Addicts Anonymous\" \/>\n<meta property=\"article:modified_time\" content=\"2024-06-17T00:37:33+00:00\" \/>\n<meta name=\"twitter:card\" content=\"summary_large_image\" \/>\n<meta name=\"twitter:label1\" content=\"Est. reading time\" \/>\n\t<meta name=\"twitter:data1\" content=\"2 minutes\" \/>\n<script type=\"application\/ld+json\" class=\"yoast-schema-graph\">{\"@context\":\"https:\\\/\\\/schema.org\",\"@graph\":[{\"@type\":\"WebPage\",\"@id\":\"https:\\\/\\\/internetaddictsanonymous.org\\\/literature-and-guides\\\/\",\"url\":\"https:\\\/\\\/internetaddictsanonymous.org\\\/literature-and-guides\\\/\",\"name\":\"Literature and Guides &#8211; Internet and Technology Addicts Anonymous\",\"isPartOf\":{\"@id\":\"https:\\\/\\\/internetaddictsanonymous.org\\\/#website\"},\"datePublished\":\"2022-08-29T17:23:26+00:00\",\"dateModified\":\"2024-06-17T00:37:33+00:00\",\"breadcrumb\":{\"@id\":\"https:\\\/\\\/internetaddictsanonymous.org\\\/literature-and-guides\\\/#breadcrumb\"},\"inLanguage\":\"haw-US\",\"potentialAction\":[{\"@type\":\"ReadAction\",\"target\":[\"https:\\\/\\\/internetaddictsanonymous.org\\\/literature-and-guides\\\/\"]}]},{\"@type\":\"BreadcrumbList\",\"@id\":\"https:\\\/\\\/internetaddictsanonymous.org\\\/literature-and-guides\\\/#breadcrumb\",\"itemListElement\":[{\"@type\":\"ListItem\",\"position\":1,\"name\":\"Home\",\"item\":\"https:\\\/\\\/internetaddictsanonymous.org\\\/\"},{\"@type\":\"ListItem\",\"position\":2,\"name\":\"Literature and Guides\"}]},{\"@type\":\"WebSite\",\"@id\":\"https:\\\/\\\/internetaddictsanonymous.org\\\/#website\",\"url\":\"https:\\\/\\\/internetaddictsanonymous.org\\\/\",\"name\":\"Internet and Technology Addicts Anonymous\",\"description\":\"Worldwide 12-step Fellowship for Internet and Technology Addiction\",\"publisher\":{\"@id\":\"https:\\\/\\\/internetaddictsanonymous.org\\\/#organization\"},\"potentialAction\":[{\"@type\":\"SearchAction\",\"target\":{\"@type\":\"EntryPoint\",\"urlTemplate\":\"https:\\\/\\\/internetaddictsanonymous.org\\\/?s={search_term_string}\"},\"query-input\":{\"@type\":\"PropertyValueSpecification\",\"valueRequired\":true,\"valueName\":\"search_term_string\"}}],\"inLanguage\":\"haw-US\"},{\"@type\":\"Organization\",\"@id\":\"https:\\\/\\\/internetaddictsanonymous.org\\\/#organization\",\"name\":\"Internet and Technology Addicts Anonymous\",\"url\":\"https:\\\/\\\/internetaddictsanonymous.org\\\/\",\"logo\":{\"@type\":\"ImageObject\",\"inLanguage\":\"haw-US\",\"@id\":\"https:\\\/\\\/internetaddictsanonymous.org\\\/#\\\/schema\\\/logo\\\/image\\\/\",\"url\":\"https:\\\/\\\/internetaddictsanonymous.org\\\/wp-content\\\/uploads\\\/2023\\\/01\\\/cropped-ITAA-logo-480px.png\",\"contentUrl\":\"https:\\\/\\\/internetaddictsanonymous.org\\\/wp-content\\\/uploads\\\/2023\\\/01\\\/cropped-ITAA-logo-480px.png\",\"width\":480,\"height\":480,\"caption\":\"Internet and Technology Addicts Anonymous\"},\"image\":{\"@id\":\"https:\\\/\\\/internetaddictsanonymous.org\\\/#\\\/schema\\\/logo\\\/image\\\/\"}}]}<\/script>\n<!-- \/ Yoast SEO plugin. -->","yoast_head_json":{"title":"N\u0101 Palapala a me n\u0101 Alaka\u02bbi - P\u016bnaewele a me n\u0101 \u02bbenehana Addicts Anonymous","robots":{"index":"index","follow":"follow","max-snippet":"max-snippet:-1","max-image-preview":"max-image-preview:large","max-video-preview":"max-video-preview:-1"},"canonical":"https:\/\/internetaddictsanonymous.org\/haw\/na-palapala-a-me-na-alaka\u02bbi\/","og_locale":"en_US","og_type":"article","og_title":"Literature and Guides &#8211; Internet and Technology Addicts Anonymous","og_description":"Below is a list of written resources about the nature of our addiction and how we can best navigate our recovery journey. These resources have been written by our Web Content Committee and our Literature Committee. If you would like to share feedback or contribute to our efforts, we would love to hear from you &hellip; Continue reading Literature and Guides","og_url":"https:\/\/internetaddictsanonymous.org\/haw\/na-palapala-a-me-na-alaka\u02bbi\/","og_site_name":"Internet and Technology Addicts Anonymous","article_modified_time":"2024-06-17T00:37:33+00:00","twitter_card":"summary_large_image","twitter_misc":{"Est. reading time":"2 minutes"},"schema":{"@context":"https:\/\/schema.org","@graph":[{"@type":"WebPage","@id":"https:\/\/internetaddictsanonymous.org\/literature-and-guides\/","url":"https:\/\/internetaddictsanonymous.org\/literature-and-guides\/","name":"N\u0101 Palapala a me n\u0101 Alaka\u02bbi - P\u016bnaewele a me n\u0101 \u02bbenehana Addicts Anonymous","isPartOf":{"@id":"https:\/\/internetaddictsanonymous.org\/#website"},"datePublished":"2022-08-29T17:23:26+00:00","dateModified":"2024-06-17T00:37:33+00:00","breadcrumb":{"@id":"https:\/\/internetaddictsanonymous.org\/literature-and-guides\/#breadcrumb"},"inLanguage":"haw-US","potentialAction":[{"@type":"ReadAction","target":["https:\/\/internetaddictsanonymous.org\/literature-and-guides\/"]}]},{"@type":"BreadcrumbList","@id":"https:\/\/internetaddictsanonymous.org\/literature-and-guides\/#breadcrumb","itemListElement":[{"@type":"ListItem","position":1,"name":"Home","item":"https:\/\/internetaddictsanonymous.org\/"},{"@type":"ListItem","position":2,"name":"Literature and Guides"}]},{"@type":"WebSite","@id":"https:\/\/internetaddictsanonymous.org\/#website","url":"https:\/\/internetaddictsanonymous.org\/","name":"N\u0101 mea ho\u02bbopilikia p\u016bnaewele a me ka \u02bbenehana Anonymous","description":"\u02bbO ka Fellowship honua 12-step no ka ho\u02bbohui \u02bbana i ka P\u016bnaewele a me ka \u02bbenehana","publisher":{"@id":"https:\/\/internetaddictsanonymous.org\/#organization"},"potentialAction":[{"@type":"SearchAction","target":{"@type":"EntryPoint","urlTemplate":"https:\/\/internetaddictsanonymous.org\/?s={search_term_string}"},"query-input":{"@type":"PropertyValueSpecification","valueRequired":true,"valueName":"search_term_string"}}],"inLanguage":"haw-US"},{"@type":"Organization","@id":"https:\/\/internetaddictsanonymous.org\/#organization","name":"N\u0101 mea ho\u02bbopilikia p\u016bnaewele a me ka \u02bbenehana Anonymous","url":"https:\/\/internetaddictsanonymous.org\/","logo":{"@type":"ImageObject","inLanguage":"haw-US","@id":"https:\/\/internetaddictsanonymous.org\/#\/schema\/logo\/image\/","url":"https:\/\/internetaddictsanonymous.org\/wp-content\/uploads\/2023\/01\/cropped-ITAA-logo-480px.png","contentUrl":"https:\/\/internetaddictsanonymous.org\/wp-content\/uploads\/2023\/01\/cropped-ITAA-logo-480px.png","width":480,"height":480,"caption":"Internet and Technology Addicts Anonymous"},"image":{"@id":"https:\/\/internetaddictsanonymous.org\/#\/schema\/logo\/image\/"}}]}},"jetpack_sharing_enabled":true,"jetpack_shortlink":"https:\/\/wp.me\/P9Fwob-3Gi","_links":{"self":[{"href":"https:\/\/internetaddictsanonymous.org\/haw\/wp-json\/wp\/v2\/pages\/14154","targetHints":{"allow":["GET"]}}],"collection":[{"href":"https:\/\/internetaddictsanonymous.org\/haw\/wp-json\/wp\/v2\/pages"}],"about":[{"href":"https:\/\/internetaddictsanonymous.org\/haw\/wp-json\/wp\/v2\/types\/page"}],"author":[{"embeddable":true,"href":"https:\/\/internetaddictsanonymous.org\/haw\/wp-json\/wp\/v2\/users\/35194237"}],"replies":[{"embeddable":true,"href":"https:\/\/internetaddictsanonymous.org\/haw\/wp-json\/wp\/v2\/comments?post=14154"}],"version-history":[{"count":11,"href":"https:\/\/internetaddictsanonymous.org\/haw\/wp-json\/wp\/v2\/pages\/14154\/revisions"}],"predecessor-version":[{"id":18152,"href":"https:\/\/internetaddictsanonymous.org\/haw\/wp-json\/wp\/v2\/pages\/14154\/revisions\/18152"}],"wp:attachment":[{"href":"https:\/\/internetaddictsanonymous.org\/haw\/wp-json\/wp\/v2\/media?parent=14154"}],"wp:term":[{"taxonomy":"post_tag","embeddable":true,"href":"https:\/\/internetaddictsanonymous.org\/haw\/wp-json\/wp\/v2\/tags?post=14154"}],"curies":[{"name":"wp","href":"https:\/\/api.w.org\/{rel}","templated":true}]}}