{"id":148,"date":"2018-12-31T19:54:10","date_gmt":"2018-12-31T19:54:10","guid":{"rendered":"https:\/\/internetaddictsanonymous.org\/?page_id=148"},"modified":"2026-04-27T05:57:13","modified_gmt":"2026-04-27T12:57:13","slug":"na-halawai-pilikino","status":"publish","type":"page","link":"https:\/\/internetaddictsanonymous.org\/haw\/in-person-meetings\/","title":{"rendered":"N\u0101 H\u0101l\u0101wai Pili Kanaka"},"content":{"rendered":"<p>Welina! <strong>Aia ma lalo kahi papa inoa o n\u0101 mea o k\u0113ia manawa a me <span style=\"color: orange;\">hiki<\/span> n\u0101 h\u0101l\u0101wai ITAA ma ke kino.<\/strong> In\u0101 he mea hou \u02bboe, paipai m\u0101kou i\u0101 \u02bboe e ho\u02bb\u0101\u02bbo e hele i \u02bbeono mau h\u0101l\u0101wai i loko o kahi manawa p\u014dkole e \u02bbike ai in\u0101 he k\u014dkua paha k\u0101 m\u0101kou papahana i\u0101 \u02bboe.<\/p>\n\n\n<iframe src=\"https:\/\/www.google.com\/maps\/d\/u\/2\/embed?mid=1jNKsT5CquIfOcUgBv1OV0Suuf7qPFzMN\" width=\"880\" height=\"500\"><\/iframe>\n\n\n\n<p><em>No ka \u02bbike \u02bbana i k\u0113ia palapala \u02bb\u0101ina ma ka pale piha, hiki i\u0101 \u02bboe ke kaomi <a href=\"https:\/\/www.google.com\/maps\/d\/u\/3\/edit?mid=1jNKsT5CquIfOcUgBv1OV0Suuf7qPFzMN&amp;usp=sharing\" target=\"_blank\" rel=\"noreferrer noopener\">maanei<\/a>.<\/em><\/p>\n\n\n\n<p>\u02bbO k\u0113l\u0101 me k\u0113ia wahi kahi i \u02bbole ai kahi h\u0101l\u0101wai pilikino e hana nei ak\u0101 kahi i h\u014d\u02bbike ai kekahi a \u02bboi aku paha mau l\u0101l\u0101 i ka makemake e ho\u02bbomaka i ho\u02bbokahi e h\u014d\u02bbike \u02bbia e <span style=\"color:orange;\">k\u0113ia kala \u02bbalani<\/span>. In\u0101 \u02bboe e \u02bbimi nei i kahi h\u0101l\u0101wai ma kekahi o k\u0113ia mau wahi, e \u02bbolu\u02bbolu e ho\u02bboka\u02bba\u02bbike aku i ka mea i helu \u02bbia ma k\u0113l\u0101 \u02bbao\u02bbao.<\/p>\n\n\n\n<p><em>In\u0101 \u02bba\u02bbole \u02bboe e \u02bbike i kahi h\u0101l\u0101wai ma kou k\u016blanakauhale, kaomi <a href=\"#no-meetings\">maanei<\/a>.<\/em><\/p>\n\n\n\n<p class=\"has-text-align-center\">-~-<\/p>\n\n\n\n<h3 class=\"wp-block-heading\" id=\"united-states\">\u02bbAmelika Hui P\u016b \u02bbIa (\u02bbAmelika Hui P\u016b \u02bbIa)<\/h3>\n\n\n\n<div class=\"wp-block-group is-layout-grid wp-container-core-group-is-layout-6be84c55 wp-block-group-is-layout-grid\">\n<p><strong><a href=\"https:\/\/internetaddictsanonymous.org\/haw\/na-halawai-pilikino\/%ca%bbamelika-hui-pu-%ca%bbia-kaleponi\/\">Kaleponi (CA)<\/a><\/strong><\/p>\n\n\n\n<p><strong><a href=\"https:\/\/internetaddictsanonymous.org\/haw\/na-halawai-pilikino\/hui-pu-%ca%bbo-%ca%bbamelika-hui-pu-%ca%bbia\/\">Kolorado (CO)<\/a><\/strong><\/p>\n\n\n\n<p><strong style=\"font-weight: bold;\"><a style=\"font-weight: bold;\" href=\"https:\/\/internetaddictsanonymous.org\/haw\/na-halawai-pilikino\/us-dc-washington\/\">Wakinekona (DC)<\/a>)<\/strong><\/p>\n\n\n\n<p><a href=\"https:\/\/internetaddictsanonymous.org\/haw\/na-halawai-pilikino\/usa-ga\/\"><strong>Keokia (GA)<\/strong><\/a><\/p>\n\n\n\n<p class=\"wp-container-content-2155ee95\"><a href=\"https:\/\/internetaddictsanonymous.org\/haw\/na-halawai-pilikino\/%ca%bbamelika-hui-pu-%ca%bbia-2\/\"><strong>\u02bbIlinoi (IL)<\/strong><\/a><\/p>\n\n\n\n<p><strong><a href=\"https:\/\/internetaddictsanonymous.org\/haw\/na-halawai-pilikino\/%ca%bbamelika-hui-pu-%ca%bbia-ky\/\">Kenekute (KY)<\/a><\/strong><\/p>\n\n\n\n<p><a href=\"https:\/\/internetaddictsanonymous.org\/haw\/na-halawai-pilikino\/%ca%bbamelika-hui-pu-%ca%bbia-md\/\"><strong>\u02bbO Maryland (MD)<\/strong><\/a><\/p>\n\n\n\n<p><strong><a href=\"https:\/\/internetaddictsanonymous.org\/haw\/na-halawai-pilikino\/%ca%bbamelika-hui-pu-%ca%bbia-ma\/\">Massachusetts (MA)<\/a><\/strong><\/p>\n\n\n\n<p class=\"wp-container-content-2155ee95\"><strong><a href=\"https:\/\/internetaddictsanonymous.org\/haw\/na-halawai-pilikino\/%ca%bbamelika-hui-pu-%ca%bbia\/\">Michigan (MI)<\/a><\/strong><\/p>\n\n\n\n<p><strong><a href=\"https:\/\/internetaddictsanonymous.org\/haw\/na-halawai-pilikino\/%ca%bbamelika-hui-pu-%ca%bbia-mn\/\">Minnesota (MN)<\/a><\/strong><\/p>\n\n\n\n<p><strong><a href=\"https:\/\/internetaddictsanonymous.org\/haw\/na-halawai-pilikino\/%ca%bbamelika-hui-pu-%ca%bbia-new-jersey\/\">Nu\u02bbei (NJ)<\/a><\/strong><\/p>\n\n\n\n<p><span><a style=\"font-weight: bold;\" href=\"https:\/\/internetaddictsanonymous.org\/haw\/na-halawai-pilikino\/%ca%bbamelika-hui-pu-%ca%bbia-ny\/\"><strong>Nu Ioka (NY)<\/strong><\/a><\/span><\/p>\n\n\n\n<p><strong><a href=\"https:\/\/internetaddictsanonymous.org\/haw\/na-halawai-pilikino\/usa-nc-cary\/\">\u02bbO Carolina \u02bb\u0100kau (NC)<\/a><\/strong><\/p>\n\n\n\n<p><strong><a href=\"https:\/\/internetaddictsanonymous.org\/haw\/na-halawai-pilikino\/%ca%bbamelika-hui-pu-%ca%bbia-a-i-%ca%bbole\/\">\u02bbOrekena (OR)<\/a><\/strong><\/p>\n\n\n\n<p><a href=\"https:\/\/internetaddictsanonymous.org\/haw\/na-halawai-pilikino\/makou-pa\/\"><strong>Pennsylvania (PA)<\/strong><\/a><\/p>\n\n\n\n<p><a href=\"https:\/\/internetaddictsanonymous.org\/haw\/na-halawai-pilikino\/makou-tx\/\"><strong>Tekasa (TX)<\/strong><\/a><\/p>\n\n\n\n<p><a href=\"https:\/\/internetaddictsanonymous.org\/haw\/na-halawai-pilikino\/us-va\/\"><strong>Virginia (VA)<\/strong><\/a><\/p>\n\n\n\n<p class=\"wp-container-content-2155ee95\"><a href=\"https:\/\/internetaddictsanonymous.org\/haw\/%ca%bbitaa-ma-new-mexico\/\"><strong>Mekiko Hou<\/strong> <strong>(NM)<\/strong><\/a><\/p>\n\n\n\n<p class=\"wp-container-content-2155ee95\"><a href=\"https:\/\/internetaddictsanonymous.org\/haw\/na-halawai-pilikino\/makou-wa\/\" type=\"link\" id=\"https:\/\/internetaddictsanonymous.org\/in-person-meetings\/us-wa\/\"><strong>Wakinekona, (WA)<\/strong><\/a><\/p>\n\n\n\n<p class=\"has-text-color has-link-color wp-elements-1dff8357ef80e4759c8e5087f05737ec wp-container-content-2155ee95\" style=\"color:#ed960c\"><a href=\"https:\/\/internetaddictsanonymous.org\/haw\/%ca%bbitaa-ma-ohio-us\/\" type=\"link\" id=\"https:\/\/internetaddictsanonymous.org\/in-person-meetings\/us-wa\/\"><strong>\u02bbOhio, (OH), (Hiki ke hana)<\/strong><\/a><\/p>\n\n\n\n<p class=\"has-text-color has-link-color wp-elements-d72c7d9f12d12fdc7de15f994725d9af wp-container-content-2155ee95\" style=\"color:#ed960c\"><strong><a href=\"https:\/\/internetaddictsanonymous.org\/haw\/%ca%bbitaa-ma-tennessee-us\/\" type=\"link\" id=\"https:\/\/internetaddictsanonymous.org\/itaa-in-tennessee-us\/\">Tennessee (TN), (Hiki ke hana)<\/a><\/strong><\/p>\n<\/div>\n\n\n\n<p><\/p>\n\n\n\n<h3 class=\"wp-block-heading\" id=\"united-states\">Kanaka<\/h3>\n\n\n\n<div class=\"wp-block-group is-layout-grid wp-container-core-group-is-layout-6be84c55 wp-block-group-is-layout-grid\">\n<p><strong><a href=\"https:\/\/internetaddictsanonymous.org\/haw\/na-halawai-pilikino\/kanada-montreal\/\"><span style=\"color:orange;\">Montreal (Hiki ke hana)<\/span><\/a><\/strong><\/p>\n\n\n\n<p><strong><a href=\"https:\/\/internetaddictsanonymous.org\/haw\/na-halawai-pilikino\/kanada-toronto\/\">Toronto<\/a><\/strong><\/p>\n\n\n\n<p><strong><a href=\"https:\/\/internetaddictsanonymous.org\/haw\/na-halawai-pilikino\/kanada-vancouver\/\">Wanekoua<\/a><\/strong><\/p>\n<\/div>\n\n\n\n<p><\/p>\n\n\n\n<h3 class=\"wp-block-heading\" id=\"europe\">\u02bbEulopa<\/h3>\n\n\n\n<div class=\"wp-block-group is-layout-grid wp-container-core-group-is-layout-6be84c55 wp-block-group-is-layout-grid\">\n<p class=\"wp-container-content-2155ee95\"><strong><a href=\"https:\/\/internetaddictsanonymous.org\/haw\/na-halawai-pilikino\/pelekiuma\/\">Pelekiuma<\/a><\/strong><\/p>\n\n\n\n<p><strong><a href=\"https:\/\/internetaddictsanonymous.org\/haw\/na-halawai-pilikino\/kenemaka\/\">Kenemaka<\/a><\/strong><\/p>\n\n\n\n<p><a href=\"https:\/\/internetaddictsanonymous.org\/haw\/na-halawai-pilikino\/palani\/\"><strong>Palani<\/strong><\/a><\/p>\n\n\n\n<p><a href=\"https:\/\/internetaddictsanonymous.org\/haw\/kelemania\/\"><strong>Kelem\u0101nia<\/strong><\/a><\/p>\n\n\n\n<p><strong><a href=\"https:\/\/internetaddictsanonymous.org\/haw\/na-halawai-pilikino\/hungary-budapest\/\">Hunakalia<\/a><\/strong><\/p>\n\n\n\n<p class=\"wp-container-content-2155ee95\"><strong><a href=\"https:\/\/internetaddictsanonymous.org\/haw\/na-halawai-pilikino\/polani-bialystok\/\">P\u014dlani<\/a><\/strong><\/p>\n\n\n\n<p><strong><a href=\"https:\/\/internetaddictsanonymous.org\/haw\/na-halawai-pilikino\/pokukala-lisbon\/\"><span style=\"color:orange;\">Pokukala (Hiki ke hana)<\/span><\/a><\/strong><\/p>\n\n\n\n<p class=\"wp-container-content-2155ee95\"><strong><a href=\"https:\/\/internetaddictsanonymous.org\/haw\/na-halawai-pilikino\/rusia-moscow\/\">Lukia<\/a><\/strong><\/p>\n\n\n\n<p class=\"wp-container-content-2155ee95\"><strong><a href=\"https:\/\/internetaddictsanonymous.org\/haw\/na-halawai-pilikino\/uk-lakana\/\">Aupuni M\u014d\u02bb\u012b Hui P\u016b \u02bbia<\/a><\/strong><\/p>\n\n\n\n<p><strong><a href=\"https:\/\/internetaddictsanonymous.org\/haw\/na-halawai-pilikino\/kuekene-uppsala\/\"><span style=\"color:orange;\">Kuekene (Hiki ke hana)<\/span><\/a><\/strong><\/p>\n\n\n\n<p class=\"wp-container-content-2155ee95\"><\/p>\n<\/div>\n\n\n\n<p><\/p>\n\n\n\n<h3 class=\"wp-block-heading\" id=\"united-states\">\u02bbAmelika Latina<\/h3>\n\n\n\n<div class=\"wp-block-group is-layout-grid wp-container-core-group-is-layout-6be84c55 wp-block-group-is-layout-grid\">\n<p><strong><a href=\"https:\/\/internetaddictsanonymous.org\/haw\/na-halawai-pilikino\/%ca%bbargentina-rosario\/\"><span style=\"color:orange;\">\u02bbAsenina (Hiki ke hana)<\/span><\/a><\/strong><\/p>\n\n\n\n<p><strong><a href=\"https:\/\/internetaddictsanonymous.org\/haw\/na-halawai-pilikino\/palakila-sao-paulo\/\"><span style=\"color:orange;\"><mark style=\"background-color:rgba(0, 0, 0, 0)\" class=\"has-inline-color has-dark-gray-color\">Palakila<\/mark><\/span><\/a><\/strong><\/p>\n<\/div>\n\n\n\n<p><\/p>\n\n\n\n<h3 class=\"wp-block-heading\" id=\"united-states\">\u02bb\u0100sia<\/h3>\n\n\n\n<p><strong><a href=\"https:\/\/internetaddictsanonymous.org\/haw\/%ca%bbitaa-ma-ubud-bali\/\">Bali<\/a><\/strong><\/p>\n\n\n\n<p><\/p>\n\n\n\n<h3 class=\"wp-block-heading\" id=\"united-states\">Nuh\u014dlani<\/h3>\n\n\n\n<div class=\"wp-block-group is-layout-grid wp-container-core-group-is-layout-6be84c55 wp-block-group-is-layout-grid\">\n<p class=\"has-text-color has-link-color wp-elements-29f8c962d87ffcb4961f63f819b398bf\" style=\"color:#eb9c1d\"><span style=\"color:orange;\"><strong><a href=\"https:\/\/internetaddictsanonymous.org\/haw\/na-halawai-pilikino\/%ca%bbaukekulelia-bendigo-2\/\">\u02bbAledeila (Hiki ke hana)<\/a><\/strong><\/span><\/p>\n\n\n\n<p class=\"has-text-color has-link-color wp-elements-6d416b4e04b2cdf1cf78c5b35e40c1f2\" style=\"color:#eb9c1d\"><span style=\"color:orange;\"><strong><a href=\"https:\/\/internetaddictsanonymous.org\/haw\/na-halawai-pilikino\/%ca%bbaukekulelia-bendigo\/\">Bendigo (Hiki)<\/a><\/strong><\/span><\/p>\n\n\n\n<p class=\"has-text-color has-link-color wp-elements-18182c25c220774647773385ea18f3bd\" style=\"color:#eb9c1d\"><span style=\"color:orange;\"><strong><a href=\"https:\/\/internetaddictsanonymous.org\/haw\/na-halawai-pilikino\/ke-kai-%ca%bbo-byron-ma-%ca%bbaukekulelia\/\" type=\"link\" id=\"https:\/\/internetaddictsanonymous.org\/in-person-meetings\/australia-byron-bay\/\">Ke Kai \u02bbo Byron (Hiki ke hana \u02bbia)<\/a><\/strong><\/span><\/p>\n\n\n\n<p class=\"wp-container-content-2155ee95\"><a href=\"https:\/\/internetaddictsanonymous.org\/haw\/na-halawai-pilikino\/%ca%bbaukekulelia-geelong\/\"><strong>Geelong<\/strong><\/a><\/p>\n\n\n\n<p><strong><a href=\"https:\/\/internetaddictsanonymous.org\/haw\/na-halawai-pilikino\/%ca%bbaukekulelia-melepone\/\">Melepone<\/a><\/strong><\/p>\n<\/div>\n\n\n\n<p><\/p>\n\n\n\n<h3 class=\"wp-block-heading\" id=\"united-states\">Hikina Waena<\/h3>\n\n\n\n<div class=\"wp-block-group is-layout-grid wp-container-core-group-is-layout-6be84c55 wp-block-group-is-layout-grid\">\n<p><strong><a href=\"https:\/\/internetaddictsanonymous.org\/haw\/na-halawai-pilikino\/%ca%bbisera%ca%bbela-ierusalema\/\">Iseraela<\/a><\/strong><\/p>\n\n\n\n<p class=\"has-text-color has-link-color wp-elements-b0716335ff076c6b5959a5c5625f6875\" style=\"color:#eb9c1d\"><span style=\"color:orange;\"><strong><a href=\"https:\/\/internetaddictsanonymous.org\/haw\/%ca%bbitaa-ma-latakia-suria\/\" type=\"link\" id=\"https:\/\/internetaddictsanonymous.org\/itaa-in-latakia-syria\/\">Suria (Hiki ke hana)<\/a><\/strong><\/span><\/p>\n<\/div>\n\n\n\n<p class=\"has-text-align-center\"><br>-~-<br><\/p>\n\n\n\n<h3 class=\"wp-block-heading\"><strong>Pehea e hana ai n\u0101 h\u0101l\u0101wai?<\/strong><\/h3>\n\n\n\n<p id=\"no-meetings\">In\u0101 \u02bboe e komo ana i kahi h\u0101l\u0101wai no ka manawa mua, \u02bba\u02bbohe pono e hopohopo. He ma\u02bbalahi loa ka hapa nui o k\u0101 m\u0101kou mau h\u0101l\u0101wai; aia i k\u0113l\u0101 me k\u0113ia h\u0101l\u0101wai kahi luna ho\u02bbomalu e alaka\u02bbi ana i ka h\u0101l\u0101wai, a \u02bbo ka hapa nui o n\u0101 h\u0101l\u0101wai he ho\u02bbokahi hola ka l\u014d\u02bbihi. Heluhelu ke luna ho\u02bbomalu a me n\u0101 mea manawale\u02bba \u02bb\u0113 a\u02bbe i kekahi mau \u02bb\u014dlelo wehe, ma mua o ko m\u0101kou wehe \u02bbana i ka h\u0101l\u0101wai no n\u0101 l\u0101l\u0101 e ka\u02bbana like. \u02bbA\u02bbohe koi e ka\u02bbana like, a ua maika\u02bbi ke ho\u02bbolohe wale. Hiki i\u0101 \u02bboe ke ka\u02bbana like i kou \u02bbano, a i \u02bbole e ho\u02bbolauna wale i\u0101 \u02bboe iho a me n\u0101 mea i lawe mai i\u0101 \u02bboe i ITAA. In\u0101 \u02bba\u02bbole i noi \u02bbia e ka l\u0101l\u0101 e ka\u02bbana like ana, \u02bba\u02bbole m\u0101kou e h\u0101\u02bbawi i n\u0101 mana\u02bbo a i \u02bbole n\u0101 mana\u02bbo e pane ana i n\u0101 ka\u02bbana like a ha\u02bbi; ho\u02bbolohe wale m\u0101kou me ka ho\u02bbohewa \u02bbole. I ka hopena o ka hola, e pau ka h\u0101l\u0101wai me kekahi mau \u02bb\u014dlelo pani, ma hope o ka noho mau \u02bbana o n\u0101 l\u0101l\u0101 e kama\u02bbilio ma\u02bbamau, n\u012bnau i n\u0101 n\u012bnau, a ho\u02bbololi i n\u0101 kiko\u02bb\u012b pili.<\/p>\n\n\n\n<h3 class=\"wp-block-heading\"><strong>He aha in\u0101 \u02bba\u02bbohe h\u0101l\u0101wai ma ko\u02bbu k\u016blanakauhale?<\/strong><\/h3>\n\n\n\n<ul class=\"wp-block-list\">\n<li>\u02bbOiai \u02bboe e kali ana no kahi h\u0101l\u0101wai k\u016bloko, <strong>ke paipai aku nei m\u0101kou i\u0101 \u02bboe e ho\u02bb\u0101\u02bbo e hele i kekahi o k\u0101 m\u0101kou <a href=\"https:\/\/internetaddictsanonymous.org\/haw\/na-halawai-punaewele\/\">n\u0101 h\u0101l\u0101wai p\u016bnaewele<\/a><\/strong>. He kumuwaiwai kupaianaha l\u0101kou e hiki ke k\u014dkua i\u0101 \u02bboe e ho\u02bbolilo <em>emi mai<\/em> manawa ma ka pale.<\/li>\n\n\n\n<li>Hiki i\u0101 \u02bboe ke ho\u02bbomaka i kahi h\u0101l\u0101wai hou a ho\u02bbouna i\u0101 \u02bboe iho <a href=\"https:\/\/internetaddictsanonymous.org\/haw\/ho%ca%bboka%ca%bba%ca%bbike\/\">leka ho\u02bboka\u02bba\u02bbike<\/a> i n\u0101 luna p\u016bnaewele i hiki i\u0101 l\u0101kou ke pa\u02bbi ma k\u0113ia \u02bbao\u02bbao. No ka \u02bbike hou aku, paipai m\u0101kou i\u0101 \u02bboe e heluhelu i k\u0101 m\u0101kou <a href=\"https:\/\/internetaddictsanonymous.org\/haw\/leading-and-strengthening-meetings\/\">n\u0101 mana\u02bbo no ka ho\u02bbomaka \u02bbana i kahi h\u0101l\u0101wai hou<\/a>.<\/li>\n\n\n\n<li>Hiki i\u0101 \u02bboe ke <a href=\"https:\/\/internetaddictsanonymous.org\/haw\/ho%ca%bboka%ca%bba%ca%bbike\/\">e ho\u02bboka\u02bba\u02bbike aku i n\u0101 luna p\u016bnaewele<\/a> a e noi i\u0101 l\u0101kou e papa inoa i kou k\u016blanakauhale me k\u0101u \u02bbike pili a me kahi memo p\u014dkole e wehewehe ana e mana\u02bbolana ana \u02bboe e ho\u02bbomaka koke i kahi h\u0101l\u0101wai hou. E \u02bbae k\u0113ia i n\u0101 l\u0101l\u0101 k\u016bloko \u02bb\u0113 a\u02bbe e ho\u02bboka\u02bba\u02bbike aku i\u0101 \u02bboe. <\/li>\n\n\n\n<li>In\u0101 makemake \u02bboe e ho\u02bbomaopopo \u02bbia i ka w\u0101 e ho\u02bbomaka ai kahi h\u0101l\u0101wai ITAA hou ma kou wahi, hiki i\u0101 \u02bboe ke ho\u02bbopau i k\u0113ia&nbsp;<a href=\"https:\/\/forms.gle\/YXq4MFhxixg66kiF6\">palapala<\/a> i hiki i\u0101 m\u0101kou ke ho\u02bbomau i kou \u02bbike hou \u02bbia.<\/li>\n<\/ul>\n<!-- PMB print buttons is only displayed on a single post\/page URLs-->","protected":false},"excerpt":{"rendered":"<p>Welina mai! Aia ma lalo kahi papa inoa o n\u0101 h\u0101l\u0101wai ITAA o k\u0113ia manawa a me n\u0101 h\u0101l\u0101wai e hiki mai ana. In\u0101 he mea hou \u02bboe, paipai m\u0101kou i\u0101 \u02bboe e ho\u02bb\u0101\u02bbo e hele i \u02bbeono mau h\u0101l\u0101wai i loko o kahi manawa p\u014dkole e \u02bbike ai in\u0101 he k\u014dkua paha k\u0101 m\u0101kou papahana i\u0101 \u02bboe. No ka n\u0101n\u0101 \u02bbana i k\u0113ia palapala \u02bb\u0101ina ma ka pale piha, hiki i\u0101 \u02bboe ke kaomi ma ane\u02bbi. \u02bbO k\u0113l\u0101 me k\u0113ia wahi kahi i loa\u02bba ai i k\u0113ia manawa ... <a href=\"https:\/\/internetaddictsanonymous.org\/haw\/in-person-meetings\/\" class=\"more-link\">E ho\u02bbomau i ka heluhelu \u02bbana <span class=\"screen-reader-text\">N\u0101 H\u0101l\u0101wai Pili Kanaka<\/span><\/a><\/p>","protected":false},"author":35194237,"featured_media":0,"parent":0,"menu_order":0,"comment_status":"closed","ping_status":"closed","template":"full-width-page.php","meta":{"inline_featured_image":false,"_lmt_disableupdate":"no","_lmt_disable":"","footnotes":""},"tags":[655524897,655524899,307668,655524904,655524894,655524896,655524898,655524895,655524900,534293,1410996],"class_list":["post-148","page","type-page","status-publish","hentry","tag-dallas","tag-denver","tag-internet-addiction","tag-internet-addicts-anonymous","tag-internet-smartphone-and-gaming-addicts-anonymous","tag-pasadena","tag-plano","tag-san-jose","tag-smartphone-addiction","tag-support-group","tag-technology-addiction"],"yoast_head":"<!-- This site is optimized with the Yoast SEO plugin v27.5 - https:\/\/yoast.com\/product\/yoast-seo-wordpress\/ -->\n<title>In-Person Meetings &#8211; Internet and Technology Addicts Anonymous<\/title>\n<meta name=\"description\" content=\"Information for local meetings in 16 countries around the world, including 17 US states -- and coming soon to a location near you!\" \/>\n<meta name=\"robots\" content=\"index, follow, max-snippet:-1, max-image-preview:large, max-video-preview:-1\" \/>\n<link rel=\"canonical\" href=\"https:\/\/internetaddictsanonymous.org\/haw\/na-halawai-pilikino\/\" \/>\n<meta property=\"og:locale\" content=\"en_US\" \/>\n<meta property=\"og:type\" content=\"article\" \/>\n<meta property=\"og:title\" content=\"In-Person Meetings &#8211; Internet and Technology Addicts Anonymous\" \/>\n<meta property=\"og:description\" content=\"Information for local meetings in 16 countries around the world, including 17 US states -- and coming soon to a location near you!\" \/>\n<meta property=\"og:url\" content=\"https:\/\/internetaddictsanonymous.org\/haw\/na-halawai-pilikino\/\" \/>\n<meta property=\"og:site_name\" content=\"Internet and Technology Addicts Anonymous\" \/>\n<meta property=\"article:modified_time\" content=\"2026-04-27T12:57:13+00:00\" \/>\n<meta name=\"twitter:card\" content=\"summary_large_image\" \/>\n<meta name=\"twitter:label1\" content=\"Est. reading time\" \/>\n\t<meta name=\"twitter:data1\" content=\"3 minutes\" \/>\n<script type=\"application\/ld+json\" class=\"yoast-schema-graph\">{\"@context\":\"https:\\\/\\\/schema.org\",\"@graph\":[{\"@type\":\"WebPage\",\"@id\":\"https:\\\/\\\/internetaddictsanonymous.org\\\/in-person-meetings\\\/\",\"url\":\"https:\\\/\\\/internetaddictsanonymous.org\\\/in-person-meetings\\\/\",\"name\":\"In-Person Meetings &#8211; Internet and Technology Addicts Anonymous\",\"isPartOf\":{\"@id\":\"https:\\\/\\\/internetaddictsanonymous.org\\\/#website\"},\"datePublished\":\"2018-12-31T19:54:10+00:00\",\"dateModified\":\"2026-04-27T12:57:13+00:00\",\"description\":\"Information for local meetings in 16 countries around the world, including 17 US states -- and coming soon to a location near you!\",\"breadcrumb\":{\"@id\":\"https:\\\/\\\/internetaddictsanonymous.org\\\/in-person-meetings\\\/#breadcrumb\"},\"inLanguage\":\"haw-US\",\"potentialAction\":[{\"@type\":\"ReadAction\",\"target\":[\"https:\\\/\\\/internetaddictsanonymous.org\\\/in-person-meetings\\\/\"]}]},{\"@type\":\"BreadcrumbList\",\"@id\":\"https:\\\/\\\/internetaddictsanonymous.org\\\/in-person-meetings\\\/#breadcrumb\",\"itemListElement\":[{\"@type\":\"ListItem\",\"position\":1,\"name\":\"Home\",\"item\":\"https:\\\/\\\/internetaddictsanonymous.org\\\/\"},{\"@type\":\"ListItem\",\"position\":2,\"name\":\"In-Person Meetings\"}]},{\"@type\":\"WebSite\",\"@id\":\"https:\\\/\\\/internetaddictsanonymous.org\\\/#website\",\"url\":\"https:\\\/\\\/internetaddictsanonymous.org\\\/\",\"name\":\"Internet and Technology Addicts Anonymous\",\"description\":\"Worldwide 12-step Fellowship for Internet and Technology Addiction\",\"publisher\":{\"@id\":\"https:\\\/\\\/internetaddictsanonymous.org\\\/#organization\"},\"potentialAction\":[{\"@type\":\"SearchAction\",\"target\":{\"@type\":\"EntryPoint\",\"urlTemplate\":\"https:\\\/\\\/internetaddictsanonymous.org\\\/?s={search_term_string}\"},\"query-input\":{\"@type\":\"PropertyValueSpecification\",\"valueRequired\":true,\"valueName\":\"search_term_string\"}}],\"inLanguage\":\"haw-US\"},{\"@type\":\"Organization\",\"@id\":\"https:\\\/\\\/internetaddictsanonymous.org\\\/#organization\",\"name\":\"Internet and Technology Addicts Anonymous\",\"url\":\"https:\\\/\\\/internetaddictsanonymous.org\\\/\",\"logo\":{\"@type\":\"ImageObject\",\"inLanguage\":\"haw-US\",\"@id\":\"https:\\\/\\\/internetaddictsanonymous.org\\\/#\\\/schema\\\/logo\\\/image\\\/\",\"url\":\"https:\\\/\\\/internetaddictsanonymous.org\\\/wp-content\\\/uploads\\\/2023\\\/01\\\/cropped-ITAA-logo-480px.png\",\"contentUrl\":\"https:\\\/\\\/internetaddictsanonymous.org\\\/wp-content\\\/uploads\\\/2023\\\/01\\\/cropped-ITAA-logo-480px.png\",\"width\":480,\"height\":480,\"caption\":\"Internet and Technology Addicts Anonymous\"},\"image\":{\"@id\":\"https:\\\/\\\/internetaddictsanonymous.org\\\/#\\\/schema\\\/logo\\\/image\\\/\"}}]}<\/script>\n<!-- \/ Yoast SEO plugin. -->","yoast_head_json":{"title":"N\u0101 H\u0101l\u0101wai Pili Kanaka - P\u016bnaewele a me n\u0101 \u02bbIke loea Anonymous","description":"\u02bbIke no n\u0101 h\u0101l\u0101wai k\u016bloko ma 16 mau \u02bb\u0101ina a puni ka honua, me 17 mau moku\u02bb\u0101ina o \u02bbAmelika Hui P\u016b \u02bbIa -- a e hiki koke mai ana i kahi kokoke i\u0101 \u02bboe!","robots":{"index":"index","follow":"follow","max-snippet":"max-snippet:-1","max-image-preview":"max-image-preview:large","max-video-preview":"max-video-preview:-1"},"canonical":"https:\/\/internetaddictsanonymous.org\/haw\/na-halawai-pilikino\/","og_locale":"en_US","og_type":"article","og_title":"In-Person Meetings &#8211; Internet and Technology Addicts Anonymous","og_description":"Information for local meetings in 16 countries around the world, including 17 US states -- and coming soon to a location near you!","og_url":"https:\/\/internetaddictsanonymous.org\/haw\/na-halawai-pilikino\/","og_site_name":"Internet and Technology Addicts Anonymous","article_modified_time":"2026-04-27T12:57:13+00:00","twitter_card":"summary_large_image","twitter_misc":{"Est. reading time":"3 minutes"},"schema":{"@context":"https:\/\/schema.org","@graph":[{"@type":"WebPage","@id":"https:\/\/internetaddictsanonymous.org\/in-person-meetings\/","url":"https:\/\/internetaddictsanonymous.org\/in-person-meetings\/","name":"N\u0101 H\u0101l\u0101wai Pili Kanaka - P\u016bnaewele a me n\u0101 \u02bbIke loea Anonymous","isPartOf":{"@id":"https:\/\/internetaddictsanonymous.org\/#website"},"datePublished":"2018-12-31T19:54:10+00:00","dateModified":"2026-04-27T12:57:13+00:00","description":"\u02bbIke no n\u0101 h\u0101l\u0101wai k\u016bloko ma 16 mau \u02bb\u0101ina a puni ka honua, me 17 mau moku\u02bb\u0101ina o \u02bbAmelika Hui P\u016b \u02bbIa -- a e hiki koke mai ana i kahi kokoke i\u0101 \u02bboe!","breadcrumb":{"@id":"https:\/\/internetaddictsanonymous.org\/in-person-meetings\/#breadcrumb"},"inLanguage":"haw-US","potentialAction":[{"@type":"ReadAction","target":["https:\/\/internetaddictsanonymous.org\/in-person-meetings\/"]}]},{"@type":"BreadcrumbList","@id":"https:\/\/internetaddictsanonymous.org\/in-person-meetings\/#breadcrumb","itemListElement":[{"@type":"ListItem","position":1,"name":"Home","item":"https:\/\/internetaddictsanonymous.org\/"},{"@type":"ListItem","position":2,"name":"In-Person Meetings"}]},{"@type":"WebSite","@id":"https:\/\/internetaddictsanonymous.org\/#website","url":"https:\/\/internetaddictsanonymous.org\/","name":"N\u0101 mea ho\u02bbopilikia p\u016bnaewele a me ka \u02bbenehana Anonymous","description":"\u02bbO ka Fellowship honua 12-step no ka ho\u02bbohui \u02bbana i ka P\u016bnaewele a me ka \u02bbenehana","publisher":{"@id":"https:\/\/internetaddictsanonymous.org\/#organization"},"potentialAction":[{"@type":"SearchAction","target":{"@type":"EntryPoint","urlTemplate":"https:\/\/internetaddictsanonymous.org\/?s={search_term_string}"},"query-input":{"@type":"PropertyValueSpecification","valueRequired":true,"valueName":"search_term_string"}}],"inLanguage":"haw-US"},{"@type":"Organization","@id":"https:\/\/internetaddictsanonymous.org\/#organization","name":"N\u0101 mea ho\u02bbopilikia p\u016bnaewele a me ka \u02bbenehana Anonymous","url":"https:\/\/internetaddictsanonymous.org\/","logo":{"@type":"ImageObject","inLanguage":"haw-US","@id":"https:\/\/internetaddictsanonymous.org\/#\/schema\/logo\/image\/","url":"https:\/\/internetaddictsanonymous.org\/wp-content\/uploads\/2023\/01\/cropped-ITAA-logo-480px.png","contentUrl":"https:\/\/internetaddictsanonymous.org\/wp-content\/uploads\/2023\/01\/cropped-ITAA-logo-480px.png","width":480,"height":480,"caption":"Internet and Technology Addicts Anonymous"},"image":{"@id":"https:\/\/internetaddictsanonymous.org\/#\/schema\/logo\/image\/"}}]}},"jetpack_sharing_enabled":true,"jetpack_shortlink":"https:\/\/wp.me\/P9Fwob-2o","_links":{"self":[{"href":"https:\/\/internetaddictsanonymous.org\/haw\/wp-json\/wp\/v2\/pages\/148","targetHints":{"allow":["GET"]}}],"collection":[{"href":"https:\/\/internetaddictsanonymous.org\/haw\/wp-json\/wp\/v2\/pages"}],"about":[{"href":"https:\/\/internetaddictsanonymous.org\/haw\/wp-json\/wp\/v2\/types\/page"}],"author":[{"embeddable":true,"href":"https:\/\/internetaddictsanonymous.org\/haw\/wp-json\/wp\/v2\/users\/35194237"}],"replies":[{"embeddable":true,"href":"https:\/\/internetaddictsanonymous.org\/haw\/wp-json\/wp\/v2\/comments?post=148"}],"version-history":[{"count":100,"href":"https:\/\/internetaddictsanonymous.org\/haw\/wp-json\/wp\/v2\/pages\/148\/revisions"}],"predecessor-version":[{"id":21269,"href":"https:\/\/internetaddictsanonymous.org\/haw\/wp-json\/wp\/v2\/pages\/148\/revisions\/21269"}],"wp:attachment":[{"href":"https:\/\/internetaddictsanonymous.org\/haw\/wp-json\/wp\/v2\/media?parent=148"}],"wp:term":[{"taxonomy":"post_tag","embeddable":true,"href":"https:\/\/internetaddictsanonymous.org\/haw\/wp-json\/wp\/v2\/tags?post=148"}],"curies":[{"name":"wp","href":"https:\/\/api.w.org\/{rel}","templated":true}]}}