{"id":14942,"date":"2023-01-28T15:21:29","date_gmt":"2023-01-28T20:21:29","guid":{"rendered":"https:\/\/internetaddictsanonymous.org\/?page_id=14942"},"modified":"2023-01-28T15:21:31","modified_gmt":"2023-01-28T20:21:31","slug":"ka-ho%ca%bbopili-%ca%bbenehana","status":"publish","type":"page","link":"https:\/\/internetaddictsanonymous.org\/haw\/technology-addiction\/","title":{"rendered":"\u02bbAi \u02bbenehana"},"content":{"rendered":"<p>Ke no\u02bbono\u02bbo nei paha \u02bboe in\u0101 he kanaka \u02bbenehana \u02bboe. Hiki i n\u0101 n\u012bnau ma lalo nei ke h\u0101\u02bbawi i\u0101 \u02bboe i kahi mea\u02bbai no ka no\u02bbono\u02bbo \u02bbana a hana ma ke \u02bbano he alaka\u02bbi e ho\u02bboholo ai i kou k\u016blana. In\u0101 \u02bbae \u02bboe i ka hapa nui o n\u0101 n\u012bnau ma lalo nei, hiki i ka ITAA ke k\u014dkua i\u0101 \u02bboe.<\/p>\n\n\n\n<ol class=\"wp-block-list\">\n<li>Ke h\u016bn\u0101 nei \u02bboe a wahahe\u02bbe paha e pili ana i k\u0101u ho\u02bbohana \u02bbana i ka \u02bbenehana?<\/li>\n\n\n\n<li>Ke mana\u02bbo nei \u02bboe ua nele \u02bboe i ka na\u02bbau ke \u02bbole \u02bboe e ho\u02bbohana i ka \u02bbenehana?<\/li>\n\n\n\n<li>Ua ho\u02bbomaha iki anei \u02bboe mai ka ho\u02bbohana \u02bbana i ka \u02bbenehana a inu nui i kou w\u0101 e ho\u02bbi mai ana?<\/li>\n\n\n\n<li>Ke huh\u016b, ke h\u014d\u02bbolu\u02bbolu nei \u02bboe i\u0101 \u02bboe iho me ka \u02bbenehana a i \u02bbole n\u0101 ho\u02bbol\u0101l\u0101 e ho\u02bbohana i ka \u02bbenehana?<\/li>\n\n\n\n<li>\u02bbO ka ho\u02bbohana \u02bbana i ka \u02bbenehana ka mea mua \u0101u e hana ai ke ala \u02bboe?<\/li>\n\n\n\n<li>\u02bbO ka ho\u02bbohana \u02bbana i ka \u02bbenehana ka mea hope loa \u0101u e hana ai ma mua o kou hiamoe \u02bbana?<\/li>\n\n\n\n<li>Ke kau nei \u02bboe i n\u0101 palena a puni ka ho\u02bbohana \u02bbana i ka \u02bbenehana a laila uha\u02bbi i\u0101 l\u0101kou, e ho\u02bbohana ana no ka manawa l\u014d\u02bbihi ma mua o ka mea i mana\u02bbo \u02bbia?<\/li>\n\n\n\n<li>Ke lilo nei \u02bboe i n\u0101 hola o ka hiamoe i ka ho\u02bbohana \u02bbana i ka \u02bbenehana?<\/li>\n\n\n\n<li>Ua k\u0101hea mai \u02bboe no ka ma\u02bbi a lohi paha i ka hana a ua ha\u02bbalele paha \u02bboe i n\u0101 papa e ho\u02bbohana i ka \u02bbenehana?<\/li>\n\n\n\n<li>Ua ho\u02bbohiki anei \u02bboe e k\u0101pae i kahi \u02bbano hana \u02bbenehana, wehe a \u0101lai paha i\u0101 ia, a ma hope ho\u02bbi e ho\u02bbi i ia?<\/li>\n\n\n\n<li>Ke mana\u02bbo nei \u02bboe i ka hewa a me ka hilahila e pili ana i k\u0101u ho\u02bbohana \u02bbana i ka \u02bbenehana?<\/li>\n\n\n\n<li>Ke k\u014dkua nei ka ho\u02bbohana \u02bbana i ka \u02bbenehana i ka pale \u02bbana a i \u02bbole ka ha\u02bbalele \u02bbana i n\u0101 pilina pilikino?<\/li>\n\n\n\n<li>Ke \u02bbike nei \u02bboe \u02bba\u02bbole hiki i\u0101 \u02bboe ke k\u0101lele aku i kekahi mea \u02bb\u0113 a\u02bbe ma mua o ka \u02bbenehana?<\/li>\n\n\n\n<li>Ua pilikia anei \u02bboe i ke k\u0101l\u0101 a i \u02bbole ka \u02bboihana ma muli o ka ho\u02bbohana pono \u02bbana i ka \u02bbenehana?<\/li>\n\n\n\n<li>Makemake \u02bboe \u02bba\u02bbole \u02bboe e ho\u02bbohana nei i ka \u02bbenehana i ka manawa like me ka mana\u02bbo \u02bba\u02bbole hiki i\u0101 \u02bboe ke ho&#039;\u014dki?<\/li>\n\n\n\n<li>Loa\u02bba i\u0101 \u02bboe n\u0101 ho\u02bboma\u02bbama\u02bba \u02bbenehana e mau ana i ka p\u014d a pau, a i \u02bbole no n\u0101 l\u0101 he nui i ka l\u0101lani?<\/li>\n\n\n\n<li>Ke h\u014d\u02bbalo nei \u02bboe i n\u0101 hanana pilikanaka e ho\u02bbohana ai i ka \u02bbenehana?<\/li>\n\n\n\n<li>Ke \u02bbai nei \u02bboe i ka w\u0101 e ho\u02bbohana ana i ka \u02bbenehana a poina paha i\u0101 \u02bboe e \u02bbai i ka w\u0101 e ho\u02bbohana ana i ka \u02bbenehana?<\/li>\n\n\n\n<li>Loa\u02bba i\u0101 \u02bboe n\u0101 mana\u02bbo ko\u02bbiko\u02bbi (ki\u02bbeki\u02bbe, ha\u02bbaha\u02bba, huh\u016b, maka\u02bbu) i ka w\u0101 e ho\u02bbohana ana i ka \u02bbenehana?<\/li>\n\n\n\n<li>Ke ho\u02bbohana nei \u02bboe i ka \u02bbenehana e ho\u02bbopau i kou mau mana\u02bbo?<\/li>\n<\/ol>\n\n\n\n<p>\u02bbO ka hapa nui o m\u0101kou e \u02bbike nei he po\u02bbe \u02bbenehana loea e pane \u02bbae i n\u0101 n\u012bnau he nui. In\u0101 ua pane \u02bboe i kekahi o l\u0101kou, e no\u02bbono\u02bbo paha \u02bboe e heluhelu i k\u0101 m\u0101kou <a href=\"https:\/\/internetaddictsanonymous.org\/haw\/alaka%ca%bbi-no-na-po%ca%bbe-hou\/\">alaka\u02bbi no n\u0101 po\u02bbe hou<\/a> e ho\u02bbomaka e \u02bbimi i n\u0101 ho\u02bbon\u0101 k\u016bpono e hiki i k\u0101 m\u0101kou papahana ke h\u0101\u02bbawi.<\/p>\n\n\n\n<p>Eia kekahi mau n\u012bnau hou a\u02bbe e hiki ke k\u014dkua i\u0101 \u02bboe e \u02bbike i n\u0101 \u02bbano hana ho\u02bbopiopio a ho\u02bbopiopio hou a\u02bbe paha \u0101u e pili ana i ka ho\u02bbohana \u02bbana i ka \u02bbenehana. Ua pane p\u016b ka hapa nui o m\u0101kou i ka \u02bbae i k\u0113ia mau n\u012bnau.<\/p>\n\n\n\n<ul class=\"wp-block-list\">\n<li>Ke \u02bbimi nei \u02bboe i kahi kumuhana, huahana a ho\u02bboholo paha ma ka p\u016bnaewele me ka no\u02bbono\u02bbo nui \u02bbana, ma mua o ka loa\u02bba \u02bbana o ka hopena?<\/li>\n\n\n\n<li>Ke n\u0101n\u0101 nei \u02bboe i n\u0101 wiki\u014d, n\u0101 ki\u02bbi\u02bboni\u02bboni a i \u02bbole n\u0101 h\u014d\u02bbike TV ma ka p\u016bnaewele me ka hiki \u02bbole ke ho\u02bb\u014dki?<\/li>\n\n\n\n<li>Ke komo hewa nei \u02bboe i loko o n\u0101 hana \u02bbenehana me ka \u02bbike \u02bbole?<\/li>\n\n\n\n<li>Ke ho\u02bbohana nei \u02bboe i ka \u02bbenehana e nalo aku mai ke ao nei?<\/li>\n\n\n\n<li>Ke ho\u02bbohana nui nei \u02bboe i ka \u02bbenehana ma mua o kahi l\u0101 palena nui?<\/li>\n\n\n\n<li>Ke ho\u02bbowah\u0101wah\u0101 nei \u02bboe i ka ho\u02bboma\u02bbema\u02bbe pilikino i ka w\u0101 e ho\u02bbohana ai i ka \u02bbenehana?<\/li>\n\n\n\n<li>Ke huh\u016b nei \u02bboe a ho\u02bbomaha \u02bbole ke ho\u02bbohana \u02bbole \u02bboe i ka \u02bbenehana no kekahi mau l\u0101, a i \u02bbole kekahi mau hola?<\/li>\n\n\n\n<li>Ke lili nei \u02bboe i n\u0101 po\u02bbe hiki ke ho\u02bbohana pono i ka \u02bbenehana?<\/li>\n\n\n\n<li>Ke mana\u02bbo nei \u02bboe ua pau mau kou manawa?<\/li>\n\n\n\n<li>Ua \u02bbeha anei \u02bboe i ke kino ma muli o ka ho\u02bbohana nui \u02bbana i ka \u02bbenehana?<\/li>\n\n\n\n<li>Ke hopohopo nei kekahi i kou ola e pili ana i k\u0101u ho\u02bbohana \u02bbana i ka \u02bbenehana?<\/li>\n<\/ul>\n\n\n\n<p>In\u0101 \u02bbae k\u0101u pane i k\u0113ia mau n\u012bnau, paipai m\u0101kou i\u0101 \u02bboe e komo i k\u0101 m\u0101kou mau h\u0101l\u0101wai e a\u02bbo ai in\u0101 hiki i k\u0113ia hui ke k\u014dkua i\u0101 \u02bboe e ho\u02bb\u014dla mai kekahi mau \u02bbano pilikia a luku paha \u0101u e \u02bbeha nei.<\/p>\n\n\n\n<div class=\"wp-block-buttons is-content-justification-left is-layout-flex wp-container-core-buttons-is-layout-fdcfc74e wp-block-buttons-is-layout-flex\">\n<div class=\"wp-block-button has-custom-width wp-block-button__width-50 has-custom-font-size is-style-fill\" style=\"font-size:25px;font-style:normal;font-weight:900\"><a class=\"wp-block-button__link has-white-color has-blue-background-color has-text-color has-background wp-element-button\" href=\"https:\/\/internetaddictsanonymous.org\/haw\/phone-online-meetings\/\" style=\"border-radius:100px\">E hui p\u016b me kahi h\u0101l\u0101wai<\/a><\/div>\n\n\n<\/div>\n<!-- PMB print buttons is only displayed on a single post\/page URLs-->","protected":false},"excerpt":{"rendered":"<p>Ke no\u02bbono\u02bbo nei paha \u02bboe in\u0101 he kanaka \u02bbenehana \u02bboe. Hiki i n\u0101 n\u012bnau ma lalo nei ke h\u0101\u02bbawi i\u0101 \u02bboe i kahi mea\u02bbai no ka no\u02bbono\u02bbo \u02bbana a hana ma ke \u02bbano he alaka\u02bbi e ho\u02bboholo ai i kou k\u016blana. In\u0101 \u02bboe e pane \u02bbae i ka hapa nui o n\u0101 n\u012bnau ma lalo nei, hiki i ka ITAA ke k\u014dkua i\u0101 \u02bboe. \u02bbO ka hapa nui o m\u0101kou e \u02bbike nei he po\u02bbe \u02bbenehana \u02bbenehana e pane \u02bbae ... <a href=\"https:\/\/internetaddictsanonymous.org\/haw\/technology-addiction\/\" class=\"more-link\">E ho\u02bbomau i ka heluhelu \u02bbana <span class=\"screen-reader-text\">\u02bbAi \u02bbenehana<\/span><\/a><\/p>","protected":false},"author":35194237,"featured_media":0,"parent":0,"menu_order":0,"comment_status":"closed","ping_status":"closed","template":"full-width-page.php","meta":{"inline_featured_image":false,"_lmt_disableupdate":"","_lmt_disable":"","jetpack_post_was_ever_published":false,"footnotes":""},"tags":[],"class_list":["post-14942","page","type-page","status-publish","hentry"],"yoast_head":"<!-- This site is optimized with the Yoast SEO plugin v27.3 - https:\/\/yoast.com\/product\/yoast-seo-wordpress\/ -->\n<title>Technology Addiction | Internet and Technology Addicts Anonymous<\/title>\n<meta name=\"description\" content=\"You may be wondering if you suffer from technology addiction. The following questions from ITAA could help you.\" \/>\n<meta name=\"robots\" content=\"index, follow, max-snippet:-1, max-image-preview:large, max-video-preview:-1\" \/>\n<link rel=\"canonical\" href=\"https:\/\/internetaddictsanonymous.org\/haw\/ka-ho\u02bbopili-\u02bbenehana\/\" \/>\n<meta property=\"og:locale\" content=\"en_US\" \/>\n<meta property=\"og:type\" content=\"article\" \/>\n<meta property=\"og:title\" content=\"Technology Addiction | Internet and Technology Addicts Anonymous\" \/>\n<meta property=\"og:description\" content=\"You may be wondering if you suffer from technology addiction. The following questions from ITAA could help you.\" \/>\n<meta property=\"og:url\" content=\"https:\/\/internetaddictsanonymous.org\/haw\/ka-ho\u02bbopili-\u02bbenehana\/\" \/>\n<meta property=\"og:site_name\" content=\"Internet and Technology Addicts Anonymous\" \/>\n<meta property=\"article:modified_time\" content=\"2023-01-28T20:21:31+00:00\" \/>\n<meta name=\"twitter:card\" content=\"summary_large_image\" \/>\n<meta name=\"twitter:label1\" content=\"Est. reading time\" \/>\n\t<meta name=\"twitter:data1\" content=\"3 minutes\" \/>\n<script type=\"application\/ld+json\" class=\"yoast-schema-graph\">{\"@context\":\"https:\\\/\\\/schema.org\",\"@graph\":[{\"@type\":\"WebPage\",\"@id\":\"https:\\\/\\\/internetaddictsanonymous.org\\\/technology-addiction\\\/\",\"url\":\"https:\\\/\\\/internetaddictsanonymous.org\\\/technology-addiction\\\/\",\"name\":\"Technology Addiction | Internet and Technology Addicts Anonymous\",\"isPartOf\":{\"@id\":\"https:\\\/\\\/internetaddictsanonymous.org\\\/#website\"},\"datePublished\":\"2023-01-28T20:21:29+00:00\",\"dateModified\":\"2023-01-28T20:21:31+00:00\",\"description\":\"You may be wondering if you suffer from technology addiction. The following questions from ITAA could help you.\",\"breadcrumb\":{\"@id\":\"https:\\\/\\\/internetaddictsanonymous.org\\\/technology-addiction\\\/#breadcrumb\"},\"inLanguage\":\"haw-US\",\"potentialAction\":[{\"@type\":\"ReadAction\",\"target\":[\"https:\\\/\\\/internetaddictsanonymous.org\\\/technology-addiction\\\/\"]}]},{\"@type\":\"BreadcrumbList\",\"@id\":\"https:\\\/\\\/internetaddictsanonymous.org\\\/technology-addiction\\\/#breadcrumb\",\"itemListElement\":[{\"@type\":\"ListItem\",\"position\":1,\"name\":\"Home\",\"item\":\"https:\\\/\\\/internetaddictsanonymous.org\\\/\"},{\"@type\":\"ListItem\",\"position\":2,\"name\":\"Technology Addiction\"}]},{\"@type\":\"WebSite\",\"@id\":\"https:\\\/\\\/internetaddictsanonymous.org\\\/#website\",\"url\":\"https:\\\/\\\/internetaddictsanonymous.org\\\/\",\"name\":\"Internet and Technology Addicts Anonymous\",\"description\":\"Worldwide 12-step Fellowship for Internet and Technology Addiction\",\"publisher\":{\"@id\":\"https:\\\/\\\/internetaddictsanonymous.org\\\/#organization\"},\"potentialAction\":[{\"@type\":\"SearchAction\",\"target\":{\"@type\":\"EntryPoint\",\"urlTemplate\":\"https:\\\/\\\/internetaddictsanonymous.org\\\/?s={search_term_string}\"},\"query-input\":{\"@type\":\"PropertyValueSpecification\",\"valueRequired\":true,\"valueName\":\"search_term_string\"}}],\"inLanguage\":\"haw-US\"},{\"@type\":\"Organization\",\"@id\":\"https:\\\/\\\/internetaddictsanonymous.org\\\/#organization\",\"name\":\"Internet and Technology Addicts Anonymous\",\"url\":\"https:\\\/\\\/internetaddictsanonymous.org\\\/\",\"logo\":{\"@type\":\"ImageObject\",\"inLanguage\":\"haw-US\",\"@id\":\"https:\\\/\\\/internetaddictsanonymous.org\\\/#\\\/schema\\\/logo\\\/image\\\/\",\"url\":\"https:\\\/\\\/internetaddictsanonymous.org\\\/wp-content\\\/uploads\\\/2023\\\/01\\\/cropped-ITAA-logo-480px.png\",\"contentUrl\":\"https:\\\/\\\/internetaddictsanonymous.org\\\/wp-content\\\/uploads\\\/2023\\\/01\\\/cropped-ITAA-logo-480px.png\",\"width\":480,\"height\":480,\"caption\":\"Internet and Technology Addicts Anonymous\"},\"image\":{\"@id\":\"https:\\\/\\\/internetaddictsanonymous.org\\\/#\\\/schema\\\/logo\\\/image\\\/\"}}]}<\/script>\n<!-- \/ Yoast SEO plugin. -->","yoast_head_json":{"title":"\u02bbA\u02bbai \u02bbenehana | P\u016bnaewele a me n\u0101 mea \u02bbona \u02bbenehana Anonymous","description":"Ke no\u02bbono\u02bbo nei paha \u02bboe in\u0101 \u02bbeha \u02bboe i ka ma\u02bbi \u02bbenehana. Hiki i n\u0101 n\u012bnau a\u02bbe mai ITAA ke k\u014dkua i\u0101 \u02bboe.","robots":{"index":"index","follow":"follow","max-snippet":"max-snippet:-1","max-image-preview":"max-image-preview:large","max-video-preview":"max-video-preview:-1"},"canonical":"https:\/\/internetaddictsanonymous.org\/haw\/ka-ho\u02bbopili-\u02bbenehana\/","og_locale":"en_US","og_type":"article","og_title":"Technology Addiction | Internet and Technology Addicts Anonymous","og_description":"You may be wondering if you suffer from technology addiction. The following questions from ITAA could help you.","og_url":"https:\/\/internetaddictsanonymous.org\/haw\/ka-ho\u02bbopili-\u02bbenehana\/","og_site_name":"Internet and Technology Addicts Anonymous","article_modified_time":"2023-01-28T20:21:31+00:00","twitter_card":"summary_large_image","twitter_misc":{"Est. reading time":"3 minutes"},"schema":{"@context":"https:\/\/schema.org","@graph":[{"@type":"WebPage","@id":"https:\/\/internetaddictsanonymous.org\/technology-addiction\/","url":"https:\/\/internetaddictsanonymous.org\/technology-addiction\/","name":"\u02bbA\u02bbai \u02bbenehana | P\u016bnaewele a me n\u0101 mea \u02bbona \u02bbenehana Anonymous","isPartOf":{"@id":"https:\/\/internetaddictsanonymous.org\/#website"},"datePublished":"2023-01-28T20:21:29+00:00","dateModified":"2023-01-28T20:21:31+00:00","description":"Ke no\u02bbono\u02bbo nei paha \u02bboe in\u0101 \u02bbeha \u02bboe i ka ma\u02bbi \u02bbenehana. Hiki i n\u0101 n\u012bnau a\u02bbe mai ITAA ke k\u014dkua i\u0101 \u02bboe.","breadcrumb":{"@id":"https:\/\/internetaddictsanonymous.org\/technology-addiction\/#breadcrumb"},"inLanguage":"haw-US","potentialAction":[{"@type":"ReadAction","target":["https:\/\/internetaddictsanonymous.org\/technology-addiction\/"]}]},{"@type":"BreadcrumbList","@id":"https:\/\/internetaddictsanonymous.org\/technology-addiction\/#breadcrumb","itemListElement":[{"@type":"ListItem","position":1,"name":"Home","item":"https:\/\/internetaddictsanonymous.org\/"},{"@type":"ListItem","position":2,"name":"Technology Addiction"}]},{"@type":"WebSite","@id":"https:\/\/internetaddictsanonymous.org\/#website","url":"https:\/\/internetaddictsanonymous.org\/","name":"N\u0101 mea ho\u02bbopilikia p\u016bnaewele a me ka \u02bbenehana Anonymous","description":"\u02bbO ka Fellowship honua 12-step no ka ho\u02bbohui \u02bbana i ka P\u016bnaewele a me ka \u02bbenehana","publisher":{"@id":"https:\/\/internetaddictsanonymous.org\/#organization"},"potentialAction":[{"@type":"SearchAction","target":{"@type":"EntryPoint","urlTemplate":"https:\/\/internetaddictsanonymous.org\/?s={search_term_string}"},"query-input":{"@type":"PropertyValueSpecification","valueRequired":true,"valueName":"search_term_string"}}],"inLanguage":"haw-US"},{"@type":"Organization","@id":"https:\/\/internetaddictsanonymous.org\/#organization","name":"N\u0101 mea ho\u02bbopilikia p\u016bnaewele a me ka \u02bbenehana Anonymous","url":"https:\/\/internetaddictsanonymous.org\/","logo":{"@type":"ImageObject","inLanguage":"haw-US","@id":"https:\/\/internetaddictsanonymous.org\/#\/schema\/logo\/image\/","url":"https:\/\/internetaddictsanonymous.org\/wp-content\/uploads\/2023\/01\/cropped-ITAA-logo-480px.png","contentUrl":"https:\/\/internetaddictsanonymous.org\/wp-content\/uploads\/2023\/01\/cropped-ITAA-logo-480px.png","width":480,"height":480,"caption":"Internet and Technology Addicts Anonymous"},"image":{"@id":"https:\/\/internetaddictsanonymous.org\/#\/schema\/logo\/image\/"}}]}},"jetpack_sharing_enabled":true,"jetpack_shortlink":"https:\/\/wp.me\/P9Fwob-3T0","_links":{"self":[{"href":"https:\/\/internetaddictsanonymous.org\/haw\/wp-json\/wp\/v2\/pages\/14942","targetHints":{"allow":["GET"]}}],"collection":[{"href":"https:\/\/internetaddictsanonymous.org\/haw\/wp-json\/wp\/v2\/pages"}],"about":[{"href":"https:\/\/internetaddictsanonymous.org\/haw\/wp-json\/wp\/v2\/types\/page"}],"author":[{"embeddable":true,"href":"https:\/\/internetaddictsanonymous.org\/haw\/wp-json\/wp\/v2\/users\/35194237"}],"replies":[{"embeddable":true,"href":"https:\/\/internetaddictsanonymous.org\/haw\/wp-json\/wp\/v2\/comments?post=14942"}],"version-history":[{"count":1,"href":"https:\/\/internetaddictsanonymous.org\/haw\/wp-json\/wp\/v2\/pages\/14942\/revisions"}],"predecessor-version":[{"id":14943,"href":"https:\/\/internetaddictsanonymous.org\/haw\/wp-json\/wp\/v2\/pages\/14942\/revisions\/14943"}],"wp:attachment":[{"href":"https:\/\/internetaddictsanonymous.org\/haw\/wp-json\/wp\/v2\/media?parent=14942"}],"wp:term":[{"taxonomy":"post_tag","embeddable":true,"href":"https:\/\/internetaddictsanonymous.org\/haw\/wp-json\/wp\/v2\/tags?post=14942"}],"curies":[{"name":"wp","href":"https:\/\/api.w.org\/{rel}","templated":true}]}}