{"id":15697,"date":"2023-04-02T16:03:08","date_gmt":"2023-04-02T20:03:08","guid":{"rendered":"https:\/\/internetaddictsanonymous.org\/?page_id=15697"},"modified":"2024-10-02T19:43:14","modified_gmt":"2024-10-03T02:43:14","slug":"na-papa-hana-%ca%bbanu%ca%bbu","status":"publish","type":"page","link":"https:\/\/internetaddictsanonymous.org\/haw\/step-workshops\/","title":{"rendered":"N\u0101 Papa Hana Hana Ala H\u0101mama"},"content":{"rendered":"<p>Aia i loko o k\u0113ia \u02bbao\u02bbao kahi papa inoa o n\u0101 Papa Hana Hana Alanui H\u0101mama e hiki mai ana, n\u0101 ho\u02bbonohonoho i ho\u02bbonohonoho \u02bbia no ka hana \u02bbana ma o n\u0101 \u02bbanu\u02bbu he \u02bbumikumam\u0101lua o ITAA i loko o kahi hui me ka nui o ke k\u0101ko\u02bbo i k\u016bkulu \u02bbia. Ua ho\u02bbonohonoho \u02bbia n\u0101 h\u0101l\u0101wai i hiki ke hana \u02bbia n\u0101 hana \u0101pau i loko o k\u0101 m\u0101kou manawa h\u0101l\u0101wai (\u02bboiai aia kekahi mau hana k\u0101kau koho i k\u0113l\u0101 me k\u0113ia pule in\u0101 makemake \u02bboe e hele hohonu). E loa\u02bba n\u014d ho\u02bbi i\u0101 \u02bboe kahi manawa k\u016bpono e ho\u02bbok\u016bk\u016b me kahi hoa ka\u02bbana like i hiki i\u0101 \u02bboe ke ka\u02bbana like i k\u0101u hana ma waena o n\u0101 h\u0101l\u0101wai, a e loa\u02bba p\u016b kekahi mau k\u0101ko\u02bbo hui no n\u0101 kelepona ho\u02bbolaha a me ke k\u0101ko\u02bbo hou aku.<\/p>\n\n\n\n<p>Aia kekahi mau papa hana e hui ana i n\u0101 manawa like \u02bbole a me ke ka\u02bbapuni \u02bbana, me n\u0101 papa hana hou e ho\u02bbomaka pinepine ana i k\u0113l\u0101 me k\u0113ia mahina a \u02bbelua paha. I mea e komo ai i kahi ka\u02bbapuni papa hana e hiki mai ana, pono \u02bboe e hele i ka h\u0101l\u0101wai mua e hiki ke loa\u02bba ma ka kalena ma lalo nei. Ma k\u0113ia \u02bbano, e ne\u02bbe k\u0113l\u0101 me k\u0113ia papa hana ma o n\u0101 \u02bbanu\u02bbu ma ke \u02bbano he hui pili, k\u016blike, a k\u016bpa\u02bba. <mark style=\"background-color:rgba(0, 0, 0, 0);color:#000000\" class=\"has-inline-color\">Hiki i\u0101 \u02bboe ke n\u0101n\u0101 i n\u0101 kiko\u02bb\u012b kiko\u02bb\u012b o ka papa hana ma ke kaomi \u02bbana i loko <\/mark><mark style=\"background-color:rgba(0, 0, 0, 0);color:#a35555\" class=\"has-inline-color\">palaunu<\/mark><mark style=\"background-color:rgba(0, 0, 0, 0);color:#000000\" class=\"has-inline-color\"> n\u0101 po\u02bbo inoa. <\/mark><strong><mark style=\"background-color:rgba(0, 0, 0, 0)\" class=\"has-inline-color has-blue-color\">E \u02bbolu\u02bbolu e ho\u02bbomaopopo \u02bbia e \u02bbike wale \u02bbia n\u0101 papa hana ma ka kalena ma lalo nei i kekahi mau pule ma mua o ko l\u0101kou ho\u02bbomaka \u02bbana.<\/mark><\/strong>, a ua hahai n\u0101 h\u0101l\u0101wai i n\u0101 ho\u02bbololi o ka \u02bb\u0101pana manawa US i ka w\u0101 o ka m\u0101lama \u02bbana i ke ao i Malaki a me Nowemapa.<\/p>\n\n\n\n<p><strong>In\u0101 makemake \u02bboe e komo i kahi papa hana (a i \u02bbole e k\u014dkua i ka ho\u02bbomaka \u02bbana i ho\u02bbokahi) a \u02bba\u02bbohe o n\u0101 papa hana e hiki mai ana e k\u016bpono i\u0101 \u02bboe, e \u02bbolu\u02bbolu e ho\u02bbopiha. <a href=\"https:\/\/forms.gle\/HCqduhu715LUnaPs9\">k\u0113ia palapala hoihoi<\/a> <strong>\u2665<\/strong><\/strong><\/p>\n\n\n<p><iframe style=\"height: 500px; width: 100%;\" src=\"https:\/\/teamup.com\/ksnufp4vvpv65w7wno?view=a&amp;showHeader=0&amp;showLogo=0&amp;showTitle=0&amp;disableSidepanel=1&amp;showViewSelector=1\" width=\"100%\" height=\"500\" frameborder=\"0\"><\/iframe><\/p>\n\n\n<p>\u02bbA\u02bbohe pono e kau inoa no ka papa hana\u2014hiki i\u0101 \u02bboe ke hele wale i ka h\u0101l\u0101wai mua a e h\u0101\u02bbawi \u02bbia n\u0101 \u02bbike hou a\u02bbe ma laila.<br><br> <\/p>\n\n\n\n<h3 class=\"wp-block-heading\"><strong>He aha in\u0101 \u02bba\u02bbohe manawa hana e k\u016bpono ia\u02bbu?<\/strong><\/h3>\n\n\n\n<p>\u02bbA\u02bbole paha he papa hana e hiki mai ana i ka manawa k\u016bpono no k\u0101u papa hana. In\u0101 makemake \u02bboe e komo a i \u02bbole e alaka\u02bbi i kahi papa hana me kahi papa hana h\u0101l\u0101wai pule \u02bboko\u02bba, e \u02bbolu\u02bbolu e ho\u02bbopiha <a href=\"https:\/\/forms.gle\/HCqduhu715LUnaPs9\">k\u0113ia palapala hoihoi<\/a>. Eia kekahi, in\u0101 makemake \u02bboe e hana wale i n\u0101 mea me k\u0101u mea k\u0101ko\u02bbo a i \u02bbole kekahi l\u0101l\u0101 \u02bb\u0113 a\u02bbe o ka papahana, hiki ke loa\u02bba n\u0101 palapala hana \u0101pau. <a href=\"https:\/\/drive.google.com\/drive\/folders\/1SLvfAX3EbAwG0LMB7j8dXCfTt_0Y_b69?usp=drive_link\">maanei<\/a>. Hiki i\u0101 \u02bboe ke ho\u02bboka\u02bba\u02bbike mai i\u0101 openpathstepworkshop@gmail.com me n\u0101 n\u012bnau a hiki i\u0101 m\u0101kou ke k\u014dkua i\u0101 \u02bboe e ho\u02bbomaka.<br><br><\/p>\n\n\n\n<h3 class=\"wp-block-heading\"><strong>Hiki ia\u02bbu ke komo in\u0101 \u02bba\u02bbole au \u02bb\u014dlelo Pelekania?<\/strong><\/h3>\n\n\n\n<p>\u02bbAe, ho\u02bbokipa m\u0101kou i kekahi mea \u02bb\u014dlelo \u02bbole i ka \u02bb\u014dlelo Pelekania e komo mau ma ka ho\u02bb\u0101 \u02bbana i n\u0101 unuhi \u02bb\u014dlelo i unuhi \u02bbia. Hiki i\u0101 \u02bboe ke ho\u02bb\u0101 i n\u0101 unuhi \u02bb\u014dlelo i unuhi \u02bbia ma k\u0101u \u02bb\u014dlelo ma ke komo \u02bbana i ka h\u0101l\u0101wai, kaomi \u02bbana i ke pihi &quot;Captions&quot; ma lalo o ka pale, a me ka ho\u02bb\u0101 \u02bbana i ka unuhi. Eia kekahi, in\u0101 makemake \u02bboe e k\u014dkua i ka unuhi \u02bbana i n\u0101 palapala hana, in\u0101 no kou pono pono\u02bb\u012b a i \u02bbole no n\u0101 po\u02bbe \u02bb\u0113 a\u02bbe e \u02bb\u014dlelo ana i k\u0101u \u02bb\u014dlelo, loa\u02bba i\u0101 m\u0101kou kahi alaka\u02bbi no ka hana \u02bbana p\u0113l\u0101. <a href=\"https:\/\/docs.google.com\/document\/d\/1OJ3uzB_MhSd5IrNQd430qMLXHy3vvqV1lu-dr8x7jsI\/edit?usp=drive_link\">maanei<\/a>.<br><br><\/p>\n\n\n\n<h3 class=\"wp-block-heading\"><strong>He aha in\u0101 \u02bba\u02bbole hiki ia\u02bbu ke hele i ka h\u0101l\u0101wai mua?<\/strong><\/h3>\n\n\n\n<p>I k\u0113ia hihia, paipai m\u0101kou i\u0101 \u02bboe e kali a hiki i ka ho\u02bbomaka \u02bbana o ke ka\u02bbina hana a\u02bbe. K\u016bkulu \u02bbia k\u0113l\u0101 me k\u0113ia h\u0101l\u0101wai ma luna o ka mea ma mua, no laila he mea nui e hele mai mai ka ho\u02bbomaka \u02bbana. In\u0101 pono \u02bboe e ha\u02bbalele i ka h\u0101l\u0101wai mua no ke kumu hiki \u02bbole ke pale \u02bbia, e \u02bbolu\u02bbolu e ho\u02bboka\u02bba\u02bbike i\u0101 openpathstepworkshop@gmail.com me ka ho\u02bbolaha mua e like me ka hiki.<br><br><\/p>\n\n\n\n<h3 class=\"wp-block-heading\"><strong>He aha in\u0101 pono ia\u02bbu e hala i kahi h\u0101l\u0101wai ma waena o ka h\u0101l\u0101wai?<\/strong><\/h3>\n\n\n\n<p>In\u0101 pono \u02bboe e poina i kahi h\u0101l\u0101wai no ke kumu hiki \u02bbole ke pale \u02bbia, ke noi aku nei m\u0101kou i\u0101 \u02bboe e heluhelu i n\u0101 memo ma hope a ho\u02bbomau i ke k\u0101kau \u02bbana.&nbsp;<br><br> <\/p>\n\n\n\n<h3 class=\"wp-block-heading\"><strong>Pono anei au i kahi k\u0101ko\u02bbo e komo ai?<\/strong><\/h3>\n\n\n\n<p>\u02bbA\u02bbole loa\u2014ua ho\u02bbol\u0101l\u0101 k\u016bikaw\u0101 \u02bbia ka papa hana e h\u0101\u02bbawi i n\u0101 k\u0101naka i kahi manawa k\u016bpono e hana ma o n\u0101 \u02bbanu\u02bbu \u02bboiai in\u0101 \u02bba\u02bbohe o l\u0101kou k\u0101ko\u02bbo. Ma ke \u02bbano he \u02bb\u0101pana o ka papa hana, e loa\u02bba i\u0101 \u02bboe ka manawa k\u016bpono e ho\u02bbopili me ho\u02bbokahi a \u02bboi aku paha mau hoa ka\u02bbana like e hiki ai i\u0101 \u02bboe ke ka\u02bbana like i k\u0101u hana \u02bbanu\u02bbu, a e loa\u02bba p\u016b i\u0101 m\u0101kou kekahi mau k\u0101ko\u02bbo hui e loa\u02bba ana e loa\u02bba n\u0101 kelepona a h\u0101\u02bbawi i ke k\u0101ko\u02bbo hou aku. He mea maika\u02bbi n\u014d ho\u02bbi in\u0101 loa\u02bba i\u0101 \u02bboe kahi k\u0101ko\u02bbo, a ua \u02bbolu\u02bbolu \u02bboe e ka\u02bbana like i k\u0101u hana \u02bbanu\u02bbu me l\u0101kou. Ua \u02bbolu\u02bbolu n\u0101 mea a pau.<br><br> <\/p>\n\n\n\n<h3 class=\"wp-block-heading\"><strong>Ua maika\u02bbi anei ke komo \u02bbana in\u0101 \u02bba\u02bbole maopopo ia\u02bbu in\u0101 makemake au e hana i n\u0101 \u02bbanu\u02bbu?<\/strong><\/h3>\n\n\n\n<p>\u02bbAe. He mea maika\u02bbi ke komo wale \u02bbana ma ke \u02bbano he mea n\u0101n\u0101 in\u0101 makemake \u02bboe e a\u02bbo hou e pili ana i n\u0101 \u02bbanu\u02bbu a pehea l\u0101kou e hana ai.<br><br> <\/p>\n\n\n\n<h3 class=\"wp-block-heading\"><strong>Hiki ia\u02bbu ke k\u014dkua i ka papa hana ma o ka hana \u02bbana i kahi kuleana lawelawe?<\/strong><\/h3>\n\n\n\n<p>He ala maika\u02bbi loa ka lawelawe \u02bbana e ho\u02bboikaika ai i ko k\u0101kou noho m\u0101lie a hiki n\u014d ho\u02bbi ke k\u014dkua i\u0101 k\u0101kou e h\u014d\u02bbike a noho k\u016bpa\u02bba i ka papa hana. Ma ka h\u0101l\u0101wai ho\u02bbolauna e loa\u02bba kahi manawa k\u016bpono e hana manawale\u02bba no n\u0101 kuleana lawelawe.<br><br> <\/p>\n\n\n\n<h3 class=\"wp-block-heading\"><strong>Aia kekahi mea hiki ia\u02bbu ke hana e ho\u02bbom\u0101kaukau ai no ka papa hana ma mua o ka ho\u02bbomaka \u02bbana?<\/strong><\/h3>\n\n\n\n<p>Ma k\u0101 m\u0101kou h\u0101l\u0101wai mua, e h\u014d\u02bbike m\u0101kou i kekahi mau kuleana e ho\u02bboma\u02bbama\u02bba no ka l\u014d\u02bbihi o ka papa hana. Hiki i\u0101 \u02bboe ke ho\u02bbomaka mua i\u0101 l\u0101kou in\u0101 makemake \u02bboe:<\/p>\n\n\n\n<ol class=\"wp-block-list\">\n<li>E hele i 90 mau h\u0101l\u0101wai i loko o 90 mau l\u0101 (e helu \u02bbia n\u0101 h\u0101l\u0101wai o ka papa hana)<\/li>\n\n\n\n<li>E hana i 90 mau kelepona papahana i loko o 90 mau l\u0101<\/li>\n\n\n\n<li>E pale aku i n\u0101 laina lalo a pau.<\/li>\n\n\n\n<li>E ho\u02bboma\u02bbama\u02bba i ka n\u0101n\u0101 \u02bbana a\/a i \u02bbole e ho\u02bboku\u02bbu i ka ho\u02bbohana pono \u02bbole \u02bbana i ka p\u016bnaewele a me ka \u02bbenehana.<\/li>\n<\/ol>\n\n\n\n<p>No ka mana\u02bbo \u02bbeh\u0101, hiki paha i\u0101 \u02bboe ke \u02bbike i kekahi hua\u02bb\u014dlelo \u02bb\u0113 a\u02bbe ma mua o ka &quot;pono \u02bbole&quot; e k\u016bpono loa, e like me &quot;\u02bbike \u02bbole \u02bbia&quot;, &quot;mea \u02bbole&quot;, &quot;maika\u02bbi \u02bbole&quot;, &quot;kompulsif&quot;, &quot;nui loa&quot;, a p\u0113l\u0101 aku. E ho\u02bbomaopopo he mau mana\u02bbo wale n\u014d k\u0113ia, \u02bba\u02bbole n\u0101 koi. Loa\u02bba i\u0101 \u02bboe ke k\u016b\u02bboko\u02bba e ho\u02bbohana i\u0101 l\u0101kou, ho\u02bboponopono i\u0101 l\u0101kou, a waiho paha i\u0101 l\u0101kou.<\/p>\n\n\n\n<p>Ma waho a\u02bbe o k\u0113ia mau mana\u02bbo, hiki i\u0101 \u02bboe ke k\u0101kau i kahi &quot;Step One inventory&quot; 1-2 \u02bbao\u02bbao e wehewehe ana i ka mo\u02bbolelo o k\u0101u \u02bbona: i ka w\u0101 i ho\u02bbomaka ai, pehea i loli ai i ka hala \u02bbana o ka manawa, a pehea i k\u0113ia manawa. Ma ke \u02bbano k\u016bikaw\u0101, hiki i\u0101 \u02bboe ke ho\u02bbolohe i kahi \u0101u i \u02bbike ai i ka mana \u02bbole a i \u02bbole ka hiki \u02bbole ke ho\u02bbokele \u02bbia i k\u0101u mo\u02bbolelo.&nbsp;<br><br> <\/p>\n\n\n\n<h3 class=\"wp-block-heading\"><strong>No n\u0101 n\u012bnau hou a\u02bbe<\/strong><\/h3>\n\n\n\n<p>E leka uila mai i\u0101 openpathstepworkshop@gmail.com.<\/p>\n\n\n\n<div style=\"height:100px\" aria-hidden=\"true\" class=\"wp-block-spacer\"><\/div>\n\n\n\n<hr class=\"wp-block-separator has-alpha-channel-opacity is-style-wide\"\/>\n<!-- PMB print buttons is only displayed on a single post\/page URLs-->","protected":false},"excerpt":{"rendered":"<p>This page contains a list of upcoming Open Path Step Workshops, structured settings for working through the Twelve Steps of ITAA in a group with lots of built in support. The meetings are set up so that all stepwork can be done within our meeting times (though there are optional additional writing exercises each week &hellip; <a href=\"https:\/\/internetaddictsanonymous.org\/haw\/step-workshops\/\" class=\"more-link\">E ho\u02bbomau i ka heluhelu \u02bbana <span class=\"screen-reader-text\">N\u0101 Papa Hana Hana Ala H\u0101mama<\/span><\/a><\/p>","protected":false},"author":35194237,"featured_media":0,"parent":0,"menu_order":0,"comment_status":"closed","ping_status":"closed","template":"full-width-page.php","meta":{"inline_featured_image":false,"_lmt_disableupdate":"","_lmt_disable":"","footnotes":""},"tags":[],"class_list":["post-15697","page","type-page","status-publish","hentry"],"yoast_head":"<!-- This site is optimized with the Yoast SEO plugin v27.5 - https:\/\/yoast.com\/product\/yoast-seo-wordpress\/ -->\n<title>Open Path Step Workshops &#8211; Internet and Technology Addicts Anonymous<\/title>\n<meta name=\"robots\" content=\"index, follow, max-snippet:-1, max-image-preview:large, max-video-preview:-1\" \/>\n<link rel=\"canonical\" href=\"https:\/\/internetaddictsanonymous.org\/haw\/na-papa-hana-\u02bbanu\u02bbu\/\" \/>\n<meta property=\"og:locale\" content=\"en_US\" \/>\n<meta property=\"og:type\" content=\"article\" \/>\n<meta property=\"og:title\" content=\"Open Path Step Workshops &#8211; Internet and Technology Addicts Anonymous\" \/>\n<meta property=\"og:description\" content=\"This page contains a list of upcoming Open Path Step Workshops, structured settings for working through the Twelve Steps of ITAA in a group with lots of built in support. The meetings are set up so that all stepwork can be done within our meeting times (though there are optional additional writing exercises each week &hellip; Continue reading Open Path Step Workshops\" \/>\n<meta property=\"og:url\" content=\"https:\/\/internetaddictsanonymous.org\/haw\/na-papa-hana-\u02bbanu\u02bbu\/\" \/>\n<meta property=\"og:site_name\" content=\"Internet and Technology Addicts Anonymous\" \/>\n<meta property=\"article:modified_time\" content=\"2024-10-03T02:43:14+00:00\" \/>\n<meta name=\"twitter:card\" content=\"summary_large_image\" \/>\n<meta name=\"twitter:label1\" content=\"Est. reading time\" \/>\n\t<meta name=\"twitter:data1\" content=\"4 minutes\" \/>\n<script type=\"application\/ld+json\" class=\"yoast-schema-graph\">{\"@context\":\"https:\\\/\\\/schema.org\",\"@graph\":[{\"@type\":\"WebPage\",\"@id\":\"https:\\\/\\\/internetaddictsanonymous.org\\\/step-workshops\\\/\",\"url\":\"https:\\\/\\\/internetaddictsanonymous.org\\\/step-workshops\\\/\",\"name\":\"Open Path Step Workshops &#8211; Internet and Technology Addicts Anonymous\",\"isPartOf\":{\"@id\":\"https:\\\/\\\/internetaddictsanonymous.org\\\/#website\"},\"datePublished\":\"2023-04-02T20:03:08+00:00\",\"dateModified\":\"2024-10-03T02:43:14+00:00\",\"breadcrumb\":{\"@id\":\"https:\\\/\\\/internetaddictsanonymous.org\\\/step-workshops\\\/#breadcrumb\"},\"inLanguage\":\"haw-US\",\"potentialAction\":[{\"@type\":\"ReadAction\",\"target\":[\"https:\\\/\\\/internetaddictsanonymous.org\\\/step-workshops\\\/\"]}]},{\"@type\":\"BreadcrumbList\",\"@id\":\"https:\\\/\\\/internetaddictsanonymous.org\\\/step-workshops\\\/#breadcrumb\",\"itemListElement\":[{\"@type\":\"ListItem\",\"position\":1,\"name\":\"Home\",\"item\":\"https:\\\/\\\/internetaddictsanonymous.org\\\/\"},{\"@type\":\"ListItem\",\"position\":2,\"name\":\"Open Path Step Workshops\"}]},{\"@type\":\"WebSite\",\"@id\":\"https:\\\/\\\/internetaddictsanonymous.org\\\/#website\",\"url\":\"https:\\\/\\\/internetaddictsanonymous.org\\\/\",\"name\":\"Internet and Technology Addicts Anonymous\",\"description\":\"Worldwide 12-step Fellowship for Internet and Technology Addiction\",\"publisher\":{\"@id\":\"https:\\\/\\\/internetaddictsanonymous.org\\\/#organization\"},\"potentialAction\":[{\"@type\":\"SearchAction\",\"target\":{\"@type\":\"EntryPoint\",\"urlTemplate\":\"https:\\\/\\\/internetaddictsanonymous.org\\\/?s={search_term_string}\"},\"query-input\":{\"@type\":\"PropertyValueSpecification\",\"valueRequired\":true,\"valueName\":\"search_term_string\"}}],\"inLanguage\":\"haw-US\"},{\"@type\":\"Organization\",\"@id\":\"https:\\\/\\\/internetaddictsanonymous.org\\\/#organization\",\"name\":\"Internet and Technology Addicts Anonymous\",\"url\":\"https:\\\/\\\/internetaddictsanonymous.org\\\/\",\"logo\":{\"@type\":\"ImageObject\",\"inLanguage\":\"haw-US\",\"@id\":\"https:\\\/\\\/internetaddictsanonymous.org\\\/#\\\/schema\\\/logo\\\/image\\\/\",\"url\":\"https:\\\/\\\/internetaddictsanonymous.org\\\/wp-content\\\/uploads\\\/2023\\\/01\\\/cropped-ITAA-logo-480px.png\",\"contentUrl\":\"https:\\\/\\\/internetaddictsanonymous.org\\\/wp-content\\\/uploads\\\/2023\\\/01\\\/cropped-ITAA-logo-480px.png\",\"width\":480,\"height\":480,\"caption\":\"Internet and Technology Addicts Anonymous\"},\"image\":{\"@id\":\"https:\\\/\\\/internetaddictsanonymous.org\\\/#\\\/schema\\\/logo\\\/image\\\/\"}}]}<\/script>\n<!-- \/ Yoast SEO plugin. -->","yoast_head_json":{"title":"N\u0101 Papa Hana Hana Ala H\u0101mama - P\u016bnaewele a me n\u0101 \u02bbenehana \u02bbA\u02bbohe inoa","robots":{"index":"index","follow":"follow","max-snippet":"max-snippet:-1","max-image-preview":"max-image-preview:large","max-video-preview":"max-video-preview:-1"},"canonical":"https:\/\/internetaddictsanonymous.org\/haw\/na-papa-hana-\u02bbanu\u02bbu\/","og_locale":"en_US","og_type":"article","og_title":"Open Path Step Workshops &#8211; Internet and Technology Addicts Anonymous","og_description":"This page contains a list of upcoming Open Path Step Workshops, structured settings for working through the Twelve Steps of ITAA in a group with lots of built in support. The meetings are set up so that all stepwork can be done within our meeting times (though there are optional additional writing exercises each week &hellip; Continue reading Open Path Step Workshops","og_url":"https:\/\/internetaddictsanonymous.org\/haw\/na-papa-hana-\u02bbanu\u02bbu\/","og_site_name":"Internet and Technology Addicts Anonymous","article_modified_time":"2024-10-03T02:43:14+00:00","twitter_card":"summary_large_image","twitter_misc":{"Est. reading time":"4 minutes"},"schema":{"@context":"https:\/\/schema.org","@graph":[{"@type":"WebPage","@id":"https:\/\/internetaddictsanonymous.org\/step-workshops\/","url":"https:\/\/internetaddictsanonymous.org\/step-workshops\/","name":"N\u0101 Papa Hana Hana Ala H\u0101mama - P\u016bnaewele a me n\u0101 \u02bbenehana \u02bbA\u02bbohe inoa","isPartOf":{"@id":"https:\/\/internetaddictsanonymous.org\/#website"},"datePublished":"2023-04-02T20:03:08+00:00","dateModified":"2024-10-03T02:43:14+00:00","breadcrumb":{"@id":"https:\/\/internetaddictsanonymous.org\/step-workshops\/#breadcrumb"},"inLanguage":"haw-US","potentialAction":[{"@type":"ReadAction","target":["https:\/\/internetaddictsanonymous.org\/step-workshops\/"]}]},{"@type":"BreadcrumbList","@id":"https:\/\/internetaddictsanonymous.org\/step-workshops\/#breadcrumb","itemListElement":[{"@type":"ListItem","position":1,"name":"Home","item":"https:\/\/internetaddictsanonymous.org\/"},{"@type":"ListItem","position":2,"name":"Open Path Step Workshops"}]},{"@type":"WebSite","@id":"https:\/\/internetaddictsanonymous.org\/#website","url":"https:\/\/internetaddictsanonymous.org\/","name":"N\u0101 mea ho\u02bbopilikia p\u016bnaewele a me ka \u02bbenehana Anonymous","description":"\u02bbO ka Fellowship honua 12-step no ka ho\u02bbohui \u02bbana i ka P\u016bnaewele a me ka \u02bbenehana","publisher":{"@id":"https:\/\/internetaddictsanonymous.org\/#organization"},"potentialAction":[{"@type":"SearchAction","target":{"@type":"EntryPoint","urlTemplate":"https:\/\/internetaddictsanonymous.org\/?s={search_term_string}"},"query-input":{"@type":"PropertyValueSpecification","valueRequired":true,"valueName":"search_term_string"}}],"inLanguage":"haw-US"},{"@type":"Organization","@id":"https:\/\/internetaddictsanonymous.org\/#organization","name":"N\u0101 mea ho\u02bbopilikia p\u016bnaewele a me ka \u02bbenehana Anonymous","url":"https:\/\/internetaddictsanonymous.org\/","logo":{"@type":"ImageObject","inLanguage":"haw-US","@id":"https:\/\/internetaddictsanonymous.org\/#\/schema\/logo\/image\/","url":"https:\/\/internetaddictsanonymous.org\/wp-content\/uploads\/2023\/01\/cropped-ITAA-logo-480px.png","contentUrl":"https:\/\/internetaddictsanonymous.org\/wp-content\/uploads\/2023\/01\/cropped-ITAA-logo-480px.png","width":480,"height":480,"caption":"Internet and Technology Addicts Anonymous"},"image":{"@id":"https:\/\/internetaddictsanonymous.org\/#\/schema\/logo\/image\/"}}]}},"jetpack_sharing_enabled":true,"jetpack_shortlink":"https:\/\/wp.me\/P9Fwob-45b","_links":{"self":[{"href":"https:\/\/internetaddictsanonymous.org\/haw\/wp-json\/wp\/v2\/pages\/15697","targetHints":{"allow":["GET"]}}],"collection":[{"href":"https:\/\/internetaddictsanonymous.org\/haw\/wp-json\/wp\/v2\/pages"}],"about":[{"href":"https:\/\/internetaddictsanonymous.org\/haw\/wp-json\/wp\/v2\/types\/page"}],"author":[{"embeddable":true,"href":"https:\/\/internetaddictsanonymous.org\/haw\/wp-json\/wp\/v2\/users\/35194237"}],"replies":[{"embeddable":true,"href":"https:\/\/internetaddictsanonymous.org\/haw\/wp-json\/wp\/v2\/comments?post=15697"}],"version-history":[{"count":57,"href":"https:\/\/internetaddictsanonymous.org\/haw\/wp-json\/wp\/v2\/pages\/15697\/revisions"}],"predecessor-version":[{"id":18760,"href":"https:\/\/internetaddictsanonymous.org\/haw\/wp-json\/wp\/v2\/pages\/15697\/revisions\/18760"}],"wp:attachment":[{"href":"https:\/\/internetaddictsanonymous.org\/haw\/wp-json\/wp\/v2\/media?parent=15697"}],"wp:term":[{"taxonomy":"post_tag","embeddable":true,"href":"https:\/\/internetaddictsanonymous.org\/haw\/wp-json\/wp\/v2\/tags?post=15697"}],"curies":[{"name":"wp","href":"https:\/\/api.w.org\/{rel}","templated":true}]}}