{"id":16390,"date":"2023-07-16T14:01:24","date_gmt":"2023-07-16T18:01:24","guid":{"rendered":"https:\/\/internetaddictsanonymous.org\/?page_id=16390"},"modified":"2026-04-03T06:55:28","modified_gmt":"2026-04-03T13:55:28","slug":"uk-lakana","status":"publish","type":"page","link":"https:\/\/internetaddictsanonymous.org\/haw\/in-person-meetings\/uk-london\/","title":{"rendered":"ITAA ma United Kingdom"},"content":{"rendered":"<p>Welina mai i ka P\u016bnaewele a me n\u0101 \u02bbIkehana \u02bbAnonymous! Hau\u02bboli m\u0101kou ua loa\u02bba i\u0101 \u02bboe m\u0101kou, a ke lana nei ko m\u0101kou mana\u02bbo e hiki i ko m\u0101kou kai\u0101ulu ke k\u014dkua i\u0101 \u02bboe e like me ia no m\u0101kou.<strong> <mark style=\"background-color:rgba(0, 0, 0, 0)\" class=\"has-inline-color has-dark-gray-color\">\u02bbO ka ITAA kahi hui \u02bbumik\u016bm\u0101lua-\u02bbanu\u02bbu o n\u0101 po\u02bbe e k\u0101ko\u02bbo ana kekahi i kekahi i ka ho\u02bb\u014dla \u02bbana mai ka ma\u02bbi p\u016bnaewele a me ka \u02bbenehana.<\/mark><\/strong> Ho\u02bbokomo p\u016b k\u0113ia i ka ho\u02bbopili \u02bbana i ka p\u0101pili kaiapili, n\u0101 kelepona akamai, ke kahe \u02bbana o n\u0101 wiki\u014d a i \u02bbole n\u0101 leo leo, n\u0101 p\u0101\u02bbani, n\u0101 n\u016bhou, n\u0101 ponokala, n\u0101 polokalamu pili, ka noi\u02bbi p\u016bnaewele, ke k\u016b\u02bbai p\u016bnaewele, a i \u02bbole kekahi hana kikoho\u02bbe \u02bb\u0113 a\u02bbe e lilo i mea ho\u02bbokaumaha a pilikia.&nbsp;<\/p>\n\n\n\n<h3 class=\"wp-block-heading\">N\u0101 H\u0101l\u0101wai ma Cambridge (Hiki ke Hana \u02bbia)<\/h3>\n\n\n\n<p>Aia ka hoihoi i ka ho\u02bbomaka \u02bbana i kahi h\u0101l\u0101wai ma Cambridge. E \u02bbolu\u02bbolu e ho\u02bboka\u02bba\u02bbike mai i\u0101 <a href=\"mailto:recovering.rhys@gmail.com\" target=\"_blank\" rel=\"noreferrer noopener\">recovering.rhys@gmail.com<\/a>&nbsp;no ka \u02bbike hou aku.&nbsp;<\/p>\n\n\n\n<h3 class=\"wp-block-heading\">N\u0101 H\u0101l\u0101wai ma Edinburgh <\/h3>\n\n\n\n<p>Ho\u02bbomaopopo: E \u02bbolu\u02bbolu e ho\u02bboka\u02bba\u02bbike mai i\u0101\u00a0<a href=\"mailto:fellowshipedinburgh@gmail.com\" target=\"_blank\" rel=\"noreferrer noopener\">fellowshipedinburgh@gmail.com<\/a>\u00a0ma mua o ka hele \u02bbana mai i kahi h\u0101l\u0101wai e h\u014d\u02bboia i ka holo \u02bbana o ia l\u0101.<\/p>\n\n\n\n<p>\u0100hea: E m\u0101lama \u02bbia ka h\u0101l\u0101wai mai ka hola 7-8pm e ho\u02bbomaka ana i ka P\u014d\u02bbakolu.<br>Ma hea: Aia kahi hanana - The Space Creative and Cultural Hub, 183 Dalry Road, EH11 2EB.<br>\u02bbO wai: no ka \u02bbike hou aku, e \u02bbolu\u02bbolu e kelepona i\u0101 Ben ma&nbsp;<a href=\"mailto:fellowshipedinburgh@gmail.com\" target=\"_blank\" rel=\"noreferrer noopener\">fellowshipedinburgh@gmail.com<\/a><\/p>\n\n\n\n<h3 class=\"wp-block-heading\">N\u0101 H\u0101l\u0101wai ma Glasgow<\/h3>\n\n\n\n<p>\u0100hea: P\u014d\u02bbah\u0101 6:30-7:30pm<br>Ma hea: Partick Burgh Hall, 9 Burgh Hall St, Glasgow<br>E \u02bbolu\u02bbolu e ho\u02bboka\u02bba\u02bbike mai i\u0101&nbsp;<a href=\"mailto:wakeuplookuptheresa@icloud.com\" target=\"_blank\" rel=\"noreferrer noopener\">wakeuplookuptheresa@icloud.com<\/a>&nbsp;a i \u02bbole +44 7541274057 no ka \u02bbike hou aku<\/p>\n\n\n\n<h3 class=\"wp-block-heading\">H\u0101l\u0101wai ma Leeds (Hiki ke hana \u02bbia)<\/h3>\n\n\n\n<p>Makemake kekahi l\u0101l\u0101 e ho\u02bbomaka i kahi h\u0101l\u0101wai ma Leeds. E \u02bbolu\u02bbolu e ho\u02bboka\u02bba\u02bbike mai i\u0101 <a href=\"mailto:seekingserenity35@tuta.io\">seekingserenity35@tuta.io<\/a> in\u0101 makemake \u02bboe e lilo i \u02bb\u0101pana o ia mea.<\/p>\n\n\n\n<h3 class=\"wp-block-heading\">N\u0101 H\u0101l\u0101wai ma L\u0101kana<\/h3>\n\n\n\n<p>\u0100hea: I k\u0113l\u0101 me k\u0113ia L\u0101pule i ka hola 1:30 p.m. a \u02bbo kona l\u014d\u02bbihi he 1 hola. Loa\u02bba i\u0101 m\u0101kou kahi h\u0101l\u0101wai hou e ho\u02bbomaka ana ma ka P\u014d\u02bbalua, 24.02.26 ma ka hola 17:55 p.m. a i ka hola 19:00 p.m. <br>Ma hea: \u02bbO ka lumi h\u0101l\u0101wai li\u02bbili\u02bbi ma The Soho Recovery Centre, 123 Charing Cross Road, Ladana, WC2H 0EW, UK.<br>Ho\u02bboka\u02bba\u02bbike: E \u02bbolu\u02bbolu e ho\u02bboka\u02bba\u02bbike mai&nbsp;<a href=\"mailto:londonitaa@gmail.com\" target=\"_blank\" rel=\"noreferrer noopener\">londonitaa@gmail.com<\/a>&nbsp;in\u0101 he mau n\u012bnau k\u0101u a makemake paha e \u02bbike hou a\u02bbe e pili ana i k\u0101 m\u0101kou h\u0101l\u0101wai.<br><br>\u02bbO wai e hiki ke hele: No ka po\u02bbe i makemake nui i ka p\u016bnaewele a me ka \u02bbenehana k\u0113ia h\u0101l\u0101wai a i \u02bbole ka po\u02bbe e mana\u02bbo nei he mea nui l\u0101kou.<\/p>\n\n\n\n<h3 class=\"wp-block-heading\">N\u0101 H\u0101l\u0101wai ma Newcastle (Hiki ke Hana \u02bbia)<\/h3>\n\n\n\n<p>Makemake kekahi l\u0101l\u0101 e ho\u02bbomaka i kahi h\u0101l\u0101wai pilikino ma Newcastle upon Tyne. E \u02bbolu\u02bbolu e ho\u02bboka\u02bba\u02bbike mai i\u0101 <a href=\"mailto:shmulybee1@gmail.com\">shmulybee1@gmail.com<\/a> no ka \u02bbike hou aku.<\/p>\n\n\n\n<h3 class=\"wp-block-heading\">N\u0101 H\u0101l\u0101wai ma Oxford<\/h3>\n\n\n\n<p>\u0100hea: i k\u0113l\u0101 me k\u0113ia P\u014d\u02bbakolu 6-7pm<br>Ma hea: West Oxford Community Centre, Botley Rd, Oxford OX2 0BT \u2013 Ke h\u014d\u02bbea \u02bboe i ke Kikowaena, mai komo ma ka puka nui, ak\u0101, e hele a puni ka waho o ka hale ma ka \u02bbao\u02bbao \u02bb\u0101kau e \u02bbike i ka Lumi Seminar 1.<br>Contact:&nbsp;itaaoxford@gmail.com<br>\u02bbIke hou aku: Ke kono aku nei m\u0101kou me ka \u02bbolu\u02bbolu i n\u0101 mea hou a me n\u0101 mea a pau e \u02bbike ana he mea ho\u02bbohana p\u016bnaewele a me ka \u02bbenehana e hele mai i k\u0113ia h\u0101l\u0101wai. He h\u0101l\u0101wai &#039;pani&#039; k\u0113ia, \u02bbo ia ho\u02bbi ke noi aku nei m\u0101kou i n\u0101 mea noi\u02bbi, n\u0101 mea k\u0101kau mo\u02bbolelo, n\u0101 hoaaloha a me ka \u02bbohana e \u02bbimi i kahi h\u0101l\u0101wai &#039;h\u0101mama&#039; e hele ai. Aia kekahi mau h\u0101l\u0101wai p\u016bnaewele h\u0101mama i k\u016bpono no n\u0101 mea \u02bba\u02bbole ho\u02bbohana. In\u0101 makemake \u02bboe e a\u02bbo hou e pili ana i k\u0101 m\u0101kou h\u0101l\u0101wai ma Oxford, e \u02bbolu\u02bbolu e ho\u02bboka\u02bba\u02bbike mai ma o ka leka uila ho\u02bboka\u02bba\u02bbike.<br>NB: Ua pani \u02bbia ke Alanui \u02bbo Botley ma ke alahaka ka\u02bbaahi no n\u0101 ka\u02bba a me n\u0101 ka\u02bba. In\u0101 \u02bboe e ho\u02bbokele ana, pono \u02bboe e ho\u02bbokokoke mai ke Komohana. Aia kahi ka\u02bba ka\u02bba manuahi ma ka wahi. E \u02bbolu\u02bbolu e leka uila i\u0101 m\u0101kou in\u0101 he mau hopohopo k\u0101u e pili ana i ka hiki \u02bbana mai i \u02bbane\u02bbi.<\/p>\n\n\n\n<figure class=\"wp-block-image\"><img decoding=\"async\" width=\"681\" height=\"376\" src=\"https:\/\/internetaddictsanonymous.org\/wp-content\/uploads\/2023\/07\/directions-to-WOCC-seminar-room-1.png\" alt=\"\" class=\"wp-image-16457\" srcset=\"https:\/\/internetaddictsanonymous.org\/wp-content\/uploads\/2023\/07\/directions-to-WOCC-seminar-room-1.png 681w, https:\/\/internetaddictsanonymous.org\/wp-content\/uploads\/2023\/07\/directions-to-WOCC-seminar-room-1-300x166.png 300w, https:\/\/internetaddictsanonymous.org\/wp-content\/uploads\/2023\/07\/directions-to-WOCC-seminar-room-1-18x10.png 18w\" sizes=\"(max-width: 681px) 100vw, 681px\" \/><\/figure>\n\n\n\n<h3 class=\"wp-block-heading\">N\u0101 h\u0101l\u0101wai hou a\u02bbe<\/h3>\n\n\n\n<p>In\u0101 he mea hou \u02bboe, paipai m\u0101kou i\u0101 \u02bboe e ho\u02bb\u0101\u02bbo e hele i \u02bbeono mau h\u0101l\u0101wai i loko o kahi manawa p\u014dkole e \u02bbike ai in\u0101 he k\u014dkua paha k\u0101 m\u0101kou papahana i\u0101 \u02bboe. Ma waho a\u02bbe o k\u0101 m\u0101kou h\u0101l\u0101wai k\u016bloko pilikino, hiki i\u0101 \u02bboe ke n\u0101n\u0101 hou i k\u0101 m\u0101kou <a href=\"https:\/\/internetaddictsanonymous.org\/haw\/na-halawai-pilikino\/\">n\u0101 h\u0101l\u0101wai pilikino \u02bb\u0113 a\u02bbe<\/a> a me kahi <a href=\"https:\/\/internetaddictsanonymous.org\/haw\/na-halawai-punaewele\/\">papa kuhikuhi piha o n\u0101 h\u0101l\u0101wai p\u016bnaewele<\/a>. Manuahi loa n\u0101 h\u0101l\u0101wai a pau a \u02bba\u02bbohe inoa.<\/p>\n\n\n\n<h3 class=\"wp-block-heading\">Pehea e hana ai n\u0101 h\u0101l\u0101wai?<\/h3>\n\n\n\n<p>In\u0101 \u02bboe e komo ana i kahi h\u0101l\u0101wai no ka manawa mua, \u02bba\u02bbohe pono e hopohopo. He ma\u02bbalahi loa ka hapa nui o k\u0101 m\u0101kou mau h\u0101l\u0101wai; aia i k\u0113l\u0101 me k\u0113ia h\u0101l\u0101wai kahi luna ho\u02bbomalu e alaka\u02bbi ana i ka h\u0101l\u0101wai, a \u02bbo ka hapa nui o n\u0101 h\u0101l\u0101wai he ho\u02bbokahi hola ka l\u014d\u02bbihi. Heluhelu ke luna ho\u02bbomalu a me n\u0101 mea manawale\u02bba \u02bb\u0113 a\u02bbe i kekahi mau \u02bb\u014dlelo wehe, ma mua o ko m\u0101kou wehe \u02bbana i ka h\u0101l\u0101wai no n\u0101 l\u0101l\u0101 e ka\u02bbana like. \u02bbA\u02bbohe koi e ka\u02bbana like, a ua maika\u02bbi ke ho\u02bbolohe wale. In\u0101 \u02bbolu\u02bbolu \u02bboe, hiki i\u0101 \u02bboe ke ho\u02bbolauna i\u0101 \u02bboe iho a ka\u02bbana like i ka mea i lawe mai i\u0101 \u02bboe i ITAA. In\u0101 \u02bba\u02bbole i noi \u02bbia e ka l\u0101l\u0101 e ka\u02bbana like ana, \u02bba\u02bbole m\u0101kou e h\u0101\u02bbawi i n\u0101 mana\u02bbo a i \u02bbole n\u0101 mana\u02bbo e pane ana i n\u0101 ka\u02bbana like a ha\u02bbi; ho\u02bbolohe wale m\u0101kou me ka ho\u02bbohewa \u02bbole. I ka hopena o ka hola, e pau ka h\u0101l\u0101wai me kekahi mau \u02bb\u014dlelo pani, ma hope o ka ma\u02bbamau o n\u0101 l\u0101l\u0101 e kama\u02bbilio ma\u02bbamau, n\u012bnau i n\u0101 n\u012bnau, a ho\u02bbololi i n\u0101 kiko\u02bb\u012b pili.<\/p>\n\n\n\n<h3 class=\"wp-block-heading\">N\u0101 kumuwaiwai ho\u02bbohuihui p\u016bnaewele a me ka \u02bbenehana<\/h3>\n\n\n\n<p>In\u0101 \u02bboe e no\u02bbono\u02bbo nei in\u0101 he mea ho\u02bbohui p\u016bnaewele a me ka \u02bbenehana paha k\u0101u, hiki i\u0101 \u02bboe ke n\u0101n\u0101 i k\u0101 m\u0101kou mau n\u012bnau n\u012bnau no <a href=\"https:\/\/internetaddictsanonymous.org\/haw\/ka-ho%ca%bbopili-%ca%bbana-i-ka-punaewele-a-me-ka-%ca%bbenehana\/\">ka ma\u02bbi \u02bbona p\u016bnaewele<\/a>, <a href=\"https:\/\/internetaddictsanonymous.org\/haw\/ka-ho%ca%bbopili-%ca%bbana-i-ka-punaewele-a-me-ka-%ca%bbenehana\/ka-ma%ca%bbi-papili-kaiapili\/\">ka ma\u02bbi p\u0101pili kaiapili<\/a>, <a href=\"https:\/\/internetaddictsanonymous.org\/haw\/ka-ma%ca%bbi-%ca%bbona-punaewele\/ka-ho%ca%bbopili-%ca%bbana-i-ke-kahe-%ca%bbana\/\">ka ho\u02bbopili \u02bbana i ke kahe \u02bbana<\/a>, <a href=\"https:\/\/internetaddictsanonymous.org\/haw\/ka-ho%ca%bbopili-%ca%bbana-i-ka-punaewele-a-me-ka-%ca%bbenehana\/ka-ma%ca%bbi-kelepona\/\">ka ma\u02bbi kelepona<\/a>, a i \u02bbole <a href=\"https:\/\/internetaddictsanonymous.org\/haw\/ka-ho%ca%bbopili-%ca%bbana-i-ka-punaewele-a-me-ka-%ca%bbenehana\/ka-ma%ca%bbi-pa%ca%bbani-wikio\/\">ka ma\u02bbi p\u0101\u02bbani wiki\u014d<\/a>. Hiki i\u0101 \u02bboe ke a\u02bbo hou a\u02bbe e pili ana i\u0101 ITAA ma ka heluhelu \u02bbana i k\u0101 m\u0101kou&nbsp;<a href=\"https:\/\/internetaddictsanonymous.org\/haw\/alaka%ca%bbi-no-na-po%ca%bbe-hou\/\">alaka\u02bbi no n\u0101 po\u02bbe hou<\/a>, e n\u0101n\u0101 hou ana i k\u0101 m\u0101kou <a href=\"https:\/\/internetaddictsanonymous.org\/haw\/na-kumuwaiwai\/na-mea-hana-hoola\/\">n\u0101 mea hana ho&#039;\u014dla<\/a>, a i \u02bbole e ho\u02bbolohe ana <a href=\"https:\/\/internetaddictsanonymous.org\/haw\/na-mo%ca%bbolelo-ho%ca%bbola\/\">n\u0101 mo\u02bbolelo ho&#039;\u014dla o n\u0101 l\u0101l\u0101<\/a>.<\/p>\n\n\n\n<p>\u02bbA\u02bbole pili \u02bbo ITAA me kekahi papahana politika, ho\u02bbomana, a i \u02bbole n\u0101 makemake o waho. K\u0101ko\u02bbo piha m\u0101kou i\u0101 m\u0101kou iho a k\u016b\u02bboko\u02bba i ka po\u02bbe a pau e pono ai. \u02bbO k\u0101 m\u0101kou pahuhopu ho\u02bbokahi ka pale \u02bbana i ka ho\u02bbohana \u02bbana i ka p\u016bnaewele a me ka \u02bbenehana a me ke k\u014dkua \u02bbana i n\u0101 po\u02bbe \u02bb\u0113 a\u02bbe e loa\u02bba ke k\u016b\u02bboko\u02bba mai k\u0113ia \u02bbano ho\u02bboma\u02bbama\u02bba.<\/p>\n\n\n\n<p>Welina hou! Ke lana nei ko m\u0101kou mana\u02bbo e hiki i k\u0113ia kai\u0101ulu ke h\u0101\u02bbawi i ke k\u0101ko\u02bbo \u0101u e pono ai i kou ho\u02bb\u014dla \u02bbana mai ka ma\u02bbi p\u016bnaewele a me ka \u02bbenehana. Mai k\u0101nalua e ho\u02bboka\u02bba\u02bbike mai i\u0101 m\u0101kou in\u0101 he mau n\u012bnau k\u0101u.<\/p>\n<!-- PMB print buttons is only displayed on a single post\/page URLs-->","protected":false},"excerpt":{"rendered":"<p>Welina mai i ka P\u016bnaewele a me n\u0101 \u02bbIke loea Anonymous! Hau\u02bboli m\u0101kou ua loa\u02bba i\u0101 \u02bboe m\u0101kou, a ke mana\u02bbolana nei m\u0101kou e hiki i ko m\u0101kou kai\u0101ulu ke k\u014dkua i\u0101 \u02bboe e like me ia no m\u0101kou. \u02bbO ITAA kahi hui \u02bbumik\u016bm\u0101lua-\u02bbanu\u02bbu o n\u0101 k\u0101naka e k\u0101ko\u02bbo ana kekahi i kekahi i ka ho\u02bb\u014dla \u02bbana mai ka ho\u02bbopili p\u016bnaewele a me ka \u02bbenehana. Ho\u02bbokomo p\u016b k\u0113ia i ka ho\u02bbopili \u02bbana i ka p\u0101pili kaiapili, n\u0101 kelepona akamai, ke kahe \u02bbana ... <a href=\"https:\/\/internetaddictsanonymous.org\/haw\/in-person-meetings\/uk-london\/\" class=\"more-link\">E ho\u02bbomau i ka heluhelu \u02bbana <span class=\"screen-reader-text\">ITAA ma United Kingdom<\/span><\/a><\/p>","protected":false},"author":35194237,"featured_media":0,"parent":148,"menu_order":0,"comment_status":"closed","ping_status":"closed","template":"full-width-page.php","meta":{"inline_featured_image":false,"_lmt_disableupdate":"","_lmt_disable":"","footnotes":""},"tags":[],"class_list":["post-16390","page","type-page","status-publish","hentry"],"yoast_head":"<!-- This site is optimized with the Yoast SEO plugin v27.5 - https:\/\/yoast.com\/product\/yoast-seo-wordpress\/ -->\n<title>ITAA in United Kingdom &#8211; Internet and Technology Addicts Anonymous<\/title>\n<meta name=\"robots\" content=\"index, follow, max-snippet:-1, max-image-preview:large, max-video-preview:-1\" \/>\n<link rel=\"canonical\" href=\"https:\/\/internetaddictsanonymous.org\/haw\/na-halawai-pilikino\/uk-lakana\/\" \/>\n<meta property=\"og:locale\" content=\"en_US\" \/>\n<meta property=\"og:type\" content=\"article\" \/>\n<meta property=\"og:title\" content=\"ITAA in United Kingdom &#8211; Internet and Technology Addicts Anonymous\" \/>\n<meta property=\"og:description\" content=\"Welcome to Internet and Technology Addicts Anonymous! We\u2019re glad you\u2019ve found us, and we hope our community can be as helpful to you as it has been for us. ITAA is a Twelve-Step fellowship of individuals who support each other in recovering from internet and technology addiction. This includes addiction to social media, smartphones, streaming &hellip; Continue reading ITAA in United Kingdom\" \/>\n<meta property=\"og:url\" content=\"https:\/\/internetaddictsanonymous.org\/haw\/na-halawai-pilikino\/uk-lakana\/\" \/>\n<meta property=\"og:site_name\" content=\"Internet and Technology Addicts Anonymous\" \/>\n<meta property=\"article:modified_time\" content=\"2026-04-03T13:55:28+00:00\" \/>\n<meta property=\"og:image\" content=\"https:\/\/internetaddictsanonymous.org\/wp-content\/uploads\/2023\/07\/directions-to-WOCC-seminar-room-1.png\" \/>\n\t<meta property=\"og:image:width\" content=\"681\" \/>\n\t<meta property=\"og:image:height\" content=\"376\" \/>\n\t<meta property=\"og:image:type\" content=\"image\/png\" \/>\n<meta name=\"twitter:card\" content=\"summary_large_image\" \/>\n<meta name=\"twitter:label1\" content=\"Est. reading time\" \/>\n\t<meta name=\"twitter:data1\" content=\"4 minutes\" \/>\n<script type=\"application\/ld+json\" class=\"yoast-schema-graph\">{\"@context\":\"https:\\\/\\\/schema.org\",\"@graph\":[{\"@type\":\"WebPage\",\"@id\":\"https:\\\/\\\/internetaddictsanonymous.org\\\/in-person-meetings\\\/uk-london\\\/\",\"url\":\"https:\\\/\\\/internetaddictsanonymous.org\\\/in-person-meetings\\\/uk-london\\\/\",\"name\":\"ITAA in United Kingdom &#8211; Internet and Technology Addicts Anonymous\",\"isPartOf\":{\"@id\":\"https:\\\/\\\/internetaddictsanonymous.org\\\/#website\"},\"primaryImageOfPage\":{\"@id\":\"https:\\\/\\\/internetaddictsanonymous.org\\\/in-person-meetings\\\/uk-london\\\/#primaryimage\"},\"image\":{\"@id\":\"https:\\\/\\\/internetaddictsanonymous.org\\\/in-person-meetings\\\/uk-london\\\/#primaryimage\"},\"thumbnailUrl\":\"https:\\\/\\\/internetaddictsanonymous.org\\\/wp-content\\\/uploads\\\/2023\\\/07\\\/directions-to-WOCC-seminar-room-1.png\",\"datePublished\":\"2023-07-16T18:01:24+00:00\",\"dateModified\":\"2026-04-03T13:55:28+00:00\",\"breadcrumb\":{\"@id\":\"https:\\\/\\\/internetaddictsanonymous.org\\\/in-person-meetings\\\/uk-london\\\/#breadcrumb\"},\"inLanguage\":\"haw-US\",\"potentialAction\":[{\"@type\":\"ReadAction\",\"target\":[\"https:\\\/\\\/internetaddictsanonymous.org\\\/in-person-meetings\\\/uk-london\\\/\"]}]},{\"@type\":\"ImageObject\",\"inLanguage\":\"haw-US\",\"@id\":\"https:\\\/\\\/internetaddictsanonymous.org\\\/in-person-meetings\\\/uk-london\\\/#primaryimage\",\"url\":\"https:\\\/\\\/internetaddictsanonymous.org\\\/wp-content\\\/uploads\\\/2023\\\/07\\\/directions-to-WOCC-seminar-room-1.png\",\"contentUrl\":\"https:\\\/\\\/internetaddictsanonymous.org\\\/wp-content\\\/uploads\\\/2023\\\/07\\\/directions-to-WOCC-seminar-room-1.png\"},{\"@type\":\"BreadcrumbList\",\"@id\":\"https:\\\/\\\/internetaddictsanonymous.org\\\/in-person-meetings\\\/uk-london\\\/#breadcrumb\",\"itemListElement\":[{\"@type\":\"ListItem\",\"position\":1,\"name\":\"Home\",\"item\":\"https:\\\/\\\/internetaddictsanonymous.org\\\/\"},{\"@type\":\"ListItem\",\"position\":2,\"name\":\"In-Person Meetings\",\"item\":\"https:\\\/\\\/internetaddictsanonymous.org\\\/in-person-meetings\\\/\"},{\"@type\":\"ListItem\",\"position\":3,\"name\":\"ITAA in United Kingdom\"}]},{\"@type\":\"WebSite\",\"@id\":\"https:\\\/\\\/internetaddictsanonymous.org\\\/#website\",\"url\":\"https:\\\/\\\/internetaddictsanonymous.org\\\/\",\"name\":\"Internet and Technology Addicts Anonymous\",\"description\":\"Worldwide 12-step Fellowship for Internet and Technology Addiction\",\"publisher\":{\"@id\":\"https:\\\/\\\/internetaddictsanonymous.org\\\/#organization\"},\"potentialAction\":[{\"@type\":\"SearchAction\",\"target\":{\"@type\":\"EntryPoint\",\"urlTemplate\":\"https:\\\/\\\/internetaddictsanonymous.org\\\/?s={search_term_string}\"},\"query-input\":{\"@type\":\"PropertyValueSpecification\",\"valueRequired\":true,\"valueName\":\"search_term_string\"}}],\"inLanguage\":\"haw-US\"},{\"@type\":\"Organization\",\"@id\":\"https:\\\/\\\/internetaddictsanonymous.org\\\/#organization\",\"name\":\"Internet and Technology Addicts Anonymous\",\"url\":\"https:\\\/\\\/internetaddictsanonymous.org\\\/\",\"logo\":{\"@type\":\"ImageObject\",\"inLanguage\":\"haw-US\",\"@id\":\"https:\\\/\\\/internetaddictsanonymous.org\\\/#\\\/schema\\\/logo\\\/image\\\/\",\"url\":\"https:\\\/\\\/internetaddictsanonymous.org\\\/wp-content\\\/uploads\\\/2023\\\/01\\\/cropped-ITAA-logo-480px.png\",\"contentUrl\":\"https:\\\/\\\/internetaddictsanonymous.org\\\/wp-content\\\/uploads\\\/2023\\\/01\\\/cropped-ITAA-logo-480px.png\",\"width\":480,\"height\":480,\"caption\":\"Internet and Technology Addicts Anonymous\"},\"image\":{\"@id\":\"https:\\\/\\\/internetaddictsanonymous.org\\\/#\\\/schema\\\/logo\\\/image\\\/\"}}]}<\/script>\n<!-- \/ Yoast SEO plugin. -->","yoast_head_json":{"title":"ITAA ma United Kingdom - P\u016bnaewele a me n\u0101 mea ho\u02bbon\u0101ukiuki \u02bbenehana Anonymous","robots":{"index":"index","follow":"follow","max-snippet":"max-snippet:-1","max-image-preview":"max-image-preview:large","max-video-preview":"max-video-preview:-1"},"canonical":"https:\/\/internetaddictsanonymous.org\/haw\/na-halawai-pilikino\/uk-lakana\/","og_locale":"en_US","og_type":"article","og_title":"ITAA in United Kingdom &#8211; Internet and Technology Addicts Anonymous","og_description":"Welcome to Internet and Technology Addicts Anonymous! We\u2019re glad you\u2019ve found us, and we hope our community can be as helpful to you as it has been for us. ITAA is a Twelve-Step fellowship of individuals who support each other in recovering from internet and technology addiction. This includes addiction to social media, smartphones, streaming &hellip; Continue reading ITAA in United Kingdom","og_url":"https:\/\/internetaddictsanonymous.org\/haw\/na-halawai-pilikino\/uk-lakana\/","og_site_name":"Internet and Technology Addicts Anonymous","article_modified_time":"2026-04-03T13:55:28+00:00","og_image":[{"width":681,"height":376,"url":"https:\/\/internetaddictsanonymous.org\/wp-content\/uploads\/2023\/07\/directions-to-WOCC-seminar-room-1.png","type":"image\/png"}],"twitter_card":"summary_large_image","twitter_misc":{"Est. reading time":"4 minutes"},"schema":{"@context":"https:\/\/schema.org","@graph":[{"@type":"WebPage","@id":"https:\/\/internetaddictsanonymous.org\/in-person-meetings\/uk-london\/","url":"https:\/\/internetaddictsanonymous.org\/in-person-meetings\/uk-london\/","name":"ITAA ma United Kingdom - P\u016bnaewele a me n\u0101 mea ho\u02bbon\u0101ukiuki \u02bbenehana Anonymous","isPartOf":{"@id":"https:\/\/internetaddictsanonymous.org\/#website"},"primaryImageOfPage":{"@id":"https:\/\/internetaddictsanonymous.org\/in-person-meetings\/uk-london\/#primaryimage"},"image":{"@id":"https:\/\/internetaddictsanonymous.org\/in-person-meetings\/uk-london\/#primaryimage"},"thumbnailUrl":"https:\/\/internetaddictsanonymous.org\/wp-content\/uploads\/2023\/07\/directions-to-WOCC-seminar-room-1.png","datePublished":"2023-07-16T18:01:24+00:00","dateModified":"2026-04-03T13:55:28+00:00","breadcrumb":{"@id":"https:\/\/internetaddictsanonymous.org\/in-person-meetings\/uk-london\/#breadcrumb"},"inLanguage":"haw-US","potentialAction":[{"@type":"ReadAction","target":["https:\/\/internetaddictsanonymous.org\/in-person-meetings\/uk-london\/"]}]},{"@type":"ImageObject","inLanguage":"haw-US","@id":"https:\/\/internetaddictsanonymous.org\/in-person-meetings\/uk-london\/#primaryimage","url":"https:\/\/internetaddictsanonymous.org\/wp-content\/uploads\/2023\/07\/directions-to-WOCC-seminar-room-1.png","contentUrl":"https:\/\/internetaddictsanonymous.org\/wp-content\/uploads\/2023\/07\/directions-to-WOCC-seminar-room-1.png"},{"@type":"BreadcrumbList","@id":"https:\/\/internetaddictsanonymous.org\/in-person-meetings\/uk-london\/#breadcrumb","itemListElement":[{"@type":"ListItem","position":1,"name":"Home","item":"https:\/\/internetaddictsanonymous.org\/"},{"@type":"ListItem","position":2,"name":"In-Person Meetings","item":"https:\/\/internetaddictsanonymous.org\/in-person-meetings\/"},{"@type":"ListItem","position":3,"name":"ITAA in United Kingdom"}]},{"@type":"WebSite","@id":"https:\/\/internetaddictsanonymous.org\/#website","url":"https:\/\/internetaddictsanonymous.org\/","name":"N\u0101 mea ho\u02bbopilikia p\u016bnaewele a me ka \u02bbenehana Anonymous","description":"\u02bbO ka Fellowship honua 12-step no ka ho\u02bbohui \u02bbana i ka P\u016bnaewele a me ka \u02bbenehana","publisher":{"@id":"https:\/\/internetaddictsanonymous.org\/#organization"},"potentialAction":[{"@type":"SearchAction","target":{"@type":"EntryPoint","urlTemplate":"https:\/\/internetaddictsanonymous.org\/?s={search_term_string}"},"query-input":{"@type":"PropertyValueSpecification","valueRequired":true,"valueName":"search_term_string"}}],"inLanguage":"haw-US"},{"@type":"Organization","@id":"https:\/\/internetaddictsanonymous.org\/#organization","name":"N\u0101 mea ho\u02bbopilikia p\u016bnaewele a me ka \u02bbenehana Anonymous","url":"https:\/\/internetaddictsanonymous.org\/","logo":{"@type":"ImageObject","inLanguage":"haw-US","@id":"https:\/\/internetaddictsanonymous.org\/#\/schema\/logo\/image\/","url":"https:\/\/internetaddictsanonymous.org\/wp-content\/uploads\/2023\/01\/cropped-ITAA-logo-480px.png","contentUrl":"https:\/\/internetaddictsanonymous.org\/wp-content\/uploads\/2023\/01\/cropped-ITAA-logo-480px.png","width":480,"height":480,"caption":"Internet and Technology Addicts Anonymous"},"image":{"@id":"https:\/\/internetaddictsanonymous.org\/#\/schema\/logo\/image\/"}}]}},"jetpack_sharing_enabled":true,"jetpack_shortlink":"https:\/\/wp.me\/P9Fwob-4gm","_links":{"self":[{"href":"https:\/\/internetaddictsanonymous.org\/haw\/wp-json\/wp\/v2\/pages\/16390","targetHints":{"allow":["GET"]}}],"collection":[{"href":"https:\/\/internetaddictsanonymous.org\/haw\/wp-json\/wp\/v2\/pages"}],"about":[{"href":"https:\/\/internetaddictsanonymous.org\/haw\/wp-json\/wp\/v2\/types\/page"}],"author":[{"embeddable":true,"href":"https:\/\/internetaddictsanonymous.org\/haw\/wp-json\/wp\/v2\/users\/35194237"}],"replies":[{"embeddable":true,"href":"https:\/\/internetaddictsanonymous.org\/haw\/wp-json\/wp\/v2\/comments?post=16390"}],"version-history":[{"count":26,"href":"https:\/\/internetaddictsanonymous.org\/haw\/wp-json\/wp\/v2\/pages\/16390\/revisions"}],"predecessor-version":[{"id":21166,"href":"https:\/\/internetaddictsanonymous.org\/haw\/wp-json\/wp\/v2\/pages\/16390\/revisions\/21166"}],"up":[{"embeddable":true,"href":"https:\/\/internetaddictsanonymous.org\/haw\/wp-json\/wp\/v2\/pages\/148"}],"wp:attachment":[{"href":"https:\/\/internetaddictsanonymous.org\/haw\/wp-json\/wp\/v2\/media?parent=16390"}],"wp:term":[{"taxonomy":"post_tag","embeddable":true,"href":"https:\/\/internetaddictsanonymous.org\/haw\/wp-json\/wp\/v2\/tags?post=16390"}],"curies":[{"name":"wp","href":"https:\/\/api.w.org\/{rel}","templated":true}]}}