{"id":16759,"date":"2023-09-03T14:47:44","date_gmt":"2023-09-03T18:47:44","guid":{"rendered":"https:\/\/internetaddictsanonymous.org\/?page_id=16759"},"modified":"2023-09-03T14:47:56","modified_gmt":"2023-09-03T18:47:56","slug":"ke-kupono-nei-i-ka-moe%ca%bbuhane","status":"publish","type":"page","link":"https:\/\/internetaddictsanonymous.org\/haw\/recovery-stories\/becoming-fit-to-dream\/","title":{"rendered":"Ke K\u016bpono nei i ka Moe\u02bbuhane"},"content":{"rendered":"<p><a href=\"https:\/\/drive.google.com\/file\/d\/1sa9dBP0TMQeO_q1tzpWsT1CYh99mLj03\/view?usp=sharing\" target=\"_blank\" rel=\"noreferrer noopener\"><em>PDF hiki ke pa\u02bbi \u02bbia<\/em><\/a><\/p>\n\n\n\n<p>Ma mua o ko\u02bbu komo \u02bbana i ITAA, ua like wau me he mea l\u0101 ua h\u0101\u02bbule au mai kahi pali, a ua ha\u02bbiha\u02bbi \u02bbia a mehameha ho\u02bbi ma lalo. Ua mana\u02bbo\u02bbi\u02bbo wau \u02bba\u02bbohe ala e hiki ai ia\u02bbu ke huki ia\u02bbu iho i waho o ka lua pouli o ka ha\u02bbiha\u02bbi a\u02bbu i mana\u02bbo ai. Ua \u02bbike kekahi mea i loko o\u02bbu e hilina\u02bbi ana ko\u02bbu ola \u02bbana i ka pi\u02bbi \u02bbana i k\u0113l\u0101 pali a me ka huki \u02bbana ia\u02bbu iho i waho, ak\u0101 ma ko\u02bbu mana\u02bbo pono\u02bb\u012b, \u02bba\u02bbole au i mana\u02bbo\u02bbi\u02bbo hiki ia\u02bbu ke ho\u02bbomaka.&nbsp;<\/p>\n\n\n\n<p>Me ke kaumaha a me ka hilahila, ua h\u016bn\u0101 au i ko\u02bbu mau maka, e k\u016blou ana ku\u02bbu po\u02bbo i ka \u02bbao\u02bbao. E ho\u02bbopa\u02bba au i ko\u02bbu n\u0101n\u0101 \u02bbana ma ke ki\u02bbi ne\u02bbe ma ka pale, e ho\u02bbopa\u02bba ana ia\u02bbu iho, e ho\u02bboka\u02bbawale ana mai ko\u02bbu k\u016blana h\u0101\u02bbule.<\/p>\n\n\n\n<p>Ua komo au i loko o ITAA i ka p\u014d ma hope o ka ho\u02bbolele \u02bbana i ke wiki\u014d a hiki i ka hola 4 AM. Ua ala au me ka mana\u02bbo ha\u02bbiha\u02bbi ma ka lalo o ka pali. Ua kaumaha au, hopohopo, ho\u02bbon\u0101ukiuki, a makemake nui i kahi hopena. \u02bbA\u02bbole hiki ia\u02bbu ke huki ia\u02bbu iho mai ka pale a \u02bba\u02bbole hiki ia\u02bbu ke ho\u02bbomau e like me k\u0113ia. Ua loa\u02bba ia\u02bbu ka p\u016bnaewele ITAA, \u02bbike au e hana \u02bbia ana kahi h\u0101l\u0101wai i loko o 10 mau minuke, a ua ho\u02bbomau wau.&nbsp;<\/p>\n\n\n\n<p>I k\u0113l\u0101 l\u0101, ua ho\u02bbomaka n\u0101 helehelena o ka po\u02bbe e ho&#039;\u014dla ana e puka mai ana mai ka pali o k\u0113l\u0101 pali. Ua ho\u02bbolohe au i n\u0101 leo e pili ana i ka\u02bbu \u02bbike a k\u0101hea aku no ke k\u014dkua. Ua ho\u02bbomaka n\u0101 kaula e \u02bbike \u02bbia. Ua iho mai ka po\u02bbe i kama\u02bb\u0101ina ia\u02bbu e h\u0101l\u0101wai me a\u02bbu. Ua h\u0101\u02bbawi mai kekahi ia\u02bbu i kahi inu hohonu o ka pilina, a\u02bbo kekahi i k\u014dkua mai ia\u02bbu e n\u0101n\u0101 i ko\u02bbu mau \u02bbeha. Ua ho\u02bbonoho kekahi ia\u02bbu i luna, a laila \u02bb\u014dlelo mai kekahi, &quot;E ho&#039;\u0101\u02bbo e k\u016b.&quot;\u201c&nbsp;<\/p>\n\n\n\n<p>Ha\u02bbalulu ak\u0101 ma ko\u02bbu mau w\u0101wae pono\u02bb\u012b ua hiki ia\u02bbu ke k\u016b. \u02bb\u014clelo maila ka po\u02bbe e ho&#039;\u014dla ana, &quot;Aia ke ala e puka ai i waho o k\u0113ia wahi i loko o 12 mau \u02bbanu\u02bbu. Pono \u02bboe e lawe i\u0101 l\u0101kou i ho\u02bbokahi i ka manawa.&quot; Ua h\u014d\u02bbike mai l\u0101kou ia\u02bbu i n\u0101 kaula a me n\u0101 \u02bb\u014dnaehana pulley. \u02bb\u012a maila l\u0101kou, &quot;\u02bba\u02bbole pono \u02bboe e pi\u02bbi i waho ho\u02bbokahi. E \u02bboki i loko o k\u0113ia kanaka; he pi\u02bbi maika\u02bbi l\u0101kou. Ua \u02bbike l\u0101kou pehea e ho\u02bbohana ai i ka puke alaka\u02bbi.&quot;\u201c<\/p>\n\n\n\n<p>Ua mana\u02bbo n\u014d wau he kaumaha e huki ana ia\u02bbu i lalo. Ua makemake au i ke k\u016blana ho\u02bboka\u02bbawale e uhi mai ai ka \u02bbenehana ia\u02bbu. Ua mana\u02bbo wau ua huki \u02bbia au e ke ko\u02bbiko\u02bbi o ka puka ma\u02bbalahi mai n\u0101 mana\u02bbo pa\u02bbakik\u012b a me ke ola pa\u02bbakik\u012b. \u02bbOiai ua makemake au e piholo i loko o ka hypnotism o ka pale, ua h\u0101pai \u02bbia ko\u02bbu mau maka i kahi hopena ikaika loa. He mea nui k\u0113ia. Ua lawe au i ho\u02bbokahi kapua\u02bbi. Ua pi\u02bbi au i kekahi pali a i ko\u02bbu ho\u02bb\u0101\u02bbo \u02bbana e h\u0101pai ia\u02bbu iho, ua h\u0101pai kekahi mea ia\u02bbu.&nbsp;<\/p>\n\n\n\n<p>A hiki i k\u0113ia manawa, ua mana\u02bbo\u02bbi\u02bbo wau e pono ia\u02bbu ka mana\u02bbo e huki ia\u02bbu iho i luna, ak\u0101 he mo\u02bbolelo wahahe\u02bbe k\u0113l\u0101 mana\u02bbo\u02bbi\u02bbo. Loa\u02bba ia\u02bbu n\u0101 H\u0101l\u0101wai a me ka Hui. Loa\u02bba ia\u02bbu kahi papahana Ho\u02bb\u014dla. Loa\u02bba ia\u02bbu n\u0101 \u02bbanu\u02bbu. Loa\u02bba ia\u02bbu kahi pilina me kahi Mana Ki\u02bbeki\u02bbe o ko\u02bbu \u02bbike pono\u02bb\u012b. Loa\u02bba ia\u02bbu kahi K\u0101ko\u02bbo. Loa\u02bba ia\u02bbu n\u0101 po\u02bbe ma ka honua holo\u02bboko\u02bba hiki ia\u02bbu ke k\u0101hea aku i k\u0113l\u0101 me k\u0113ia manawa o ka l\u0101. \u02bbO ka ikaika piha o k\u0113ia mau levers a me n\u0101 kaula e hana ia\u02bbu i ka mea hiki \u02bbole ia\u02bbu ke hana ia\u02bbu iho.<\/p>\n\n\n\n<p>He mau \u02bbanu\u02bbu ko\u02bbu i mua, \u02bbo kekahi e like me ka weliweli a me ka pa\u02bbakik\u012b. Ak\u0101 i kekahi manawa o k\u0113ia huaka\u02bbi ua ho\u02bbomaka wau e \u02bbike i kahi ho\u02bboikaika kino. He ho\u02bboikaika kino o ka na\u02bbau a me ka no\u02bbono\u02bbo; he ho\u02bboikaika kino uhane e k\u014dkua ia\u02bbu e pi\u02bbi. Aia n\u0101 paia m\u0101noanoa, me ka li\u02bbili\u02bbi o n\u0101 lima e pa\u02bba ana i mua, ak\u0101 \u02bba\u02bbole hiki ia\u02bbu ke h\u0101\u02bbule mamao. Ua pa\u02bba pono ko\u02bbu kaula i ka pilina.&nbsp;<\/p>\n\n\n\n<p>\u02bbA\u02bbole wau ke kanaka n\u0101na i ho\u02bbomaka i k\u0113ia huaka\u02bbi. \u02bbO ko\u02bbu ha\u02bbiha\u02bbi \u02bbana i ka ho\u02bbomaka \u02bbana ua ho\u02bbom\u0101kaukau ia\u02bbu e noi i ke k\u014dkua. Ua h\u014d\u02bbea koke mai k\u0113l\u0101 k\u014dkua i ko\u02bbu komo \u02bbana i ITAA a hiki mau mai. \u02bbO ka hana p\u016b \u02bbana me k\u0113ia k\u0101ko\u02bbo ua ho\u02bboikaika ia\u02bbu. I k\u0113ia manawa ua m\u0101kaukau wau e moe\u02bbuhane.<\/p>\n<!-- PMB print buttons is only displayed on a single post\/page URLs-->","protected":false},"excerpt":{"rendered":"<p>PDF hiki ke pa\u02bbi Ma mua o ko\u02bbu komo \u02bbana i ITAA, ua like wau me he mea l\u0101 ua h\u0101\u02bbule au mai kahi pali, a ua ha\u02bbiha\u02bbi \u02bbia a mehameha ho\u02bbi ma lalo. Ua mana\u02bbo\u02bbi\u02bbo wau \u02bba\u02bbohe ala e hiki ai ia\u02bbu ke huki ia\u02bbu iho mai loko mai o ka lua pouli o ka ha\u02bbiha\u02bbi a\u02bbu i mana\u02bbo ai. Ua \u02bbike kekahi mea i loko o\u02bbu e pili ana ko\u02bbu ola \u02bbana i ka pi\u02bbi \u02bbana i k\u0113l\u0101 \u2026 <a href=\"https:\/\/internetaddictsanonymous.org\/haw\/recovery-stories\/becoming-fit-to-dream\/\" class=\"more-link\">E ho\u02bbomau i ka heluhelu \u02bbana <span class=\"screen-reader-text\">Ke K\u016bpono nei i ka Moe\u02bbuhane<\/span><\/a><\/p>","protected":false},"author":35194237,"featured_media":0,"parent":9835,"menu_order":0,"comment_status":"closed","ping_status":"closed","template":"full-width-page.php","meta":{"inline_featured_image":false,"_lmt_disableupdate":"","_lmt_disable":"","jetpack_post_was_ever_published":false,"footnotes":""},"tags":[],"class_list":["post-16759","page","type-page","status-publish","hentry"],"yoast_head":"<!-- This site is optimized with the Yoast SEO plugin v27.3 - https:\/\/yoast.com\/product\/yoast-seo-wordpress\/ -->\n<title>Becoming Fit to Dream &#8211; Internet and Technology Addicts Anonymous<\/title>\n<meta name=\"robots\" content=\"index, follow, max-snippet:-1, max-image-preview:large, max-video-preview:-1\" \/>\n<link rel=\"canonical\" href=\"https:\/\/internetaddictsanonymous.org\/haw\/na-mo\u02bbolelo-ho\u02bbola\/ke-kupono-nei-i-ka-moe\u02bbuhane\/\" \/>\n<meta property=\"og:locale\" content=\"en_US\" \/>\n<meta property=\"og:type\" content=\"article\" \/>\n<meta property=\"og:title\" content=\"Becoming Fit to Dream &#8211; Internet and Technology Addicts Anonymous\" \/>\n<meta property=\"og:description\" content=\"Printable PDF Before I came into ITAA I felt like I had fallen from a cliff, and was lying broken and alone at the bottom. I believed there was no way I would ever pull myself out of the dark hole of brokenness I felt. Something in me knew my survival depended on climbing that &hellip; Continue reading Becoming Fit to Dream\" \/>\n<meta property=\"og:url\" content=\"https:\/\/internetaddictsanonymous.org\/haw\/na-mo\u02bbolelo-ho\u02bbola\/ke-kupono-nei-i-ka-moe\u02bbuhane\/\" \/>\n<meta property=\"og:site_name\" content=\"Internet and Technology Addicts Anonymous\" \/>\n<meta property=\"article:modified_time\" content=\"2023-09-03T18:47:56+00:00\" \/>\n<meta name=\"twitter:card\" content=\"summary_large_image\" \/>\n<script type=\"application\/ld+json\" class=\"yoast-schema-graph\">{\"@context\":\"https:\\\/\\\/schema.org\",\"@graph\":[{\"@type\":\"WebPage\",\"@id\":\"https:\\\/\\\/internetaddictsanonymous.org\\\/recovery-stories\\\/becoming-fit-to-dream\\\/\",\"url\":\"https:\\\/\\\/internetaddictsanonymous.org\\\/recovery-stories\\\/becoming-fit-to-dream\\\/\",\"name\":\"Becoming Fit to Dream &#8211; Internet and Technology Addicts Anonymous\",\"isPartOf\":{\"@id\":\"https:\\\/\\\/internetaddictsanonymous.org\\\/#website\"},\"datePublished\":\"2023-09-03T18:47:44+00:00\",\"dateModified\":\"2023-09-03T18:47:56+00:00\",\"breadcrumb\":{\"@id\":\"https:\\\/\\\/internetaddictsanonymous.org\\\/recovery-stories\\\/becoming-fit-to-dream\\\/#breadcrumb\"},\"inLanguage\":\"haw-US\",\"potentialAction\":[{\"@type\":\"ReadAction\",\"target\":[\"https:\\\/\\\/internetaddictsanonymous.org\\\/recovery-stories\\\/becoming-fit-to-dream\\\/\"]}]},{\"@type\":\"BreadcrumbList\",\"@id\":\"https:\\\/\\\/internetaddictsanonymous.org\\\/recovery-stories\\\/becoming-fit-to-dream\\\/#breadcrumb\",\"itemListElement\":[{\"@type\":\"ListItem\",\"position\":1,\"name\":\"Home\",\"item\":\"https:\\\/\\\/internetaddictsanonymous.org\\\/\"},{\"@type\":\"ListItem\",\"position\":2,\"name\":\"Recovery Stories\",\"item\":\"https:\\\/\\\/internetaddictsanonymous.org\\\/recovery-stories\\\/\"},{\"@type\":\"ListItem\",\"position\":3,\"name\":\"Becoming Fit to Dream\"}]},{\"@type\":\"WebSite\",\"@id\":\"https:\\\/\\\/internetaddictsanonymous.org\\\/#website\",\"url\":\"https:\\\/\\\/internetaddictsanonymous.org\\\/\",\"name\":\"Internet and Technology Addicts Anonymous\",\"description\":\"Worldwide 12-step Fellowship for Internet and Technology Addiction\",\"publisher\":{\"@id\":\"https:\\\/\\\/internetaddictsanonymous.org\\\/#organization\"},\"potentialAction\":[{\"@type\":\"SearchAction\",\"target\":{\"@type\":\"EntryPoint\",\"urlTemplate\":\"https:\\\/\\\/internetaddictsanonymous.org\\\/?s={search_term_string}\"},\"query-input\":{\"@type\":\"PropertyValueSpecification\",\"valueRequired\":true,\"valueName\":\"search_term_string\"}}],\"inLanguage\":\"haw-US\"},{\"@type\":\"Organization\",\"@id\":\"https:\\\/\\\/internetaddictsanonymous.org\\\/#organization\",\"name\":\"Internet and Technology Addicts Anonymous\",\"url\":\"https:\\\/\\\/internetaddictsanonymous.org\\\/\",\"logo\":{\"@type\":\"ImageObject\",\"inLanguage\":\"haw-US\",\"@id\":\"https:\\\/\\\/internetaddictsanonymous.org\\\/#\\\/schema\\\/logo\\\/image\\\/\",\"url\":\"https:\\\/\\\/internetaddictsanonymous.org\\\/wp-content\\\/uploads\\\/2023\\\/01\\\/cropped-ITAA-logo-480px.png\",\"contentUrl\":\"https:\\\/\\\/internetaddictsanonymous.org\\\/wp-content\\\/uploads\\\/2023\\\/01\\\/cropped-ITAA-logo-480px.png\",\"width\":480,\"height\":480,\"caption\":\"Internet and Technology Addicts Anonymous\"},\"image\":{\"@id\":\"https:\\\/\\\/internetaddictsanonymous.org\\\/#\\\/schema\\\/logo\\\/image\\\/\"}}]}<\/script>\n<!-- \/ Yoast SEO plugin. -->","yoast_head_json":{"title":"Ke K\u016bpono nei i ka Moe\u02bbuhane - P\u016bnaewele a me n\u0101 \u02bbenehana Addicts Anonymous","robots":{"index":"index","follow":"follow","max-snippet":"max-snippet:-1","max-image-preview":"max-image-preview:large","max-video-preview":"max-video-preview:-1"},"canonical":"https:\/\/internetaddictsanonymous.org\/haw\/na-mo\u02bbolelo-ho\u02bbola\/ke-kupono-nei-i-ka-moe\u02bbuhane\/","og_locale":"en_US","og_type":"article","og_title":"Becoming Fit to Dream &#8211; Internet and Technology Addicts Anonymous","og_description":"Printable PDF Before I came into ITAA I felt like I had fallen from a cliff, and was lying broken and alone at the bottom. I believed there was no way I would ever pull myself out of the dark hole of brokenness I felt. Something in me knew my survival depended on climbing that &hellip; Continue reading Becoming Fit to Dream","og_url":"https:\/\/internetaddictsanonymous.org\/haw\/na-mo\u02bbolelo-ho\u02bbola\/ke-kupono-nei-i-ka-moe\u02bbuhane\/","og_site_name":"Internet and Technology Addicts Anonymous","article_modified_time":"2023-09-03T18:47:56+00:00","twitter_card":"summary_large_image","schema":{"@context":"https:\/\/schema.org","@graph":[{"@type":"WebPage","@id":"https:\/\/internetaddictsanonymous.org\/recovery-stories\/becoming-fit-to-dream\/","url":"https:\/\/internetaddictsanonymous.org\/recovery-stories\/becoming-fit-to-dream\/","name":"Ke K\u016bpono nei i ka Moe\u02bbuhane - P\u016bnaewele a me n\u0101 \u02bbenehana Addicts Anonymous","isPartOf":{"@id":"https:\/\/internetaddictsanonymous.org\/#website"},"datePublished":"2023-09-03T18:47:44+00:00","dateModified":"2023-09-03T18:47:56+00:00","breadcrumb":{"@id":"https:\/\/internetaddictsanonymous.org\/recovery-stories\/becoming-fit-to-dream\/#breadcrumb"},"inLanguage":"haw-US","potentialAction":[{"@type":"ReadAction","target":["https:\/\/internetaddictsanonymous.org\/recovery-stories\/becoming-fit-to-dream\/"]}]},{"@type":"BreadcrumbList","@id":"https:\/\/internetaddictsanonymous.org\/recovery-stories\/becoming-fit-to-dream\/#breadcrumb","itemListElement":[{"@type":"ListItem","position":1,"name":"Home","item":"https:\/\/internetaddictsanonymous.org\/"},{"@type":"ListItem","position":2,"name":"Recovery Stories","item":"https:\/\/internetaddictsanonymous.org\/recovery-stories\/"},{"@type":"ListItem","position":3,"name":"Becoming Fit to Dream"}]},{"@type":"WebSite","@id":"https:\/\/internetaddictsanonymous.org\/#website","url":"https:\/\/internetaddictsanonymous.org\/","name":"N\u0101 mea ho\u02bbopilikia p\u016bnaewele a me ka \u02bbenehana Anonymous","description":"\u02bbO ka Fellowship honua 12-step no ka ho\u02bbohui \u02bbana i ka P\u016bnaewele a me ka \u02bbenehana","publisher":{"@id":"https:\/\/internetaddictsanonymous.org\/#organization"},"potentialAction":[{"@type":"SearchAction","target":{"@type":"EntryPoint","urlTemplate":"https:\/\/internetaddictsanonymous.org\/?s={search_term_string}"},"query-input":{"@type":"PropertyValueSpecification","valueRequired":true,"valueName":"search_term_string"}}],"inLanguage":"haw-US"},{"@type":"Organization","@id":"https:\/\/internetaddictsanonymous.org\/#organization","name":"N\u0101 mea ho\u02bbopilikia p\u016bnaewele a me ka \u02bbenehana Anonymous","url":"https:\/\/internetaddictsanonymous.org\/","logo":{"@type":"ImageObject","inLanguage":"haw-US","@id":"https:\/\/internetaddictsanonymous.org\/#\/schema\/logo\/image\/","url":"https:\/\/internetaddictsanonymous.org\/wp-content\/uploads\/2023\/01\/cropped-ITAA-logo-480px.png","contentUrl":"https:\/\/internetaddictsanonymous.org\/wp-content\/uploads\/2023\/01\/cropped-ITAA-logo-480px.png","width":480,"height":480,"caption":"Internet and Technology Addicts Anonymous"},"image":{"@id":"https:\/\/internetaddictsanonymous.org\/#\/schema\/logo\/image\/"}}]}},"jetpack_sharing_enabled":true,"jetpack_shortlink":"https:\/\/wp.me\/P9Fwob-4mj","_links":{"self":[{"href":"https:\/\/internetaddictsanonymous.org\/haw\/wp-json\/wp\/v2\/pages\/16759","targetHints":{"allow":["GET"]}}],"collection":[{"href":"https:\/\/internetaddictsanonymous.org\/haw\/wp-json\/wp\/v2\/pages"}],"about":[{"href":"https:\/\/internetaddictsanonymous.org\/haw\/wp-json\/wp\/v2\/types\/page"}],"author":[{"embeddable":true,"href":"https:\/\/internetaddictsanonymous.org\/haw\/wp-json\/wp\/v2\/users\/35194237"}],"replies":[{"embeddable":true,"href":"https:\/\/internetaddictsanonymous.org\/haw\/wp-json\/wp\/v2\/comments?post=16759"}],"version-history":[{"count":2,"href":"https:\/\/internetaddictsanonymous.org\/haw\/wp-json\/wp\/v2\/pages\/16759\/revisions"}],"predecessor-version":[{"id":16761,"href":"https:\/\/internetaddictsanonymous.org\/haw\/wp-json\/wp\/v2\/pages\/16759\/revisions\/16761"}],"up":[{"embeddable":true,"href":"https:\/\/internetaddictsanonymous.org\/haw\/wp-json\/wp\/v2\/pages\/9835"}],"wp:attachment":[{"href":"https:\/\/internetaddictsanonymous.org\/haw\/wp-json\/wp\/v2\/media?parent=16759"}],"wp:term":[{"taxonomy":"post_tag","embeddable":true,"href":"https:\/\/internetaddictsanonymous.org\/haw\/wp-json\/wp\/v2\/tags?post=16759"}],"curies":[{"name":"wp","href":"https:\/\/api.w.org\/{rel}","templated":true}]}}