{"id":17186,"date":"2023-11-19T19:41:19","date_gmt":"2023-11-20T00:41:19","guid":{"rendered":"https:\/\/internetaddictsanonymous.org\/?page_id=17186"},"modified":"2023-12-09T23:32:10","modified_gmt":"2023-12-10T04:32:10","slug":"na-halawai-ka%ca%bbana-like-a-ka-mea-ha%ca%bbi%ca%bbolelo","status":"publish","type":"page","link":"https:\/\/internetaddictsanonymous.org\/haw\/speaker-share-meetings\/","title":{"rendered":"N\u0101 h\u0101l\u0101wai ka\u02bbana like a ka mea ha\u02bbi&#039;\u014dlelo"},"content":{"rendered":"<p>Welina mai! Aia ma lalo kahi kalena e h\u014d\u02bbike ana i k\u0101 m\u0101kou mau h\u0101l\u0101wai p\u016bnaewele \u0101pau e h\u014d\u02bbike ana i n\u0101 ka\u02bbana like \u02bbana o n\u0101 mea ha\u02bbi\u02bb\u014dlelo. Ho\u02bbomaka k\u0113ia mau h\u0101l\u0101wai me kahi l\u0101l\u0101 akamai o ITAA e h\u0101\u02bbawi ana i kahi ka\u02bbana like l\u014d\u02bbihi e pili ana i k\u0101 l\u0101kou huaka\u02bbi i ka ho\u02bb\u014dla \u02bbana, a ukali pinepine \u02bbia k\u0113ia e kahi manawa o ke ka\u02bbana like \u02bbana. \u02bbO n\u0101 h\u0101l\u0101wai ka\u02bbana like \u02bbana o n\u0101 mea ha\u02bbi\u02bb\u014dlelo he mau manawa k\u016bpono loa ia e lohe ai i ka \u02bbike, ka ikaika a me ka mana\u02bbolana o n\u0101 l\u0101l\u0101 \u02bb\u0113 a\u02bbe me ka hohonu.<\/p>\n\n\n\n<p><strong><mark style=\"background-color:rgba(0, 0, 0, 0)\" class=\"has-inline-color has-dark-gray-color\">H\u014d\u02bbike \u02bbia n\u0101 manawa h\u0101l\u0101wai ma kou \u02bb\u0101pana manawa k\u016bloko.<\/mark> <\/strong>Hiki i\u0101 \u02bboe ke loa\u02bba n\u0101 kiko\u02bb\u012b no k\u0113l\u0101 me k\u0113ia h\u0101l\u0101wai ma ke kaomi \u02bbana i ka hanana h\u0101l\u0101wai ma ka kalena. E \u02bbolu\u02bbolu e ho\u02bbomaopopo he pono paha \u02bboe i kahi mo\u02bbok\u0101ki Zoom e hui p\u016b ai. <\/p>\n\n\n<p><iframe style=\"height: 1150px; width: 100%;\" src=\"https:\/\/teamup.com\/ksor7s7g2r9rgphwo3?view=w&amp;showHeader=0&amp;showLogo=0&amp;showTitle=0&amp;disableSidepanel=1&amp;showViewSelector=1\" width=\"100%\" height=\"1150\" frameborder=\"0\"><\/iframe><\/p>\n\n\n<h3 class=\"wp-block-heading\"><strong>Ke ho\u02bbohui nei i kahi ka\u02bbana like \u02bbana o ka mea ha\u02bbi\u02bb\u014dlelo i ka kalena<\/strong><\/h3>\n\n\n\n<p>In\u0101 makemake \u02bboe e ho\u02bbohui i kahi ka\u02bbana like \u02bbana o ka mea ha\u02bbi\u02bb\u014dlelo i k\u0113ia kalena, e \u02bbolu\u02bbolu e ho\u02bboka\u02bba\u02bbike mai i\u0101 <strong>speakercalendar.itaa@gmail.com<\/strong> me ka manawa a me ka l\u0101 o ka h\u0101l\u0101wai, a me ka inoa o ka l\u0101l\u0101 n\u0101na e ka\u02bbana like.<\/p>\n\n\n\n<h3 class=\"wp-block-heading\"><strong>N\u0101 kumuwaiwai e pili ana i ke komo \u02bbana<\/strong><\/h3>\n\n\n\n<p><a href=\"https:\/\/internetaddictsanonymous.org\/haw\/hiki-ke-komo\/\">Ka hiki ke komo no n\u0101 l\u0101l\u0101 \u02bb\u014dlelo a me ka lohe \u02bbole<\/a><\/p>\n\n\n\n<p><a href=\"https:\/\/support.zoom.us\/hc\/en-us\/articles\/201362893-How-much-bandwidth-do-I-need-when-using-3G-or-4G-LTE\">Pono ka bandwidth i ka w\u0101 e ho\u02bbohana ai i ka 3G, 4G\/LTE, a i \u02bbole 5G (support.zoom.us)<\/a><\/p>\n\n\n\n<p><a href=\"https:\/\/support.zoom.us\/hc\/en-us\/articles\/4409500570381-Stopping-all-incoming-video-in-a-meeting-or-webinar\">Pehea e ho\u02bb\u014dki ai i n\u0101 wiki\u014d e hiki mai ana a pau (support.zoom.us)<\/a>)<\/p>\n<!-- PMB print buttons is only displayed on a single post\/page URLs-->","protected":false},"excerpt":{"rendered":"<p>Welina mai! Aia ma lalo kahi kalena e h\u014d\u02bbike ana i k\u0101 m\u0101kou mau h\u0101l\u0101wai p\u016bnaewele \u0101pau e h\u014d\u02bbike ana i n\u0101 ka\u02bbana like \u02bbana o n\u0101 mea ha\u02bbi\u02bb\u014dlelo. Ho\u02bbomaka k\u0113ia mau h\u0101l\u0101wai me kahi l\u0101l\u0101 akamai o ITAA e h\u0101\u02bbawi ana i kahi ka\u02bbana like l\u014d\u02bbihi e pili ana i k\u0101 l\u0101kou huaka\u02bbi i ka ho\u02bb\u014dla \u02bbana, a ukali pinepine \u02bbia k\u0113ia e kahi manawa o ke ka\u02bbana like \u02bbana. He mau manawa k\u016bpono n\u0101 h\u0101l\u0101wai ka\u02bbana like \u02bbana o n\u0101 mea ha\u02bbi\u02bb\u014dlelo e lohe ai i ka \u02bbike, ka ikaika a me ... <a href=\"https:\/\/internetaddictsanonymous.org\/haw\/speaker-share-meetings\/\" class=\"more-link\">E ho\u02bbomau i ka heluhelu \u02bbana <span class=\"screen-reader-text\">N\u0101 h\u0101l\u0101wai ka\u02bbana like a ka mea ha\u02bbi&#039;\u014dlelo<\/span><\/a><\/p>","protected":false},"author":35194237,"featured_media":0,"parent":0,"menu_order":0,"comment_status":"closed","ping_status":"closed","template":"full-width-page.php","meta":{"inline_featured_image":false,"_lmt_disableupdate":"","_lmt_disable":"","footnotes":""},"tags":[],"class_list":["post-17186","page","type-page","status-publish","hentry"],"yoast_head":"<!-- This site is optimized with the Yoast SEO plugin v27.5 - https:\/\/yoast.com\/product\/yoast-seo-wordpress\/ -->\n<title>Speaker share meetings &#8211; Internet and Technology Addicts Anonymous<\/title>\n<meta name=\"robots\" content=\"index, follow, max-snippet:-1, max-image-preview:large, max-video-preview:-1\" \/>\n<link rel=\"canonical\" href=\"https:\/\/internetaddictsanonymous.org\/haw\/na-halawai-ka\u02bbana-like-a-ka-mea-ha\u02bbi\u02bbolelo\/\" \/>\n<meta property=\"og:locale\" content=\"en_US\" \/>\n<meta property=\"og:type\" content=\"article\" \/>\n<meta property=\"og:title\" content=\"Speaker share meetings &#8211; Internet and Technology Addicts Anonymous\" \/>\n<meta property=\"og:description\" content=\"Welcome! Below is a calendar showing all of our online meetings that feature speaker shares. These meetings start with an experienced member of ITAA giving an extended share about their journey in recovery, and this is usually followed by a period of sharing. Speaker share meetings are wonderful opportunities to hear the experience, strength and &hellip; Continue reading Speaker share meetings\" \/>\n<meta property=\"og:url\" content=\"https:\/\/internetaddictsanonymous.org\/haw\/na-halawai-ka\u02bbana-like-a-ka-mea-ha\u02bbi\u02bbolelo\/\" \/>\n<meta property=\"og:site_name\" content=\"Internet and Technology Addicts Anonymous\" \/>\n<meta property=\"article:modified_time\" content=\"2023-12-10T04:32:10+00:00\" \/>\n<meta name=\"twitter:card\" content=\"summary_large_image\" \/>\n<meta name=\"twitter:label1\" content=\"Est. reading time\" \/>\n\t<meta name=\"twitter:data1\" content=\"1 minute\" \/>\n<script type=\"application\/ld+json\" class=\"yoast-schema-graph\">{\"@context\":\"https:\\\/\\\/schema.org\",\"@graph\":[{\"@type\":\"WebPage\",\"@id\":\"https:\\\/\\\/internetaddictsanonymous.org\\\/speaker-share-meetings\\\/\",\"url\":\"https:\\\/\\\/internetaddictsanonymous.org\\\/speaker-share-meetings\\\/\",\"name\":\"Speaker share meetings &#8211; Internet and Technology Addicts Anonymous\",\"isPartOf\":{\"@id\":\"https:\\\/\\\/internetaddictsanonymous.org\\\/#website\"},\"datePublished\":\"2023-11-20T00:41:19+00:00\",\"dateModified\":\"2023-12-10T04:32:10+00:00\",\"breadcrumb\":{\"@id\":\"https:\\\/\\\/internetaddictsanonymous.org\\\/speaker-share-meetings\\\/#breadcrumb\"},\"inLanguage\":\"haw-US\",\"potentialAction\":[{\"@type\":\"ReadAction\",\"target\":[\"https:\\\/\\\/internetaddictsanonymous.org\\\/speaker-share-meetings\\\/\"]}]},{\"@type\":\"BreadcrumbList\",\"@id\":\"https:\\\/\\\/internetaddictsanonymous.org\\\/speaker-share-meetings\\\/#breadcrumb\",\"itemListElement\":[{\"@type\":\"ListItem\",\"position\":1,\"name\":\"Home\",\"item\":\"https:\\\/\\\/internetaddictsanonymous.org\\\/\"},{\"@type\":\"ListItem\",\"position\":2,\"name\":\"Speaker share meetings\"}]},{\"@type\":\"WebSite\",\"@id\":\"https:\\\/\\\/internetaddictsanonymous.org\\\/#website\",\"url\":\"https:\\\/\\\/internetaddictsanonymous.org\\\/\",\"name\":\"Internet and Technology Addicts Anonymous\",\"description\":\"Worldwide 12-step Fellowship for Internet and Technology Addiction\",\"publisher\":{\"@id\":\"https:\\\/\\\/internetaddictsanonymous.org\\\/#organization\"},\"potentialAction\":[{\"@type\":\"SearchAction\",\"target\":{\"@type\":\"EntryPoint\",\"urlTemplate\":\"https:\\\/\\\/internetaddictsanonymous.org\\\/?s={search_term_string}\"},\"query-input\":{\"@type\":\"PropertyValueSpecification\",\"valueRequired\":true,\"valueName\":\"search_term_string\"}}],\"inLanguage\":\"haw-US\"},{\"@type\":\"Organization\",\"@id\":\"https:\\\/\\\/internetaddictsanonymous.org\\\/#organization\",\"name\":\"Internet and Technology Addicts Anonymous\",\"url\":\"https:\\\/\\\/internetaddictsanonymous.org\\\/\",\"logo\":{\"@type\":\"ImageObject\",\"inLanguage\":\"haw-US\",\"@id\":\"https:\\\/\\\/internetaddictsanonymous.org\\\/#\\\/schema\\\/logo\\\/image\\\/\",\"url\":\"https:\\\/\\\/internetaddictsanonymous.org\\\/wp-content\\\/uploads\\\/2023\\\/01\\\/cropped-ITAA-logo-480px.png\",\"contentUrl\":\"https:\\\/\\\/internetaddictsanonymous.org\\\/wp-content\\\/uploads\\\/2023\\\/01\\\/cropped-ITAA-logo-480px.png\",\"width\":480,\"height\":480,\"caption\":\"Internet and Technology Addicts Anonymous\"},\"image\":{\"@id\":\"https:\\\/\\\/internetaddictsanonymous.org\\\/#\\\/schema\\\/logo\\\/image\\\/\"}}]}<\/script>\n<!-- \/ Yoast SEO plugin. -->","yoast_head_json":{"title":"N\u0101 h\u0101l\u0101wai k\u016bk\u0101 a ka mea ha\u02bbi&#039;\u014dlelo - Internet and Technology Addicts Anonymous","robots":{"index":"index","follow":"follow","max-snippet":"max-snippet:-1","max-image-preview":"max-image-preview:large","max-video-preview":"max-video-preview:-1"},"canonical":"https:\/\/internetaddictsanonymous.org\/haw\/na-halawai-ka\u02bbana-like-a-ka-mea-ha\u02bbi\u02bbolelo\/","og_locale":"en_US","og_type":"article","og_title":"Speaker share meetings &#8211; Internet and Technology Addicts Anonymous","og_description":"Welcome! Below is a calendar showing all of our online meetings that feature speaker shares. These meetings start with an experienced member of ITAA giving an extended share about their journey in recovery, and this is usually followed by a period of sharing. Speaker share meetings are wonderful opportunities to hear the experience, strength and &hellip; Continue reading Speaker share meetings","og_url":"https:\/\/internetaddictsanonymous.org\/haw\/na-halawai-ka\u02bbana-like-a-ka-mea-ha\u02bbi\u02bbolelo\/","og_site_name":"Internet and Technology Addicts Anonymous","article_modified_time":"2023-12-10T04:32:10+00:00","twitter_card":"summary_large_image","twitter_misc":{"Est. reading time":"1 minute"},"schema":{"@context":"https:\/\/schema.org","@graph":[{"@type":"WebPage","@id":"https:\/\/internetaddictsanonymous.org\/speaker-share-meetings\/","url":"https:\/\/internetaddictsanonymous.org\/speaker-share-meetings\/","name":"N\u0101 h\u0101l\u0101wai k\u016bk\u0101 a ka mea ha\u02bbi&#039;\u014dlelo - Internet and Technology Addicts Anonymous","isPartOf":{"@id":"https:\/\/internetaddictsanonymous.org\/#website"},"datePublished":"2023-11-20T00:41:19+00:00","dateModified":"2023-12-10T04:32:10+00:00","breadcrumb":{"@id":"https:\/\/internetaddictsanonymous.org\/speaker-share-meetings\/#breadcrumb"},"inLanguage":"haw-US","potentialAction":[{"@type":"ReadAction","target":["https:\/\/internetaddictsanonymous.org\/speaker-share-meetings\/"]}]},{"@type":"BreadcrumbList","@id":"https:\/\/internetaddictsanonymous.org\/speaker-share-meetings\/#breadcrumb","itemListElement":[{"@type":"ListItem","position":1,"name":"Home","item":"https:\/\/internetaddictsanonymous.org\/"},{"@type":"ListItem","position":2,"name":"Speaker share meetings"}]},{"@type":"WebSite","@id":"https:\/\/internetaddictsanonymous.org\/#website","url":"https:\/\/internetaddictsanonymous.org\/","name":"N\u0101 mea ho\u02bbopilikia p\u016bnaewele a me ka \u02bbenehana Anonymous","description":"\u02bbO ka Fellowship honua 12-step no ka ho\u02bbohui \u02bbana i ka P\u016bnaewele a me ka \u02bbenehana","publisher":{"@id":"https:\/\/internetaddictsanonymous.org\/#organization"},"potentialAction":[{"@type":"SearchAction","target":{"@type":"EntryPoint","urlTemplate":"https:\/\/internetaddictsanonymous.org\/?s={search_term_string}"},"query-input":{"@type":"PropertyValueSpecification","valueRequired":true,"valueName":"search_term_string"}}],"inLanguage":"haw-US"},{"@type":"Organization","@id":"https:\/\/internetaddictsanonymous.org\/#organization","name":"N\u0101 mea ho\u02bbopilikia p\u016bnaewele a me ka \u02bbenehana Anonymous","url":"https:\/\/internetaddictsanonymous.org\/","logo":{"@type":"ImageObject","inLanguage":"haw-US","@id":"https:\/\/internetaddictsanonymous.org\/#\/schema\/logo\/image\/","url":"https:\/\/internetaddictsanonymous.org\/wp-content\/uploads\/2023\/01\/cropped-ITAA-logo-480px.png","contentUrl":"https:\/\/internetaddictsanonymous.org\/wp-content\/uploads\/2023\/01\/cropped-ITAA-logo-480px.png","width":480,"height":480,"caption":"Internet and Technology Addicts Anonymous"},"image":{"@id":"https:\/\/internetaddictsanonymous.org\/#\/schema\/logo\/image\/"}}]}},"jetpack_sharing_enabled":true,"jetpack_shortlink":"https:\/\/wp.me\/P9Fwob-4tc","_links":{"self":[{"href":"https:\/\/internetaddictsanonymous.org\/haw\/wp-json\/wp\/v2\/pages\/17186","targetHints":{"allow":["GET"]}}],"collection":[{"href":"https:\/\/internetaddictsanonymous.org\/haw\/wp-json\/wp\/v2\/pages"}],"about":[{"href":"https:\/\/internetaddictsanonymous.org\/haw\/wp-json\/wp\/v2\/types\/page"}],"author":[{"embeddable":true,"href":"https:\/\/internetaddictsanonymous.org\/haw\/wp-json\/wp\/v2\/users\/35194237"}],"replies":[{"embeddable":true,"href":"https:\/\/internetaddictsanonymous.org\/haw\/wp-json\/wp\/v2\/comments?post=17186"}],"version-history":[{"count":9,"href":"https:\/\/internetaddictsanonymous.org\/haw\/wp-json\/wp\/v2\/pages\/17186\/revisions"}],"predecessor-version":[{"id":17309,"href":"https:\/\/internetaddictsanonymous.org\/haw\/wp-json\/wp\/v2\/pages\/17186\/revisions\/17309"}],"wp:attachment":[{"href":"https:\/\/internetaddictsanonymous.org\/haw\/wp-json\/wp\/v2\/media?parent=17186"}],"wp:term":[{"taxonomy":"post_tag","embeddable":true,"href":"https:\/\/internetaddictsanonymous.org\/haw\/wp-json\/wp\/v2\/tags?post=17186"}],"curies":[{"name":"wp","href":"https:\/\/api.w.org\/{rel}","templated":true}]}}