{"id":17226,"date":"2023-12-03T15:15:07","date_gmt":"2023-12-03T20:15:07","guid":{"rendered":"https:\/\/internetaddictsanonymous.org\/?page_id=17226"},"modified":"2025-03-02T11:35:39","modified_gmt":"2025-03-02T19:35:39","slug":"na-kulana-o-ka-papa-hana-ism","status":"publish","type":"page","link":"https:\/\/internetaddictsanonymous.org\/haw\/ism-agenda-item-criteria\/","title":{"rendered":"N\u0101 K\u016blana o ka Papahana ISM"},"content":{"rendered":"<p>Hiki i kekahi l\u0101l\u0101 o ITAA ke waiho i kahi kumuhana papahana i k\u0101 m\u0101kou mau H\u0101l\u0101wai Hana Honua ma ka ho\u02bbouna \u02bbana i kahi leka ma o ka <a href=\"https:\/\/internetaddictsanonymous.org\/haw\/ho%ca%bboka%ca%bba%ca%bbike\/\">palapala ho\u02bbopili<\/a> i n\u0101 Kakauolelo o ka H\u0101l\u0101wai Lawelawe Honua. Ma mua o ka waiho \u02bbana i kahi kumuhana o ka papahana, paipai m\u0101kou i\u0101 \u02bboe e ho\u02bbomana\u02bbo i k\u0113ia mau mea:<\/p>\n\n\n\n<ul class=\"wp-block-list\">\n<li><strong>Kiko\u02bb\u012b: <\/strong>\u02bbO n\u0101 noi he mau mana\u02bbo pa\u02bba no kahi hana a ho\u02bboholo paha e hana. Ho\u02bb\u0101k\u0101ka pinepine l\u0101kou i ka &quot;he aha,&quot; &quot;\u02bbo wai,&quot; &quot;i ka manawa hea,&quot; a me &quot;ma hea.&quot; I n\u0101 hua\u02bb\u014dlelo \u02bb\u0113 a\u02bbe, ua kiko\u02bb\u012b ka noi e pili ana i ka mea e h\u0101pai \u02bbia ana, e pili ana i ka mea e ho\u02bbopilikia \u02bbia a i \u02bbole ka mea n\u0101na e ho\u02bbok\u014d i ka noi, e pili ana i ka manawa e hana \u02bbia ai ka noi, a e pili ana i kahi e ho\u02bbok\u014d \u02bbia ai ka noi (no ka la\u02bbana, ka palapala, ka p\u016bnaewele, a p\u0113l\u0101 aku).<\/li>\n\n\n\n<li><strong>Ho\u02bbonohonoho \u02bbia: <\/strong>\u02bbO ka ma\u02bbamau, ho\u02bbomaka n\u0101 ne\u02bbe me n\u0101 hua\u02bb\u014dlelo &quot;To&quot; a i \u02bbole &quot;That.&quot; Eia kekahi la\u02bbana o kahi ne\u02bbe: <em>\u201c&quot;Mana\u02bbo: E ho\u02bbonohonoho i kahi palena manawa pa\u02bbamau 2-minuke no n\u0101 \u02bb\u0101pana i ka w\u0101 o ISM (\u02bboiai hiki i kekahi ke hana i kahi noi i ka w\u0101 o kahi ISM e h\u014d\u02bbemi a ho\u02bbol\u014d\u02bbihi paha i ka palena manawa, a wehe paha), a e ho\u02bbohui i ka laina a\u02bbe i ka palapala ISM ma hope o ka \u02bb\u0101pana H\u014d\u02bbike: &quot;E makemake anei kekahi e h\u0101\u02bbawi manawale\u02bba e lilo i mea m\u0101lama manawa i k\u0113ia l\u0101? E loa\u02bba i\u0101 m\u0101kou \u02bbelua mau \u02bb\u0101pana minuke me kahi \u02bb\u014dlelo a\u02bbo 30-kekona. &#039;&quot;\u201c<\/em><\/li>\n\n\n\n<li><strong>P\u014dkole: <\/strong>\u02bbO k\u0101 m\u0101kou pahuhopu ka m\u0101lama \u02bbana i n\u0101 kumuhana o ka papahana ma lalo o 150 mau hua\u02bb\u014dlelo.<\/li>\n\n\n\n<li><strong>K\u016bpono:<\/strong> \u02bbA\u02bbole paha e uhaki n\u0101 mea o ka papahana i ka inoa \u02bbole o n\u0101 l\u0101l\u0101 \u02bb\u0113 a\u02bbe, ma ke \u02bbano pololei a \u02bba\u02bbole paha, \u02bba\u02bbole pono l\u0101kou e ho\u02bboha\u02bbaha\u02bba i n\u0101 l\u0101l\u0101 \u02bb\u0113 a\u02bbe o ITAA, \u02bba\u02bbole paha l\u0101kou e h\u014d\u02bbike i n\u0101 wehewehe ki\u02bbi o ka hana \u02bbino a i \u02bbole ke kumuhana moekolohe, a \u02bba\u02bbole paha l\u0101kou e h\u014d\u02bbike i ka ho\u02bbokae.<\/li>\n<\/ul>\n\n\n\n<p>Ma waho a\u02bbe o k\u0113ia mau mea, \u02bbike pinepine m\u0101kou he mea k\u014dkua ka ho\u02bboma\u02bbama\u02bba \u02bbana i\u0101 m\u0101kou iho me ka <a href=\"https:\/\/internetaddictsanonymous.org\/haw\/12-mau-%ca%bbanu%ca%bbu-o-ka-itaa\/\">N\u0101 Ku\u02bbuna \u02bbUmik\u016bm\u0101lua<\/a>, e ho\u02bbomana\u02bbo ana \u02bba\u02bbole he mana k\u0101n\u0101wai ka ISM ak\u0101 hana ia ma ka lawelawe \u02bbana i n\u0101 hui a me ko m\u0101kou l\u0101l\u0101. Hiki ke m\u0101lama maika\u02bbi \u02bbia kekahi mau noi (e like me ka mana\u02bbo \u02bbana i kahi ho\u02bboponopono i ka p\u016bnaewele a i \u02bbole ka palapala h\u0101l\u0101wai la\u02bbana) e kekahi o <a href=\"https:\/\/internetaddictsanonymous.org\/haw\/na-kulana-lawelawe-hamama\/\">k\u0101 m\u0101kou mau k\u014dmike<\/a>.<\/p>\n\n\n\n<p>E \u02bbolu\u02bbolu e ho\u02bbomaopopo he 3 mau pule ma ka li\u02bbili\u02bbi ma mua o ke k\u016bk\u0101k\u016bk\u0101 \u02bbia \u02bbana o n\u0101 kumuhana papahana ma kahi ISM, a no laila hiki ke hala i n\u0101 ISM he nui ma mua o ka hiki \u02bbana mai o k\u0101u kumuhana papahana no ke k\u016bk\u0101k\u016bk\u0101 \u02bbana.<\/p>\n<!-- PMB print buttons is only displayed on a single post\/page URLs-->","protected":false},"excerpt":{"rendered":"<p>Hiki i kekahi l\u0101l\u0101 o ITAA ke waiho i kahi mea papahana i k\u0101 m\u0101kou mau H\u0101l\u0101wai Hana Honua ma ka ho\u02bbouna \u02bbana i kahi leka ma o ka palapala ho\u02bbopili i n\u0101 Kakauolelo H\u0101l\u0101wai Hana Honua. Ma mua o ka waiho \u02bbana i kahi mea papahana, paipai m\u0101kou i\u0101 \u02bboe e ho\u02bbomana\u02bbo i k\u0113ia mau mea: Ma waho a\u02bbe o k\u0113ia mau mea, \u02bbike pinepine m\u0101kou he mea k\u014dkua ka ho\u02bboma\u02bbama\u02bba \u02bbana \u2026 <a href=\"https:\/\/internetaddictsanonymous.org\/haw\/ism-agenda-item-criteria\/\" class=\"more-link\">E ho\u02bbomau i ka heluhelu \u02bbana <span class=\"screen-reader-text\">N\u0101 K\u016blana o ka Papahana ISM<\/span><\/a><\/p>","protected":false},"author":35194237,"featured_media":0,"parent":0,"menu_order":0,"comment_status":"closed","ping_status":"closed","template":"full-width-page.php","meta":{"inline_featured_image":false,"_lmt_disableupdate":"","_lmt_disable":"","jetpack_post_was_ever_published":false,"footnotes":""},"tags":[],"class_list":["post-17226","page","type-page","status-publish","hentry"],"yoast_head":"<!-- This site is optimized with the Yoast SEO plugin v27.1.1 - https:\/\/yoast.com\/product\/yoast-seo-wordpress\/ -->\n<title>ISM Agenda Item Criteria &#8211; Internet and Technology Addicts Anonymous<\/title>\n<meta name=\"robots\" content=\"index, follow, max-snippet:-1, max-image-preview:large, max-video-preview:-1\" \/>\n<link rel=\"canonical\" href=\"https:\/\/internetaddictsanonymous.org\/haw\/na-kulana-o-ka-papa-hana-ism\/\" \/>\n<meta property=\"og:locale\" content=\"en_US\" \/>\n<meta property=\"og:type\" content=\"article\" \/>\n<meta property=\"og:title\" content=\"ISM Agenda Item Criteria &#8211; Internet and Technology Addicts Anonymous\" \/>\n<meta property=\"og:description\" content=\"Any member of ITAA may submit an agenda item to our International Service Meetings by sending a message through the contact form to the International Service Meeting Secretaries. Before submitting an agenda item, we encourage you to keep the following points in mind: In addition to these points, we often find it helpful to familiarize &hellip; Continue reading ISM Agenda Item Criteria\" \/>\n<meta property=\"og:url\" content=\"https:\/\/internetaddictsanonymous.org\/haw\/na-kulana-o-ka-papa-hana-ism\/\" \/>\n<meta property=\"og:site_name\" content=\"Internet and Technology Addicts Anonymous\" \/>\n<meta property=\"article:modified_time\" content=\"2025-03-02T19:35:39+00:00\" \/>\n<meta name=\"twitter:card\" content=\"summary_large_image\" \/>\n<meta name=\"twitter:label1\" content=\"Est. reading time\" \/>\n\t<meta name=\"twitter:data1\" content=\"2 minutes\" \/>\n<script type=\"application\/ld+json\" class=\"yoast-schema-graph\">{\"@context\":\"https:\/\/schema.org\",\"@graph\":[{\"@type\":\"WebPage\",\"@id\":\"https:\/\/internetaddictsanonymous.org\/ism-agenda-item-criteria\/\",\"url\":\"https:\/\/internetaddictsanonymous.org\/ism-agenda-item-criteria\/\",\"name\":\"ISM Agenda Item Criteria &#8211; Internet and Technology Addicts Anonymous\",\"isPartOf\":{\"@id\":\"https:\/\/internetaddictsanonymous.org\/#website\"},\"datePublished\":\"2023-12-03T20:15:07+00:00\",\"dateModified\":\"2025-03-02T19:35:39+00:00\",\"breadcrumb\":{\"@id\":\"https:\/\/internetaddictsanonymous.org\/ism-agenda-item-criteria\/#breadcrumb\"},\"inLanguage\":\"haw-US\",\"potentialAction\":[{\"@type\":\"ReadAction\",\"target\":[\"https:\/\/internetaddictsanonymous.org\/ism-agenda-item-criteria\/\"]}]},{\"@type\":\"BreadcrumbList\",\"@id\":\"https:\/\/internetaddictsanonymous.org\/ism-agenda-item-criteria\/#breadcrumb\",\"itemListElement\":[{\"@type\":\"ListItem\",\"position\":1,\"name\":\"Home\",\"item\":\"https:\/\/internetaddictsanonymous.org\/\"},{\"@type\":\"ListItem\",\"position\":2,\"name\":\"ISM Agenda Item Criteria\"}]},{\"@type\":\"WebSite\",\"@id\":\"https:\/\/internetaddictsanonymous.org\/#website\",\"url\":\"https:\/\/internetaddictsanonymous.org\/\",\"name\":\"Internet and Technology Addicts Anonymous\",\"description\":\"Worldwide 12-step Fellowship for Internet and Technology Addiction\",\"publisher\":{\"@id\":\"https:\/\/internetaddictsanonymous.org\/#organization\"},\"potentialAction\":[{\"@type\":\"SearchAction\",\"target\":{\"@type\":\"EntryPoint\",\"urlTemplate\":\"https:\/\/internetaddictsanonymous.org\/?s={search_term_string}\"},\"query-input\":{\"@type\":\"PropertyValueSpecification\",\"valueRequired\":true,\"valueName\":\"search_term_string\"}}],\"inLanguage\":\"haw-US\"},{\"@type\":\"Organization\",\"@id\":\"https:\/\/internetaddictsanonymous.org\/#organization\",\"name\":\"Internet and Technology Addicts Anonymous\",\"url\":\"https:\/\/internetaddictsanonymous.org\/\",\"logo\":{\"@type\":\"ImageObject\",\"inLanguage\":\"haw-US\",\"@id\":\"https:\/\/internetaddictsanonymous.org\/#\/schema\/logo\/image\/\",\"url\":\"https:\/\/internetaddictsanonymous.org\/wp-content\/uploads\/2023\/01\/cropped-ITAA-logo-480px.png\",\"contentUrl\":\"https:\/\/internetaddictsanonymous.org\/wp-content\/uploads\/2023\/01\/cropped-ITAA-logo-480px.png\",\"width\":480,\"height\":480,\"caption\":\"Internet and Technology Addicts Anonymous\"},\"image\":{\"@id\":\"https:\/\/internetaddictsanonymous.org\/#\/schema\/logo\/image\/\"}}]}<\/script>\n<!-- \/ Yoast SEO plugin. -->","yoast_head_json":{"title":"N\u0101 K\u016blana o ka Papahana ISM - N\u0101 mea ho\u02bbon\u0101ukiuki p\u016bnaewele a me ka \u02bbenehana Anonymous","robots":{"index":"index","follow":"follow","max-snippet":"max-snippet:-1","max-image-preview":"max-image-preview:large","max-video-preview":"max-video-preview:-1"},"canonical":"https:\/\/internetaddictsanonymous.org\/haw\/na-kulana-o-ka-papa-hana-ism\/","og_locale":"en_US","og_type":"article","og_title":"ISM Agenda Item Criteria &#8211; Internet and Technology Addicts Anonymous","og_description":"Any member of ITAA may submit an agenda item to our International Service Meetings by sending a message through the contact form to the International Service Meeting Secretaries. Before submitting an agenda item, we encourage you to keep the following points in mind: In addition to these points, we often find it helpful to familiarize &hellip; Continue reading ISM Agenda Item Criteria","og_url":"https:\/\/internetaddictsanonymous.org\/haw\/na-kulana-o-ka-papa-hana-ism\/","og_site_name":"Internet and Technology Addicts Anonymous","article_modified_time":"2025-03-02T19:35:39+00:00","twitter_card":"summary_large_image","twitter_misc":{"Est. reading time":"2 minutes"},"schema":{"@context":"https:\/\/schema.org","@graph":[{"@type":"WebPage","@id":"https:\/\/internetaddictsanonymous.org\/ism-agenda-item-criteria\/","url":"https:\/\/internetaddictsanonymous.org\/ism-agenda-item-criteria\/","name":"N\u0101 K\u016blana o ka Papahana ISM - N\u0101 mea ho\u02bbon\u0101ukiuki p\u016bnaewele a me ka \u02bbenehana Anonymous","isPartOf":{"@id":"https:\/\/internetaddictsanonymous.org\/#website"},"datePublished":"2023-12-03T20:15:07+00:00","dateModified":"2025-03-02T19:35:39+00:00","breadcrumb":{"@id":"https:\/\/internetaddictsanonymous.org\/ism-agenda-item-criteria\/#breadcrumb"},"inLanguage":"haw-US","potentialAction":[{"@type":"ReadAction","target":["https:\/\/internetaddictsanonymous.org\/ism-agenda-item-criteria\/"]}]},{"@type":"BreadcrumbList","@id":"https:\/\/internetaddictsanonymous.org\/ism-agenda-item-criteria\/#breadcrumb","itemListElement":[{"@type":"ListItem","position":1,"name":"Home","item":"https:\/\/internetaddictsanonymous.org\/"},{"@type":"ListItem","position":2,"name":"ISM Agenda Item Criteria"}]},{"@type":"WebSite","@id":"https:\/\/internetaddictsanonymous.org\/#website","url":"https:\/\/internetaddictsanonymous.org\/","name":"N\u0101 mea ho\u02bbopilikia p\u016bnaewele a me ka \u02bbenehana Anonymous","description":"\u02bbO ka Fellowship honua 12-step no ka ho\u02bbohui \u02bbana i ka P\u016bnaewele a me ka \u02bbenehana","publisher":{"@id":"https:\/\/internetaddictsanonymous.org\/#organization"},"potentialAction":[{"@type":"SearchAction","target":{"@type":"EntryPoint","urlTemplate":"https:\/\/internetaddictsanonymous.org\/?s={search_term_string}"},"query-input":{"@type":"PropertyValueSpecification","valueRequired":true,"valueName":"search_term_string"}}],"inLanguage":"haw-US"},{"@type":"Organization","@id":"https:\/\/internetaddictsanonymous.org\/#organization","name":"N\u0101 mea ho\u02bbopilikia p\u016bnaewele a me ka \u02bbenehana Anonymous","url":"https:\/\/internetaddictsanonymous.org\/","logo":{"@type":"ImageObject","inLanguage":"haw-US","@id":"https:\/\/internetaddictsanonymous.org\/#\/schema\/logo\/image\/","url":"https:\/\/internetaddictsanonymous.org\/wp-content\/uploads\/2023\/01\/cropped-ITAA-logo-480px.png","contentUrl":"https:\/\/internetaddictsanonymous.org\/wp-content\/uploads\/2023\/01\/cropped-ITAA-logo-480px.png","width":480,"height":480,"caption":"Internet and Technology Addicts Anonymous"},"image":{"@id":"https:\/\/internetaddictsanonymous.org\/#\/schema\/logo\/image\/"}}]}},"jetpack_sharing_enabled":true,"jetpack_shortlink":"https:\/\/wp.me\/P9Fwob-4tQ","_links":{"self":[{"href":"https:\/\/internetaddictsanonymous.org\/haw\/wp-json\/wp\/v2\/pages\/17226","targetHints":{"allow":["GET"]}}],"collection":[{"href":"https:\/\/internetaddictsanonymous.org\/haw\/wp-json\/wp\/v2\/pages"}],"about":[{"href":"https:\/\/internetaddictsanonymous.org\/haw\/wp-json\/wp\/v2\/types\/page"}],"author":[{"embeddable":true,"href":"https:\/\/internetaddictsanonymous.org\/haw\/wp-json\/wp\/v2\/users\/35194237"}],"replies":[{"embeddable":true,"href":"https:\/\/internetaddictsanonymous.org\/haw\/wp-json\/wp\/v2\/comments?post=17226"}],"version-history":[{"count":17,"href":"https:\/\/internetaddictsanonymous.org\/haw\/wp-json\/wp\/v2\/pages\/17226\/revisions"}],"predecessor-version":[{"id":19391,"href":"https:\/\/internetaddictsanonymous.org\/haw\/wp-json\/wp\/v2\/pages\/17226\/revisions\/19391"}],"wp:attachment":[{"href":"https:\/\/internetaddictsanonymous.org\/haw\/wp-json\/wp\/v2\/media?parent=17226"}],"wp:term":[{"taxonomy":"post_tag","embeddable":true,"href":"https:\/\/internetaddictsanonymous.org\/haw\/wp-json\/wp\/v2\/tags?post=17226"}],"curies":[{"name":"wp","href":"https:\/\/api.w.org\/{rel}","templated":true}]}}