{"id":17595,"date":"2024-02-18T19:47:54","date_gmt":"2024-02-19T00:47:54","guid":{"rendered":"https:\/\/internetaddictsanonymous.org\/?page_id=17595"},"modified":"2026-04-04T07:23:55","modified_gmt":"2026-04-04T14:23:55","slug":"%ca%bbamelika-hui-pu-%ca%bbia-kaleponi","status":"publish","type":"page","link":"https:\/\/internetaddictsanonymous.org\/haw\/in-person-meetings\/usa-ca\/","title":{"rendered":"ITAA ma Kaleponi, \u02bbAmelika Hui P\u016b \u02bbIa"},"content":{"rendered":"<p>Welina mai i ka P\u016bnaewele a me n\u0101 \u02bbIkehana \u02bbAnonymous! Hau\u02bboli m\u0101kou ua loa\u02bba i\u0101 \u02bboe m\u0101kou, a ke lana nei ko m\u0101kou mana\u02bbo e hiki i ko m\u0101kou kai\u0101ulu ke k\u014dkua i\u0101 \u02bboe e like me ia no m\u0101kou.<strong> <mark style=\"background-color:rgba(0, 0, 0, 0)\" class=\"has-inline-color has-dark-gray-color\">\u02bbO ka ITAA kahi hui \u02bbumik\u016bm\u0101lua-\u02bbanu\u02bbu o n\u0101 po\u02bbe e k\u0101ko\u02bbo ana kekahi i kekahi i ka ho\u02bb\u014dla \u02bbana mai ka ma\u02bbi p\u016bnaewele a me ka \u02bbenehana.<\/mark><\/strong> Ho\u02bbokomo p\u016b k\u0113ia i ka ho\u02bbopili \u02bbana i ka p\u0101pili kaiapili, n\u0101 kelepona akamai, ke kahe \u02bbana o n\u0101 wiki\u014d a i \u02bbole n\u0101 leo leo, n\u0101 p\u0101\u02bbani, n\u0101 n\u016bhou, n\u0101 ponokala, n\u0101 polokalamu pili, ka noi\u02bbi p\u016bnaewele, ke k\u016b\u02bbai p\u016bnaewele, a i \u02bbole kekahi hana kikoho\u02bbe \u02bb\u0113 a\u02bbe e lilo i mea ho\u02bbokaumaha a pilikia.&nbsp;<\/p>\n\n\n\n<h4 class=\"wp-block-heading has-text-align-center\">~ <em><strong>Ma Kaleponi \u02bb\u0100kau <\/strong><\/em>~<\/h4>\n\n\n\n<h3 class=\"wp-block-heading\">N\u0101 H\u0101l\u0101wai ma Chico (Hiki ke Hana \u02bbia)<\/h3>\n\n\n\n<p>In\u0101 makemake \u02bboe e ho\u02bbopili me n\u0101 l\u0101l\u0101 ITAA \u02bb\u0113 a\u02bbe ma Chico, Kaleponi, e \u02bbolu\u02bbolu e ho\u02bboka\u02bba\u02bbike mai i ka leka uila ho\u02bboka\u02bba\u02bbike.<br>Ho\u02bboka\u02bba\u02bbike: <a href=\"mailto:Chico.ITAA@gmail.com\" target=\"_blank\" rel=\"noreferrer noopener\">Chico.ITAA@gmail.com<\/a><\/p>\n\n\n\n<h3 class=\"wp-block-heading\">N\u0101 H\u0101l\u0101wai ma South Bay (Hiki ke Hana \u02bbia)<\/h3>\n\n\n\n<p>In\u0101 makemake \u02bboe e ho\u02bbopili me n\u0101 l\u0101l\u0101 ITAA \u02bb\u0113 a\u02bbe ma South Bay, Kaleponi, e \u02bbolu\u02bbolu e ho\u02bboka\u02bba\u02bbike mai i ka leka uila a i \u02bbole ke kelepona o Aye Bea.<br>Ho\u02bboka\u02bba\u02bbike: <a href=\"mailto:Chico.ITAA@gmail.com\" target=\"_blank\" rel=\"noreferrer noopener\">southbay.itaa@gmail.com<\/a> a i \u02bbole 408-507-3975<\/p>\n\n\n\n<h3 class=\"wp-block-heading\">N\u0101 H\u0101l\u0101wai ma Berkeley<\/h3>\n\n\n\n<p>\u0100hea: L\u0101pule, 1-2pm<br>Ma hea: Halepule \u02bbo Berkeley Unitarian Universalist, 1606 Bonita Ave, Berkeley, CA<br>Ho\u02bboka\u02bba\u02bbike:&nbsp;<a href=\"mailto:nolan.s.itaa@gmail.com\" target=\"_blank\" rel=\"noreferrer noopener\">nolan.s.itaa@gmail.com<\/a><\/p>\n\n\n\n<h3 class=\"wp-block-heading\">N\u0101 H\u0101l\u0101wai ma Kapalakiko<\/h3>\n\n\n\n<p>\u0100hea: P\u014d\u02bbaono, 1-2pm.<br>Ma hea: \u02bbO ka Halepule Unitarian Universalist mua a me ke Kikowaena (UUSF), 1187 Alanui Franklin, Kapalakiko, CA<br>Lumi: \u02bbO ka lumi Fahs<br>\u02bbIke Hou: E \u02bbolu\u02bbolu e kani i ka bele puka ma n\u0101 puka ANIANI ma mua o n\u0101 \u02bbanu\u02bbu mua (\u02bba\u02bbole n\u0101 puka l\u0101\u02bbau). Ke komo \u02bboe i loko o ka hale, e huli hema a hele i lalo i ke alaloa e ho\u02bbopuni ana i ka p\u0101 hale. Aia ka lumi Fahs ma ka hopena loa ma ka hema, ma hope o ka hale pule. In\u0101 ua pani \u02bbia ka puka, e komo mai! Ke kakali nei m\u0101kou e h\u0101l\u0101wai me \u02bboe.<br>Ho\u02bboka\u02bba\u02bbike: Tom\u00e1s K, tomask.itaa@gmail.com, 917 725 2192 (in\u0101 pilikia \u02bboe i ka loa\u02bba \u02bbana o ka lumi e \u02bbolu\u02bbolu e kelepona pololei mai)<\/p>\n\n\n\n<h4 class=\"wp-block-heading\">N\u0101 H\u0101l\u0101wai ma ke k\u016blanakauhale \u02bbo Yuba<\/h4>\n\n\n\n<p>\u0100hea: P\u014d\u02bbaono mua, 1-2 pm<br>Ma hea: Feather River Parkway, Yuba City, CA<br>Ho\u02bboka\u02bba\u02bbike:&nbsp;<a href=\"mailto:graham.recovery.in.itaa@gmail.com\" target=\"_blank\" rel=\"noreferrer noopener\">ITAA.NorCal@gmail.com<\/a><\/p>\n\n\n\n<p>E hele mai e launa p\u016b me kahi hui li\u02bbili\u02bbi ak\u0101 ikaika e k\u0101ko\u02bbo ana kekahi i kekahi e ho&#039;\u014dla i ho\u02bbokahi l\u0101 i ka manawa.<\/p>\n\n\n\n<p>He h\u0101l\u0101wai h\u0101mama k\u0113ia; ua ho\u02bbokipa \u02bbia n\u0101 mea a pau e hui p\u016b. Ke noi aku nei m\u0101kou i n\u0101 malihini e mahalo i ke kumu nui o k\u0113ia h\u0101l\u0101wai, \u02bbo ia ho\u02bbi ka lawe \u02bbana i ka leka o ka ho\u02bb\u014dla \u02bbana i ka mea ho\u02bbohana p\u016bnaewele a me ka \u02bbenehana e \u02bbeha mau nei.<\/p>\n\n\n\n<h4 class=\"wp-block-heading has-text-align-center\">~ <strong><em>Ma Kaleponi Hema<\/em><\/strong> ~<\/h4>\n\n\n\n<h3 class=\"wp-block-heading\">N\u0101 H\u0101l\u0101wai ma Los Angeles, CA<\/h3>\n\n\n\n<h4 class=\"wp-block-heading\">\u201c&quot;Ka Papa 11 ma 11:11&quot; H\u0101l\u0101wai o Hollywood ITAA<\/h4>\n\n\n\n<p>\u0100hea: P\u014d\u02bbaono 11:00am-12:30pm<br>Ma hea: Plummer Park ma 7377 Santa Monica Blvd, West Hollywood, CA 90046<br>Leka uila:&nbsp;<a href=\"mailto:Hollywood.ITAA@gmail.com\" target=\"_blank\" rel=\"noreferrer noopener\">Hollywood.ITAA@gmail.com<\/a><br>H\u014d\u02bbailona: <a href=\"https:\/\/signal.group\/#CjQKIH-GZ6WbWSa6lwfAKdOepX8k4djVGaUHOwAdyez5Cu5eEhCnuuYB18fbYFqkoxdGW3hp\" target=\"_blank\" rel=\"noreferrer noopener\">https:\/\/signal.group\/#CjQKIH-GZ6WbWSa6lwfAKdOepX8k4djVGaUHOwAdyez5Cu5eEhCnuuYB18fbYFqkoxdGW3hp<\/a><\/p>\n\n\n\n<p>He h\u0101l\u0101wai h\u0101mama k\u0113ia; ua ho\u02bbokipa \u02bbia n\u0101 mea a pau e hui p\u016b. Ke noi aku nei m\u0101kou i n\u0101 malihini e mahalo i ke kumu nui o k\u0113ia h\u0101l\u0101wai, \u02bbo ia ho\u02bbi ka lawe \u02bbana i ka leka o ka ho\u02bb\u014dla \u02bbana i ka mea ho\u02bbohana p\u016bnaewele a me ka \u02bbenehana e \u02bbeha mau nei.<\/p>\n\n\n\n<p>Kahi K\u016bpono: H\u0101l\u0101wai m\u0101kou ma kahi mau\u02bbu ma ka hema o n\u0101 kahua tenisi. \u02bbO n\u0101 ho\u02bbonohonoho GPS pololei:&nbsp;<br>(34.0929888, -118.3514780).<\/p>\n\n\n\n<p>Kahi Ka\u02bba: Aia kahi ka\u02bba manuahi no 3 hola no n\u0101 mea k\u016b\u02bbai aku o ka paka ma ka \u02bbao\u02bbao \u02bb\u0100kau a me Hema o ka paka. A me kahi ka\u02bba alanui paha, ak\u0101 e \u02bbolu\u02bbolu e ho\u02bbomana\u02bbo i n\u0101 kapu ka\u02bba alanui o ke k\u016blanakauhale.<\/p>\n\n\n\n<p>\u02bbIke hou aku:<br>1) E \u02bbolu\u02bbolu e ho\u02bboka\u02bba\u02bbike mai i ka leka uila a i \u02bbole ka hui WhatsApp in\u0101 he mau n\u012bnau k\u0101u ak\u0101 ma muli o ke \u02bbano o ka h\u0101l\u0101wai ma waho, ua ho\u02bbokipa \u02bbia ka h\u014d\u02bbea koke \u02bbana mai.<\/p>\n\n\n\n<p>2) E \u02bbolu\u02bbolu e h\u014d\u02bbea ma mua o ka hola 11 a.m. a e ho\u02bbomaopopo pono i ka manawa e ka\u02bba ai. Ho\u02bbomaka ka h\u0101l\u0101wai ma ka hola 11:11 a.m., ma hope o ia manawa e pani \u02bbia ke komo \u02bbana i ka h\u0101l\u0101wai a hiki i ka ho\u02bbomaka \u02bbana o ka \u02bb\u0101pana ka\u02bbana like ma hope o ka no\u02bbono\u02bbo \u02bbana ma kahi o 12N. In\u0101 h\u014d\u02bbea \u02bboe i loko o k\u0113ia manawa, e \u02bbolu\u02bbolu e kelepona i ka mea ho\u02bbopili a e \u02bbae \u02bbia \u02bboe ma hope o ka no\u02bbono\u02bbo \u02bbana<\/p>\n\n\n\n<p>3) Eia kekahi, e \u02bbolu\u02bbolu e lawe mai i kou noho pono\u02bb\u012b a i \u02bbole kapa moe in\u0101 makemake \u02bboe e noho \u02bbole ma luna o ka mau\u02bbu. Hiki ke hana \u02bbia n\u0101 wahi noho in\u0101 \u02bba\u02bbohe ou noho.<\/p>\n\n\n\n<p><\/p>\n\n\n\n<h4 class=\"wp-block-heading\">N\u0101 h\u0101l\u0101wai ma Pasadena<\/h4>\n\n\n\n<p>\u0100hea: P\u014d\u02bbah\u0101 i ka hola 11:00am<br>Ma hea: Central Park, Pasadena. E \u02bbolu\u02bbolu e h\u014d\u02bbea i \u02bbelima mau minuke ma mua e h\u0101l\u0101wai ai ma ka National Humane Alliance Fountain aia ma ke kihi o Raymond Ave a me E Dayton Street. Noho m\u0101kou ma ka malu o n\u0101 kumul\u0101\u02bbau nui - e lawe mai i kahi noho, k\u0101wele, a i \u02bbole kahi kapa moe in\u0101 makemake \u02bboe.<br>Ho\u02bboka\u02bba\u02bbike:&nbsp;<a href=\"mailto:mishainla.itaa@gmail.com\" target=\"_blank\" rel=\"noreferrer noopener\">mishainla.itaa@gmail.com<\/a><br><\/p>\n\n\n\n<p>\u02bbIke hou aku:<br>1) Aia kahi ka\u02bba ma ke alanui ma ke Alanui \u02bbo E Dayton, S Raymond Ave, a me Fair Oaks Avenue no $1.25 i k\u0113l\u0101 me k\u0113ia hola. Aia p\u016b kekahi ka\u02bba ka\u02bba no $1.00 no 90 mau minuke ma ka Hale Ka\u02bba o ke Kahua \u02bbo Del Mar (230 S Raymond Ave). In\u0101 e holo ana ma ke Metro, k\u016b ka Laina A (Laina Pol\u016b) ma k\u0113ia kahua kokoke \u02bbo Del Mar.<br>2) K\u0101ka\u02bbikahi ka ho\u02bbopau \u02bbia \u02bbana o k\u0113ia h\u0101l\u0101wai ak\u0101 i kekahi manawa ua ho\u02bbone\u02bbe \u02bbia a ho\u02bbone\u02bbe \u02bbia paha ma muli o ke aniau. Ua \u02bb\u014dlelo \u02bbia n\u0101 mea hou ak\u0101 \u02bba\u02bbole koi \u02bbia e n\u0101n\u0101 me Misha ma mua o ka hele \u02bbana:&nbsp;<a href=\"mailto:mishainla.itaa@gmail.com\" target=\"_blank\" rel=\"noreferrer noopener\">mishainla.itaa@gmail.com<\/a><\/p>\n\n\n\n<h4 class=\"wp-block-heading\">H\u0101l\u0101wai Ha\u02bbawina Puke Nui ma Santa Monica<\/h4>\n\n\n\n<p>\u0100hea: P\u014d\u02bbakolu ahiahi 5:30pm-6:30pm<br>Ma hea: 3301 Pico Blvd, Santa Monica, CA 90405 (puka komo ma Urban Ave)<\/p>\n\n\n\n<p>He h\u0101l\u0101wai h\u0101mama k\u0113ia; ua ho\u02bbokipa \u02bbia n\u0101 mea a pau e hui p\u016b. Ke noi aku nei m\u0101kou i n\u0101 malihini e mahalo i ke kumu nui o k\u0113ia h\u0101l\u0101wai, \u02bbo ia ho\u02bbi ka lawe \u02bbana i ka leka o ka ho\u02bb\u014dla \u02bbana i ka mea ho\u02bbohana p\u016bnaewele a me ka \u02bbenehana e \u02bbeha mau nei.<\/p>\n\n\n\n<p>\u02bbAno: He h\u0101l\u0101wai ha\u02bbawina palapala k\u0113ia a me ka ho\u02bboka\u02bbana like \u02bbana i ke komo \u02bbana. Heluhelu m\u0101kou mai ka Big Book of Alcoholics Anonymous a ka\u02bbana like i ka heluhelu \u02bbana a i \u02bbole n\u0101 mea a pau ma ko m\u0101kou mana\u02bbo.<\/p>\n\n\n\n<p>M\u0101lama \u02bbia k\u0113ia h\u0101l\u0101wai ma kahi hale kope ma ke kihi - aia ke komo ma Urban Ave. Aia ke ka\u02bba ma ke alanui, e \u02bbolu\u02bbolu e maka\u02bbala i n\u0101 kapu ka\u02bba.<\/p>\n\n\n\n<p>Ho\u02bboka\u02bba\u02bbike: <a href=\"mailto:Westside.ITAA@gmail.com\" target=\"_blank\" rel=\"noreferrer noopener\">Westside.ITAA@gmail.com<\/a>.<\/p>\n\n\n\n<p class=\"has-text-align-center\">-~-<\/p>\n\n\n\n<h3 class=\"wp-block-heading\">N\u0101 h\u0101l\u0101wai hou a\u02bbe<\/h3>\n\n\n\n<p>In\u0101 he mea hou \u02bboe, paipai m\u0101kou i\u0101 \u02bboe e ho\u02bb\u0101\u02bbo e hele i \u02bbeono mau h\u0101l\u0101wai i loko o kahi manawa p\u014dkole e \u02bbike ai in\u0101 he k\u014dkua paha k\u0101 m\u0101kou papahana i\u0101 \u02bboe. Ma waho a\u02bbe o k\u0101 m\u0101kou h\u0101l\u0101wai k\u016bloko pilikino, hiki i\u0101 \u02bboe ke n\u0101n\u0101 hou i k\u0101 m\u0101kou <a href=\"https:\/\/internetaddictsanonymous.org\/haw\/na-halawai-pilikino\/\">n\u0101 h\u0101l\u0101wai pilikino \u02bb\u0113 a\u02bbe<\/a> a me kahi <a href=\"https:\/\/internetaddictsanonymous.org\/haw\/na-halawai-punaewele\/\">papa kuhikuhi piha o n\u0101 h\u0101l\u0101wai p\u016bnaewele<\/a>. Manuahi loa n\u0101 h\u0101l\u0101wai a pau a \u02bba\u02bbohe inoa.<\/p>\n\n\n\n<h3 class=\"wp-block-heading\"><strong>Pehea e hana ai n\u0101 h\u0101l\u0101wai?<\/strong><\/h3>\n\n\n\n<p>In\u0101 \u02bboe e komo ana i kahi h\u0101l\u0101wai no ka manawa mua, \u02bba\u02bbohe pono e hopohopo. He ma\u02bbalahi loa ka hapa nui o k\u0101 m\u0101kou mau h\u0101l\u0101wai; aia i k\u0113l\u0101 me k\u0113ia h\u0101l\u0101wai kahi luna ho\u02bbomalu e alaka\u02bbi ana i ka h\u0101l\u0101wai, a \u02bbo ka hapa nui o n\u0101 h\u0101l\u0101wai he ho\u02bbokahi hola ka l\u014d\u02bbihi. Heluhelu ke luna ho\u02bbomalu a me n\u0101 mea manawale\u02bba \u02bb\u0113 a\u02bbe i kekahi mau \u02bb\u014dlelo wehe, ma mua o ko m\u0101kou wehe \u02bbana i ka h\u0101l\u0101wai no n\u0101 l\u0101l\u0101 e ka\u02bbana like. \u02bbA\u02bbohe koi e ka\u02bbana like, a ua maika\u02bbi ke ho\u02bbolohe wale. In\u0101 \u02bbolu\u02bbolu \u02bboe, hiki i\u0101 \u02bboe ke ho\u02bbolauna i\u0101 \u02bboe iho a ka\u02bbana like i ka mea i lawe mai i\u0101 \u02bboe i ITAA. In\u0101 \u02bba\u02bbole i noi \u02bbia e ka l\u0101l\u0101 e ka\u02bbana like ana, \u02bba\u02bbole m\u0101kou e h\u0101\u02bbawi i n\u0101 mana\u02bbo a i \u02bbole n\u0101 mana\u02bbo e pane ana i n\u0101 ka\u02bbana like a ha\u02bbi; ho\u02bbolohe wale m\u0101kou me ka ho\u02bbohewa \u02bbole. I ka hopena o ka hola, e pau ka h\u0101l\u0101wai me kekahi mau \u02bb\u014dlelo pani, ma hope o ka ma\u02bbamau o n\u0101 l\u0101l\u0101 e kama\u02bbilio ma\u02bbamau, n\u012bnau i n\u0101 n\u012bnau, a ho\u02bbololi i n\u0101 kiko\u02bb\u012b pili.<\/p>\n\n\n\n<h3 class=\"wp-block-heading\">N\u0101 kumuwaiwai ho\u02bbohuihui p\u016bnaewele a me ka \u02bbenehana<\/h3>\n\n\n\n<p>In\u0101 \u02bboe e no\u02bbono\u02bbo nei in\u0101 he mea ho\u02bbohui p\u016bnaewele a me ka \u02bbenehana paha k\u0101u, hiki i\u0101 \u02bboe ke n\u0101n\u0101 i k\u0101 m\u0101kou mau n\u012bnau n\u012bnau no <a href=\"https:\/\/internetaddictsanonymous.org\/haw\/ka-ho%ca%bbopili-%ca%bbana-i-ka-punaewele-a-me-ka-%ca%bbenehana\/\">ka ma\u02bbi \u02bbona p\u016bnaewele<\/a>, <a href=\"https:\/\/internetaddictsanonymous.org\/haw\/ka-ho%ca%bbopili-%ca%bbana-i-ka-punaewele-a-me-ka-%ca%bbenehana\/ka-ma%ca%bbi-papili-kaiapili\/\">ka ma\u02bbi p\u0101pili kaiapili<\/a>, <a href=\"https:\/\/internetaddictsanonymous.org\/haw\/ka-ma%ca%bbi-%ca%bbona-punaewele\/ka-ho%ca%bbopili-%ca%bbana-i-ke-kahe-%ca%bbana\/\">ka ho\u02bbopili \u02bbana i ke kahe \u02bbana<\/a>, <a href=\"https:\/\/internetaddictsanonymous.org\/haw\/ka-ho%ca%bbopili-%ca%bbana-i-ka-punaewele-a-me-ka-%ca%bbenehana\/ka-ma%ca%bbi-kelepona\/\">ka ma\u02bbi kelepona<\/a>, a i \u02bbole <a href=\"https:\/\/internetaddictsanonymous.org\/haw\/ka-ho%ca%bbopili-%ca%bbana-i-ka-punaewele-a-me-ka-%ca%bbenehana\/ka-ma%ca%bbi-pa%ca%bbani-wikio\/\">ka ma\u02bbi p\u0101\u02bbani wiki\u014d<\/a>. Hiki i\u0101 \u02bboe ke a\u02bbo hou a\u02bbe e pili ana i\u0101 ITAA ma ka heluhelu \u02bbana i k\u0101 m\u0101kou&nbsp;<a href=\"https:\/\/internetaddictsanonymous.org\/haw\/alaka%ca%bbi-no-na-po%ca%bbe-hou\/\">alaka\u02bbi no n\u0101 po\u02bbe hou<\/a>, e n\u0101n\u0101 hou ana i k\u0101 m\u0101kou <a href=\"https:\/\/internetaddictsanonymous.org\/haw\/na-kumuwaiwai\/na-mea-hana-hoola\/\">n\u0101 mea hana ho&#039;\u014dla<\/a>, a i \u02bbole e ho\u02bbolohe ana <a href=\"https:\/\/internetaddictsanonymous.org\/haw\/na-mo%ca%bbolelo-ho%ca%bbola\/\">n\u0101 mo\u02bbolelo ho&#039;\u014dla o n\u0101 l\u0101l\u0101<\/a>.<\/p>\n\n\n\n<p>\u02bbA\u02bbole pili \u02bbo ITAA me kekahi papahana politika, ho\u02bbomana, a i \u02bbole n\u0101 makemake o waho. K\u0101ko\u02bbo piha m\u0101kou i\u0101 m\u0101kou iho a k\u016b\u02bboko\u02bba i ka po\u02bbe a pau e pono ai. \u02bbO k\u0101 m\u0101kou pahuhopu ho\u02bbokahi ka pale \u02bbana i ka ho\u02bbohana \u02bbana i ka p\u016bnaewele a me ka \u02bbenehana a me ke k\u014dkua \u02bbana i n\u0101 po\u02bbe \u02bb\u0113 a\u02bbe e loa\u02bba ke k\u016b\u02bboko\u02bba mai k\u0113ia \u02bbano ho\u02bboma\u02bbama\u02bba.<\/p>\n\n\n\n<p>Welina hou! Ke lana nei ko m\u0101kou mana\u02bbo e hiki i k\u0113ia kai\u0101ulu ke h\u0101\u02bbawi i ke k\u0101ko\u02bbo \u0101u e pono ai i kou ho\u02bb\u014dla \u02bbana mai ka ma\u02bbi p\u016bnaewele a me ka \u02bbenehana. Mai k\u0101nalua e ho\u02bboka\u02bba\u02bbike mai i\u0101 m\u0101kou in\u0101 he mau n\u012bnau k\u0101u.<\/p>\n<!-- PMB print buttons is only displayed on a single post\/page URLs-->","protected":false},"excerpt":{"rendered":"<p>Welina mai i ka P\u016bnaewele a me n\u0101 \u02bbIke loea Anonymous! Hau\u02bboli m\u0101kou ua loa\u02bba i\u0101 \u02bboe m\u0101kou, a ke mana\u02bbolana nei m\u0101kou e hiki i ko m\u0101kou kai\u0101ulu ke k\u014dkua i\u0101 \u02bboe e like me ia no m\u0101kou. \u02bbO ITAA kahi hui \u02bbumik\u016bm\u0101lua-\u02bbanu\u02bbu o n\u0101 k\u0101naka e k\u0101ko\u02bbo ana kekahi i kekahi i ka ho\u02bb\u014dla \u02bbana mai ka ho\u02bbopili p\u016bnaewele a me ka \u02bbenehana. Ho\u02bbokomo p\u016b k\u0113ia i ka ho\u02bbopili \u02bbana i ka p\u0101pili kaiapili, n\u0101 kelepona akamai, ke kahe \u02bbana ... <a href=\"https:\/\/internetaddictsanonymous.org\/haw\/in-person-meetings\/usa-ca\/\" class=\"more-link\">E ho\u02bbomau i ka heluhelu \u02bbana <span class=\"screen-reader-text\">ITAA ma Kaleponi, \u02bbAmelika Hui P\u016b \u02bbIa<\/span><\/a><\/p>","protected":false},"author":35194255,"featured_media":0,"parent":148,"menu_order":0,"comment_status":"closed","ping_status":"closed","template":"full-width-page.php","meta":{"inline_featured_image":false,"_lmt_disableupdate":"","_lmt_disable":"","jetpack_post_was_ever_published":false,"footnotes":""},"tags":[],"class_list":["post-17595","page","type-page","status-publish","hentry"],"yoast_head":"<!-- This site is optimized with the Yoast SEO plugin v27.3 - https:\/\/yoast.com\/product\/yoast-seo-wordpress\/ -->\n<title>ITAA in California, US &#8211; Internet and Technology Addicts Anonymous<\/title>\n<meta name=\"description\" content=\"There are several in-person ITAA meetings in Southern California including in Santa Monica, Pasadena, and Hollywood. More coming soon!\" \/>\n<meta name=\"robots\" content=\"index, follow, max-snippet:-1, max-image-preview:large, max-video-preview:-1\" \/>\n<link rel=\"canonical\" href=\"https:\/\/internetaddictsanonymous.org\/haw\/na-halawai-pilikino\/\u02bbamelika-hui-pu-\u02bbia-kaleponi\/\" \/>\n<meta property=\"og:locale\" content=\"en_US\" \/>\n<meta property=\"og:type\" content=\"article\" \/>\n<meta property=\"og:title\" content=\"ITAA in California, US &#8211; Internet and Technology Addicts Anonymous\" \/>\n<meta property=\"og:description\" content=\"There are several in-person ITAA meetings in Southern California including in Santa Monica, Pasadena, and Hollywood. More coming soon!\" \/>\n<meta property=\"og:url\" content=\"https:\/\/internetaddictsanonymous.org\/haw\/na-halawai-pilikino\/\u02bbamelika-hui-pu-\u02bbia-kaleponi\/\" \/>\n<meta property=\"og:site_name\" content=\"Internet and Technology Addicts Anonymous\" \/>\n<meta property=\"article:modified_time\" content=\"2026-04-04T14:23:55+00:00\" \/>\n<meta name=\"twitter:card\" content=\"summary_large_image\" \/>\n<meta name=\"twitter:label1\" content=\"Est. reading time\" \/>\n\t<meta name=\"twitter:data1\" content=\"6 minutes\" \/>\n<script type=\"application\/ld+json\" class=\"yoast-schema-graph\">{\"@context\":\"https:\\\/\\\/schema.org\",\"@graph\":[{\"@type\":\"WebPage\",\"@id\":\"https:\\\/\\\/internetaddictsanonymous.org\\\/in-person-meetings\\\/usa-ca\\\/\",\"url\":\"https:\\\/\\\/internetaddictsanonymous.org\\\/in-person-meetings\\\/usa-ca\\\/\",\"name\":\"ITAA in California, US &#8211; Internet and Technology Addicts Anonymous\",\"isPartOf\":{\"@id\":\"https:\\\/\\\/internetaddictsanonymous.org\\\/#website\"},\"datePublished\":\"2024-02-19T00:47:54+00:00\",\"dateModified\":\"2026-04-04T14:23:55+00:00\",\"description\":\"There are several in-person ITAA meetings in Southern California including in Santa Monica, Pasadena, and Hollywood. More coming soon!\",\"breadcrumb\":{\"@id\":\"https:\\\/\\\/internetaddictsanonymous.org\\\/in-person-meetings\\\/usa-ca\\\/#breadcrumb\"},\"inLanguage\":\"haw-US\",\"potentialAction\":[{\"@type\":\"ReadAction\",\"target\":[\"https:\\\/\\\/internetaddictsanonymous.org\\\/in-person-meetings\\\/usa-ca\\\/\"]}]},{\"@type\":\"BreadcrumbList\",\"@id\":\"https:\\\/\\\/internetaddictsanonymous.org\\\/in-person-meetings\\\/usa-ca\\\/#breadcrumb\",\"itemListElement\":[{\"@type\":\"ListItem\",\"position\":1,\"name\":\"Home\",\"item\":\"https:\\\/\\\/internetaddictsanonymous.org\\\/\"},{\"@type\":\"ListItem\",\"position\":2,\"name\":\"In-Person Meetings\",\"item\":\"https:\\\/\\\/internetaddictsanonymous.org\\\/in-person-meetings\\\/\"},{\"@type\":\"ListItem\",\"position\":3,\"name\":\"ITAA in California, US\"}]},{\"@type\":\"WebSite\",\"@id\":\"https:\\\/\\\/internetaddictsanonymous.org\\\/#website\",\"url\":\"https:\\\/\\\/internetaddictsanonymous.org\\\/\",\"name\":\"Internet and Technology Addicts Anonymous\",\"description\":\"Worldwide 12-step Fellowship for Internet and Technology Addiction\",\"publisher\":{\"@id\":\"https:\\\/\\\/internetaddictsanonymous.org\\\/#organization\"},\"potentialAction\":[{\"@type\":\"SearchAction\",\"target\":{\"@type\":\"EntryPoint\",\"urlTemplate\":\"https:\\\/\\\/internetaddictsanonymous.org\\\/?s={search_term_string}\"},\"query-input\":{\"@type\":\"PropertyValueSpecification\",\"valueRequired\":true,\"valueName\":\"search_term_string\"}}],\"inLanguage\":\"haw-US\"},{\"@type\":\"Organization\",\"@id\":\"https:\\\/\\\/internetaddictsanonymous.org\\\/#organization\",\"name\":\"Internet and Technology Addicts Anonymous\",\"url\":\"https:\\\/\\\/internetaddictsanonymous.org\\\/\",\"logo\":{\"@type\":\"ImageObject\",\"inLanguage\":\"haw-US\",\"@id\":\"https:\\\/\\\/internetaddictsanonymous.org\\\/#\\\/schema\\\/logo\\\/image\\\/\",\"url\":\"https:\\\/\\\/internetaddictsanonymous.org\\\/wp-content\\\/uploads\\\/2023\\\/01\\\/cropped-ITAA-logo-480px.png\",\"contentUrl\":\"https:\\\/\\\/internetaddictsanonymous.org\\\/wp-content\\\/uploads\\\/2023\\\/01\\\/cropped-ITAA-logo-480px.png\",\"width\":480,\"height\":480,\"caption\":\"Internet and Technology Addicts Anonymous\"},\"image\":{\"@id\":\"https:\\\/\\\/internetaddictsanonymous.org\\\/#\\\/schema\\\/logo\\\/image\\\/\"}}]}<\/script>\n<!-- \/ Yoast SEO plugin. -->","yoast_head_json":{"title":"ITAA ma Kaleponi, US - P\u016bnaewele a me n\u0101 mea ho\u02bbon\u0101ukiuki \u02bbenehana Anonymous","description":"Aia kekahi mau h\u0101l\u0101wai ITAA ma ke kino ma Kaleponi Hema e like me Santa Monica, Pasadena, a me Hollywood. E hiki koke mai ana n\u0101 mea hou aku!","robots":{"index":"index","follow":"follow","max-snippet":"max-snippet:-1","max-image-preview":"max-image-preview:large","max-video-preview":"max-video-preview:-1"},"canonical":"https:\/\/internetaddictsanonymous.org\/haw\/na-halawai-pilikino\/\u02bbamelika-hui-pu-\u02bbia-kaleponi\/","og_locale":"en_US","og_type":"article","og_title":"ITAA in California, US &#8211; Internet and Technology Addicts Anonymous","og_description":"There are several in-person ITAA meetings in Southern California including in Santa Monica, Pasadena, and Hollywood. More coming soon!","og_url":"https:\/\/internetaddictsanonymous.org\/haw\/na-halawai-pilikino\/\u02bbamelika-hui-pu-\u02bbia-kaleponi\/","og_site_name":"Internet and Technology Addicts Anonymous","article_modified_time":"2026-04-04T14:23:55+00:00","twitter_card":"summary_large_image","twitter_misc":{"Est. reading time":"6 minutes"},"schema":{"@context":"https:\/\/schema.org","@graph":[{"@type":"WebPage","@id":"https:\/\/internetaddictsanonymous.org\/in-person-meetings\/usa-ca\/","url":"https:\/\/internetaddictsanonymous.org\/in-person-meetings\/usa-ca\/","name":"ITAA ma Kaleponi, US - P\u016bnaewele a me n\u0101 mea ho\u02bbon\u0101ukiuki \u02bbenehana Anonymous","isPartOf":{"@id":"https:\/\/internetaddictsanonymous.org\/#website"},"datePublished":"2024-02-19T00:47:54+00:00","dateModified":"2026-04-04T14:23:55+00:00","description":"Aia kekahi mau h\u0101l\u0101wai ITAA ma ke kino ma Kaleponi Hema e like me Santa Monica, Pasadena, a me Hollywood. E hiki koke mai ana n\u0101 mea hou aku!","breadcrumb":{"@id":"https:\/\/internetaddictsanonymous.org\/in-person-meetings\/usa-ca\/#breadcrumb"},"inLanguage":"haw-US","potentialAction":[{"@type":"ReadAction","target":["https:\/\/internetaddictsanonymous.org\/in-person-meetings\/usa-ca\/"]}]},{"@type":"BreadcrumbList","@id":"https:\/\/internetaddictsanonymous.org\/in-person-meetings\/usa-ca\/#breadcrumb","itemListElement":[{"@type":"ListItem","position":1,"name":"Home","item":"https:\/\/internetaddictsanonymous.org\/"},{"@type":"ListItem","position":2,"name":"In-Person Meetings","item":"https:\/\/internetaddictsanonymous.org\/in-person-meetings\/"},{"@type":"ListItem","position":3,"name":"ITAA in California, US"}]},{"@type":"WebSite","@id":"https:\/\/internetaddictsanonymous.org\/#website","url":"https:\/\/internetaddictsanonymous.org\/","name":"N\u0101 mea ho\u02bbopilikia p\u016bnaewele a me ka \u02bbenehana Anonymous","description":"\u02bbO ka Fellowship honua 12-step no ka ho\u02bbohui \u02bbana i ka P\u016bnaewele a me ka \u02bbenehana","publisher":{"@id":"https:\/\/internetaddictsanonymous.org\/#organization"},"potentialAction":[{"@type":"SearchAction","target":{"@type":"EntryPoint","urlTemplate":"https:\/\/internetaddictsanonymous.org\/?s={search_term_string}"},"query-input":{"@type":"PropertyValueSpecification","valueRequired":true,"valueName":"search_term_string"}}],"inLanguage":"haw-US"},{"@type":"Organization","@id":"https:\/\/internetaddictsanonymous.org\/#organization","name":"N\u0101 mea ho\u02bbopilikia p\u016bnaewele a me ka \u02bbenehana Anonymous","url":"https:\/\/internetaddictsanonymous.org\/","logo":{"@type":"ImageObject","inLanguage":"haw-US","@id":"https:\/\/internetaddictsanonymous.org\/#\/schema\/logo\/image\/","url":"https:\/\/internetaddictsanonymous.org\/wp-content\/uploads\/2023\/01\/cropped-ITAA-logo-480px.png","contentUrl":"https:\/\/internetaddictsanonymous.org\/wp-content\/uploads\/2023\/01\/cropped-ITAA-logo-480px.png","width":480,"height":480,"caption":"Internet and Technology Addicts Anonymous"},"image":{"@id":"https:\/\/internetaddictsanonymous.org\/#\/schema\/logo\/image\/"}}]}},"jetpack_sharing_enabled":true,"jetpack_shortlink":"https:\/\/wp.me\/P9Fwob-4zN","_links":{"self":[{"href":"https:\/\/internetaddictsanonymous.org\/haw\/wp-json\/wp\/v2\/pages\/17595","targetHints":{"allow":["GET"]}}],"collection":[{"href":"https:\/\/internetaddictsanonymous.org\/haw\/wp-json\/wp\/v2\/pages"}],"about":[{"href":"https:\/\/internetaddictsanonymous.org\/haw\/wp-json\/wp\/v2\/types\/page"}],"author":[{"embeddable":true,"href":"https:\/\/internetaddictsanonymous.org\/haw\/wp-json\/wp\/v2\/users\/35194255"}],"replies":[{"embeddable":true,"href":"https:\/\/internetaddictsanonymous.org\/haw\/wp-json\/wp\/v2\/comments?post=17595"}],"version-history":[{"count":87,"href":"https:\/\/internetaddictsanonymous.org\/haw\/wp-json\/wp\/v2\/pages\/17595\/revisions"}],"predecessor-version":[{"id":21187,"href":"https:\/\/internetaddictsanonymous.org\/haw\/wp-json\/wp\/v2\/pages\/17595\/revisions\/21187"}],"up":[{"embeddable":true,"href":"https:\/\/internetaddictsanonymous.org\/haw\/wp-json\/wp\/v2\/pages\/148"}],"wp:attachment":[{"href":"https:\/\/internetaddictsanonymous.org\/haw\/wp-json\/wp\/v2\/media?parent=17595"}],"wp:term":[{"taxonomy":"post_tag","embeddable":true,"href":"https:\/\/internetaddictsanonymous.org\/haw\/wp-json\/wp\/v2\/tags?post=17595"}],"curies":[{"name":"wp","href":"https:\/\/api.w.org\/{rel}","templated":true}]}}