{"id":18148,"date":"2024-06-16T20:35:42","date_gmt":"2024-06-17T00:35:42","guid":{"rendered":"https:\/\/internetaddictsanonymous.org\/?page_id=18148"},"modified":"2024-07-28T14:35:31","modified_gmt":"2024-07-28T18:35:31","slug":"na-kumumana%ca%bbo-no-na-hui-kama%ca%bbilio","status":"publish","type":"page","link":"https:\/\/internetaddictsanonymous.org\/haw\/resources\/being-of-service-resources\/principles-for-chat-groups\/","title":{"rendered":"N\u0101 loina no n\u0101 hui kama\u02bbilio ITAA"},"content":{"rendered":"<p>Ma ke \u02bbano he po\u02bbe \u02bbona p\u016bnaewele, pono m\u0101kou e akahele i ke \u02bbano o k\u0101 m\u0101kou ho\u02bbohana \u02bbana i ka \u02bbenehana e k\u0101ko\u02bbo i k\u0101 m\u0101kou ho\u02bb\u014dla \u02bbana a me k\u0101 m\u0101kou mau h\u0101l\u0101wai. No ka la\u02bbana, \u02bbo Zoom a me k\u0101 m\u0101kou p\u016bnaewele he mau mea hana ko\u02bbiko\u02bbi e k\u014dkua i k\u0101 m\u0101kou hui e hiki aku i n\u0101 po\u02bbe \u02bbona \u02bba\u02bbohe komo i n\u0101 h\u0101l\u0101wai pilikino. I k\u0113ia manawa, \u02bba\u02bbohe wahi o n\u0101 \u02bbenehana \u02bb\u0113 a\u02bbe\u2014n\u0101 kahua kahe, n\u0101 h\u0101nai p\u0101pili kaiapili, n\u0101 polokalamu pili, n\u0101 p\u0101\u02bbani wiki\u014d\u2014i loko o k\u0101 m\u0101kou hui. Hiki i n\u0101 hui kama\u02bbilio ke h\u0101\u02bbule ma waena: hiki i\u0101 l\u0101kou ke lilo i mea pono no ka noho ho\u02bbonohonoho \u02bbana ma waho o n\u0101 h\u0101l\u0101wai, ak\u0101 hiki i\u0101 l\u0101kou ke h\u0101nai i n\u0101 \u02bbano \u02bbona maika\u02bbi \u02bbole. \u02bbO ke kumu o k\u0113ia palapala, \u02bbo ia ke kuhikuhi i n\u0101 loina e k\u014dkua i n\u0101 hui kama\u02bbilio ITAA e h\u014d\u02bboia e lawelawe ana l\u0101kou i k\u0101 m\u0101kou kumu nui: e lawe i ka leka i ka mea ho\u02bbohana p\u016bnaewele a me ka \u02bbenehana e \u02bbeha mau nei.<\/p>\n\n\n\n<p>Ma ke\u02bbano laul\u0101, ke paipai nei m\u0101kou i n\u0101 hui kama\u02bbilio ITAA e ho\u02bboma\u02bbama\u02bba i k\u0113ia mau loina:<\/p>\n\n\n\n<ol class=\"wp-block-list\">\n<li><strong>I alaka\u02bbi \u02bbia e n\u0101 Ku\u02bbuna \u02bbUmik\u016bm\u0101lua: <\/strong>Hana maika\u02bbi pinepine n\u0101 hui kama\u02bbilio ke pili l\u0101kou me kahi h\u0101l\u0101wai ITAA p\u0101kahi e m\u0101lama ana i ke kama\u02bbilio no ka pono o kona mau l\u0101l\u0101 a hiki ke k\u016bk\u0101k\u016bk\u0101 i n\u0101 kumuhana e pili ana i ka hui kama\u02bbilio ma ko l\u0101kou mau lunamana\u02bbo hui. In\u0101 \u02bba\u02bbole pili k\u0101 m\u0101kou hui kama\u02bbilio me kahi h\u0101l\u0101wai ITAA kiko\u02bb\u012b, hiki i\u0101 m\u0101kou ke m\u0101lama i n\u0101 lunamana\u02bbo hui ma\u02bbamau (\u02bboi aku ka maika\u02bbi ma ke k\u016bk\u0101k\u016bk\u0101 ola ma ke kino a i \u02bbole ma Zoom), koho i n\u0101 kauw\u0101 hilina\u02bbi, a ho\u02bboma\u02bbama\u02bba. <a href=\"https:\/\/internetaddictsanonymous.org\/haw\/12-mau-%ca%bbanu%ca%bbu-o-ka-itaa\/\">n\u0101 Ku\u02bbuna \u02bbUmik\u016bm\u0101lua<\/a>, e like me n\u0101 h\u0101l\u0101wai \u02bb\u0113 a\u02bbe. A i \u02bbole, ua paipai \u02bbia ka hui kama\u02bbilio e noho <em>\u02bba\u02bbole ma\u02bbamau<\/em>, \u02bbo ia ho\u02bbi, \u02bba\u02bbole ia e ho\u02bbohana i ka inoa a i \u02bbole ka logo ITAA, a \u02bba\u02bbole pono n\u0101 l\u0101l\u0101 e ho\u02bbolaha i\u0101 ia i n\u0101 mea hou a me n\u0101 hoa \u02bb\u0113 a\u02bbe ma ITAA.<br><\/li>\n\n\n\n<li><strong>He kumu maopopo: <\/strong>Hiki i n\u0101 hui kama\u02bbilio ITAA ke p\u014dmaika\u02bbi mai kahi kumu maopopo e k\u016blike me ke kumu nui o k\u0101 m\u0101kou hui: <em>e lawe i ka leka i ka mea ho\u02bbohana p\u016bnaewele a me ka \u02bbenehana e ho\u02bbomanawanui mau nei<\/em>. \u02bbO n\u0101 hi\u02bbohi\u02bbona o n\u0101 kumu e komo p\u016b me ka ho\u02bbonohonoho \u02bbana i n\u0101 kau\u0101 hilina\u02bbi no kahi h\u0101l\u0101wai a i \u02bbole ke kelepona \u02bbana i n\u0101 ho\u02bbolaha. \u02bbA\u02bbole k\u016bpono loa n\u0101 hui kama\u02bbilio ITAA k\u016bhelu ma ke \u02bbano he mau kahua no ka ka\u02bbana like \u02bbole, kama\u02bbilio like \u02bbole, a i \u02bbole ke k\u016bk\u0101k\u016bk\u0101 k\u016bhelu \u02bbole, hiki ke lilo i mau ka\u02bba no ka ho\u02bbouna \u02bbana i n\u0101 leka ho\u02bbomaopopo, ka n\u0101n\u0101 \u02bbana i n\u0101 leka ho\u02bbomaopopo, ka pilina parasocial, a me n\u0101 hakak\u0101 interpersonal. \u02bbOiai ua paipai \u02bbia k\u0113l\u0101 me k\u0113ia hui e ho\u02bboholo nona iho i ke kumu kiko\u02bb\u012b o k\u0101na kama\u02bbilio \u02bbana, ma ke \u02bbano he po\u02bbe \u02bbona p\u016bnaewele a me ka \u02bbenehana, pono m\u0101kou e akahele i ka w\u0101 e ho\u02bbohana ai i kahi kahua p\u0101pili kaiapili e lawe i ka leka i n\u0101 mea hou. Hiki i\u0101 m\u0101kou ke ho\u02bbomana\u02bbo ua lilo n\u0101 mea \u02bbona i n\u0101 kai\u0101ulu ho\u02bb\u014dla \u02bbo Twelve Step i ka ma\u02bbema\u02bbe me ka \u02bbole o n\u0101 hui kama\u02bbilio no kahi kokoke i 100 mau makahiki. Me ka nui o n\u0101 h\u0101l\u0101wai maka-a-maka, n\u0101 haneli o n\u0101 h\u0101l\u0101wai p\u016bnaewele, a me n\u0101 tausani o n\u0101 l\u0101l\u0101 i loa\u02bba no n\u0101 kelepona ho\u02bbolaha, he nui n\u0101 \u02bbano hana i ho\u02bb\u0101\u02bbo \u02bbia e ka manawa ma waho a\u02bbe o ke kama\u02bbilio \u02bbana no n\u0101 mea \u02bbona p\u016bnaewele a me ka \u02bbenehana e \u02bbimi nei i kahi ala e ka\u02bbana like ai.<br><\/li>\n\n\n\n<li><strong>N\u0101 palena i wehewehe pono \u02bbia a me n\u0101 kuleana ho\u02bbomalu:<\/strong> Loa\u02bba i k\u0101 m\u0101kou mau hui kama\u02bbilio ka p\u014dmaika\u02bbi mai n\u0101 palena i k\u0101kau \u02bbia e pili ana i ke kumu o ka hui a me n\u0101 alaka\u02bbi kiko\u02bb\u012b no ka ho\u02bbouna \u02bbana, a ke kama\u02bbilio nei m\u0101kou i k\u0113ia mau alaka\u02bbi i n\u0101 po\u02bbe hou. Hiki ke loa\u02bba kahi la\u02bbana o ia mau palena ma lalo o k\u0113ia \u02bbao\u02bbao. Koho m\u0101kou i n\u0101 kauw\u0101 hilina\u02bbi me n\u0101 palena manawa e ho\u02bboma\u02bbama\u02bba ana i ka ho\u02bbololi \u02bbana o ka lawelawe a hiki ke hana e m\u0101lama i n\u0101 palena. Hiki i\u0101 m\u0101kou ke \u02bbike he mea pono ke ho\u02bbohana i kahi kulekele 3-strike no n\u0101 hewa ma\u02bbamau (ke kau \u02bbana ma waho o n\u0101 palena o ka hui, n\u0101 h\u014d\u02bbike o ka flirtation makemake \u02bbole \u02bbia, a p\u0113l\u0101 aku), ma hope o ia mea hiki ke wehe \u02bbia ka l\u0101l\u0101 no ka manawa o 3-6 mau mahina ma mua o ka kono \u02bbia \u02bbana e hui hou in\u0101 makemake l\u0101kou e ho\u02bbohanohano i n\u0101 palena o ka hui. No n\u0101 hewa nui (n\u0101 h\u014d\u02bbino kolohe, n\u0101 leka moekolohe a i \u02bbole n\u0101 ki\u02bbi, a p\u0113l\u0101 aku), hiki ke wehe koke \u02bbia ka l\u0101l\u0101 no kekahi manawa p\u014dkole a hiki i ka w\u0101 e k\u016bk\u0101k\u016bk\u0101 ai kahi lunamana\u02bbo hui i ka l\u014d\u02bbihi o ka wehe \u02bbana, ma waena o 6 mau mahina a me ka palena \u02bbole. \u02bbO ka ho\u02bboholo e wehe i kahi l\u0101l\u0101 mai kahi hui, \u02bboiai no kahi manawa palena, pono e lawe ko\u02bbiko\u02bbi loa, a pono e k\u016bk\u0101k\u016bk\u0101 mau \u02bbia kekahi wehe \u02bbana i loko o kahi lunamana\u02bbo hui (\u02bboi aku ka maika\u02bbi ma mua). Hiki ke loa\u02bba n\u0101 mana\u02bbo hou a\u02bbe no ke \u02bbano o ka lawelawe \u02bbana i n\u0101 \u02bbano pa\u02bbakik\u012b i k\u0101 m\u0101kou <a href=\"https:\/\/internetaddictsanonymous.org\/haw\/palekana-ma-itaa\/\">Alaka\u02bbi i ka Palekana ma ITAA<\/a>.<br><\/li>\n\n\n\n<li><strong>\u02bbA\u02bbole pono n\u0101 hui kama\u02bbilio ke kikowaena mua o ka ho\u02bboka\u02bba\u02bbike \u02bbana:<\/strong> Ua ho\u02bb\u0101\u02bbo kekahi mau h\u0101l\u0101wai e pa\u02bbi i kahi loulou i k\u0101 l\u0101kou hui kama\u02bbilio ma ka p\u016bnaewele e ma\u02bbalahi ai i n\u0101 po\u02bbe hou ke n\u012bnau e pili ana i ka h\u0101l\u0101wai. Ua \u02bbike pinepine m\u0101kou \u02bba\u02bbole paha i loa\u02bba i n\u0101 po\u02bbe hou i hele \u02bbole i kahi h\u0101l\u0101wai a i \u02bbole kama\u02bbilio me kekahi l\u0101l\u0101 \u02bb\u0113 a\u02bbe ka \u02bbike a i \u02bbole ke akahele e m\u0101lama i n\u0101 palena palekana i loko o ka hui a i \u02bbole i n\u0101 l\u0101l\u0101 \u02bb\u0113 a\u02bbe. Eia kekahi, \u02bbo ka ho\u02bbouna \u02bbana i ka loulou i k\u0101 m\u0101kou hui kama\u02bbilio ma ke akea e ho\u02bbolilo i\u0101 m\u0101kou i mea ma\u02bbalahi i n\u0101 spammers a me n\u0101 trolls. Paipai \u02bbia n\u0101 h\u0101l\u0101wai e h\u0101\u02bbawi i n\u0101 leka uila ho\u02bboka\u02bba\u02bbike a me n\u0101 helu kelepona no n\u0101 po\u02bbe hou e makemake ana e hele, \u02bba\u02bbole i n\u0101 loulou hui kama\u02bbilio. In\u0101 e noi ana kahi l\u0101l\u0101 i \u02bbike \u02bbole \u02bbia e hui p\u016b me kahi hui kama\u02bbilio, he mea k\u016bpono ke n\u012bnau mua i kekahi mau n\u012bnau e pili ana i ke \u02bbano o ko l\u0101kou lohe \u02bbana e pili ana i ka hui kama\u02bbilio i mea e k\u0101nana ai i n\u0101 mea hana \u02bbino.<\/li>\n<\/ol>\n\n\n\n<p>\u02bbO ke kumu, ke paipai nei k\u0113ia mau loina i n\u0101 hui kama\u02bbilio e ho\u02bbonohonoho pono \u02bbia, kaupalena \u02bbia ka laul\u0101, a alaka\u02bbi \u02bbia e k\u0101 m\u0101kou mau Ku\u02bbuna He \u02bbUmik\u016bm\u0101lua. He mau \u02bb\u014dlelo paipai wale n\u014d k\u0113ia, a ke hilina\u02bbi nei m\u0101kou i n\u0101 l\u0101l\u0101 a me n\u0101 hui e \u02bbike i ko l\u0101kou ala pono\u02bb\u012b i mua ma o ke ka\u02bbina hana no\u02bbono\u02bbo o ka hui. Ke mana\u02bbolana nei m\u0101kou ma ke \u02bbano he hui, hiki i k\u0113ia mau loina ke alaka\u02bbi i\u0101 m\u0101kou i kahi pilina me n\u0101 hui kama\u02bbilio e k\u014dkua i n\u0101 mea \u02bbona hou a\u02bbe a puni ka honua e \u02bbimi i kahi kai\u0101ulu pa\u02bba, palekana, a palekana ho\u02bbi e ho\u02bb\u014dla ai.<\/p>\n\n\n\n<h2 class=\"wp-block-heading\"><strong>La\u02bbana o ka wehewehe \u02bbana o ka hui kama\u02bbilio a me n\u0101 palena:<\/strong><\/h2>\n\n\n\n<p>\u02bbO ke kumu o k\u0113ia kama\u02bbilio \u02bbana, \u02bbo ia ke k\u014dkua i n\u0101 kelepona ho\u02bbolaha ma waena o n\u0101 l\u0101l\u0101 o ka hui {Meeting name} ITAA. Hiki i\u0101 \u02bboe ke kau ma ke kama\u02bbilio \u02bbana in\u0101 makemake \u02bboe i kahi kelepona ho\u02bbolaha, a e pane mai kekahi l\u0101l\u0101 \u02bb\u0113 a\u02bbe i k\u0101u leka in\u0101 loa\u02bba l\u0101kou a laila e kelepona i\u0101 \u02bboe. E \u02bbolu\u02bbolu e ho\u02bbomana\u02bbo i n\u0101 palena a\u02bbe:<\/p>\n\n\n\n<ul class=\"wp-block-list\">\n<li>E ka\u02bbana like i k\u0113ia hui me n\u0101 l\u0101l\u0101 \u02bb\u0113 a\u02bbe o ITAA.<\/li>\n\n\n\n<li>\u02bbO ke kumu o k\u0113ia hui, \u02bbo ia wale n\u014d ke noi \u02bbana i n\u0101 kelepona ho\u02bbolaha mai n\u0101 l\u0101l\u0101 \u02bb\u0113 a\u02bbe. E noho ma ke kumuhana a pale i ka ka\u02bbana like \u02bbana i n\u0101 leka pili \u02bbole. In\u0101 pono \u02bboe e ka\u02bbana like, e kelepona i kahi l\u0101l\u0101 a i \u02bbole e hele i kahi h\u0101l\u0101wai.<\/li>\n\n\n\n<li>E m\u0101lama i ka inoa \u02bbole o n\u0101 l\u0101l\u0101 \u02bb\u0113 a\u02bbe. Mai ka\u02bbana like i ka inoa, ka helu kelepona, a i \u02bbole ka \u02bbike o kekahi l\u0101l\u0101 me ka \u02bbole o k\u0101 l\u0101kou \u02bbae.&nbsp;<\/li>\n\n\n\n<li>Mai ho\u02bbouna i n\u0101 loulou, wiki\u014d, memes, gifs, a i \u02bbole n\u0101 mea \u02bb\u0113 a\u02bbe o waho.<\/li>\n\n\n\n<li>E pale i ka ho\u02bbolaha \u02bbana i n\u0101 lawelawe \u02bboihana \u0101u a i \u02bbole n\u0101 mea \u02bb\u0113 a\u02bbe e h\u0101\u02bbawi nei.<\/li>\n\n\n\n<li>E pale i ka spamming, ka ho\u02bbolei \u02bbana, a i \u02bbole ka huh\u016b. E no\u02bbono\u02bbo ma mua o kou kau \u02bbana, a mai pane wikiwiki. E ho\u02bbomana\u02bbo he po\u02bbe ho\u02bbohana p\u016bnaewele m\u0101kou i ka ho\u02bb\u014dla \u02bbana a he hopena k\u0101u mau leka i ke olakino no\u02bbono\u02bbo o k\u0113l\u0101 me k\u0113ia mea komo \u02bb\u0113 a\u02bbe.<\/li>\n\n\n\n<li>Mai ho\u02bbohana i ka hui e h\u014d\u02bbino i kekahi a h\u014d\u02bbike paha i n\u0101 ho\u02bbopi\u02bbi. E kama\u02bbilio mal\u016b aku i ke kanaka k\u016bpono me ke \u02bbano mahalo, \u02bboi aku ka maika\u02bbi ma hope o ke k\u0101kau mua \u02bbana i kahi papa inoa a k\u016bk\u0101k\u016bk\u0101 me k\u0101u mea k\u0101ko\u02bbo.<\/li>\n\n\n\n<li>\u02bbA\u02bbole k\u0113ia kahi e h\u0101l\u0101wai ai me n\u0101 hoa pili. E pale i n\u0101 \u02bbano ho\u02bbowalewale o k\u0113l\u0101 me k\u0113ia \u02bbano, me n\u0101 ho\u02bbomaika\u02bbi me ka noi \u02bbole \u02bbia, n\u0101 \u02bbaka\u02bbaka \u02bbino, a i \u02bbole ka ho\u02bb\u0101\u02bbo \u02bbana e launa p\u016b me kahi l\u0101l\u0101 i h\u014d\u02bbike \u02bba\u02bbole l\u0101kou i loa\u02bba.<\/li>\n<\/ul>\n\n\n\n<p>Ho\u02bboma\u02bbama\u02bba m\u0101kou i kahi kulekele 3-strike, \u02bbo ia ho\u02bbi in\u0101 \u02bboe e uhaki i k\u0113ia mau palena i 3 mau manawa, hiki i kahi luna ho\u02bbomalu ke wehe i\u0101 \u02bboe no ka manawa o 3-6 mau mahina. Ma ka \u02bbao\u02bbao \u02bb\u0113 a\u02bbe, \u02bbo k\u0113ia mau \u02bbano hana ke kumu no ka wehe koke \u02bbana a hiki ke mau loa:<\/p>\n\n\n\n<ul class=\"wp-block-list\">\n<li>Hana \u02bbino a ho\u02bbouka kaua paha, e like me ke k\u0101hea \u02bbana i ka inoa, ka h\u014d\u02bbino \u02bbana, ka ho\u02bboha\u02bbaha\u02bba \u02bbana, ka ho\u02bbohenehene \u02bbana, a i \u02bbole n\u0101 ho\u02bboweliweli.&nbsp;<\/li>\n\n\n\n<li>\u02bbO ke \u02bbano moekolohe, me ka hana \u02bbana i n\u0101 \u02bb\u014dlelo moekolohe a i \u02bbole n\u0101 noi \u02bbana i n\u0101 l\u0101l\u0101 \u02bb\u0113 a\u02bbe a i \u02bbole ka ho\u02bbouna \u02bbana i n\u0101 \u02bbike moekolohe.<\/li>\n\n\n\n<li>Ka ho\u02bbokae \u02bbana o k\u0113l\u0101 me k\u0113ia \u02bbano, e like me ka l\u0101hui, ke k\u0101ne, ka \u02bbike k\u0101ne, ka mana\u02bbo\u02bbi\u02bbo, ka ho\u02bbomana, ka moekolohe, ke \u02bbano o ke kino, ke k\u012bn\u0101, a i \u02bbole ka neurodiversity.<\/li>\n\n\n\n<li>Ka ho\u02bboluhi hewa \u02bbana, ka hahai \u02bbana, a i \u02bbole kekahi \u02bbano hana kalaima \u02bb\u0113 a\u02bbe.<\/li>\n<\/ul>\n\n\n\n<p>Hahai k\u0113ia kama\u02bbilio \u02bbana i n\u0101 Ku\u02bbuna \u02bbUmik\u016bm\u0101lua a kau \u02bbia i ka mana\u02bbo o ka hui o k\u0101 m\u0101kou h\u0101l\u0101wai, kahi e m\u0101lama \u02bbia ma ka h\u0101l\u0101wai mua o k\u0113l\u0101 me k\u0113ia mahina i ka hola 1pm manawa k\u016bloko.<\/p>\n<!-- PMB print buttons is only displayed on a single post\/page URLs-->","protected":false},"excerpt":{"rendered":"<p>Ma ke \u02bbano he po\u02bbe \u02bbona p\u016bnaewele, pono m\u0101kou e m\u0101lama pono i ke \u02bbano o k\u0101 m\u0101kou ho\u02bbohana \u02bbana i ka \u02bbenehana e k\u0101ko\u02bbo i k\u0101 m\u0101kou ho\u02bb\u014dla \u02bbana a me k\u0101 m\u0101kou mau h\u0101l\u0101wai. No ka la\u02bbana, \u02bbo Zoom a me k\u0101 m\u0101kou p\u016bnaewele he mau mea hana ko\u02bbiko\u02bbi e k\u014dkua i k\u0101 m\u0101kou hui e hiki aku i n\u0101 po\u02bbe \u02bbona i loa\u02bba \u02bbole ke komo i n\u0101 h\u0101l\u0101wai pilikino. I k\u0113ia manawa, \u02bbo n\u0101 \u02bbenehana \u02bb\u0113 a\u02bbe\u2014n\u0101 kahua kahe, n\u0101 h\u0101nai p\u0101pili kaiapili, n\u0101 polokalamu pili, n\u0101 p\u0101\u02bbani wiki\u014d\u2014\u02bba\u02bbohe maopopo\u2026 <a href=\"https:\/\/internetaddictsanonymous.org\/haw\/resources\/being-of-service-resources\/principles-for-chat-groups\/\" class=\"more-link\">E ho\u02bbomau i ka heluhelu \u02bbana <span class=\"screen-reader-text\">N\u0101 loina no n\u0101 hui kama\u02bbilio ITAA<\/span><\/a><\/p>","protected":false},"author":35194237,"featured_media":0,"parent":18080,"menu_order":0,"comment_status":"closed","ping_status":"closed","template":"full-width-page.php","meta":{"inline_featured_image":false,"_lmt_disableupdate":"","_lmt_disable":"","footnotes":""},"tags":[],"class_list":["post-18148","page","type-page","status-publish","hentry"],"yoast_head":"<!-- This site is optimized with the Yoast SEO plugin v27.5 - https:\/\/yoast.com\/product\/yoast-seo-wordpress\/ -->\n<title>Principles for ITAA chat groups &#8211; Internet and Technology Addicts Anonymous<\/title>\n<meta name=\"robots\" content=\"index, follow, max-snippet:-1, max-image-preview:large, max-video-preview:-1\" \/>\n<link rel=\"canonical\" href=\"https:\/\/internetaddictsanonymous.org\/haw\/na-kumuwaiwai\/ke-lilo-\u02bbana-i-mau-kumuwaiwai-lawelawe\/na-kumumana\u02bbo-no-na-hui-kama\u02bbilio\/\" \/>\n<meta property=\"og:locale\" content=\"en_US\" \/>\n<meta property=\"og:type\" content=\"article\" \/>\n<meta property=\"og:title\" content=\"Principles for ITAA chat groups &#8211; Internet and Technology Addicts Anonymous\" \/>\n<meta property=\"og:description\" content=\"As internet addicts, we need take special care how we use technology to support our recoveries and our meetings. For example, Zoom and our website have been essential tools to help our fellowship reach addicts who don\u2019t have access to in-person meetings. Meanwhile, other technologies\u2014streaming platforms, social media feeds, dating apps, video games\u2014clearly have no &hellip; Continue reading Principles for ITAA chat groups\" \/>\n<meta property=\"og:url\" content=\"https:\/\/internetaddictsanonymous.org\/haw\/na-kumuwaiwai\/ke-lilo-\u02bbana-i-mau-kumuwaiwai-lawelawe\/na-kumumana\u02bbo-no-na-hui-kama\u02bbilio\/\" \/>\n<meta property=\"og:site_name\" content=\"Internet and Technology Addicts Anonymous\" \/>\n<meta property=\"article:modified_time\" content=\"2024-07-28T18:35:31+00:00\" \/>\n<meta name=\"twitter:card\" content=\"summary_large_image\" \/>\n<meta name=\"twitter:label1\" content=\"Est. reading time\" \/>\n\t<meta name=\"twitter:data1\" content=\"6 minutes\" \/>\n<script type=\"application\/ld+json\" class=\"yoast-schema-graph\">{\"@context\":\"https:\\\/\\\/schema.org\",\"@graph\":[{\"@type\":\"WebPage\",\"@id\":\"https:\\\/\\\/internetaddictsanonymous.org\\\/resources\\\/being-of-service-resources\\\/principles-for-chat-groups\\\/\",\"url\":\"https:\\\/\\\/internetaddictsanonymous.org\\\/resources\\\/being-of-service-resources\\\/principles-for-chat-groups\\\/\",\"name\":\"Principles for ITAA chat groups &#8211; Internet and Technology Addicts Anonymous\",\"isPartOf\":{\"@id\":\"https:\\\/\\\/internetaddictsanonymous.org\\\/#website\"},\"datePublished\":\"2024-06-17T00:35:42+00:00\",\"dateModified\":\"2024-07-28T18:35:31+00:00\",\"breadcrumb\":{\"@id\":\"https:\\\/\\\/internetaddictsanonymous.org\\\/resources\\\/being-of-service-resources\\\/principles-for-chat-groups\\\/#breadcrumb\"},\"inLanguage\":\"haw-US\",\"potentialAction\":[{\"@type\":\"ReadAction\",\"target\":[\"https:\\\/\\\/internetaddictsanonymous.org\\\/resources\\\/being-of-service-resources\\\/principles-for-chat-groups\\\/\"]}]},{\"@type\":\"BreadcrumbList\",\"@id\":\"https:\\\/\\\/internetaddictsanonymous.org\\\/resources\\\/being-of-service-resources\\\/principles-for-chat-groups\\\/#breadcrumb\",\"itemListElement\":[{\"@type\":\"ListItem\",\"position\":1,\"name\":\"Home\",\"item\":\"https:\\\/\\\/internetaddictsanonymous.org\\\/\"},{\"@type\":\"ListItem\",\"position\":2,\"name\":\"Resources\",\"item\":\"https:\\\/\\\/internetaddictsanonymous.org\\\/resources\\\/\"},{\"@type\":\"ListItem\",\"position\":3,\"name\":\"Being of service\",\"item\":\"https:\\\/\\\/internetaddictsanonymous.org\\\/resources\\\/being-of-service-resources\\\/\"},{\"@type\":\"ListItem\",\"position\":4,\"name\":\"Principles for ITAA chat groups\"}]},{\"@type\":\"WebSite\",\"@id\":\"https:\\\/\\\/internetaddictsanonymous.org\\\/#website\",\"url\":\"https:\\\/\\\/internetaddictsanonymous.org\\\/\",\"name\":\"Internet and Technology Addicts Anonymous\",\"description\":\"Worldwide 12-step Fellowship for Internet and Technology Addiction\",\"publisher\":{\"@id\":\"https:\\\/\\\/internetaddictsanonymous.org\\\/#organization\"},\"potentialAction\":[{\"@type\":\"SearchAction\",\"target\":{\"@type\":\"EntryPoint\",\"urlTemplate\":\"https:\\\/\\\/internetaddictsanonymous.org\\\/?s={search_term_string}\"},\"query-input\":{\"@type\":\"PropertyValueSpecification\",\"valueRequired\":true,\"valueName\":\"search_term_string\"}}],\"inLanguage\":\"haw-US\"},{\"@type\":\"Organization\",\"@id\":\"https:\\\/\\\/internetaddictsanonymous.org\\\/#organization\",\"name\":\"Internet and Technology Addicts Anonymous\",\"url\":\"https:\\\/\\\/internetaddictsanonymous.org\\\/\",\"logo\":{\"@type\":\"ImageObject\",\"inLanguage\":\"haw-US\",\"@id\":\"https:\\\/\\\/internetaddictsanonymous.org\\\/#\\\/schema\\\/logo\\\/image\\\/\",\"url\":\"https:\\\/\\\/internetaddictsanonymous.org\\\/wp-content\\\/uploads\\\/2023\\\/01\\\/cropped-ITAA-logo-480px.png\",\"contentUrl\":\"https:\\\/\\\/internetaddictsanonymous.org\\\/wp-content\\\/uploads\\\/2023\\\/01\\\/cropped-ITAA-logo-480px.png\",\"width\":480,\"height\":480,\"caption\":\"Internet and Technology Addicts Anonymous\"},\"image\":{\"@id\":\"https:\\\/\\\/internetaddictsanonymous.org\\\/#\\\/schema\\\/logo\\\/image\\\/\"}}]}<\/script>\n<!-- \/ Yoast SEO plugin. -->","yoast_head_json":{"title":"N\u0101 Kumumana\u02bbo no n\u0101 hui kama\u02bbilio ITAA - Internet and Technology Addicts Anonymous","robots":{"index":"index","follow":"follow","max-snippet":"max-snippet:-1","max-image-preview":"max-image-preview:large","max-video-preview":"max-video-preview:-1"},"canonical":"https:\/\/internetaddictsanonymous.org\/haw\/na-kumuwaiwai\/ke-lilo-\u02bbana-i-mau-kumuwaiwai-lawelawe\/na-kumumana\u02bbo-no-na-hui-kama\u02bbilio\/","og_locale":"en_US","og_type":"article","og_title":"Principles for ITAA chat groups &#8211; Internet and Technology Addicts Anonymous","og_description":"As internet addicts, we need take special care how we use technology to support our recoveries and our meetings. For example, Zoom and our website have been essential tools to help our fellowship reach addicts who don\u2019t have access to in-person meetings. Meanwhile, other technologies\u2014streaming platforms, social media feeds, dating apps, video games\u2014clearly have no &hellip; Continue reading Principles for ITAA chat groups","og_url":"https:\/\/internetaddictsanonymous.org\/haw\/na-kumuwaiwai\/ke-lilo-\u02bbana-i-mau-kumuwaiwai-lawelawe\/na-kumumana\u02bbo-no-na-hui-kama\u02bbilio\/","og_site_name":"Internet and Technology Addicts Anonymous","article_modified_time":"2024-07-28T18:35:31+00:00","twitter_card":"summary_large_image","twitter_misc":{"Est. reading time":"6 minutes"},"schema":{"@context":"https:\/\/schema.org","@graph":[{"@type":"WebPage","@id":"https:\/\/internetaddictsanonymous.org\/resources\/being-of-service-resources\/principles-for-chat-groups\/","url":"https:\/\/internetaddictsanonymous.org\/resources\/being-of-service-resources\/principles-for-chat-groups\/","name":"N\u0101 Kumumana\u02bbo no n\u0101 hui kama\u02bbilio ITAA - Internet and Technology Addicts Anonymous","isPartOf":{"@id":"https:\/\/internetaddictsanonymous.org\/#website"},"datePublished":"2024-06-17T00:35:42+00:00","dateModified":"2024-07-28T18:35:31+00:00","breadcrumb":{"@id":"https:\/\/internetaddictsanonymous.org\/resources\/being-of-service-resources\/principles-for-chat-groups\/#breadcrumb"},"inLanguage":"haw-US","potentialAction":[{"@type":"ReadAction","target":["https:\/\/internetaddictsanonymous.org\/resources\/being-of-service-resources\/principles-for-chat-groups\/"]}]},{"@type":"BreadcrumbList","@id":"https:\/\/internetaddictsanonymous.org\/resources\/being-of-service-resources\/principles-for-chat-groups\/#breadcrumb","itemListElement":[{"@type":"ListItem","position":1,"name":"Home","item":"https:\/\/internetaddictsanonymous.org\/"},{"@type":"ListItem","position":2,"name":"Resources","item":"https:\/\/internetaddictsanonymous.org\/resources\/"},{"@type":"ListItem","position":3,"name":"Being of service","item":"https:\/\/internetaddictsanonymous.org\/resources\/being-of-service-resources\/"},{"@type":"ListItem","position":4,"name":"Principles for ITAA chat groups"}]},{"@type":"WebSite","@id":"https:\/\/internetaddictsanonymous.org\/#website","url":"https:\/\/internetaddictsanonymous.org\/","name":"N\u0101 mea ho\u02bbopilikia p\u016bnaewele a me ka \u02bbenehana Anonymous","description":"\u02bbO ka Fellowship honua 12-step no ka ho\u02bbohui \u02bbana i ka P\u016bnaewele a me ka \u02bbenehana","publisher":{"@id":"https:\/\/internetaddictsanonymous.org\/#organization"},"potentialAction":[{"@type":"SearchAction","target":{"@type":"EntryPoint","urlTemplate":"https:\/\/internetaddictsanonymous.org\/?s={search_term_string}"},"query-input":{"@type":"PropertyValueSpecification","valueRequired":true,"valueName":"search_term_string"}}],"inLanguage":"haw-US"},{"@type":"Organization","@id":"https:\/\/internetaddictsanonymous.org\/#organization","name":"N\u0101 mea ho\u02bbopilikia p\u016bnaewele a me ka \u02bbenehana Anonymous","url":"https:\/\/internetaddictsanonymous.org\/","logo":{"@type":"ImageObject","inLanguage":"haw-US","@id":"https:\/\/internetaddictsanonymous.org\/#\/schema\/logo\/image\/","url":"https:\/\/internetaddictsanonymous.org\/wp-content\/uploads\/2023\/01\/cropped-ITAA-logo-480px.png","contentUrl":"https:\/\/internetaddictsanonymous.org\/wp-content\/uploads\/2023\/01\/cropped-ITAA-logo-480px.png","width":480,"height":480,"caption":"Internet and Technology Addicts Anonymous"},"image":{"@id":"https:\/\/internetaddictsanonymous.org\/#\/schema\/logo\/image\/"}}]}},"jetpack_sharing_enabled":true,"jetpack_shortlink":"https:\/\/wp.me\/P9Fwob-4II","_links":{"self":[{"href":"https:\/\/internetaddictsanonymous.org\/haw\/wp-json\/wp\/v2\/pages\/18148","targetHints":{"allow":["GET"]}}],"collection":[{"href":"https:\/\/internetaddictsanonymous.org\/haw\/wp-json\/wp\/v2\/pages"}],"about":[{"href":"https:\/\/internetaddictsanonymous.org\/haw\/wp-json\/wp\/v2\/types\/page"}],"author":[{"embeddable":true,"href":"https:\/\/internetaddictsanonymous.org\/haw\/wp-json\/wp\/v2\/users\/35194237"}],"replies":[{"embeddable":true,"href":"https:\/\/internetaddictsanonymous.org\/haw\/wp-json\/wp\/v2\/comments?post=18148"}],"version-history":[{"count":3,"href":"https:\/\/internetaddictsanonymous.org\/haw\/wp-json\/wp\/v2\/pages\/18148\/revisions"}],"predecessor-version":[{"id":18354,"href":"https:\/\/internetaddictsanonymous.org\/haw\/wp-json\/wp\/v2\/pages\/18148\/revisions\/18354"}],"up":[{"embeddable":true,"href":"https:\/\/internetaddictsanonymous.org\/haw\/wp-json\/wp\/v2\/pages\/18080"}],"wp:attachment":[{"href":"https:\/\/internetaddictsanonymous.org\/haw\/wp-json\/wp\/v2\/media?parent=18148"}],"wp:term":[{"taxonomy":"post_tag","embeddable":true,"href":"https:\/\/internetaddictsanonymous.org\/haw\/wp-json\/wp\/v2\/tags?post=18148"}],"curies":[{"name":"wp","href":"https:\/\/api.w.org\/{rel}","templated":true}]}}