{"id":25,"date":"2018-02-17T01:54:04","date_gmt":"2018-02-17T01:54:04","guid":{"rendered":"https:\/\/internetandtechaa.wordpress.com\/?page_id=25"},"modified":"2024-05-23T23:38:38","modified_gmt":"2024-05-24T03:38:38","slug":"he-inoa-%ca%bbole-ko%ca%bbu-no-ka-po%ca%bbe-%ca%bbona-i-ka-punaewele-a-me-ka-%ca%bbenehana","status":"publish","type":"page","link":"https:\/\/internetaddictsanonymous.org\/haw\/he-inoa-%ca%bbole-ko%ca%bbu-no-ka-po%ca%bbe-%ca%bbona-i-ka-punaewele-a-me-ka-%ca%bbenehana\/","title":{"rendered":"Ho\u02bbomaka"},"content":{"rendered":"<p>Welina mai! In\u0101 he mea hou \u02bboe i\u0101 ITAA, paipai m\u0101kou i\u0101 \u02bboe e hele mai <a href=\"https:\/\/internetaddictsanonymous.org\/haw\/phone-online-meetings\/\">\u02bbeono h\u0101l\u0101wai<\/a> i loko o kahi manawa p\u014dkole e ho\u02bboholo ai in\u0101 he k\u014dkua paha k\u0101 m\u0101kou papahana i\u0101 \u02bboe. Ho\u02bbokumu \u02bbia k\u0101 m\u0101kou mau h\u0101l\u0101wai ma ka ho\u02bbolohe \u02bbana me ke aloha \u02bbole, a he mau manawa k\u016bpono n\u0101 h\u0101l\u0101wai no n\u0101 po\u02bbe hou e n\u012bnau i n\u0101 n\u012bnau.<\/p>\n<p>Hiki paha i\u0101 \u02bboe ke \u02bbike he mea k\u014dkua ke n\u0101n\u0101 hou i kekahi o n\u0101 \u02bbano ma\u02bbamau a me n\u0101 h\u014d\u02bbailona i \u02bbike \u02bbia e n\u0101 po\u02bbe \u02bb\u0113 a\u02bbe i ho\u02bbohana i ka p\u016bnaewele a me ka \u02bbenehana:<\/p>\n<p><a href=\"https:\/\/internetaddictsanonymous.org\/haw\/ka-ho%ca%bbopili-%ca%bbana-i-ka-punaewele-a-me-ka-%ca%bbenehana\/\">Ka Ho\u02bbopilikia \u02bbana i ka P\u016bnaewele a me ka \u02bbenehana<\/a><br \/>\n<a href=\"https:\/\/internetaddictsanonymous.org\/haw\/ka-ma%ca%bbi-papili-kaiapili\/\">\u02bbA\u02bbai P\u0101pili Kaiapili<\/a><br \/>\n<a href=\"https:\/\/internetaddictsanonymous.org\/haw\/ka-ma%ca%bbi-%ca%bbona-kelepona-akamai\/\">\u02bbAi \u02bbia e ke kelepona akamai<\/a><br \/>\n<a href=\"https:\/\/internetaddictsanonymous.org\/haw\/ka-ho%ca%bbopili-%ca%bbana-i-ke-kahe-%ca%bbana\/\">Ho\u02bbopilikia i ke kahe \u02bbana<\/a><br \/>\n<a href=\"https:\/\/internetaddictsanonymous.org\/haw\/ka-ho%ca%bbopili-%ca%bbana-i-ka-punaewele-a-me-ka-%ca%bbenehana\/ka-ma%ca%bbi-pa%ca%bbani-wikio\/\">\u02bbA\u02bbai P\u0101\u02bbani Wiki\u014d<\/a><\/p>\n<p><span style=\"font-weight: 400;\">E \u02bbolu\u02bbolu e ho\u02bboka\u02bba\u02bbike mai i\u0101 m\u0101kou ma o k\u0101 m\u0101kou <a href=\"https:\/\/internetaddictsanonymous.org\/haw\/ho%ca%bboka%ca%bba%ca%bbike\/\">palapala ho\u02bbopili<\/a> e n\u012bnau i kekahi mau n\u012bnau, a i \u02bbole e ho\u02bbonohonoho i kahi kelepona me kekahi l\u0101l\u0101 e ho\u02bb\u014dla hou ana. Ke kakali nei m\u0101kou i ka lohe \u02bbana mai i\u0101 \u02bboe!<\/span><\/p>\n<!-- PMB print buttons is only displayed on a single post\/page URLs-->","protected":false},"excerpt":{"rendered":"<p>Welina mai! In\u0101 he mea hou \u02bboe i\u0101 ITAA, paipai m\u0101kou i\u0101 \u02bboe e hele i \u02bbeono mau h\u0101l\u0101wai i loko o kahi manawa p\u014dkole e ho\u02bboholo ai in\u0101 he mea k\u014dkua paha k\u0101 m\u0101kou papahana i\u0101 \u02bboe. Ho\u02bbokumu \u02bbia k\u0101 m\u0101kou mau h\u0101l\u0101wai ma ka ho\u02bbolohe \u02bbana me ke aloha \u02bbole, a he mau manawa k\u016bpono n\u0101 h\u0101l\u0101wai no n\u0101 mea hou e n\u012bnau ai. Hiki paha i\u0101 \u02bboe ke \u02bbike he mea k\u014dkua ke n\u0101n\u0101 hou i kekahi \u2026 <a href=\"https:\/\/internetaddictsanonymous.org\/haw\/he-inoa-%ca%bbole-ko%ca%bbu-no-ka-po%ca%bbe-%ca%bbona-i-ka-punaewele-a-me-ka-%ca%bbenehana\/\" class=\"more-link\">E ho\u02bbomau i ka heluhelu \u02bbana <span class=\"screen-reader-text\">Ho\u02bbomaka<\/span><\/a><\/p>","protected":false},"author":35194237,"featured_media":0,"parent":0,"menu_order":0,"comment_status":"closed","ping_status":"closed","template":"full-width-page.php","meta":{"inline_featured_image":false,"_lmt_disableupdate":"no","_lmt_disable":"","jetpack_post_was_ever_published":false,"footnotes":""},"tags":[],"class_list":["post-25","page","type-page","status-publish","hentry"],"yoast_head":"<!-- This site is optimized with the Yoast SEO plugin v27.0 - https:\/\/yoast.com\/product\/yoast-seo-wordpress\/ -->\n<title>Getting Started &#8211; Internet and Technology Addicts Anonymous<\/title>\n<meta name=\"robots\" content=\"index, follow, max-snippet:-1, max-image-preview:large, max-video-preview:-1\" \/>\n<link rel=\"canonical\" href=\"https:\/\/internetaddictsanonymous.org\/haw\/he-inoa-\u02bbole-ko\u02bbu-no-ka-po\u02bbe-\u02bbona-i-ka-punaewele-a-me-ka-\u02bbenehana\/\" \/>\n<meta property=\"og:locale\" content=\"en_US\" \/>\n<meta property=\"og:type\" content=\"article\" \/>\n<meta property=\"og:title\" content=\"Getting Started &#8211; Internet and Technology Addicts Anonymous\" \/>\n<meta property=\"og:description\" content=\"Welcome! If you&#8217;re new to ITAA, we encourage you to attend six meetings within a short period of time to determine whether our program may be helpful for you. Our meetings are based on non-judgmental, compassionate listening, and meetings have opportunities for newcomers to ask questions. You may also find it helpful to review some &hellip; Continue reading Getting Started\" \/>\n<meta property=\"og:url\" content=\"https:\/\/internetaddictsanonymous.org\/haw\/he-inoa-\u02bbole-ko\u02bbu-no-ka-po\u02bbe-\u02bbona-i-ka-punaewele-a-me-ka-\u02bbenehana\/\" \/>\n<meta property=\"og:site_name\" content=\"Internet and Technology Addicts Anonymous\" \/>\n<meta property=\"article:modified_time\" content=\"2024-05-24T03:38:38+00:00\" \/>\n<meta name=\"twitter:card\" content=\"summary_large_image\" \/>\n<meta name=\"twitter:label1\" content=\"Est. reading time\" \/>\n\t<meta name=\"twitter:data1\" content=\"1 minute\" \/>\n<script type=\"application\/ld+json\" class=\"yoast-schema-graph\">{\"@context\":\"https:\/\/schema.org\",\"@graph\":[{\"@type\":\"WebPage\",\"@id\":\"https:\/\/internetaddictsanonymous.org\/is-internet-and-technology-addicts-anonymous-for-me\/\",\"url\":\"https:\/\/internetaddictsanonymous.org\/is-internet-and-technology-addicts-anonymous-for-me\/\",\"name\":\"Getting Started &#8211; Internet and Technology Addicts Anonymous\",\"isPartOf\":{\"@id\":\"https:\/\/internetaddictsanonymous.org\/#website\"},\"datePublished\":\"2018-02-17T01:54:04+00:00\",\"dateModified\":\"2024-05-24T03:38:38+00:00\",\"breadcrumb\":{\"@id\":\"https:\/\/internetaddictsanonymous.org\/is-internet-and-technology-addicts-anonymous-for-me\/#breadcrumb\"},\"inLanguage\":\"haw-US\",\"potentialAction\":[{\"@type\":\"ReadAction\",\"target\":[\"https:\/\/internetaddictsanonymous.org\/is-internet-and-technology-addicts-anonymous-for-me\/\"]}]},{\"@type\":\"BreadcrumbList\",\"@id\":\"https:\/\/internetaddictsanonymous.org\/is-internet-and-technology-addicts-anonymous-for-me\/#breadcrumb\",\"itemListElement\":[{\"@type\":\"ListItem\",\"position\":1,\"name\":\"Home\",\"item\":\"https:\/\/internetaddictsanonymous.org\/\"},{\"@type\":\"ListItem\",\"position\":2,\"name\":\"Getting Started\"}]},{\"@type\":\"WebSite\",\"@id\":\"https:\/\/internetaddictsanonymous.org\/#website\",\"url\":\"https:\/\/internetaddictsanonymous.org\/\",\"name\":\"Internet and Technology Addicts Anonymous\",\"description\":\"Worldwide 12-step Fellowship for Internet and Technology Addiction\",\"publisher\":{\"@id\":\"https:\/\/internetaddictsanonymous.org\/#organization\"},\"potentialAction\":[{\"@type\":\"SearchAction\",\"target\":{\"@type\":\"EntryPoint\",\"urlTemplate\":\"https:\/\/internetaddictsanonymous.org\/?s={search_term_string}\"},\"query-input\":{\"@type\":\"PropertyValueSpecification\",\"valueRequired\":true,\"valueName\":\"search_term_string\"}}],\"inLanguage\":\"haw-US\"},{\"@type\":\"Organization\",\"@id\":\"https:\/\/internetaddictsanonymous.org\/#organization\",\"name\":\"Internet and Technology Addicts Anonymous\",\"url\":\"https:\/\/internetaddictsanonymous.org\/\",\"logo\":{\"@type\":\"ImageObject\",\"inLanguage\":\"haw-US\",\"@id\":\"https:\/\/internetaddictsanonymous.org\/#\/schema\/logo\/image\/\",\"url\":\"https:\/\/internetaddictsanonymous.org\/wp-content\/uploads\/2023\/01\/cropped-ITAA-logo-480px.png\",\"contentUrl\":\"https:\/\/internetaddictsanonymous.org\/wp-content\/uploads\/2023\/01\/cropped-ITAA-logo-480px.png\",\"width\":480,\"height\":480,\"caption\":\"Internet and Technology Addicts Anonymous\"},\"image\":{\"@id\":\"https:\/\/internetaddictsanonymous.org\/#\/schema\/logo\/image\/\"}}]}<\/script>\n<!-- \/ Yoast SEO plugin. -->","yoast_head_json":{"title":"Ho\u02bbomaka - P\u016bnaewele a me n\u0101 \u02bbenehana Addicts Anonymous","robots":{"index":"index","follow":"follow","max-snippet":"max-snippet:-1","max-image-preview":"max-image-preview:large","max-video-preview":"max-video-preview:-1"},"canonical":"https:\/\/internetaddictsanonymous.org\/haw\/he-inoa-\u02bbole-ko\u02bbu-no-ka-po\u02bbe-\u02bbona-i-ka-punaewele-a-me-ka-\u02bbenehana\/","og_locale":"en_US","og_type":"article","og_title":"Getting Started &#8211; Internet and Technology Addicts Anonymous","og_description":"Welcome! If you&#8217;re new to ITAA, we encourage you to attend six meetings within a short period of time to determine whether our program may be helpful for you. Our meetings are based on non-judgmental, compassionate listening, and meetings have opportunities for newcomers to ask questions. You may also find it helpful to review some &hellip; Continue reading Getting Started","og_url":"https:\/\/internetaddictsanonymous.org\/haw\/he-inoa-\u02bbole-ko\u02bbu-no-ka-po\u02bbe-\u02bbona-i-ka-punaewele-a-me-ka-\u02bbenehana\/","og_site_name":"Internet and Technology Addicts Anonymous","article_modified_time":"2024-05-24T03:38:38+00:00","twitter_card":"summary_large_image","twitter_misc":{"Est. reading time":"1 minute"},"schema":{"@context":"https:\/\/schema.org","@graph":[{"@type":"WebPage","@id":"https:\/\/internetaddictsanonymous.org\/is-internet-and-technology-addicts-anonymous-for-me\/","url":"https:\/\/internetaddictsanonymous.org\/is-internet-and-technology-addicts-anonymous-for-me\/","name":"Ho\u02bbomaka - P\u016bnaewele a me n\u0101 \u02bbenehana Addicts Anonymous","isPartOf":{"@id":"https:\/\/internetaddictsanonymous.org\/#website"},"datePublished":"2018-02-17T01:54:04+00:00","dateModified":"2024-05-24T03:38:38+00:00","breadcrumb":{"@id":"https:\/\/internetaddictsanonymous.org\/is-internet-and-technology-addicts-anonymous-for-me\/#breadcrumb"},"inLanguage":"haw-US","potentialAction":[{"@type":"ReadAction","target":["https:\/\/internetaddictsanonymous.org\/is-internet-and-technology-addicts-anonymous-for-me\/"]}]},{"@type":"BreadcrumbList","@id":"https:\/\/internetaddictsanonymous.org\/is-internet-and-technology-addicts-anonymous-for-me\/#breadcrumb","itemListElement":[{"@type":"ListItem","position":1,"name":"Home","item":"https:\/\/internetaddictsanonymous.org\/"},{"@type":"ListItem","position":2,"name":"Getting Started"}]},{"@type":"WebSite","@id":"https:\/\/internetaddictsanonymous.org\/#website","url":"https:\/\/internetaddictsanonymous.org\/","name":"N\u0101 mea ho\u02bbopilikia p\u016bnaewele a me ka \u02bbenehana Anonymous","description":"\u02bbO ka Fellowship honua 12-step no ka ho\u02bbohui \u02bbana i ka P\u016bnaewele a me ka \u02bbenehana","publisher":{"@id":"https:\/\/internetaddictsanonymous.org\/#organization"},"potentialAction":[{"@type":"SearchAction","target":{"@type":"EntryPoint","urlTemplate":"https:\/\/internetaddictsanonymous.org\/?s={search_term_string}"},"query-input":{"@type":"PropertyValueSpecification","valueRequired":true,"valueName":"search_term_string"}}],"inLanguage":"haw-US"},{"@type":"Organization","@id":"https:\/\/internetaddictsanonymous.org\/#organization","name":"N\u0101 mea ho\u02bbopilikia p\u016bnaewele a me ka \u02bbenehana Anonymous","url":"https:\/\/internetaddictsanonymous.org\/","logo":{"@type":"ImageObject","inLanguage":"haw-US","@id":"https:\/\/internetaddictsanonymous.org\/#\/schema\/logo\/image\/","url":"https:\/\/internetaddictsanonymous.org\/wp-content\/uploads\/2023\/01\/cropped-ITAA-logo-480px.png","contentUrl":"https:\/\/internetaddictsanonymous.org\/wp-content\/uploads\/2023\/01\/cropped-ITAA-logo-480px.png","width":480,"height":480,"caption":"Internet and Technology Addicts Anonymous"},"image":{"@id":"https:\/\/internetaddictsanonymous.org\/#\/schema\/logo\/image\/"}}]}},"jetpack_sharing_enabled":false,"jetpack_shortlink":"https:\/\/wp.me\/P9Fwob-p","_links":{"self":[{"href":"https:\/\/internetaddictsanonymous.org\/haw\/wp-json\/wp\/v2\/pages\/25","targetHints":{"allow":["GET"]}}],"collection":[{"href":"https:\/\/internetaddictsanonymous.org\/haw\/wp-json\/wp\/v2\/pages"}],"about":[{"href":"https:\/\/internetaddictsanonymous.org\/haw\/wp-json\/wp\/v2\/types\/page"}],"author":[{"embeddable":true,"href":"https:\/\/internetaddictsanonymous.org\/haw\/wp-json\/wp\/v2\/users\/35194237"}],"replies":[{"embeddable":true,"href":"https:\/\/internetaddictsanonymous.org\/haw\/wp-json\/wp\/v2\/comments?post=25"}],"version-history":[{"count":24,"href":"https:\/\/internetaddictsanonymous.org\/haw\/wp-json\/wp\/v2\/pages\/25\/revisions"}],"predecessor-version":[{"id":18045,"href":"https:\/\/internetaddictsanonymous.org\/haw\/wp-json\/wp\/v2\/pages\/25\/revisions\/18045"}],"wp:attachment":[{"href":"https:\/\/internetaddictsanonymous.org\/haw\/wp-json\/wp\/v2\/media?parent=25"}],"wp:term":[{"taxonomy":"post_tag","embeddable":true,"href":"https:\/\/internetaddictsanonymous.org\/haw\/wp-json\/wp\/v2\/tags?post=25"}],"curies":[{"name":"wp","href":"https:\/\/api.w.org\/{rel}","templated":true}]}}